{"id":6366,"date":"2024-10-09T14:14:01","date_gmt":"2024-10-09T12:14:01","guid":{"rendered":"https:\/\/thevintagetraveler.com\/?post_type=product&#038;p=6366"},"modified":"2026-02-02T14:37:08","modified_gmt":"2026-02-02T13:37:08","slug":"hermes-evelyne-gm-toile-cuir-courchevel-gold-1998","status":"publish","type":"product","link":"https:\/\/thevintagetraveler.com\/en\/produit\/hermes-evelyne-gm-toile-cuir-courchevel-gold-1998\/","title":{"rendered":"Sac Herm\u00e8s Evelyne GM toile et cuir"},"content":{"rendered":"<h3 data-start=\"1075\" data-end=\"1139\">Sac Herm\u00e8s Evelyne GM \u2013 Toile &amp; Cuir Courchevel Gold, 1998<\/h3>\n<p data-start=\"1141\" data-end=\"1486\">Ce <strong data-start=\"1144\" data-end=\"1169\">sac Herm\u00e8s Evelyne GM<\/strong>, dat\u00e9 de <strong data-start=\"1179\" data-end=\"1187\">1998<\/strong>, associe la <strong data-start=\"1200\" data-end=\"1216\">toile Herm\u00e8s<\/strong> \u00e0 un <strong data-start=\"1222\" data-end=\"1246\">cuir Courchevel Gold<\/strong> d\u2019une \u00e9l\u00e9gance intemporelle. En <strong data-start=\"1279\" data-end=\"1296\">tr\u00e8s bon \u00e9tat<\/strong>, il incarne le <strong data-start=\"1312\" data-end=\"1347\">luxe d\u00e9contract\u00e9 et fonctionnel<\/strong> propre \u00e0 la maison <a href=\"https:\/\/thevintagetraveler.com\/vendre-sac-hermes\/\">Herm\u00e8s<\/a>. Un mod\u00e8le spacieux, pratique et chic, parfait pour un usage quotidien tout en conservant une allure raffin\u00e9e.<\/p>\n<hr data-start=\"1488\" data-end=\"1491\" \/>\n<h3 data-start=\"1493\" data-end=\"1542\">Le sac Evelyne : chic, pratique et iconique<\/h3>\n<ul data-start=\"1544\" data-end=\"1966\">\n<li data-start=\"1544\" data-end=\"1700\">\n<p data-start=\"1546\" data-end=\"1700\">Cr\u00e9\u00e9 dans les <strong data-start=\"1560\" data-end=\"1575\">ann\u00e9es 1970<\/strong>, le sac <strong data-start=\"1584\" data-end=\"1595\">Evelyne<\/strong> tire son nom du maroquinier Herm\u00e8s qui l\u2019a imagin\u00e9 pour transporter les outils d\u2019entretien des selles.<\/p>\n<\/li>\n<li data-start=\"1701\" data-end=\"1788\">\n<p data-start=\"1703\" data-end=\"1788\">Sa <strong data-start=\"1706\" data-end=\"1735\">perforation en forme de H<\/strong> embl\u00e9matique le rend imm\u00e9diatement reconnaissable.<\/p>\n<\/li>\n<li data-start=\"1789\" data-end=\"1883\">\n<p data-start=\"1791\" data-end=\"1883\">Le <strong data-start=\"1794\" data-end=\"1807\">format GM<\/strong> est le plus spacieux, id\u00e9al pour le quotidien, les voyages ou le travail.<\/p>\n<\/li>\n<li data-start=\"1884\" data-end=\"1966\">\n<p data-start=\"1886\" data-end=\"1966\">Un mod\u00e8le devenu culte, \u00e0 la fois <strong data-start=\"1920\" data-end=\"1963\">pratique, intemporel et collectionnable<\/strong>.<\/p>\n<\/li>\n<\/ul>\n<hr data-start=\"1968\" data-end=\"1971\" \/>\n<h3 data-start=\"1973\" data-end=\"2027\">Toile &amp; cuir Courchevel : \u00e9l\u00e9gance et r\u00e9sistance<\/h3>\n<ul data-start=\"2029\" data-end=\"2396\">\n<li data-start=\"2029\" data-end=\"2108\">\n<p data-start=\"2031\" data-end=\"2108\"><strong data-start=\"2031\" data-end=\"2047\">Toile Herm\u00e8s<\/strong> : solide, l\u00e9g\u00e8re et souple, id\u00e9ale pour un usage fr\u00e9quent.<\/p>\n<\/li>\n<li data-start=\"2109\" data-end=\"2222\">\n<p data-start=\"2111\" data-end=\"2222\"><strong data-start=\"2111\" data-end=\"2135\">Cuir Courchevel Gold<\/strong> : cuir grain\u00e9 rigide et brillant, appr\u00e9ci\u00e9 pour sa r\u00e9sistance et son aspect luxueux.<\/p>\n<\/li>\n<li data-start=\"2223\" data-end=\"2300\">\n<p data-start=\"2225\" data-end=\"2300\"><strong data-start=\"2225\" data-end=\"2241\">Coloris Gold<\/strong> : teinte embl\u00e9matique Herm\u00e8s, un brun chaud et lumineux.<\/p>\n<\/li>\n<li data-start=\"2301\" data-end=\"2396\">\n<p data-start=\"2303\" data-end=\"2396\">Combinaison de <strong data-start=\"2318\" data-end=\"2335\">toile et cuir<\/strong> offrant un contraste raffin\u00e9 entre souplesse et structure.<\/p>\n<\/li>\n<\/ul>\n<hr data-start=\"2398\" data-end=\"2401\" \/>\n<h3 data-start=\"2403\" data-end=\"2436\">Caract\u00e9ristiques du produit<\/h3>\n<ul data-start=\"2438\" data-end=\"2930\">\n<li data-start=\"2438\" data-end=\"2461\">\n<p data-start=\"2440\" data-end=\"2461\"><strong data-start=\"2440\" data-end=\"2452\">Marque :<\/strong> Herm\u00e8s<\/p>\n<\/li>\n<li data-start=\"2462\" data-end=\"2489\">\n<p data-start=\"2464\" data-end=\"2489\"><strong data-start=\"2464\" data-end=\"2476\">Mod\u00e8le :<\/strong> Evelyne GM<\/p>\n<\/li>\n<li data-start=\"2490\" data-end=\"2531\">\n<p data-start=\"2492\" data-end=\"2531\"><strong data-start=\"2492\" data-end=\"2503\">Ann\u00e9e :<\/strong> 1998 (datation confirm\u00e9e)<\/p>\n<\/li>\n<li data-start=\"2532\" data-end=\"2574\">\n<p data-start=\"2534\" data-end=\"2574\"><strong data-start=\"2534\" data-end=\"2547\">Mati\u00e8re :<\/strong> Toile et cuir Courchevel<\/p>\n<\/li>\n<li data-start=\"2575\" data-end=\"2626\">\n<p data-start=\"2577\" data-end=\"2626\"><strong data-start=\"2577\" data-end=\"2590\">Couleur :<\/strong> Gold (brun chaud iconique Herm\u00e8s)<\/p>\n<\/li>\n<li data-start=\"2627\" data-end=\"2667\">\n<p data-start=\"2629\" data-end=\"2667\"><strong data-start=\"2629\" data-end=\"2644\">Finitions :<\/strong> Dor\u00e9es (\u00e0 confirmer)<\/p>\n<\/li>\n<li data-start=\"2668\" data-end=\"2727\">\n<p data-start=\"2670\" data-end=\"2727\"><strong data-start=\"2670\" data-end=\"2685\">Fermeture :<\/strong> Rabat pression et bandouli\u00e8re ajustable<\/p>\n<\/li>\n<li data-start=\"2728\" data-end=\"2763\">\n<p data-start=\"2730\" data-end=\"2763\"><strong data-start=\"2730\" data-end=\"2741\">Port\u00e9 :<\/strong> \u00c9paule ou crossbody<\/p>\n<\/li>\n<li data-start=\"2764\" data-end=\"2851\">\n<p data-start=\"2766\" data-end=\"2851\"><strong data-start=\"2766\" data-end=\"2776\">\u00c9tat :<\/strong> Tr\u00e8s bon \u00e9tat \u2013 toile propre, cuir patin\u00e9 uniform\u00e9ment, structure solide<\/p>\n<\/li>\n<li data-start=\"2852\" data-end=\"2930\">\n<p data-start=\"2854\" data-end=\"2930\"><strong data-start=\"2854\" data-end=\"2876\">Authentification :<\/strong> Certifi\u00e9 \u2013 livr\u00e9 avec certificat TheVintageTraveler<\/p>\n<\/li>\n<\/ul>\n<hr data-start=\"2932\" data-end=\"2935\" \/>\n<h3 data-start=\"2937\" data-end=\"2985\">Pourquoi ce sac Evelyne GM est recherch\u00e9 ?<\/h3>\n<ul data-start=\"2987\" data-end=\"3297\">\n<li data-start=\"2987\" data-end=\"3030\">\n<p data-start=\"2989\" data-end=\"3030\"><strong data-start=\"2989\" data-end=\"3002\">Format GM<\/strong>, spacieux et fonctionnel.<\/p>\n<\/li>\n<li data-start=\"3031\" data-end=\"3103\">\n<p data-start=\"3033\" data-end=\"3103\"><strong data-start=\"3033\" data-end=\"3057\">Cuir Courchevel Gold<\/strong>, rare et embl\u00e9matique de l\u2019\u00e9l\u00e9gance Herm\u00e8s.<\/p>\n<\/li>\n<li data-start=\"3104\" data-end=\"3175\">\n<p data-start=\"3106\" data-end=\"3175\"><strong data-start=\"3106\" data-end=\"3134\">Association toile + cuir<\/strong>, combinaison historique et recherch\u00e9e.<\/p>\n<\/li>\n<li data-start=\"3176\" data-end=\"3228\">\n<p data-start=\"3178\" data-end=\"3228\"><strong data-start=\"3178\" data-end=\"3196\">Mill\u00e9sime 1998<\/strong>, d\u00e9j\u00e0 vintage et patrimonial.<\/p>\n<\/li>\n<li data-start=\"3229\" data-end=\"3297\">\n<p data-start=\"3231\" data-end=\"3297\"><strong data-start=\"3231\" data-end=\"3248\">Tr\u00e8s bon \u00e9tat<\/strong>, crit\u00e8re essentiel pour collection et revente.<\/p>\n<\/li>\n<\/ul>\n<hr data-start=\"3299\" data-end=\"3302\" \/>\n<h3 data-start=\"3304\" data-end=\"3343\">Un investissement chic et durable<\/h3>\n<ul data-start=\"3345\" data-end=\"3660\">\n<li data-start=\"3345\" data-end=\"3421\">\n<p data-start=\"3347\" data-end=\"3421\">Le sac <strong data-start=\"3354\" data-end=\"3372\">Evelyne Herm\u00e8s<\/strong> reste un <strong data-start=\"3382\" data-end=\"3418\">incontournable du march\u00e9 vintage<\/strong>.<\/p>\n<\/li>\n<li data-start=\"3422\" data-end=\"3492\">\n<p data-start=\"3424\" data-end=\"3492\">Son format et sa praticit\u00e9 en font un <strong data-start=\"3462\" data-end=\"3489\">mod\u00e8le toujours demand\u00e9<\/strong>.<\/p>\n<\/li>\n<li data-start=\"3493\" data-end=\"3567\">\n<p data-start=\"3495\" data-end=\"3567\">La <strong data-start=\"3498\" data-end=\"3526\">qualit\u00e9 des cuirs Herm\u00e8s<\/strong> assure long\u00e9vit\u00e9 et valeur croissante.<\/p>\n<\/li>\n<li data-start=\"3568\" data-end=\"3660\">\n<p data-start=\"3570\" data-end=\"3660\">Parfait pour <strong data-start=\"3583\" data-end=\"3618\">investir dans une pi\u00e8ce vintage<\/strong> tout en profitant d\u2019un usage quotidien.<\/p>\n<\/li>\n<\/ul>\n<hr data-start=\"3662\" data-end=\"3665\" \/>\n<h3 data-start=\"3667\" data-end=\"3715\">Pourquoi acheter chez TheVintageTraveler ?<\/h3>\n<p data-start=\"3717\" data-end=\"3771\">Chez <strong data-start=\"3722\" data-end=\"3744\">TheVintageTraveler<\/strong>, chaque sac Herm\u00e8s est :<\/p>\n<ul data-start=\"3773\" data-end=\"4067\">\n<li data-start=\"3773\" data-end=\"3834\">\n<p data-start=\"3775\" data-end=\"3834\"><strong data-start=\"3775\" data-end=\"3803\">Authentifi\u00e9 avec rigueur<\/strong>, datation et \u00e9tat confirm\u00e9s.<\/p>\n<\/li>\n<li data-start=\"3835\" data-end=\"3912\">\n<p data-start=\"3837\" data-end=\"3912\">S\u00e9lectionn\u00e9 pour sa <strong data-start=\"3857\" data-end=\"3909\">valeur patrimoniale et son \u00e9l\u00e9gance intemporelle<\/strong>.<\/p>\n<\/li>\n<li data-start=\"3913\" data-end=\"3958\">\n<p data-start=\"3915\" data-end=\"3958\">Livr\u00e9 avec <strong data-start=\"3926\" data-end=\"3955\">certificat d\u2019authenticit\u00e9<\/strong>.<\/p>\n<\/li>\n<li data-start=\"3959\" data-end=\"4067\">\n<p data-start=\"3961\" data-end=\"4067\">Disponible en <strong data-start=\"3975\" data-end=\"4018\">showroom (March\u00e9 Serpette \u2013 Saint-Ouen)<\/strong> ou via <strong data-start=\"4026\" data-end=\"4064\">livraison internationale s\u00e9curis\u00e9e<\/strong>.<\/p>\n<\/li>\n<\/ul>\n<hr data-start=\"4069\" data-end=\"4072\" \/>\n<h3 data-start=\"4074\" data-end=\"4090\">Conclusion<\/h3>\n<p data-start=\"4092\" data-end=\"4374\">Ce <strong data-start=\"4095\" data-end=\"4153\">sac Herm\u00e8s Evelyne GM en toile et cuir Courchevel Gold<\/strong>, dat\u00e9 de <strong data-start=\"4163\" data-end=\"4171\">1998<\/strong>, est une <strong data-start=\"4181\" data-end=\"4211\">pi\u00e8ce rare et intemporelle<\/strong>. Alliant <strong data-start=\"4221\" data-end=\"4258\">\u00e9l\u00e9gance, praticit\u00e9 et robustesse<\/strong>, il repr\u00e9sente un <strong data-start=\"4277\" data-end=\"4312\">excellent investissement Herm\u00e8s<\/strong> et une <strong data-start=\"4320\" data-end=\"4349\">ic\u00f4ne du luxe d\u00e9contract\u00e9<\/strong> \u00e0 poss\u00e9der absolument.<\/p>\n<p>Suivez &#8211; nous sur <a href=\"https:\/\/www.facebook.com\/TheVintageTravelerFR\">Facebook<\/a> et <a href=\"https:\/\/www.instagram.com\/the_vintagetraveler\/?igsh=aXdsbDJkdnpwZjcx#\">Instagram<\/a><\/p>\n","protected":false},"excerpt":{"rendered":"<p>Herm\u00e8s Evelyne GM en toile et cuir Courchevel Gold, 1998. Tr\u00e8s bon \u00e9tat. Sac chic et d\u00e9contract\u00e9, rare et certifi\u00e9, parfait pour le quotidien.<\/p>\n","protected":false},"featured_media":6370,"template":"","meta":[],"product_brand":[],"product_cat":[115,140,152,112],"product_tag":[136,172],"class_list":{"0":"post-6366","1":"product","2":"type-product","3":"status-publish","4":"has-post-thumbnail","6":"product_cat-hermes","7":"product_cat-nouveautes","8":"product_cat-sac-a-main","9":"product_cat-sacs","10":"product_tag-hermes","11":"product_tag-hermesevelyne","13":"first","14":"outofstock","15":"sold-individually","16":"shipping-taxable","17":"purchasable","18":"product-type-simple"},"yoast_head":"<!-- This site is optimized with the Yoast SEO plugin v27.1.1 - https:\/\/yoast.com\/product\/yoast-seo-wordpress\/ -->\n<title>Herm\u00e8s Evelyne GM Toile &amp; Cuir Courchevel Gold 1998 | TheVintageTraveler<\/title>\n<meta name=\"description\" content=\"Sac Herm\u00e8s Evelyne GM en toile et cuir Courchevel Gold, 1998. Tr\u00e8s bon \u00e9tat. Pi\u00e8ce chic et d\u00e9contract\u00e9e Herm\u00e8s, certifi\u00e9e et rare.\" \/>\n<meta name=\"robots\" content=\"index, follow, max-snippet:-1, max-image-preview:large, max-video-preview:-1\" \/>\n<link rel=\"canonical\" href=\"https:\/\/thevintagetraveler.com\/en\/produit\/hermes-evelyne-gm-toile-cuir-courchevel-gold-1998\/\" \/>\n<meta property=\"og:locale\" content=\"en_US\" \/>\n<meta property=\"og:type\" content=\"article\" \/>\n<meta property=\"og:title\" content=\"Herm\u00e8s Evelyne GM Toile &amp; Cuir Courchevel Gold 1998 | TheVintageTraveler\" \/>\n<meta property=\"og:description\" content=\"Sac Herm\u00e8s Evelyne GM en toile et cuir Courchevel Gold, 1998. Tr\u00e8s bon \u00e9tat. Pi\u00e8ce chic et d\u00e9contract\u00e9e Herm\u00e8s, certifi\u00e9e et rare.\" \/>\n<meta property=\"og:url\" content=\"https:\/\/thevintagetraveler.com\/en\/produit\/hermes-evelyne-gm-toile-cuir-courchevel-gold-1998\/\" \/>\n<meta property=\"og:site_name\" content=\"TheVintageTraveler\" \/>\n<meta property=\"article:publisher\" content=\"https:\/\/www.facebook.com\/TheVintageTravelerFR\/\" \/>\n<meta property=\"article:modified_time\" content=\"2026-02-02T13:37:08+00:00\" \/>\n<meta property=\"og:image\" content=\"https:\/\/thevintagetraveler.com\/wp-content\/uploads\/2025\/10\/image00027-2.jpeg\" \/>\n\t<meta property=\"og:image:width\" content=\"1800\" \/>\n\t<meta property=\"og:image:height\" content=\"2400\" \/>\n\t<meta property=\"og:image:type\" content=\"image\/jpeg\" \/>\n<meta name=\"twitter:card\" content=\"summary_large_image\" \/>\n<meta name=\"twitter:label1\" content=\"Est. reading time\" \/>\n\t<meta name=\"twitter:data1\" content=\"3 minutes\" \/>\n<script type=\"application\/ld+json\" class=\"yoast-schema-graph\">{\"@context\":\"https:\/\/schema.org\",\"@graph\":[{\"@type\":\"WebPage\",\"@id\":\"https:\/\/thevintagetraveler.com\/en\/produit\/hermes-evelyne-gm-toile-cuir-courchevel-gold-1998\/\",\"url\":\"https:\/\/thevintagetraveler.com\/en\/produit\/hermes-evelyne-gm-toile-cuir-courchevel-gold-1998\/\",\"name\":\"Herm\u00e8s Evelyne GM Toile & Cuir Courchevel Gold 1998 | TheVintageTraveler\",\"isPartOf\":{\"@id\":\"https:\/\/thevintagetraveler.com\/en\/#website\"},\"primaryImageOfPage\":{\"@id\":\"https:\/\/thevintagetraveler.com\/en\/produit\/hermes-evelyne-gm-toile-cuir-courchevel-gold-1998\/#primaryimage\"},\"image\":{\"@id\":\"https:\/\/thevintagetraveler.com\/en\/produit\/hermes-evelyne-gm-toile-cuir-courchevel-gold-1998\/#primaryimage\"},\"thumbnailUrl\":\"https:\/\/thevintagetraveler.com\/wp-content\/uploads\/2025\/10\/image00027-2.jpeg\",\"datePublished\":\"2024-10-09T12:14:01+00:00\",\"dateModified\":\"2026-02-02T13:37:08+00:00\",\"description\":\"Sac Herm\u00e8s Evelyne GM en toile et cuir Courchevel Gold, 1998. Tr\u00e8s bon \u00e9tat. Pi\u00e8ce chic et d\u00e9contract\u00e9e Herm\u00e8s, certifi\u00e9e et rare.\",\"breadcrumb\":{\"@id\":\"https:\/\/thevintagetraveler.com\/en\/produit\/hermes-evelyne-gm-toile-cuir-courchevel-gold-1998\/#breadcrumb\"},\"inLanguage\":\"en-US\",\"potentialAction\":[{\"@type\":\"ReadAction\",\"target\":[\"https:\/\/thevintagetraveler.com\/en\/produit\/hermes-evelyne-gm-toile-cuir-courchevel-gold-1998\/\"]}]},{\"@type\":\"ImageObject\",\"inLanguage\":\"en-US\",\"@id\":\"https:\/\/thevintagetraveler.com\/en\/produit\/hermes-evelyne-gm-toile-cuir-courchevel-gold-1998\/#primaryimage\",\"url\":\"https:\/\/thevintagetraveler.com\/wp-content\/uploads\/2025\/10\/image00027-2.jpeg\",\"contentUrl\":\"https:\/\/thevintagetraveler.com\/wp-content\/uploads\/2025\/10\/image00027-2.jpeg\",\"width\":1800,\"height\":2400,\"caption\":\"sac Herm\u00e8s Evelyne GM toile cuir Courchevel Gold 1998\"},{\"@type\":\"BreadcrumbList\",\"@id\":\"https:\/\/thevintagetraveler.com\/en\/produit\/hermes-evelyne-gm-toile-cuir-courchevel-gold-1998\/#breadcrumb\",\"itemListElement\":[{\"@type\":\"ListItem\",\"position\":1,\"name\":\"Accueil\",\"item\":\"https:\/\/thevintagetraveler.com\/en\/\"},{\"@type\":\"ListItem\",\"position\":2,\"name\":\"Shop\",\"item\":\"https:\/\/thevintagetraveler.com\/shop\/\"},{\"@type\":\"ListItem\",\"position\":3,\"name\":\"Sac Herm\u00e8s Evelyne GM toile et cuir\"}]},{\"@type\":\"WebSite\",\"@id\":\"https:\/\/thevintagetraveler.com\/en\/#website\",\"url\":\"https:\/\/thevintagetraveler.com\/en\/\",\"name\":\"TheVintageTraveler\",\"description\":\"Luxury experts in Louis Vuitton, Chanel &amp; Herm\u00e8s\",\"publisher\":{\"@id\":\"https:\/\/thevintagetraveler.com\/en\/#organization\"},\"potentialAction\":[{\"@type\":\"SearchAction\",\"target\":{\"@type\":\"EntryPoint\",\"urlTemplate\":\"https:\/\/thevintagetraveler.com\/en\/?s={search_term_string}\"},\"query-input\":{\"@type\":\"PropertyValueSpecification\",\"valueRequired\":true,\"valueName\":\"search_term_string\"}}],\"inLanguage\":\"en-US\"},{\"@type\":\"Organization\",\"@id\":\"https:\/\/thevintagetraveler.com\/en\/#organization\",\"name\":\"TheVintageTraveler\",\"url\":\"https:\/\/thevintagetraveler.com\/en\/\",\"logo\":{\"@type\":\"ImageObject\",\"inLanguage\":\"en-US\",\"@id\":\"https:\/\/thevintagetraveler.com\/en\/#\/schema\/logo\/image\/\",\"url\":\"https:\/\/thevintagetraveler.com\/wp-content\/uploads\/2025\/04\/LOGO-THE-VINTAGE-TRAVELER-FINAL-e1745392697678.png\",\"contentUrl\":\"https:\/\/thevintagetraveler.com\/wp-content\/uploads\/2025\/04\/LOGO-THE-VINTAGE-TRAVELER-FINAL-e1745392697678.png\",\"width\":798,\"height\":318,\"caption\":\"TheVintageTraveler\"},\"image\":{\"@id\":\"https:\/\/thevintagetraveler.com\/en\/#\/schema\/logo\/image\/\"},\"sameAs\":[\"https:\/\/www.facebook.com\/TheVintageTravelerFR\/\",\"https:\/\/www.instagram.com\/the_vintagetraveler\"]}]}<\/script>\n<!-- \/ Yoast SEO plugin. -->","yoast_head_json":{"title":"Herm\u00e8s Evelyne GM Toile & Cuir Courchevel Gold 1998 | TheVintageTraveler","description":"Sac Herm\u00e8s Evelyne GM en toile et cuir Courchevel Gold, 1998. Tr\u00e8s bon \u00e9tat. Pi\u00e8ce chic et d\u00e9contract\u00e9e Herm\u00e8s, certifi\u00e9e et rare.","robots":{"index":"index","follow":"follow","max-snippet":"max-snippet:-1","max-image-preview":"max-image-preview:large","max-video-preview":"max-video-preview:-1"},"canonical":"https:\/\/thevintagetraveler.com\/en\/produit\/hermes-evelyne-gm-toile-cuir-courchevel-gold-1998\/","og_locale":"en_US","og_type":"article","og_title":"Herm\u00e8s Evelyne GM Toile & Cuir Courchevel Gold 1998 | TheVintageTraveler","og_description":"Sac Herm\u00e8s Evelyne GM en toile et cuir Courchevel Gold, 1998. Tr\u00e8s bon \u00e9tat. Pi\u00e8ce chic et d\u00e9contract\u00e9e Herm\u00e8s, certifi\u00e9e et rare.","og_url":"https:\/\/thevintagetraveler.com\/en\/produit\/hermes-evelyne-gm-toile-cuir-courchevel-gold-1998\/","og_site_name":"TheVintageTraveler","article_publisher":"https:\/\/www.facebook.com\/TheVintageTravelerFR\/","article_modified_time":"2026-02-02T13:37:08+00:00","og_image":[{"width":1800,"height":2400,"url":"https:\/\/thevintagetraveler.com\/wp-content\/uploads\/2025\/10\/image00027-2.jpeg","type":"image\/jpeg"}],"twitter_card":"summary_large_image","twitter_misc":{"Est. reading time":"3 minutes"},"schema":{"@context":"https:\/\/schema.org","@graph":[{"@type":"WebPage","@id":"https:\/\/thevintagetraveler.com\/en\/produit\/hermes-evelyne-gm-toile-cuir-courchevel-gold-1998\/","url":"https:\/\/thevintagetraveler.com\/en\/produit\/hermes-evelyne-gm-toile-cuir-courchevel-gold-1998\/","name":"Herm\u00e8s Evelyne GM Toile & Cuir Courchevel Gold 1998 | TheVintageTraveler","isPartOf":{"@id":"https:\/\/thevintagetraveler.com\/en\/#website"},"primaryImageOfPage":{"@id":"https:\/\/thevintagetraveler.com\/en\/produit\/hermes-evelyne-gm-toile-cuir-courchevel-gold-1998\/#primaryimage"},"image":{"@id":"https:\/\/thevintagetraveler.com\/en\/produit\/hermes-evelyne-gm-toile-cuir-courchevel-gold-1998\/#primaryimage"},"thumbnailUrl":"https:\/\/thevintagetraveler.com\/wp-content\/uploads\/2025\/10\/image00027-2.jpeg","datePublished":"2024-10-09T12:14:01+00:00","dateModified":"2026-02-02T13:37:08+00:00","description":"Sac Herm\u00e8s Evelyne GM en toile et cuir Courchevel Gold, 1998. Tr\u00e8s bon \u00e9tat. Pi\u00e8ce chic et d\u00e9contract\u00e9e Herm\u00e8s, certifi\u00e9e et rare.","breadcrumb":{"@id":"https:\/\/thevintagetraveler.com\/en\/produit\/hermes-evelyne-gm-toile-cuir-courchevel-gold-1998\/#breadcrumb"},"inLanguage":"en-US","potentialAction":[{"@type":"ReadAction","target":["https:\/\/thevintagetraveler.com\/en\/produit\/hermes-evelyne-gm-toile-cuir-courchevel-gold-1998\/"]}]},{"@type":"ImageObject","inLanguage":"en-US","@id":"https:\/\/thevintagetraveler.com\/en\/produit\/hermes-evelyne-gm-toile-cuir-courchevel-gold-1998\/#primaryimage","url":"https:\/\/thevintagetraveler.com\/wp-content\/uploads\/2025\/10\/image00027-2.jpeg","contentUrl":"https:\/\/thevintagetraveler.com\/wp-content\/uploads\/2025\/10\/image00027-2.jpeg","width":1800,"height":2400,"caption":"sac Herm\u00e8s Evelyne GM toile cuir Courchevel Gold 1998"},{"@type":"BreadcrumbList","@id":"https:\/\/thevintagetraveler.com\/en\/produit\/hermes-evelyne-gm-toile-cuir-courchevel-gold-1998\/#breadcrumb","itemListElement":[{"@type":"ListItem","position":1,"name":"Accueil","item":"https:\/\/thevintagetraveler.com\/en\/"},{"@type":"ListItem","position":2,"name":"Shop","item":"https:\/\/thevintagetraveler.com\/shop\/"},{"@type":"ListItem","position":3,"name":"Sac Herm\u00e8s Evelyne GM toile et cuir"}]},{"@type":"WebSite","@id":"https:\/\/thevintagetraveler.com\/en\/#website","url":"https:\/\/thevintagetraveler.com\/en\/","name":"TheVintageTraveler","description":"Luxury experts in Louis Vuitton, Chanel &amp; Herm\u00e8s","publisher":{"@id":"https:\/\/thevintagetraveler.com\/en\/#organization"},"potentialAction":[{"@type":"SearchAction","target":{"@type":"EntryPoint","urlTemplate":"https:\/\/thevintagetraveler.com\/en\/?s={search_term_string}"},"query-input":{"@type":"PropertyValueSpecification","valueRequired":true,"valueName":"search_term_string"}}],"inLanguage":"en-US"},{"@type":"Organization","@id":"https:\/\/thevintagetraveler.com\/en\/#organization","name":"TheVintageTraveler","url":"https:\/\/thevintagetraveler.com\/en\/","logo":{"@type":"ImageObject","inLanguage":"en-US","@id":"https:\/\/thevintagetraveler.com\/en\/#\/schema\/logo\/image\/","url":"https:\/\/thevintagetraveler.com\/wp-content\/uploads\/2025\/04\/LOGO-THE-VINTAGE-TRAVELER-FINAL-e1745392697678.png","contentUrl":"https:\/\/thevintagetraveler.com\/wp-content\/uploads\/2025\/04\/LOGO-THE-VINTAGE-TRAVELER-FINAL-e1745392697678.png","width":798,"height":318,"caption":"TheVintageTraveler"},"image":{"@id":"https:\/\/thevintagetraveler.com\/en\/#\/schema\/logo\/image\/"},"sameAs":["https:\/\/www.facebook.com\/TheVintageTravelerFR\/","https:\/\/www.instagram.com\/the_vintagetraveler"]}]}},"_links":{"self":[{"href":"https:\/\/thevintagetraveler.com\/en\/wp-json\/wp\/v2\/product\/6366","targetHints":{"allow":["GET"]}}],"collection":[{"href":"https:\/\/thevintagetraveler.com\/en\/wp-json\/wp\/v2\/product"}],"about":[{"href":"https:\/\/thevintagetraveler.com\/en\/wp-json\/wp\/v2\/types\/product"}],"wp:featuredmedia":[{"embeddable":true,"href":"https:\/\/thevintagetraveler.com\/en\/wp-json\/wp\/v2\/media\/6370"}],"wp:attachment":[{"href":"https:\/\/thevintagetraveler.com\/en\/wp-json\/wp\/v2\/media?parent=6366"}],"wp:term":[{"taxonomy":"product_brand","embeddable":true,"href":"https:\/\/thevintagetraveler.com\/en\/wp-json\/wp\/v2\/product_brand?post=6366"},{"taxonomy":"product_cat","embeddable":true,"href":"https:\/\/thevintagetraveler.com\/en\/wp-json\/wp\/v2\/product_cat?post=6366"},{"taxonomy":"product_tag","embeddable":true,"href":"https:\/\/thevintagetraveler.com\/en\/wp-json\/wp\/v2\/product_tag?post=6366"}],"curies":[{"name":"wp","href":"https:\/\/api.w.org\/{rel}","templated":true}]}}