{"id":6539,"date":"2025-11-13T14:05:02","date_gmt":"2025-11-13T13:05:02","guid":{"rendered":"https:\/\/thevintagetraveler.com\/?post_type=product&#038;p=6539"},"modified":"2025-11-13T14:10:59","modified_gmt":"2025-11-13T13:10:59","slug":"cadenas-hermes-dore-1996-annee-de-la-musique","status":"publish","type":"product","link":"https:\/\/thevintagetraveler.com\/en\/produit\/cadenas-hermes-dore-1996-annee-de-la-musique\/","title":{"rendered":"Cadenas Herm\u00e8s Dor\u00e9 1996 Ann\u00e9e de la musique"},"content":{"rendered":"<h3 data-start=\"1071\" data-end=\"1127\">Cadenas Herm\u00e8s \u2013 Dor\u00e9, 1996, \u201cAnn\u00e9e de la Musique\u201d<\/h3>\n<p data-start=\"1129\" data-end=\"1510\">Ce <strong data-start=\"1132\" data-end=\"1155\">cadenas Herm\u00e8s dor\u00e9<\/strong>, dat\u00e9 de <strong data-start=\"1165\" data-end=\"1173\">1996<\/strong>, c\u00e9l\u00e8bre le th\u00e8me <strong data-start=\"1192\" data-end=\"1219\">\u00ab Ann\u00e9e de la Musique \u00bb<\/strong>, choisi par la maison <a href=\"https:\/\/thevintagetraveler.com\/rachat-sac-hermes\/\">Herm\u00e8s<\/a> pour cette ann\u00e9e-l\u00e0. \u00c0 la fois <strong data-start=\"1280\" data-end=\"1342\">bijou de sac, accessoire symbolique et pi\u00e8ce de collection<\/strong>, il incarne l\u2019\u00e9l\u00e9gance et la cr\u00e9ativit\u00e9 artisanale d\u2019Herm\u00e8s. Riche de sens et rare sur le march\u00e9, ce cadenas est un <strong data-start=\"1459\" data-end=\"1507\">v\u00e9ritable objet de collection Herm\u00e8s vintage<\/strong>.<\/p>\n<hr data-start=\"1512\" data-end=\"1515\" \/>\n<h3 data-start=\"1517\" data-end=\"1580\">Une cr\u00e9ation Herm\u00e8s autour du th\u00e8me \u201cAnn\u00e9e de la Musique\u201d<\/h3>\n<ul data-start=\"1582\" data-end=\"2035\">\n<li data-start=\"1582\" data-end=\"1694\">\n<p data-start=\"1584\" data-end=\"1694\">Depuis 1987, Herm\u00e8s d\u00e9die chaque ann\u00e9e \u00e0 un <strong data-start=\"1628\" data-end=\"1648\">th\u00e8me artistique<\/strong> c\u00e9l\u00e9brant son h\u00e9ritage et son savoir-faire.<\/p>\n<\/li>\n<li data-start=\"1695\" data-end=\"1819\">\n<p data-start=\"1697\" data-end=\"1819\">En 1996, le th\u00e8me <strong data-start=\"1715\" data-end=\"1742\">\u00ab Ann\u00e9e de la Musique \u00bb<\/strong> rend hommage \u00e0 la <strong data-start=\"1761\" data-end=\"1816\">cr\u00e9ation, \u00e0 l\u2019harmonie et \u00e0 l\u2019expression artistique<\/strong>.<\/p>\n<\/li>\n<li data-start=\"1820\" data-end=\"1934\">\n<p data-start=\"1822\" data-end=\"1934\">Ce cadenas en est l\u2019un des symboles les plus raffin\u00e9s, fusionnant <strong data-start=\"1888\" data-end=\"1931\">l\u2019art du m\u00e9tal et la philosophie Herm\u00e8s<\/strong>.<\/p>\n<\/li>\n<li data-start=\"1935\" data-end=\"2035\">\n<p data-start=\"1937\" data-end=\"2035\">Pi\u00e8ce \u00e9dit\u00e9e en <strong data-start=\"1953\" data-end=\"1975\">quantit\u00e9s limit\u00e9es<\/strong>, aujourd\u2019hui <strong data-start=\"1989\" data-end=\"2032\">tr\u00e8s recherch\u00e9e par les collectionneurs<\/strong>.<\/p>\n<\/li>\n<\/ul>\n<hr data-start=\"2037\" data-end=\"2040\" \/>\n<h3 data-start=\"2042\" data-end=\"2090\">Le cadenas Herm\u00e8s : entre utilit\u00e9 et bijou<\/h3>\n<ul data-start=\"2092\" data-end=\"2468\">\n<li data-start=\"2092\" data-end=\"2200\">\n<p data-start=\"2094\" data-end=\"2200\">Inspir\u00e9 des <strong data-start=\"2106\" data-end=\"2142\">cadenas des sacs Kelly et Birkin<\/strong>, ce mod\u00e8le est devenu un <strong data-start=\"2168\" data-end=\"2197\">accessoire \u00e0 part enti\u00e8re<\/strong>.<\/p>\n<\/li>\n<li data-start=\"2201\" data-end=\"2291\">\n<p data-start=\"2203\" data-end=\"2291\">R\u00e9alis\u00e9 en <strong data-start=\"2214\" data-end=\"2228\">m\u00e9tal dor\u00e9<\/strong>, il brille par sa finition soign\u00e9e et sa patine chaleureuse.<\/p>\n<\/li>\n<li data-start=\"2292\" data-end=\"2395\">\n<p data-start=\"2294\" data-end=\"2395\">Peut \u00eatre utilis\u00e9 comme <strong data-start=\"2318\" data-end=\"2334\">bijou de sac<\/strong>, <strong data-start=\"2336\" data-end=\"2349\">pendentif<\/strong>, ou conserv\u00e9 comme <strong data-start=\"2369\" data-end=\"2392\">objet de collection<\/strong>.<\/p>\n<\/li>\n<li data-start=\"2396\" data-end=\"2468\">\n<p data-start=\"2398\" data-end=\"2468\">\u00c9voque la <strong data-start=\"2408\" data-end=\"2432\">musique et le rythme<\/strong>, m\u00e9taphores de l\u2019\u00e9l\u00e9gance Herm\u00e8s.<\/p>\n<\/li>\n<\/ul>\n<hr data-start=\"2470\" data-end=\"2473\" \/>\n<h3 data-start=\"2475\" data-end=\"2508\">Caract\u00e9ristiques du produit<\/h3>\n<ul data-start=\"2510\" data-end=\"2839\">\n<li data-start=\"2510\" data-end=\"2533\">\n<p data-start=\"2512\" data-end=\"2533\"><strong data-start=\"2512\" data-end=\"2524\">Marque :<\/strong> Herm\u00e8s<\/p>\n<\/li>\n<li data-start=\"2534\" data-end=\"2597\">\n<p data-start=\"2536\" data-end=\"2597\"><strong data-start=\"2536\" data-end=\"2547\">Ann\u00e9e :<\/strong> 1996 (\u00e9dition th\u00e9matique \u201cAnn\u00e9e de la Musique\u201d)<\/p>\n<\/li>\n<li data-start=\"2598\" data-end=\"2626\">\n<p data-start=\"2600\" data-end=\"2626\"><strong data-start=\"2600\" data-end=\"2613\">Mati\u00e8re :<\/strong> M\u00e9tal dor\u00e9<\/p>\n<\/li>\n<li data-start=\"2627\" data-end=\"2658\">\n<p data-start=\"2629\" data-end=\"2658\"><strong data-start=\"2629\" data-end=\"2642\">Couleur :<\/strong> Dor\u00e9 brillant<\/p>\n<\/li>\n<li data-start=\"2659\" data-end=\"2699\">\n<p data-start=\"2661\" data-end=\"2699\"><strong data-start=\"2661\" data-end=\"2672\">Forme :<\/strong> Cadenas Herm\u00e8s classique<\/p>\n<\/li>\n<li data-start=\"2700\" data-end=\"2760\">\n<p data-start=\"2702\" data-end=\"2760\"><strong data-start=\"2702\" data-end=\"2712\">\u00c9tat :<\/strong> Excellent \u2013 dorure brillante, gravures nettes<\/p>\n<\/li>\n<li data-start=\"2761\" data-end=\"2839\">\n<p data-start=\"2763\" data-end=\"2839\"><strong data-start=\"2763\" data-end=\"2785\">Authentification :<\/strong> Certifi\u00e9 \u2013 livr\u00e9 avec certificat TheVintageTraveler<\/p>\n<\/li>\n<\/ul>\n<hr data-start=\"2841\" data-end=\"2844\" \/>\n<h3 data-start=\"2846\" data-end=\"2907\">Pourquoi ce cadenas Herm\u00e8s 1996 est rare et recherch\u00e9 ?<\/h3>\n<ul data-start=\"2909\" data-end=\"3249\">\n<li data-start=\"2909\" data-end=\"2966\">\n<p data-start=\"2911\" data-end=\"2966\"><strong data-start=\"2911\" data-end=\"2930\">\u00c9dition limit\u00e9e<\/strong> d\u00e9di\u00e9e \u00e0 \u201cL\u2019Ann\u00e9e de la Musique\u201d.<\/p>\n<\/li>\n<li data-start=\"2967\" data-end=\"3025\">\n<p data-start=\"2969\" data-end=\"3025\"><strong data-start=\"2969\" data-end=\"2989\">Th\u00e8me symbolique<\/strong>, associant cr\u00e9ativit\u00e9 et \u00e9motion.<\/p>\n<\/li>\n<li data-start=\"3026\" data-end=\"3087\">\n<p data-start=\"3028\" data-end=\"3087\"><strong data-start=\"3028\" data-end=\"3053\">Production restreinte<\/strong>, aujourd\u2019hui quasi introuvable.<\/p>\n<\/li>\n<li data-start=\"3088\" data-end=\"3169\">\n<p data-start=\"3090\" data-end=\"3169\"><strong data-start=\"3090\" data-end=\"3124\">Objet collector Herm\u00e8s vintage<\/strong>, pris\u00e9 pour sa beaut\u00e9 et sa signification.<\/p>\n<\/li>\n<li data-start=\"3170\" data-end=\"3249\">\n<p data-start=\"3172\" data-end=\"3249\">Peut \u00eatre port\u00e9 sur un <strong data-start=\"3195\" data-end=\"3217\">Birkin, Kelly, HAC<\/strong> ou comme <strong data-start=\"3227\" data-end=\"3246\">bijou personnel<\/strong>.<\/p>\n<\/li>\n<\/ul>\n<hr data-start=\"3251\" data-end=\"3254\" \/>\n<h3 data-start=\"3256\" data-end=\"3296\">Une pi\u00e8ce po\u00e9tique et patrimoniale<\/h3>\n<p data-start=\"3298\" data-end=\"3327\">Ce cadenas est id\u00e9al pour :<\/p>\n<ul data-start=\"3329\" data-end=\"3621\">\n<li data-start=\"3329\" data-end=\"3403\">\n<p data-start=\"3331\" data-end=\"3403\"><strong data-start=\"3331\" data-end=\"3361\">Les collectionneurs Herm\u00e8s<\/strong>, \u00e0 la recherche d\u2019\u00e9ditions th\u00e9matiques.<\/p>\n<\/li>\n<li data-start=\"3404\" data-end=\"3466\">\n<p data-start=\"3406\" data-end=\"3466\"><strong data-start=\"3406\" data-end=\"3432\">Sublimer un sac Herm\u00e8s<\/strong> avec une touche dor\u00e9e raffin\u00e9e.<\/p>\n<\/li>\n<li data-start=\"3467\" data-end=\"3543\">\n<p data-start=\"3469\" data-end=\"3543\"><strong data-start=\"3469\" data-end=\"3499\">Offrir un objet symbolique<\/strong> repr\u00e9sentant l\u2019harmonie et la cr\u00e9ativit\u00e9.<\/p>\n<\/li>\n<li data-start=\"3544\" data-end=\"3621\">\n<p data-start=\"3546\" data-end=\"3621\"><strong data-start=\"3546\" data-end=\"3590\">Investir dans un accessoire vintage rare<\/strong> \u00e0 forte valeur patrimoniale.<\/p>\n<\/li>\n<\/ul>\n<hr data-start=\"3623\" data-end=\"3626\" \/>\n<h3 data-start=\"3628\" data-end=\"3689\">Pourquoi investir dans les cadenas Herm\u00e8s th\u00e9matiques ?<\/h3>\n<ul data-start=\"3691\" data-end=\"4053\">\n<li data-start=\"3691\" data-end=\"3777\">\n<p data-start=\"3693\" data-end=\"3777\">Chaque <strong data-start=\"3700\" data-end=\"3727\">\u00e9dition annuelle Herm\u00e8s<\/strong> devient une <strong data-start=\"3740\" data-end=\"3774\">pi\u00e8ce de collection recherch\u00e9e<\/strong>.<\/p>\n<\/li>\n<li data-start=\"3778\" data-end=\"3872\">\n<p data-start=\"3780\" data-end=\"3872\">Ces petits objets sont <strong data-start=\"3803\" data-end=\"3828\">hautement symboliques<\/strong> et <strong data-start=\"3832\" data-end=\"3869\">refl\u00e8tent l\u2019histoire de la maison<\/strong>.<\/p>\n<\/li>\n<li data-start=\"3873\" data-end=\"3976\">\n<p data-start=\"3875\" data-end=\"3976\">Leur <strong data-start=\"3880\" data-end=\"3890\">raret\u00e9<\/strong> et leur <strong data-start=\"3899\" data-end=\"3922\">valeur \u00e9motionnelle<\/strong> les rendent pris\u00e9s sur le march\u00e9 du vintage Herm\u00e8s.<\/p>\n<\/li>\n<li data-start=\"3977\" data-end=\"4053\">\n<p data-start=\"3979\" data-end=\"4053\">Parfait pour compl\u00e9ter une <strong data-start=\"4006\" data-end=\"4050\">collection d\u2019accessoires Herm\u00e8s d\u2019\u00e9poque<\/strong>.<\/p>\n<\/li>\n<\/ul>\n<hr data-start=\"4055\" data-end=\"4058\" \/>\n<h3 data-start=\"4060\" data-end=\"4108\">Pourquoi acheter chez TheVintageTraveler ?<\/h3>\n<p data-start=\"4110\" data-end=\"4166\">Chez <strong data-start=\"4115\" data-end=\"4137\">TheVintageTraveler<\/strong>, chaque objet Herm\u00e8s est :<\/p>\n<ul data-start=\"4168\" data-end=\"4451\">\n<li data-start=\"4168\" data-end=\"4226\">\n<p data-start=\"4170\" data-end=\"4226\"><strong data-start=\"4170\" data-end=\"4198\">Authentifi\u00e9 et expertis\u00e9<\/strong>, avec datation confirm\u00e9e.<\/p>\n<\/li>\n<li data-start=\"4227\" data-end=\"4296\">\n<p data-start=\"4229\" data-end=\"4296\">S\u00e9lectionn\u00e9 pour sa <strong data-start=\"4249\" data-end=\"4293\">valeur historique, son \u00e9tat et sa raret\u00e9<\/strong>.<\/p>\n<\/li>\n<li data-start=\"4297\" data-end=\"4342\">\n<p data-start=\"4299\" data-end=\"4342\">Livr\u00e9 avec <strong data-start=\"4310\" data-end=\"4339\">certificat d\u2019authenticit\u00e9<\/strong>.<\/p>\n<\/li>\n<li data-start=\"4343\" data-end=\"4451\">\n<p data-start=\"4345\" data-end=\"4451\">Disponible en <strong data-start=\"4359\" data-end=\"4402\">showroom (March\u00e9 Serpette \u2013 Saint-Ouen)<\/strong> ou via <strong data-start=\"4410\" data-end=\"4448\">livraison internationale s\u00e9curis\u00e9e<\/strong>.<\/p>\n<\/li>\n<\/ul>\n<hr data-start=\"4453\" data-end=\"4456\" \/>\n<h3 data-start=\"4458\" data-end=\"4474\">Conclusion<\/h3>\n<p data-start=\"4476\" data-end=\"4814\">Ce <strong data-start=\"4479\" data-end=\"4510\">cadenas Herm\u00e8s dor\u00e9 de 1996<\/strong>, c\u00e9l\u00e9brant <strong data-start=\"4522\" data-end=\"4549\">\u201cL\u2019Ann\u00e9e de la Musique\u201d<\/strong>, est une <strong data-start=\"4559\" data-end=\"4601\">pi\u00e8ce de collection rare et symbolique<\/strong>. \u00c0 la fois <strong data-start=\"4613\" data-end=\"4660\">bijou d\u2019accessoire et objet d\u2019art miniature<\/strong>, il incarne la <strong data-start=\"4676\" data-end=\"4722\">cr\u00e9ativit\u00e9, la beaut\u00e9 et l\u2019h\u00e9ritage Herm\u00e8s<\/strong>. Un <strong data-start=\"4727\" data-end=\"4755\">collector incontournable<\/strong> pour les amoureux du luxe et de l\u2019histoire de la maison.<\/p>\n<p>Suivez &#8211; nous sur <a href=\"https:\/\/www.facebook.com\/TheVintageTravelerFR\">Facebook<\/a> et <a href=\"https:\/\/www.instagram.com\/the_vintagetraveler\/?igsh=aXdsbDJkdnpwZjcx#\">Instagram<\/a><\/p>\n","protected":false},"excerpt":{"rendered":"<p>Cadenas Herm\u00e8s dor\u00e9, 1996 \u201cAnn\u00e9e de la Musique\u201d. Pi\u00e8ce rare, certifi\u00e9e et iconique. Parfait comme bijou de sac ou objet de collection Herm\u00e8s.<\/p>\n","protected":false},"featured_media":6541,"template":"","meta":[],"product_brand":[],"product_cat":[123,125,140],"product_tag":[136],"class_list":{"0":"post-6539","1":"product","2":"type-product","3":"status-publish","4":"has-post-thumbnail","6":"product_cat-bijoux-de-luxe-vintage","7":"product_cat-hermes-bijoux","8":"product_cat-nouveautes","9":"product_tag-hermes","11":"first","12":"instock","13":"sold-individually","14":"shipping-taxable","15":"purchasable","16":"product-type-simple"},"yoast_head":"<!-- This site is optimized with the Yoast SEO plugin v27.1.1 - https:\/\/yoast.com\/product\/yoast-seo-wordpress\/ -->\n<title>Cadenas Herm\u00e8s Dor\u00e9 1996 \u201cAnn\u00e9e de la Musique\u201d | TheVintageTraveler<\/title>\n<meta name=\"description\" content=\"Cadenas Herm\u00e8s dor\u00e9 1996, \u00e9dition \u201cAnn\u00e9e de la Musique\u201d. Pi\u00e8ce rare et po\u00e9tique, certifi\u00e9e Herm\u00e8s. Bijou de sac iconique, collection d\u2019exception.\" \/>\n<meta name=\"robots\" content=\"index, follow, max-snippet:-1, max-image-preview:large, max-video-preview:-1\" \/>\n<link rel=\"canonical\" href=\"https:\/\/thevintagetraveler.com\/en\/produit\/cadenas-hermes-dore-1996-annee-de-la-musique\/\" \/>\n<meta property=\"og:locale\" content=\"en_US\" \/>\n<meta property=\"og:type\" content=\"article\" \/>\n<meta property=\"og:title\" content=\"Cadenas Herm\u00e8s Dor\u00e9 1996 \u201cAnn\u00e9e de la Musique\u201d | TheVintageTraveler\" \/>\n<meta property=\"og:description\" content=\"Cadenas Herm\u00e8s dor\u00e9 1996, \u00e9dition \u201cAnn\u00e9e de la Musique\u201d. Pi\u00e8ce rare et po\u00e9tique, certifi\u00e9e Herm\u00e8s. Bijou de sac iconique, collection d\u2019exception.\" \/>\n<meta property=\"og:url\" content=\"https:\/\/thevintagetraveler.com\/en\/produit\/cadenas-hermes-dore-1996-annee-de-la-musique\/\" \/>\n<meta property=\"og:site_name\" content=\"TheVintageTraveler\" \/>\n<meta property=\"article:publisher\" content=\"https:\/\/www.facebook.com\/TheVintageTravelerFR\/\" \/>\n<meta property=\"article:modified_time\" content=\"2025-11-13T13:10:59+00:00\" \/>\n<meta property=\"og:image\" content=\"https:\/\/thevintagetraveler.com\/\/wp-content\/uploads\/2025\/11\/image00063.jpeg\" \/>\n\t<meta property=\"og:image:width\" content=\"1800\" \/>\n\t<meta property=\"og:image:height\" content=\"2400\" \/>\n\t<meta property=\"og:image:type\" content=\"image\/jpeg\" \/>\n<meta name=\"twitter:card\" content=\"summary_large_image\" \/>\n<meta name=\"twitter:label1\" content=\"Est. reading time\" \/>\n\t<meta name=\"twitter:data1\" content=\"3 minutes\" \/>\n<script type=\"application\/ld+json\" class=\"yoast-schema-graph\">{\"@context\":\"https:\/\/schema.org\",\"@graph\":[{\"@type\":\"WebPage\",\"@id\":\"https:\/\/thevintagetraveler.com\/en\/produit\/cadenas-hermes-dore-1996-annee-de-la-musique\/\",\"url\":\"https:\/\/thevintagetraveler.com\/en\/produit\/cadenas-hermes-dore-1996-annee-de-la-musique\/\",\"name\":\"Cadenas Herm\u00e8s Dor\u00e9 1996 \u201cAnn\u00e9e de la Musique\u201d | TheVintageTraveler\",\"isPartOf\":{\"@id\":\"https:\/\/thevintagetraveler.com\/en\/#website\"},\"primaryImageOfPage\":{\"@id\":\"https:\/\/thevintagetraveler.com\/en\/produit\/cadenas-hermes-dore-1996-annee-de-la-musique\/#primaryimage\"},\"image\":{\"@id\":\"https:\/\/thevintagetraveler.com\/en\/produit\/cadenas-hermes-dore-1996-annee-de-la-musique\/#primaryimage\"},\"thumbnailUrl\":\"https:\/\/thevintagetraveler.com\/wp-content\/uploads\/2025\/11\/image00063.jpeg\",\"datePublished\":\"2025-11-13T13:05:02+00:00\",\"dateModified\":\"2025-11-13T13:10:59+00:00\",\"description\":\"Cadenas Herm\u00e8s dor\u00e9 1996, \u00e9dition \u201cAnn\u00e9e de la Musique\u201d. Pi\u00e8ce rare et po\u00e9tique, certifi\u00e9e Herm\u00e8s. Bijou de sac iconique, collection d\u2019exception.\",\"breadcrumb\":{\"@id\":\"https:\/\/thevintagetraveler.com\/en\/produit\/cadenas-hermes-dore-1996-annee-de-la-musique\/#breadcrumb\"},\"inLanguage\":\"en-US\",\"potentialAction\":[{\"@type\":\"ReadAction\",\"target\":[\"https:\/\/thevintagetraveler.com\/en\/produit\/cadenas-hermes-dore-1996-annee-de-la-musique\/\"]}]},{\"@type\":\"ImageObject\",\"inLanguage\":\"en-US\",\"@id\":\"https:\/\/thevintagetraveler.com\/en\/produit\/cadenas-hermes-dore-1996-annee-de-la-musique\/#primaryimage\",\"url\":\"https:\/\/thevintagetraveler.com\/wp-content\/uploads\/2025\/11\/image00063.jpeg\",\"contentUrl\":\"https:\/\/thevintagetraveler.com\/wp-content\/uploads\/2025\/11\/image00063.jpeg\",\"width\":1800,\"height\":2400,\"caption\":\"cadenas Herm\u00e8s dor\u00e9 1996 ann\u00e9e de la musique\"},{\"@type\":\"BreadcrumbList\",\"@id\":\"https:\/\/thevintagetraveler.com\/en\/produit\/cadenas-hermes-dore-1996-annee-de-la-musique\/#breadcrumb\",\"itemListElement\":[{\"@type\":\"ListItem\",\"position\":1,\"name\":\"Accueil\",\"item\":\"https:\/\/thevintagetraveler.com\/en\/\"},{\"@type\":\"ListItem\",\"position\":2,\"name\":\"Shop\",\"item\":\"https:\/\/thevintagetraveler.com\/shop\/\"},{\"@type\":\"ListItem\",\"position\":3,\"name\":\"Cadenas Herm\u00e8s Dor\u00e9 1996 Ann\u00e9e de la musique\"}]},{\"@type\":\"WebSite\",\"@id\":\"https:\/\/thevintagetraveler.com\/en\/#website\",\"url\":\"https:\/\/thevintagetraveler.com\/en\/\",\"name\":\"TheVintageTraveler\",\"description\":\"Luxury experts in Louis Vuitton, Chanel &amp; Herm\u00e8s\",\"publisher\":{\"@id\":\"https:\/\/thevintagetraveler.com\/en\/#organization\"},\"potentialAction\":[{\"@type\":\"SearchAction\",\"target\":{\"@type\":\"EntryPoint\",\"urlTemplate\":\"https:\/\/thevintagetraveler.com\/en\/?s={search_term_string}\"},\"query-input\":{\"@type\":\"PropertyValueSpecification\",\"valueRequired\":true,\"valueName\":\"search_term_string\"}}],\"inLanguage\":\"en-US\"},{\"@type\":\"Organization\",\"@id\":\"https:\/\/thevintagetraveler.com\/en\/#organization\",\"name\":\"TheVintageTraveler\",\"url\":\"https:\/\/thevintagetraveler.com\/en\/\",\"logo\":{\"@type\":\"ImageObject\",\"inLanguage\":\"en-US\",\"@id\":\"https:\/\/thevintagetraveler.com\/en\/#\/schema\/logo\/image\/\",\"url\":\"https:\/\/thevintagetraveler.com\/wp-content\/uploads\/2025\/04\/LOGO-THE-VINTAGE-TRAVELER-FINAL-e1745392697678.png\",\"contentUrl\":\"https:\/\/thevintagetraveler.com\/wp-content\/uploads\/2025\/04\/LOGO-THE-VINTAGE-TRAVELER-FINAL-e1745392697678.png\",\"width\":798,\"height\":318,\"caption\":\"TheVintageTraveler\"},\"image\":{\"@id\":\"https:\/\/thevintagetraveler.com\/en\/#\/schema\/logo\/image\/\"},\"sameAs\":[\"https:\/\/www.facebook.com\/TheVintageTravelerFR\/\",\"https:\/\/www.instagram.com\/the_vintagetraveler\"]}]}<\/script>\n<!-- \/ Yoast SEO plugin. -->","yoast_head_json":{"title":"Cadenas Herm\u00e8s Dor\u00e9 1996 \u201cAnn\u00e9e de la Musique\u201d | TheVintageTraveler","description":"Cadenas Herm\u00e8s dor\u00e9 1996, \u00e9dition \u201cAnn\u00e9e de la Musique\u201d. Pi\u00e8ce rare et po\u00e9tique, certifi\u00e9e Herm\u00e8s. Bijou de sac iconique, collection d\u2019exception.","robots":{"index":"index","follow":"follow","max-snippet":"max-snippet:-1","max-image-preview":"max-image-preview:large","max-video-preview":"max-video-preview:-1"},"canonical":"https:\/\/thevintagetraveler.com\/en\/produit\/cadenas-hermes-dore-1996-annee-de-la-musique\/","og_locale":"en_US","og_type":"article","og_title":"Cadenas Herm\u00e8s Dor\u00e9 1996 \u201cAnn\u00e9e de la Musique\u201d | TheVintageTraveler","og_description":"Cadenas Herm\u00e8s dor\u00e9 1996, \u00e9dition \u201cAnn\u00e9e de la Musique\u201d. Pi\u00e8ce rare et po\u00e9tique, certifi\u00e9e Herm\u00e8s. Bijou de sac iconique, collection d\u2019exception.","og_url":"https:\/\/thevintagetraveler.com\/en\/produit\/cadenas-hermes-dore-1996-annee-de-la-musique\/","og_site_name":"TheVintageTraveler","article_publisher":"https:\/\/www.facebook.com\/TheVintageTravelerFR\/","article_modified_time":"2025-11-13T13:10:59+00:00","og_image":[{"width":1800,"height":2400,"url":"https:\/\/thevintagetraveler.com\/\/wp-content\/uploads\/2025\/11\/image00063.jpeg","type":"image\/jpeg"}],"twitter_card":"summary_large_image","twitter_misc":{"Est. reading time":"3 minutes"},"schema":{"@context":"https:\/\/schema.org","@graph":[{"@type":"WebPage","@id":"https:\/\/thevintagetraveler.com\/en\/produit\/cadenas-hermes-dore-1996-annee-de-la-musique\/","url":"https:\/\/thevintagetraveler.com\/en\/produit\/cadenas-hermes-dore-1996-annee-de-la-musique\/","name":"Cadenas Herm\u00e8s Dor\u00e9 1996 \u201cAnn\u00e9e de la Musique\u201d | TheVintageTraveler","isPartOf":{"@id":"https:\/\/thevintagetraveler.com\/en\/#website"},"primaryImageOfPage":{"@id":"https:\/\/thevintagetraveler.com\/en\/produit\/cadenas-hermes-dore-1996-annee-de-la-musique\/#primaryimage"},"image":{"@id":"https:\/\/thevintagetraveler.com\/en\/produit\/cadenas-hermes-dore-1996-annee-de-la-musique\/#primaryimage"},"thumbnailUrl":"https:\/\/thevintagetraveler.com\/wp-content\/uploads\/2025\/11\/image00063.jpeg","datePublished":"2025-11-13T13:05:02+00:00","dateModified":"2025-11-13T13:10:59+00:00","description":"Cadenas Herm\u00e8s dor\u00e9 1996, \u00e9dition \u201cAnn\u00e9e de la Musique\u201d. Pi\u00e8ce rare et po\u00e9tique, certifi\u00e9e Herm\u00e8s. Bijou de sac iconique, collection d\u2019exception.","breadcrumb":{"@id":"https:\/\/thevintagetraveler.com\/en\/produit\/cadenas-hermes-dore-1996-annee-de-la-musique\/#breadcrumb"},"inLanguage":"en-US","potentialAction":[{"@type":"ReadAction","target":["https:\/\/thevintagetraveler.com\/en\/produit\/cadenas-hermes-dore-1996-annee-de-la-musique\/"]}]},{"@type":"ImageObject","inLanguage":"en-US","@id":"https:\/\/thevintagetraveler.com\/en\/produit\/cadenas-hermes-dore-1996-annee-de-la-musique\/#primaryimage","url":"https:\/\/thevintagetraveler.com\/wp-content\/uploads\/2025\/11\/image00063.jpeg","contentUrl":"https:\/\/thevintagetraveler.com\/wp-content\/uploads\/2025\/11\/image00063.jpeg","width":1800,"height":2400,"caption":"cadenas Herm\u00e8s dor\u00e9 1996 ann\u00e9e de la musique"},{"@type":"BreadcrumbList","@id":"https:\/\/thevintagetraveler.com\/en\/produit\/cadenas-hermes-dore-1996-annee-de-la-musique\/#breadcrumb","itemListElement":[{"@type":"ListItem","position":1,"name":"Accueil","item":"https:\/\/thevintagetraveler.com\/en\/"},{"@type":"ListItem","position":2,"name":"Shop","item":"https:\/\/thevintagetraveler.com\/shop\/"},{"@type":"ListItem","position":3,"name":"Cadenas Herm\u00e8s Dor\u00e9 1996 Ann\u00e9e de la musique"}]},{"@type":"WebSite","@id":"https:\/\/thevintagetraveler.com\/en\/#website","url":"https:\/\/thevintagetraveler.com\/en\/","name":"TheVintageTraveler","description":"Luxury experts in Louis Vuitton, Chanel &amp; Herm\u00e8s","publisher":{"@id":"https:\/\/thevintagetraveler.com\/en\/#organization"},"potentialAction":[{"@type":"SearchAction","target":{"@type":"EntryPoint","urlTemplate":"https:\/\/thevintagetraveler.com\/en\/?s={search_term_string}"},"query-input":{"@type":"PropertyValueSpecification","valueRequired":true,"valueName":"search_term_string"}}],"inLanguage":"en-US"},{"@type":"Organization","@id":"https:\/\/thevintagetraveler.com\/en\/#organization","name":"TheVintageTraveler","url":"https:\/\/thevintagetraveler.com\/en\/","logo":{"@type":"ImageObject","inLanguage":"en-US","@id":"https:\/\/thevintagetraveler.com\/en\/#\/schema\/logo\/image\/","url":"https:\/\/thevintagetraveler.com\/wp-content\/uploads\/2025\/04\/LOGO-THE-VINTAGE-TRAVELER-FINAL-e1745392697678.png","contentUrl":"https:\/\/thevintagetraveler.com\/wp-content\/uploads\/2025\/04\/LOGO-THE-VINTAGE-TRAVELER-FINAL-e1745392697678.png","width":798,"height":318,"caption":"TheVintageTraveler"},"image":{"@id":"https:\/\/thevintagetraveler.com\/en\/#\/schema\/logo\/image\/"},"sameAs":["https:\/\/www.facebook.com\/TheVintageTravelerFR\/","https:\/\/www.instagram.com\/the_vintagetraveler"]}]}},"_links":{"self":[{"href":"https:\/\/thevintagetraveler.com\/en\/wp-json\/wp\/v2\/product\/6539","targetHints":{"allow":["GET"]}}],"collection":[{"href":"https:\/\/thevintagetraveler.com\/en\/wp-json\/wp\/v2\/product"}],"about":[{"href":"https:\/\/thevintagetraveler.com\/en\/wp-json\/wp\/v2\/types\/product"}],"wp:featuredmedia":[{"embeddable":true,"href":"https:\/\/thevintagetraveler.com\/en\/wp-json\/wp\/v2\/media\/6541"}],"wp:attachment":[{"href":"https:\/\/thevintagetraveler.com\/en\/wp-json\/wp\/v2\/media?parent=6539"}],"wp:term":[{"taxonomy":"product_brand","embeddable":true,"href":"https:\/\/thevintagetraveler.com\/en\/wp-json\/wp\/v2\/product_brand?post=6539"},{"taxonomy":"product_cat","embeddable":true,"href":"https:\/\/thevintagetraveler.com\/en\/wp-json\/wp\/v2\/product_cat?post=6539"},{"taxonomy":"product_tag","embeddable":true,"href":"https:\/\/thevintagetraveler.com\/en\/wp-json\/wp\/v2\/product_tag?post=6539"}],"curies":[{"name":"wp","href":"https:\/\/api.w.org\/{rel}","templated":true}]}}