{"id":6568,"date":"2024-11-13T14:23:40","date_gmt":"2024-11-13T13:23:40","guid":{"rendered":"https:\/\/thevintagetraveler.com\/?post_type=product&#038;p=6568"},"modified":"2026-03-30T15:13:30","modified_gmt":"2026-03-30T13:13:30","slug":"bijou-sac-hermes-cadenas-pelican-dore","status":"publish","type":"product","link":"https:\/\/thevintagetraveler.com\/en\/produit\/bijou-sac-hermes-cadenas-pelican-dore\/","title":{"rendered":"Bijou de sac Herm\u00e8s P\u00e9lican dor\u00e9"},"content":{"rendered":"<h3 data-start=\"1034\" data-end=\"1082\">Bijou de Sac Herm\u00e8s \u2013 Cadenas P\u00e9lican Dor\u00e9<\/h3>\n<p data-start=\"1084\" data-end=\"1398\">Ce <strong data-start=\"1087\" data-end=\"1110\">bijou de sac Herm\u00e8s<\/strong>, repr\u00e9sentant un <strong data-start=\"1128\" data-end=\"1164\">cadenas en forme de p\u00e9lican dor\u00e9<\/strong>, est une <strong data-start=\"1174\" data-end=\"1207\">pi\u00e8ce rare et tr\u00e8s recherch\u00e9e<\/strong> par les amateurs d\u2019accessoires Herm\u00e8s. \u00c0 la fois charmant, ludique et raffin\u00e9, ce cadenas d\u00e9coratif illustre parfaitement la cr\u00e9ativit\u00e9 et le savoir-faire exceptionnel de la maison Herm\u00e8s.<\/p>\n<hr data-start=\"1400\" data-end=\"1403\" \/>\n<h3 data-start=\"1405\" data-end=\"1453\">Le cadenas Herm\u00e8s : un accessoire iconique<\/h3>\n<ul data-start=\"1455\" data-end=\"1849\">\n<li data-start=\"1455\" data-end=\"1575\">\n<p data-start=\"1457\" data-end=\"1575\">Inspir\u00e9 des cadenas originaux des sacs <strong data-start=\"1496\" data-end=\"1505\">Kelly<\/strong> et <strong data-start=\"1509\" data-end=\"1519\">Birkin<\/strong>, le cadenas Herm\u00e8s est devenu un <strong data-start=\"1553\" data-end=\"1572\">objet signature<\/strong>.<\/p>\n<\/li>\n<li data-start=\"1576\" data-end=\"1720\">\n<p data-start=\"1578\" data-end=\"1720\">Certaines \u00e9ditions prennent la forme d\u2019animaux ou de motifs th\u00e9matiques, produites en <strong data-start=\"1664\" data-end=\"1683\">s\u00e9ries limit\u00e9es<\/strong>, ce qui les rend tr\u00e8s recherch\u00e9es.<\/p>\n<\/li>\n<li data-start=\"1721\" data-end=\"1849\">\n<p data-start=\"1723\" data-end=\"1849\">Le <strong data-start=\"1726\" data-end=\"1750\">cadenas p\u00e9lican dor\u00e9<\/strong> est l\u2019un des mod\u00e8les les plus pris\u00e9s, gr\u00e2ce \u00e0 son c\u00f4t\u00e9 amusant, sculptural et tr\u00e8s identifiable.<\/p>\n<\/li>\n<\/ul>\n<hr data-start=\"1851\" data-end=\"1854\" \/>\n<h3 data-start=\"1856\" data-end=\"1894\">Une pi\u00e8ce dor\u00e9e au charme unique<\/h3>\n<ul data-start=\"1896\" data-end=\"2319\">\n<li data-start=\"1896\" data-end=\"1998\">\n<p data-start=\"1898\" data-end=\"1998\"><strong data-start=\"1898\" data-end=\"1912\">M\u00e9tal dor\u00e9<\/strong> : finition brillante et chaleureuse, typique des accessoires <a href=\"https:\/\/thevintagetraveler.com\/authentifier-sac-hermes-vintage\/\">Herm\u00e8s<\/a> en laiton dor\u00e9.<\/p>\n<\/li>\n<li data-start=\"1999\" data-end=\"2117\">\n<p data-start=\"2001\" data-end=\"2117\">Design d\u00e9taill\u00e9 et minutieux : le <strong data-start=\"2035\" data-end=\"2046\">p\u00e9lican<\/strong> est sculpt\u00e9 avec soin, rappelant l\u2019excellence de l\u2019artisanat Herm\u00e8s.<\/p>\n<\/li>\n<li data-start=\"2118\" data-end=\"2228\">\n<p data-start=\"2120\" data-end=\"2228\">Peut \u00eatre utilis\u00e9 comme <strong data-start=\"2144\" data-end=\"2160\">bijou de sac<\/strong>, comme <strong data-start=\"2168\" data-end=\"2182\">porte-cl\u00e9s<\/strong>, ou conserv\u00e9 comme <strong data-start=\"2202\" data-end=\"2225\">objet de collection<\/strong>.<\/p>\n<\/li>\n<li data-start=\"2229\" data-end=\"2319\">\n<p data-start=\"2231\" data-end=\"2319\">Compatible avec tous les sacs Herm\u00e8s : Birkin, Kelly, HAC, Evelyne, Garden Party, etc.<\/p>\n<\/li>\n<\/ul>\n<hr data-start=\"2321\" data-end=\"2324\" \/>\n<h3 data-start=\"2326\" data-end=\"2359\">Caract\u00e9ristiques du produit<\/h3>\n<ul data-start=\"2361\" data-end=\"2684\">\n<li data-start=\"2361\" data-end=\"2384\">\n<p data-start=\"2363\" data-end=\"2384\"><strong data-start=\"2363\" data-end=\"2375\">Marque :<\/strong> Herm\u00e8s<\/p>\n<\/li>\n<li data-start=\"2385\" data-end=\"2432\">\n<p data-start=\"2387\" data-end=\"2432\"><strong data-start=\"2387\" data-end=\"2399\">Mod\u00e8le :<\/strong> Cadenas P\u00e9lican (bijou de sac)<\/p>\n<\/li>\n<li data-start=\"2433\" data-end=\"2461\">\n<p data-start=\"2435\" data-end=\"2461\"><strong data-start=\"2435\" data-end=\"2448\">Mati\u00e8re :<\/strong> M\u00e9tal dor\u00e9<\/p>\n<\/li>\n<li data-start=\"2462\" data-end=\"2493\">\n<p data-start=\"2464\" data-end=\"2493\"><strong data-start=\"2464\" data-end=\"2477\">Couleur :<\/strong> Dor\u00e9 brillant<\/p>\n<\/li>\n<li data-start=\"2494\" data-end=\"2548\">\n<p data-start=\"2496\" data-end=\"2548\"><strong data-start=\"2496\" data-end=\"2510\">Fonction :<\/strong> Accessoire d\u00e9coratif \/ bijou de sac<\/p>\n<\/li>\n<li data-start=\"2549\" data-end=\"2605\">\n<p data-start=\"2551\" data-end=\"2605\"><strong data-start=\"2551\" data-end=\"2561\">\u00c9tat :<\/strong> Tr\u00e8s bon \u00e9tat \u2013 dorure nette et brillante<\/p>\n<\/li>\n<li data-start=\"2606\" data-end=\"2684\">\n<p data-start=\"2608\" data-end=\"2684\"><strong data-start=\"2608\" data-end=\"2630\">Authentification :<\/strong> Certifi\u00e9 \u2013 livr\u00e9 avec certificat TheVintageTraveler<\/p>\n<\/li>\n<\/ul>\n<hr data-start=\"2686\" data-end=\"2689\" \/>\n<h3 data-start=\"2691\" data-end=\"2755\">Pourquoi ce cadenas Herm\u00e8s p\u00e9lican est rare et recherch\u00e9 ?<\/h3>\n<ul data-start=\"2757\" data-end=\"3039\">\n<li data-start=\"2757\" data-end=\"2800\">\n<p data-start=\"2759\" data-end=\"2800\">Production <strong data-start=\"2770\" data-end=\"2781\">limit\u00e9e<\/strong>, non reconduite.<\/p>\n<\/li>\n<li data-start=\"2801\" data-end=\"2894\">\n<p data-start=\"2803\" data-end=\"2894\">Pi\u00e8ce <strong data-start=\"2809\" data-end=\"2824\">collectible<\/strong> dans la cat\u00e9gorie tr\u00e8s recherch\u00e9e des <strong data-start=\"2863\" data-end=\"2891\">cadenas Herm\u00e8s fantaisie<\/strong>.<\/p>\n<\/li>\n<li data-start=\"2895\" data-end=\"2973\">\n<p data-start=\"2897\" data-end=\"2973\">Design original et humoristique, signature de l\u2019<strong data-start=\"2945\" data-end=\"2970\">esprit cr\u00e9atif Herm\u00e8s<\/strong>.<\/p>\n<\/li>\n<li data-start=\"2974\" data-end=\"3039\">\n<p data-start=\"2976\" data-end=\"3039\">Id\u00e9al pour personnaliser ou sublimer un sac Herm\u00e8s classique.<\/p>\n<\/li>\n<\/ul>\n<hr data-start=\"3041\" data-end=\"3044\" \/>\n<h3 data-start=\"3046\" data-end=\"3104\">Un accessoire id\u00e9al pour personnaliser un sac Herm\u00e8s<\/h3>\n<p data-start=\"3106\" data-end=\"3143\">Le cadenas p\u00e9lican dor\u00e9 permet de :<\/p>\n<ul data-start=\"3145\" data-end=\"3427\">\n<li data-start=\"3145\" data-end=\"3204\">\n<p data-start=\"3147\" data-end=\"3204\">Donner une <strong data-start=\"3158\" data-end=\"3175\">touche unique<\/strong> \u00e0 un Birkin, Kelly ou HAC.<\/p>\n<\/li>\n<li data-start=\"3205\" data-end=\"3265\">\n<p data-start=\"3207\" data-end=\"3265\">Ajouter une <strong data-start=\"3219\" data-end=\"3242\">note dor\u00e9e \u00e9l\u00e9gante<\/strong> \u00e0 un sac plus sobre.<\/p>\n<\/li>\n<li data-start=\"3266\" data-end=\"3352\">\n<p data-start=\"3268\" data-end=\"3352\">Afficher un <strong data-start=\"3280\" data-end=\"3313\">style plus cr\u00e9atif et playful<\/strong>, tr\u00e8s appr\u00e9ci\u00e9 dans le monde Herm\u00e8s.<\/p>\n<\/li>\n<li data-start=\"3353\" data-end=\"3427\">\n<p data-start=\"3355\" data-end=\"3427\">Enrichir une <strong data-start=\"3368\" data-end=\"3424\">collection d\u2019accessoires Herm\u00e8s vintage et fantaisie<\/strong>.<\/p>\n<\/li>\n<\/ul>\n<hr data-start=\"3429\" data-end=\"3432\" \/>\n<h3 data-start=\"3434\" data-end=\"3474\">Une excellente pi\u00e8ce de collection<\/h3>\n<ul data-start=\"3476\" data-end=\"3776\">\n<li data-start=\"3476\" data-end=\"3555\">\n<p data-start=\"3478\" data-end=\"3555\">Les <strong data-start=\"3482\" data-end=\"3516\">bijoux de sac Herm\u00e8s fantaisie<\/strong> prennent de la valeur avec le temps.<\/p>\n<\/li>\n<li data-start=\"3556\" data-end=\"3668\">\n<p data-start=\"3558\" data-end=\"3668\">Les cadenas \u00e0 th\u00e8me (animaux, symboles, \u00e9ditions ann\u00e9e) sont activement recherch\u00e9s sur le march\u00e9 du vintage.<\/p>\n<\/li>\n<li data-start=\"3669\" data-end=\"3776\">\n<p data-start=\"3671\" data-end=\"3776\">Un investissement miniature mais de <strong data-start=\"3707\" data-end=\"3736\">forte valeur patrimoniale<\/strong>, parfait pour collectionneurs Herm\u00e8s.<\/p>\n<\/li>\n<\/ul>\n<hr data-start=\"3778\" data-end=\"3781\" \/>\n<h3 data-start=\"3783\" data-end=\"3831\">Pourquoi acheter chez TheVintageTraveler ?<\/h3>\n<p data-start=\"3833\" data-end=\"3889\">Chez <strong data-start=\"3838\" data-end=\"3860\">TheVintageTraveler<\/strong>, chaque bijou Herm\u00e8s est :<\/p>\n<ul data-start=\"3891\" data-end=\"4192\">\n<li data-start=\"3891\" data-end=\"3949\">\n<p data-start=\"3893\" data-end=\"3949\"><strong data-start=\"3893\" data-end=\"3921\">Authentifi\u00e9 et expertis\u00e9<\/strong>, avec datation confirm\u00e9e.<\/p>\n<\/li>\n<li data-start=\"3950\" data-end=\"4029\">\n<p data-start=\"3952\" data-end=\"4029\">S\u00e9lectionn\u00e9 pour sa <strong data-start=\"3972\" data-end=\"4026\">raret\u00e9, son \u00e9tat et son potentiel d\u2019investissement<\/strong>.<\/p>\n<\/li>\n<li data-start=\"4030\" data-end=\"4075\">\n<p data-start=\"4032\" data-end=\"4075\">Livr\u00e9 avec <strong data-start=\"4043\" data-end=\"4072\">certificat d\u2019authenticit\u00e9<\/strong>.<\/p>\n<\/li>\n<li data-start=\"4076\" data-end=\"4192\">\n<p data-start=\"4078\" data-end=\"4192\">Disponible en <strong data-start=\"4092\" data-end=\"4143\">retrait showroom (March\u00e9 Serpette \u2013 Saint-Ouen)<\/strong> ou via <strong data-start=\"4151\" data-end=\"4189\">livraison internationale s\u00e9curis\u00e9e<\/strong>.<\/p>\n<\/li>\n<\/ul>\n<hr data-start=\"4194\" data-end=\"4197\" \/>\n<h3 data-start=\"4199\" data-end=\"4215\">Conclusion<\/h3>\n<p data-start=\"4217\" data-end=\"4553\">Ce <strong data-start=\"4220\" data-end=\"4264\">bijou de sac Herm\u00e8s cadenas p\u00e9lican dor\u00e9<\/strong> est une <strong data-start=\"4273\" data-end=\"4309\">pi\u00e8ce rare, amusante et \u00e9l\u00e9gante<\/strong>, parfaite pour personnaliser un sac Herm\u00e8s ou enrichir une collection d\u2019accessoires de luxe. Avec son design fantaisie et sa finition dor\u00e9e, il incarne tout l\u2019<strong data-start=\"4469\" data-end=\"4511\">esprit ludique et prestigieux d\u2019Herm\u00e8s<\/strong> \u2014 un <strong data-start=\"4517\" data-end=\"4550\">collector s\u00fbr et irr\u00e9sistible<\/strong>.<\/p>\n<p>Suivez &#8211; nous sur <a href=\"https:\/\/www.facebook.com\/TheVintageTravelerFR\">Facebook<\/a> et <a href=\"https:\/\/www.instagram.com\/the_vintagetraveler\/?igsh=aXdsbDJkdnpwZjcx#\">Instagram<\/a><\/p>\n","protected":false},"excerpt":{"rendered":"<p>Bijou de sac Herm\u00e8s en cadenas p\u00e9lican dor\u00e9. Accessoire rare, ludique et certifi\u00e9. Parfait pour sublimer un sac Herm\u00e8s ou pour collection.<\/p>\n","protected":false},"featured_media":6574,"template":"","meta":[],"product_brand":[],"product_cat":[123,125,140],"product_tag":[136],"class_list":{"0":"post-6568","1":"product","2":"type-product","3":"status-publish","4":"has-post-thumbnail","6":"product_cat-bijoux-de-luxe-vintage","7":"product_cat-hermes-bijoux","8":"product_cat-nouveautes","9":"product_tag-hermes","11":"first","12":"instock","13":"sold-individually","14":"shipping-taxable","15":"product-type-simple"},"yoast_head":"<!-- This site is optimized with the Yoast SEO plugin v27.1.1 - https:\/\/yoast.com\/product\/yoast-seo-wordpress\/ -->\n<title>Bijou de Sac Herm\u00e8s Cadenas P\u00e9lican Dor\u00e9 | TheVintageTraveler<\/title>\n<meta name=\"description\" content=\"Bijou de sac Herm\u00e8s cadenas p\u00e9lican dor\u00e9. Pi\u00e8ce rare, ludique et iconique. Accessoire de collection Herm\u00e8s, parfait pour Birkin ou Kelly.\" \/>\n<meta name=\"robots\" content=\"index, follow, max-snippet:-1, max-image-preview:large, max-video-preview:-1\" \/>\n<link rel=\"canonical\" href=\"https:\/\/thevintagetraveler.com\/en\/produit\/bijou-sac-hermes-cadenas-pelican-dore\/\" \/>\n<meta property=\"og:locale\" content=\"en_US\" \/>\n<meta property=\"og:type\" content=\"article\" \/>\n<meta property=\"og:title\" content=\"Bijou de Sac Herm\u00e8s Cadenas P\u00e9lican Dor\u00e9 | TheVintageTraveler\" \/>\n<meta property=\"og:description\" content=\"Bijou de sac Herm\u00e8s cadenas p\u00e9lican dor\u00e9. Pi\u00e8ce rare, ludique et iconique. Accessoire de collection Herm\u00e8s, parfait pour Birkin ou Kelly.\" \/>\n<meta property=\"og:url\" content=\"https:\/\/thevintagetraveler.com\/en\/produit\/bijou-sac-hermes-cadenas-pelican-dore\/\" \/>\n<meta property=\"og:site_name\" content=\"TheVintageTraveler\" \/>\n<meta property=\"article:publisher\" content=\"https:\/\/www.facebook.com\/TheVintageTravelerFR\/\" \/>\n<meta property=\"article:modified_time\" content=\"2026-03-30T13:13:30+00:00\" \/>\n<meta property=\"og:image\" content=\"https:\/\/thevintagetraveler.com\/wp-content\/uploads\/2025\/11\/image00061.jpeg\" \/>\n\t<meta property=\"og:image:width\" content=\"1800\" \/>\n\t<meta property=\"og:image:height\" content=\"2400\" \/>\n\t<meta property=\"og:image:type\" content=\"image\/jpeg\" \/>\n<meta name=\"twitter:card\" content=\"summary_large_image\" \/>\n<meta name=\"twitter:label1\" content=\"Est. reading time\" \/>\n\t<meta name=\"twitter:data1\" content=\"3 minutes\" \/>\n<script type=\"application\/ld+json\" class=\"yoast-schema-graph\">{\"@context\":\"https:\/\/schema.org\",\"@graph\":[{\"@type\":\"WebPage\",\"@id\":\"https:\/\/thevintagetraveler.com\/en\/produit\/bijou-sac-hermes-cadenas-pelican-dore\/\",\"url\":\"https:\/\/thevintagetraveler.com\/en\/produit\/bijou-sac-hermes-cadenas-pelican-dore\/\",\"name\":\"Bijou de Sac Herm\u00e8s Cadenas P\u00e9lican Dor\u00e9 | TheVintageTraveler\",\"isPartOf\":{\"@id\":\"https:\/\/thevintagetraveler.com\/en\/#website\"},\"primaryImageOfPage\":{\"@id\":\"https:\/\/thevintagetraveler.com\/en\/produit\/bijou-sac-hermes-cadenas-pelican-dore\/#primaryimage\"},\"image\":{\"@id\":\"https:\/\/thevintagetraveler.com\/en\/produit\/bijou-sac-hermes-cadenas-pelican-dore\/#primaryimage\"},\"thumbnailUrl\":\"https:\/\/thevintagetraveler.com\/wp-content\/uploads\/2025\/11\/image00061.jpeg\",\"datePublished\":\"2024-11-13T13:23:40+00:00\",\"dateModified\":\"2026-03-30T13:13:30+00:00\",\"description\":\"Bijou de sac Herm\u00e8s cadenas p\u00e9lican dor\u00e9. Pi\u00e8ce rare, ludique et iconique. Accessoire de collection Herm\u00e8s, parfait pour Birkin ou Kelly.\",\"breadcrumb\":{\"@id\":\"https:\/\/thevintagetraveler.com\/en\/produit\/bijou-sac-hermes-cadenas-pelican-dore\/#breadcrumb\"},\"inLanguage\":\"en-US\",\"potentialAction\":[{\"@type\":\"ReadAction\",\"target\":[\"https:\/\/thevintagetraveler.com\/en\/produit\/bijou-sac-hermes-cadenas-pelican-dore\/\"]}]},{\"@type\":\"ImageObject\",\"inLanguage\":\"en-US\",\"@id\":\"https:\/\/thevintagetraveler.com\/en\/produit\/bijou-sac-hermes-cadenas-pelican-dore\/#primaryimage\",\"url\":\"https:\/\/thevintagetraveler.com\/wp-content\/uploads\/2025\/11\/image00061.jpeg\",\"contentUrl\":\"https:\/\/thevintagetraveler.com\/wp-content\/uploads\/2025\/11\/image00061.jpeg\",\"width\":1800,\"height\":2400,\"caption\":\"bijou de sac Herm\u00e8s cadenas p\u00e9lican dor\u00e9\"},{\"@type\":\"BreadcrumbList\",\"@id\":\"https:\/\/thevintagetraveler.com\/en\/produit\/bijou-sac-hermes-cadenas-pelican-dore\/#breadcrumb\",\"itemListElement\":[{\"@type\":\"ListItem\",\"position\":1,\"name\":\"Accueil\",\"item\":\"https:\/\/thevintagetraveler.com\/en\/\"},{\"@type\":\"ListItem\",\"position\":2,\"name\":\"Shop\",\"item\":\"https:\/\/thevintagetraveler.com\/shop\/\"},{\"@type\":\"ListItem\",\"position\":3,\"name\":\"Bijou de sac Herm\u00e8s P\u00e9lican dor\u00e9\"}]},{\"@type\":\"WebSite\",\"@id\":\"https:\/\/thevintagetraveler.com\/en\/#website\",\"url\":\"https:\/\/thevintagetraveler.com\/en\/\",\"name\":\"TheVintageTraveler\",\"description\":\"Luxury experts in Louis Vuitton, Chanel &amp; Herm\u00e8s\",\"publisher\":{\"@id\":\"https:\/\/thevintagetraveler.com\/en\/#organization\"},\"potentialAction\":[{\"@type\":\"SearchAction\",\"target\":{\"@type\":\"EntryPoint\",\"urlTemplate\":\"https:\/\/thevintagetraveler.com\/en\/?s={search_term_string}\"},\"query-input\":{\"@type\":\"PropertyValueSpecification\",\"valueRequired\":true,\"valueName\":\"search_term_string\"}}],\"inLanguage\":\"en-US\"},{\"@type\":\"Organization\",\"@id\":\"https:\/\/thevintagetraveler.com\/en\/#organization\",\"name\":\"TheVintageTraveler\",\"url\":\"https:\/\/thevintagetraveler.com\/en\/\",\"logo\":{\"@type\":\"ImageObject\",\"inLanguage\":\"en-US\",\"@id\":\"https:\/\/thevintagetraveler.com\/en\/#\/schema\/logo\/image\/\",\"url\":\"https:\/\/thevintagetraveler.com\/wp-content\/uploads\/2025\/04\/LOGO-THE-VINTAGE-TRAVELER-FINAL-e1745392697678.png\",\"contentUrl\":\"https:\/\/thevintagetraveler.com\/wp-content\/uploads\/2025\/04\/LOGO-THE-VINTAGE-TRAVELER-FINAL-e1745392697678.png\",\"width\":798,\"height\":318,\"caption\":\"TheVintageTraveler\"},\"image\":{\"@id\":\"https:\/\/thevintagetraveler.com\/en\/#\/schema\/logo\/image\/\"},\"sameAs\":[\"https:\/\/www.facebook.com\/TheVintageTravelerFR\/\",\"https:\/\/www.instagram.com\/the_vintagetraveler\"]}]}<\/script>\n<!-- \/ Yoast SEO plugin. -->","yoast_head_json":{"title":"Bijou de Sac Herm\u00e8s Cadenas P\u00e9lican Dor\u00e9 | TheVintageTraveler","description":"Bijou de sac Herm\u00e8s cadenas p\u00e9lican dor\u00e9. Pi\u00e8ce rare, ludique et iconique. Accessoire de collection Herm\u00e8s, parfait pour Birkin ou Kelly.","robots":{"index":"index","follow":"follow","max-snippet":"max-snippet:-1","max-image-preview":"max-image-preview:large","max-video-preview":"max-video-preview:-1"},"canonical":"https:\/\/thevintagetraveler.com\/en\/produit\/bijou-sac-hermes-cadenas-pelican-dore\/","og_locale":"en_US","og_type":"article","og_title":"Bijou de Sac Herm\u00e8s Cadenas P\u00e9lican Dor\u00e9 | TheVintageTraveler","og_description":"Bijou de sac Herm\u00e8s cadenas p\u00e9lican dor\u00e9. Pi\u00e8ce rare, ludique et iconique. Accessoire de collection Herm\u00e8s, parfait pour Birkin ou Kelly.","og_url":"https:\/\/thevintagetraveler.com\/en\/produit\/bijou-sac-hermes-cadenas-pelican-dore\/","og_site_name":"TheVintageTraveler","article_publisher":"https:\/\/www.facebook.com\/TheVintageTravelerFR\/","article_modified_time":"2026-03-30T13:13:30+00:00","og_image":[{"width":1800,"height":2400,"url":"https:\/\/thevintagetraveler.com\/wp-content\/uploads\/2025\/11\/image00061.jpeg","type":"image\/jpeg"}],"twitter_card":"summary_large_image","twitter_misc":{"Est. reading time":"3 minutes"},"schema":{"@context":"https:\/\/schema.org","@graph":[{"@type":"WebPage","@id":"https:\/\/thevintagetraveler.com\/en\/produit\/bijou-sac-hermes-cadenas-pelican-dore\/","url":"https:\/\/thevintagetraveler.com\/en\/produit\/bijou-sac-hermes-cadenas-pelican-dore\/","name":"Bijou de Sac Herm\u00e8s Cadenas P\u00e9lican Dor\u00e9 | TheVintageTraveler","isPartOf":{"@id":"https:\/\/thevintagetraveler.com\/en\/#website"},"primaryImageOfPage":{"@id":"https:\/\/thevintagetraveler.com\/en\/produit\/bijou-sac-hermes-cadenas-pelican-dore\/#primaryimage"},"image":{"@id":"https:\/\/thevintagetraveler.com\/en\/produit\/bijou-sac-hermes-cadenas-pelican-dore\/#primaryimage"},"thumbnailUrl":"https:\/\/thevintagetraveler.com\/wp-content\/uploads\/2025\/11\/image00061.jpeg","datePublished":"2024-11-13T13:23:40+00:00","dateModified":"2026-03-30T13:13:30+00:00","description":"Bijou de sac Herm\u00e8s cadenas p\u00e9lican dor\u00e9. Pi\u00e8ce rare, ludique et iconique. Accessoire de collection Herm\u00e8s, parfait pour Birkin ou Kelly.","breadcrumb":{"@id":"https:\/\/thevintagetraveler.com\/en\/produit\/bijou-sac-hermes-cadenas-pelican-dore\/#breadcrumb"},"inLanguage":"en-US","potentialAction":[{"@type":"ReadAction","target":["https:\/\/thevintagetraveler.com\/en\/produit\/bijou-sac-hermes-cadenas-pelican-dore\/"]}]},{"@type":"ImageObject","inLanguage":"en-US","@id":"https:\/\/thevintagetraveler.com\/en\/produit\/bijou-sac-hermes-cadenas-pelican-dore\/#primaryimage","url":"https:\/\/thevintagetraveler.com\/wp-content\/uploads\/2025\/11\/image00061.jpeg","contentUrl":"https:\/\/thevintagetraveler.com\/wp-content\/uploads\/2025\/11\/image00061.jpeg","width":1800,"height":2400,"caption":"bijou de sac Herm\u00e8s cadenas p\u00e9lican dor\u00e9"},{"@type":"BreadcrumbList","@id":"https:\/\/thevintagetraveler.com\/en\/produit\/bijou-sac-hermes-cadenas-pelican-dore\/#breadcrumb","itemListElement":[{"@type":"ListItem","position":1,"name":"Accueil","item":"https:\/\/thevintagetraveler.com\/en\/"},{"@type":"ListItem","position":2,"name":"Shop","item":"https:\/\/thevintagetraveler.com\/shop\/"},{"@type":"ListItem","position":3,"name":"Bijou de sac Herm\u00e8s P\u00e9lican dor\u00e9"}]},{"@type":"WebSite","@id":"https:\/\/thevintagetraveler.com\/en\/#website","url":"https:\/\/thevintagetraveler.com\/en\/","name":"TheVintageTraveler","description":"Luxury experts in Louis Vuitton, Chanel &amp; Herm\u00e8s","publisher":{"@id":"https:\/\/thevintagetraveler.com\/en\/#organization"},"potentialAction":[{"@type":"SearchAction","target":{"@type":"EntryPoint","urlTemplate":"https:\/\/thevintagetraveler.com\/en\/?s={search_term_string}"},"query-input":{"@type":"PropertyValueSpecification","valueRequired":true,"valueName":"search_term_string"}}],"inLanguage":"en-US"},{"@type":"Organization","@id":"https:\/\/thevintagetraveler.com\/en\/#organization","name":"TheVintageTraveler","url":"https:\/\/thevintagetraveler.com\/en\/","logo":{"@type":"ImageObject","inLanguage":"en-US","@id":"https:\/\/thevintagetraveler.com\/en\/#\/schema\/logo\/image\/","url":"https:\/\/thevintagetraveler.com\/wp-content\/uploads\/2025\/04\/LOGO-THE-VINTAGE-TRAVELER-FINAL-e1745392697678.png","contentUrl":"https:\/\/thevintagetraveler.com\/wp-content\/uploads\/2025\/04\/LOGO-THE-VINTAGE-TRAVELER-FINAL-e1745392697678.png","width":798,"height":318,"caption":"TheVintageTraveler"},"image":{"@id":"https:\/\/thevintagetraveler.com\/en\/#\/schema\/logo\/image\/"},"sameAs":["https:\/\/www.facebook.com\/TheVintageTravelerFR\/","https:\/\/www.instagram.com\/the_vintagetraveler"]}]}},"_links":{"self":[{"href":"https:\/\/thevintagetraveler.com\/en\/wp-json\/wp\/v2\/product\/6568","targetHints":{"allow":["GET"]}}],"collection":[{"href":"https:\/\/thevintagetraveler.com\/en\/wp-json\/wp\/v2\/product"}],"about":[{"href":"https:\/\/thevintagetraveler.com\/en\/wp-json\/wp\/v2\/types\/product"}],"wp:featuredmedia":[{"embeddable":true,"href":"https:\/\/thevintagetraveler.com\/en\/wp-json\/wp\/v2\/media\/6574"}],"wp:attachment":[{"href":"https:\/\/thevintagetraveler.com\/en\/wp-json\/wp\/v2\/media?parent=6568"}],"wp:term":[{"taxonomy":"product_brand","embeddable":true,"href":"https:\/\/thevintagetraveler.com\/en\/wp-json\/wp\/v2\/product_brand?post=6568"},{"taxonomy":"product_cat","embeddable":true,"href":"https:\/\/thevintagetraveler.com\/en\/wp-json\/wp\/v2\/product_cat?post=6568"},{"taxonomy":"product_tag","embeddable":true,"href":"https:\/\/thevintagetraveler.com\/en\/wp-json\/wp\/v2\/product_tag?post=6568"}],"curies":[{"name":"wp","href":"https:\/\/api.w.org\/{rel}","templated":true}]}}