{"id":6620,"date":"2024-11-13T14:58:16","date_gmt":"2024-11-13T13:58:16","guid":{"rendered":"https:\/\/thevintagetraveler.com\/?post_type=product&#038;p=6620"},"modified":"2026-01-26T12:44:36","modified_gmt":"2026-01-26T11:44:36","slug":"pochette-hermes-jige-vintage-toile-cuir-box-bleu","status":"publish","type":"product","link":"https:\/\/thevintagetraveler.com\/en\/produit\/pochette-hermes-jige-vintage-toile-cuir-box-bleu\/","title":{"rendered":"Pochette Herm\u00e8s Jigge toile et cuir bleu"},"content":{"rendered":"<h3 data-start=\"1013\" data-end=\"1072\">Pochette Herm\u00e8s Jige \u2013 Vintage, Toile &amp; Cuir Box Bleu<\/h3>\n<p data-start=\"1074\" data-end=\"1462\">Cette <strong data-start=\"1080\" data-end=\"1112\">pochette Herm\u00e8s Jige vintage<\/strong>, r\u00e9alis\u00e9e en <strong data-start=\"1126\" data-end=\"1142\">toile Herm\u00e8s<\/strong> et en <strong data-start=\"1149\" data-end=\"1166\">cuir Box bleu<\/strong>, est une <strong data-start=\"1176\" data-end=\"1202\">pi\u00e8ce rare et \u00e9l\u00e9gante<\/strong>, embl\u00e9matique du style chic et minimaliste de la maison Herm\u00e8s. Avec son design \u00e9pur\u00e9 et son c\u00e9l\u00e8bre rabat en forme de <strong data-start=\"1322\" data-end=\"1327\">H<\/strong>, la Jige est une <strong data-start=\"1345\" data-end=\"1367\">ic\u00f4ne intemporelle<\/strong>, convoit\u00e9e aussi bien par les collectionneurs que par les amateurs de pi\u00e8ces <a href=\"https:\/\/thevintagetraveler.com\/rachat-de-malles-louis-vuitton\/\">vintage<\/a> Herm\u00e8s.<\/p>\n<hr data-start=\"1464\" data-end=\"1467\" \/>\n<h3 data-start=\"1469\" data-end=\"1513\">La Jige : une ic\u00f4ne Herm\u00e8s depuis 1975<\/h3>\n<ul data-start=\"1515\" data-end=\"1856\">\n<li data-start=\"1515\" data-end=\"1617\">\n<p data-start=\"1517\" data-end=\"1617\">Cr\u00e9\u00e9e dans les ann\u00e9es 1970, la <strong data-start=\"1548\" data-end=\"1556\">Jige<\/strong> est l\u2019une des pochettes les plus reconnaissables d\u2019Herm\u00e8s.<\/p>\n<\/li>\n<li data-start=\"1618\" data-end=\"1690\">\n<p data-start=\"1620\" data-end=\"1690\">Elle doit son nom au <strong data-start=\"1641\" data-end=\"1646\">H<\/strong> du rabat, symbole signature de la maison.<\/p>\n<\/li>\n<li data-start=\"1691\" data-end=\"1763\">\n<p data-start=\"1693\" data-end=\"1763\">Lignes \u00e9pur\u00e9es, silhouette \u00e9l\u00e9gante et allure discr\u00e8tement luxueuse.<\/p>\n<\/li>\n<li data-start=\"1764\" data-end=\"1856\">\n<p data-start=\"1766\" data-end=\"1856\">Tr\u00e8s recherch\u00e9e en version <strong data-start=\"1793\" data-end=\"1804\">vintage<\/strong>, surtout dans les combinaisons de mati\u00e8res rares.<\/p>\n<\/li>\n<\/ul>\n<hr data-start=\"1858\" data-end=\"1861\" \/>\n<h3 data-start=\"1863\" data-end=\"1911\">Toile Herm\u00e8s &amp; cuir Box bleu : chic absolu<\/h3>\n<ul data-start=\"1913\" data-end=\"2307\">\n<li data-start=\"1913\" data-end=\"1975\">\n<p data-start=\"1915\" data-end=\"1975\"><strong data-start=\"1915\" data-end=\"1931\">Toile Herm\u00e8s<\/strong> : souple, r\u00e9sistante, l\u00e9g\u00e8re et \u00e9l\u00e9gante.<\/p>\n<\/li>\n<li data-start=\"1976\" data-end=\"2104\">\n<p data-start=\"1978\" data-end=\"2104\"><strong data-start=\"1978\" data-end=\"1990\">Cuir Box<\/strong> : cuir le plus culte et pr\u00e9cieux de la maison Herm\u00e8s, lisse, brillant et patinant magnifiquement avec le temps.<\/p>\n<\/li>\n<li data-start=\"2105\" data-end=\"2213\">\n<p data-start=\"2107\" data-end=\"2213\"><strong data-start=\"2107\" data-end=\"2123\">Couleur bleu<\/strong> : raffinement rare, parfait pour une tenue habill\u00e9e comme pour un usage quotidien chic.<\/p>\n<\/li>\n<li data-start=\"2214\" data-end=\"2307\">\n<p data-start=\"2216\" data-end=\"2307\">Alliance toile + cuir Box : une combinaison recherch\u00e9e et difficile \u00e0 trouver en vintage.<\/p>\n<\/li>\n<\/ul>\n<hr data-start=\"2309\" data-end=\"2312\" \/>\n<h3 data-start=\"2314\" data-end=\"2347\">Caract\u00e9ristiques du produit<\/h3>\n<ul data-start=\"2349\" data-end=\"2721\">\n<li data-start=\"2349\" data-end=\"2372\">\n<p data-start=\"2351\" data-end=\"2372\"><strong data-start=\"2351\" data-end=\"2363\">Marque :<\/strong> Herm\u00e8s<\/p>\n<\/li>\n<li data-start=\"2373\" data-end=\"2403\">\n<p data-start=\"2375\" data-end=\"2403\"><strong data-start=\"2375\" data-end=\"2387\">Mod\u00e8le :<\/strong> Pochette Jige<\/p>\n<\/li>\n<li data-start=\"2404\" data-end=\"2458\">\n<p data-start=\"2406\" data-end=\"2458\"><strong data-start=\"2406\" data-end=\"2418\">\u00c9poque :<\/strong> Vintage<\/p>\n<\/li>\n<li data-start=\"2459\" data-end=\"2501\">\n<p data-start=\"2461\" data-end=\"2501\"><strong data-start=\"2461\" data-end=\"2475\">Mati\u00e8res :<\/strong> Toile Herm\u00e8s &amp; cuir Box<\/p>\n<\/li>\n<li data-start=\"2502\" data-end=\"2524\">\n<p data-start=\"2504\" data-end=\"2524\"><strong data-start=\"2504\" data-end=\"2517\">Couleur :<\/strong> Bleu<\/p>\n<\/li>\n<li data-start=\"2525\" data-end=\"2564\">\n<p data-start=\"2527\" data-end=\"2564\"><strong data-start=\"2527\" data-end=\"2542\">Fermeture :<\/strong> Rabat iconique en H<\/p>\n<\/li>\n<li data-start=\"2565\" data-end=\"2640\">\n<p data-start=\"2567\" data-end=\"2640\"><strong data-start=\"2567\" data-end=\"2577\">\u00c9tat :<\/strong> Tr\u00e8s bon \u00e9tat vintage<\/p>\n<\/li>\n<li data-start=\"2641\" data-end=\"2721\">\n<p data-start=\"2643\" data-end=\"2721\"><strong data-start=\"2643\" data-end=\"2665\">Authentification :<\/strong> Certifi\u00e9e \u2013 livr\u00e9e avec certificat TheVintageTraveler<\/p>\n<\/li>\n<\/ul>\n<hr data-start=\"2723\" data-end=\"2726\" \/>\n<h3 data-start=\"2728\" data-end=\"2783\">Pourquoi la Jige vintage est rare et recherch\u00e9e ?<\/h3>\n<ul data-start=\"2785\" data-end=\"3129\">\n<li data-start=\"2785\" data-end=\"2851\">\n<p data-start=\"2787\" data-end=\"2851\">Version <strong data-start=\"2795\" data-end=\"2815\">toile + cuir Box<\/strong>, difficile \u00e0 trouver aujourd\u2019hui.<\/p>\n<\/li>\n<li data-start=\"2852\" data-end=\"2930\">\n<p data-start=\"2854\" data-end=\"2930\">Pi\u00e8ce vintage Herm\u00e8s, plus travaill\u00e9e et patin\u00e9e que les mod\u00e8les modernes.<\/p>\n<\/li>\n<li data-start=\"2931\" data-end=\"3020\">\n<p data-start=\"2933\" data-end=\"3020\">Silhouette minimaliste, mais imm\u00e9diatement reconnaissable gr\u00e2ce \u00e0 son <strong data-start=\"3003\" data-end=\"3017\">H iconique<\/strong>.<\/p>\n<\/li>\n<li data-start=\"3021\" data-end=\"3129\">\n<p data-start=\"3023\" data-end=\"3129\">Tr\u00e8s recherch\u00e9e sur le march\u00e9 vintage Herm\u00e8s pour son <strong data-start=\"3077\" data-end=\"3126\">\u00e9l\u00e9gance et sa capacit\u00e9 \u00e0 traverser les modes<\/strong>.<\/p>\n<\/li>\n<\/ul>\n<hr data-start=\"3131\" data-end=\"3134\" \/>\n<h3 data-start=\"3136\" data-end=\"3174\">Une pochette chic et polyvalente<\/h3>\n<p data-start=\"3176\" data-end=\"3217\">Cette pochette Herm\u00e8s est id\u00e9ale pour :<\/p>\n<ul data-start=\"3219\" data-end=\"3455\">\n<li data-start=\"3219\" data-end=\"3282\">\n<p data-start=\"3221\" data-end=\"3282\">Porter lors d\u2019un <strong data-start=\"3238\" data-end=\"3251\">\u00e9v\u00e9nement<\/strong>, d\u2019une soir\u00e9e ou d\u2019un d\u00eener.<\/p>\n<\/li>\n<li data-start=\"3283\" data-end=\"3346\">\n<p data-start=\"3285\" data-end=\"3346\">Utiliser au quotidien pour un <strong data-start=\"3315\" data-end=\"3343\">look chic et d\u00e9contract\u00e9<\/strong>.<\/p>\n<\/li>\n<li data-start=\"3347\" data-end=\"3395\">\n<p data-start=\"3349\" data-end=\"3395\">Compl\u00e9ter une <strong data-start=\"3363\" data-end=\"3392\">collection Herm\u00e8s vintage<\/strong>.<\/p>\n<\/li>\n<li data-start=\"3396\" data-end=\"3455\">\n<p data-start=\"3398\" data-end=\"3455\">Offrir une pi\u00e8ce raffin\u00e9e et patrimoniale de la maison.<\/p>\n<\/li>\n<\/ul>\n<hr data-start=\"3457\" data-end=\"3460\" \/>\n<h3 data-start=\"3462\" data-end=\"3502\">Un excellent investissement Herm\u00e8s<\/h3>\n<ul data-start=\"3504\" data-end=\"3808\">\n<li data-start=\"3504\" data-end=\"3594\">\n<p data-start=\"3506\" data-end=\"3594\">Les pochettes <strong data-start=\"3520\" data-end=\"3536\">Jige vintage<\/strong> prennent de la valeur, surtout dans les mati\u00e8res rares.<\/p>\n<\/li>\n<li data-start=\"3595\" data-end=\"3674\">\n<p data-start=\"3597\" data-end=\"3674\">Le <strong data-start=\"3600\" data-end=\"3612\">cuir Box<\/strong>, tr\u00e8s pris\u00e9, reste l\u2019un des cuirs les plus nobles d\u2019Herm\u00e8s.<\/p>\n<\/li>\n<li data-start=\"3675\" data-end=\"3749\">\n<p data-start=\"3677\" data-end=\"3749\">L\u2019association <strong data-start=\"3691\" data-end=\"3711\">toile + Box bleu<\/strong> renforce son attrait sur le march\u00e9.<\/p>\n<\/li>\n<li data-start=\"3750\" data-end=\"3808\">\n<p data-start=\"3752\" data-end=\"3808\">Pi\u00e8ce patrimoniale id\u00e9ale pour collectionneurs Herm\u00e8s.<\/p>\n<\/li>\n<\/ul>\n<hr data-start=\"3810\" data-end=\"3813\" \/>\n<h3 data-start=\"3815\" data-end=\"3863\">Pourquoi acheter chez TheVintageTraveler ?<\/h3>\n<p data-start=\"3865\" data-end=\"3924\">Chez <strong data-start=\"3870\" data-end=\"3892\">TheVintageTraveler<\/strong>, chaque pochette Herm\u00e8s est :<\/p>\n<ul data-start=\"3926\" data-end=\"4223\">\n<li data-start=\"3926\" data-end=\"3988\">\n<p data-start=\"3928\" data-end=\"3988\"><strong data-start=\"3928\" data-end=\"3958\">Authentifi\u00e9e et expertis\u00e9e<\/strong>, \u00e9tat et mati\u00e8re confirm\u00e9s.<\/p>\n<\/li>\n<li data-start=\"3989\" data-end=\"4069\">\n<p data-start=\"3991\" data-end=\"4069\">S\u00e9lectionn\u00e9e pour sa <strong data-start=\"4012\" data-end=\"4066\">raret\u00e9, son \u00e9l\u00e9gance et sa valeur d\u2019investissement<\/strong>.<\/p>\n<\/li>\n<li data-start=\"4070\" data-end=\"4116\">\n<p data-start=\"4072\" data-end=\"4116\">Livr\u00e9e avec <strong data-start=\"4084\" data-end=\"4113\">certificat d\u2019authenticit\u00e9<\/strong>.<\/p>\n<\/li>\n<li data-start=\"4117\" data-end=\"4223\">\n<p data-start=\"4119\" data-end=\"4223\">Disponible en showroom <strong data-start=\"4142\" data-end=\"4174\">March\u00e9 Serpette \u2013 Saint-Ouen<\/strong> ou via <strong data-start=\"4182\" data-end=\"4220\">livraison internationale s\u00e9curis\u00e9e<\/strong>.<\/p>\n<\/li>\n<\/ul>\n<hr data-start=\"4225\" data-end=\"4228\" \/>\n<h3 data-start=\"4230\" data-end=\"4246\">Conclusion<\/h3>\n<p data-start=\"4248\" data-end=\"4538\">Cette <strong data-start=\"4254\" data-end=\"4286\">pochette Herm\u00e8s Jige vintage<\/strong> en <strong data-start=\"4290\" data-end=\"4316\">toile et cuir Box bleu<\/strong> est une <strong data-start=\"4325\" data-end=\"4361\">pi\u00e8ce rare, \u00e9l\u00e9gante et raffin\u00e9e<\/strong>, embl\u00e9matique du chic intemporel Herm\u00e8s. Parfaite pour une tenue sophistiqu\u00e9e ou une collection de luxe, elle constitue \u00e9galement un <strong data-start=\"4495\" data-end=\"4535\">excellent investissement patrimonial<\/strong>.<\/p>\n<p>Suivez &#8211; nous sur <a href=\"https:\/\/www.facebook.com\/TheVintageTravelerFR\">Facebook<\/a> et <a href=\"https:\/\/www.instagram.com\/the_vintagetraveler\/?igsh=aXdsbDJkdnpwZjcx#\">Instagram<\/a><\/p>\n","protected":false},"excerpt":{"rendered":"<p>Pochette Herm\u00e8s Jige vintage en toile et cuir Box bleu. Rare, \u00e9l\u00e9gante et certifi\u00e9e. Parfaite pour une tenue chic ou une collection Herm\u00e8s.<\/p>\n","protected":false},"featured_media":6623,"template":"","meta":[],"product_brand":[],"product_cat":[115,140,167,152,112],"product_tag":[136,172],"class_list":{"0":"post-6620","1":"product","2":"type-product","3":"status-publish","4":"has-post-thumbnail","6":"product_cat-hermes","7":"product_cat-nouveautes","8":"product_cat-porte-documents","9":"product_cat-sac-a-main","10":"product_cat-sacs","11":"product_tag-hermes","12":"product_tag-hermesevelyne","14":"first","15":"outofstock","16":"sold-individually","17":"shipping-taxable","18":"purchasable","19":"product-type-simple"},"yoast_head":"<!-- This site is optimized with the Yoast SEO plugin v27.1.1 - https:\/\/yoast.com\/product\/yoast-seo-wordpress\/ -->\n<title>Pochette Herm\u00e8s Jige Vintage Toile &amp; Cuir Box Bleu | TheVintageTraveler<\/title>\n<meta name=\"description\" content=\"Pochette Herm\u00e8s Jige vintage en toile et cuir Box bleu. Pi\u00e8ce rare, chic et recherch\u00e9e. Iconique Herm\u00e8s, certifi\u00e9e et en tr\u00e8s bel \u00e9tat.\" \/>\n<meta name=\"robots\" content=\"index, follow, max-snippet:-1, max-image-preview:large, max-video-preview:-1\" \/>\n<link rel=\"canonical\" href=\"https:\/\/thevintagetraveler.com\/en\/produit\/pochette-hermes-jige-vintage-toile-cuir-box-bleu\/\" \/>\n<meta property=\"og:locale\" content=\"en_US\" \/>\n<meta property=\"og:type\" content=\"article\" \/>\n<meta property=\"og:title\" content=\"Pochette Herm\u00e8s Jige Vintage Toile &amp; Cuir Box Bleu | TheVintageTraveler\" \/>\n<meta property=\"og:description\" content=\"Pochette Herm\u00e8s Jige vintage en toile et cuir Box bleu. Pi\u00e8ce rare, chic et recherch\u00e9e. Iconique Herm\u00e8s, certifi\u00e9e et en tr\u00e8s bel \u00e9tat.\" \/>\n<meta property=\"og:url\" content=\"https:\/\/thevintagetraveler.com\/en\/produit\/pochette-hermes-jige-vintage-toile-cuir-box-bleu\/\" \/>\n<meta property=\"og:site_name\" content=\"TheVintageTraveler\" \/>\n<meta property=\"article:publisher\" content=\"https:\/\/www.facebook.com\/TheVintageTravelerFR\/\" \/>\n<meta property=\"article:modified_time\" content=\"2026-01-26T11:44:36+00:00\" \/>\n<meta property=\"og:image\" content=\"https:\/\/thevintagetraveler.com\/wp-content\/uploads\/2025\/11\/image00040.jpeg\" \/>\n\t<meta property=\"og:image:width\" content=\"1800\" \/>\n\t<meta property=\"og:image:height\" content=\"2400\" \/>\n\t<meta property=\"og:image:type\" content=\"image\/jpeg\" \/>\n<meta name=\"twitter:card\" content=\"summary_large_image\" \/>\n<meta name=\"twitter:label1\" content=\"Est. reading time\" \/>\n\t<meta name=\"twitter:data1\" content=\"3 minutes\" \/>\n<script type=\"application\/ld+json\" class=\"yoast-schema-graph\">{\"@context\":\"https:\/\/schema.org\",\"@graph\":[{\"@type\":\"WebPage\",\"@id\":\"https:\/\/thevintagetraveler.com\/en\/produit\/pochette-hermes-jige-vintage-toile-cuir-box-bleu\/\",\"url\":\"https:\/\/thevintagetraveler.com\/en\/produit\/pochette-hermes-jige-vintage-toile-cuir-box-bleu\/\",\"name\":\"Pochette Herm\u00e8s Jige Vintage Toile & Cuir Box Bleu | TheVintageTraveler\",\"isPartOf\":{\"@id\":\"https:\/\/thevintagetraveler.com\/en\/#website\"},\"primaryImageOfPage\":{\"@id\":\"https:\/\/thevintagetraveler.com\/en\/produit\/pochette-hermes-jige-vintage-toile-cuir-box-bleu\/#primaryimage\"},\"image\":{\"@id\":\"https:\/\/thevintagetraveler.com\/en\/produit\/pochette-hermes-jige-vintage-toile-cuir-box-bleu\/#primaryimage\"},\"thumbnailUrl\":\"https:\/\/thevintagetraveler.com\/wp-content\/uploads\/2025\/11\/image00040.jpeg\",\"datePublished\":\"2024-11-13T13:58:16+00:00\",\"dateModified\":\"2026-01-26T11:44:36+00:00\",\"description\":\"Pochette Herm\u00e8s Jige vintage en toile et cuir Box bleu. Pi\u00e8ce rare, chic et recherch\u00e9e. Iconique Herm\u00e8s, certifi\u00e9e et en tr\u00e8s bel \u00e9tat.\",\"breadcrumb\":{\"@id\":\"https:\/\/thevintagetraveler.com\/en\/produit\/pochette-hermes-jige-vintage-toile-cuir-box-bleu\/#breadcrumb\"},\"inLanguage\":\"en-US\",\"potentialAction\":[{\"@type\":\"ReadAction\",\"target\":[\"https:\/\/thevintagetraveler.com\/en\/produit\/pochette-hermes-jige-vintage-toile-cuir-box-bleu\/\"]}]},{\"@type\":\"ImageObject\",\"inLanguage\":\"en-US\",\"@id\":\"https:\/\/thevintagetraveler.com\/en\/produit\/pochette-hermes-jige-vintage-toile-cuir-box-bleu\/#primaryimage\",\"url\":\"https:\/\/thevintagetraveler.com\/wp-content\/uploads\/2025\/11\/image00040.jpeg\",\"contentUrl\":\"https:\/\/thevintagetraveler.com\/wp-content\/uploads\/2025\/11\/image00040.jpeg\",\"width\":1800,\"height\":2400,\"caption\":\"pochette Herm\u00e8s Jige vintage toile cuir box bleu\"},{\"@type\":\"BreadcrumbList\",\"@id\":\"https:\/\/thevintagetraveler.com\/en\/produit\/pochette-hermes-jige-vintage-toile-cuir-box-bleu\/#breadcrumb\",\"itemListElement\":[{\"@type\":\"ListItem\",\"position\":1,\"name\":\"Accueil\",\"item\":\"https:\/\/thevintagetraveler.com\/en\/\"},{\"@type\":\"ListItem\",\"position\":2,\"name\":\"Shop\",\"item\":\"https:\/\/thevintagetraveler.com\/shop\/\"},{\"@type\":\"ListItem\",\"position\":3,\"name\":\"Pochette Herm\u00e8s Jigge toile et cuir bleu\"}]},{\"@type\":\"WebSite\",\"@id\":\"https:\/\/thevintagetraveler.com\/en\/#website\",\"url\":\"https:\/\/thevintagetraveler.com\/en\/\",\"name\":\"TheVintageTraveler\",\"description\":\"Luxury experts in Louis Vuitton, Chanel &amp; Herm\u00e8s\",\"publisher\":{\"@id\":\"https:\/\/thevintagetraveler.com\/en\/#organization\"},\"potentialAction\":[{\"@type\":\"SearchAction\",\"target\":{\"@type\":\"EntryPoint\",\"urlTemplate\":\"https:\/\/thevintagetraveler.com\/en\/?s={search_term_string}\"},\"query-input\":{\"@type\":\"PropertyValueSpecification\",\"valueRequired\":true,\"valueName\":\"search_term_string\"}}],\"inLanguage\":\"en-US\"},{\"@type\":\"Organization\",\"@id\":\"https:\/\/thevintagetraveler.com\/en\/#organization\",\"name\":\"TheVintageTraveler\",\"url\":\"https:\/\/thevintagetraveler.com\/en\/\",\"logo\":{\"@type\":\"ImageObject\",\"inLanguage\":\"en-US\",\"@id\":\"https:\/\/thevintagetraveler.com\/en\/#\/schema\/logo\/image\/\",\"url\":\"https:\/\/thevintagetraveler.com\/wp-content\/uploads\/2025\/04\/LOGO-THE-VINTAGE-TRAVELER-FINAL-e1745392697678.png\",\"contentUrl\":\"https:\/\/thevintagetraveler.com\/wp-content\/uploads\/2025\/04\/LOGO-THE-VINTAGE-TRAVELER-FINAL-e1745392697678.png\",\"width\":798,\"height\":318,\"caption\":\"TheVintageTraveler\"},\"image\":{\"@id\":\"https:\/\/thevintagetraveler.com\/en\/#\/schema\/logo\/image\/\"},\"sameAs\":[\"https:\/\/www.facebook.com\/TheVintageTravelerFR\/\",\"https:\/\/www.instagram.com\/the_vintagetraveler\"]}]}<\/script>\n<!-- \/ Yoast SEO plugin. -->","yoast_head_json":{"title":"Pochette Herm\u00e8s Jige Vintage Toile & Cuir Box Bleu | TheVintageTraveler","description":"Pochette Herm\u00e8s Jige vintage en toile et cuir Box bleu. Pi\u00e8ce rare, chic et recherch\u00e9e. Iconique Herm\u00e8s, certifi\u00e9e et en tr\u00e8s bel \u00e9tat.","robots":{"index":"index","follow":"follow","max-snippet":"max-snippet:-1","max-image-preview":"max-image-preview:large","max-video-preview":"max-video-preview:-1"},"canonical":"https:\/\/thevintagetraveler.com\/en\/produit\/pochette-hermes-jige-vintage-toile-cuir-box-bleu\/","og_locale":"en_US","og_type":"article","og_title":"Pochette Herm\u00e8s Jige Vintage Toile & Cuir Box Bleu | TheVintageTraveler","og_description":"Pochette Herm\u00e8s Jige vintage en toile et cuir Box bleu. Pi\u00e8ce rare, chic et recherch\u00e9e. Iconique Herm\u00e8s, certifi\u00e9e et en tr\u00e8s bel \u00e9tat.","og_url":"https:\/\/thevintagetraveler.com\/en\/produit\/pochette-hermes-jige-vintage-toile-cuir-box-bleu\/","og_site_name":"TheVintageTraveler","article_publisher":"https:\/\/www.facebook.com\/TheVintageTravelerFR\/","article_modified_time":"2026-01-26T11:44:36+00:00","og_image":[{"width":1800,"height":2400,"url":"https:\/\/thevintagetraveler.com\/wp-content\/uploads\/2025\/11\/image00040.jpeg","type":"image\/jpeg"}],"twitter_card":"summary_large_image","twitter_misc":{"Est. reading time":"3 minutes"},"schema":{"@context":"https:\/\/schema.org","@graph":[{"@type":"WebPage","@id":"https:\/\/thevintagetraveler.com\/en\/produit\/pochette-hermes-jige-vintage-toile-cuir-box-bleu\/","url":"https:\/\/thevintagetraveler.com\/en\/produit\/pochette-hermes-jige-vintage-toile-cuir-box-bleu\/","name":"Pochette Herm\u00e8s Jige Vintage Toile & Cuir Box Bleu | TheVintageTraveler","isPartOf":{"@id":"https:\/\/thevintagetraveler.com\/en\/#website"},"primaryImageOfPage":{"@id":"https:\/\/thevintagetraveler.com\/en\/produit\/pochette-hermes-jige-vintage-toile-cuir-box-bleu\/#primaryimage"},"image":{"@id":"https:\/\/thevintagetraveler.com\/en\/produit\/pochette-hermes-jige-vintage-toile-cuir-box-bleu\/#primaryimage"},"thumbnailUrl":"https:\/\/thevintagetraveler.com\/wp-content\/uploads\/2025\/11\/image00040.jpeg","datePublished":"2024-11-13T13:58:16+00:00","dateModified":"2026-01-26T11:44:36+00:00","description":"Pochette Herm\u00e8s Jige vintage en toile et cuir Box bleu. Pi\u00e8ce rare, chic et recherch\u00e9e. Iconique Herm\u00e8s, certifi\u00e9e et en tr\u00e8s bel \u00e9tat.","breadcrumb":{"@id":"https:\/\/thevintagetraveler.com\/en\/produit\/pochette-hermes-jige-vintage-toile-cuir-box-bleu\/#breadcrumb"},"inLanguage":"en-US","potentialAction":[{"@type":"ReadAction","target":["https:\/\/thevintagetraveler.com\/en\/produit\/pochette-hermes-jige-vintage-toile-cuir-box-bleu\/"]}]},{"@type":"ImageObject","inLanguage":"en-US","@id":"https:\/\/thevintagetraveler.com\/en\/produit\/pochette-hermes-jige-vintage-toile-cuir-box-bleu\/#primaryimage","url":"https:\/\/thevintagetraveler.com\/wp-content\/uploads\/2025\/11\/image00040.jpeg","contentUrl":"https:\/\/thevintagetraveler.com\/wp-content\/uploads\/2025\/11\/image00040.jpeg","width":1800,"height":2400,"caption":"pochette Herm\u00e8s Jige vintage toile cuir box bleu"},{"@type":"BreadcrumbList","@id":"https:\/\/thevintagetraveler.com\/en\/produit\/pochette-hermes-jige-vintage-toile-cuir-box-bleu\/#breadcrumb","itemListElement":[{"@type":"ListItem","position":1,"name":"Accueil","item":"https:\/\/thevintagetraveler.com\/en\/"},{"@type":"ListItem","position":2,"name":"Shop","item":"https:\/\/thevintagetraveler.com\/shop\/"},{"@type":"ListItem","position":3,"name":"Pochette Herm\u00e8s Jigge toile et cuir bleu"}]},{"@type":"WebSite","@id":"https:\/\/thevintagetraveler.com\/en\/#website","url":"https:\/\/thevintagetraveler.com\/en\/","name":"TheVintageTraveler","description":"Luxury experts in Louis Vuitton, Chanel &amp; Herm\u00e8s","publisher":{"@id":"https:\/\/thevintagetraveler.com\/en\/#organization"},"potentialAction":[{"@type":"SearchAction","target":{"@type":"EntryPoint","urlTemplate":"https:\/\/thevintagetraveler.com\/en\/?s={search_term_string}"},"query-input":{"@type":"PropertyValueSpecification","valueRequired":true,"valueName":"search_term_string"}}],"inLanguage":"en-US"},{"@type":"Organization","@id":"https:\/\/thevintagetraveler.com\/en\/#organization","name":"TheVintageTraveler","url":"https:\/\/thevintagetraveler.com\/en\/","logo":{"@type":"ImageObject","inLanguage":"en-US","@id":"https:\/\/thevintagetraveler.com\/en\/#\/schema\/logo\/image\/","url":"https:\/\/thevintagetraveler.com\/wp-content\/uploads\/2025\/04\/LOGO-THE-VINTAGE-TRAVELER-FINAL-e1745392697678.png","contentUrl":"https:\/\/thevintagetraveler.com\/wp-content\/uploads\/2025\/04\/LOGO-THE-VINTAGE-TRAVELER-FINAL-e1745392697678.png","width":798,"height":318,"caption":"TheVintageTraveler"},"image":{"@id":"https:\/\/thevintagetraveler.com\/en\/#\/schema\/logo\/image\/"},"sameAs":["https:\/\/www.facebook.com\/TheVintageTravelerFR\/","https:\/\/www.instagram.com\/the_vintagetraveler"]}]}},"_links":{"self":[{"href":"https:\/\/thevintagetraveler.com\/en\/wp-json\/wp\/v2\/product\/6620","targetHints":{"allow":["GET"]}}],"collection":[{"href":"https:\/\/thevintagetraveler.com\/en\/wp-json\/wp\/v2\/product"}],"about":[{"href":"https:\/\/thevintagetraveler.com\/en\/wp-json\/wp\/v2\/types\/product"}],"wp:featuredmedia":[{"embeddable":true,"href":"https:\/\/thevintagetraveler.com\/en\/wp-json\/wp\/v2\/media\/6623"}],"wp:attachment":[{"href":"https:\/\/thevintagetraveler.com\/en\/wp-json\/wp\/v2\/media?parent=6620"}],"wp:term":[{"taxonomy":"product_brand","embeddable":true,"href":"https:\/\/thevintagetraveler.com\/en\/wp-json\/wp\/v2\/product_brand?post=6620"},{"taxonomy":"product_cat","embeddable":true,"href":"https:\/\/thevintagetraveler.com\/en\/wp-json\/wp\/v2\/product_cat?post=6620"},{"taxonomy":"product_tag","embeddable":true,"href":"https:\/\/thevintagetraveler.com\/en\/wp-json\/wp\/v2\/product_tag?post=6620"}],"curies":[{"name":"wp","href":"https:\/\/api.w.org\/{rel}","templated":true}]}}