{"id":6629,"date":"2024-11-13T15:04:13","date_gmt":"2024-11-13T14:04:13","guid":{"rendered":"https:\/\/thevintagetraveler.com\/?post_type=product&#038;p=6629"},"modified":"2025-11-26T15:48:30","modified_gmt":"2025-11-26T14:48:30","slug":"malle-fleurs-louis-vuitton-etat-neuf","status":"publish","type":"product","link":"https:\/\/thevintagetraveler.com\/en\/produit\/malle-fleurs-louis-vuitton-etat-neuf\/","title":{"rendered":"Malle Fleurs Louis Vuitton"},"content":{"rendered":"<h3 data-start=\"973\" data-end=\"1064\">Malle Fleurs Louis Vuitton \u2013 Mod\u00e8le R\u00e9cent, \u00c9tat Neuf, Magnifique Objet de Collection<\/h3>\n<p data-start=\"1066\" data-end=\"1484\">Cette <strong data-start=\"1072\" data-end=\"1104\">malle \u00e0 fleurs Louis Vuitton<\/strong>, mod\u00e8le r\u00e9cent et en <strong data-start=\"1126\" data-end=\"1139\">\u00e9tat neuf<\/strong>, est une <strong data-start=\"1149\" data-end=\"1170\">pi\u00e8ce d\u2019exception<\/strong> m\u00ealant savoir-faire artisanal, \u00e9l\u00e9gance et h\u00e9ritage historique de la maison Louis Vuitton. \u00c0 la fois <strong data-start=\"1272\" data-end=\"1303\">objet de d\u00e9coration luxueux<\/strong>, <strong data-start=\"1305\" data-end=\"1328\">pi\u00e8ce de collection<\/strong> et \u00e9l\u00e9ment iconique du patrimoine de la marque, elle est parfaite pour sublimer un int\u00e9rieur ou enrichir une collection de <a href=\"https:\/\/thevintagetraveler.com\/rachat-de-malles-louis-vuitton\/\">malles<\/a> et accessoires Vuitton.<\/p>\n<hr data-start=\"1486\" data-end=\"1489\" \/>\n<h3 data-start=\"1491\" data-end=\"1528\">Un h\u00e9ritage historique revisit\u00e9<\/h3>\n<ul data-start=\"1530\" data-end=\"1969\">\n<li data-start=\"1530\" data-end=\"1680\">\n<p data-start=\"1532\" data-end=\"1680\">Inspir\u00e9e des <strong data-start=\"1545\" data-end=\"1619\">mallettes \u00e0 fleurs cr\u00e9\u00e9es par Louis Vuitton d\u00e8s le d\u00e9but du XX\u1d49 si\u00e8cle<\/strong>, ce mod\u00e8le r\u00e9interpr\u00e8te le concept avec un design moderne.<\/p>\n<\/li>\n<li data-start=\"1681\" data-end=\"1846\">\n<p data-start=\"1683\" data-end=\"1846\">Historiquement, ces malles \u00e9taient con\u00e7ues pour <strong data-start=\"1731\" data-end=\"1788\">prot\u00e9ger et transporter des bouquets lors des voyages<\/strong>, gr\u00e2ce \u00e0 leur structure \u00e9tanche et leurs compartiments.<\/p>\n<\/li>\n<li data-start=\"1847\" data-end=\"1969\">\n<p data-start=\"1849\" data-end=\"1969\">Aujourd\u2019hui, elles sont consid\u00e9r\u00e9es comme des <strong data-start=\"1895\" data-end=\"1933\">objets de d\u00e9coration haut de gamme<\/strong>, tr\u00e8s pris\u00e9s des collectionneurs.<\/p>\n<\/li>\n<\/ul>\n<hr data-start=\"1971\" data-end=\"1974\" \/>\n<h3 data-start=\"1976\" data-end=\"2010\">Un design luxueux et raffin\u00e9<\/h3>\n<ul data-start=\"2012\" data-end=\"2430\">\n<li data-start=\"2012\" data-end=\"2121\">\n<p data-start=\"2014\" data-end=\"2121\">Toile embl\u00e9matique <strong data-start=\"2033\" data-end=\"2059\">Monogram Louis Vuitton<\/strong> ou toile sp\u00e9cifique selon le mod\u00e8le (\u00e0 pr\u00e9ciser si besoin).<\/p>\n<\/li>\n<li data-start=\"2122\" data-end=\"2249\">\n<p data-start=\"2124\" data-end=\"2249\">Int\u00e9rieur pens\u00e9 pour recevoir des fleurs ou servir de <strong data-start=\"2178\" data-end=\"2198\">bo\u00eete d\u00e9corative<\/strong>, de rangement raffin\u00e9 ou d\u2019\u00e9l\u00e9ment d\u2019exposition.<\/p>\n<\/li>\n<li data-start=\"2250\" data-end=\"2339\">\n<p data-start=\"2252\" data-end=\"2339\">Poign\u00e9e, ferrures et clouterie en <strong data-start=\"2286\" data-end=\"2301\">laiton poli<\/strong>, signature du savoir-faire Vuitton.<\/p>\n<\/li>\n<li data-start=\"2340\" data-end=\"2430\">\n<p data-start=\"2342\" data-end=\"2430\">Structure rigide et finitions parfaites : l\u2019essence m\u00eame de l&#8217;artisanat Louis Vuitton.<\/p>\n<\/li>\n<\/ul>\n<hr data-start=\"2432\" data-end=\"2435\" \/>\n<h3 data-start=\"2437\" data-end=\"2470\">Caract\u00e9ristiques du produit<\/h3>\n<ul data-start=\"2472\" data-end=\"2885\">\n<li data-start=\"2472\" data-end=\"2502\">\n<p data-start=\"2474\" data-end=\"2502\"><strong data-start=\"2474\" data-end=\"2486\">Marque :<\/strong> Louis Vuitton<\/p>\n<\/li>\n<li data-start=\"2503\" data-end=\"2549\">\n<p data-start=\"2505\" data-end=\"2549\"><strong data-start=\"2505\" data-end=\"2517\">Mod\u00e8le :<\/strong> <a href=\"https:\/\/thevintagetraveler.com\/types-malles-louis-vuitton\/\">Malle<\/a> \u00e0 fleurs (Flower Trunk)<\/p>\n<\/li>\n<li data-start=\"2550\" data-end=\"2617\">\n<p data-start=\"2552\" data-end=\"2617\"><strong data-start=\"2552\" data-end=\"2564\">\u00c9poque :<\/strong> R\u00e9cent (ann\u00e9e approximative \u00e0 ajouter si souhait\u00e9)<\/p>\n<\/li>\n<li data-start=\"2618\" data-end=\"2667\">\n<p data-start=\"2620\" data-end=\"2667\"><strong data-start=\"2620\" data-end=\"2630\">\u00c9tat :<\/strong> Neuf \u2013 aucune trace, \u00e9tat showroom<\/p>\n<\/li>\n<li data-start=\"2668\" data-end=\"2739\">\n<p data-start=\"2670\" data-end=\"2739\"><strong data-start=\"2670\" data-end=\"2685\">Mat\u00e9riaux :<\/strong> Toile Louis Vuitton, cuir naturel, finitions laiton<\/p>\n<\/li>\n<li data-start=\"2740\" data-end=\"2804\">\n<p data-start=\"2742\" data-end=\"2804\"><strong data-start=\"2742\" data-end=\"2759\">Utilisation :<\/strong> D\u00e9coration, rangement, objet de collection<\/p>\n<\/li>\n<li data-start=\"2805\" data-end=\"2885\">\n<p data-start=\"2807\" data-end=\"2885\"><strong data-start=\"2807\" data-end=\"2829\">Authentification :<\/strong> Certifi\u00e9e \u2013 livr\u00e9e avec certificat TheVintageTraveler<\/p>\n<\/li>\n<\/ul>\n<hr data-start=\"2887\" data-end=\"2890\" \/>\n<h3 data-start=\"2892\" data-end=\"2956\">Pourquoi cette malle \u00e0 fleurs est un objet de collection ?<\/h3>\n<ul data-start=\"2958\" data-end=\"3335\">\n<li data-start=\"2958\" data-end=\"3053\">\n<p data-start=\"2960\" data-end=\"3053\">Pi\u00e8ce <strong data-start=\"2966\" data-end=\"2985\">rare et r\u00e9cente<\/strong>, encore difficile \u00e0 obtenir en boutique selon les disponibilit\u00e9s.<\/p>\n<\/li>\n<li data-start=\"3054\" data-end=\"3193\">\n<p data-start=\"3056\" data-end=\"3120\">Mod\u00e8le tr\u00e8s recherch\u00e9 pour la <strong data-start=\"3086\" data-end=\"3116\">d\u00e9coration int\u00e9rieure luxe<\/strong> :<\/p>\n<ul data-start=\"3123\" data-end=\"3193\">\n<li data-start=\"3123\" data-end=\"3193\">\n<p data-start=\"3125\" data-end=\"3193\">salons, boutiques de designers, consoles, dressings haut de gamme.<\/p>\n<\/li>\n<\/ul>\n<\/li>\n<li data-start=\"3194\" data-end=\"3254\">\n<p data-start=\"3196\" data-end=\"3254\">\u00c9tat <strong data-start=\"3201\" data-end=\"3209\">neuf<\/strong>, un atout majeur pour les collectionneurs.<\/p>\n<\/li>\n<li data-start=\"3255\" data-end=\"3335\">\n<p data-start=\"3257\" data-end=\"3335\">Parfaite pour compl\u00e9ter une collection de <strong data-start=\"3299\" data-end=\"3332\">malles Louis Vuitton modernes<\/strong>.<\/p>\n<\/li>\n<\/ul>\n<hr data-start=\"3337\" data-end=\"3340\" \/>\n<h3 data-start=\"3342\" data-end=\"3386\">Id\u00e9al pour la d\u00e9coration haut de gamme<\/h3>\n<p data-start=\"3388\" data-end=\"3425\">Cette malle \u00e0 fleurs est parfaite :<\/p>\n<ul data-start=\"3427\" data-end=\"3665\">\n<li data-start=\"3427\" data-end=\"3469\">\n<p data-start=\"3429\" data-end=\"3469\">en <strong data-start=\"3432\" data-end=\"3450\">pi\u00e8ce centrale<\/strong> sur une console,<\/p>\n<\/li>\n<li data-start=\"3470\" data-end=\"3522\">\n<p data-start=\"3472\" data-end=\"3522\">comme <strong data-start=\"3478\" data-end=\"3499\">\u00e9l\u00e9ment d\u00e9coratif<\/strong> sur une table basse,<\/p>\n<\/li>\n<li data-start=\"3523\" data-end=\"3578\">\n<p data-start=\"3525\" data-end=\"3578\">en <strong data-start=\"3528\" data-end=\"3550\">objet d\u2019exposition<\/strong> dans un dressing de luxe,<\/p>\n<\/li>\n<li data-start=\"3579\" data-end=\"3665\">\n<p data-start=\"3581\" data-end=\"3665\">ou comme <strong data-start=\"3590\" data-end=\"3610\">coffret original<\/strong> pour parfums, fleurs s\u00e9ch\u00e9es, accessoires ou bijoux.<\/p>\n<\/li>\n<\/ul>\n<p data-start=\"3667\" data-end=\"3800\">Son esth\u00e9tique raffin\u00e9e en fait un <strong data-start=\"3702\" data-end=\"3720\">must-have d\u00e9co<\/strong>, autant pris\u00e9 par les amateurs de design que par les collectionneurs Vuitton.<\/p>\n<hr data-start=\"3802\" data-end=\"3805\" \/>\n<h3 data-start=\"3807\" data-end=\"3854\">Un excellent investissement Louis Vuitton<\/h3>\n<ul data-start=\"3856\" data-end=\"4161\">\n<li data-start=\"3856\" data-end=\"3949\">\n<p data-start=\"3858\" data-end=\"3949\">Les malles Louis Vuitton, m\u00eame r\u00e9centes, prennent de la valeur, surtout en <strong data-start=\"3933\" data-end=\"3946\">\u00e9tat neuf<\/strong>.<\/p>\n<\/li>\n<li data-start=\"3950\" data-end=\"4054\">\n<p data-start=\"3952\" data-end=\"4054\">Ce mod\u00e8le est particuli\u00e8rement recherch\u00e9 pour son <strong data-start=\"4002\" data-end=\"4021\">usage d\u00e9coratif<\/strong> et son <strong data-start=\"4029\" data-end=\"4051\">charme patrimonial<\/strong>.<\/p>\n<\/li>\n<li data-start=\"4055\" data-end=\"4161\">\n<p data-start=\"4057\" data-end=\"4161\">L\u2019int\u00e9r\u00eat croissant pour les <strong data-start=\"4086\" data-end=\"4118\">petites malles de collection<\/strong> renforce son potentiel d\u2019investissement.<\/p>\n<\/li>\n<\/ul>\n<hr data-start=\"4163\" data-end=\"4166\" \/>\n<h3 data-start=\"4168\" data-end=\"4216\">Pourquoi acheter chez TheVintageTraveler ?<\/h3>\n<p data-start=\"4218\" data-end=\"4281\">Chez <strong data-start=\"4223\" data-end=\"4245\">TheVintageTraveler<\/strong>, chaque pi\u00e8ce Louis Vuitton est :<\/p>\n<ul data-start=\"4283\" data-end=\"4550\">\n<li data-start=\"4283\" data-end=\"4318\">\n<p data-start=\"4285\" data-end=\"4318\"><strong data-start=\"4285\" data-end=\"4315\">Expertis\u00e9e et authentifi\u00e9e<\/strong>.<\/p>\n<\/li>\n<li data-start=\"4319\" data-end=\"4394\">\n<p data-start=\"4321\" data-end=\"4394\">En condition <strong data-start=\"4334\" data-end=\"4346\">parfaite<\/strong>, s\u00e9lectionn\u00e9e pour son <strong data-start=\"4370\" data-end=\"4391\">\u00e9tat et sa raret\u00e9<\/strong>.<\/p>\n<\/li>\n<li data-start=\"4395\" data-end=\"4441\">\n<p data-start=\"4397\" data-end=\"4441\">Livr\u00e9e avec <strong data-start=\"4409\" data-end=\"4438\">certificat d\u2019authenticit\u00e9<\/strong>.<\/p>\n<\/li>\n<li data-start=\"4442\" data-end=\"4550\">\n<p data-start=\"4444\" data-end=\"4550\">Disponible en showroom au <strong data-start=\"4470\" data-end=\"4502\">March\u00e9 Serpette \u2013 Saint-Ouen<\/strong> ou en <strong data-start=\"4509\" data-end=\"4547\">livraison internationale s\u00e9curis\u00e9e<\/strong>.<\/p>\n<\/li>\n<\/ul>\n<hr data-start=\"4552\" data-end=\"4555\" \/>\n<h3 data-start=\"4557\" data-end=\"4573\">Conclusion<\/h3>\n<p data-start=\"4575\" data-end=\"4896\">Cette <strong data-start=\"4581\" data-end=\"4611\">malle fleurs Louis Vuitton<\/strong>, r\u00e9cente et en <strong data-start=\"4627\" data-end=\"4640\">\u00e9tat neuf<\/strong>, est un <strong data-start=\"4649\" data-end=\"4683\">magnifique objet de collection<\/strong>, alliant esth\u00e9tique patrimoniale, artisanat d\u2019exception et \u00e9l\u00e9gance intemporelle. Une pi\u00e8ce id\u00e9ale pour enrichir un univers d\u00e9coratif luxe ou pour investir dans une cr\u00e9ation iconique de la maison Louis Vuitton.<\/p>\n<p>Suivez &#8211; nous sur <a href=\"https:\/\/www.facebook.com\/TheVintageTravelerFR\">Facebook<\/a> et <a href=\"https:\/\/www.instagram.com\/the_vintagetraveler\/?igsh=aXdsbDJkdnpwZjcx#\">Instagram<\/a><\/p>\n","protected":false},"excerpt":{"rendered":"<p data-start=\"903\" data-end=\"1078\">Malle fleurs Louis Vuitton r\u00e9cente en \u00e9tat neuf. Objet de collection rare, d\u00e9coratif et certifi\u00e9. Pi\u00e8ce d\u2019exception sign\u00e9e Louis Vuitton.<\/p>\n","protected":false},"featured_media":6641,"template":"","meta":[],"product_brand":[],"product_cat":[118,119,140],"product_tag":[146,164,165,163],"class_list":{"0":"post-6629","1":"product","2":"type-product","3":"status-publish","4":"has-post-thumbnail","6":"product_cat-malles","7":"product_cat-malles-louis-vuitton","8":"product_cat-nouveautes","9":"product_tag-louisvuitton","10":"product_tag-louisvuittontrunk","11":"product_tag-lvtrunk","12":"product_tag-mallelouisvuitton","14":"first","15":"outofstock","16":"sold-individually","17":"shipping-taxable","18":"product-type-simple"},"yoast_head":"<!-- This site is optimized with the Yoast SEO plugin v27.1.1 - https:\/\/yoast.com\/product\/yoast-seo-wordpress\/ -->\n<title>Malle Fleurs Louis Vuitton | \u00c9tat Neuf | Objet de Collection<\/title>\n<meta name=\"description\" content=\"Malle \u00e0 fleurs Louis Vuitton en \u00e9tat neuf. Pi\u00e8ce r\u00e9cente, rare et magnifique, parfait objet de collection et d\u00e9coration luxe. Certifi\u00e9e Louis Vuitton.\" \/>\n<meta name=\"robots\" content=\"index, follow, max-snippet:-1, max-image-preview:large, max-video-preview:-1\" \/>\n<link rel=\"canonical\" href=\"https:\/\/thevintagetraveler.com\/en\/produit\/malle-fleurs-louis-vuitton-etat-neuf\/\" \/>\n<meta property=\"og:locale\" content=\"en_US\" \/>\n<meta property=\"og:type\" content=\"article\" \/>\n<meta property=\"og:title\" content=\"Malle Fleurs Louis Vuitton | \u00c9tat Neuf | Objet de Collection\" \/>\n<meta property=\"og:description\" content=\"Malle \u00e0 fleurs Louis Vuitton en \u00e9tat neuf. Pi\u00e8ce r\u00e9cente, rare et magnifique, parfait objet de collection et d\u00e9coration luxe. Certifi\u00e9e Louis Vuitton.\" \/>\n<meta property=\"og:url\" content=\"https:\/\/thevintagetraveler.com\/en\/produit\/malle-fleurs-louis-vuitton-etat-neuf\/\" \/>\n<meta property=\"og:site_name\" content=\"TheVintageTraveler\" \/>\n<meta property=\"article:publisher\" content=\"https:\/\/www.facebook.com\/TheVintageTravelerFR\/\" \/>\n<meta property=\"article:modified_time\" content=\"2025-11-26T14:48:30+00:00\" \/>\n<meta property=\"og:image\" content=\"https:\/\/thevintagetraveler.com\/wp-content\/uploads\/2025\/11\/image00010.jpeg\" \/>\n\t<meta property=\"og:image:width\" content=\"1800\" \/>\n\t<meta property=\"og:image:height\" content=\"2400\" \/>\n\t<meta property=\"og:image:type\" content=\"image\/jpeg\" \/>\n<meta name=\"twitter:card\" content=\"summary_large_image\" \/>\n<meta name=\"twitter:label1\" content=\"Est. reading time\" \/>\n\t<meta name=\"twitter:data1\" content=\"3 minutes\" \/>\n<script type=\"application\/ld+json\" class=\"yoast-schema-graph\">{\"@context\":\"https:\/\/schema.org\",\"@graph\":[{\"@type\":\"WebPage\",\"@id\":\"https:\/\/thevintagetraveler.com\/en\/produit\/malle-fleurs-louis-vuitton-etat-neuf\/\",\"url\":\"https:\/\/thevintagetraveler.com\/en\/produit\/malle-fleurs-louis-vuitton-etat-neuf\/\",\"name\":\"Malle Fleurs Louis Vuitton | \u00c9tat Neuf | Objet de Collection\",\"isPartOf\":{\"@id\":\"https:\/\/thevintagetraveler.com\/en\/#website\"},\"primaryImageOfPage\":{\"@id\":\"https:\/\/thevintagetraveler.com\/en\/produit\/malle-fleurs-louis-vuitton-etat-neuf\/#primaryimage\"},\"image\":{\"@id\":\"https:\/\/thevintagetraveler.com\/en\/produit\/malle-fleurs-louis-vuitton-etat-neuf\/#primaryimage\"},\"thumbnailUrl\":\"https:\/\/thevintagetraveler.com\/wp-content\/uploads\/2025\/11\/image00010.jpeg\",\"datePublished\":\"2024-11-13T14:04:13+00:00\",\"dateModified\":\"2025-11-26T14:48:30+00:00\",\"description\":\"Malle \u00e0 fleurs Louis Vuitton en \u00e9tat neuf. Pi\u00e8ce r\u00e9cente, rare et magnifique, parfait objet de collection et d\u00e9coration luxe. Certifi\u00e9e Louis Vuitton.\",\"breadcrumb\":{\"@id\":\"https:\/\/thevintagetraveler.com\/en\/produit\/malle-fleurs-louis-vuitton-etat-neuf\/#breadcrumb\"},\"inLanguage\":\"en-US\",\"potentialAction\":[{\"@type\":\"ReadAction\",\"target\":[\"https:\/\/thevintagetraveler.com\/en\/produit\/malle-fleurs-louis-vuitton-etat-neuf\/\"]}]},{\"@type\":\"ImageObject\",\"inLanguage\":\"en-US\",\"@id\":\"https:\/\/thevintagetraveler.com\/en\/produit\/malle-fleurs-louis-vuitton-etat-neuf\/#primaryimage\",\"url\":\"https:\/\/thevintagetraveler.com\/wp-content\/uploads\/2025\/11\/image00010.jpeg\",\"contentUrl\":\"https:\/\/thevintagetraveler.com\/wp-content\/uploads\/2025\/11\/image00010.jpeg\",\"width\":1800,\"height\":2400,\"caption\":\"malle fleurs Louis Vuitton\"},{\"@type\":\"BreadcrumbList\",\"@id\":\"https:\/\/thevintagetraveler.com\/en\/produit\/malle-fleurs-louis-vuitton-etat-neuf\/#breadcrumb\",\"itemListElement\":[{\"@type\":\"ListItem\",\"position\":1,\"name\":\"Accueil\",\"item\":\"https:\/\/thevintagetraveler.com\/en\/\"},{\"@type\":\"ListItem\",\"position\":2,\"name\":\"Shop\",\"item\":\"https:\/\/thevintagetraveler.com\/shop\/\"},{\"@type\":\"ListItem\",\"position\":3,\"name\":\"Malle Fleurs Louis Vuitton\"}]},{\"@type\":\"WebSite\",\"@id\":\"https:\/\/thevintagetraveler.com\/en\/#website\",\"url\":\"https:\/\/thevintagetraveler.com\/en\/\",\"name\":\"TheVintageTraveler\",\"description\":\"Luxury experts in Louis Vuitton, Chanel &amp; Herm\u00e8s\",\"publisher\":{\"@id\":\"https:\/\/thevintagetraveler.com\/en\/#organization\"},\"potentialAction\":[{\"@type\":\"SearchAction\",\"target\":{\"@type\":\"EntryPoint\",\"urlTemplate\":\"https:\/\/thevintagetraveler.com\/en\/?s={search_term_string}\"},\"query-input\":{\"@type\":\"PropertyValueSpecification\",\"valueRequired\":true,\"valueName\":\"search_term_string\"}}],\"inLanguage\":\"en-US\"},{\"@type\":\"Organization\",\"@id\":\"https:\/\/thevintagetraveler.com\/en\/#organization\",\"name\":\"TheVintageTraveler\",\"url\":\"https:\/\/thevintagetraveler.com\/en\/\",\"logo\":{\"@type\":\"ImageObject\",\"inLanguage\":\"en-US\",\"@id\":\"https:\/\/thevintagetraveler.com\/en\/#\/schema\/logo\/image\/\",\"url\":\"https:\/\/thevintagetraveler.com\/wp-content\/uploads\/2025\/04\/LOGO-THE-VINTAGE-TRAVELER-FINAL-e1745392697678.png\",\"contentUrl\":\"https:\/\/thevintagetraveler.com\/wp-content\/uploads\/2025\/04\/LOGO-THE-VINTAGE-TRAVELER-FINAL-e1745392697678.png\",\"width\":798,\"height\":318,\"caption\":\"TheVintageTraveler\"},\"image\":{\"@id\":\"https:\/\/thevintagetraveler.com\/en\/#\/schema\/logo\/image\/\"},\"sameAs\":[\"https:\/\/www.facebook.com\/TheVintageTravelerFR\/\",\"https:\/\/www.instagram.com\/the_vintagetraveler\"]}]}<\/script>\n<!-- \/ Yoast SEO plugin. -->","yoast_head_json":{"title":"Malle Fleurs Louis Vuitton | \u00c9tat Neuf | Objet de Collection","description":"Malle \u00e0 fleurs Louis Vuitton en \u00e9tat neuf. Pi\u00e8ce r\u00e9cente, rare et magnifique, parfait objet de collection et d\u00e9coration luxe. Certifi\u00e9e Louis Vuitton.","robots":{"index":"index","follow":"follow","max-snippet":"max-snippet:-1","max-image-preview":"max-image-preview:large","max-video-preview":"max-video-preview:-1"},"canonical":"https:\/\/thevintagetraveler.com\/en\/produit\/malle-fleurs-louis-vuitton-etat-neuf\/","og_locale":"en_US","og_type":"article","og_title":"Malle Fleurs Louis Vuitton | \u00c9tat Neuf | Objet de Collection","og_description":"Malle \u00e0 fleurs Louis Vuitton en \u00e9tat neuf. Pi\u00e8ce r\u00e9cente, rare et magnifique, parfait objet de collection et d\u00e9coration luxe. Certifi\u00e9e Louis Vuitton.","og_url":"https:\/\/thevintagetraveler.com\/en\/produit\/malle-fleurs-louis-vuitton-etat-neuf\/","og_site_name":"TheVintageTraveler","article_publisher":"https:\/\/www.facebook.com\/TheVintageTravelerFR\/","article_modified_time":"2025-11-26T14:48:30+00:00","og_image":[{"width":1800,"height":2400,"url":"https:\/\/thevintagetraveler.com\/wp-content\/uploads\/2025\/11\/image00010.jpeg","type":"image\/jpeg"}],"twitter_card":"summary_large_image","twitter_misc":{"Est. reading time":"3 minutes"},"schema":{"@context":"https:\/\/schema.org","@graph":[{"@type":"WebPage","@id":"https:\/\/thevintagetraveler.com\/en\/produit\/malle-fleurs-louis-vuitton-etat-neuf\/","url":"https:\/\/thevintagetraveler.com\/en\/produit\/malle-fleurs-louis-vuitton-etat-neuf\/","name":"Malle Fleurs Louis Vuitton | \u00c9tat Neuf | Objet de Collection","isPartOf":{"@id":"https:\/\/thevintagetraveler.com\/en\/#website"},"primaryImageOfPage":{"@id":"https:\/\/thevintagetraveler.com\/en\/produit\/malle-fleurs-louis-vuitton-etat-neuf\/#primaryimage"},"image":{"@id":"https:\/\/thevintagetraveler.com\/en\/produit\/malle-fleurs-louis-vuitton-etat-neuf\/#primaryimage"},"thumbnailUrl":"https:\/\/thevintagetraveler.com\/wp-content\/uploads\/2025\/11\/image00010.jpeg","datePublished":"2024-11-13T14:04:13+00:00","dateModified":"2025-11-26T14:48:30+00:00","description":"Malle \u00e0 fleurs Louis Vuitton en \u00e9tat neuf. Pi\u00e8ce r\u00e9cente, rare et magnifique, parfait objet de collection et d\u00e9coration luxe. Certifi\u00e9e Louis Vuitton.","breadcrumb":{"@id":"https:\/\/thevintagetraveler.com\/en\/produit\/malle-fleurs-louis-vuitton-etat-neuf\/#breadcrumb"},"inLanguage":"en-US","potentialAction":[{"@type":"ReadAction","target":["https:\/\/thevintagetraveler.com\/en\/produit\/malle-fleurs-louis-vuitton-etat-neuf\/"]}]},{"@type":"ImageObject","inLanguage":"en-US","@id":"https:\/\/thevintagetraveler.com\/en\/produit\/malle-fleurs-louis-vuitton-etat-neuf\/#primaryimage","url":"https:\/\/thevintagetraveler.com\/wp-content\/uploads\/2025\/11\/image00010.jpeg","contentUrl":"https:\/\/thevintagetraveler.com\/wp-content\/uploads\/2025\/11\/image00010.jpeg","width":1800,"height":2400,"caption":"malle fleurs Louis Vuitton"},{"@type":"BreadcrumbList","@id":"https:\/\/thevintagetraveler.com\/en\/produit\/malle-fleurs-louis-vuitton-etat-neuf\/#breadcrumb","itemListElement":[{"@type":"ListItem","position":1,"name":"Accueil","item":"https:\/\/thevintagetraveler.com\/en\/"},{"@type":"ListItem","position":2,"name":"Shop","item":"https:\/\/thevintagetraveler.com\/shop\/"},{"@type":"ListItem","position":3,"name":"Malle Fleurs Louis Vuitton"}]},{"@type":"WebSite","@id":"https:\/\/thevintagetraveler.com\/en\/#website","url":"https:\/\/thevintagetraveler.com\/en\/","name":"TheVintageTraveler","description":"Luxury experts in Louis Vuitton, Chanel &amp; Herm\u00e8s","publisher":{"@id":"https:\/\/thevintagetraveler.com\/en\/#organization"},"potentialAction":[{"@type":"SearchAction","target":{"@type":"EntryPoint","urlTemplate":"https:\/\/thevintagetraveler.com\/en\/?s={search_term_string}"},"query-input":{"@type":"PropertyValueSpecification","valueRequired":true,"valueName":"search_term_string"}}],"inLanguage":"en-US"},{"@type":"Organization","@id":"https:\/\/thevintagetraveler.com\/en\/#organization","name":"TheVintageTraveler","url":"https:\/\/thevintagetraveler.com\/en\/","logo":{"@type":"ImageObject","inLanguage":"en-US","@id":"https:\/\/thevintagetraveler.com\/en\/#\/schema\/logo\/image\/","url":"https:\/\/thevintagetraveler.com\/wp-content\/uploads\/2025\/04\/LOGO-THE-VINTAGE-TRAVELER-FINAL-e1745392697678.png","contentUrl":"https:\/\/thevintagetraveler.com\/wp-content\/uploads\/2025\/04\/LOGO-THE-VINTAGE-TRAVELER-FINAL-e1745392697678.png","width":798,"height":318,"caption":"TheVintageTraveler"},"image":{"@id":"https:\/\/thevintagetraveler.com\/en\/#\/schema\/logo\/image\/"},"sameAs":["https:\/\/www.facebook.com\/TheVintageTravelerFR\/","https:\/\/www.instagram.com\/the_vintagetraveler"]}]}},"_links":{"self":[{"href":"https:\/\/thevintagetraveler.com\/en\/wp-json\/wp\/v2\/product\/6629","targetHints":{"allow":["GET"]}}],"collection":[{"href":"https:\/\/thevintagetraveler.com\/en\/wp-json\/wp\/v2\/product"}],"about":[{"href":"https:\/\/thevintagetraveler.com\/en\/wp-json\/wp\/v2\/types\/product"}],"wp:featuredmedia":[{"embeddable":true,"href":"https:\/\/thevintagetraveler.com\/en\/wp-json\/wp\/v2\/media\/6641"}],"wp:attachment":[{"href":"https:\/\/thevintagetraveler.com\/en\/wp-json\/wp\/v2\/media?parent=6629"}],"wp:term":[{"taxonomy":"product_brand","embeddable":true,"href":"https:\/\/thevintagetraveler.com\/en\/wp-json\/wp\/v2\/product_brand?post=6629"},{"taxonomy":"product_cat","embeddable":true,"href":"https:\/\/thevintagetraveler.com\/en\/wp-json\/wp\/v2\/product_cat?post=6629"},{"taxonomy":"product_tag","embeddable":true,"href":"https:\/\/thevintagetraveler.com\/en\/wp-json\/wp\/v2\/product_tag?post=6629"}],"curies":[{"name":"wp","href":"https:\/\/api.w.org\/{rel}","templated":true}]}}