{"id":6694,"date":"2024-11-19T17:52:05","date_gmt":"2024-11-19T16:52:05","guid":{"rendered":"https:\/\/thevintagetraveler.com\/?post_type=product&#038;p=6694"},"modified":"2026-01-26T12:44:13","modified_gmt":"2026-01-26T11:44:13","slug":"hermes-hac-32-ardennes-noir-or-1995","status":"publish","type":"product","link":"https:\/\/thevintagetraveler.com\/en\/produit\/hermes-hac-32-ardennes-noir-or-1995\/","title":{"rendered":"Sac Herm\u00e8s HAC 32 noir"},"content":{"rendered":"<h3 data-start=\"1104\" data-end=\"1172\">Sac Herm\u00e8s HAC 32 \u2013 Cuir Ardennes Noir, Finitions Dor\u00e9es, 1995<\/h3>\n<p data-start=\"1174\" data-end=\"1550\">Ce <strong data-start=\"1177\" data-end=\"1213\">Herm\u00e8s HAC 32 (Haut \u00e0 Courroies)<\/strong> en <strong data-start=\"1217\" data-end=\"1239\">cuir Ardennes noir<\/strong>, avec <strong data-start=\"1246\" data-end=\"1266\">finitions dor\u00e9es<\/strong>, dat\u00e9 de <strong data-start=\"1276\" data-end=\"1284\">1995<\/strong>, est une <strong data-start=\"1294\" data-end=\"1308\">pi\u00e8ce rare<\/strong>, \u00e9l\u00e9gante et tr\u00e8s recherch\u00e9e par les connaisseurs. Offrant une alternative plus structur\u00e9e et plus \u00e9lanc\u00e9e que le <a href=\"https:\/\/thevintagetraveler.com\/histoire-sac-hermes-birkin\/\">Birkin<\/a>, ce format <strong data-start=\"1441\" data-end=\"1450\">32 cm<\/strong> est parfait pour une utilisation quotidienne ou professionnelle tout en restant extr\u00eamement chic.<\/p>\n<hr data-start=\"1552\" data-end=\"1555\" \/>\n<h3 data-start=\"1557\" data-end=\"1599\">Le HAC : l\u2019ic\u00f4ne originelle d\u2019Herm\u00e8s<\/h3>\n<ul data-start=\"1601\" data-end=\"1986\">\n<li data-start=\"1601\" data-end=\"1694\">\n<p data-start=\"1603\" data-end=\"1694\">Le <strong data-start=\"1606\" data-end=\"1626\">Haut \u00e0 Courroies<\/strong>, anc\u00eatre du Birkin, est un mod\u00e8le historique cr\u00e9\u00e9 au XIXe si\u00e8cle.<\/p>\n<\/li>\n<li data-start=\"1695\" data-end=\"1810\">\n<p data-start=\"1697\" data-end=\"1810\">Plus <strong data-start=\"1702\" data-end=\"1745\">haut, plus rigide et plus architectural<\/strong>, il poss\u00e8de une allure forte et un design tr\u00e8s reconnaissable.<\/p>\n<\/li>\n<li data-start=\"1811\" data-end=\"1910\">\n<p data-start=\"1813\" data-end=\"1910\">Le <strong data-start=\"1816\" data-end=\"1832\">format 32 cm<\/strong> est l\u2019un des plus rares : compact mais spacieux, sophistiqu\u00e9 mais pratique.<\/p>\n<\/li>\n<li data-start=\"1911\" data-end=\"1986\">\n<p data-start=\"1913\" data-end=\"1986\">Tr\u00e8s pris\u00e9 par les amateurs d\u2019<a href=\"https:\/\/thevintagetraveler.com\/estimation-sac-de-luxe\/\">Herm\u00e8s<\/a> vintage pour sa silhouette unique.<\/p>\n<\/li>\n<\/ul>\n<hr data-start=\"1988\" data-end=\"1991\" \/>\n<h3 data-start=\"1993\" data-end=\"2041\">Cuir Ardennes noir : robustesse &amp; \u00e9l\u00e9gance<\/h3>\n<ul data-start=\"2043\" data-end=\"2473\">\n<li data-start=\"2043\" data-end=\"2138\">\n<p data-start=\"2045\" data-end=\"2138\"><strong data-start=\"2045\" data-end=\"2062\">Cuir Ardennes<\/strong> : cuir grain\u00e9 tr\u00e8s structur\u00e9, brillant, r\u00e9sistant \u00e0 l\u2019eau et aux rayures.<\/p>\n<\/li>\n<li data-start=\"2139\" data-end=\"2241\">\n<p data-start=\"2141\" data-end=\"2241\">Ce cuir, aujourd\u2019hui <strong data-start=\"2162\" data-end=\"2177\">discontinu\u00e9<\/strong>, est extr\u00eamement recherch\u00e9 pour sa durabilit\u00e9 exceptionnelle.<\/p>\n<\/li>\n<li data-start=\"2242\" data-end=\"2304\">\n<p data-start=\"2244\" data-end=\"2304\"><strong data-start=\"2244\" data-end=\"2260\">Coloris noir<\/strong> : le plus \u00e9l\u00e9gant, raffin\u00e9 et intemporel.<\/p>\n<\/li>\n<li data-start=\"2305\" data-end=\"2397\">\n<p data-start=\"2307\" data-end=\"2397\"><strong data-start=\"2307\" data-end=\"2327\">Finitions dor\u00e9es<\/strong> : quincaillerie chaude et luxueuse, contraste parfait avec le noir.<\/p>\n<\/li>\n<li data-start=\"2398\" data-end=\"2473\">\n<p data-start=\"2400\" data-end=\"2473\">Le combo <strong data-start=\"2409\" data-end=\"2433\">Ardennes noir + dor\u00e9<\/strong> est l\u2019un des plus iconiques d\u2019Herm\u00e8s.<\/p>\n<\/li>\n<\/ul>\n<hr data-start=\"2475\" data-end=\"2478\" \/>\n<h3 data-start=\"2480\" data-end=\"2513\">Caract\u00e9ristiques du produit<\/h3>\n<ul data-start=\"2515\" data-end=\"2984\">\n<li data-start=\"2515\" data-end=\"2538\">\n<p data-start=\"2517\" data-end=\"2538\"><strong data-start=\"2517\" data-end=\"2529\">Marque :<\/strong> Herm\u00e8s<\/p>\n<\/li>\n<li data-start=\"2539\" data-end=\"2581\">\n<p data-start=\"2541\" data-end=\"2581\"><strong data-start=\"2541\" data-end=\"2553\">Mod\u00e8le :<\/strong> HAC 32 (Haut \u00e0 Courroies)<\/p>\n<\/li>\n<li data-start=\"2582\" data-end=\"2635\">\n<p data-start=\"2584\" data-end=\"2635\"><strong data-start=\"2584\" data-end=\"2597\">Mati\u00e8re :<\/strong> Cuir Ardennes (rare et discontinu\u00e9)<\/p>\n<\/li>\n<li data-start=\"2636\" data-end=\"2658\">\n<p data-start=\"2638\" data-end=\"2658\"><strong data-start=\"2638\" data-end=\"2651\">Couleur :<\/strong> Noir<\/p>\n<\/li>\n<li data-start=\"2659\" data-end=\"2685\">\n<p data-start=\"2661\" data-end=\"2685\"><strong data-start=\"2661\" data-end=\"2676\">Finitions :<\/strong> Dor\u00e9es<\/p>\n<\/li>\n<li data-start=\"2686\" data-end=\"2727\">\n<p data-start=\"2688\" data-end=\"2727\"><strong data-start=\"2688\" data-end=\"2699\">Ann\u00e9e :<\/strong> 1995 (datation confirm\u00e9e)<\/p>\n<\/li>\n<li data-start=\"2728\" data-end=\"2748\">\n<p data-start=\"2730\" data-end=\"2748\"><strong data-start=\"2730\" data-end=\"2741\">Port\u00e9 :<\/strong> Main<\/p>\n<\/li>\n<li data-start=\"2749\" data-end=\"2835\">\n<p data-start=\"2751\" data-end=\"2835\"><strong data-start=\"2751\" data-end=\"2761\">\u00c9tat :<\/strong> Tr\u00e8s bon \u00e9tat \u2013 cuir encore ferme, structure solide, dorures \u00e9clatantes<\/p>\n<\/li>\n<li data-start=\"2836\" data-end=\"2905\">\n<p data-start=\"2838\" data-end=\"2905\"><strong data-start=\"2838\" data-end=\"2855\">Accessoires :<\/strong> Cadenas, cl\u00e9s, clochette<\/p>\n<\/li>\n<li data-start=\"2906\" data-end=\"2984\">\n<p data-start=\"2908\" data-end=\"2984\"><strong data-start=\"2908\" data-end=\"2930\">Authentification :<\/strong> Certifi\u00e9 \u2013 livr\u00e9 avec certificat TheVintageTraveler<\/p>\n<\/li>\n<\/ul>\n<hr data-start=\"2986\" data-end=\"2989\" \/>\n<h3 data-start=\"2991\" data-end=\"3050\">Pourquoi ce HAC 32 est une pi\u00e8ce rare et recherch\u00e9e ?<\/h3>\n<ul data-start=\"3052\" data-end=\"3475\">\n<li data-start=\"3052\" data-end=\"3114\">\n<p data-start=\"3054\" data-end=\"3114\"><strong data-start=\"3054\" data-end=\"3070\">Format 32 cm<\/strong>, difficile \u00e0 trouver, surtout en vintage.<\/p>\n<\/li>\n<li data-start=\"3115\" data-end=\"3186\">\n<p data-start=\"3117\" data-end=\"3186\"><strong data-start=\"3117\" data-end=\"3134\">Cuir Ardennes<\/strong>, aujourd\u2019hui discontinu\u00e9 = extr\u00eamement recherch\u00e9.<\/p>\n<\/li>\n<li data-start=\"3187\" data-end=\"3252\">\n<p data-start=\"3189\" data-end=\"3252\"><strong data-start=\"3189\" data-end=\"3220\">Coloris noir + finitions or<\/strong>, combinaison iconique Herm\u00e8s.<\/p>\n<\/li>\n<li data-start=\"3253\" data-end=\"3337\">\n<p data-start=\"3255\" data-end=\"3337\"><strong data-start=\"3255\" data-end=\"3269\">Ann\u00e9e 1995<\/strong>, p\u00e9riode r\u00e9put\u00e9e pour la qualit\u00e9 exceptionnelle des cuirs Herm\u00e8s.<\/p>\n<\/li>\n<li data-start=\"3338\" data-end=\"3406\">\n<p data-start=\"3340\" data-end=\"3406\"><strong data-start=\"3340\" data-end=\"3357\">Tr\u00e8s bon \u00e9tat<\/strong>, rare pour un mod\u00e8le vintage de nearly 30 ans.<\/p>\n<\/li>\n<li data-start=\"3407\" data-end=\"3475\">\n<p data-start=\"3409\" data-end=\"3475\">Alternative \u00e9l\u00e9gante et moins commune que le Birkin ou le Kelly.<\/p>\n<\/li>\n<\/ul>\n<hr data-start=\"3477\" data-end=\"3480\" \/>\n<h3 data-start=\"3482\" data-end=\"3522\">Un excellent investissement Herm\u00e8s<\/h3>\n<ul data-start=\"3524\" data-end=\"3861\">\n<li data-start=\"3524\" data-end=\"3587\">\n<p data-start=\"3526\" data-end=\"3587\">Les HAC <strong data-start=\"3534\" data-end=\"3549\">en Ardennes<\/strong> prennent de la valeur chaque ann\u00e9e.<\/p>\n<\/li>\n<li data-start=\"3588\" data-end=\"3662\">\n<p data-start=\"3590\" data-end=\"3662\">Les formats <strong data-start=\"3602\" data-end=\"3616\">rares (32)<\/strong> sont tr\u00e8s demand\u00e9s par les collectionneurs.<\/p>\n<\/li>\n<li data-start=\"3663\" data-end=\"3761\">\n<p data-start=\"3665\" data-end=\"3761\">Les sacs vintage noirs avec finitions or sont toujours recherch\u00e9s sur le march\u00e9 international.<\/p>\n<\/li>\n<li data-start=\"3762\" data-end=\"3861\">\n<p data-start=\"3764\" data-end=\"3861\">Un excellent choix pour une <strong data-start=\"3792\" data-end=\"3826\">collection Herm\u00e8s patrimoniale<\/strong> ou un investissement long terme.<\/p>\n<\/li>\n<\/ul>\n<hr data-start=\"3863\" data-end=\"3866\" \/>\n<h3 data-start=\"3868\" data-end=\"3916\">Pourquoi acheter chez TheVintageTraveler ?<\/h3>\n<p data-start=\"3918\" data-end=\"3972\">Chez <strong data-start=\"3923\" data-end=\"3945\">TheVintageTraveler<\/strong>, chaque sac Herm\u00e8s est :<\/p>\n<ul data-start=\"3974\" data-end=\"4253\">\n<li data-start=\"3974\" data-end=\"4020\">\n<p data-start=\"3976\" data-end=\"4020\"><strong data-start=\"3976\" data-end=\"4004\">Authentifi\u00e9 et expertis\u00e9<\/strong> avec rigueur.<\/p>\n<\/li>\n<li data-start=\"4021\" data-end=\"4100\">\n<p data-start=\"4023\" data-end=\"4100\">S\u00e9lectionn\u00e9 pour sa <strong data-start=\"4043\" data-end=\"4097\">raret\u00e9, son \u00e9tat et son potentiel d\u2019investissement<\/strong>.<\/p>\n<\/li>\n<li data-start=\"4101\" data-end=\"4146\">\n<p data-start=\"4103\" data-end=\"4146\">Livr\u00e9 avec <strong data-start=\"4114\" data-end=\"4143\">certificat d\u2019authenticit\u00e9<\/strong>.<\/p>\n<\/li>\n<li data-start=\"4147\" data-end=\"4253\">\n<p data-start=\"4149\" data-end=\"4253\">Disponible en showroom <strong data-start=\"4172\" data-end=\"4204\">March\u00e9 Serpette \u2013 Saint-Ouen<\/strong> ou via <strong data-start=\"4212\" data-end=\"4250\">livraison internationale s\u00e9curis\u00e9e<\/strong>.<\/p>\n<\/li>\n<\/ul>\n<hr data-start=\"4255\" data-end=\"4258\" \/>\n<h3 data-start=\"4260\" data-end=\"4276\">Conclusion<\/h3>\n<p data-start=\"4278\" data-end=\"4590\">Ce <strong data-start=\"4281\" data-end=\"4320\">Herm\u00e8s HAC 32 en cuir Ardennes noir<\/strong>, dat\u00e9 de <strong data-start=\"4330\" data-end=\"4338\">1995<\/strong>, avec <strong data-start=\"4345\" data-end=\"4365\">finitions dor\u00e9es<\/strong>, est une <strong data-start=\"4375\" data-end=\"4396\">pi\u00e8ce d\u2019exception<\/strong>, rare, structur\u00e9e et d\u2019une \u00e9l\u00e9gance intemporelle. En <strong data-start=\"4450\" data-end=\"4467\">tr\u00e8s bon \u00e9tat<\/strong>, il constitue un <strong data-start=\"4485\" data-end=\"4528\">excellent investissement Herm\u00e8s vintage<\/strong> et une pi\u00e8ce iconique \u00e0 ajouter \u00e0 toute collection de luxe.<\/p>\n<p>Suivez &#8211; nous sur <a href=\"https:\/\/www.facebook.com\/TheVintageTravelerFR\">Facebook<\/a> et <a href=\"https:\/\/www.instagram.com\/the_vintagetraveler\/?igsh=aXdsbDJkdnpwZjcx#\">Instagram<\/a><\/p>\n","protected":false},"excerpt":{"rendered":"<p>Herm\u00e8s HAC 32 en cuir Ardennes noir, finitions dor\u00e9es, dat\u00e9 de 1995. Tr\u00e8s bon \u00e9tat. Pi\u00e8ce rare, structur\u00e9e et excellent investissement Herm\u00e8s vintage.<\/p>\n","protected":false},"featured_media":6705,"template":"","meta":[],"product_brand":[],"product_cat":[280,274,289,290,279],"product_tag":[281,283],"class_list":{"0":"post-6694","1":"product","2":"type-product","3":"status-publish","4":"has-post-thumbnail","6":"product_cat-hermes","7":"product_cat-news","8":"product_cat-handbag","9":"product_cat-travel-bag","10":"product_cat-bags","11":"product_tag-hermes","12":"product_tag-hermeshac","14":"first","15":"outofstock","16":"sold-individually","17":"shipping-taxable","18":"purchasable","19":"product-type-simple"},"yoast_head":"<!-- This site is optimized with the Yoast SEO plugin v27.1.1 - https:\/\/yoast.com\/product\/yoast-seo-wordpress\/ -->\n<title>Herm\u00e8s HAC 32 Cuir Ardennes Noir Or 1995 | Rare &amp; Iconique<\/title>\n<meta name=\"description\" content=\"Herm\u00e8s HAC 32 en cuir Ardennes noir, finitions dor\u00e9es. Tr\u00e8s bon \u00e9tat, 1995. Mod\u00e8le rare, structur\u00e9 et excellent investissement Herm\u00e8s vintage.\" \/>\n<meta name=\"robots\" content=\"index, follow, max-snippet:-1, max-image-preview:large, max-video-preview:-1\" \/>\n<link rel=\"canonical\" href=\"https:\/\/thevintagetraveler.com\/en\/produit\/hermes-hac-32-ardennes-noir-or-1995\/\" \/>\n<meta property=\"og:locale\" content=\"en_US\" \/>\n<meta property=\"og:type\" content=\"article\" \/>\n<meta property=\"og:title\" content=\"Herm\u00e8s HAC 32 Cuir Ardennes Noir Or 1995 | Rare &amp; Iconique\" \/>\n<meta property=\"og:description\" content=\"Herm\u00e8s HAC 32 en cuir Ardennes noir, finitions dor\u00e9es. Tr\u00e8s bon \u00e9tat, 1995. Mod\u00e8le rare, structur\u00e9 et excellent investissement Herm\u00e8s vintage.\" \/>\n<meta property=\"og:url\" content=\"https:\/\/thevintagetraveler.com\/en\/produit\/hermes-hac-32-ardennes-noir-or-1995\/\" \/>\n<meta property=\"og:site_name\" content=\"TheVintageTraveler\" \/>\n<meta property=\"article:publisher\" content=\"https:\/\/www.facebook.com\/TheVintageTravelerFR\/\" \/>\n<meta property=\"article:modified_time\" content=\"2026-01-26T11:44:13+00:00\" \/>\n<meta property=\"og:image\" content=\"https:\/\/thevintagetraveler.com\/wp-content\/uploads\/2025\/11\/20251109_164548-1.jpg\" \/>\n\t<meta property=\"og:image:width\" content=\"2560\" \/>\n\t<meta property=\"og:image:height\" content=\"2560\" \/>\n\t<meta property=\"og:image:type\" content=\"image\/jpeg\" \/>\n<meta name=\"twitter:card\" content=\"summary_large_image\" \/>\n<meta name=\"twitter:label1\" content=\"Est. reading time\" \/>\n\t<meta name=\"twitter:data1\" content=\"3 minutes\" \/>\n<script type=\"application\/ld+json\" class=\"yoast-schema-graph\">{\"@context\":\"https:\/\/schema.org\",\"@graph\":[{\"@type\":\"WebPage\",\"@id\":\"https:\/\/thevintagetraveler.com\/en\/produit\/hermes-hac-32-ardennes-noir-or-1995\/\",\"url\":\"https:\/\/thevintagetraveler.com\/en\/produit\/hermes-hac-32-ardennes-noir-or-1995\/\",\"name\":\"Herm\u00e8s HAC 32 Cuir Ardennes Noir Or 1995 | Rare & Iconique\",\"isPartOf\":{\"@id\":\"https:\/\/thevintagetraveler.com\/en\/#website\"},\"primaryImageOfPage\":{\"@id\":\"https:\/\/thevintagetraveler.com\/en\/produit\/hermes-hac-32-ardennes-noir-or-1995\/#primaryimage\"},\"image\":{\"@id\":\"https:\/\/thevintagetraveler.com\/en\/produit\/hermes-hac-32-ardennes-noir-or-1995\/#primaryimage\"},\"thumbnailUrl\":\"https:\/\/thevintagetraveler.com\/wp-content\/uploads\/2025\/11\/20251109_164548-1.jpg\",\"datePublished\":\"2024-11-19T16:52:05+00:00\",\"dateModified\":\"2026-01-26T11:44:13+00:00\",\"description\":\"Herm\u00e8s HAC 32 en cuir Ardennes noir, finitions dor\u00e9es. Tr\u00e8s bon \u00e9tat, 1995. Mod\u00e8le rare, structur\u00e9 et excellent investissement Herm\u00e8s vintage.\",\"breadcrumb\":{\"@id\":\"https:\/\/thevintagetraveler.com\/en\/produit\/hermes-hac-32-ardennes-noir-or-1995\/#breadcrumb\"},\"inLanguage\":\"en-US\",\"potentialAction\":[{\"@type\":\"ReadAction\",\"target\":[\"https:\/\/thevintagetraveler.com\/en\/produit\/hermes-hac-32-ardennes-noir-or-1995\/\"]}]},{\"@type\":\"ImageObject\",\"inLanguage\":\"en-US\",\"@id\":\"https:\/\/thevintagetraveler.com\/en\/produit\/hermes-hac-32-ardennes-noir-or-1995\/#primaryimage\",\"url\":\"https:\/\/thevintagetraveler.com\/wp-content\/uploads\/2025\/11\/20251109_164548-1.jpg\",\"contentUrl\":\"https:\/\/thevintagetraveler.com\/wp-content\/uploads\/2025\/11\/20251109_164548-1.jpg\",\"width\":2560,\"height\":2560,\"caption\":\"sac Herm\u00e8s HAC 32 cuir Ardennes noir 1995\"},{\"@type\":\"BreadcrumbList\",\"@id\":\"https:\/\/thevintagetraveler.com\/en\/produit\/hermes-hac-32-ardennes-noir-or-1995\/#breadcrumb\",\"itemListElement\":[{\"@type\":\"ListItem\",\"position\":1,\"name\":\"Accueil\",\"item\":\"https:\/\/thevintagetraveler.com\/en\/\"},{\"@type\":\"ListItem\",\"position\":2,\"name\":\"Shop\",\"item\":\"https:\/\/thevintagetraveler.com\/shop\/\"},{\"@type\":\"ListItem\",\"position\":3,\"name\":\"Sac Herm\u00e8s HAC 32 noir\"}]},{\"@type\":\"WebSite\",\"@id\":\"https:\/\/thevintagetraveler.com\/en\/#website\",\"url\":\"https:\/\/thevintagetraveler.com\/en\/\",\"name\":\"TheVintageTraveler\",\"description\":\"Luxury experts in Louis Vuitton, Chanel &amp; Herm\u00e8s\",\"publisher\":{\"@id\":\"https:\/\/thevintagetraveler.com\/en\/#organization\"},\"potentialAction\":[{\"@type\":\"SearchAction\",\"target\":{\"@type\":\"EntryPoint\",\"urlTemplate\":\"https:\/\/thevintagetraveler.com\/en\/?s={search_term_string}\"},\"query-input\":{\"@type\":\"PropertyValueSpecification\",\"valueRequired\":true,\"valueName\":\"search_term_string\"}}],\"inLanguage\":\"en-US\"},{\"@type\":\"Organization\",\"@id\":\"https:\/\/thevintagetraveler.com\/en\/#organization\",\"name\":\"TheVintageTraveler\",\"url\":\"https:\/\/thevintagetraveler.com\/en\/\",\"logo\":{\"@type\":\"ImageObject\",\"inLanguage\":\"en-US\",\"@id\":\"https:\/\/thevintagetraveler.com\/en\/#\/schema\/logo\/image\/\",\"url\":\"https:\/\/thevintagetraveler.com\/wp-content\/uploads\/2025\/04\/LOGO-THE-VINTAGE-TRAVELER-FINAL-e1745392697678.png\",\"contentUrl\":\"https:\/\/thevintagetraveler.com\/wp-content\/uploads\/2025\/04\/LOGO-THE-VINTAGE-TRAVELER-FINAL-e1745392697678.png\",\"width\":798,\"height\":318,\"caption\":\"TheVintageTraveler\"},\"image\":{\"@id\":\"https:\/\/thevintagetraveler.com\/en\/#\/schema\/logo\/image\/\"},\"sameAs\":[\"https:\/\/www.facebook.com\/TheVintageTravelerFR\/\",\"https:\/\/www.instagram.com\/the_vintagetraveler\"]}]}<\/script>\n<!-- \/ Yoast SEO plugin. -->","yoast_head_json":{"title":"Herm\u00e8s HAC 32 Cuir Ardennes Noir Or 1995 | Rare & Iconique","description":"Herm\u00e8s HAC 32 en cuir Ardennes noir, finitions dor\u00e9es. Tr\u00e8s bon \u00e9tat, 1995. Mod\u00e8le rare, structur\u00e9 et excellent investissement Herm\u00e8s vintage.","robots":{"index":"index","follow":"follow","max-snippet":"max-snippet:-1","max-image-preview":"max-image-preview:large","max-video-preview":"max-video-preview:-1"},"canonical":"https:\/\/thevintagetraveler.com\/en\/produit\/hermes-hac-32-ardennes-noir-or-1995\/","og_locale":"en_US","og_type":"article","og_title":"Herm\u00e8s HAC 32 Cuir Ardennes Noir Or 1995 | Rare & Iconique","og_description":"Herm\u00e8s HAC 32 en cuir Ardennes noir, finitions dor\u00e9es. Tr\u00e8s bon \u00e9tat, 1995. Mod\u00e8le rare, structur\u00e9 et excellent investissement Herm\u00e8s vintage.","og_url":"https:\/\/thevintagetraveler.com\/en\/produit\/hermes-hac-32-ardennes-noir-or-1995\/","og_site_name":"TheVintageTraveler","article_publisher":"https:\/\/www.facebook.com\/TheVintageTravelerFR\/","article_modified_time":"2026-01-26T11:44:13+00:00","og_image":[{"width":2560,"height":2560,"url":"https:\/\/thevintagetraveler.com\/wp-content\/uploads\/2025\/11\/20251109_164548-1.jpg","type":"image\/jpeg"}],"twitter_card":"summary_large_image","twitter_misc":{"Est. reading time":"3 minutes"},"schema":{"@context":"https:\/\/schema.org","@graph":[{"@type":"WebPage","@id":"https:\/\/thevintagetraveler.com\/en\/produit\/hermes-hac-32-ardennes-noir-or-1995\/","url":"https:\/\/thevintagetraveler.com\/en\/produit\/hermes-hac-32-ardennes-noir-or-1995\/","name":"Herm\u00e8s HAC 32 Cuir Ardennes Noir Or 1995 | Rare & Iconique","isPartOf":{"@id":"https:\/\/thevintagetraveler.com\/en\/#website"},"primaryImageOfPage":{"@id":"https:\/\/thevintagetraveler.com\/en\/produit\/hermes-hac-32-ardennes-noir-or-1995\/#primaryimage"},"image":{"@id":"https:\/\/thevintagetraveler.com\/en\/produit\/hermes-hac-32-ardennes-noir-or-1995\/#primaryimage"},"thumbnailUrl":"https:\/\/thevintagetraveler.com\/wp-content\/uploads\/2025\/11\/20251109_164548-1.jpg","datePublished":"2024-11-19T16:52:05+00:00","dateModified":"2026-01-26T11:44:13+00:00","description":"Herm\u00e8s HAC 32 en cuir Ardennes noir, finitions dor\u00e9es. Tr\u00e8s bon \u00e9tat, 1995. Mod\u00e8le rare, structur\u00e9 et excellent investissement Herm\u00e8s vintage.","breadcrumb":{"@id":"https:\/\/thevintagetraveler.com\/en\/produit\/hermes-hac-32-ardennes-noir-or-1995\/#breadcrumb"},"inLanguage":"en-US","potentialAction":[{"@type":"ReadAction","target":["https:\/\/thevintagetraveler.com\/en\/produit\/hermes-hac-32-ardennes-noir-or-1995\/"]}]},{"@type":"ImageObject","inLanguage":"en-US","@id":"https:\/\/thevintagetraveler.com\/en\/produit\/hermes-hac-32-ardennes-noir-or-1995\/#primaryimage","url":"https:\/\/thevintagetraveler.com\/wp-content\/uploads\/2025\/11\/20251109_164548-1.jpg","contentUrl":"https:\/\/thevintagetraveler.com\/wp-content\/uploads\/2025\/11\/20251109_164548-1.jpg","width":2560,"height":2560,"caption":"sac Herm\u00e8s HAC 32 cuir Ardennes noir 1995"},{"@type":"BreadcrumbList","@id":"https:\/\/thevintagetraveler.com\/en\/produit\/hermes-hac-32-ardennes-noir-or-1995\/#breadcrumb","itemListElement":[{"@type":"ListItem","position":1,"name":"Accueil","item":"https:\/\/thevintagetraveler.com\/en\/"},{"@type":"ListItem","position":2,"name":"Shop","item":"https:\/\/thevintagetraveler.com\/shop\/"},{"@type":"ListItem","position":3,"name":"Sac Herm\u00e8s HAC 32 noir"}]},{"@type":"WebSite","@id":"https:\/\/thevintagetraveler.com\/en\/#website","url":"https:\/\/thevintagetraveler.com\/en\/","name":"TheVintageTraveler","description":"Luxury experts in Louis Vuitton, Chanel &amp; Herm\u00e8s","publisher":{"@id":"https:\/\/thevintagetraveler.com\/en\/#organization"},"potentialAction":[{"@type":"SearchAction","target":{"@type":"EntryPoint","urlTemplate":"https:\/\/thevintagetraveler.com\/en\/?s={search_term_string}"},"query-input":{"@type":"PropertyValueSpecification","valueRequired":true,"valueName":"search_term_string"}}],"inLanguage":"en-US"},{"@type":"Organization","@id":"https:\/\/thevintagetraveler.com\/en\/#organization","name":"TheVintageTraveler","url":"https:\/\/thevintagetraveler.com\/en\/","logo":{"@type":"ImageObject","inLanguage":"en-US","@id":"https:\/\/thevintagetraveler.com\/en\/#\/schema\/logo\/image\/","url":"https:\/\/thevintagetraveler.com\/wp-content\/uploads\/2025\/04\/LOGO-THE-VINTAGE-TRAVELER-FINAL-e1745392697678.png","contentUrl":"https:\/\/thevintagetraveler.com\/wp-content\/uploads\/2025\/04\/LOGO-THE-VINTAGE-TRAVELER-FINAL-e1745392697678.png","width":798,"height":318,"caption":"TheVintageTraveler"},"image":{"@id":"https:\/\/thevintagetraveler.com\/en\/#\/schema\/logo\/image\/"},"sameAs":["https:\/\/www.facebook.com\/TheVintageTravelerFR\/","https:\/\/www.instagram.com\/the_vintagetraveler"]}]}},"_links":{"self":[{"href":"https:\/\/thevintagetraveler.com\/en\/wp-json\/wp\/v2\/product\/6694","targetHints":{"allow":["GET"]}}],"collection":[{"href":"https:\/\/thevintagetraveler.com\/en\/wp-json\/wp\/v2\/product"}],"about":[{"href":"https:\/\/thevintagetraveler.com\/en\/wp-json\/wp\/v2\/types\/product"}],"wp:featuredmedia":[{"embeddable":true,"href":"https:\/\/thevintagetraveler.com\/en\/wp-json\/wp\/v2\/media\/6705"}],"wp:attachment":[{"href":"https:\/\/thevintagetraveler.com\/en\/wp-json\/wp\/v2\/media?parent=6694"}],"wp:term":[{"taxonomy":"product_brand","embeddable":true,"href":"https:\/\/thevintagetraveler.com\/en\/wp-json\/wp\/v2\/product_brand?post=6694"},{"taxonomy":"product_cat","embeddable":true,"href":"https:\/\/thevintagetraveler.com\/en\/wp-json\/wp\/v2\/product_cat?post=6694"},{"taxonomy":"product_tag","embeddable":true,"href":"https:\/\/thevintagetraveler.com\/en\/wp-json\/wp\/v2\/product_tag?post=6694"}],"curies":[{"name":"wp","href":"https:\/\/api.w.org\/{rel}","templated":true}]}}