{"id":6735,"date":"2024-11-19T18:33:55","date_gmt":"2024-11-19T17:33:55","guid":{"rendered":"https:\/\/thevintagetraveler.com\/?post_type=product&#038;p=6735"},"modified":"2026-03-02T14:21:49","modified_gmt":"2026-03-02T13:21:49","slug":"malle-louis-vuitton-courrier-1920-1930-monogramme","status":"publish","type":"product","link":"https:\/\/thevintagetraveler.com\/en\/produit\/malle-louis-vuitton-courrier-1920-1930-monogramme\/","title":{"rendered":"Malle Louis Vuitton Courrier Monogramme ancienne"},"content":{"rendered":"<h3 data-start=\"1212\" data-end=\"1299\">Malle Courrier Louis Vuitton \u2013 Ann\u00e9es 1920\u20131930, Toile Monogramme, Cuir &amp; Laitons<\/h3>\n<p data-start=\"1301\" data-end=\"1721\">Cette <strong data-start=\"1307\" data-end=\"1348\">malle courrier Louis Vuitton ancienne<\/strong>, datant des <strong data-start=\"1361\" data-end=\"1377\">ann\u00e9es 20\u201330<\/strong>, est une <strong data-start=\"1387\" data-end=\"1424\">pi\u00e8ce patrimoniale exceptionnelle<\/strong>, fabriqu\u00e9e \u00e0 une \u00e9poque o\u00f9 Louis Vuitton se distinguait d\u00e9j\u00e0 comme la r\u00e9f\u00e9rence mondiale du voyage de luxe. R\u00e9alis\u00e9e en <strong data-start=\"1545\" data-end=\"1575\">toile monogramme originale<\/strong>, avec <strong data-start=\"1582\" data-end=\"1611\">finitions cuir et laitons<\/strong> ainsi que des <strong data-start=\"1626\" data-end=\"1655\">poign\u00e9es en laiton massif<\/strong>, elle offre un charme authentique et une pr\u00e9sence incomparable.<\/p>\n<p data-start=\"1723\" data-end=\"1986\">Avec ses dimensions de <strong data-start=\"1746\" data-end=\"1802\">90 cm de large \u00d7 55 cm de haut \u00d7 52 cm de profondeur<\/strong>, c&#8217;est une pi\u00e8ce d\u00e9corative et fonctionnelle parfaite, bien plus int\u00e9ressante qu\u2019une malle neuve tant en <strong data-start=\"1908\" data-end=\"1921\">caract\u00e8re<\/strong>, <strong data-start=\"1923\" data-end=\"1948\">qualit\u00e9 des mat\u00e9riaux<\/strong>, qu\u2019en <strong data-start=\"1956\" data-end=\"1983\">valeur d\u2019investissement<\/strong>.<\/p>\n<hr data-start=\"1988\" data-end=\"1991\" \/>\n<h3 data-start=\"1993\" data-end=\"2061\">Une malle historique : la quintessence du voyage Louis Vuitton<\/h3>\n<ul data-start=\"2063\" data-end=\"2469\">\n<li data-start=\"2063\" data-end=\"2170\">\n<p data-start=\"2065\" data-end=\"2170\">Fabriqu\u00e9e entre <strong data-start=\"2081\" data-end=\"2097\">1920 et 1930<\/strong>, p\u00e9riode embl\u00e9matique de l\u2019\u00e2ge d\u2019or du voyage en train et en paquebot.<\/p>\n<\/li>\n<li data-start=\"2171\" data-end=\"2284\">\n<p data-start=\"2173\" data-end=\"2284\">Le mod\u00e8le <strong data-start=\"2183\" data-end=\"2195\">courrier<\/strong> est l\u2019un des plus embl\u00e9matiques : spacieux, robustes et con\u00e7us pour les longs voyages.<\/p>\n<\/li>\n<li data-start=\"2285\" data-end=\"2400\">\n<p data-start=\"2287\" data-end=\"2400\">Chaque malle est le fruit du <strong data-start=\"2316\" data-end=\"2358\">travail artisanal traditionnel Vuitton<\/strong>, avec un niveau de d\u00e9tail exceptionnel.<\/p>\n<\/li>\n<li data-start=\"2401\" data-end=\"2469\">\n<p data-start=\"2403\" data-end=\"2469\">Pi\u00e8ce centenaire avec <strong data-start=\"2425\" data-end=\"2445\">patine d\u2019origine<\/strong>, rare en si bel \u00e9tat.<\/p>\n<\/li>\n<\/ul>\n<hr data-start=\"2471\" data-end=\"2474\" \/>\n<h3 data-start=\"2476\" data-end=\"2551\">Toile Monogramme &amp; finitions en cuir &amp; laitons : authenticit\u00e9 absolue<\/h3>\n<ul data-start=\"2553\" data-end=\"2971\">\n<li data-start=\"2553\" data-end=\"2661\">\n<p data-start=\"2555\" data-end=\"2661\"><strong data-start=\"2555\" data-end=\"2585\">Toile monogramme originale<\/strong>, reconnaissable par sa texture, sa couleur et sa patine caract\u00e9ristiques.<\/p>\n<\/li>\n<li data-start=\"2662\" data-end=\"2742\">\n<p data-start=\"2664\" data-end=\"2742\"><strong data-start=\"2664\" data-end=\"2701\">Coins et renforts en cuir naturel<\/strong>, patin\u00e9 avec \u00e9l\u00e9gance au fil du temps.<\/p>\n<\/li>\n<li data-start=\"2743\" data-end=\"2835\">\n<p data-start=\"2745\" data-end=\"2835\"><strong data-start=\"2745\" data-end=\"2808\">Ferrures, serrures, charni\u00e8res et poign\u00e9es en laiton massif<\/strong>, brillamment conserv\u00e9es.<\/p>\n<\/li>\n<li data-start=\"2836\" data-end=\"2971\">\n<p data-start=\"2838\" data-end=\"2971\">Qualit\u00e9 des mat\u00e9riaux largement sup\u00e9rieure \u00e0 celles des malles modernes :<br data-start=\"2911\" data-end=\"2914\" \/><strong data-start=\"2916\" data-end=\"2969\">le vintage est la v\u00e9ritable quintessence du luxe.<\/strong><\/p>\n<\/li>\n<\/ul>\n<hr data-start=\"2973\" data-end=\"2976\" \/>\n<h3 data-start=\"2978\" data-end=\"3011\">Caract\u00e9ristiques du produit<\/h3>\n<ul data-start=\"3013\" data-end=\"3506\">\n<li data-start=\"3013\" data-end=\"3043\">\n<p data-start=\"3015\" data-end=\"3043\"><strong data-start=\"3015\" data-end=\"3027\">Marque :<\/strong> <a href=\"https:\/\/thevintagetraveler.com\/rachat-de-malles-louis-vuitton\/\">Louis Vuitton<\/a><\/p>\n<\/li>\n<li data-start=\"3044\" data-end=\"3075\">\n<p data-start=\"3046\" data-end=\"3075\"><strong data-start=\"3046\" data-end=\"3058\">Mod\u00e8le :<\/strong> Malle courrier<\/p>\n<\/li>\n<li data-start=\"3076\" data-end=\"3109\">\n<p data-start=\"3078\" data-end=\"3109\"><strong data-start=\"3078\" data-end=\"3090\">\u00c9poque :<\/strong> Ann\u00e9es 1920\u20131930<\/p>\n<\/li>\n<li data-start=\"3110\" data-end=\"3184\">\n<p data-start=\"3112\" data-end=\"3184\"><strong data-start=\"3112\" data-end=\"3126\">Mati\u00e8res :<\/strong> <a href=\"https:\/\/thevintagetraveler.com\/les-toiles-des-malles-louis-vuitton-histoire-evolution-et-signification\/\">Toile<\/a> monogramme originale, cuir naturel, laiton massif<\/p>\n<\/li>\n<li data-start=\"3185\" data-end=\"3222\">\n<p data-start=\"3187\" data-end=\"3222\"><strong data-start=\"3187\" data-end=\"3201\">Poign\u00e9es :<\/strong> Poign\u00e9es en laiton<\/p>\n<\/li>\n<li data-start=\"3223\" data-end=\"3324\">\n<p data-start=\"3225\" data-end=\"3243\"><strong data-start=\"3225\" data-end=\"3241\">Dimensions :<\/strong><\/p>\n<ul data-start=\"3246\" data-end=\"3324\">\n<li data-start=\"3246\" data-end=\"3269\">\n<p data-start=\"3248\" data-end=\"3269\">Largeur : <strong data-start=\"3258\" data-end=\"3267\">90 cm<\/strong><\/p>\n<\/li>\n<li data-start=\"3272\" data-end=\"3295\">\n<p data-start=\"3274\" data-end=\"3295\">Hauteur : <strong data-start=\"3284\" data-end=\"3293\">55 cm<\/strong><\/p>\n<\/li>\n<li data-start=\"3298\" data-end=\"3324\">\n<p data-start=\"3300\" data-end=\"3324\">Profondeur : <strong data-start=\"3313\" data-end=\"3322\">52 cm<\/strong><\/p>\n<\/li>\n<\/ul>\n<\/li>\n<li data-start=\"3325\" data-end=\"3425\">\n<p data-start=\"3327\" data-end=\"3425\"><strong data-start=\"3327\" data-end=\"3337\">\u00c9tat :<\/strong> Tr\u00e8s bon \u00e9tat pour son \u00e2ge \u2013 structure solide, patine authentique, finitions d\u2019\u00e9poque<\/p>\n<\/li>\n<li data-start=\"3426\" data-end=\"3506\">\n<p data-start=\"3428\" data-end=\"3506\"><strong data-start=\"3428\" data-end=\"3450\">Authentification :<\/strong> Certifi\u00e9e \u2013 livr\u00e9e avec certificat TheVintageTraveler<\/p>\n<\/li>\n<\/ul>\n<hr data-start=\"3508\" data-end=\"3511\" \/>\n<h3 data-start=\"3513\" data-end=\"3557\">Une d\u00e9coration d\u2019int\u00e9rieur d\u2019exception<\/h3>\n<p data-start=\"3559\" data-end=\"3638\">Gr\u00e2ce \u00e0 son format et \u00e0 sa pr\u00e9sence visuelle, cette malle est parfaite pour :<\/p>\n<ul data-start=\"3640\" data-end=\"3880\">\n<li data-start=\"3640\" data-end=\"3673\">\n<p data-start=\"3642\" data-end=\"3673\">une <strong data-start=\"3646\" data-end=\"3670\">table basse \u00e9l\u00e9gante<\/strong>,<\/p>\n<\/li>\n<li data-start=\"3674\" data-end=\"3697\">\n<p data-start=\"3676\" data-end=\"3697\">un <strong data-start=\"3679\" data-end=\"3694\">bout de lit<\/strong>,<\/p>\n<\/li>\n<li data-start=\"3698\" data-end=\"3735\">\n<p data-start=\"3700\" data-end=\"3735\">une <strong data-start=\"3704\" data-end=\"3732\">pi\u00e8ce ma\u00eetresse de salon<\/strong>,<\/p>\n<\/li>\n<li data-start=\"3736\" data-end=\"3790\">\n<p data-start=\"3738\" data-end=\"3790\">un <strong data-start=\"3741\" data-end=\"3787\">\u00e9l\u00e9ment d\u00e9coratif dans un dressing de luxe<\/strong>,<\/p>\n<\/li>\n<li data-start=\"3791\" data-end=\"3834\">\n<p data-start=\"3793\" data-end=\"3834\">une <strong data-start=\"3797\" data-end=\"3831\">d\u00e9coration boutique ou galerie<\/strong>,<\/p>\n<\/li>\n<li data-start=\"3835\" data-end=\"3880\">\n<p data-start=\"3837\" data-end=\"3880\">un <strong data-start=\"3840\" data-end=\"3877\">objet de collection Louis Vuitton<\/strong>.<\/p>\n<\/li>\n<\/ul>\n<p data-start=\"3882\" data-end=\"4007\">Sa taille interm\u00e9diaire (90 cm) la rend facile \u00e0 int\u00e9grer dans diff\u00e9rents espaces tout en conservant un impact visuel fort.<\/p>\n<hr data-start=\"4009\" data-end=\"4012\" \/>\n<h3 data-start=\"4014\" data-end=\"4077\">Pourquoi choisir une malle ancienne plut\u00f4t qu\u2019une neuve ?<\/h3>\n<p data-start=\"4079\" data-end=\"4241\">\u2714 <strong data-start=\"4081\" data-end=\"4114\">Mat\u00e9riaux nobles authentiques<\/strong><br data-start=\"4114\" data-end=\"4117\" \/>Toile au pochoir ou toile monogramme ancienne, laiton massif, lozine, cuir \u00e9pais \u2014 bien sup\u00e9rieurs aux mat\u00e9riaux modernes.<\/p>\n<p data-start=\"4243\" data-end=\"4341\">\u2714 <strong data-start=\"4245\" data-end=\"4267\">Patine et histoire<\/strong><br data-start=\"4267\" data-end=\"4270\" \/>Impossible \u00e0 reproduire : chaque marque raconte un si\u00e8cle de voyages.<\/p>\n<p data-start=\"4343\" data-end=\"4478\">\u2714 <strong data-start=\"4345\" data-end=\"4379\">Valeur d\u2019investissement \u00e9lev\u00e9e<\/strong><br data-start=\"4379\" data-end=\"4382\" \/>Les malles neuves se d\u00e9pr\u00e9cient.<br data-start=\"4414\" data-end=\"4417\" \/>Les malles anciennes <strong data-start=\"4438\" data-end=\"4475\">augmentent en valeur chaque ann\u00e9e<\/strong>.<\/p>\n<p data-start=\"4480\" data-end=\"4577\">\u2714 <strong data-start=\"4482\" data-end=\"4498\">Objet unique<\/strong><br data-start=\"4498\" data-end=\"4501\" \/>Chaque malle centenaire est diff\u00e9rente : un caract\u00e8re impossible \u00e0 imiter.<\/p>\n<p data-start=\"4579\" data-end=\"4738\">\u2714 <strong data-start=\"4581\" data-end=\"4616\">Meilleur rapport qualit\u00e9 \/ prix<\/strong><br data-start=\"4616\" data-end=\"4619\" \/>Pour un budget \u00e9quivalent ou inf\u00e9rieur au neuf, on obtient une <strong data-start=\"4682\" data-end=\"4705\">pi\u00e8ce de collection<\/strong>, pas une simple malle moderne.<\/p>\n<hr data-start=\"4740\" data-end=\"4743\" \/>\n<h3 data-start=\"4745\" data-end=\"4781\">Mots-cl\u00e9s secondaires int\u00e9gr\u00e9s<\/h3>\n<ul data-start=\"4783\" data-end=\"5062\">\n<li data-start=\"4783\" data-end=\"4813\">\n<p data-start=\"4785\" data-end=\"4813\"><em data-start=\"4785\" data-end=\"4811\">malle ancienne de voyage<\/em><\/p>\n<\/li>\n<li data-start=\"4814\" data-end=\"4842\">\n<p data-start=\"4816\" data-end=\"4842\"><em data-start=\"4816\" data-end=\"4840\">malle de luxe ancienne<\/em><\/p>\n<\/li>\n<li data-start=\"4843\" data-end=\"4884\">\n<p data-start=\"4845\" data-end=\"4884\"><em data-start=\"4845\" data-end=\"4882\">d\u00e9coration avec malle Louis Vuitton<\/em><\/p>\n<\/li>\n<li data-start=\"4885\" data-end=\"4915\">\n<p data-start=\"4887\" data-end=\"4915\"><em data-start=\"4887\" data-end=\"4913\">malle historique Vuitton<\/em><\/p>\n<\/li>\n<li data-start=\"4916\" data-end=\"4955\">\n<p data-start=\"4918\" data-end=\"4955\"><em data-start=\"4918\" data-end=\"4953\">objet de collection Louis Vuitton<\/em><\/p>\n<\/li>\n<li data-start=\"4956\" data-end=\"4978\">\n<p data-start=\"4958\" data-end=\"4978\"><em data-start=\"4958\" data-end=\"4976\">malle centenaire<\/em><\/p>\n<\/li>\n<li data-start=\"4979\" data-end=\"5004\">\n<p data-start=\"4981\" data-end=\"5004\"><em data-start=\"4981\" data-end=\"5002\">cuir naturel patin\u00e9<\/em><\/p>\n<\/li>\n<li data-start=\"5005\" data-end=\"5037\">\n<p data-start=\"5007\" data-end=\"5037\"><em data-start=\"5007\" data-end=\"5035\">toile monogramme originale<\/em><\/p>\n<\/li>\n<li data-start=\"5038\" data-end=\"5062\">\n<p data-start=\"5040\" data-end=\"5062\"><em data-start=\"5040\" data-end=\"5060\">ferrures en laiton<\/em><\/p>\n<\/li>\n<\/ul>\n<hr data-start=\"5064\" data-end=\"5067\" \/>\n<h3 data-start=\"5069\" data-end=\"5117\">Pourquoi acheter chez TheVintageTraveler ?<\/h3>\n<p data-start=\"5119\" data-end=\"5182\">Chez <strong data-start=\"5124\" data-end=\"5146\">TheVintageTraveler<\/strong>, chaque malle Louis Vuitton est :<\/p>\n<ul data-start=\"5184\" data-end=\"5466\">\n<li data-start=\"5184\" data-end=\"5234\">\n<p data-start=\"5186\" data-end=\"5234\"><strong data-start=\"5186\" data-end=\"5216\">Expertis\u00e9e et authentifi\u00e9e<\/strong> minutieusement.<\/p>\n<\/li>\n<li data-start=\"5235\" data-end=\"5317\">\n<p data-start=\"5237\" data-end=\"5317\">S\u00e9lectionn\u00e9e pour sa <strong data-start=\"5258\" data-end=\"5314\">raret\u00e9, sa qualit\u00e9 et son potentiel d\u2019investissement<\/strong>.<\/p>\n<\/li>\n<li data-start=\"5318\" data-end=\"5364\">\n<p data-start=\"5320\" data-end=\"5364\">Livr\u00e9e avec <strong data-start=\"5332\" data-end=\"5361\">certificat d\u2019authenticit\u00e9<\/strong>.<\/p>\n<\/li>\n<li data-start=\"5365\" data-end=\"5466\">\n<p data-start=\"5367\" data-end=\"5466\">Visible au <strong data-start=\"5378\" data-end=\"5410\">March\u00e9 Serpette \u2013 Saint-Ouen<\/strong> ou livr\u00e9e en <strong data-start=\"5424\" data-end=\"5463\">exp\u00e9dition internationale s\u00e9curis\u00e9e<\/strong>.<\/p>\n<\/li>\n<\/ul>\n<hr data-start=\"5468\" data-end=\"5471\" \/>\n<h3 data-start=\"5473\" data-end=\"5489\">Conclusion<\/h3>\n<p data-start=\"5491\" data-end=\"5859\">Cette <strong data-start=\"5497\" data-end=\"5546\">malle courrier Louis Vuitton des ann\u00e9es 20\u201330<\/strong>, en <strong data-start=\"5551\" data-end=\"5571\">toile monogramme<\/strong>, avec <strong data-start=\"5578\" data-end=\"5606\">finitions cuir et laiton<\/strong>, est une <strong data-start=\"5616\" data-end=\"5643\">pi\u00e8ce patrimoniale rare<\/strong>, parfaite en d\u00e9coration et remarquable comme <strong data-start=\"5689\" data-end=\"5715\">investissement vintage<\/strong>. Avec ses dimensions id\u00e9ales (90 \u00d7 55 \u00d7 52 cm) et son charme historique incomparable, elle incarne la <strong data-start=\"5818\" data-end=\"5856\">quintessence du luxe Louis Vuitton<\/strong>.<\/p>\n<p>Suivez &#8211; nous sur <a href=\"https:\/\/www.facebook.com\/TheVintageTravelerFR\">Facebook<\/a> et <a href=\"https:\/\/www.instagram.com\/the_vintagetraveler\/?igsh=aXdsbDJkdnpwZjcx#\">Instagram<\/a><\/p>\n","protected":false},"excerpt":{"rendered":"<p>Malle courrier Louis Vuitton des ann\u00e9es 20\u201330, toile monogramme, cuir et laitons. Dimensions 90 \u00d7 55 \u00d7 52 cm. Pi\u00e8ce rare, quintessence du luxe vintage.<\/p>\n","protected":false},"featured_media":6736,"template":"","meta":[],"product_brand":[],"product_cat":[272,273,274],"product_tag":[275,277,278,276],"class_list":{"0":"post-6735","1":"product","2":"type-product","3":"status-publish","4":"has-post-thumbnail","6":"product_cat-malles","7":"product_cat-louis-vuitton-trunks","8":"product_cat-news","9":"product_tag-louisvuitton","10":"product_tag-louisvuittontrunk","11":"product_tag-lvtrunk","12":"product_tag-mallelouisvuitton","14":"first","15":"outofstock","16":"sold-individually","17":"shipping-taxable","18":"product-type-simple"},"yoast_head":"<!-- This site is optimized with the Yoast SEO plugin v27.1.1 - https:\/\/yoast.com\/product\/yoast-seo-wordpress\/ -->\n<title>Malle Courrier Louis Vuitton 1920\u20131930 | Toile Monogramme Vintage<\/title>\n<meta name=\"description\" content=\"Malle courrier Louis Vuitton 1920\u201330 en toile monogramme, cuir &amp; laitons. 90 cm. Pi\u00e8ce rare, quintessence du luxe vintage. Meilleur choix que le neuf.\" \/>\n<meta name=\"robots\" content=\"index, follow, max-snippet:-1, max-image-preview:large, max-video-preview:-1\" \/>\n<link rel=\"canonical\" href=\"https:\/\/thevintagetraveler.com\/en\/produit\/malle-louis-vuitton-courrier-1920-1930-monogramme\/\" \/>\n<meta property=\"og:locale\" content=\"en_US\" \/>\n<meta property=\"og:type\" content=\"article\" \/>\n<meta property=\"og:title\" content=\"Malle Courrier Louis Vuitton 1920\u20131930 | Toile Monogramme Vintage\" \/>\n<meta property=\"og:description\" content=\"Malle courrier Louis Vuitton 1920\u201330 en toile monogramme, cuir &amp; laitons. 90 cm. Pi\u00e8ce rare, quintessence du luxe vintage. Meilleur choix que le neuf.\" \/>\n<meta property=\"og:url\" content=\"https:\/\/thevintagetraveler.com\/en\/produit\/malle-louis-vuitton-courrier-1920-1930-monogramme\/\" \/>\n<meta property=\"og:site_name\" content=\"TheVintageTraveler\" \/>\n<meta property=\"article:publisher\" content=\"https:\/\/www.facebook.com\/TheVintageTravelerFR\/\" \/>\n<meta property=\"article:modified_time\" content=\"2026-03-02T13:21:49+00:00\" \/>\n<meta property=\"og:image\" content=\"https:\/\/thevintagetraveler.com\/wp-content\/uploads\/2025\/11\/20251117_134445.jpg\" \/>\n\t<meta property=\"og:image:width\" content=\"2560\" \/>\n\t<meta property=\"og:image:height\" content=\"2560\" \/>\n\t<meta property=\"og:image:type\" content=\"image\/jpeg\" \/>\n<meta name=\"twitter:card\" content=\"summary_large_image\" \/>\n<meta name=\"twitter:label1\" content=\"Est. reading time\" \/>\n\t<meta name=\"twitter:data1\" content=\"4 minutes\" \/>\n<script type=\"application\/ld+json\" class=\"yoast-schema-graph\">{\"@context\":\"https:\/\/schema.org\",\"@graph\":[{\"@type\":\"WebPage\",\"@id\":\"https:\/\/thevintagetraveler.com\/en\/produit\/malle-louis-vuitton-courrier-1920-1930-monogramme\/\",\"url\":\"https:\/\/thevintagetraveler.com\/en\/produit\/malle-louis-vuitton-courrier-1920-1930-monogramme\/\",\"name\":\"Malle Courrier Louis Vuitton 1920\u20131930 | Toile Monogramme Vintage\",\"isPartOf\":{\"@id\":\"https:\/\/thevintagetraveler.com\/en\/#website\"},\"primaryImageOfPage\":{\"@id\":\"https:\/\/thevintagetraveler.com\/en\/produit\/malle-louis-vuitton-courrier-1920-1930-monogramme\/#primaryimage\"},\"image\":{\"@id\":\"https:\/\/thevintagetraveler.com\/en\/produit\/malle-louis-vuitton-courrier-1920-1930-monogramme\/#primaryimage\"},\"thumbnailUrl\":\"https:\/\/thevintagetraveler.com\/wp-content\/uploads\/2025\/11\/20251117_134445.jpg\",\"datePublished\":\"2024-11-19T17:33:55+00:00\",\"dateModified\":\"2026-03-02T13:21:49+00:00\",\"description\":\"Malle courrier Louis Vuitton 1920\u201330 en toile monogramme, cuir & laitons. 90 cm. Pi\u00e8ce rare, quintessence du luxe vintage. Meilleur choix que le neuf.\",\"breadcrumb\":{\"@id\":\"https:\/\/thevintagetraveler.com\/en\/produit\/malle-louis-vuitton-courrier-1920-1930-monogramme\/#breadcrumb\"},\"inLanguage\":\"en-US\",\"potentialAction\":[{\"@type\":\"ReadAction\",\"target\":[\"https:\/\/thevintagetraveler.com\/en\/produit\/malle-louis-vuitton-courrier-1920-1930-monogramme\/\"]}]},{\"@type\":\"ImageObject\",\"inLanguage\":\"en-US\",\"@id\":\"https:\/\/thevintagetraveler.com\/en\/produit\/malle-louis-vuitton-courrier-1920-1930-monogramme\/#primaryimage\",\"url\":\"https:\/\/thevintagetraveler.com\/wp-content\/uploads\/2025\/11\/20251117_134445.jpg\",\"contentUrl\":\"https:\/\/thevintagetraveler.com\/wp-content\/uploads\/2025\/11\/20251117_134445.jpg\",\"width\":2560,\"height\":2560,\"caption\":\"malle courrier Louis Vuitton ancienne ann\u00e9es 20 30\"},{\"@type\":\"BreadcrumbList\",\"@id\":\"https:\/\/thevintagetraveler.com\/en\/produit\/malle-louis-vuitton-courrier-1920-1930-monogramme\/#breadcrumb\",\"itemListElement\":[{\"@type\":\"ListItem\",\"position\":1,\"name\":\"Accueil\",\"item\":\"https:\/\/thevintagetraveler.com\/en\/\"},{\"@type\":\"ListItem\",\"position\":2,\"name\":\"Shop\",\"item\":\"https:\/\/thevintagetraveler.com\/shop\/\"},{\"@type\":\"ListItem\",\"position\":3,\"name\":\"Malle Louis Vuitton Courrier Monogramme ancienne\"}]},{\"@type\":\"WebSite\",\"@id\":\"https:\/\/thevintagetraveler.com\/en\/#website\",\"url\":\"https:\/\/thevintagetraveler.com\/en\/\",\"name\":\"TheVintageTraveler\",\"description\":\"Luxury experts in Louis Vuitton, Chanel &amp; Herm\u00e8s\",\"publisher\":{\"@id\":\"https:\/\/thevintagetraveler.com\/en\/#organization\"},\"potentialAction\":[{\"@type\":\"SearchAction\",\"target\":{\"@type\":\"EntryPoint\",\"urlTemplate\":\"https:\/\/thevintagetraveler.com\/en\/?s={search_term_string}\"},\"query-input\":{\"@type\":\"PropertyValueSpecification\",\"valueRequired\":true,\"valueName\":\"search_term_string\"}}],\"inLanguage\":\"en-US\"},{\"@type\":\"Organization\",\"@id\":\"https:\/\/thevintagetraveler.com\/en\/#organization\",\"name\":\"TheVintageTraveler\",\"url\":\"https:\/\/thevintagetraveler.com\/en\/\",\"logo\":{\"@type\":\"ImageObject\",\"inLanguage\":\"en-US\",\"@id\":\"https:\/\/thevintagetraveler.com\/en\/#\/schema\/logo\/image\/\",\"url\":\"https:\/\/thevintagetraveler.com\/wp-content\/uploads\/2025\/04\/LOGO-THE-VINTAGE-TRAVELER-FINAL-e1745392697678.png\",\"contentUrl\":\"https:\/\/thevintagetraveler.com\/wp-content\/uploads\/2025\/04\/LOGO-THE-VINTAGE-TRAVELER-FINAL-e1745392697678.png\",\"width\":798,\"height\":318,\"caption\":\"TheVintageTraveler\"},\"image\":{\"@id\":\"https:\/\/thevintagetraveler.com\/en\/#\/schema\/logo\/image\/\"},\"sameAs\":[\"https:\/\/www.facebook.com\/TheVintageTravelerFR\/\",\"https:\/\/www.instagram.com\/the_vintagetraveler\"]}]}<\/script>\n<!-- \/ Yoast SEO plugin. -->","yoast_head_json":{"title":"Malle Courrier Louis Vuitton 1920\u20131930 | Toile Monogramme Vintage","description":"Malle courrier Louis Vuitton 1920\u201330 en toile monogramme, cuir & laitons. 90 cm. Pi\u00e8ce rare, quintessence du luxe vintage. Meilleur choix que le neuf.","robots":{"index":"index","follow":"follow","max-snippet":"max-snippet:-1","max-image-preview":"max-image-preview:large","max-video-preview":"max-video-preview:-1"},"canonical":"https:\/\/thevintagetraveler.com\/en\/produit\/malle-louis-vuitton-courrier-1920-1930-monogramme\/","og_locale":"en_US","og_type":"article","og_title":"Malle Courrier Louis Vuitton 1920\u20131930 | Toile Monogramme Vintage","og_description":"Malle courrier Louis Vuitton 1920\u201330 en toile monogramme, cuir & laitons. 90 cm. Pi\u00e8ce rare, quintessence du luxe vintage. Meilleur choix que le neuf.","og_url":"https:\/\/thevintagetraveler.com\/en\/produit\/malle-louis-vuitton-courrier-1920-1930-monogramme\/","og_site_name":"TheVintageTraveler","article_publisher":"https:\/\/www.facebook.com\/TheVintageTravelerFR\/","article_modified_time":"2026-03-02T13:21:49+00:00","og_image":[{"width":2560,"height":2560,"url":"https:\/\/thevintagetraveler.com\/wp-content\/uploads\/2025\/11\/20251117_134445.jpg","type":"image\/jpeg"}],"twitter_card":"summary_large_image","twitter_misc":{"Est. reading time":"4 minutes"},"schema":{"@context":"https:\/\/schema.org","@graph":[{"@type":"WebPage","@id":"https:\/\/thevintagetraveler.com\/en\/produit\/malle-louis-vuitton-courrier-1920-1930-monogramme\/","url":"https:\/\/thevintagetraveler.com\/en\/produit\/malle-louis-vuitton-courrier-1920-1930-monogramme\/","name":"Malle Courrier Louis Vuitton 1920\u20131930 | Toile Monogramme Vintage","isPartOf":{"@id":"https:\/\/thevintagetraveler.com\/en\/#website"},"primaryImageOfPage":{"@id":"https:\/\/thevintagetraveler.com\/en\/produit\/malle-louis-vuitton-courrier-1920-1930-monogramme\/#primaryimage"},"image":{"@id":"https:\/\/thevintagetraveler.com\/en\/produit\/malle-louis-vuitton-courrier-1920-1930-monogramme\/#primaryimage"},"thumbnailUrl":"https:\/\/thevintagetraveler.com\/wp-content\/uploads\/2025\/11\/20251117_134445.jpg","datePublished":"2024-11-19T17:33:55+00:00","dateModified":"2026-03-02T13:21:49+00:00","description":"Malle courrier Louis Vuitton 1920\u201330 en toile monogramme, cuir & laitons. 90 cm. Pi\u00e8ce rare, quintessence du luxe vintage. Meilleur choix que le neuf.","breadcrumb":{"@id":"https:\/\/thevintagetraveler.com\/en\/produit\/malle-louis-vuitton-courrier-1920-1930-monogramme\/#breadcrumb"},"inLanguage":"en-US","potentialAction":[{"@type":"ReadAction","target":["https:\/\/thevintagetraveler.com\/en\/produit\/malle-louis-vuitton-courrier-1920-1930-monogramme\/"]}]},{"@type":"ImageObject","inLanguage":"en-US","@id":"https:\/\/thevintagetraveler.com\/en\/produit\/malle-louis-vuitton-courrier-1920-1930-monogramme\/#primaryimage","url":"https:\/\/thevintagetraveler.com\/wp-content\/uploads\/2025\/11\/20251117_134445.jpg","contentUrl":"https:\/\/thevintagetraveler.com\/wp-content\/uploads\/2025\/11\/20251117_134445.jpg","width":2560,"height":2560,"caption":"malle courrier Louis Vuitton ancienne ann\u00e9es 20 30"},{"@type":"BreadcrumbList","@id":"https:\/\/thevintagetraveler.com\/en\/produit\/malle-louis-vuitton-courrier-1920-1930-monogramme\/#breadcrumb","itemListElement":[{"@type":"ListItem","position":1,"name":"Accueil","item":"https:\/\/thevintagetraveler.com\/en\/"},{"@type":"ListItem","position":2,"name":"Shop","item":"https:\/\/thevintagetraveler.com\/shop\/"},{"@type":"ListItem","position":3,"name":"Malle Louis Vuitton Courrier Monogramme ancienne"}]},{"@type":"WebSite","@id":"https:\/\/thevintagetraveler.com\/en\/#website","url":"https:\/\/thevintagetraveler.com\/en\/","name":"TheVintageTraveler","description":"Luxury experts in Louis Vuitton, Chanel &amp; Herm\u00e8s","publisher":{"@id":"https:\/\/thevintagetraveler.com\/en\/#organization"},"potentialAction":[{"@type":"SearchAction","target":{"@type":"EntryPoint","urlTemplate":"https:\/\/thevintagetraveler.com\/en\/?s={search_term_string}"},"query-input":{"@type":"PropertyValueSpecification","valueRequired":true,"valueName":"search_term_string"}}],"inLanguage":"en-US"},{"@type":"Organization","@id":"https:\/\/thevintagetraveler.com\/en\/#organization","name":"TheVintageTraveler","url":"https:\/\/thevintagetraveler.com\/en\/","logo":{"@type":"ImageObject","inLanguage":"en-US","@id":"https:\/\/thevintagetraveler.com\/en\/#\/schema\/logo\/image\/","url":"https:\/\/thevintagetraveler.com\/wp-content\/uploads\/2025\/04\/LOGO-THE-VINTAGE-TRAVELER-FINAL-e1745392697678.png","contentUrl":"https:\/\/thevintagetraveler.com\/wp-content\/uploads\/2025\/04\/LOGO-THE-VINTAGE-TRAVELER-FINAL-e1745392697678.png","width":798,"height":318,"caption":"TheVintageTraveler"},"image":{"@id":"https:\/\/thevintagetraveler.com\/en\/#\/schema\/logo\/image\/"},"sameAs":["https:\/\/www.facebook.com\/TheVintageTravelerFR\/","https:\/\/www.instagram.com\/the_vintagetraveler"]}]}},"_links":{"self":[{"href":"https:\/\/thevintagetraveler.com\/en\/wp-json\/wp\/v2\/product\/6735","targetHints":{"allow":["GET"]}}],"collection":[{"href":"https:\/\/thevintagetraveler.com\/en\/wp-json\/wp\/v2\/product"}],"about":[{"href":"https:\/\/thevintagetraveler.com\/en\/wp-json\/wp\/v2\/types\/product"}],"wp:featuredmedia":[{"embeddable":true,"href":"https:\/\/thevintagetraveler.com\/en\/wp-json\/wp\/v2\/media\/6736"}],"wp:attachment":[{"href":"https:\/\/thevintagetraveler.com\/en\/wp-json\/wp\/v2\/media?parent=6735"}],"wp:term":[{"taxonomy":"product_brand","embeddable":true,"href":"https:\/\/thevintagetraveler.com\/en\/wp-json\/wp\/v2\/product_brand?post=6735"},{"taxonomy":"product_cat","embeddable":true,"href":"https:\/\/thevintagetraveler.com\/en\/wp-json\/wp\/v2\/product_cat?post=6735"},{"taxonomy":"product_tag","embeddable":true,"href":"https:\/\/thevintagetraveler.com\/en\/wp-json\/wp\/v2\/product_tag?post=6735"}],"curies":[{"name":"wp","href":"https:\/\/api.w.org\/{rel}","templated":true}]}}