{"id":6814,"date":"2025-12-05T15:01:55","date_gmt":"2025-12-05T14:01:55","guid":{"rendered":"https:\/\/thevintagetraveler.com\/?post_type=product&#038;p=6814"},"modified":"2025-12-05T15:09:10","modified_gmt":"2025-12-05T14:09:10","slug":"chaise-peche-hermes-vintage-decoration","status":"publish","type":"product","link":"https:\/\/thevintagetraveler.com\/en\/produit\/chaise-peche-hermes-vintage-decoration\/","title":{"rendered":"Chaise de p\u00eache Herm\u00e8s vintage"},"content":{"rendered":"<h3 data-start=\"990\" data-end=\"1067\">Chaise de P\u00eache Herm\u00e8s Vintage \u2013 Objet de D\u00e9coration Luxe &amp; Fonctionnel<\/h3>\n<p data-start=\"1069\" data-end=\"1487\">Cette <strong data-start=\"1075\" data-end=\"1109\">chaise de p\u00eache Herm\u00e8s vintage<\/strong> est une <strong data-start=\"1118\" data-end=\"1144\">pi\u00e8ce rare et \u00e9l\u00e9gante<\/strong>, embl\u00e9matique du savoir-faire de la maison Herm\u00e8s dans l\u2019univers des objets d\u2019art de vivre. Compacte, raffin\u00e9e et pleine de caract\u00e8re, elle constitue une <strong data-start=\"1299\" data-end=\"1320\">d\u00e9coration id\u00e9ale<\/strong> pour un int\u00e9rieur chic, que ce soit en <strong data-start=\"1360\" data-end=\"1378\">bout de canap\u00e9<\/strong>, en <strong data-start=\"1383\" data-end=\"1402\">table d\u2019appoint<\/strong>, en <strong data-start=\"1407\" data-end=\"1443\">support pour livres ou magazines<\/strong>, ou comme <strong data-start=\"1454\" data-end=\"1484\">objet de collection Herm\u00e8s<\/strong>.<\/p>\n<p data-start=\"1489\" data-end=\"1648\">Avec ses dimensions <strong data-start=\"1509\" data-end=\"1565\">36 cm de haut \u00d7 18 cm de profondeur \u00d7 36 cm de large<\/strong>, elle s\u2019int\u00e8gre parfaitement dans tous les espaces, m\u00eame les plus contemporains.<\/p>\n<hr data-start=\"1650\" data-end=\"1653\" \/>\n<h3 data-start=\"1655\" data-end=\"1709\">L\u2019esprit Herm\u00e8s : luxe, \u00e9questre et art de vivre<\/h3>\n<ul data-start=\"1711\" data-end=\"2121\">\n<li data-start=\"1711\" data-end=\"1825\">\n<p data-start=\"1713\" data-end=\"1825\">Herm\u00e8s a toujours d\u00e9velopp\u00e9 des objets li\u00e9s au <strong data-start=\"1760\" data-end=\"1773\">plein air<\/strong>, \u00e0 la chasse, \u00e0 la p\u00eache et \u00e0 l\u2019univers \u00e9questre.<\/p>\n<\/li>\n<li data-start=\"1826\" data-end=\"1915\">\n<p data-start=\"1828\" data-end=\"1915\">Cette chaise s\u2019inscrit dans cette tradition d\u2019objets <strong data-start=\"1881\" data-end=\"1912\">utiles, robustes et luxueux<\/strong>.<\/p>\n<\/li>\n<li data-start=\"1916\" data-end=\"2047\">\n<p data-start=\"1918\" data-end=\"2047\">Aujourd\u2019hui, elle est surtout appr\u00e9ci\u00e9e pour son <strong data-start=\"1967\" data-end=\"1990\">potentiel d\u00e9coratif<\/strong>, son caract\u00e8re vintage et son <strong data-start=\"2021\" data-end=\"2044\">authenticit\u00e9 Herm\u00e8s<\/strong>.<\/p>\n<\/li>\n<li data-start=\"2048\" data-end=\"2121\">\n<p data-start=\"2050\" data-end=\"2121\">Chaque pi\u00e8ce est con\u00e7ue pour durer, avec une esth\u00e9tique intemporelle.<\/p>\n<\/li>\n<\/ul>\n<hr data-start=\"2123\" data-end=\"2126\" \/>\n<h3 data-start=\"2128\" data-end=\"2166\">Une pi\u00e8ce d\u00e9corative polyvalente<\/h3>\n<p data-start=\"2168\" data-end=\"2247\">Cette chaise de p\u00eache s\u2019adapte parfaitement \u00e0 de nombreux usages d\u00e9coratifs :<\/p>\n<ul data-start=\"2249\" data-end=\"2556\">\n<li data-start=\"2249\" data-end=\"2286\">\n<p data-start=\"2251\" data-end=\"2286\"><strong data-start=\"2251\" data-end=\"2269\">Bout de canap\u00e9<\/strong> dans un salon,<\/p>\n<\/li>\n<li data-start=\"2287\" data-end=\"2353\">\n<p data-start=\"2289\" data-end=\"2353\"><strong data-start=\"2289\" data-end=\"2308\">Table d\u2019appoint<\/strong> pour poser une lampe, une bougie, un vase,<\/p>\n<\/li>\n<li data-start=\"2354\" data-end=\"2419\">\n<p data-start=\"2356\" data-end=\"2419\"><strong data-start=\"2356\" data-end=\"2376\">Support \u00e0 livres<\/strong> (le rendu est particuli\u00e8rement \u00e9l\u00e9gant),<\/p>\n<\/li>\n<li data-start=\"2420\" data-end=\"2485\">\n<p data-start=\"2422\" data-end=\"2485\"><strong data-start=\"2422\" data-end=\"2447\">Objet centre de d\u00e9cor<\/strong> dans une biblioth\u00e8que ou un bureau,<\/p>\n<\/li>\n<li data-start=\"2486\" data-end=\"2556\">\n<p data-start=\"2488\" data-end=\"2556\"><strong data-start=\"2488\" data-end=\"2509\">\u00c9l\u00e9ment signature<\/strong> dans un int\u00e9rieur inspir\u00e9 du luxe artisanal.<\/p>\n<\/li>\n<\/ul>\n<p data-start=\"2558\" data-end=\"2675\">Sa taille compacte et son design sobre en font un <strong data-start=\"2608\" data-end=\"2635\">objet design polyvalent<\/strong> qui sublime instantan\u00e9ment une pi\u00e8ce.<\/p>\n<hr data-start=\"2677\" data-end=\"2680\" \/>\n<h3 data-start=\"2682\" data-end=\"2715\">Caract\u00e9ristiques du produit<\/h3>\n<ul data-start=\"2717\" data-end=\"3109\">\n<li data-start=\"2717\" data-end=\"2740\">\n<p data-start=\"2719\" data-end=\"2740\"><strong data-start=\"2719\" data-end=\"2731\">Marque :<\/strong> Herm\u00e8s<\/p>\n<\/li>\n<li data-start=\"2741\" data-end=\"2781\">\n<p data-start=\"2743\" data-end=\"2781\"><strong data-start=\"2743\" data-end=\"2755\">Mod\u00e8le :<\/strong> Chaise de p\u00eache vintage<\/p>\n<\/li>\n<li data-start=\"2782\" data-end=\"2857\">\n<p data-start=\"2784\" data-end=\"2857\"><strong data-start=\"2784\" data-end=\"2795\">Usage :<\/strong> D\u00e9coration, si\u00e8ge d\u2019appoint, support \u00e0 livres, objet design<\/p>\n<\/li>\n<li data-start=\"2858\" data-end=\"2959\">\n<p data-start=\"2860\" data-end=\"2878\"><strong data-start=\"2860\" data-end=\"2876\">Dimensions :<\/strong><\/p>\n<ul data-start=\"2881\" data-end=\"2959\">\n<li data-start=\"2881\" data-end=\"2904\">\n<p data-start=\"2883\" data-end=\"2904\">Hauteur : <strong data-start=\"2893\" data-end=\"2902\">36 cm<\/strong><\/p>\n<\/li>\n<li data-start=\"2907\" data-end=\"2933\">\n<p data-start=\"2909\" data-end=\"2933\">Profondeur : <strong data-start=\"2922\" data-end=\"2931\">18 cm<\/strong><\/p>\n<\/li>\n<li data-start=\"2936\" data-end=\"2959\">\n<p data-start=\"2938\" data-end=\"2959\">Largeur : <strong data-start=\"2948\" data-end=\"2957\">36 cm<\/strong><\/p>\n<\/li>\n<\/ul>\n<\/li>\n<li data-start=\"2960\" data-end=\"3028\">\n<p data-start=\"2962\" data-end=\"3028\"><strong data-start=\"2962\" data-end=\"2972\">\u00c9tat :<\/strong> Tr\u00e8s bon \u00e9tat vintage (\u00e0 pr\u00e9ciser si patine pr\u00e9sente)<\/p>\n<\/li>\n<li data-start=\"3029\" data-end=\"3109\">\n<p data-start=\"3031\" data-end=\"3109\"><strong data-start=\"3031\" data-end=\"3053\">Authentification :<\/strong> Certifi\u00e9e \u2013 livr\u00e9e avec certificat TheVintageTraveler<\/p>\n<\/li>\n<\/ul>\n<hr data-start=\"3111\" data-end=\"3114\" \/>\n<h3 data-start=\"3116\" data-end=\"3175\">Pourquoi cette chaise Herm\u00e8s vintage est recherch\u00e9e ?<\/h3>\n<ul data-start=\"3177\" data-end=\"3487\">\n<li data-start=\"3177\" data-end=\"3259\">\n<p data-start=\"3179\" data-end=\"3259\">Herm\u00e8s ne produit plus ce type d\u2019objets dans les m\u00eames mat\u00e9riaux ou finitions.<\/p>\n<\/li>\n<li data-start=\"3260\" data-end=\"3339\">\n<p data-start=\"3262\" data-end=\"3339\">Les <strong data-start=\"3266\" data-end=\"3304\">objets Art de Vivre Herm\u00e8s vintage<\/strong> ont une forte valeur d\u00e9corative.<\/p>\n<\/li>\n<li data-start=\"3340\" data-end=\"3409\">\n<p data-start=\"3342\" data-end=\"3409\">Pi\u00e8ce \u00e0 la fois <strong data-start=\"3358\" data-end=\"3386\">utilitaire et esth\u00e9tique<\/strong>, rare sur le march\u00e9.<\/p>\n<\/li>\n<li data-start=\"3410\" data-end=\"3487\">\n<p data-start=\"3412\" data-end=\"3487\">Id\u00e9ale pour une d\u00e9coration <strong data-start=\"3439\" data-end=\"3484\">luxe, vintage ou mix &amp; match contemporain<\/strong>.<\/p>\n<\/li>\n<\/ul>\n<hr data-start=\"3489\" data-end=\"3492\" \/>\n<h3 data-start=\"3494\" data-end=\"3539\">Un excellent objet de collection Herm\u00e8s<\/h3>\n<ul data-start=\"3541\" data-end=\"3889\">\n<li data-start=\"3541\" data-end=\"3661\">\n<p data-start=\"3543\" data-end=\"3661\">Les objets Herm\u00e8s vintage, surtout ceux li\u00e9s au <strong data-start=\"3591\" data-end=\"3604\">plein air<\/strong> et \u00e0 la <strong data-start=\"3613\" data-end=\"3623\">maison<\/strong>, deviennent extr\u00eamement recherch\u00e9s.<\/p>\n<\/li>\n<li data-start=\"3662\" data-end=\"3821\">\n<p data-start=\"3664\" data-end=\"3721\">Parfait pour compl\u00e9ter une collection d\u2019objets Herm\u00e8s :<\/p>\n<ul data-start=\"3724\" data-end=\"3821\">\n<li data-start=\"3724\" data-end=\"3777\">\n<p data-start=\"3726\" data-end=\"3777\">selles, tabourets, malles, accessoires \u00e9questres,<\/p>\n<\/li>\n<li data-start=\"3780\" data-end=\"3821\">\n<p data-start=\"3782\" data-end=\"3821\">objets en cuir ou bois sign\u00e9s Herm\u00e8s.<\/p>\n<\/li>\n<\/ul>\n<\/li>\n<li data-start=\"3822\" data-end=\"3889\">\n<p data-start=\"3824\" data-end=\"3889\">Tr\u00e8s forte demande dans la d\u00e9coration int\u00e9rieure haut de gamme.<\/p>\n<\/li>\n<\/ul>\n<hr data-start=\"3891\" data-end=\"3894\" \/>\n<h3 data-start=\"3896\" data-end=\"3943\">Une touche de luxe discr\u00e8te mais raffin\u00e9e<\/h3>\n<p data-start=\"3945\" data-end=\"3983\">Cette chaise ajoute instantan\u00e9ment :<\/p>\n<ul data-start=\"3985\" data-end=\"4095\">\n<li data-start=\"3985\" data-end=\"4006\">\n<p data-start=\"3987\" data-end=\"4006\">du <strong data-start=\"3990\" data-end=\"4003\">caract\u00e8re<\/strong>,<\/p>\n<\/li>\n<li data-start=\"4007\" data-end=\"4037\">\n<p data-start=\"4009\" data-end=\"4037\">une <strong data-start=\"4013\" data-end=\"4034\">touche artisanale<\/strong>,<\/p>\n<\/li>\n<li data-start=\"4038\" data-end=\"4095\">\n<p data-start=\"4040\" data-end=\"4095\">et une <strong data-start=\"4047\" data-end=\"4092\">pr\u00e9sence Herm\u00e8s subtile mais prestigieuse<\/strong>.<\/p>\n<\/li>\n<\/ul>\n<p data-start=\"4097\" data-end=\"4148\">C\u2019est un <strong data-start=\"4106\" data-end=\"4139\">\u00e9l\u00e9ment de d\u00e9coration parfait<\/strong> pour :<\/p>\n<ul data-start=\"4150\" data-end=\"4266\">\n<li data-start=\"4150\" data-end=\"4161\">\n<p data-start=\"4152\" data-end=\"4161\">salons,<\/p>\n<\/li>\n<li data-start=\"4162\" data-end=\"4180\">\n<p data-start=\"4164\" data-end=\"4180\">biblioth\u00e8ques,<\/p>\n<\/li>\n<li data-start=\"4181\" data-end=\"4193\">\n<p data-start=\"4183\" data-end=\"4193\">bureaux,<\/p>\n<\/li>\n<li data-start=\"4194\" data-end=\"4208\">\n<p data-start=\"4196\" data-end=\"4208\">dressings,<\/p>\n<\/li>\n<li data-start=\"4209\" data-end=\"4231\">\n<p data-start=\"4211\" data-end=\"4231\">boutiques de luxe,<\/p>\n<\/li>\n<li data-start=\"4232\" data-end=\"4266\">\n<p data-start=\"4234\" data-end=\"4266\">ou mises en sc\u00e8ne int\u00e9rieures.<\/p>\n<\/li>\n<\/ul>\n<hr data-start=\"4268\" data-end=\"4271\" \/>\n<h3 data-start=\"4273\" data-end=\"4321\">Pourquoi acheter chez TheVintageTraveler ?<\/h3>\n<p data-start=\"4323\" data-end=\"4379\">Chez <strong data-start=\"4328\" data-end=\"4350\">TheVintageTraveler<\/strong>, chaque objet Herm\u00e8s est :<\/p>\n<ul data-start=\"4381\" data-end=\"4662\">\n<li data-start=\"4381\" data-end=\"4414\">\n<p data-start=\"4383\" data-end=\"4414\"><strong data-start=\"4383\" data-end=\"4411\">Expertis\u00e9 et authentifi\u00e9<\/strong>,<\/p>\n<\/li>\n<li data-start=\"4415\" data-end=\"4494\">\n<p data-start=\"4417\" data-end=\"4494\">s\u00e9lectionn\u00e9 pour son <strong data-start=\"4438\" data-end=\"4491\">raffinement, sa raret\u00e9 et son potentiel d\u00e9coratif<\/strong>,<\/p>\n<\/li>\n<li data-start=\"4495\" data-end=\"4540\">\n<p data-start=\"4497\" data-end=\"4540\">livr\u00e9 avec <strong data-start=\"4508\" data-end=\"4537\">certificat d\u2019authenticit\u00e9<\/strong>,<\/p>\n<\/li>\n<li data-start=\"4541\" data-end=\"4604\">\n<p data-start=\"4543\" data-end=\"4604\">disponible en showroom au <strong data-start=\"4569\" data-end=\"4601\">March\u00e9 Serpette \u2013 Saint-Ouen<\/strong>,<\/p>\n<\/li>\n<li data-start=\"4605\" data-end=\"4662\">\n<p data-start=\"4607\" data-end=\"4662\">ou exp\u00e9di\u00e9 en <strong data-start=\"4621\" data-end=\"4659\">livraison s\u00e9curis\u00e9e internationale<\/strong>.<\/p>\n<\/li>\n<\/ul>\n<hr data-start=\"4664\" data-end=\"4667\" \/>\n<h3 data-start=\"4669\" data-end=\"4685\">Conclusion<\/h3>\n<p data-start=\"4687\" data-end=\"5006\">Cette <strong data-start=\"4693\" data-end=\"4727\">chaise de p\u00eache Herm\u00e8s vintage<\/strong> est un <strong data-start=\"4735\" data-end=\"4761\">objet d\u00e9coratif unique<\/strong>, chic et polyvalent, parfait comme <strong data-start=\"4797\" data-end=\"4815\">bout de canap\u00e9<\/strong>, table d\u2019appoint ou support design. Rare, authentique et embl\u00e9matique du savoir-faire Herm\u00e8s, elle repr\u00e9sente un <strong data-start=\"4929\" data-end=\"4980\">investissement d\u00e9coratif et de collection id\u00e9al<\/strong> pour un int\u00e9rieur luxe.<\/p>\n<p>Suivez &#8211; nous sur <a href=\"https:\/\/www.facebook.com\/TheVintageTravelerFR\">Facebook<\/a> et <a href=\"https:\/\/www.instagram.com\/the_vintagetraveler\/?igsh=aXdsbDJkdnpwZjcx#\">Instagram<\/a><\/p>\n","protected":false},"excerpt":{"rendered":"<p>Chaise de p\u00eache Herm\u00e8s vintage. Rare, \u00e9l\u00e9gante et parfaite en d\u00e9coration : bout de canap\u00e9, table d\u2019appoint ou support de livres. Dimensions 36 \u00d7 18 \u00d7 36 cm.<\/p>\n","protected":false},"featured_media":6816,"template":"","meta":[],"product_brand":[],"product_cat":[127,280,175,128,274],"product_tag":[281],"class_list":{"0":"post-6814","1":"product","2":"type-product","3":"status-publish","4":"has-post-thumbnail","6":"product_cat-decorations","7":"product_cat-hermes","8":"product_cat-lifestyle-maison-hermes","9":"product_cat-lifestyle-maison","10":"product_cat-news","11":"product_tag-hermes","13":"first","14":"instock","15":"sold-individually","16":"shipping-taxable","17":"purchasable","18":"product-type-simple"},"yoast_head":"<!-- This site is optimized with the Yoast SEO plugin v27.1.1 - https:\/\/yoast.com\/product\/yoast-seo-wordpress\/ -->\n<title>Chaise de P\u00eache Herm\u00e8s Vintage | D\u00e9coration Luxe<\/title>\n<meta name=\"description\" content=\"Chaise de p\u00eache Herm\u00e8s vintage, parfait objet d\u00e9co. Id\u00e9ale en bout de canap\u00e9 ou table d\u2019appoint. Dimensions 36 \u00d7 18 \u00d7 36 cm. Pi\u00e8ce rare Herm\u00e8s.\" \/>\n<meta name=\"robots\" content=\"index, follow, max-snippet:-1, max-image-preview:large, max-video-preview:-1\" \/>\n<link rel=\"canonical\" href=\"https:\/\/thevintagetraveler.com\/en\/produit\/chaise-peche-hermes-vintage-decoration\/\" \/>\n<meta property=\"og:locale\" content=\"en_US\" \/>\n<meta property=\"og:type\" content=\"article\" \/>\n<meta property=\"og:title\" content=\"Chaise de P\u00eache Herm\u00e8s Vintage | D\u00e9coration Luxe\" \/>\n<meta property=\"og:description\" content=\"Chaise de p\u00eache Herm\u00e8s vintage, parfait objet d\u00e9co. Id\u00e9ale en bout de canap\u00e9 ou table d\u2019appoint. Dimensions 36 \u00d7 18 \u00d7 36 cm. Pi\u00e8ce rare Herm\u00e8s.\" \/>\n<meta property=\"og:url\" content=\"https:\/\/thevintagetraveler.com\/en\/produit\/chaise-peche-hermes-vintage-decoration\/\" \/>\n<meta property=\"og:site_name\" content=\"TheVintageTraveler\" \/>\n<meta property=\"article:publisher\" content=\"https:\/\/www.facebook.com\/TheVintageTravelerFR\/\" \/>\n<meta property=\"article:modified_time\" content=\"2025-12-05T14:09:10+00:00\" \/>\n<meta property=\"og:image\" content=\"https:\/\/thevintagetraveler.com\/\/wp-content\/uploads\/2025\/12\/20251201_113740.jpg\" \/>\n\t<meta property=\"og:image:width\" content=\"2560\" \/>\n\t<meta property=\"og:image:height\" content=\"2560\" \/>\n\t<meta property=\"og:image:type\" content=\"image\/jpeg\" \/>\n<meta name=\"twitter:card\" content=\"summary_large_image\" \/>\n<meta name=\"twitter:label1\" content=\"Est. reading time\" \/>\n\t<meta name=\"twitter:data1\" content=\"3 minutes\" \/>\n<script type=\"application\/ld+json\" class=\"yoast-schema-graph\">{\"@context\":\"https:\/\/schema.org\",\"@graph\":[{\"@type\":\"WebPage\",\"@id\":\"https:\/\/thevintagetraveler.com\/en\/produit\/chaise-peche-hermes-vintage-decoration\/\",\"url\":\"https:\/\/thevintagetraveler.com\/en\/produit\/chaise-peche-hermes-vintage-decoration\/\",\"name\":\"Chaise de P\u00eache Herm\u00e8s Vintage | D\u00e9coration Luxe\",\"isPartOf\":{\"@id\":\"https:\/\/thevintagetraveler.com\/en\/#website\"},\"primaryImageOfPage\":{\"@id\":\"https:\/\/thevintagetraveler.com\/en\/produit\/chaise-peche-hermes-vintage-decoration\/#primaryimage\"},\"image\":{\"@id\":\"https:\/\/thevintagetraveler.com\/en\/produit\/chaise-peche-hermes-vintage-decoration\/#primaryimage\"},\"thumbnailUrl\":\"https:\/\/thevintagetraveler.com\/wp-content\/uploads\/2025\/12\/20251201_113740.jpg\",\"datePublished\":\"2025-12-05T14:01:55+00:00\",\"dateModified\":\"2025-12-05T14:09:10+00:00\",\"description\":\"Chaise de p\u00eache Herm\u00e8s vintage, parfait objet d\u00e9co. Id\u00e9ale en bout de canap\u00e9 ou table d\u2019appoint. Dimensions 36 \u00d7 18 \u00d7 36 cm. Pi\u00e8ce rare Herm\u00e8s.\",\"breadcrumb\":{\"@id\":\"https:\/\/thevintagetraveler.com\/en\/produit\/chaise-peche-hermes-vintage-decoration\/#breadcrumb\"},\"inLanguage\":\"en-US\",\"potentialAction\":[{\"@type\":\"ReadAction\",\"target\":[\"https:\/\/thevintagetraveler.com\/en\/produit\/chaise-peche-hermes-vintage-decoration\/\"]}]},{\"@type\":\"ImageObject\",\"inLanguage\":\"en-US\",\"@id\":\"https:\/\/thevintagetraveler.com\/en\/produit\/chaise-peche-hermes-vintage-decoration\/#primaryimage\",\"url\":\"https:\/\/thevintagetraveler.com\/wp-content\/uploads\/2025\/12\/20251201_113740.jpg\",\"contentUrl\":\"https:\/\/thevintagetraveler.com\/wp-content\/uploads\/2025\/12\/20251201_113740.jpg\",\"width\":2560,\"height\":2560,\"caption\":\"chaise de p\u00eache Herm\u00e8s vintage\"},{\"@type\":\"BreadcrumbList\",\"@id\":\"https:\/\/thevintagetraveler.com\/en\/produit\/chaise-peche-hermes-vintage-decoration\/#breadcrumb\",\"itemListElement\":[{\"@type\":\"ListItem\",\"position\":1,\"name\":\"Accueil\",\"item\":\"https:\/\/thevintagetraveler.com\/en\/\"},{\"@type\":\"ListItem\",\"position\":2,\"name\":\"Shop\",\"item\":\"https:\/\/thevintagetraveler.com\/shop\/\"},{\"@type\":\"ListItem\",\"position\":3,\"name\":\"Chaise de p\u00eache Herm\u00e8s vintage\"}]},{\"@type\":\"WebSite\",\"@id\":\"https:\/\/thevintagetraveler.com\/en\/#website\",\"url\":\"https:\/\/thevintagetraveler.com\/en\/\",\"name\":\"TheVintageTraveler\",\"description\":\"Luxury experts in Louis Vuitton, Chanel &amp; Herm\u00e8s\",\"publisher\":{\"@id\":\"https:\/\/thevintagetraveler.com\/en\/#organization\"},\"potentialAction\":[{\"@type\":\"SearchAction\",\"target\":{\"@type\":\"EntryPoint\",\"urlTemplate\":\"https:\/\/thevintagetraveler.com\/en\/?s={search_term_string}\"},\"query-input\":{\"@type\":\"PropertyValueSpecification\",\"valueRequired\":true,\"valueName\":\"search_term_string\"}}],\"inLanguage\":\"en-US\"},{\"@type\":\"Organization\",\"@id\":\"https:\/\/thevintagetraveler.com\/en\/#organization\",\"name\":\"TheVintageTraveler\",\"url\":\"https:\/\/thevintagetraveler.com\/en\/\",\"logo\":{\"@type\":\"ImageObject\",\"inLanguage\":\"en-US\",\"@id\":\"https:\/\/thevintagetraveler.com\/en\/#\/schema\/logo\/image\/\",\"url\":\"https:\/\/thevintagetraveler.com\/wp-content\/uploads\/2025\/04\/LOGO-THE-VINTAGE-TRAVELER-FINAL-e1745392697678.png\",\"contentUrl\":\"https:\/\/thevintagetraveler.com\/wp-content\/uploads\/2025\/04\/LOGO-THE-VINTAGE-TRAVELER-FINAL-e1745392697678.png\",\"width\":798,\"height\":318,\"caption\":\"TheVintageTraveler\"},\"image\":{\"@id\":\"https:\/\/thevintagetraveler.com\/en\/#\/schema\/logo\/image\/\"},\"sameAs\":[\"https:\/\/www.facebook.com\/TheVintageTravelerFR\/\",\"https:\/\/www.instagram.com\/the_vintagetraveler\"]}]}<\/script>\n<!-- \/ Yoast SEO plugin. -->","yoast_head_json":{"title":"Chaise de P\u00eache Herm\u00e8s Vintage | D\u00e9coration Luxe","description":"Chaise de p\u00eache Herm\u00e8s vintage, parfait objet d\u00e9co. Id\u00e9ale en bout de canap\u00e9 ou table d\u2019appoint. Dimensions 36 \u00d7 18 \u00d7 36 cm. Pi\u00e8ce rare Herm\u00e8s.","robots":{"index":"index","follow":"follow","max-snippet":"max-snippet:-1","max-image-preview":"max-image-preview:large","max-video-preview":"max-video-preview:-1"},"canonical":"https:\/\/thevintagetraveler.com\/en\/produit\/chaise-peche-hermes-vintage-decoration\/","og_locale":"en_US","og_type":"article","og_title":"Chaise de P\u00eache Herm\u00e8s Vintage | D\u00e9coration Luxe","og_description":"Chaise de p\u00eache Herm\u00e8s vintage, parfait objet d\u00e9co. Id\u00e9ale en bout de canap\u00e9 ou table d\u2019appoint. Dimensions 36 \u00d7 18 \u00d7 36 cm. Pi\u00e8ce rare Herm\u00e8s.","og_url":"https:\/\/thevintagetraveler.com\/en\/produit\/chaise-peche-hermes-vintage-decoration\/","og_site_name":"TheVintageTraveler","article_publisher":"https:\/\/www.facebook.com\/TheVintageTravelerFR\/","article_modified_time":"2025-12-05T14:09:10+00:00","og_image":[{"width":2560,"height":2560,"url":"https:\/\/thevintagetraveler.com\/\/wp-content\/uploads\/2025\/12\/20251201_113740.jpg","type":"image\/jpeg"}],"twitter_card":"summary_large_image","twitter_misc":{"Est. reading time":"3 minutes"},"schema":{"@context":"https:\/\/schema.org","@graph":[{"@type":"WebPage","@id":"https:\/\/thevintagetraveler.com\/en\/produit\/chaise-peche-hermes-vintage-decoration\/","url":"https:\/\/thevintagetraveler.com\/en\/produit\/chaise-peche-hermes-vintage-decoration\/","name":"Chaise de P\u00eache Herm\u00e8s Vintage | D\u00e9coration Luxe","isPartOf":{"@id":"https:\/\/thevintagetraveler.com\/en\/#website"},"primaryImageOfPage":{"@id":"https:\/\/thevintagetraveler.com\/en\/produit\/chaise-peche-hermes-vintage-decoration\/#primaryimage"},"image":{"@id":"https:\/\/thevintagetraveler.com\/en\/produit\/chaise-peche-hermes-vintage-decoration\/#primaryimage"},"thumbnailUrl":"https:\/\/thevintagetraveler.com\/wp-content\/uploads\/2025\/12\/20251201_113740.jpg","datePublished":"2025-12-05T14:01:55+00:00","dateModified":"2025-12-05T14:09:10+00:00","description":"Chaise de p\u00eache Herm\u00e8s vintage, parfait objet d\u00e9co. Id\u00e9ale en bout de canap\u00e9 ou table d\u2019appoint. Dimensions 36 \u00d7 18 \u00d7 36 cm. Pi\u00e8ce rare Herm\u00e8s.","breadcrumb":{"@id":"https:\/\/thevintagetraveler.com\/en\/produit\/chaise-peche-hermes-vintage-decoration\/#breadcrumb"},"inLanguage":"en-US","potentialAction":[{"@type":"ReadAction","target":["https:\/\/thevintagetraveler.com\/en\/produit\/chaise-peche-hermes-vintage-decoration\/"]}]},{"@type":"ImageObject","inLanguage":"en-US","@id":"https:\/\/thevintagetraveler.com\/en\/produit\/chaise-peche-hermes-vintage-decoration\/#primaryimage","url":"https:\/\/thevintagetraveler.com\/wp-content\/uploads\/2025\/12\/20251201_113740.jpg","contentUrl":"https:\/\/thevintagetraveler.com\/wp-content\/uploads\/2025\/12\/20251201_113740.jpg","width":2560,"height":2560,"caption":"chaise de p\u00eache Herm\u00e8s vintage"},{"@type":"BreadcrumbList","@id":"https:\/\/thevintagetraveler.com\/en\/produit\/chaise-peche-hermes-vintage-decoration\/#breadcrumb","itemListElement":[{"@type":"ListItem","position":1,"name":"Accueil","item":"https:\/\/thevintagetraveler.com\/en\/"},{"@type":"ListItem","position":2,"name":"Shop","item":"https:\/\/thevintagetraveler.com\/shop\/"},{"@type":"ListItem","position":3,"name":"Chaise de p\u00eache Herm\u00e8s vintage"}]},{"@type":"WebSite","@id":"https:\/\/thevintagetraveler.com\/en\/#website","url":"https:\/\/thevintagetraveler.com\/en\/","name":"TheVintageTraveler","description":"Luxury experts in Louis Vuitton, Chanel &amp; Herm\u00e8s","publisher":{"@id":"https:\/\/thevintagetraveler.com\/en\/#organization"},"potentialAction":[{"@type":"SearchAction","target":{"@type":"EntryPoint","urlTemplate":"https:\/\/thevintagetraveler.com\/en\/?s={search_term_string}"},"query-input":{"@type":"PropertyValueSpecification","valueRequired":true,"valueName":"search_term_string"}}],"inLanguage":"en-US"},{"@type":"Organization","@id":"https:\/\/thevintagetraveler.com\/en\/#organization","name":"TheVintageTraveler","url":"https:\/\/thevintagetraveler.com\/en\/","logo":{"@type":"ImageObject","inLanguage":"en-US","@id":"https:\/\/thevintagetraveler.com\/en\/#\/schema\/logo\/image\/","url":"https:\/\/thevintagetraveler.com\/wp-content\/uploads\/2025\/04\/LOGO-THE-VINTAGE-TRAVELER-FINAL-e1745392697678.png","contentUrl":"https:\/\/thevintagetraveler.com\/wp-content\/uploads\/2025\/04\/LOGO-THE-VINTAGE-TRAVELER-FINAL-e1745392697678.png","width":798,"height":318,"caption":"TheVintageTraveler"},"image":{"@id":"https:\/\/thevintagetraveler.com\/en\/#\/schema\/logo\/image\/"},"sameAs":["https:\/\/www.facebook.com\/TheVintageTravelerFR\/","https:\/\/www.instagram.com\/the_vintagetraveler"]}]}},"_links":{"self":[{"href":"https:\/\/thevintagetraveler.com\/en\/wp-json\/wp\/v2\/product\/6814","targetHints":{"allow":["GET"]}}],"collection":[{"href":"https:\/\/thevintagetraveler.com\/en\/wp-json\/wp\/v2\/product"}],"about":[{"href":"https:\/\/thevintagetraveler.com\/en\/wp-json\/wp\/v2\/types\/product"}],"wp:featuredmedia":[{"embeddable":true,"href":"https:\/\/thevintagetraveler.com\/en\/wp-json\/wp\/v2\/media\/6816"}],"wp:attachment":[{"href":"https:\/\/thevintagetraveler.com\/en\/wp-json\/wp\/v2\/media?parent=6814"}],"wp:term":[{"taxonomy":"product_brand","embeddable":true,"href":"https:\/\/thevintagetraveler.com\/en\/wp-json\/wp\/v2\/product_brand?post=6814"},{"taxonomy":"product_cat","embeddable":true,"href":"https:\/\/thevintagetraveler.com\/en\/wp-json\/wp\/v2\/product_cat?post=6814"},{"taxonomy":"product_tag","embeddable":true,"href":"https:\/\/thevintagetraveler.com\/en\/wp-json\/wp\/v2\/product_tag?post=6814"}],"curies":[{"name":"wp","href":"https:\/\/api.w.org\/{rel}","templated":true}]}}