{"id":6821,"date":"2025-12-05T15:10:43","date_gmt":"2025-12-05T14:10:43","guid":{"rendered":"https:\/\/thevintagetraveler.com\/?post_type=product&#038;p=6821"},"modified":"2025-12-05T15:21:06","modified_gmt":"2025-12-05T14:21:06","slug":"chanel-timeless-petite-chaine-noir-or-2013","status":"publish","type":"product","link":"https:\/\/thevintagetraveler.com\/en\/produit\/chanel-timeless-petite-chaine-noir-or-2013\/","title":{"rendered":"Sac Chanel Timeless Petite Chaine Cuir d&#8217;Agneau Noir"},"content":{"rendered":"<hr data-start=\"986\" data-end=\"989\" \/>\n<h3 data-start=\"1115\" data-end=\"1203\">Sac Chanel Timeless \u2013 Mod\u00e8le Petite Cha\u00eene, Cuir d\u2019Agneau Noir, Finitions Or, 2013<\/h3>\n<p data-start=\"1205\" data-end=\"1512\">Ce <strong data-start=\"1208\" data-end=\"1243\">Chanel Timeless \u00e0 petite cha\u00eene<\/strong>, r\u00e9alis\u00e9 en <strong data-start=\"1256\" data-end=\"1278\">cuir d\u2019agneau noir<\/strong> avec des <strong data-start=\"1288\" data-end=\"1308\">finitions dor\u00e9es<\/strong>, dat\u00e9 de <strong data-start=\"1318\" data-end=\"1326\">2013<\/strong>, est une <strong data-start=\"1336\" data-end=\"1379\">pi\u00e8ce \u00e9l\u00e9gante, rare et tr\u00e8s recherch\u00e9e<\/strong>. On y retrouve l\u2019ADN du <a href=\"https:\/\/thevintagetraveler.com\/histoire-du-sac-chanel-timeless-licone-intemporelle-du-luxe-2\/\">Timeless<\/a> classique, mais dans une version plus l\u00e9g\u00e8re, plus fine et parfaite pour un port\u00e9 \u00e9paule raffin\u00e9.<\/p>\n<p data-start=\"1514\" data-end=\"1724\">En <strong data-start=\"1517\" data-end=\"1534\">tr\u00e8s bon \u00e9tat<\/strong> avec seulement quelques l\u00e9g\u00e8res traces et accompagn\u00e9 de sa <strong data-start=\"1594\" data-end=\"1618\">carte d\u2019authenticit\u00e9<\/strong>, ce mod\u00e8le repr\u00e9sente un excellent compromis entre chic parisien, praticit\u00e9 et valeur d\u2019investissement.<\/p>\n<hr data-start=\"1726\" data-end=\"1729\" \/>\n<h3 data-start=\"1731\" data-end=\"1784\">Une version rare du Timeless : la petite cha\u00eene<\/h3>\n<ul data-start=\"1786\" data-end=\"2201\">\n<li data-start=\"1786\" data-end=\"1910\">\n<p data-start=\"1788\" data-end=\"1910\">Cette variante du <strong data-start=\"1806\" data-end=\"1828\">Timeless Classique<\/strong> poss\u00e8de une <strong data-start=\"1841\" data-end=\"1861\">cha\u00eene plus fine<\/strong>, donnant un look plus d\u00e9licat et plus habill\u00e9.<\/p>\n<\/li>\n<li data-start=\"1911\" data-end=\"2061\">\n<p data-start=\"1913\" data-end=\"2061\">Moins courante que les versions double cha\u00eene, elle offre une <strong data-start=\"1975\" data-end=\"2003\">silhouette plus \u00e9l\u00e9gante<\/strong>, id\u00e9ale pour un port\u00e9 \u00e9paule au quotidien ou en soir\u00e9e.<\/p>\n<\/li>\n<li data-start=\"2062\" data-end=\"2201\">\n<p data-start=\"2064\" data-end=\"2100\">Le sac conserve les codes <a href=\"https:\/\/thevintagetraveler.com\/estimation-sac-de-luxe\/\">Chanel<\/a> :<\/p>\n<ul data-start=\"2103\" data-end=\"2201\">\n<li data-start=\"2103\" data-end=\"2127\">\n<p data-start=\"2105\" data-end=\"2127\">cuir d\u2019agneau lisse,<\/p>\n<\/li>\n<li data-start=\"2130\" data-end=\"2155\">\n<p data-start=\"2132\" data-end=\"2155\">matelassage iconique,<\/p>\n<\/li>\n<li data-start=\"2158\" data-end=\"2178\">\n<p data-start=\"2160\" data-end=\"2178\">rabat classique,<\/p>\n<\/li>\n<li data-start=\"2181\" data-end=\"2201\">\n<p data-start=\"2183\" data-end=\"2201\">fermoir CC dor\u00e9.<\/p>\n<\/li>\n<\/ul>\n<\/li>\n<\/ul>\n<p data-start=\"2203\" data-end=\"2300\">Un mod\u00e8le appr\u00e9ci\u00e9 des collectionneuses pour sa <strong data-start=\"2251\" data-end=\"2263\">l\u00e9g\u00e8ret\u00e9<\/strong> et son allure <strong data-start=\"2278\" data-end=\"2297\">tr\u00e8s parisienne<\/strong>.<\/p>\n<hr data-start=\"2302\" data-end=\"2305\" \/>\n<h3 data-start=\"2307\" data-end=\"2378\">Cuir d\u2019agneau noir et finitions or : le duo Chanel par excellence<\/h3>\n<ul data-start=\"2380\" data-end=\"2738\">\n<li data-start=\"2380\" data-end=\"2488\">\n<p data-start=\"2382\" data-end=\"2488\"><strong data-start=\"2382\" data-end=\"2410\">Cuir d\u2019agneau (lambskin)<\/strong> : souple, doux, lumineux, c\u2019est le cuir le plus luxueux utilis\u00e9 par Chanel.<\/p>\n<\/li>\n<li data-start=\"2489\" data-end=\"2553\">\n<p data-start=\"2491\" data-end=\"2553\"><strong data-start=\"2491\" data-end=\"2508\">Couleur noire<\/strong> : \u00e9l\u00e9gante, intemporelle, facile \u00e0 porter.<\/p>\n<\/li>\n<li data-start=\"2554\" data-end=\"2663\">\n<p data-start=\"2556\" data-end=\"2663\"><strong data-start=\"2556\" data-end=\"2572\">Finitions or<\/strong> : apportent un contraste glamour et chaud, typique des pi\u00e8ces Chanel les plus iconiques.<\/p>\n<\/li>\n<li data-start=\"2664\" data-end=\"2738\">\n<p data-start=\"2666\" data-end=\"2738\">Le sac d\u00e9gage une esth\u00e9tique chic et raffin\u00e9e, fid\u00e8le au style Chanel.<\/p>\n<\/li>\n<\/ul>\n<hr data-start=\"2740\" data-end=\"2743\" \/>\n<h3 data-start=\"2745\" data-end=\"2778\">Caract\u00e9ristiques du produit<\/h3>\n<ul data-start=\"2780\" data-end=\"3178\">\n<li data-start=\"2780\" data-end=\"2803\">\n<p data-start=\"2782\" data-end=\"2803\"><strong data-start=\"2782\" data-end=\"2794\">Marque :<\/strong> Chanel<\/p>\n<\/li>\n<li data-start=\"2804\" data-end=\"2863\">\n<p data-start=\"2806\" data-end=\"2863\"><strong data-start=\"2806\" data-end=\"2818\">Mod\u00e8le :<\/strong> Timeless Classique \u2013 Version petite cha\u00eene<\/p>\n<\/li>\n<li data-start=\"2864\" data-end=\"2884\">\n<p data-start=\"2866\" data-end=\"2884\"><strong data-start=\"2866\" data-end=\"2877\">Ann\u00e9e :<\/strong> 2013<\/p>\n<\/li>\n<li data-start=\"2885\" data-end=\"2916\">\n<p data-start=\"2887\" data-end=\"2916\"><strong data-start=\"2887\" data-end=\"2900\">Mati\u00e8re :<\/strong> Cuir d\u2019agneau<\/p>\n<\/li>\n<li data-start=\"2917\" data-end=\"2939\">\n<p data-start=\"2919\" data-end=\"2939\"><strong data-start=\"2919\" data-end=\"2932\">Couleur :<\/strong> Noir<\/p>\n<\/li>\n<li data-start=\"2940\" data-end=\"2966\">\n<p data-start=\"2942\" data-end=\"2966\"><strong data-start=\"2942\" data-end=\"2957\">Finitions :<\/strong> Dor\u00e9es<\/p>\n<\/li>\n<li data-start=\"2967\" data-end=\"3020\">\n<p data-start=\"2969\" data-end=\"3020\"><strong data-start=\"2969\" data-end=\"2981\">Cha\u00eene :<\/strong> Petite cha\u00eene dor\u00e9e + cuir entrelac\u00e9<\/p>\n<\/li>\n<li data-start=\"3021\" data-end=\"3090\">\n<p data-start=\"3023\" data-end=\"3090\"><strong data-start=\"3023\" data-end=\"3033\">\u00c9tat :<\/strong> Tr\u00e8s bon \u2013 quelques traces l\u00e9g\u00e8res, cuir bien conserv\u00e9<\/p>\n<\/li>\n<li data-start=\"3091\" data-end=\"3178\">\n<p data-start=\"3093\" data-end=\"3178\"><strong data-start=\"3093\" data-end=\"3115\">Authentification :<\/strong> Carte d\u2019authenticit\u00e9 incluse + certificat TheVintageTraveler<\/p>\n<\/li>\n<\/ul>\n<hr data-start=\"3180\" data-end=\"3183\" \/>\n<h3 data-start=\"3185\" data-end=\"3233\">Pourquoi ce Chanel est rare et recherch\u00e9 ?<\/h3>\n<ul data-start=\"3235\" data-end=\"3592\">\n<li data-start=\"3235\" data-end=\"3318\">\n<p data-start=\"3237\" data-end=\"3318\">Version <strong data-start=\"3245\" data-end=\"3262\">petite cha\u00eene<\/strong>, plus difficile \u00e0 trouver que les mod\u00e8les classiques.<\/p>\n<\/li>\n<li data-start=\"3319\" data-end=\"3391\">\n<p data-start=\"3321\" data-end=\"3391\">Cuir d\u2019agneau noir + finitions or = <strong data-start=\"3357\" data-end=\"3388\">combinaison iconique Chanel<\/strong>.<\/p>\n<\/li>\n<li data-start=\"3480\" data-end=\"3539\">\n<p data-start=\"3482\" data-end=\"3539\">Tr\u00e8s bon \u00e9tat et complet avec carte \u2192 valeur renforc\u00e9e.<\/p>\n<\/li>\n<li data-start=\"3540\" data-end=\"3592\">\n<p data-start=\"3542\" data-end=\"3592\">Un mod\u00e8le polyvalent : parfait du matin au soir.<\/p>\n<\/li>\n<\/ul>\n<hr data-start=\"3594\" data-end=\"3597\" \/>\n<h3 data-start=\"3599\" data-end=\"3639\">Un excellent investissement Chanel<\/h3>\n<p data-start=\"3641\" data-end=\"3761\">Les sacs Chanel Timeless \u2014 toutes versions confondues \u2014 constituent l\u2019un des meilleurs investissements luxe du march\u00e9.<\/p>\n<p data-start=\"3763\" data-end=\"3795\">Ce mod\u00e8le a plusieurs atouts :<\/p>\n<ul data-start=\"3797\" data-end=\"4025\">\n<li data-start=\"3797\" data-end=\"3845\">\n<p data-start=\"3799\" data-end=\"3845\">Rare version petite cha\u00eene, tr\u00e8s recherch\u00e9e.<\/p>\n<\/li>\n<li data-start=\"3846\" data-end=\"3917\">\n<p data-start=\"3848\" data-end=\"3917\">Cuir d\u2019agneau noir + or \u2192 les plus fortes demandes internationales.<\/p>\n<\/li>\n<li data-start=\"3918\" data-end=\"3962\">\n<p data-start=\"3920\" data-end=\"3962\">Tr\u00e8s bon \u00e9tat = forte valeur de revente.<\/p>\n<\/li>\n<li data-start=\"3963\" data-end=\"4025\">\n<p data-start=\"3965\" data-end=\"4025\">Carte d\u2019authenticit\u00e9 \u2192 essentiel pour les collectionneurs.<\/p>\n<\/li>\n<\/ul>\n<p data-start=\"4027\" data-end=\"4166\">Sur le march\u00e9 vintage, les petites cha\u00eenes Chanel sont <strong data-start=\"4082\" data-end=\"4122\">de plus en plus difficiles \u00e0 trouver<\/strong>, ce qui garantit une <strong data-start=\"4144\" data-end=\"4163\">cote ascendante<\/strong>.<\/p>\n<hr data-start=\"4168\" data-end=\"4171\" \/>\n<h3 data-start=\"4173\" data-end=\"4221\">Pourquoi acheter chez TheVintageTraveler ?<\/h3>\n<p data-start=\"4223\" data-end=\"4277\">Chez <strong data-start=\"4228\" data-end=\"4250\">TheVintageTraveler<\/strong>, chaque sac Chanel est :<\/p>\n<ul data-start=\"4279\" data-end=\"4577\">\n<li data-start=\"4279\" data-end=\"4337\">\n<p data-start=\"4281\" data-end=\"4337\"><strong data-start=\"4281\" data-end=\"4309\">Expertis\u00e9 et authentifi\u00e9<\/strong>, num\u00e9ro de s\u00e9rie v\u00e9rifi\u00e9.<\/p>\n<\/li>\n<li data-start=\"4338\" data-end=\"4421\">\n<p data-start=\"4340\" data-end=\"4421\">S\u00e9lectionn\u00e9 pour sa <strong data-start=\"4360\" data-end=\"4418\">raret\u00e9, son \u00e9l\u00e9gance et son potentiel d\u2019investissement<\/strong>.<\/p>\n<\/li>\n<li data-start=\"4422\" data-end=\"4467\">\n<p data-start=\"4424\" data-end=\"4467\">Livr\u00e9 avec <strong data-start=\"4435\" data-end=\"4464\">certificat d\u2019authenticit\u00e9<\/strong>.<\/p>\n<\/li>\n<li data-start=\"4468\" data-end=\"4577\">\n<p data-start=\"4470\" data-end=\"4577\">Disponible en showroom au <strong data-start=\"4496\" data-end=\"4528\">March\u00e9 Serpette \u2013 Saint-Ouen<\/strong> ou via <strong data-start=\"4536\" data-end=\"4574\">livraison s\u00e9curis\u00e9e internationale<\/strong>.<\/p>\n<\/li>\n<\/ul>\n<hr data-start=\"4579\" data-end=\"4582\" \/>\n<h3 data-start=\"4584\" data-end=\"4600\">Conclusion<\/h3>\n<p data-start=\"4602\" data-end=\"4810\">Ce <strong data-start=\"4605\" data-end=\"4640\">Chanel Timeless \u00e0 petite cha\u00eene<\/strong>, en <strong data-start=\"4645\" data-end=\"4667\">cuir d\u2019agneau noir<\/strong>, <strong data-start=\"4669\" data-end=\"4685\">finitions or<\/strong>, dat\u00e9 de <strong data-start=\"4695\" data-end=\"4703\">2013<\/strong>, en <strong data-start=\"4708\" data-end=\"4725\">tr\u00e8s bon \u00e9tat<\/strong> avec sa <strong data-start=\"4734\" data-end=\"4758\">carte d\u2019authenticit\u00e9<\/strong>, est une <strong data-start=\"4768\" data-end=\"4807\">pi\u00e8ce chic, rare et tr\u00e8s recherch\u00e9e<\/strong>.<\/p>\n<p data-start=\"4812\" data-end=\"4917\">Un <strong data-start=\"4815\" data-end=\"4850\">excellent investissement Chanel<\/strong>, parfait pour une collection ou pour un port\u00e9 quotidien raffin\u00e9.<\/p>\n<p>Suivez &#8211; nous sur <a href=\"https:\/\/www.facebook.com\/TheVintageTravelerFR\">Facebook<\/a> et <a href=\"https:\/\/www.instagram.com\/the_vintagetraveler\/?igsh=aXdsbDJkdnpwZjcx#\">Instagram<\/a><\/p>\n","protected":false},"excerpt":{"rendered":"<p data-start=\"844\" data-end=\"1038\">Chanel Timeless petite cha\u00eene en cuir d\u2019agneau noir, finitions or, 2013. Tr\u00e8s bon \u00e9tat avec carte d\u2019authenticit\u00e9. Pi\u00e8ce chic et rare Chanel.<\/p>\n","protected":false},"featured_media":6828,"template":"","meta":[],"product_brand":[],"product_cat":[285,274,295,279],"product_tag":[287,296],"class_list":{"0":"post-6821","1":"product","2":"type-product","3":"status-publish","4":"has-post-thumbnail","6":"product_cat-chanel","7":"product_cat-news","8":"product_cat-handbag-2","9":"product_cat-bags","10":"product_tag-chanel","11":"product_tag-chanelclassique","13":"first","14":"instock","15":"sold-individually","16":"shipping-taxable","17":"purchasable","18":"product-type-simple"},"yoast_head":"<!-- This site is optimized with the Yoast SEO plugin v27.1.1 - https:\/\/yoast.com\/product\/yoast-seo-wordpress\/ -->\n<title>Chanel Timeless Petite Cha\u00eene Noir Or 2013 | Tr\u00e8s Bon \u00c9tat<\/title>\n<meta name=\"description\" content=\"Chanel Timeless petite cha\u00eene en cuir d\u2019agneau noir, or, 2013. Tr\u00e8s bon \u00e9tat, carte d\u2019authenticit\u00e9. Pi\u00e8ce chic, rare et excellent investissement.\" \/>\n<meta name=\"robots\" content=\"index, follow, max-snippet:-1, max-image-preview:large, max-video-preview:-1\" \/>\n<link rel=\"canonical\" href=\"https:\/\/thevintagetraveler.com\/en\/produit\/chanel-timeless-petite-chaine-noir-or-2013\/\" \/>\n<meta property=\"og:locale\" content=\"en_US\" \/>\n<meta property=\"og:type\" content=\"article\" \/>\n<meta property=\"og:title\" content=\"Chanel Timeless Petite Cha\u00eene Noir Or 2013 | Tr\u00e8s Bon \u00c9tat\" \/>\n<meta property=\"og:description\" content=\"Chanel Timeless petite cha\u00eene en cuir d\u2019agneau noir, or, 2013. Tr\u00e8s bon \u00e9tat, carte d\u2019authenticit\u00e9. Pi\u00e8ce chic, rare et excellent investissement.\" \/>\n<meta property=\"og:url\" content=\"https:\/\/thevintagetraveler.com\/en\/produit\/chanel-timeless-petite-chaine-noir-or-2013\/\" \/>\n<meta property=\"og:site_name\" content=\"TheVintageTraveler\" \/>\n<meta property=\"article:publisher\" content=\"https:\/\/www.facebook.com\/TheVintageTravelerFR\/\" \/>\n<meta property=\"article:modified_time\" content=\"2025-12-05T14:21:06+00:00\" \/>\n<meta property=\"og:image\" content=\"https:\/\/thevintagetraveler.com\/\/wp-content\/uploads\/2025\/12\/20251201_113344.jpg\" \/>\n\t<meta property=\"og:image:width\" content=\"2560\" \/>\n\t<meta property=\"og:image:height\" content=\"2560\" \/>\n\t<meta property=\"og:image:type\" content=\"image\/jpeg\" \/>\n<meta name=\"twitter:card\" content=\"summary_large_image\" \/>\n<meta name=\"twitter:label1\" content=\"Est. reading time\" \/>\n\t<meta name=\"twitter:data1\" content=\"3 minutes\" \/>\n<script type=\"application\/ld+json\" class=\"yoast-schema-graph\">{\"@context\":\"https:\/\/schema.org\",\"@graph\":[{\"@type\":\"WebPage\",\"@id\":\"https:\/\/thevintagetraveler.com\/en\/produit\/chanel-timeless-petite-chaine-noir-or-2013\/\",\"url\":\"https:\/\/thevintagetraveler.com\/en\/produit\/chanel-timeless-petite-chaine-noir-or-2013\/\",\"name\":\"Chanel Timeless Petite Cha\u00eene Noir Or 2013 | Tr\u00e8s Bon \u00c9tat\",\"isPartOf\":{\"@id\":\"https:\/\/thevintagetraveler.com\/en\/#website\"},\"primaryImageOfPage\":{\"@id\":\"https:\/\/thevintagetraveler.com\/en\/produit\/chanel-timeless-petite-chaine-noir-or-2013\/#primaryimage\"},\"image\":{\"@id\":\"https:\/\/thevintagetraveler.com\/en\/produit\/chanel-timeless-petite-chaine-noir-or-2013\/#primaryimage\"},\"thumbnailUrl\":\"https:\/\/thevintagetraveler.com\/wp-content\/uploads\/2025\/12\/20251201_113344.jpg\",\"datePublished\":\"2025-12-05T14:10:43+00:00\",\"dateModified\":\"2025-12-05T14:21:06+00:00\",\"description\":\"Chanel Timeless petite cha\u00eene en cuir d\u2019agneau noir, or, 2013. Tr\u00e8s bon \u00e9tat, carte d\u2019authenticit\u00e9. Pi\u00e8ce chic, rare et excellent investissement.\",\"breadcrumb\":{\"@id\":\"https:\/\/thevintagetraveler.com\/en\/produit\/chanel-timeless-petite-chaine-noir-or-2013\/#breadcrumb\"},\"inLanguage\":\"en-US\",\"potentialAction\":[{\"@type\":\"ReadAction\",\"target\":[\"https:\/\/thevintagetraveler.com\/en\/produit\/chanel-timeless-petite-chaine-noir-or-2013\/\"]}]},{\"@type\":\"ImageObject\",\"inLanguage\":\"en-US\",\"@id\":\"https:\/\/thevintagetraveler.com\/en\/produit\/chanel-timeless-petite-chaine-noir-or-2013\/#primaryimage\",\"url\":\"https:\/\/thevintagetraveler.com\/wp-content\/uploads\/2025\/12\/20251201_113344.jpg\",\"contentUrl\":\"https:\/\/thevintagetraveler.com\/wp-content\/uploads\/2025\/12\/20251201_113344.jpg\",\"width\":2560,\"height\":2560,\"caption\":\"sac Chanel Timeless petite cha\u00eene cuir agneau noir 2013\"},{\"@type\":\"BreadcrumbList\",\"@id\":\"https:\/\/thevintagetraveler.com\/en\/produit\/chanel-timeless-petite-chaine-noir-or-2013\/#breadcrumb\",\"itemListElement\":[{\"@type\":\"ListItem\",\"position\":1,\"name\":\"Accueil\",\"item\":\"https:\/\/thevintagetraveler.com\/en\/\"},{\"@type\":\"ListItem\",\"position\":2,\"name\":\"Shop\",\"item\":\"https:\/\/thevintagetraveler.com\/shop\/\"},{\"@type\":\"ListItem\",\"position\":3,\"name\":\"Sac Chanel Timeless Petite Chaine Cuir d&rsquo;Agneau Noir\"}]},{\"@type\":\"WebSite\",\"@id\":\"https:\/\/thevintagetraveler.com\/en\/#website\",\"url\":\"https:\/\/thevintagetraveler.com\/en\/\",\"name\":\"TheVintageTraveler\",\"description\":\"Luxury experts in Louis Vuitton, Chanel &amp; Herm\u00e8s\",\"publisher\":{\"@id\":\"https:\/\/thevintagetraveler.com\/en\/#organization\"},\"potentialAction\":[{\"@type\":\"SearchAction\",\"target\":{\"@type\":\"EntryPoint\",\"urlTemplate\":\"https:\/\/thevintagetraveler.com\/en\/?s={search_term_string}\"},\"query-input\":{\"@type\":\"PropertyValueSpecification\",\"valueRequired\":true,\"valueName\":\"search_term_string\"}}],\"inLanguage\":\"en-US\"},{\"@type\":\"Organization\",\"@id\":\"https:\/\/thevintagetraveler.com\/en\/#organization\",\"name\":\"TheVintageTraveler\",\"url\":\"https:\/\/thevintagetraveler.com\/en\/\",\"logo\":{\"@type\":\"ImageObject\",\"inLanguage\":\"en-US\",\"@id\":\"https:\/\/thevintagetraveler.com\/en\/#\/schema\/logo\/image\/\",\"url\":\"https:\/\/thevintagetraveler.com\/wp-content\/uploads\/2025\/04\/LOGO-THE-VINTAGE-TRAVELER-FINAL-e1745392697678.png\",\"contentUrl\":\"https:\/\/thevintagetraveler.com\/wp-content\/uploads\/2025\/04\/LOGO-THE-VINTAGE-TRAVELER-FINAL-e1745392697678.png\",\"width\":798,\"height\":318,\"caption\":\"TheVintageTraveler\"},\"image\":{\"@id\":\"https:\/\/thevintagetraveler.com\/en\/#\/schema\/logo\/image\/\"},\"sameAs\":[\"https:\/\/www.facebook.com\/TheVintageTravelerFR\/\",\"https:\/\/www.instagram.com\/the_vintagetraveler\"]}]}<\/script>\n<!-- \/ Yoast SEO plugin. -->","yoast_head_json":{"title":"Chanel Timeless Petite Cha\u00eene Noir Or 2013 | Tr\u00e8s Bon \u00c9tat","description":"Chanel Timeless petite cha\u00eene en cuir d\u2019agneau noir, or, 2013. Tr\u00e8s bon \u00e9tat, carte d\u2019authenticit\u00e9. Pi\u00e8ce chic, rare et excellent investissement.","robots":{"index":"index","follow":"follow","max-snippet":"max-snippet:-1","max-image-preview":"max-image-preview:large","max-video-preview":"max-video-preview:-1"},"canonical":"https:\/\/thevintagetraveler.com\/en\/produit\/chanel-timeless-petite-chaine-noir-or-2013\/","og_locale":"en_US","og_type":"article","og_title":"Chanel Timeless Petite Cha\u00eene Noir Or 2013 | Tr\u00e8s Bon \u00c9tat","og_description":"Chanel Timeless petite cha\u00eene en cuir d\u2019agneau noir, or, 2013. Tr\u00e8s bon \u00e9tat, carte d\u2019authenticit\u00e9. Pi\u00e8ce chic, rare et excellent investissement.","og_url":"https:\/\/thevintagetraveler.com\/en\/produit\/chanel-timeless-petite-chaine-noir-or-2013\/","og_site_name":"TheVintageTraveler","article_publisher":"https:\/\/www.facebook.com\/TheVintageTravelerFR\/","article_modified_time":"2025-12-05T14:21:06+00:00","og_image":[{"width":2560,"height":2560,"url":"https:\/\/thevintagetraveler.com\/\/wp-content\/uploads\/2025\/12\/20251201_113344.jpg","type":"image\/jpeg"}],"twitter_card":"summary_large_image","twitter_misc":{"Est. reading time":"3 minutes"},"schema":{"@context":"https:\/\/schema.org","@graph":[{"@type":"WebPage","@id":"https:\/\/thevintagetraveler.com\/en\/produit\/chanel-timeless-petite-chaine-noir-or-2013\/","url":"https:\/\/thevintagetraveler.com\/en\/produit\/chanel-timeless-petite-chaine-noir-or-2013\/","name":"Chanel Timeless Petite Cha\u00eene Noir Or 2013 | Tr\u00e8s Bon \u00c9tat","isPartOf":{"@id":"https:\/\/thevintagetraveler.com\/en\/#website"},"primaryImageOfPage":{"@id":"https:\/\/thevintagetraveler.com\/en\/produit\/chanel-timeless-petite-chaine-noir-or-2013\/#primaryimage"},"image":{"@id":"https:\/\/thevintagetraveler.com\/en\/produit\/chanel-timeless-petite-chaine-noir-or-2013\/#primaryimage"},"thumbnailUrl":"https:\/\/thevintagetraveler.com\/wp-content\/uploads\/2025\/12\/20251201_113344.jpg","datePublished":"2025-12-05T14:10:43+00:00","dateModified":"2025-12-05T14:21:06+00:00","description":"Chanel Timeless petite cha\u00eene en cuir d\u2019agneau noir, or, 2013. Tr\u00e8s bon \u00e9tat, carte d\u2019authenticit\u00e9. Pi\u00e8ce chic, rare et excellent investissement.","breadcrumb":{"@id":"https:\/\/thevintagetraveler.com\/en\/produit\/chanel-timeless-petite-chaine-noir-or-2013\/#breadcrumb"},"inLanguage":"en-US","potentialAction":[{"@type":"ReadAction","target":["https:\/\/thevintagetraveler.com\/en\/produit\/chanel-timeless-petite-chaine-noir-or-2013\/"]}]},{"@type":"ImageObject","inLanguage":"en-US","@id":"https:\/\/thevintagetraveler.com\/en\/produit\/chanel-timeless-petite-chaine-noir-or-2013\/#primaryimage","url":"https:\/\/thevintagetraveler.com\/wp-content\/uploads\/2025\/12\/20251201_113344.jpg","contentUrl":"https:\/\/thevintagetraveler.com\/wp-content\/uploads\/2025\/12\/20251201_113344.jpg","width":2560,"height":2560,"caption":"sac Chanel Timeless petite cha\u00eene cuir agneau noir 2013"},{"@type":"BreadcrumbList","@id":"https:\/\/thevintagetraveler.com\/en\/produit\/chanel-timeless-petite-chaine-noir-or-2013\/#breadcrumb","itemListElement":[{"@type":"ListItem","position":1,"name":"Accueil","item":"https:\/\/thevintagetraveler.com\/en\/"},{"@type":"ListItem","position":2,"name":"Shop","item":"https:\/\/thevintagetraveler.com\/shop\/"},{"@type":"ListItem","position":3,"name":"Sac Chanel Timeless Petite Chaine Cuir d&rsquo;Agneau Noir"}]},{"@type":"WebSite","@id":"https:\/\/thevintagetraveler.com\/en\/#website","url":"https:\/\/thevintagetraveler.com\/en\/","name":"TheVintageTraveler","description":"Luxury experts in Louis Vuitton, Chanel &amp; Herm\u00e8s","publisher":{"@id":"https:\/\/thevintagetraveler.com\/en\/#organization"},"potentialAction":[{"@type":"SearchAction","target":{"@type":"EntryPoint","urlTemplate":"https:\/\/thevintagetraveler.com\/en\/?s={search_term_string}"},"query-input":{"@type":"PropertyValueSpecification","valueRequired":true,"valueName":"search_term_string"}}],"inLanguage":"en-US"},{"@type":"Organization","@id":"https:\/\/thevintagetraveler.com\/en\/#organization","name":"TheVintageTraveler","url":"https:\/\/thevintagetraveler.com\/en\/","logo":{"@type":"ImageObject","inLanguage":"en-US","@id":"https:\/\/thevintagetraveler.com\/en\/#\/schema\/logo\/image\/","url":"https:\/\/thevintagetraveler.com\/wp-content\/uploads\/2025\/04\/LOGO-THE-VINTAGE-TRAVELER-FINAL-e1745392697678.png","contentUrl":"https:\/\/thevintagetraveler.com\/wp-content\/uploads\/2025\/04\/LOGO-THE-VINTAGE-TRAVELER-FINAL-e1745392697678.png","width":798,"height":318,"caption":"TheVintageTraveler"},"image":{"@id":"https:\/\/thevintagetraveler.com\/en\/#\/schema\/logo\/image\/"},"sameAs":["https:\/\/www.facebook.com\/TheVintageTravelerFR\/","https:\/\/www.instagram.com\/the_vintagetraveler"]}]}},"_links":{"self":[{"href":"https:\/\/thevintagetraveler.com\/en\/wp-json\/wp\/v2\/product\/6821","targetHints":{"allow":["GET"]}}],"collection":[{"href":"https:\/\/thevintagetraveler.com\/en\/wp-json\/wp\/v2\/product"}],"about":[{"href":"https:\/\/thevintagetraveler.com\/en\/wp-json\/wp\/v2\/types\/product"}],"wp:featuredmedia":[{"embeddable":true,"href":"https:\/\/thevintagetraveler.com\/en\/wp-json\/wp\/v2\/media\/6828"}],"wp:attachment":[{"href":"https:\/\/thevintagetraveler.com\/en\/wp-json\/wp\/v2\/media?parent=6821"}],"wp:term":[{"taxonomy":"product_brand","embeddable":true,"href":"https:\/\/thevintagetraveler.com\/en\/wp-json\/wp\/v2\/product_brand?post=6821"},{"taxonomy":"product_cat","embeddable":true,"href":"https:\/\/thevintagetraveler.com\/en\/wp-json\/wp\/v2\/product_cat?post=6821"},{"taxonomy":"product_tag","embeddable":true,"href":"https:\/\/thevintagetraveler.com\/en\/wp-json\/wp\/v2\/product_tag?post=6821"}],"curies":[{"name":"wp","href":"https:\/\/api.w.org\/{rel}","templated":true}]}}