{"id":6839,"date":"2024-12-05T15:21:36","date_gmt":"2024-12-05T14:21:36","guid":{"rendered":"https:\/\/thevintagetraveler.com\/?post_type=product&#038;p=6839"},"modified":"2026-04-14T10:39:57","modified_gmt":"2026-04-14T08:39:57","slug":"hermes-birkin-30-ardennes-noir-or-2001","status":"publish","type":"product","link":"https:\/\/thevintagetraveler.com\/en\/produit\/hermes-birkin-30-ardennes-noir-or-2001\/","title":{"rendered":"Sac Herm\u00e8s Birkin 30 Ardennes Noir"},"content":{"rendered":"<h3 data-start=\"1147\" data-end=\"1216\">Herm\u00e8s Birkin 30 \u2013 Cuir Ardennes Noir, Finitions Or, Ann\u00e9e 2001<\/h3>\n<p data-start=\"1218\" data-end=\"1590\">Ce <strong data-start=\"1221\" data-end=\"1263\">Birkin 30 Herm\u00e8s en cuir Ardennes noir<\/strong>, dat\u00e9 de <strong data-start=\"1273\" data-end=\"1281\">2001<\/strong>, est une <strong data-start=\"1291\" data-end=\"1319\">pi\u00e8ce rare et recherch\u00e9e<\/strong>, notamment gr\u00e2ce \u00e0 son cuir Ardennes, aujourd\u2019hui <strong data-start=\"1370\" data-end=\"1385\">discontinu\u00e9<\/strong> et extr\u00eamement pris\u00e9 des collectionneurs. Structur\u00e9, \u00e9l\u00e9gant et intemporel, il est propos\u00e9 en <strong data-start=\"1480\" data-end=\"1497\">tr\u00e8s bon \u00e9tat<\/strong> et accompagn\u00e9 de tous ses accessoires d\u2019origine : <strong data-start=\"1548\" data-end=\"1587\">cadenas, cl\u00e9s, clochette et dustbag<\/strong>.<\/p>\n<p data-start=\"1592\" data-end=\"1782\">Le format <strong data-start=\"1602\" data-end=\"1611\">30 cm<\/strong>, les <strong data-start=\"1617\" data-end=\"1637\">finitions dor\u00e9es<\/strong> et la noblesse du cuir Ardennes en font un sac d\u2019exception, parfait aussi bien pour un usage quotidien que pour un investissement patrimonial.<\/p>\n<hr data-start=\"1784\" data-end=\"1787\" \/>\n<h3 data-start=\"1789\" data-end=\"1847\">Le Birkin 30 : \u00e9quilibre parfait et \u00e9l\u00e9gance absolue<\/h3>\n<ul data-start=\"1849\" data-end=\"2096\">\n<li data-start=\"1849\" data-end=\"1923\">\n<p data-start=\"1851\" data-end=\"1923\">Le format <strong data-start=\"1861\" data-end=\"1870\">30 cm<\/strong> est le plus recherch\u00e9 : chic, compact, polyvalent.<\/p>\n<\/li>\n<li data-start=\"1924\" data-end=\"1983\">\n<p data-start=\"1926\" data-end=\"1983\">Id\u00e9al pour un usage quotidien sans perdre son prestige.<\/p>\n<\/li>\n<li data-start=\"1984\" data-end=\"2096\">\n<p data-start=\"1986\" data-end=\"2096\">Les<a href=\"https:\/\/thevintagetraveler.com\/histoire-sac-hermes-birkin\/\"> Birkin<\/a> 30 en cuirs discontinu\u00e9s comme l\u2019Ardennes sont extr\u00eamement difficiles \u00e0 trouver en tr\u00e8s bon \u00e9tat.<\/p>\n<\/li>\n<\/ul>\n<hr data-start=\"2098\" data-end=\"2101\" \/>\n<h3 data-start=\"2103\" data-end=\"2166\">Le cuir Ardennes : un cuir Herm\u00e8s mythique et discontinu\u00e9<\/h3>\n<ul data-start=\"2168\" data-end=\"2523\">\n<li data-start=\"2168\" data-end=\"2279\">\n<p data-start=\"2170\" data-end=\"2279\"><strong data-start=\"2170\" data-end=\"2193\">Cuir grain\u00e9 robuste<\/strong>, l\u00e9g\u00e8rement brillant, connu pour sa tenue exceptionnelle et sa r\u00e9sistance au temps.<\/p>\n<\/li>\n<li data-start=\"2280\" data-end=\"2333\">\n<p data-start=\"2282\" data-end=\"2333\">Cuir <strong data-start=\"2287\" data-end=\"2302\">discontinu\u00e9<\/strong>, donc tr\u00e8s rare aujourd\u2019hui.<\/p>\n<\/li>\n<li data-start=\"2334\" data-end=\"2418\">\n<p data-start=\"2336\" data-end=\"2418\">Appr\u00e9ci\u00e9 pour sa <strong data-start=\"2353\" data-end=\"2372\">structure ferme<\/strong>, id\u00e9ale pour un Birkin au maintien parfait.<\/p>\n<\/li>\n<li data-start=\"2419\" data-end=\"2523\">\n<p data-start=\"2421\" data-end=\"2523\">Le <strong data-start=\"2424\" data-end=\"2432\">noir<\/strong> combin\u00e9 aux <strong data-start=\"2445\" data-end=\"2465\">finitions dor\u00e9es<\/strong> est l\u2019une des combinaisons les plus iconiques d\u2019<a href=\"https:\/\/thevintagetraveler.com\/estimation-sac-de-luxe-hermes-chanel\/\">Herm\u00e8s<\/a>.<\/p>\n<\/li>\n<\/ul>\n<p data-start=\"2525\" data-end=\"2625\">Ce cuir vieillit admirablement et conserve une excellente tenue, ce qui renforce la valeur du sac.<\/p>\n<hr data-start=\"2627\" data-end=\"2630\" \/>\n<h3 data-start=\"2632\" data-end=\"2665\">Caract\u00e9ristiques du produit<\/h3>\n<ul data-start=\"2667\" data-end=\"3076\">\n<li data-start=\"2667\" data-end=\"2690\">\n<p data-start=\"2669\" data-end=\"2690\"><strong data-start=\"2669\" data-end=\"2681\">Marque :<\/strong> Herm\u00e8s<\/p>\n<\/li>\n<li data-start=\"2691\" data-end=\"2717\">\n<p data-start=\"2693\" data-end=\"2717\"><strong data-start=\"2693\" data-end=\"2705\">Mod\u00e8le :<\/strong> Birkin 30<\/p>\n<\/li>\n<li data-start=\"2718\" data-end=\"2738\">\n<p data-start=\"2720\" data-end=\"2738\"><strong data-start=\"2720\" data-end=\"2731\">Ann\u00e9e :<\/strong> 2001<\/p>\n<\/li>\n<li data-start=\"2739\" data-end=\"2790\">\n<p data-start=\"2741\" data-end=\"2790\"><strong data-start=\"2741\" data-end=\"2754\">Mati\u00e8re :<\/strong> Cuir Ardennes (rare, discontinu\u00e9)<\/p>\n<\/li>\n<li data-start=\"2791\" data-end=\"2813\">\n<p data-start=\"2793\" data-end=\"2813\"><strong data-start=\"2793\" data-end=\"2806\">Couleur :<\/strong> Noir<\/p>\n<\/li>\n<li data-start=\"2814\" data-end=\"2840\">\n<p data-start=\"2816\" data-end=\"2840\"><strong data-start=\"2816\" data-end=\"2831\">Finitions :<\/strong> Dor\u00e9es<\/p>\n<\/li>\n<li data-start=\"2841\" data-end=\"2914\">\n<p data-start=\"2843\" data-end=\"2914\"><strong data-start=\"2843\" data-end=\"2853\">\u00c9tat :<\/strong> Tr\u00e8s bon \u00e9tat \u2013 cuir ferme, coins nets, dorures lumineuses<\/p>\n<\/li>\n<li data-start=\"2915\" data-end=\"2997\">\n<p data-start=\"2917\" data-end=\"2936\"><strong data-start=\"2917\" data-end=\"2934\">Accessoires :<\/strong><\/p>\n<ul data-start=\"2939\" data-end=\"2997\">\n<li data-start=\"2939\" data-end=\"2946\">\n<p data-start=\"2941\" data-end=\"2946\">Cl\u00e9<\/p>\n<\/li>\n<li data-start=\"2949\" data-end=\"2960\">\n<p data-start=\"2951\" data-end=\"2960\">Cadenas<\/p>\n<\/li>\n<li data-start=\"2963\" data-end=\"2976\">\n<p data-start=\"2965\" data-end=\"2976\">Clochette<\/p>\n<\/li>\n<li data-start=\"2979\" data-end=\"2997\">\n<p data-start=\"2981\" data-end=\"2997\">Dustbag Herm\u00e8s<\/p>\n<\/li>\n<\/ul>\n<\/li>\n<li data-start=\"2998\" data-end=\"3076\">\n<p data-start=\"3000\" data-end=\"3076\"><strong data-start=\"3000\" data-end=\"3022\">Authentification :<\/strong> Certifi\u00e9 \u2013 livr\u00e9 avec certificat TheVintageTraveler<\/p>\n<\/li>\n<\/ul>\n<hr data-start=\"3078\" data-end=\"3081\" \/>\n<h3 data-start=\"3083\" data-end=\"3140\">Pourquoi ce Birkin Ardennes 2001 est exceptionnel ?<\/h3>\n<ul data-start=\"3142\" data-end=\"3554\">\n<li data-start=\"3142\" data-end=\"3203\">\n<p data-start=\"3144\" data-end=\"3203\"><strong data-start=\"3144\" data-end=\"3161\">Cuir Ardennes<\/strong>, cuir historique d\u2019Herm\u00e8s, devenu rare.<\/p>\n<\/li>\n<li data-start=\"3204\" data-end=\"3266\">\n<p data-start=\"3206\" data-end=\"3266\"><strong data-start=\"3206\" data-end=\"3222\">Format 30 cm<\/strong>, le plus recherch\u00e9 sur le march\u00e9 du luxe.<\/p>\n<\/li>\n<li data-start=\"3267\" data-end=\"3341\">\n<p data-start=\"3269\" data-end=\"3341\"><strong data-start=\"3269\" data-end=\"3300\">Couleur noir + finitions or<\/strong>, combinaison iconique et intemporelle.<\/p>\n<\/li>\n<li data-start=\"3342\" data-end=\"3422\">\n<p data-start=\"3344\" data-end=\"3422\"><strong data-start=\"3344\" data-end=\"3358\"><a href=\"https:\/\/thevintagetraveler.com\/stamp-hermes-date-de-fabrication-sac-hermes\/\">Ann\u00e9e<\/a> 2001<\/strong>, p\u00e9riode connue pour la qualit\u00e9 exceptionnelle de production.<\/p>\n<\/li>\n<li data-start=\"3423\" data-end=\"3496\">\n<p data-start=\"3425\" data-end=\"3496\"><strong data-start=\"3425\" data-end=\"3442\">Tr\u00e8s bon \u00e9tat<\/strong>, surtout pour un cuir discontinu\u00e9 depuis longtemps.<\/p>\n<\/li>\n<li data-start=\"3497\" data-end=\"3554\">\n<p data-start=\"3499\" data-end=\"3554\">Complet avec tous les accessoires \u2192 valeur renforc\u00e9e.<\/p>\n<\/li>\n<\/ul>\n<hr data-start=\"3556\" data-end=\"3559\" \/>\n<h3 data-start=\"3561\" data-end=\"3601\">Un excellent investissement Herm\u00e8s<\/h3>\n<p data-start=\"3603\" data-end=\"3646\">Ce Birkin cumule les crit\u00e8res de valeur :<\/p>\n<ul data-start=\"3648\" data-end=\"3804\">\n<li data-start=\"3648\" data-end=\"3678\">\n<p data-start=\"3650\" data-end=\"3678\">Cuir discontinu\u00e9 = raret\u00e9.<\/p>\n<\/li>\n<li data-start=\"3679\" data-end=\"3724\">\n<p data-start=\"3681\" data-end=\"3724\">Format 30 = forte demande internationale.<\/p>\n<\/li>\n<li data-start=\"3725\" data-end=\"3757\">\n<p data-start=\"3727\" data-end=\"3757\">Noir + or = combo collector.<\/p>\n<\/li>\n<li data-start=\"3758\" data-end=\"3804\">\n<p data-start=\"3760\" data-end=\"3804\">Tr\u00e8s bon \u00e9tat + complet = cote sup\u00e9rieure.<\/p>\n<\/li>\n<\/ul>\n<p data-start=\"3806\" data-end=\"3929\">Les Birkin en Ardennes voient leur valeur <strong data-start=\"3848\" data-end=\"3874\">augmenter chaque ann\u00e9e<\/strong>, surtout lorsqu\u2019ils sont bien pr\u00e9serv\u00e9s et complets.<\/p>\n<p data-start=\"3931\" data-end=\"4002\">C\u2019est une <strong data-start=\"3941\" data-end=\"3999\">opportunit\u00e9 id\u00e9ale pour un investissement luxe durable<\/strong>.<\/p>\n<hr data-start=\"4004\" data-end=\"4007\" \/>\n<h3 data-start=\"4009\" data-end=\"4057\">Pourquoi acheter chez TheVintageTraveler ?<\/h3>\n<p data-start=\"4059\" data-end=\"4113\">Chez <strong data-start=\"4064\" data-end=\"4086\">TheVintageTraveler<\/strong>, chaque sac Herm\u00e8s est :<\/p>\n<ul data-start=\"4115\" data-end=\"4400\">\n<li data-start=\"4115\" data-end=\"4161\">\n<p data-start=\"4117\" data-end=\"4161\"><strong data-start=\"4117\" data-end=\"4145\">Expertis\u00e9 et authentifi\u00e9<\/strong> avec rigueur.<\/p>\n<\/li>\n<li data-start=\"4162\" data-end=\"4253\">\n<p data-start=\"4164\" data-end=\"4253\">S\u00e9lectionn\u00e9 pour sa <strong data-start=\"4184\" data-end=\"4250\">qualit\u00e9, son \u00e9tat, sa raret\u00e9 et son potentiel d\u2019investissement<\/strong>.<\/p>\n<\/li>\n<li data-start=\"4254\" data-end=\"4302\">\n<p data-start=\"4256\" data-end=\"4302\">Livr\u00e9 avec un <strong data-start=\"4270\" data-end=\"4299\">certificat d\u2019authenticit\u00e9<\/strong>.<\/p>\n<\/li>\n<li data-start=\"4303\" data-end=\"4400\">\n<p data-start=\"4305\" data-end=\"4400\">Disponible au <strong data-start=\"4319\" data-end=\"4351\">March\u00e9 Serpette \u2013 Saint-Ouen<\/strong> ou via <strong data-start=\"4359\" data-end=\"4397\">livraison internationale s\u00e9curis\u00e9e<\/strong>.<\/p>\n<\/li>\n<\/ul>\n<hr data-start=\"4402\" data-end=\"4405\" \/>\n<h3 data-start=\"4407\" data-end=\"4423\">Conclusion<\/h3>\n<p data-start=\"4425\" data-end=\"4620\">Ce <strong data-start=\"4428\" data-end=\"4470\">Herm\u00e8s Birkin 30 en cuir Ardennes noir<\/strong>, dat\u00e9 de <strong data-start=\"4480\" data-end=\"4488\">2001<\/strong>, avec <strong data-start=\"4495\" data-end=\"4515\">bijouterie dor\u00e9e<\/strong>, en <strong data-start=\"4520\" data-end=\"4537\">tr\u00e8s bon \u00e9tat<\/strong> et livr\u00e9 complet, est une <strong data-start=\"4564\" data-end=\"4617\">pi\u00e8ce rare, \u00e9l\u00e9gante et hautement collectionnable<\/strong>.<\/p>\n<p data-start=\"4622\" data-end=\"4744\">Un sac d\u2019exception et un <strong data-start=\"4647\" data-end=\"4684\">investissement Herm\u00e8s patrimonial<\/strong> s\u00fbr, id\u00e9al pour les amateurs de cuirs Herm\u00e8s historiques.<\/p>\n<p>Suivez &#8211; nous sur <a href=\"https:\/\/www.facebook.com\/TheVintageTravelerFR\">Facebook<\/a> et <a href=\"https:\/\/www.instagram.com\/the_vintagetraveler\/?igsh=aXdsbDJkdnpwZjcx#\">Instagram<\/a><\/p>\n","protected":false},"excerpt":{"rendered":"<p>Herm\u00e8s Birkin 30 en cuir Ardennes noir, finitions or, 2001. Tr\u00e8s bon \u00e9tat, complet cl\u00e9s, clochette, cadenas et dustbag. Rare et excellent investissement.<\/p>\n","protected":false},"featured_media":6850,"template":"","meta":[],"product_brand":[],"product_cat":[115,140,152,112],"product_tag":[136,153],"class_list":{"0":"post-6839","1":"product","2":"type-product","3":"status-publish","4":"has-post-thumbnail","6":"product_cat-hermes","7":"product_cat-nouveautes","8":"product_cat-sac-a-main","9":"product_cat-sacs","10":"product_tag-hermes","11":"product_tag-hermesbirkin","13":"first","14":"outofstock","15":"sold-individually","16":"shipping-taxable","17":"product-type-simple"},"yoast_head":"<!-- This site is optimized with the Yoast SEO plugin v27.1.1 - https:\/\/yoast.com\/product\/yoast-seo-wordpress\/ -->\n<title>Herm\u00e8s Birkin 30 Ardennes Noir Or 2001 | Rare &amp; Iconique<\/title>\n<meta name=\"description\" content=\"Birkin 30 Herm\u00e8s en cuir Ardennes noir, or, 2001. Tr\u00e8s bon \u00e9tat, complet cl\u00e9s\/clochette\/cadenas. Pi\u00e8ce rare et excellent investissement Herm\u00e8s vintage.\" \/>\n<meta name=\"robots\" content=\"index, follow, max-snippet:-1, max-image-preview:large, max-video-preview:-1\" \/>\n<link rel=\"canonical\" href=\"https:\/\/thevintagetraveler.com\/en\/produit\/hermes-birkin-30-ardennes-noir-or-2001\/\" \/>\n<meta property=\"og:locale\" content=\"en_US\" \/>\n<meta property=\"og:type\" content=\"article\" \/>\n<meta property=\"og:title\" content=\"Herm\u00e8s Birkin 30 Ardennes Noir Or 2001 | Rare &amp; Iconique\" \/>\n<meta property=\"og:description\" content=\"Birkin 30 Herm\u00e8s en cuir Ardennes noir, or, 2001. Tr\u00e8s bon \u00e9tat, complet cl\u00e9s\/clochette\/cadenas. Pi\u00e8ce rare et excellent investissement Herm\u00e8s vintage.\" \/>\n<meta property=\"og:url\" content=\"https:\/\/thevintagetraveler.com\/en\/produit\/hermes-birkin-30-ardennes-noir-or-2001\/\" \/>\n<meta property=\"og:site_name\" content=\"TheVintageTraveler\" \/>\n<meta property=\"article:publisher\" content=\"https:\/\/www.facebook.com\/TheVintageTravelerFR\/\" \/>\n<meta property=\"article:modified_time\" content=\"2026-04-14T08:39:57+00:00\" \/>\n<meta property=\"og:image\" content=\"https:\/\/thevintagetraveler.com\/wp-content\/uploads\/2025\/12\/20251205_111024.jpg\" \/>\n\t<meta property=\"og:image:width\" content=\"2560\" \/>\n\t<meta property=\"og:image:height\" content=\"2560\" \/>\n\t<meta property=\"og:image:type\" content=\"image\/jpeg\" \/>\n<meta name=\"twitter:card\" content=\"summary_large_image\" \/>\n<meta name=\"twitter:label1\" content=\"Est. reading time\" \/>\n\t<meta name=\"twitter:data1\" content=\"3 minutes\" \/>\n<script type=\"application\/ld+json\" class=\"yoast-schema-graph\">{\"@context\":\"https:\/\/schema.org\",\"@graph\":[{\"@type\":\"WebPage\",\"@id\":\"https:\/\/thevintagetraveler.com\/en\/produit\/hermes-birkin-30-ardennes-noir-or-2001\/\",\"url\":\"https:\/\/thevintagetraveler.com\/en\/produit\/hermes-birkin-30-ardennes-noir-or-2001\/\",\"name\":\"Herm\u00e8s Birkin 30 Ardennes Noir Or 2001 | Rare & Iconique\",\"isPartOf\":{\"@id\":\"https:\/\/thevintagetraveler.com\/en\/#website\"},\"primaryImageOfPage\":{\"@id\":\"https:\/\/thevintagetraveler.com\/en\/produit\/hermes-birkin-30-ardennes-noir-or-2001\/#primaryimage\"},\"image\":{\"@id\":\"https:\/\/thevintagetraveler.com\/en\/produit\/hermes-birkin-30-ardennes-noir-or-2001\/#primaryimage\"},\"thumbnailUrl\":\"https:\/\/thevintagetraveler.com\/wp-content\/uploads\/2025\/12\/20251205_111024.jpg\",\"datePublished\":\"2024-12-05T14:21:36+00:00\",\"dateModified\":\"2026-04-14T08:39:57+00:00\",\"description\":\"Birkin 30 Herm\u00e8s en cuir Ardennes noir, or, 2001. Tr\u00e8s bon \u00e9tat, complet cl\u00e9s\/clochette\/cadenas. Pi\u00e8ce rare et excellent investissement Herm\u00e8s vintage.\",\"breadcrumb\":{\"@id\":\"https:\/\/thevintagetraveler.com\/en\/produit\/hermes-birkin-30-ardennes-noir-or-2001\/#breadcrumb\"},\"inLanguage\":\"en-US\",\"potentialAction\":[{\"@type\":\"ReadAction\",\"target\":[\"https:\/\/thevintagetraveler.com\/en\/produit\/hermes-birkin-30-ardennes-noir-or-2001\/\"]}]},{\"@type\":\"ImageObject\",\"inLanguage\":\"en-US\",\"@id\":\"https:\/\/thevintagetraveler.com\/en\/produit\/hermes-birkin-30-ardennes-noir-or-2001\/#primaryimage\",\"url\":\"https:\/\/thevintagetraveler.com\/wp-content\/uploads\/2025\/12\/20251205_111024.jpg\",\"contentUrl\":\"https:\/\/thevintagetraveler.com\/wp-content\/uploads\/2025\/12\/20251205_111024.jpg\",\"width\":2560,\"height\":2560,\"caption\":\"sac Herm\u00e8s Birkin 30 cuir Ardennes noir 2001\"},{\"@type\":\"BreadcrumbList\",\"@id\":\"https:\/\/thevintagetraveler.com\/en\/produit\/hermes-birkin-30-ardennes-noir-or-2001\/#breadcrumb\",\"itemListElement\":[{\"@type\":\"ListItem\",\"position\":1,\"name\":\"Accueil\",\"item\":\"https:\/\/thevintagetraveler.com\/en\/\"},{\"@type\":\"ListItem\",\"position\":2,\"name\":\"Shop\",\"item\":\"https:\/\/thevintagetraveler.com\/shop\/\"},{\"@type\":\"ListItem\",\"position\":3,\"name\":\"Sac Herm\u00e8s Birkin 30 Ardennes Noir\"}]},{\"@type\":\"WebSite\",\"@id\":\"https:\/\/thevintagetraveler.com\/en\/#website\",\"url\":\"https:\/\/thevintagetraveler.com\/en\/\",\"name\":\"TheVintageTraveler\",\"description\":\"Luxury experts in Louis Vuitton, Chanel &amp; Herm\u00e8s\",\"publisher\":{\"@id\":\"https:\/\/thevintagetraveler.com\/en\/#organization\"},\"potentialAction\":[{\"@type\":\"SearchAction\",\"target\":{\"@type\":\"EntryPoint\",\"urlTemplate\":\"https:\/\/thevintagetraveler.com\/en\/?s={search_term_string}\"},\"query-input\":{\"@type\":\"PropertyValueSpecification\",\"valueRequired\":true,\"valueName\":\"search_term_string\"}}],\"inLanguage\":\"en-US\"},{\"@type\":\"Organization\",\"@id\":\"https:\/\/thevintagetraveler.com\/en\/#organization\",\"name\":\"TheVintageTraveler\",\"url\":\"https:\/\/thevintagetraveler.com\/en\/\",\"logo\":{\"@type\":\"ImageObject\",\"inLanguage\":\"en-US\",\"@id\":\"https:\/\/thevintagetraveler.com\/en\/#\/schema\/logo\/image\/\",\"url\":\"https:\/\/thevintagetraveler.com\/wp-content\/uploads\/2025\/04\/LOGO-THE-VINTAGE-TRAVELER-FINAL-e1745392697678.png\",\"contentUrl\":\"https:\/\/thevintagetraveler.com\/wp-content\/uploads\/2025\/04\/LOGO-THE-VINTAGE-TRAVELER-FINAL-e1745392697678.png\",\"width\":798,\"height\":318,\"caption\":\"TheVintageTraveler\"},\"image\":{\"@id\":\"https:\/\/thevintagetraveler.com\/en\/#\/schema\/logo\/image\/\"},\"sameAs\":[\"https:\/\/www.facebook.com\/TheVintageTravelerFR\/\",\"https:\/\/www.instagram.com\/the_vintagetraveler\"]}]}<\/script>\n<!-- \/ Yoast SEO plugin. -->","yoast_head_json":{"title":"Herm\u00e8s Birkin 30 Ardennes Noir Or 2001 | Rare & Iconique","description":"Birkin 30 Herm\u00e8s en cuir Ardennes noir, or, 2001. Tr\u00e8s bon \u00e9tat, complet cl\u00e9s\/clochette\/cadenas. Pi\u00e8ce rare et excellent investissement Herm\u00e8s vintage.","robots":{"index":"index","follow":"follow","max-snippet":"max-snippet:-1","max-image-preview":"max-image-preview:large","max-video-preview":"max-video-preview:-1"},"canonical":"https:\/\/thevintagetraveler.com\/en\/produit\/hermes-birkin-30-ardennes-noir-or-2001\/","og_locale":"en_US","og_type":"article","og_title":"Herm\u00e8s Birkin 30 Ardennes Noir Or 2001 | Rare & Iconique","og_description":"Birkin 30 Herm\u00e8s en cuir Ardennes noir, or, 2001. Tr\u00e8s bon \u00e9tat, complet cl\u00e9s\/clochette\/cadenas. Pi\u00e8ce rare et excellent investissement Herm\u00e8s vintage.","og_url":"https:\/\/thevintagetraveler.com\/en\/produit\/hermes-birkin-30-ardennes-noir-or-2001\/","og_site_name":"TheVintageTraveler","article_publisher":"https:\/\/www.facebook.com\/TheVintageTravelerFR\/","article_modified_time":"2026-04-14T08:39:57+00:00","og_image":[{"width":2560,"height":2560,"url":"https:\/\/thevintagetraveler.com\/wp-content\/uploads\/2025\/12\/20251205_111024.jpg","type":"image\/jpeg"}],"twitter_card":"summary_large_image","twitter_misc":{"Est. reading time":"3 minutes"},"schema":{"@context":"https:\/\/schema.org","@graph":[{"@type":"WebPage","@id":"https:\/\/thevintagetraveler.com\/en\/produit\/hermes-birkin-30-ardennes-noir-or-2001\/","url":"https:\/\/thevintagetraveler.com\/en\/produit\/hermes-birkin-30-ardennes-noir-or-2001\/","name":"Herm\u00e8s Birkin 30 Ardennes Noir Or 2001 | Rare & Iconique","isPartOf":{"@id":"https:\/\/thevintagetraveler.com\/en\/#website"},"primaryImageOfPage":{"@id":"https:\/\/thevintagetraveler.com\/en\/produit\/hermes-birkin-30-ardennes-noir-or-2001\/#primaryimage"},"image":{"@id":"https:\/\/thevintagetraveler.com\/en\/produit\/hermes-birkin-30-ardennes-noir-or-2001\/#primaryimage"},"thumbnailUrl":"https:\/\/thevintagetraveler.com\/wp-content\/uploads\/2025\/12\/20251205_111024.jpg","datePublished":"2024-12-05T14:21:36+00:00","dateModified":"2026-04-14T08:39:57+00:00","description":"Birkin 30 Herm\u00e8s en cuir Ardennes noir, or, 2001. Tr\u00e8s bon \u00e9tat, complet cl\u00e9s\/clochette\/cadenas. Pi\u00e8ce rare et excellent investissement Herm\u00e8s vintage.","breadcrumb":{"@id":"https:\/\/thevintagetraveler.com\/en\/produit\/hermes-birkin-30-ardennes-noir-or-2001\/#breadcrumb"},"inLanguage":"en-US","potentialAction":[{"@type":"ReadAction","target":["https:\/\/thevintagetraveler.com\/en\/produit\/hermes-birkin-30-ardennes-noir-or-2001\/"]}]},{"@type":"ImageObject","inLanguage":"en-US","@id":"https:\/\/thevintagetraveler.com\/en\/produit\/hermes-birkin-30-ardennes-noir-or-2001\/#primaryimage","url":"https:\/\/thevintagetraveler.com\/wp-content\/uploads\/2025\/12\/20251205_111024.jpg","contentUrl":"https:\/\/thevintagetraveler.com\/wp-content\/uploads\/2025\/12\/20251205_111024.jpg","width":2560,"height":2560,"caption":"sac Herm\u00e8s Birkin 30 cuir Ardennes noir 2001"},{"@type":"BreadcrumbList","@id":"https:\/\/thevintagetraveler.com\/en\/produit\/hermes-birkin-30-ardennes-noir-or-2001\/#breadcrumb","itemListElement":[{"@type":"ListItem","position":1,"name":"Accueil","item":"https:\/\/thevintagetraveler.com\/en\/"},{"@type":"ListItem","position":2,"name":"Shop","item":"https:\/\/thevintagetraveler.com\/shop\/"},{"@type":"ListItem","position":3,"name":"Sac Herm\u00e8s Birkin 30 Ardennes Noir"}]},{"@type":"WebSite","@id":"https:\/\/thevintagetraveler.com\/en\/#website","url":"https:\/\/thevintagetraveler.com\/en\/","name":"TheVintageTraveler","description":"Luxury experts in Louis Vuitton, Chanel &amp; Herm\u00e8s","publisher":{"@id":"https:\/\/thevintagetraveler.com\/en\/#organization"},"potentialAction":[{"@type":"SearchAction","target":{"@type":"EntryPoint","urlTemplate":"https:\/\/thevintagetraveler.com\/en\/?s={search_term_string}"},"query-input":{"@type":"PropertyValueSpecification","valueRequired":true,"valueName":"search_term_string"}}],"inLanguage":"en-US"},{"@type":"Organization","@id":"https:\/\/thevintagetraveler.com\/en\/#organization","name":"TheVintageTraveler","url":"https:\/\/thevintagetraveler.com\/en\/","logo":{"@type":"ImageObject","inLanguage":"en-US","@id":"https:\/\/thevintagetraveler.com\/en\/#\/schema\/logo\/image\/","url":"https:\/\/thevintagetraveler.com\/wp-content\/uploads\/2025\/04\/LOGO-THE-VINTAGE-TRAVELER-FINAL-e1745392697678.png","contentUrl":"https:\/\/thevintagetraveler.com\/wp-content\/uploads\/2025\/04\/LOGO-THE-VINTAGE-TRAVELER-FINAL-e1745392697678.png","width":798,"height":318,"caption":"TheVintageTraveler"},"image":{"@id":"https:\/\/thevintagetraveler.com\/en\/#\/schema\/logo\/image\/"},"sameAs":["https:\/\/www.facebook.com\/TheVintageTravelerFR\/","https:\/\/www.instagram.com\/the_vintagetraveler"]}]}},"_links":{"self":[{"href":"https:\/\/thevintagetraveler.com\/en\/wp-json\/wp\/v2\/product\/6839","targetHints":{"allow":["GET"]}}],"collection":[{"href":"https:\/\/thevintagetraveler.com\/en\/wp-json\/wp\/v2\/product"}],"about":[{"href":"https:\/\/thevintagetraveler.com\/en\/wp-json\/wp\/v2\/types\/product"}],"wp:featuredmedia":[{"embeddable":true,"href":"https:\/\/thevintagetraveler.com\/en\/wp-json\/wp\/v2\/media\/6850"}],"wp:attachment":[{"href":"https:\/\/thevintagetraveler.com\/en\/wp-json\/wp\/v2\/media?parent=6839"}],"wp:term":[{"taxonomy":"product_brand","embeddable":true,"href":"https:\/\/thevintagetraveler.com\/en\/wp-json\/wp\/v2\/product_brand?post=6839"},{"taxonomy":"product_cat","embeddable":true,"href":"https:\/\/thevintagetraveler.com\/en\/wp-json\/wp\/v2\/product_cat?post=6839"},{"taxonomy":"product_tag","embeddable":true,"href":"https:\/\/thevintagetraveler.com\/en\/wp-json\/wp\/v2\/product_tag?post=6839"}],"curies":[{"name":"wp","href":"https:\/\/api.w.org\/{rel}","templated":true}]}}