{"id":6852,"date":"2024-12-05T15:31:27","date_gmt":"2024-12-05T14:31:27","guid":{"rendered":"https:\/\/thevintagetraveler.com\/?post_type=product&#038;p=6852"},"modified":"2025-12-09T18:11:01","modified_gmt":"2025-12-09T17:11:01","slug":"hermes-hac-50-noir-togo-palladium-2011","status":"publish","type":"product","link":"https:\/\/thevintagetraveler.com\/en\/produit\/hermes-hac-50-noir-togo-palladium-2011\/","title":{"rendered":"Sac Herm\u00e8s HAC 50 Noir Togo Palladium"},"content":{"rendered":"<h3 data-start=\"1095\" data-end=\"1159\">Sac Herm\u00e8s HAC 50 \u2013 Noir, Cuir Togo, Palladium, Ann\u00e9e 2011<\/h3>\n<p data-start=\"1161\" data-end=\"1455\">Ce <strong data-start=\"1164\" data-end=\"1200\">Herm\u00e8s Haut \u00e0 Courroies (HAC) 50<\/strong>, en <strong data-start=\"1205\" data-end=\"1223\">cuir Togo noir<\/strong> avec <strong data-start=\"1229\" data-end=\"1253\">bijouterie palladium<\/strong>, dat\u00e9 de <strong data-start=\"1263\" data-end=\"1271\">2011<\/strong>, est une <strong data-start=\"1281\" data-end=\"1302\">pi\u00e8ce monumentale<\/strong>, rare et tr\u00e8s recherch\u00e9e. Le <a href=\"https:\/\/thevintagetraveler.com\/renouveau-marche-hermes-vintage-2025\/\">HAC<\/a>, anc\u00eatre du Birkin, est le mod\u00e8le originel des grands sacs <a href=\"https:\/\/thevintagetraveler.com\/estimation-sac-de-luxe-hermes-chanel\/\">Herm\u00e8s<\/a>, pens\u00e9 pour accompagner les cavaliers et voyageurs.<\/p>\n<p data-start=\"1457\" data-end=\"1664\">Dans cette taille <strong data-start=\"1475\" data-end=\"1484\">50 cm<\/strong>, il est devenu une <strong data-start=\"1504\" data-end=\"1527\">ic\u00f4ne de collection<\/strong>, difficile \u00e0 trouver en <strong data-start=\"1552\" data-end=\"1569\">tr\u00e8s bon \u00e9tat<\/strong> comme celui-ci, et constitue un <strong data-start=\"1602\" data-end=\"1639\">investissement patrimonial majeur<\/strong> dans l\u2019univers Herm\u00e8s.<\/p>\n<hr data-start=\"1666\" data-end=\"1669\" \/>\n<h3 data-start=\"1671\" data-end=\"1724\">Le HAC : l\u2019anc\u00eatre du Birkin, un symbole Herm\u00e8s<\/h3>\n<ul data-start=\"1726\" data-end=\"2095\">\n<li data-start=\"1726\" data-end=\"1806\">\n<p data-start=\"1728\" data-end=\"1806\">Le <strong data-start=\"1731\" data-end=\"1751\">Haut \u00e0 Courroies<\/strong> est l\u2019un des tout premiers mod\u00e8les cr\u00e9\u00e9s par Herm\u00e8s.<\/p>\n<\/li>\n<li data-start=\"1807\" data-end=\"1895\">\n<p data-start=\"1809\" data-end=\"1895\">Plus <strong data-start=\"1814\" data-end=\"1822\">haut<\/strong>, plus <strong data-start=\"1829\" data-end=\"1842\">structur\u00e9<\/strong> et plus <strong data-start=\"1851\" data-end=\"1868\">architectural<\/strong> que le Birkin classique.<\/p>\n<\/li>\n<li data-start=\"1896\" data-end=\"2095\">\n<p data-start=\"1898\" data-end=\"1981\">Le format <strong data-start=\"1908\" data-end=\"1917\">50 cm<\/strong> est impressionnant, rare et particuli\u00e8rement recherch\u00e9 pour :<\/p>\n<ul data-start=\"1984\" data-end=\"2095\">\n<li data-start=\"1984\" data-end=\"2002\">\n<p data-start=\"1986\" data-end=\"2002\">la collection,<\/p>\n<\/li>\n<li data-start=\"2005\" data-end=\"2039\">\n<p data-start=\"2007\" data-end=\"2039\">l\u2019usage en sac de voyage luxe,<\/p>\n<\/li>\n<li data-start=\"2042\" data-end=\"2095\">\n<p data-start=\"2044\" data-end=\"2095\">la d\u00e9coration (pi\u00e8ce statement dans un dressing).<\/p>\n<\/li>\n<\/ul>\n<\/li>\n<\/ul>\n<p data-start=\"2097\" data-end=\"2187\">Un HAC 50 en cuir Togo noir de 2011 est une <strong data-start=\"2141\" data-end=\"2161\">opportunit\u00e9 rare<\/strong>, surtout dans cet \u00e9tat.<\/p>\n<hr data-start=\"2189\" data-end=\"2192\" \/>\n<h3 data-start=\"2194\" data-end=\"2259\">Cuir Togo noir &amp; palladium : \u00e9l\u00e9gance moderne et robustesse<\/h3>\n<ul data-start=\"2261\" data-end=\"2630\">\n<li data-start=\"2261\" data-end=\"2371\">\n<p data-start=\"2263\" data-end=\"2371\"><strong data-start=\"2263\" data-end=\"2276\">Cuir Togo<\/strong> : grain\u00e9, souple, durable, l\u2019un des cuirs les plus appr\u00e9ci\u00e9s pour les grands formats Herm\u00e8s.<\/p>\n<\/li>\n<li data-start=\"2372\" data-end=\"2464\">\n<p data-start=\"2374\" data-end=\"2464\">Le Togo conserve une structure parfaite et vieillit tr\u00e8s bien m\u00eame dans les tailles XXL.<\/p>\n<\/li>\n<li data-start=\"2465\" data-end=\"2521\">\n<p data-start=\"2467\" data-end=\"2521\"><strong data-start=\"2467\" data-end=\"2484\">Couleur noire<\/strong> : intemporelle, chic, ind\u00e9modable.<\/p>\n<\/li>\n<li data-start=\"2522\" data-end=\"2630\">\n<p data-start=\"2524\" data-end=\"2630\"><strong data-start=\"2524\" data-end=\"2547\">Finitions palladium<\/strong> : une touche moderne, froide et \u00e9l\u00e9gante qui se marie parfaitement avec le noir.<\/p>\n<\/li>\n<\/ul>\n<p data-start=\"2632\" data-end=\"2686\">L&#8217;ensemble cr\u00e9e un sac puissant, \u00e9l\u00e9gant et luxueux.<\/p>\n<hr data-start=\"2688\" data-end=\"2691\" \/>\n<h3 data-start=\"2693\" data-end=\"2726\">Caract\u00e9ristiques du produit<\/h3>\n<ul data-start=\"2728\" data-end=\"3199\">\n<li data-start=\"2728\" data-end=\"2751\">\n<p data-start=\"2730\" data-end=\"2751\"><strong data-start=\"2730\" data-end=\"2742\">Marque :<\/strong> Herm\u00e8s<\/p>\n<\/li>\n<li data-start=\"2752\" data-end=\"2791\">\n<p data-start=\"2754\" data-end=\"2791\"><strong data-start=\"2754\" data-end=\"2766\">Mod\u00e8le :<\/strong> HAC (Haut \u00e0 Courroies)<\/p>\n<\/li>\n<li data-start=\"2792\" data-end=\"2814\">\n<p data-start=\"2794\" data-end=\"2814\"><strong data-start=\"2794\" data-end=\"2806\">Taille :<\/strong> 50 cm<\/p>\n<\/li>\n<li data-start=\"2815\" data-end=\"2835\">\n<p data-start=\"2817\" data-end=\"2835\"><strong data-start=\"2817\" data-end=\"2828\">Ann\u00e9e :<\/strong> 2011<\/p>\n<\/li>\n<li data-start=\"2836\" data-end=\"2863\">\n<p data-start=\"2838\" data-end=\"2863\"><strong data-start=\"2838\" data-end=\"2851\">Mati\u00e8re :<\/strong> <a href=\"https:\/\/thevintagetraveler.com\/guide-des-couleurs-hermes-par-type-de-cuir-tout-savoir-pour-choisir-son-sac-vintage\/\">Cuir<\/a> Togo<\/p>\n<\/li>\n<li data-start=\"2864\" data-end=\"2886\">\n<p data-start=\"2866\" data-end=\"2886\"><strong data-start=\"2866\" data-end=\"2879\">Couleur :<\/strong> Noir<\/p>\n<\/li>\n<li data-start=\"2887\" data-end=\"2928\">\n<p data-start=\"2889\" data-end=\"2928\"><strong data-start=\"2889\" data-end=\"2904\">Finitions :<\/strong> Palladium (argent\u00e9es)<\/p>\n<\/li>\n<li data-start=\"2929\" data-end=\"2949\">\n<p data-start=\"2931\" data-end=\"2949\"><strong data-start=\"2931\" data-end=\"2942\">Port\u00e9 :<\/strong> Main<\/p>\n<\/li>\n<li data-start=\"2950\" data-end=\"3039\">\n<p data-start=\"2952\" data-end=\"3039\"><strong data-start=\"2952\" data-end=\"2962\">\u00c9tat :<\/strong> Tr\u00e8s bon \u00e9tat \u2013 cuir propre, structure impeccable, quincaillerie brillante<\/p>\n<\/li>\n<li data-start=\"3121\" data-end=\"3199\">\n<p data-start=\"3123\" data-end=\"3199\"><strong data-start=\"3123\" data-end=\"3145\">Authentification :<\/strong> Certifi\u00e9 \u2013 livr\u00e9 avec certificat TheVintageTraveler<\/p>\n<\/li>\n<\/ul>\n<hr data-start=\"3201\" data-end=\"3204\" \/>\n<h3 data-start=\"3206\" data-end=\"3254\">Pourquoi ce HAC 50 est rare et recherch\u00e9 ?<\/h3>\n<ul data-start=\"3256\" data-end=\"3744\">\n<li data-start=\"3256\" data-end=\"3333\">\n<p data-start=\"3258\" data-end=\"3333\"><strong data-start=\"3258\" data-end=\"3271\">Taille 50<\/strong> : l\u2019une des plus difficiles \u00e0 trouver, surtout en bon \u00e9tat.<\/p>\n<\/li>\n<li data-start=\"3334\" data-end=\"3422\">\n<p data-start=\"3336\" data-end=\"3422\"><strong data-start=\"3336\" data-end=\"3354\">Cuir Togo noir<\/strong> : combinaison tr\u00e8s recherch\u00e9e pour sa robustesse et son \u00e9l\u00e9gance.<\/p>\n<\/li>\n<li data-start=\"3423\" data-end=\"3484\">\n<p data-start=\"3425\" data-end=\"3484\"><strong data-start=\"3425\" data-end=\"3448\">Finitions palladium<\/strong> : modernit\u00e9 et contraste superbe.<\/p>\n<\/li>\n<li data-start=\"3485\" data-end=\"3598\">\n<p data-start=\"3487\" data-end=\"3598\">Les HAC r\u00e9cents (post-2010) sont <strong data-start=\"3520\" data-end=\"3543\">rares sur le march\u00e9<\/strong>, la plupart \u00e9tant conserv\u00e9s par les collectionneurs.<\/p>\n<\/li>\n<li data-start=\"3599\" data-end=\"3744\">\n<p data-start=\"3601\" data-end=\"3624\">Pi\u00e8ce parfaite pour :<\/p>\n<ul data-start=\"3627\" data-end=\"3744\">\n<li data-start=\"3627\" data-end=\"3648\">\n<p data-start=\"3629\" data-end=\"3648\">collection Herm\u00e8s<\/p>\n<\/li>\n<li data-start=\"3651\" data-end=\"3671\">\n<p data-start=\"3653\" data-end=\"3671\">dressing de luxe<\/p>\n<\/li>\n<li data-start=\"3674\" data-end=\"3700\">\n<p data-start=\"3676\" data-end=\"3700\">usage en sac de voyage<\/p>\n<\/li>\n<li data-start=\"3703\" data-end=\"3744\">\n<p data-start=\"3705\" data-end=\"3744\">investissement patrimonial long terme<\/p>\n<\/li>\n<\/ul>\n<\/li>\n<\/ul>\n<hr data-start=\"3746\" data-end=\"3749\" \/>\n<h3 data-start=\"3751\" data-end=\"3791\">Un excellent investissement Herm\u00e8s<\/h3>\n<p data-start=\"3793\" data-end=\"3937\">Le HAC, surtout en tailles 45 et 50, conna\u00eet une <strong data-start=\"3842\" data-end=\"3874\">forte augmentation de valeur<\/strong> depuis quelques ann\u00e9es.<br data-start=\"3898\" data-end=\"3901\" \/>Ce mod\u00e8le coche toutes les cases :<\/p>\n<ul data-start=\"3939\" data-end=\"4128\">\n<li data-start=\"3939\" data-end=\"3962\">\n<p data-start=\"3941\" data-end=\"3962\">Format rare (50 cm)<\/p>\n<\/li>\n<li data-start=\"3963\" data-end=\"3986\">\n<p data-start=\"3965\" data-end=\"3986\">Cuir premium (Togo)<\/p>\n<\/li>\n<li data-start=\"3987\" data-end=\"4018\">\n<p data-start=\"3989\" data-end=\"4018\">Couleur intemporelle (noir)<\/p>\n<\/li>\n<li data-start=\"4019\" data-end=\"4056\">\n<p data-start=\"4021\" data-end=\"4056\">Finitions recherch\u00e9es (palladium)<\/p>\n<\/li>\n<li data-start=\"4057\" data-end=\"4074\">\n<p data-start=\"4059\" data-end=\"4074\">Tr\u00e8s bon \u00e9tat<\/p>\n<\/li>\n<\/ul>\n<p data-start=\"4130\" data-end=\"4206\">C\u2019est une <strong data-start=\"4140\" data-end=\"4203\">opportunit\u00e9 tr\u00e8s solide pour investir dans l\u2019univers Herm\u00e8s<\/strong>.<\/p>\n<hr data-start=\"4208\" data-end=\"4211\" \/>\n<h3 data-start=\"4213\" data-end=\"4261\">Pourquoi acheter chez TheVintageTraveler ?<\/h3>\n<p data-start=\"4263\" data-end=\"4317\">Chez <strong data-start=\"4268\" data-end=\"4290\">TheVintageTraveler<\/strong>, chaque sac Herm\u00e8s est :<\/p>\n<ul data-start=\"4319\" data-end=\"4602\">\n<li data-start=\"4319\" data-end=\"4367\">\n<p data-start=\"4321\" data-end=\"4367\"><strong data-start=\"4321\" data-end=\"4349\">Expertis\u00e9 et authentifi\u00e9<\/strong> m\u00e9thodiquement,<\/p>\n<\/li>\n<li data-start=\"4368\" data-end=\"4437\">\n<p data-start=\"4370\" data-end=\"4437\">s\u00e9lectionn\u00e9 pour sa <strong data-start=\"4390\" data-end=\"4434\">raret\u00e9 et son potentiel d\u2019investissement<\/strong>,<\/p>\n<\/li>\n<li data-start=\"4438\" data-end=\"4483\">\n<p data-start=\"4440\" data-end=\"4483\">livr\u00e9 avec <strong data-start=\"4451\" data-end=\"4480\">certificat d\u2019authenticit\u00e9<\/strong>,<\/p>\n<\/li>\n<li data-start=\"4484\" data-end=\"4547\">\n<p data-start=\"4486\" data-end=\"4547\">disponible en showroom au <strong data-start=\"4512\" data-end=\"4544\">March\u00e9 Serpette \u2013 Saint-Ouen<\/strong>,<\/p>\n<\/li>\n<li data-start=\"4548\" data-end=\"4602\">\n<p data-start=\"4550\" data-end=\"4602\">exp\u00e9di\u00e9 en <strong data-start=\"4561\" data-end=\"4599\">livraison s\u00e9curis\u00e9e internationale<\/strong>.<\/p>\n<\/li>\n<\/ul>\n<hr data-start=\"4604\" data-end=\"4607\" \/>\n<h3 data-start=\"4609\" data-end=\"4625\">Conclusion<\/h3>\n<p data-start=\"4627\" data-end=\"4788\">Ce <strong data-start=\"4630\" data-end=\"4665\">Herm\u00e8s HAC 50 noir en cuir Togo<\/strong>, dat\u00e9 de <strong data-start=\"4675\" data-end=\"4683\">2011<\/strong>, avec <strong data-start=\"4690\" data-end=\"4714\">bijouterie palladium<\/strong>, est une <strong data-start=\"4724\" data-end=\"4763\">pi\u00e8ce rare, \u00e9l\u00e9gante et monumentale<\/strong>, en <strong data-start=\"4768\" data-end=\"4785\">tr\u00e8s bon \u00e9tat<\/strong>.<\/p>\n<p data-start=\"4790\" data-end=\"4935\">Une opportunit\u00e9 exceptionnelle pour tout collectionneur ou investisseur recherchant un <strong data-start=\"4877\" data-end=\"4897\">HAC XXL iconique<\/strong>, presque introuvable sur le march\u00e9.<\/p>\n<p>Suivez &#8211; nous sur <a href=\"https:\/\/www.facebook.com\/TheVintageTravelerFR\">Facebook<\/a> et <a href=\"https:\/\/www.instagram.com\/the_vintagetraveler\/?igsh=aXdsbDJkdnpwZjcx#\">Instagram<\/a><\/p>\n","protected":false},"excerpt":{"rendered":"<p>Herm\u00e8s HAC 50 en cuir Togo noir, bijouterie palladium, 2011. Tr\u00e8s bon \u00e9tat. Pi\u00e8ce rare dans cette taille, iconique et hautement collectionnable.<\/p>\n","protected":false},"featured_media":6866,"template":"","meta":[],"product_brand":[],"product_cat":[280,274,289,290,279],"product_tag":[281,283],"class_list":{"0":"post-6852","1":"product","2":"type-product","3":"status-publish","4":"has-post-thumbnail","6":"product_cat-hermes","7":"product_cat-news","8":"product_cat-handbag","9":"product_cat-travel-bag","10":"product_cat-bags","11":"product_tag-hermes","12":"product_tag-hermeshac","14":"first","15":"outofstock","16":"sold-individually","17":"shipping-taxable","18":"purchasable","19":"product-type-simple"},"yoast_head":"<!-- This site is optimized with the Yoast SEO plugin v27.1.1 - https:\/\/yoast.com\/product\/yoast-seo-wordpress\/ -->\n<title>Herm\u00e8s HAC 50 Noir Togo Palladium 2011 | Rare &amp; Iconique<\/title>\n<meta name=\"description\" content=\"Herm\u00e8s HAC 50 en cuir Togo noir, palladium, 2011. Tr\u00e8s bon \u00e9tat, rare dans cette taille. Pi\u00e8ce iconique et excellent investissement Herm\u00e8s.\" \/>\n<meta name=\"robots\" content=\"index, follow, max-snippet:-1, max-image-preview:large, max-video-preview:-1\" \/>\n<link rel=\"canonical\" href=\"https:\/\/thevintagetraveler.com\/en\/produit\/hermes-hac-50-noir-togo-palladium-2011\/\" \/>\n<meta property=\"og:locale\" content=\"en_US\" \/>\n<meta property=\"og:type\" content=\"article\" \/>\n<meta property=\"og:title\" content=\"Herm\u00e8s HAC 50 Noir Togo Palladium 2011 | Rare &amp; Iconique\" \/>\n<meta property=\"og:description\" content=\"Herm\u00e8s HAC 50 en cuir Togo noir, palladium, 2011. Tr\u00e8s bon \u00e9tat, rare dans cette taille. Pi\u00e8ce iconique et excellent investissement Herm\u00e8s.\" \/>\n<meta property=\"og:url\" content=\"https:\/\/thevintagetraveler.com\/en\/produit\/hermes-hac-50-noir-togo-palladium-2011\/\" \/>\n<meta property=\"og:site_name\" content=\"TheVintageTraveler\" \/>\n<meta property=\"article:publisher\" content=\"https:\/\/www.facebook.com\/TheVintageTravelerFR\/\" \/>\n<meta property=\"article:modified_time\" content=\"2025-12-09T17:11:01+00:00\" \/>\n<meta property=\"og:image\" content=\"https:\/\/thevintagetraveler.com\/wp-content\/uploads\/2025\/12\/20251121_180820-1.jpg\" \/>\n\t<meta property=\"og:image:width\" content=\"2560\" \/>\n\t<meta property=\"og:image:height\" content=\"2560\" \/>\n\t<meta property=\"og:image:type\" content=\"image\/jpeg\" \/>\n<meta name=\"twitter:card\" content=\"summary_large_image\" \/>\n<meta name=\"twitter:label1\" content=\"Est. reading time\" \/>\n\t<meta name=\"twitter:data1\" content=\"3 minutes\" \/>\n<script type=\"application\/ld+json\" class=\"yoast-schema-graph\">{\"@context\":\"https:\/\/schema.org\",\"@graph\":[{\"@type\":\"WebPage\",\"@id\":\"https:\/\/thevintagetraveler.com\/en\/produit\/hermes-hac-50-noir-togo-palladium-2011\/\",\"url\":\"https:\/\/thevintagetraveler.com\/en\/produit\/hermes-hac-50-noir-togo-palladium-2011\/\",\"name\":\"Herm\u00e8s HAC 50 Noir Togo Palladium 2011 | Rare & Iconique\",\"isPartOf\":{\"@id\":\"https:\/\/thevintagetraveler.com\/en\/#website\"},\"primaryImageOfPage\":{\"@id\":\"https:\/\/thevintagetraveler.com\/en\/produit\/hermes-hac-50-noir-togo-palladium-2011\/#primaryimage\"},\"image\":{\"@id\":\"https:\/\/thevintagetraveler.com\/en\/produit\/hermes-hac-50-noir-togo-palladium-2011\/#primaryimage\"},\"thumbnailUrl\":\"https:\/\/thevintagetraveler.com\/wp-content\/uploads\/2025\/12\/20251121_180820-1.jpg\",\"datePublished\":\"2024-12-05T14:31:27+00:00\",\"dateModified\":\"2025-12-09T17:11:01+00:00\",\"description\":\"Herm\u00e8s HAC 50 en cuir Togo noir, palladium, 2011. Tr\u00e8s bon \u00e9tat, rare dans cette taille. Pi\u00e8ce iconique et excellent investissement Herm\u00e8s.\",\"breadcrumb\":{\"@id\":\"https:\/\/thevintagetraveler.com\/en\/produit\/hermes-hac-50-noir-togo-palladium-2011\/#breadcrumb\"},\"inLanguage\":\"en-US\",\"potentialAction\":[{\"@type\":\"ReadAction\",\"target\":[\"https:\/\/thevintagetraveler.com\/en\/produit\/hermes-hac-50-noir-togo-palladium-2011\/\"]}]},{\"@type\":\"ImageObject\",\"inLanguage\":\"en-US\",\"@id\":\"https:\/\/thevintagetraveler.com\/en\/produit\/hermes-hac-50-noir-togo-palladium-2011\/#primaryimage\",\"url\":\"https:\/\/thevintagetraveler.com\/wp-content\/uploads\/2025\/12\/20251121_180820-1.jpg\",\"contentUrl\":\"https:\/\/thevintagetraveler.com\/wp-content\/uploads\/2025\/12\/20251121_180820-1.jpg\",\"width\":2560,\"height\":2560,\"caption\":\"sac Herm\u00e8s HAC 50 cuir Togo noir palladium 2011\"},{\"@type\":\"BreadcrumbList\",\"@id\":\"https:\/\/thevintagetraveler.com\/en\/produit\/hermes-hac-50-noir-togo-palladium-2011\/#breadcrumb\",\"itemListElement\":[{\"@type\":\"ListItem\",\"position\":1,\"name\":\"Accueil\",\"item\":\"https:\/\/thevintagetraveler.com\/en\/\"},{\"@type\":\"ListItem\",\"position\":2,\"name\":\"Shop\",\"item\":\"https:\/\/thevintagetraveler.com\/shop\/\"},{\"@type\":\"ListItem\",\"position\":3,\"name\":\"Sac Herm\u00e8s HAC 50 Noir Togo Palladium\"}]},{\"@type\":\"WebSite\",\"@id\":\"https:\/\/thevintagetraveler.com\/en\/#website\",\"url\":\"https:\/\/thevintagetraveler.com\/en\/\",\"name\":\"TheVintageTraveler\",\"description\":\"Luxury experts in Louis Vuitton, Chanel &amp; Herm\u00e8s\",\"publisher\":{\"@id\":\"https:\/\/thevintagetraveler.com\/en\/#organization\"},\"potentialAction\":[{\"@type\":\"SearchAction\",\"target\":{\"@type\":\"EntryPoint\",\"urlTemplate\":\"https:\/\/thevintagetraveler.com\/en\/?s={search_term_string}\"},\"query-input\":{\"@type\":\"PropertyValueSpecification\",\"valueRequired\":true,\"valueName\":\"search_term_string\"}}],\"inLanguage\":\"en-US\"},{\"@type\":\"Organization\",\"@id\":\"https:\/\/thevintagetraveler.com\/en\/#organization\",\"name\":\"TheVintageTraveler\",\"url\":\"https:\/\/thevintagetraveler.com\/en\/\",\"logo\":{\"@type\":\"ImageObject\",\"inLanguage\":\"en-US\",\"@id\":\"https:\/\/thevintagetraveler.com\/en\/#\/schema\/logo\/image\/\",\"url\":\"https:\/\/thevintagetraveler.com\/wp-content\/uploads\/2025\/04\/LOGO-THE-VINTAGE-TRAVELER-FINAL-e1745392697678.png\",\"contentUrl\":\"https:\/\/thevintagetraveler.com\/wp-content\/uploads\/2025\/04\/LOGO-THE-VINTAGE-TRAVELER-FINAL-e1745392697678.png\",\"width\":798,\"height\":318,\"caption\":\"TheVintageTraveler\"},\"image\":{\"@id\":\"https:\/\/thevintagetraveler.com\/en\/#\/schema\/logo\/image\/\"},\"sameAs\":[\"https:\/\/www.facebook.com\/TheVintageTravelerFR\/\",\"https:\/\/www.instagram.com\/the_vintagetraveler\"]}]}<\/script>\n<!-- \/ Yoast SEO plugin. -->","yoast_head_json":{"title":"Herm\u00e8s HAC 50 Noir Togo Palladium 2011 | Rare & Iconique","description":"Herm\u00e8s HAC 50 en cuir Togo noir, palladium, 2011. Tr\u00e8s bon \u00e9tat, rare dans cette taille. Pi\u00e8ce iconique et excellent investissement Herm\u00e8s.","robots":{"index":"index","follow":"follow","max-snippet":"max-snippet:-1","max-image-preview":"max-image-preview:large","max-video-preview":"max-video-preview:-1"},"canonical":"https:\/\/thevintagetraveler.com\/en\/produit\/hermes-hac-50-noir-togo-palladium-2011\/","og_locale":"en_US","og_type":"article","og_title":"Herm\u00e8s HAC 50 Noir Togo Palladium 2011 | Rare & Iconique","og_description":"Herm\u00e8s HAC 50 en cuir Togo noir, palladium, 2011. Tr\u00e8s bon \u00e9tat, rare dans cette taille. Pi\u00e8ce iconique et excellent investissement Herm\u00e8s.","og_url":"https:\/\/thevintagetraveler.com\/en\/produit\/hermes-hac-50-noir-togo-palladium-2011\/","og_site_name":"TheVintageTraveler","article_publisher":"https:\/\/www.facebook.com\/TheVintageTravelerFR\/","article_modified_time":"2025-12-09T17:11:01+00:00","og_image":[{"width":2560,"height":2560,"url":"https:\/\/thevintagetraveler.com\/wp-content\/uploads\/2025\/12\/20251121_180820-1.jpg","type":"image\/jpeg"}],"twitter_card":"summary_large_image","twitter_misc":{"Est. reading time":"3 minutes"},"schema":{"@context":"https:\/\/schema.org","@graph":[{"@type":"WebPage","@id":"https:\/\/thevintagetraveler.com\/en\/produit\/hermes-hac-50-noir-togo-palladium-2011\/","url":"https:\/\/thevintagetraveler.com\/en\/produit\/hermes-hac-50-noir-togo-palladium-2011\/","name":"Herm\u00e8s HAC 50 Noir Togo Palladium 2011 | Rare & Iconique","isPartOf":{"@id":"https:\/\/thevintagetraveler.com\/en\/#website"},"primaryImageOfPage":{"@id":"https:\/\/thevintagetraveler.com\/en\/produit\/hermes-hac-50-noir-togo-palladium-2011\/#primaryimage"},"image":{"@id":"https:\/\/thevintagetraveler.com\/en\/produit\/hermes-hac-50-noir-togo-palladium-2011\/#primaryimage"},"thumbnailUrl":"https:\/\/thevintagetraveler.com\/wp-content\/uploads\/2025\/12\/20251121_180820-1.jpg","datePublished":"2024-12-05T14:31:27+00:00","dateModified":"2025-12-09T17:11:01+00:00","description":"Herm\u00e8s HAC 50 en cuir Togo noir, palladium, 2011. Tr\u00e8s bon \u00e9tat, rare dans cette taille. Pi\u00e8ce iconique et excellent investissement Herm\u00e8s.","breadcrumb":{"@id":"https:\/\/thevintagetraveler.com\/en\/produit\/hermes-hac-50-noir-togo-palladium-2011\/#breadcrumb"},"inLanguage":"en-US","potentialAction":[{"@type":"ReadAction","target":["https:\/\/thevintagetraveler.com\/en\/produit\/hermes-hac-50-noir-togo-palladium-2011\/"]}]},{"@type":"ImageObject","inLanguage":"en-US","@id":"https:\/\/thevintagetraveler.com\/en\/produit\/hermes-hac-50-noir-togo-palladium-2011\/#primaryimage","url":"https:\/\/thevintagetraveler.com\/wp-content\/uploads\/2025\/12\/20251121_180820-1.jpg","contentUrl":"https:\/\/thevintagetraveler.com\/wp-content\/uploads\/2025\/12\/20251121_180820-1.jpg","width":2560,"height":2560,"caption":"sac Herm\u00e8s HAC 50 cuir Togo noir palladium 2011"},{"@type":"BreadcrumbList","@id":"https:\/\/thevintagetraveler.com\/en\/produit\/hermes-hac-50-noir-togo-palladium-2011\/#breadcrumb","itemListElement":[{"@type":"ListItem","position":1,"name":"Accueil","item":"https:\/\/thevintagetraveler.com\/en\/"},{"@type":"ListItem","position":2,"name":"Shop","item":"https:\/\/thevintagetraveler.com\/shop\/"},{"@type":"ListItem","position":3,"name":"Sac Herm\u00e8s HAC 50 Noir Togo Palladium"}]},{"@type":"WebSite","@id":"https:\/\/thevintagetraveler.com\/en\/#website","url":"https:\/\/thevintagetraveler.com\/en\/","name":"TheVintageTraveler","description":"Luxury experts in Louis Vuitton, Chanel &amp; Herm\u00e8s","publisher":{"@id":"https:\/\/thevintagetraveler.com\/en\/#organization"},"potentialAction":[{"@type":"SearchAction","target":{"@type":"EntryPoint","urlTemplate":"https:\/\/thevintagetraveler.com\/en\/?s={search_term_string}"},"query-input":{"@type":"PropertyValueSpecification","valueRequired":true,"valueName":"search_term_string"}}],"inLanguage":"en-US"},{"@type":"Organization","@id":"https:\/\/thevintagetraveler.com\/en\/#organization","name":"TheVintageTraveler","url":"https:\/\/thevintagetraveler.com\/en\/","logo":{"@type":"ImageObject","inLanguage":"en-US","@id":"https:\/\/thevintagetraveler.com\/en\/#\/schema\/logo\/image\/","url":"https:\/\/thevintagetraveler.com\/wp-content\/uploads\/2025\/04\/LOGO-THE-VINTAGE-TRAVELER-FINAL-e1745392697678.png","contentUrl":"https:\/\/thevintagetraveler.com\/wp-content\/uploads\/2025\/04\/LOGO-THE-VINTAGE-TRAVELER-FINAL-e1745392697678.png","width":798,"height":318,"caption":"TheVintageTraveler"},"image":{"@id":"https:\/\/thevintagetraveler.com\/en\/#\/schema\/logo\/image\/"},"sameAs":["https:\/\/www.facebook.com\/TheVintageTravelerFR\/","https:\/\/www.instagram.com\/the_vintagetraveler"]}]}},"_links":{"self":[{"href":"https:\/\/thevintagetraveler.com\/en\/wp-json\/wp\/v2\/product\/6852","targetHints":{"allow":["GET"]}}],"collection":[{"href":"https:\/\/thevintagetraveler.com\/en\/wp-json\/wp\/v2\/product"}],"about":[{"href":"https:\/\/thevintagetraveler.com\/en\/wp-json\/wp\/v2\/types\/product"}],"wp:featuredmedia":[{"embeddable":true,"href":"https:\/\/thevintagetraveler.com\/en\/wp-json\/wp\/v2\/media\/6866"}],"wp:attachment":[{"href":"https:\/\/thevintagetraveler.com\/en\/wp-json\/wp\/v2\/media?parent=6852"}],"wp:term":[{"taxonomy":"product_brand","embeddable":true,"href":"https:\/\/thevintagetraveler.com\/en\/wp-json\/wp\/v2\/product_brand?post=6852"},{"taxonomy":"product_cat","embeddable":true,"href":"https:\/\/thevintagetraveler.com\/en\/wp-json\/wp\/v2\/product_cat?post=6852"},{"taxonomy":"product_tag","embeddable":true,"href":"https:\/\/thevintagetraveler.com\/en\/wp-json\/wp\/v2\/product_tag?post=6852"}],"curies":[{"name":"wp","href":"https:\/\/api.w.org\/{rel}","templated":true}]}}