{"id":7049,"date":"2025-12-16T14:08:39","date_gmt":"2025-12-16T13:08:39","guid":{"rendered":"https:\/\/thevintagetraveler.com\/?post_type=product&#038;p=7049"},"modified":"2025-12-16T14:27:03","modified_gmt":"2025-12-16T13:27:03","slug":"boite-a-tout-louis-vuitton-monogram-tres-bon-etat","status":"publish","type":"product","link":"https:\/\/thevintagetraveler.com\/en\/produit\/boite-a-tout-louis-vuitton-monogram-tres-bon-etat\/","title":{"rendered":"Boite \u00e0 tout Louis Vuitton monogram"},"content":{"rendered":"<h3 data-start=\"1073\" data-end=\"1150\">Bo\u00eete \u00e0 Tout Louis Vuitton \u2013 Toile Monogram, Poign\u00e9e Neuve, Tr\u00e8s Bon \u00c9tat<\/h3>\n<p data-start=\"1152\" data-end=\"1521\">Cette <strong data-start=\"1158\" data-end=\"1188\">bo\u00eete \u00e0 tout Louis Vuitton<\/strong> en <strong data-start=\"1192\" data-end=\"1210\">toile Monogram<\/strong> est un <strong data-start=\"1218\" data-end=\"1254\">accessoire iconique de la maison<\/strong>, pens\u00e9 pour allier <strong data-start=\"1274\" data-end=\"1318\">fonctionnalit\u00e9, \u00e9l\u00e9gance et savoir-faire<\/strong>. Propos\u00e9e en <strong data-start=\"1332\" data-end=\"1349\">tr\u00e8s bon \u00e9tat<\/strong>, elle b\u00e9n\u00e9ficie d\u2019un <strong data-start=\"1371\" data-end=\"1387\">atout majeur<\/strong> : sa <strong data-start=\"1393\" data-end=\"1449\">poign\u00e9e a \u00e9t\u00e9 enti\u00e8rement refaite chez Louis Vuitton<\/strong>, garantissant une remise en \u00e9tat officielle et une durabilit\u00e9 optimale.<\/p>\n<p data-start=\"1523\" data-end=\"1728\">Avec ses dimensions <strong data-start=\"1543\" data-end=\"1605\">22 cm de large \u00d7 14,5 cm de profondeur \u00d7 9,5 cm de hauteur<\/strong>, cette bo\u00eete offre un <strong data-start=\"1628\" data-end=\"1660\">format compact et polyvalent<\/strong>, id\u00e9al pour organiser et prot\u00e9ger vos effets personnels avec style.<\/p>\n<hr data-start=\"1730\" data-end=\"1733\" \/>\n<h3 data-start=\"1735\" data-end=\"1777\">Un accessoire Louis Vuitton intemporel<\/h3>\n<ul data-start=\"1779\" data-end=\"2167\">\n<li data-start=\"1779\" data-end=\"1881\">\n<p data-start=\"1781\" data-end=\"1881\">La <strong data-start=\"1784\" data-end=\"1800\">bo\u00eete \u00e0 tout<\/strong> est un grand classique <a href=\"https:\/\/thevintagetraveler.com\/valeur-malle-louis-vuitton\/\">Louis Vuitton<\/a>, appr\u00e9ci\u00e9 pour sa praticit\u00e9 au quotidien.<\/p>\n<\/li>\n<li data-start=\"1882\" data-end=\"1978\">\n<p data-start=\"1884\" data-end=\"1978\">Son design sobre met en valeur la <strong data-start=\"1918\" data-end=\"1945\">toile Monogram iconique<\/strong>, imm\u00e9diatement reconnaissable.<\/p>\n<\/li>\n<li data-start=\"1979\" data-end=\"2080\">\n<p data-start=\"1981\" data-end=\"2080\">Elle s\u2019int\u00e8gre aussi bien dans un univers <strong data-start=\"2023\" data-end=\"2033\">voyage<\/strong>, <strong data-start=\"2035\" data-end=\"2045\">bureau<\/strong>, <strong data-start=\"2047\" data-end=\"2059\">dressing<\/strong> ou <strong data-start=\"2063\" data-end=\"2077\">d\u00e9coration<\/strong>.<\/p>\n<\/li>\n<li data-start=\"2081\" data-end=\"2167\">\n<p data-start=\"2083\" data-end=\"2167\">Objet \u00e0 la fois <strong data-start=\"2099\" data-end=\"2122\">utile et esth\u00e9tique<\/strong>, recherch\u00e9 par les amateurs de luxe discret.<\/p>\n<\/li>\n<\/ul>\n<hr data-start=\"2169\" data-end=\"2172\" \/>\n<h3 data-start=\"2174\" data-end=\"2215\">Toile Monogram &amp; finitions de qualit\u00e9<\/h3>\n<ul data-start=\"2217\" data-end=\"2570\">\n<li data-start=\"2217\" data-end=\"2293\">\n<p data-start=\"2219\" data-end=\"2293\"><strong data-start=\"2219\" data-end=\"2251\">Toile Monogram Louis Vuitton<\/strong> : r\u00e9sistante, \u00e9l\u00e9gante et intemporelle.<\/p>\n<\/li>\n<li data-start=\"2294\" data-end=\"2391\">\n<p data-start=\"2296\" data-end=\"2391\"><strong data-start=\"2296\" data-end=\"2313\">Poign\u00e9e neuve<\/strong>, refaite directement chez Louis Vuitton, gage d\u2019authenticit\u00e9 et de qualit\u00e9.<\/p>\n<\/li>\n<li data-start=\"2392\" data-end=\"2467\">\n<p data-start=\"2394\" data-end=\"2467\">Finitions soign\u00e9es, structure rigide et protection optimale du contenu.<\/p>\n<\/li>\n<li data-start=\"2468\" data-end=\"2570\">\n<p data-start=\"2470\" data-end=\"2570\">Un \u00e9tat remarquable pour ce type d\u2019accessoire, tr\u00e8s recherch\u00e9 sur le march\u00e9 vintage et semi-vintage.<\/p>\n<\/li>\n<\/ul>\n<hr data-start=\"2572\" data-end=\"2575\" \/>\n<h3 data-start=\"2577\" data-end=\"2608\">Caract\u00e9ristiques du produit<\/h3>\n<ul data-start=\"2610\" data-end=\"3034\">\n<li data-start=\"2610\" data-end=\"2640\">\n<p data-start=\"2612\" data-end=\"2640\"><strong data-start=\"2612\" data-end=\"2624\">Marque :<\/strong> Louis Vuitton<\/p>\n<\/li>\n<li data-start=\"2641\" data-end=\"2670\">\n<p data-start=\"2643\" data-end=\"2670\"><strong data-start=\"2643\" data-end=\"2655\">Mod\u00e8le :<\/strong> Bo\u00eete \u00e0 tout<\/p>\n<\/li>\n<li data-start=\"2671\" data-end=\"2703\">\n<p data-start=\"2673\" data-end=\"2703\"><strong data-start=\"2673\" data-end=\"2686\">Mati\u00e8re :<\/strong> Toile Monogram<\/p>\n<\/li>\n<li data-start=\"2704\" data-end=\"2808\">\n<p data-start=\"2706\" data-end=\"2724\"><strong data-start=\"2706\" data-end=\"2722\">Dimensions :<\/strong><\/p>\n<ul data-start=\"2727\" data-end=\"2808\">\n<li data-start=\"2727\" data-end=\"2750\">\n<p data-start=\"2729\" data-end=\"2750\">Largeur : <strong data-start=\"2739\" data-end=\"2748\">22 cm<\/strong><\/p>\n<\/li>\n<li data-start=\"2753\" data-end=\"2781\">\n<p data-start=\"2755\" data-end=\"2781\">Profondeur : <strong data-start=\"2768\" data-end=\"2779\">14,5 cm<\/strong><\/p>\n<\/li>\n<li data-start=\"2784\" data-end=\"2808\">\n<p data-start=\"2786\" data-end=\"2808\">Hauteur : <strong data-start=\"2796\" data-end=\"2806\">9,5 cm<\/strong><\/p>\n<\/li>\n<\/ul>\n<\/li>\n<li data-start=\"2809\" data-end=\"2837\">\n<p data-start=\"2811\" data-end=\"2837\"><strong data-start=\"2811\" data-end=\"2821\">\u00c9tat :<\/strong> Tr\u00e8s bon \u00e9tat<\/p>\n<\/li>\n<li data-start=\"2838\" data-end=\"2901\">\n<p data-start=\"2840\" data-end=\"2901\"><strong data-start=\"2840\" data-end=\"2858\">Restauration :<\/strong> Poign\u00e9e neuve refaite chez Louis Vuitton<\/p>\n<\/li>\n<li data-start=\"2902\" data-end=\"2955\">\n<p data-start=\"2904\" data-end=\"2955\"><strong data-start=\"2904\" data-end=\"2915\">Usage :<\/strong> Rangement, voyage, bureau, d\u00e9coration<\/p>\n<\/li>\n<li data-start=\"2956\" data-end=\"3034\">\n<p data-start=\"2958\" data-end=\"3034\"><strong data-start=\"2958\" data-end=\"2980\">Authentification :<\/strong> Certifi\u00e9e \u2013 livr\u00e9e avec certificat TheVintageTraveler<\/p>\n<\/li>\n<\/ul>\n<hr data-start=\"3036\" data-end=\"3039\" \/>\n<h3 data-start=\"3041\" data-end=\"3076\">Un objet pratique et polyvalent<\/h3>\n<p data-start=\"3078\" data-end=\"3130\">Cette bo\u00eete \u00e0 tout Louis Vuitton est parfaite pour :<\/p>\n<ul data-start=\"3132\" data-end=\"3356\">\n<li data-start=\"3132\" data-end=\"3182\">\n<p data-start=\"3134\" data-end=\"3182\">ranger des <strong data-start=\"3145\" data-end=\"3160\">accessoires<\/strong>, bijoux ou montres,<\/p>\n<\/li>\n<li data-start=\"3183\" data-end=\"3242\">\n<p data-start=\"3185\" data-end=\"3242\">organiser des <strong data-start=\"3199\" data-end=\"3229\">documents ou petits objets<\/strong> au bureau,<\/p>\n<\/li>\n<li data-start=\"3243\" data-end=\"3295\">\n<p data-start=\"3245\" data-end=\"3295\">accompagner des <strong data-start=\"3261\" data-end=\"3272\">voyages<\/strong> comme \u00e9crin \u00e9l\u00e9gant,<\/p>\n<\/li>\n<li data-start=\"3296\" data-end=\"3356\">\n<p data-start=\"3298\" data-end=\"3356\">apporter une <strong data-start=\"3311\" data-end=\"3337\">touche d\u00e9corative luxe<\/strong> dans un int\u00e9rieur.<\/p>\n<\/li>\n<\/ul>\n<p data-start=\"3358\" data-end=\"3442\">Son format compact permet une utilisation quotidienne sans compromis sur l\u2019\u00e9l\u00e9gance.<\/p>\n<hr data-start=\"3444\" data-end=\"3447\" \/>\n<h3 data-start=\"3449\" data-end=\"3497\">Pourquoi cette bo\u00eete \u00e0 tout est recherch\u00e9e ?<\/h3>\n<ul data-start=\"3499\" data-end=\"3798\">\n<li data-start=\"3499\" data-end=\"3559\">\n<p data-start=\"3501\" data-end=\"3559\">Accessoire <strong data-start=\"3512\" data-end=\"3538\">iconique Louis Vuitton<\/strong>, toujours demand\u00e9.<\/p>\n<\/li>\n<li data-start=\"3560\" data-end=\"3613\">\n<p data-start=\"3562\" data-end=\"3613\">Toile Monogram intemporelle et facile \u00e0 assortir.<\/p>\n<\/li>\n<li data-start=\"3614\" data-end=\"3697\">\n<p data-start=\"3616\" data-end=\"3697\"><strong data-start=\"3616\" data-end=\"3644\">Poign\u00e9e neuve officielle<\/strong>, un vrai plus en termes de valeur et de long\u00e9vit\u00e9.<\/p>\n<\/li>\n<li data-start=\"3698\" data-end=\"3752\">\n<p data-start=\"3700\" data-end=\"3752\">Tr\u00e8s bon \u00e9tat g\u00e9n\u00e9ral, rare pour ce type de pi\u00e8ce.<\/p>\n<\/li>\n<li data-start=\"3753\" data-end=\"3798\">\n<p data-start=\"3755\" data-end=\"3798\">Excellent <strong data-start=\"3765\" data-end=\"3797\">rapport utilit\u00e9 \/ collection<\/strong>.<\/p>\n<\/li>\n<\/ul>\n<hr data-start=\"3800\" data-end=\"3803\" \/>\n<h3 data-start=\"3805\" data-end=\"3841\">Un excellent choix Louis Vuitton<\/h3>\n<ul data-start=\"3843\" data-end=\"4116\">\n<li data-start=\"3843\" data-end=\"3921\">\n<p data-start=\"3845\" data-end=\"3921\">Les accessoires Louis Vuitton de qualit\u00e9 conservent tr\u00e8s bien leur valeur.<\/p>\n<\/li>\n<li data-start=\"3922\" data-end=\"4013\">\n<p data-start=\"3924\" data-end=\"4013\">La bo\u00eete \u00e0 tout est un <strong data-start=\"3947\" data-end=\"3969\">indispensable chic<\/strong>, souvent difficile \u00e0 trouver en bel \u00e9tat.<\/p>\n<\/li>\n<li data-start=\"4014\" data-end=\"4116\">\n<p data-start=\"4016\" data-end=\"4116\">Une pi\u00e8ce id\u00e9ale pour un <strong data-start=\"4041\" data-end=\"4072\">premier achat Louis Vuitton<\/strong> ou pour compl\u00e9ter une collection existante.<\/p>\n<\/li>\n<\/ul>\n<hr data-start=\"4118\" data-end=\"4121\" \/>\n<h3 data-start=\"4123\" data-end=\"4169\">Pourquoi acheter chez TheVintageTraveler ?<\/h3>\n<p data-start=\"4171\" data-end=\"4232\">Chez <strong data-start=\"4176\" data-end=\"4198\">TheVintageTraveler<\/strong>, chaque pi\u00e8ce Louis Vuitton est :<\/p>\n<ul data-start=\"4234\" data-end=\"4511\">\n<li data-start=\"4234\" data-end=\"4282\">\n<p data-start=\"4236\" data-end=\"4282\"><strong data-start=\"4236\" data-end=\"4266\">Expertis\u00e9e et authentifi\u00e9e<\/strong> avec rigueur,<\/p>\n<\/li>\n<li data-start=\"4283\" data-end=\"4357\">\n<p data-start=\"4285\" data-end=\"4357\">s\u00e9lectionn\u00e9e pour son <strong data-start=\"4307\" data-end=\"4354\">\u00e9tat, sa qualit\u00e9 et son int\u00e9r\u00eat patrimonial<\/strong>,<\/p>\n<\/li>\n<li data-start=\"4358\" data-end=\"4404\">\n<p data-start=\"4360\" data-end=\"4404\">livr\u00e9e avec <strong data-start=\"4372\" data-end=\"4401\">certificat d\u2019authenticit\u00e9<\/strong>,<\/p>\n<\/li>\n<li data-start=\"4405\" data-end=\"4511\">\n<p data-start=\"4407\" data-end=\"4511\">disponible en showroom au <strong data-start=\"4433\" data-end=\"4465\">March\u00e9 Serpette \u2013 Saint-Ouen<\/strong> ou en <strong data-start=\"4472\" data-end=\"4510\">livraison internationale s\u00e9curis\u00e9e<\/strong>.<\/p>\n<\/li>\n<\/ul>\n<hr data-start=\"4513\" data-end=\"4516\" \/>\n<h3 data-start=\"4518\" data-end=\"4532\">Conclusion<\/h3>\n<p data-start=\"4534\" data-end=\"4842\">Cette <strong data-start=\"4540\" data-end=\"4588\">bo\u00eete \u00e0 tout Louis Vuitton en toile Monogram<\/strong>, en <strong data-start=\"4593\" data-end=\"4610\">tr\u00e8s bon \u00e9tat<\/strong>, avec <strong data-start=\"4617\" data-end=\"4661\">poign\u00e9e neuve refaite chez Louis Vuitton<\/strong>, est un <strong data-start=\"4670\" data-end=\"4714\">accessoire iconique, pratique et \u00e9l\u00e9gant<\/strong>. Son format compact et son excellent \u00e9tat en font une <strong data-start=\"4769\" data-end=\"4841\">pi\u00e8ce id\u00e9ale pour un usage quotidien ou une collection Louis Vuitton<\/strong>.<\/p>\n<p>Suivez &#8211; nous sur <a href=\"https:\/\/www.facebook.com\/TheVintageTravelerFR\">Facebook<\/a> et <a href=\"https:\/\/www.instagram.com\/the_vintagetraveler\/?igsh=aXdsbDJkdnpwZjcx#\">Instagram<\/a><\/p>\n","protected":false},"excerpt":{"rendered":"<p>Bo\u00eete \u00e0 tout Louis Vuitton en toile Monogram, tr\u00e8s bon \u00e9tat. Poign\u00e9e neuve refaite chez Louis Vuitton. Dimensions 22\u00d714,5\u00d79,5 cm. Objet iconique certifi\u00e9.<\/p>\n","protected":false},"featured_media":7050,"template":"","meta":[],"product_brand":[],"product_cat":[126,127,113,140,194,120],"product_tag":[146,195,154],"class_list":{"0":"post-7049","1":"product","2":"type-product","3":"status-publish","4":"has-post-thumbnail","6":"product_cat-accessoires-de-luxe-vintage","7":"product_cat-decorations","8":"product_cat-louis-vuitton","9":"product_cat-nouveautes","10":"product_cat-petite-malle","11":"product_cat-valises-boites-vanity-louis-vuitton","12":"product_tag-louisvuitton","13":"product_tag-valiselouisvuitton","14":"product_tag-vanitylouisvuitton","16":"first","17":"instock","18":"sold-individually","19":"shipping-taxable","20":"purchasable","21":"product-type-simple"},"yoast_head":"<!-- This site is optimized with the Yoast SEO plugin v27.1.1 - https:\/\/yoast.com\/product\/yoast-seo-wordpress\/ -->\n<title>Bo\u00eete \u00e0 Tout Louis Vuitton Monogram | Tr\u00e8s Bon \u00c9tat<\/title>\n<meta name=\"description\" content=\"Bo\u00eete \u00e0 tout Louis Vuitton en toile Monogram, tr\u00e8s bon \u00e9tat. Poign\u00e9e neuve refaite chez Louis Vuitton. Dimensions 22\u00d714,5\u00d79,5 cm. Objet iconique certifi\u00e9.\" \/>\n<meta name=\"robots\" content=\"index, follow, max-snippet:-1, max-image-preview:large, max-video-preview:-1\" \/>\n<link rel=\"canonical\" href=\"https:\/\/thevintagetraveler.com\/en\/produit\/boite-a-tout-louis-vuitton-monogram-tres-bon-etat\/\" \/>\n<meta property=\"og:locale\" content=\"en_US\" \/>\n<meta property=\"og:type\" content=\"article\" \/>\n<meta property=\"og:title\" content=\"Bo\u00eete \u00e0 Tout Louis Vuitton Monogram | Tr\u00e8s Bon \u00c9tat\" \/>\n<meta property=\"og:description\" content=\"Bo\u00eete \u00e0 tout Louis Vuitton en toile Monogram, tr\u00e8s bon \u00e9tat. Poign\u00e9e neuve refaite chez Louis Vuitton. Dimensions 22\u00d714,5\u00d79,5 cm. Objet iconique certifi\u00e9.\" \/>\n<meta property=\"og:url\" content=\"https:\/\/thevintagetraveler.com\/en\/produit\/boite-a-tout-louis-vuitton-monogram-tres-bon-etat\/\" \/>\n<meta property=\"og:site_name\" content=\"TheVintageTraveler\" \/>\n<meta property=\"article:publisher\" content=\"https:\/\/www.facebook.com\/TheVintageTravelerFR\/\" \/>\n<meta property=\"article:modified_time\" content=\"2025-12-16T13:27:03+00:00\" \/>\n<meta property=\"og:image\" content=\"https:\/\/thevintagetraveler.com\/\/wp-content\/uploads\/2025\/12\/20251214_150029-2.jpg\" \/>\n\t<meta property=\"og:image:width\" content=\"2560\" \/>\n\t<meta property=\"og:image:height\" content=\"2560\" \/>\n\t<meta property=\"og:image:type\" content=\"image\/jpeg\" \/>\n<meta name=\"twitter:card\" content=\"summary_large_image\" \/>\n<meta name=\"twitter:label1\" content=\"Est. reading time\" \/>\n\t<meta name=\"twitter:data1\" content=\"3 minutes\" \/>\n<script type=\"application\/ld+json\" class=\"yoast-schema-graph\">{\"@context\":\"https:\/\/schema.org\",\"@graph\":[{\"@type\":\"WebPage\",\"@id\":\"https:\/\/thevintagetraveler.com\/en\/produit\/boite-a-tout-louis-vuitton-monogram-tres-bon-etat\/\",\"url\":\"https:\/\/thevintagetraveler.com\/en\/produit\/boite-a-tout-louis-vuitton-monogram-tres-bon-etat\/\",\"name\":\"Bo\u00eete \u00e0 Tout Louis Vuitton Monogram | Tr\u00e8s Bon \u00c9tat\",\"isPartOf\":{\"@id\":\"https:\/\/thevintagetraveler.com\/en\/#website\"},\"primaryImageOfPage\":{\"@id\":\"https:\/\/thevintagetraveler.com\/en\/produit\/boite-a-tout-louis-vuitton-monogram-tres-bon-etat\/#primaryimage\"},\"image\":{\"@id\":\"https:\/\/thevintagetraveler.com\/en\/produit\/boite-a-tout-louis-vuitton-monogram-tres-bon-etat\/#primaryimage\"},\"thumbnailUrl\":\"https:\/\/thevintagetraveler.com\/wp-content\/uploads\/2025\/12\/20251214_150029-2.jpg\",\"datePublished\":\"2025-12-16T13:08:39+00:00\",\"dateModified\":\"2025-12-16T13:27:03+00:00\",\"description\":\"Bo\u00eete \u00e0 tout Louis Vuitton en toile Monogram, tr\u00e8s bon \u00e9tat. Poign\u00e9e neuve refaite chez Louis Vuitton. Dimensions 22\u00d714,5\u00d79,5 cm. Objet iconique certifi\u00e9.\",\"breadcrumb\":{\"@id\":\"https:\/\/thevintagetraveler.com\/en\/produit\/boite-a-tout-louis-vuitton-monogram-tres-bon-etat\/#breadcrumb\"},\"inLanguage\":\"en-US\",\"potentialAction\":[{\"@type\":\"ReadAction\",\"target\":[\"https:\/\/thevintagetraveler.com\/en\/produit\/boite-a-tout-louis-vuitton-monogram-tres-bon-etat\/\"]}]},{\"@type\":\"ImageObject\",\"inLanguage\":\"en-US\",\"@id\":\"https:\/\/thevintagetraveler.com\/en\/produit\/boite-a-tout-louis-vuitton-monogram-tres-bon-etat\/#primaryimage\",\"url\":\"https:\/\/thevintagetraveler.com\/wp-content\/uploads\/2025\/12\/20251214_150029-2.jpg\",\"contentUrl\":\"https:\/\/thevintagetraveler.com\/wp-content\/uploads\/2025\/12\/20251214_150029-2.jpg\",\"width\":2560,\"height\":2560,\"caption\":\"bo\u00eete \u00e0 tout Louis Vuitton monogram\"},{\"@type\":\"BreadcrumbList\",\"@id\":\"https:\/\/thevintagetraveler.com\/en\/produit\/boite-a-tout-louis-vuitton-monogram-tres-bon-etat\/#breadcrumb\",\"itemListElement\":[{\"@type\":\"ListItem\",\"position\":1,\"name\":\"Accueil\",\"item\":\"https:\/\/thevintagetraveler.com\/en\/\"},{\"@type\":\"ListItem\",\"position\":2,\"name\":\"Shop\",\"item\":\"https:\/\/thevintagetraveler.com\/shop\/\"},{\"@type\":\"ListItem\",\"position\":3,\"name\":\"Boite \u00e0 tout Louis Vuitton monogram\"}]},{\"@type\":\"WebSite\",\"@id\":\"https:\/\/thevintagetraveler.com\/en\/#website\",\"url\":\"https:\/\/thevintagetraveler.com\/en\/\",\"name\":\"TheVintageTraveler\",\"description\":\"Luxury experts in Louis Vuitton, Chanel &amp; Herm\u00e8s\",\"publisher\":{\"@id\":\"https:\/\/thevintagetraveler.com\/en\/#organization\"},\"potentialAction\":[{\"@type\":\"SearchAction\",\"target\":{\"@type\":\"EntryPoint\",\"urlTemplate\":\"https:\/\/thevintagetraveler.com\/en\/?s={search_term_string}\"},\"query-input\":{\"@type\":\"PropertyValueSpecification\",\"valueRequired\":true,\"valueName\":\"search_term_string\"}}],\"inLanguage\":\"en-US\"},{\"@type\":\"Organization\",\"@id\":\"https:\/\/thevintagetraveler.com\/en\/#organization\",\"name\":\"TheVintageTraveler\",\"url\":\"https:\/\/thevintagetraveler.com\/en\/\",\"logo\":{\"@type\":\"ImageObject\",\"inLanguage\":\"en-US\",\"@id\":\"https:\/\/thevintagetraveler.com\/en\/#\/schema\/logo\/image\/\",\"url\":\"https:\/\/thevintagetraveler.com\/wp-content\/uploads\/2025\/04\/LOGO-THE-VINTAGE-TRAVELER-FINAL-e1745392697678.png\",\"contentUrl\":\"https:\/\/thevintagetraveler.com\/wp-content\/uploads\/2025\/04\/LOGO-THE-VINTAGE-TRAVELER-FINAL-e1745392697678.png\",\"width\":798,\"height\":318,\"caption\":\"TheVintageTraveler\"},\"image\":{\"@id\":\"https:\/\/thevintagetraveler.com\/en\/#\/schema\/logo\/image\/\"},\"sameAs\":[\"https:\/\/www.facebook.com\/TheVintageTravelerFR\/\",\"https:\/\/www.instagram.com\/the_vintagetraveler\"]}]}<\/script>\n<!-- \/ Yoast SEO plugin. -->","yoast_head_json":{"title":"Bo\u00eete \u00e0 Tout Louis Vuitton Monogram | Tr\u00e8s Bon \u00c9tat","description":"Bo\u00eete \u00e0 tout Louis Vuitton en toile Monogram, tr\u00e8s bon \u00e9tat. Poign\u00e9e neuve refaite chez Louis Vuitton. Dimensions 22\u00d714,5\u00d79,5 cm. Objet iconique certifi\u00e9.","robots":{"index":"index","follow":"follow","max-snippet":"max-snippet:-1","max-image-preview":"max-image-preview:large","max-video-preview":"max-video-preview:-1"},"canonical":"https:\/\/thevintagetraveler.com\/en\/produit\/boite-a-tout-louis-vuitton-monogram-tres-bon-etat\/","og_locale":"en_US","og_type":"article","og_title":"Bo\u00eete \u00e0 Tout Louis Vuitton Monogram | Tr\u00e8s Bon \u00c9tat","og_description":"Bo\u00eete \u00e0 tout Louis Vuitton en toile Monogram, tr\u00e8s bon \u00e9tat. Poign\u00e9e neuve refaite chez Louis Vuitton. Dimensions 22\u00d714,5\u00d79,5 cm. Objet iconique certifi\u00e9.","og_url":"https:\/\/thevintagetraveler.com\/en\/produit\/boite-a-tout-louis-vuitton-monogram-tres-bon-etat\/","og_site_name":"TheVintageTraveler","article_publisher":"https:\/\/www.facebook.com\/TheVintageTravelerFR\/","article_modified_time":"2025-12-16T13:27:03+00:00","og_image":[{"width":2560,"height":2560,"url":"https:\/\/thevintagetraveler.com\/\/wp-content\/uploads\/2025\/12\/20251214_150029-2.jpg","type":"image\/jpeg"}],"twitter_card":"summary_large_image","twitter_misc":{"Est. reading time":"3 minutes"},"schema":{"@context":"https:\/\/schema.org","@graph":[{"@type":"WebPage","@id":"https:\/\/thevintagetraveler.com\/en\/produit\/boite-a-tout-louis-vuitton-monogram-tres-bon-etat\/","url":"https:\/\/thevintagetraveler.com\/en\/produit\/boite-a-tout-louis-vuitton-monogram-tres-bon-etat\/","name":"Bo\u00eete \u00e0 Tout Louis Vuitton Monogram | Tr\u00e8s Bon \u00c9tat","isPartOf":{"@id":"https:\/\/thevintagetraveler.com\/en\/#website"},"primaryImageOfPage":{"@id":"https:\/\/thevintagetraveler.com\/en\/produit\/boite-a-tout-louis-vuitton-monogram-tres-bon-etat\/#primaryimage"},"image":{"@id":"https:\/\/thevintagetraveler.com\/en\/produit\/boite-a-tout-louis-vuitton-monogram-tres-bon-etat\/#primaryimage"},"thumbnailUrl":"https:\/\/thevintagetraveler.com\/wp-content\/uploads\/2025\/12\/20251214_150029-2.jpg","datePublished":"2025-12-16T13:08:39+00:00","dateModified":"2025-12-16T13:27:03+00:00","description":"Bo\u00eete \u00e0 tout Louis Vuitton en toile Monogram, tr\u00e8s bon \u00e9tat. Poign\u00e9e neuve refaite chez Louis Vuitton. Dimensions 22\u00d714,5\u00d79,5 cm. Objet iconique certifi\u00e9.","breadcrumb":{"@id":"https:\/\/thevintagetraveler.com\/en\/produit\/boite-a-tout-louis-vuitton-monogram-tres-bon-etat\/#breadcrumb"},"inLanguage":"en-US","potentialAction":[{"@type":"ReadAction","target":["https:\/\/thevintagetraveler.com\/en\/produit\/boite-a-tout-louis-vuitton-monogram-tres-bon-etat\/"]}]},{"@type":"ImageObject","inLanguage":"en-US","@id":"https:\/\/thevintagetraveler.com\/en\/produit\/boite-a-tout-louis-vuitton-monogram-tres-bon-etat\/#primaryimage","url":"https:\/\/thevintagetraveler.com\/wp-content\/uploads\/2025\/12\/20251214_150029-2.jpg","contentUrl":"https:\/\/thevintagetraveler.com\/wp-content\/uploads\/2025\/12\/20251214_150029-2.jpg","width":2560,"height":2560,"caption":"bo\u00eete \u00e0 tout Louis Vuitton monogram"},{"@type":"BreadcrumbList","@id":"https:\/\/thevintagetraveler.com\/en\/produit\/boite-a-tout-louis-vuitton-monogram-tres-bon-etat\/#breadcrumb","itemListElement":[{"@type":"ListItem","position":1,"name":"Accueil","item":"https:\/\/thevintagetraveler.com\/en\/"},{"@type":"ListItem","position":2,"name":"Shop","item":"https:\/\/thevintagetraveler.com\/shop\/"},{"@type":"ListItem","position":3,"name":"Boite \u00e0 tout Louis Vuitton monogram"}]},{"@type":"WebSite","@id":"https:\/\/thevintagetraveler.com\/en\/#website","url":"https:\/\/thevintagetraveler.com\/en\/","name":"TheVintageTraveler","description":"Luxury experts in Louis Vuitton, Chanel &amp; Herm\u00e8s","publisher":{"@id":"https:\/\/thevintagetraveler.com\/en\/#organization"},"potentialAction":[{"@type":"SearchAction","target":{"@type":"EntryPoint","urlTemplate":"https:\/\/thevintagetraveler.com\/en\/?s={search_term_string}"},"query-input":{"@type":"PropertyValueSpecification","valueRequired":true,"valueName":"search_term_string"}}],"inLanguage":"en-US"},{"@type":"Organization","@id":"https:\/\/thevintagetraveler.com\/en\/#organization","name":"TheVintageTraveler","url":"https:\/\/thevintagetraveler.com\/en\/","logo":{"@type":"ImageObject","inLanguage":"en-US","@id":"https:\/\/thevintagetraveler.com\/en\/#\/schema\/logo\/image\/","url":"https:\/\/thevintagetraveler.com\/wp-content\/uploads\/2025\/04\/LOGO-THE-VINTAGE-TRAVELER-FINAL-e1745392697678.png","contentUrl":"https:\/\/thevintagetraveler.com\/wp-content\/uploads\/2025\/04\/LOGO-THE-VINTAGE-TRAVELER-FINAL-e1745392697678.png","width":798,"height":318,"caption":"TheVintageTraveler"},"image":{"@id":"https:\/\/thevintagetraveler.com\/en\/#\/schema\/logo\/image\/"},"sameAs":["https:\/\/www.facebook.com\/TheVintageTravelerFR\/","https:\/\/www.instagram.com\/the_vintagetraveler"]}]}},"_links":{"self":[{"href":"https:\/\/thevintagetraveler.com\/en\/wp-json\/wp\/v2\/product\/7049","targetHints":{"allow":["GET"]}}],"collection":[{"href":"https:\/\/thevintagetraveler.com\/en\/wp-json\/wp\/v2\/product"}],"about":[{"href":"https:\/\/thevintagetraveler.com\/en\/wp-json\/wp\/v2\/types\/product"}],"wp:featuredmedia":[{"embeddable":true,"href":"https:\/\/thevintagetraveler.com\/en\/wp-json\/wp\/v2\/media\/7050"}],"wp:attachment":[{"href":"https:\/\/thevintagetraveler.com\/en\/wp-json\/wp\/v2\/media?parent=7049"}],"wp:term":[{"taxonomy":"product_brand","embeddable":true,"href":"https:\/\/thevintagetraveler.com\/en\/wp-json\/wp\/v2\/product_brand?post=7049"},{"taxonomy":"product_cat","embeddable":true,"href":"https:\/\/thevintagetraveler.com\/en\/wp-json\/wp\/v2\/product_cat?post=7049"},{"taxonomy":"product_tag","embeddable":true,"href":"https:\/\/thevintagetraveler.com\/en\/wp-json\/wp\/v2\/product_tag?post=7049"}],"curies":[{"name":"wp","href":"https:\/\/api.w.org\/{rel}","templated":true}]}}