{"id":7285,"date":"2026-01-10T14:03:42","date_gmt":"2026-01-10T13:03:42","guid":{"rendered":"https:\/\/thevintagetraveler.com\/?post_type=product&#038;p=7285"},"modified":"2026-01-10T14:13:16","modified_gmt":"2026-01-10T13:13:16","slug":"coffret-goyard-vendome-toile-goyardine","status":"publish","type":"product","link":"https:\/\/thevintagetraveler.com\/en\/produit\/coffret-goyard-vendome-toile-goyardine\/","title":{"rendered":"Petit Coffret Goyard Vend\u00f4me"},"content":{"rendered":"<h3 data-start=\"1051\" data-end=\"1134\">Petit Coffret Goyard Vend\u00f4me \u2013 Toile Goyardine, Int\u00e9rieur Jaune, Parfait \u00c9tat<\/h3>\n<p data-start=\"1136\" data-end=\"1440\">Ce <strong data-start=\"1139\" data-end=\"1165\">coffret Goyard Vend\u00f4me<\/strong> en <strong data-start=\"1169\" data-end=\"1198\">toile Goyardine classique<\/strong>, avec un <strong data-start=\"1208\" data-end=\"1236\">int\u00e9rieur jaune lumineux<\/strong>, est un <strong data-start=\"1245\" data-end=\"1297\">accessoire embl\u00e9matique de l\u2019art de vivre Goyard<\/strong>. Propos\u00e9 en <strong data-start=\"1310\" data-end=\"1326\">parfait \u00e9tat<\/strong>, il incarne la discr\u00e9tion, l\u2019\u00e9l\u00e9gance et la raret\u00e9 propres \u00e0 la maison <strong data-start=\"1398\" data-end=\"1439\"><span class=\"hover:entity-accent entity-underline inline cursor-pointer align-baseline\"><span class=\"whitespace-normal\">Goyard<\/span><\/span><\/strong>.<\/p>\n<p data-start=\"1442\" data-end=\"1640\">De format compact, ce coffret est id\u00e9al pour le rangement d\u2019objets pr\u00e9cieux tout en constituant une <strong data-start=\"1542\" data-end=\"1571\">pi\u00e8ce d\u00e9corative raffin\u00e9e<\/strong>, pris\u00e9e des collectionneurs et amateurs de maroquinerie d\u2019exception.<\/p>\n<hr data-start=\"1642\" data-end=\"1645\" \/>\n<h3 data-start=\"1647\" data-end=\"1700\">Le coffret Vend\u00f4me : \u00e9l\u00e9gance et fonctionnalit\u00e9<\/h3>\n<ul data-start=\"1702\" data-end=\"2023\">\n<li data-start=\"1702\" data-end=\"1778\">\n<p data-start=\"1704\" data-end=\"1778\">Le mod\u00e8le <strong data-start=\"1714\" data-end=\"1725\">Vend\u00f4me<\/strong> est reconnu pour ses lignes sobres et \u00e9quilibr\u00e9es.<\/p>\n<\/li>\n<li data-start=\"1779\" data-end=\"1869\">\n<p data-start=\"1781\" data-end=\"1869\">Format parfait pour ranger <strong data-start=\"1808\" data-end=\"1866\">bijoux, accessoires, montres ou petits objets pr\u00e9cieux<\/strong>.<\/p>\n<\/li>\n<li data-start=\"1870\" data-end=\"1951\">\n<p data-start=\"1872\" data-end=\"1951\">Con\u00e7u avec la m\u00eame exigence que les malles et coffrets historiques de <a href=\"https:\/\/thevintagetraveler.com\/rachat-de-malle-goyard\/\">Goyard<\/a>.<\/p>\n<\/li>\n<li data-start=\"1952\" data-end=\"2023\">\n<p data-start=\"1954\" data-end=\"2023\">Objet discret mais imm\u00e9diatement reconnaissable par les connaisseurs.<\/p>\n<\/li>\n<\/ul>\n<hr data-start=\"2025\" data-end=\"2028\" \/>\n<h3 data-start=\"2030\" data-end=\"2069\">Toile Goyardine &amp; int\u00e9rieur jaune<\/h3>\n<ul data-start=\"2071\" data-end=\"2387\">\n<li data-start=\"2071\" data-end=\"2165\">\n<p data-start=\"2073\" data-end=\"2165\"><strong data-start=\"2073\" data-end=\"2092\">Toile Goyardine<\/strong> : iconique, r\u00e9sistante et l\u00e9g\u00e8re, signature intemporelle de la maison.<\/p>\n<\/li>\n<li data-start=\"2166\" data-end=\"2232\">\n<p data-start=\"2168\" data-end=\"2232\">Motif chevron peint \u00e0 la main, symbole du <a href=\"https:\/\/thevintagetraveler.com\/les-malles-goyard\/\">savoir-faire<\/a> Goyard.<\/p>\n<\/li>\n<li data-start=\"2233\" data-end=\"2321\">\n<p data-start=\"2235\" data-end=\"2321\"><strong data-start=\"2235\" data-end=\"2254\">Int\u00e9rieur jaune<\/strong> : contraste \u00e9l\u00e9gant, lumineux et tr\u00e8s appr\u00e9ci\u00e9 sur les coffrets.<\/p>\n<\/li>\n<li data-start=\"2322\" data-end=\"2387\">\n<p data-start=\"2324\" data-end=\"2387\">Ensemble parfaitement conserv\u00e9, t\u00e9moignant d\u2019un usage soigneux.<\/p>\n<\/li>\n<\/ul>\n<hr data-start=\"2389\" data-end=\"2392\" \/>\n<h3 data-start=\"2394\" data-end=\"2427\">Caract\u00e9ristiques du produit<\/h3>\n<ul data-start=\"2429\" data-end=\"2805\">\n<li data-start=\"2429\" data-end=\"2452\">\n<p data-start=\"2431\" data-end=\"2452\"><strong data-start=\"2431\" data-end=\"2443\">Marque :<\/strong> Goyard<\/p>\n<\/li>\n<li data-start=\"2453\" data-end=\"2477\">\n<p data-start=\"2455\" data-end=\"2477\"><strong data-start=\"2455\" data-end=\"2467\">Mod\u00e8le :<\/strong> Vend\u00f4me<\/p>\n<\/li>\n<li data-start=\"2478\" data-end=\"2511\">\n<p data-start=\"2480\" data-end=\"2511\"><strong data-start=\"2480\" data-end=\"2493\">Mati\u00e8re :<\/strong> Toile Goyardine<\/p>\n<\/li>\n<li data-start=\"2512\" data-end=\"2560\">\n<p data-start=\"2514\" data-end=\"2560\"><strong data-start=\"2514\" data-end=\"2538\">Couleur ext\u00e9rieure :<\/strong> Goyardine classique<\/p>\n<\/li>\n<li data-start=\"2561\" data-end=\"2595\">\n<p data-start=\"2563\" data-end=\"2595\"><strong data-start=\"2563\" data-end=\"2587\">Couleur int\u00e9rieure :<\/strong> Jaune<\/p>\n<\/li>\n<li data-start=\"2596\" data-end=\"2698\">\n<p data-start=\"2598\" data-end=\"2616\"><strong data-start=\"2598\" data-end=\"2614\">Dimensions :<\/strong><\/p>\n<ul data-start=\"2619\" data-end=\"2698\">\n<li data-start=\"2619\" data-end=\"2642\">\n<p data-start=\"2621\" data-end=\"2642\">Largeur : <strong data-start=\"2631\" data-end=\"2640\">17 cm<\/strong><\/p>\n<\/li>\n<li data-start=\"2645\" data-end=\"2671\">\n<p data-start=\"2647\" data-end=\"2671\">Profondeur : <strong data-start=\"2660\" data-end=\"2669\">11 cm<\/strong><\/p>\n<\/li>\n<li data-start=\"2674\" data-end=\"2698\">\n<p data-start=\"2676\" data-end=\"2698\">Hauteur : <strong data-start=\"2686\" data-end=\"2696\">5,5 cm<\/strong><\/p>\n<\/li>\n<\/ul>\n<\/li>\n<li data-start=\"2699\" data-end=\"2726\">\n<p data-start=\"2701\" data-end=\"2726\"><strong data-start=\"2701\" data-end=\"2711\">\u00c9tat :<\/strong> Parfait \u00e9tat<\/p>\n<\/li>\n<li data-start=\"2727\" data-end=\"2805\">\n<p data-start=\"2729\" data-end=\"2805\"><strong data-start=\"2729\" data-end=\"2751\">Authentification :<\/strong> Certifi\u00e9 \u2013 livr\u00e9 avec certificat TheVintageTraveler<\/p>\n<\/li>\n<\/ul>\n<hr data-start=\"2807\" data-end=\"2810\" \/>\n<h3 data-start=\"2812\" data-end=\"2856\">Un objet polyvalent et collectionnable<\/h3>\n<p data-start=\"2858\" data-end=\"2902\">Ce coffret Goyard Vend\u00f4me est id\u00e9al pour :<\/p>\n<ul data-start=\"2904\" data-end=\"3122\">\n<li data-start=\"2904\" data-end=\"2955\">\n<p data-start=\"2906\" data-end=\"2955\">ranger des <strong data-start=\"2917\" data-end=\"2952\">bijoux ou accessoires de valeur<\/strong>,<\/p>\n<\/li>\n<li data-start=\"2956\" data-end=\"3023\">\n<p data-start=\"2958\" data-end=\"3023\">servir de <strong data-start=\"2968\" data-end=\"2990\">vide-poche de luxe<\/strong> dans un bureau ou un dressing,<\/p>\n<\/li>\n<li data-start=\"3024\" data-end=\"3064\">\n<p data-start=\"3026\" data-end=\"3064\">compl\u00e9ter une <strong data-start=\"3040\" data-end=\"3061\">collection Goyard<\/strong>,<\/p>\n<\/li>\n<li data-start=\"3065\" data-end=\"3122\">\n<p data-start=\"3067\" data-end=\"3122\">offrir un <strong data-start=\"3077\" data-end=\"3099\">cadeau d\u2019exception<\/strong>, discret et raffin\u00e9.<\/p>\n<\/li>\n<\/ul>\n<p data-start=\"3124\" data-end=\"3200\">Son format compact permet une int\u00e9gration \u00e9l\u00e9gante dans tous les int\u00e9rieurs.<\/p>\n<hr data-start=\"3202\" data-end=\"3205\" \/>\n<h3 data-start=\"3207\" data-end=\"3255\">Pourquoi ce coffret Goyard est recherch\u00e9 ?<\/h3>\n<ul data-start=\"3257\" data-end=\"3556\">\n<li data-start=\"3257\" data-end=\"3321\">\n<p data-start=\"3259\" data-end=\"3321\">Accessoire <strong data-start=\"3270\" data-end=\"3293\">rarement disponible<\/strong> sur le march\u00e9 secondaire.<\/p>\n<\/li>\n<li data-start=\"3322\" data-end=\"3367\">\n<p data-start=\"3324\" data-end=\"3367\">Toile Goyardine iconique et intemporelle.<\/p>\n<\/li>\n<li data-start=\"3368\" data-end=\"3427\">\n<p data-start=\"3370\" data-end=\"3427\"><strong data-start=\"3370\" data-end=\"3389\">Int\u00e9rieur jaune<\/strong>, tr\u00e8s appr\u00e9ci\u00e9 des collectionneurs.<\/p>\n<\/li>\n<li data-start=\"3428\" data-end=\"3489\">\n<p data-start=\"3430\" data-end=\"3489\">Parfait \u00e9tat, crit\u00e8re d\u00e9terminant pour les pi\u00e8ces Goyard.<\/p>\n<\/li>\n<li data-start=\"3490\" data-end=\"3556\">\n<p data-start=\"3492\" data-end=\"3556\">Forte demande pour les <strong data-start=\"3515\" data-end=\"3555\">objets Goyard de petite maroquinerie<\/strong>.<\/p>\n<\/li>\n<\/ul>\n<hr data-start=\"3558\" data-end=\"3561\" \/>\n<h3 data-start=\"3563\" data-end=\"3594\">Un excellent choix Goyard<\/h3>\n<ul data-start=\"3596\" data-end=\"3826\">\n<li data-start=\"3596\" data-end=\"3680\">\n<p data-start=\"3598\" data-end=\"3680\">Les coffrets et objets Goyard conservent une <strong data-start=\"3643\" data-end=\"3677\">excellente valeur patrimoniale<\/strong>.<\/p>\n<\/li>\n<li data-start=\"3681\" data-end=\"3759\">\n<p data-start=\"3683\" data-end=\"3759\">Les mod\u00e8les Vend\u00f4me sont recherch\u00e9s pour leur \u00e9l\u00e9gance et leur discr\u00e9tion.<\/p>\n<\/li>\n<li data-start=\"3760\" data-end=\"3826\">\n<p data-start=\"3762\" data-end=\"3826\">Une alternative raffin\u00e9e aux coffrets contemporains industriels.<\/p>\n<\/li>\n<\/ul>\n<hr data-start=\"3828\" data-end=\"3831\" \/>\n<h3 data-start=\"3833\" data-end=\"3881\">Pourquoi acheter chez TheVintageTraveler ?<\/h3>\n<p data-start=\"3883\" data-end=\"3939\">Chez <strong data-start=\"3888\" data-end=\"3910\">TheVintageTraveler<\/strong>, chaque pi\u00e8ce Goyard est :<\/p>\n<ul data-start=\"3941\" data-end=\"4220\">\n<li data-start=\"3941\" data-end=\"3989\">\n<p data-start=\"3943\" data-end=\"3989\"><strong data-start=\"3943\" data-end=\"3973\">Expertis\u00e9e et authentifi\u00e9e<\/strong> avec rigueur,<\/p>\n<\/li>\n<li data-start=\"3990\" data-end=\"4063\">\n<p data-start=\"3992\" data-end=\"4063\">s\u00e9lectionn\u00e9e pour sa <strong data-start=\"4013\" data-end=\"4060\">raret\u00e9, son \u00e9tat et son int\u00e9r\u00eat patrimonial<\/strong>,<\/p>\n<\/li>\n<li data-start=\"4064\" data-end=\"4110\">\n<p data-start=\"4066\" data-end=\"4110\">livr\u00e9e avec <strong data-start=\"4078\" data-end=\"4107\">certificat d\u2019authenticit\u00e9<\/strong>,<\/p>\n<\/li>\n<li data-start=\"4111\" data-end=\"4162\">\n<p data-start=\"4113\" data-end=\"4162\">disponible au <strong data-start=\"4127\" data-end=\"4159\">March\u00e9 Serpette \u2013 Saint-Ouen<\/strong>,<\/p>\n<\/li>\n<li data-start=\"4163\" data-end=\"4220\">\n<p data-start=\"4165\" data-end=\"4220\">ou exp\u00e9di\u00e9e via <strong data-start=\"4181\" data-end=\"4219\">livraison internationale s\u00e9curis\u00e9e<\/strong>.<\/p>\n<\/li>\n<\/ul>\n<hr data-start=\"4222\" data-end=\"4225\" \/>\n<h3 data-start=\"4227\" data-end=\"4243\">Conclusion<\/h3>\n<p data-start=\"4245\" data-end=\"4505\">Ce <strong data-start=\"4248\" data-end=\"4299\">petit coffret Goyard Vend\u00f4me en toile Goyardine<\/strong>, avec <strong data-start=\"4306\" data-end=\"4325\">int\u00e9rieur jaune<\/strong>, en <strong data-start=\"4330\" data-end=\"4346\">parfait \u00e9tat<\/strong>, est un <strong data-start=\"4355\" data-end=\"4415\">objet de luxe discret, rare et hautement collectionnable<\/strong>. Une pi\u00e8ce id\u00e9ale pour les amateurs de <strong data-start=\"4455\" data-end=\"4477\">Goyard authentique<\/strong> et de <strong data-start=\"4484\" data-end=\"4504\">bel art de vivre<\/strong>.<\/p>\n<p>Suivez &#8211; nous sur <a href=\"https:\/\/www.facebook.com\/TheVintageTravelerFR\">Facebook<\/a> et <a href=\"https:\/\/www.instagram.com\/the_vintagetraveler\/?igsh=aXdsbDJkdnpwZjcx#\">Instagram<\/a><\/p>\n","protected":false},"excerpt":{"rendered":"<p>Petit coffret Goyard Vend\u00f4me en toile Goyardine classique, int\u00e9rieur jaune, parfait \u00e9tat. Dimensions 17 \u00d7 11 \u00d7 5,5 cm. Objet \u00e9l\u00e9gant et rare.<\/p>\n","protected":false},"featured_media":7288,"template":"","meta":[],"product_brand":[],"product_cat":[126,324,127,116,284,272,320,274,194,323,325],"product_tag":[318,275,195],"class_list":{"0":"post-7285","1":"product","2":"type-product","3":"status-publish","4":"has-post-thumbnail","6":"product_cat-accessoires-de-luxe-vintage","7":"product_cat-boites","8":"product_cat-decorations","9":"product_cat-goyard","10":"product_cat-louis-vuitton","11":"product_cat-malles","12":"product_cat-goyard-trunks","13":"product_cat-news","14":"product_cat-petite-malle","15":"product_cat-valises","16":"product_cat-vanity","17":"product_tag-boitelouisvuitton","18":"product_tag-louisvuitton","19":"product_tag-valiselouisvuitton","21":"first","22":"instock","23":"sold-individually","24":"shipping-taxable","25":"purchasable","26":"product-type-simple"},"yoast_head":"<!-- This site is optimized with the Yoast SEO plugin v27.1.1 - https:\/\/yoast.com\/product\/yoast-seo-wordpress\/ -->\n<title>Coffret Vend\u00f4me Goyard Goyardine | Parfait \u00c9tat<\/title>\n<meta name=\"description\" content=\"Petit coffret Goyard Vend\u00f4me en toile Goyardine, int\u00e9rieur jaune, parfait \u00e9tat. Dimensions 17\u00d711\u00d75,5 cm. Objet rare et certifi\u00e9.\" \/>\n<meta name=\"robots\" content=\"index, follow, max-snippet:-1, max-image-preview:large, max-video-preview:-1\" \/>\n<link rel=\"canonical\" href=\"https:\/\/thevintagetraveler.com\/en\/produit\/coffret-goyard-vendome-toile-goyardine\/\" \/>\n<meta property=\"og:locale\" content=\"en_US\" \/>\n<meta property=\"og:type\" content=\"article\" \/>\n<meta property=\"og:title\" content=\"Coffret Vend\u00f4me Goyard Goyardine | Parfait \u00c9tat\" \/>\n<meta property=\"og:description\" content=\"Petit coffret Goyard Vend\u00f4me en toile Goyardine, int\u00e9rieur jaune, parfait \u00e9tat. Dimensions 17\u00d711\u00d75,5 cm. Objet rare et certifi\u00e9.\" \/>\n<meta property=\"og:url\" content=\"https:\/\/thevintagetraveler.com\/en\/produit\/coffret-goyard-vendome-toile-goyardine\/\" \/>\n<meta property=\"og:site_name\" content=\"TheVintageTraveler\" \/>\n<meta property=\"article:publisher\" content=\"https:\/\/www.facebook.com\/TheVintageTravelerFR\/\" \/>\n<meta property=\"article:modified_time\" content=\"2026-01-10T13:13:16+00:00\" \/>\n<meta property=\"og:image\" content=\"https:\/\/thevintagetraveler.com\/\/wp-content\/uploads\/2026\/01\/20260108_105913.jpg\" \/>\n\t<meta property=\"og:image:width\" content=\"2560\" \/>\n\t<meta property=\"og:image:height\" content=\"2560\" \/>\n\t<meta property=\"og:image:type\" content=\"image\/jpeg\" \/>\n<meta name=\"twitter:card\" content=\"summary_large_image\" \/>\n<meta name=\"twitter:label1\" content=\"Est. reading time\" \/>\n\t<meta name=\"twitter:data1\" content=\"3 minutes\" \/>\n<script type=\"application\/ld+json\" class=\"yoast-schema-graph\">{\"@context\":\"https:\/\/schema.org\",\"@graph\":[{\"@type\":\"WebPage\",\"@id\":\"https:\/\/thevintagetraveler.com\/en\/produit\/coffret-goyard-vendome-toile-goyardine\/\",\"url\":\"https:\/\/thevintagetraveler.com\/en\/produit\/coffret-goyard-vendome-toile-goyardine\/\",\"name\":\"Coffret Vend\u00f4me Goyard Goyardine | Parfait \u00c9tat\",\"isPartOf\":{\"@id\":\"https:\/\/thevintagetraveler.com\/en\/#website\"},\"primaryImageOfPage\":{\"@id\":\"https:\/\/thevintagetraveler.com\/en\/produit\/coffret-goyard-vendome-toile-goyardine\/#primaryimage\"},\"image\":{\"@id\":\"https:\/\/thevintagetraveler.com\/en\/produit\/coffret-goyard-vendome-toile-goyardine\/#primaryimage\"},\"thumbnailUrl\":\"https:\/\/thevintagetraveler.com\/wp-content\/uploads\/2026\/01\/20260108_105913.jpg\",\"datePublished\":\"2026-01-10T13:03:42+00:00\",\"dateModified\":\"2026-01-10T13:13:16+00:00\",\"description\":\"Petit coffret Goyard Vend\u00f4me en toile Goyardine, int\u00e9rieur jaune, parfait \u00e9tat. Dimensions 17\u00d711\u00d75,5 cm. Objet rare et certifi\u00e9.\",\"breadcrumb\":{\"@id\":\"https:\/\/thevintagetraveler.com\/en\/produit\/coffret-goyard-vendome-toile-goyardine\/#breadcrumb\"},\"inLanguage\":\"en-US\",\"potentialAction\":[{\"@type\":\"ReadAction\",\"target\":[\"https:\/\/thevintagetraveler.com\/en\/produit\/coffret-goyard-vendome-toile-goyardine\/\"]}]},{\"@type\":\"ImageObject\",\"inLanguage\":\"en-US\",\"@id\":\"https:\/\/thevintagetraveler.com\/en\/produit\/coffret-goyard-vendome-toile-goyardine\/#primaryimage\",\"url\":\"https:\/\/thevintagetraveler.com\/wp-content\/uploads\/2026\/01\/20260108_105913.jpg\",\"contentUrl\":\"https:\/\/thevintagetraveler.com\/wp-content\/uploads\/2026\/01\/20260108_105913.jpg\",\"width\":2560,\"height\":2560,\"caption\":\"coffret Goyard Vend\u00f4me toile goyardine\"},{\"@type\":\"BreadcrumbList\",\"@id\":\"https:\/\/thevintagetraveler.com\/en\/produit\/coffret-goyard-vendome-toile-goyardine\/#breadcrumb\",\"itemListElement\":[{\"@type\":\"ListItem\",\"position\":1,\"name\":\"Accueil\",\"item\":\"https:\/\/thevintagetraveler.com\/en\/\"},{\"@type\":\"ListItem\",\"position\":2,\"name\":\"Shop\",\"item\":\"https:\/\/thevintagetraveler.com\/shop\/\"},{\"@type\":\"ListItem\",\"position\":3,\"name\":\"Petit Coffret Goyard Vend\u00f4me\"}]},{\"@type\":\"WebSite\",\"@id\":\"https:\/\/thevintagetraveler.com\/en\/#website\",\"url\":\"https:\/\/thevintagetraveler.com\/en\/\",\"name\":\"TheVintageTraveler\",\"description\":\"Luxury experts in Louis Vuitton, Chanel &amp; Herm\u00e8s\",\"publisher\":{\"@id\":\"https:\/\/thevintagetraveler.com\/en\/#organization\"},\"potentialAction\":[{\"@type\":\"SearchAction\",\"target\":{\"@type\":\"EntryPoint\",\"urlTemplate\":\"https:\/\/thevintagetraveler.com\/en\/?s={search_term_string}\"},\"query-input\":{\"@type\":\"PropertyValueSpecification\",\"valueRequired\":true,\"valueName\":\"search_term_string\"}}],\"inLanguage\":\"en-US\"},{\"@type\":\"Organization\",\"@id\":\"https:\/\/thevintagetraveler.com\/en\/#organization\",\"name\":\"TheVintageTraveler\",\"url\":\"https:\/\/thevintagetraveler.com\/en\/\",\"logo\":{\"@type\":\"ImageObject\",\"inLanguage\":\"en-US\",\"@id\":\"https:\/\/thevintagetraveler.com\/en\/#\/schema\/logo\/image\/\",\"url\":\"https:\/\/thevintagetraveler.com\/wp-content\/uploads\/2025\/04\/LOGO-THE-VINTAGE-TRAVELER-FINAL-e1745392697678.png\",\"contentUrl\":\"https:\/\/thevintagetraveler.com\/wp-content\/uploads\/2025\/04\/LOGO-THE-VINTAGE-TRAVELER-FINAL-e1745392697678.png\",\"width\":798,\"height\":318,\"caption\":\"TheVintageTraveler\"},\"image\":{\"@id\":\"https:\/\/thevintagetraveler.com\/en\/#\/schema\/logo\/image\/\"},\"sameAs\":[\"https:\/\/www.facebook.com\/TheVintageTravelerFR\/\",\"https:\/\/www.instagram.com\/the_vintagetraveler\"]}]}<\/script>\n<!-- \/ Yoast SEO plugin. -->","yoast_head_json":{"title":"Coffret Vend\u00f4me Goyard Goyardine | Parfait \u00c9tat","description":"Petit coffret Goyard Vend\u00f4me en toile Goyardine, int\u00e9rieur jaune, parfait \u00e9tat. Dimensions 17\u00d711\u00d75,5 cm. Objet rare et certifi\u00e9.","robots":{"index":"index","follow":"follow","max-snippet":"max-snippet:-1","max-image-preview":"max-image-preview:large","max-video-preview":"max-video-preview:-1"},"canonical":"https:\/\/thevintagetraveler.com\/en\/produit\/coffret-goyard-vendome-toile-goyardine\/","og_locale":"en_US","og_type":"article","og_title":"Coffret Vend\u00f4me Goyard Goyardine | Parfait \u00c9tat","og_description":"Petit coffret Goyard Vend\u00f4me en toile Goyardine, int\u00e9rieur jaune, parfait \u00e9tat. Dimensions 17\u00d711\u00d75,5 cm. Objet rare et certifi\u00e9.","og_url":"https:\/\/thevintagetraveler.com\/en\/produit\/coffret-goyard-vendome-toile-goyardine\/","og_site_name":"TheVintageTraveler","article_publisher":"https:\/\/www.facebook.com\/TheVintageTravelerFR\/","article_modified_time":"2026-01-10T13:13:16+00:00","og_image":[{"width":2560,"height":2560,"url":"https:\/\/thevintagetraveler.com\/\/wp-content\/uploads\/2026\/01\/20260108_105913.jpg","type":"image\/jpeg"}],"twitter_card":"summary_large_image","twitter_misc":{"Est. reading time":"3 minutes"},"schema":{"@context":"https:\/\/schema.org","@graph":[{"@type":"WebPage","@id":"https:\/\/thevintagetraveler.com\/en\/produit\/coffret-goyard-vendome-toile-goyardine\/","url":"https:\/\/thevintagetraveler.com\/en\/produit\/coffret-goyard-vendome-toile-goyardine\/","name":"Coffret Vend\u00f4me Goyard Goyardine | Parfait \u00c9tat","isPartOf":{"@id":"https:\/\/thevintagetraveler.com\/en\/#website"},"primaryImageOfPage":{"@id":"https:\/\/thevintagetraveler.com\/en\/produit\/coffret-goyard-vendome-toile-goyardine\/#primaryimage"},"image":{"@id":"https:\/\/thevintagetraveler.com\/en\/produit\/coffret-goyard-vendome-toile-goyardine\/#primaryimage"},"thumbnailUrl":"https:\/\/thevintagetraveler.com\/wp-content\/uploads\/2026\/01\/20260108_105913.jpg","datePublished":"2026-01-10T13:03:42+00:00","dateModified":"2026-01-10T13:13:16+00:00","description":"Petit coffret Goyard Vend\u00f4me en toile Goyardine, int\u00e9rieur jaune, parfait \u00e9tat. Dimensions 17\u00d711\u00d75,5 cm. Objet rare et certifi\u00e9.","breadcrumb":{"@id":"https:\/\/thevintagetraveler.com\/en\/produit\/coffret-goyard-vendome-toile-goyardine\/#breadcrumb"},"inLanguage":"en-US","potentialAction":[{"@type":"ReadAction","target":["https:\/\/thevintagetraveler.com\/en\/produit\/coffret-goyard-vendome-toile-goyardine\/"]}]},{"@type":"ImageObject","inLanguage":"en-US","@id":"https:\/\/thevintagetraveler.com\/en\/produit\/coffret-goyard-vendome-toile-goyardine\/#primaryimage","url":"https:\/\/thevintagetraveler.com\/wp-content\/uploads\/2026\/01\/20260108_105913.jpg","contentUrl":"https:\/\/thevintagetraveler.com\/wp-content\/uploads\/2026\/01\/20260108_105913.jpg","width":2560,"height":2560,"caption":"coffret Goyard Vend\u00f4me toile goyardine"},{"@type":"BreadcrumbList","@id":"https:\/\/thevintagetraveler.com\/en\/produit\/coffret-goyard-vendome-toile-goyardine\/#breadcrumb","itemListElement":[{"@type":"ListItem","position":1,"name":"Accueil","item":"https:\/\/thevintagetraveler.com\/en\/"},{"@type":"ListItem","position":2,"name":"Shop","item":"https:\/\/thevintagetraveler.com\/shop\/"},{"@type":"ListItem","position":3,"name":"Petit Coffret Goyard Vend\u00f4me"}]},{"@type":"WebSite","@id":"https:\/\/thevintagetraveler.com\/en\/#website","url":"https:\/\/thevintagetraveler.com\/en\/","name":"TheVintageTraveler","description":"Luxury experts in Louis Vuitton, Chanel &amp; Herm\u00e8s","publisher":{"@id":"https:\/\/thevintagetraveler.com\/en\/#organization"},"potentialAction":[{"@type":"SearchAction","target":{"@type":"EntryPoint","urlTemplate":"https:\/\/thevintagetraveler.com\/en\/?s={search_term_string}"},"query-input":{"@type":"PropertyValueSpecification","valueRequired":true,"valueName":"search_term_string"}}],"inLanguage":"en-US"},{"@type":"Organization","@id":"https:\/\/thevintagetraveler.com\/en\/#organization","name":"TheVintageTraveler","url":"https:\/\/thevintagetraveler.com\/en\/","logo":{"@type":"ImageObject","inLanguage":"en-US","@id":"https:\/\/thevintagetraveler.com\/en\/#\/schema\/logo\/image\/","url":"https:\/\/thevintagetraveler.com\/wp-content\/uploads\/2025\/04\/LOGO-THE-VINTAGE-TRAVELER-FINAL-e1745392697678.png","contentUrl":"https:\/\/thevintagetraveler.com\/wp-content\/uploads\/2025\/04\/LOGO-THE-VINTAGE-TRAVELER-FINAL-e1745392697678.png","width":798,"height":318,"caption":"TheVintageTraveler"},"image":{"@id":"https:\/\/thevintagetraveler.com\/en\/#\/schema\/logo\/image\/"},"sameAs":["https:\/\/www.facebook.com\/TheVintageTravelerFR\/","https:\/\/www.instagram.com\/the_vintagetraveler"]}]}},"_links":{"self":[{"href":"https:\/\/thevintagetraveler.com\/en\/wp-json\/wp\/v2\/product\/7285","targetHints":{"allow":["GET"]}}],"collection":[{"href":"https:\/\/thevintagetraveler.com\/en\/wp-json\/wp\/v2\/product"}],"about":[{"href":"https:\/\/thevintagetraveler.com\/en\/wp-json\/wp\/v2\/types\/product"}],"wp:featuredmedia":[{"embeddable":true,"href":"https:\/\/thevintagetraveler.com\/en\/wp-json\/wp\/v2\/media\/7288"}],"wp:attachment":[{"href":"https:\/\/thevintagetraveler.com\/en\/wp-json\/wp\/v2\/media?parent=7285"}],"wp:term":[{"taxonomy":"product_brand","embeddable":true,"href":"https:\/\/thevintagetraveler.com\/en\/wp-json\/wp\/v2\/product_brand?post=7285"},{"taxonomy":"product_cat","embeddable":true,"href":"https:\/\/thevintagetraveler.com\/en\/wp-json\/wp\/v2\/product_cat?post=7285"},{"taxonomy":"product_tag","embeddable":true,"href":"https:\/\/thevintagetraveler.com\/en\/wp-json\/wp\/v2\/product_tag?post=7285"}],"curies":[{"name":"wp","href":"https:\/\/api.w.org\/{rel}","templated":true}]}}