{"id":7417,"date":"2026-01-26T13:14:21","date_gmt":"2026-01-26T12:14:21","guid":{"rendered":"https:\/\/thevintagetraveler.com\/?post_type=product&#038;p=7417"},"modified":"2026-01-26T13:26:51","modified_gmt":"2026-01-26T12:26:51","slug":"hermes-kelly-depeche-25-epsom-noir-palladium-2021","status":"publish","type":"product","link":"https:\/\/thevintagetraveler.com\/en\/produit\/hermes-kelly-depeche-25-epsom-noir-palladium-2021\/","title":{"rendered":"Sac Herm\u00e8s Kelly D\u00e9p\u00eache 25 Epsom Noir"},"content":{"rendered":"<h3 data-start=\"1107\" data-end=\"1191\">Sac Herm\u00e8s Kelly D\u00e9p\u00eache 25 \u2013 Cuir Epsom Noir, Finitions Palladium, Ann\u00e9e 2021<\/h3>\n<p data-start=\"1193\" data-end=\"1512\">Ce <strong data-start=\"1196\" data-end=\"1223\">Kelly D\u00e9p\u00eache 25 Herm\u00e8s<\/strong> en <strong data-start=\"1227\" data-end=\"1246\">cuir Epsom noir<\/strong>, dot\u00e9 de <strong data-start=\"1256\" data-end=\"1279\">finitions palladium<\/strong>, est une <strong data-start=\"1289\" data-end=\"1333\">interpr\u00e9tation contemporaine et \u00e9l\u00e9gante<\/strong> de l\u2019iconique ligne Kelly. Dat\u00e9 de <strong data-start=\"1369\" data-end=\"1377\">2021<\/strong> et propos\u00e9 en <strong data-start=\"1392\" data-end=\"1415\">\u00e9tat quasiment neuf<\/strong>, il s\u00e9duit par son <strong data-start=\"1435\" data-end=\"1451\">design \u00e9pur\u00e9<\/strong>, sa <strong data-start=\"1456\" data-end=\"1478\">structure parfaite<\/strong> et sa <strong data-start=\"1485\" data-end=\"1511\">fonctionnalit\u00e9 moderne<\/strong>.<\/p>\n<p data-start=\"1514\" data-end=\"1683\">Pens\u00e9 comme une pochette sophistiqu\u00e9e, le <strong data-start=\"1556\" data-end=\"1573\">Kelly D\u00e9p\u00eache<\/strong> est particuli\u00e8rement appr\u00e9ci\u00e9 pour son <strong data-start=\"1613\" data-end=\"1631\">format compact<\/strong>, son <strong data-start=\"1637\" data-end=\"1654\">port\u00e9 discret<\/strong> et son <strong data-start=\"1662\" data-end=\"1682\">\u00e9l\u00e9gance unisexe<\/strong>.<\/p>\n<hr data-start=\"1685\" data-end=\"1688\" \/>\n<h3 data-start=\"1690\" data-end=\"1744\">Le Kelly D\u00e9p\u00eache 25 : minimalisme et raffinement<\/h3>\n<ul data-start=\"1746\" data-end=\"2071\">\n<li data-start=\"1746\" data-end=\"1825\">\n<p data-start=\"1748\" data-end=\"1825\">Le <strong data-start=\"1751\" data-end=\"1768\">Kelly D\u00e9p\u00eache<\/strong> revisite les codes <a href=\"https:\/\/thevintagetraveler.com\/histoire-sac-kelly-hermes\/\">Kelly<\/a> dans une version plus \u00e9pur\u00e9e.<\/p>\n<\/li>\n<li data-start=\"1826\" data-end=\"1903\">\n<p data-start=\"1828\" data-end=\"1903\">Le <strong data-start=\"1831\" data-end=\"1847\">format 25 cm<\/strong> est id\u00e9al pour transporter l\u2019essentiel avec \u00e9l\u00e9gance.<\/p>\n<\/li>\n<li data-start=\"1904\" data-end=\"2007\">\n<p data-start=\"1906\" data-end=\"2007\">Tr\u00e8s appr\u00e9ci\u00e9 pour un <strong data-start=\"1928\" data-end=\"1951\">usage professionnel<\/strong>, des sorties habill\u00e9es ou un style chic au quotidien.<\/p>\n<\/li>\n<li data-start=\"2008\" data-end=\"2071\">\n<p data-start=\"2010\" data-end=\"2071\">La <strong data-start=\"2013\" data-end=\"2025\">dragonne<\/strong> permet un port\u00e9 main s\u00e9curis\u00e9 et confortable.<\/p>\n<\/li>\n<\/ul>\n<hr data-start=\"2073\" data-end=\"2076\" \/>\n<h3 data-start=\"2078\" data-end=\"2121\">Cuir Epsom noir &amp; finitions palladium<\/h3>\n<ul data-start=\"2123\" data-end=\"2485\">\n<li data-start=\"2123\" data-end=\"2239\">\n<p data-start=\"2125\" data-end=\"2239\"><strong data-start=\"2125\" data-end=\"2139\">Cuir Epsom<\/strong> : cuir emboss\u00e9, rigide et extr\u00eamement r\u00e9sistant, parfait pour conserver une structure impeccable.<\/p>\n<\/li>\n<li data-start=\"2240\" data-end=\"2306\">\n<p data-start=\"2242\" data-end=\"2306\"><strong data-start=\"2242\" data-end=\"2250\">Noir<\/strong> : teinte intemporelle, \u00e9l\u00e9gante et facile \u00e0 assortir.<\/p>\n<\/li>\n<li data-start=\"2307\" data-end=\"2384\">\n<p data-start=\"2309\" data-end=\"2384\"><strong data-start=\"2309\" data-end=\"2332\">Finitions palladium<\/strong> : bijouterie argent\u00e9e moderne, sobre et raffin\u00e9e.<\/p>\n<\/li>\n<li data-start=\"2385\" data-end=\"2485\">\n<p data-start=\"2387\" data-end=\"2485\">L\u2019association Epsom + palladium est l\u2019une des plus demand\u00e9es sur les mod\u00e8les contemporains Herm\u00e8s.<\/p>\n<\/li>\n<\/ul>\n<hr data-start=\"2487\" data-end=\"2490\" \/>\n<h3 data-start=\"2492\" data-end=\"2525\">Caract\u00e9ristiques du produit<\/h3>\n<ul data-start=\"2527\" data-end=\"2872\">\n<li data-start=\"2527\" data-end=\"2550\">\n<p data-start=\"2529\" data-end=\"2550\"><strong data-start=\"2529\" data-end=\"2541\">Marque :<\/strong> <a href=\"https:\/\/thevintagetraveler.com\/vendre-sac-hermes\/\">Herm\u00e8s<\/a><\/p>\n<\/li>\n<li data-start=\"2551\" data-end=\"2581\">\n<p data-start=\"2553\" data-end=\"2581\"><strong data-start=\"2553\" data-end=\"2565\">Mod\u00e8le :<\/strong> Kelly D\u00e9p\u00eache<\/p>\n<\/li>\n<li data-start=\"2582\" data-end=\"2604\">\n<p data-start=\"2584\" data-end=\"2604\"><strong data-start=\"2584\" data-end=\"2596\">Taille :<\/strong> 25 cm<\/p>\n<\/li>\n<li data-start=\"2605\" data-end=\"2625\">\n<p data-start=\"2607\" data-end=\"2625\"><strong data-start=\"2607\" data-end=\"2618\">Ann\u00e9e :<\/strong> 2021<\/p>\n<\/li>\n<li data-start=\"2626\" data-end=\"2654\">\n<p data-start=\"2628\" data-end=\"2654\"><strong data-start=\"2628\" data-end=\"2641\">Mati\u00e8re :<\/strong> Cuir Epsom<\/p>\n<\/li>\n<li data-start=\"2655\" data-end=\"2677\">\n<p data-start=\"2657\" data-end=\"2677\"><strong data-start=\"2657\" data-end=\"2670\">Couleur :<\/strong> Noir<\/p>\n<\/li>\n<li data-start=\"2678\" data-end=\"2707\">\n<p data-start=\"2680\" data-end=\"2707\"><strong data-start=\"2680\" data-end=\"2695\">Finitions :<\/strong> Palladium<\/p>\n<\/li>\n<li data-start=\"2708\" data-end=\"2737\">\n<p data-start=\"2710\" data-end=\"2737\"><strong data-start=\"2710\" data-end=\"2726\">Accessoire :<\/strong> Dragonne<\/p>\n<\/li>\n<li data-start=\"2738\" data-end=\"2758\">\n<p data-start=\"2740\" data-end=\"2758\"><strong data-start=\"2740\" data-end=\"2751\">Port\u00e9 :<\/strong> Main<\/p>\n<\/li>\n<li data-start=\"2759\" data-end=\"2793\">\n<p data-start=\"2761\" data-end=\"2793\"><strong data-start=\"2761\" data-end=\"2771\">\u00c9tat :<\/strong> \u00c9tat quasiment neuf<\/p>\n<\/li>\n<li data-start=\"2794\" data-end=\"2872\">\n<p data-start=\"2796\" data-end=\"2872\"><strong data-start=\"2796\" data-end=\"2818\">Authentification :<\/strong> Certifi\u00e9 \u2013 livr\u00e9 avec certificat TheVintageTraveler<\/p>\n<\/li>\n<\/ul>\n<hr data-start=\"2874\" data-end=\"2877\" \/>\n<h3 data-start=\"2879\" data-end=\"2926\">Pourquoi ce Kelly D\u00e9p\u00eache est recherch\u00e9 ?<\/h3>\n<ul data-start=\"2928\" data-end=\"3158\">\n<li data-start=\"2928\" data-end=\"2969\">\n<p data-start=\"2930\" data-end=\"2969\">Mod\u00e8le <strong data-start=\"2937\" data-end=\"2966\">contemporain tr\u00e8s demand\u00e9<\/strong>.<\/p>\n<\/li>\n<li data-start=\"2970\" data-end=\"3018\">\n<p data-start=\"2972\" data-end=\"3018\">Cuir Epsom noir, ultra r\u00e9sistant et \u00e9l\u00e9gant.<\/p>\n<\/li>\n<li data-start=\"3019\" data-end=\"3063\">\n<p data-start=\"3021\" data-end=\"3063\">Finitions palladium, sobres et modernes.<\/p>\n<\/li>\n<li data-start=\"3064\" data-end=\"3095\">\n<p data-start=\"3066\" data-end=\"3095\">Format 25 pratique et chic.<\/p>\n<\/li>\n<li data-start=\"3096\" data-end=\"3158\">\n<p data-start=\"3098\" data-end=\"3158\">\u00c9tat quasi neuf, crit\u00e8re essentiel sur le march\u00e9 secondaire.<\/p>\n<\/li>\n<\/ul>\n<hr data-start=\"3160\" data-end=\"3163\" \/>\n<h3 data-start=\"3165\" data-end=\"3204\">Un excellent choix Herm\u00e8s moderne<\/h3>\n<ul data-start=\"3206\" data-end=\"3480\">\n<li data-start=\"3206\" data-end=\"3270\">\n<p data-start=\"3208\" data-end=\"3270\">Les <strong data-start=\"3212\" data-end=\"3229\">Kelly D\u00e9p\u00eache<\/strong> connaissent une popularit\u00e9 croissante.<\/p>\n<\/li>\n<li data-start=\"3271\" data-end=\"3321\">\n<p data-start=\"3273\" data-end=\"3321\">Alternative \u00e9l\u00e9gante aux sacs plus volumineux.<\/p>\n<\/li>\n<li data-start=\"3322\" data-end=\"3424\">\n<p data-start=\"3324\" data-end=\"3424\">Pi\u00e8ce id\u00e9ale pour une <strong data-start=\"3346\" data-end=\"3381\">collection Herm\u00e8s contemporaine<\/strong> ou un <strong data-start=\"3388\" data-end=\"3421\">usage quotidien haut de gamme<\/strong>.<\/p>\n<\/li>\n<li data-start=\"3425\" data-end=\"3480\">\n<p data-start=\"3427\" data-end=\"3480\">Tr\u00e8s bonne <strong data-start=\"3438\" data-end=\"3457\">tenue de valeur<\/strong> sur le march\u00e9 du luxe.<\/p>\n<\/li>\n<\/ul>\n<hr data-start=\"3482\" data-end=\"3485\" \/>\n<h3 data-start=\"3487\" data-end=\"3535\">Pourquoi acheter chez TheVintageTraveler ?<\/h3>\n<p data-start=\"3537\" data-end=\"3593\">Chez <strong data-start=\"3542\" data-end=\"3564\">TheVintageTraveler<\/strong>, chaque pi\u00e8ce Herm\u00e8s est :<\/p>\n<ul data-start=\"3595\" data-end=\"3882\">\n<li data-start=\"3595\" data-end=\"3643\">\n<p data-start=\"3597\" data-end=\"3643\"><strong data-start=\"3597\" data-end=\"3627\">Expertis\u00e9e et authentifi\u00e9e<\/strong> avec rigueur,<\/p>\n<\/li>\n<li data-start=\"3644\" data-end=\"3725\">\n<p data-start=\"3646\" data-end=\"3725\">s\u00e9lectionn\u00e9e pour son <strong data-start=\"3668\" data-end=\"3722\">\u00e9tat, sa d\u00e9sirabilit\u00e9 et son potentiel patrimonial<\/strong>,<\/p>\n<\/li>\n<li data-start=\"3726\" data-end=\"3772\">\n<p data-start=\"3728\" data-end=\"3772\">livr\u00e9e avec <strong data-start=\"3740\" data-end=\"3769\">certificat d\u2019authenticit\u00e9<\/strong>,<\/p>\n<\/li>\n<li data-start=\"3773\" data-end=\"3824\">\n<p data-start=\"3775\" data-end=\"3824\">disponible au <strong data-start=\"3789\" data-end=\"3821\">March\u00e9 Serpette \u2013 Saint-Ouen<\/strong>,<\/p>\n<\/li>\n<li data-start=\"3825\" data-end=\"3882\">\n<p data-start=\"3827\" data-end=\"3882\">ou exp\u00e9di\u00e9e via <strong data-start=\"3843\" data-end=\"3881\">livraison internationale s\u00e9curis\u00e9e<\/strong>.<\/p>\n<\/li>\n<\/ul>\n<hr data-start=\"3884\" data-end=\"3887\" \/>\n<h3 data-start=\"3889\" data-end=\"3905\">Conclusion<\/h3>\n<p data-start=\"3907\" data-end=\"4200\">Ce <strong data-start=\"3910\" data-end=\"3956\">Herm\u00e8s Kelly D\u00e9p\u00eache 25 en cuir Epsom noir<\/strong>, avec <strong data-start=\"3963\" data-end=\"3986\">finitions palladium<\/strong>, dat\u00e9 de <strong data-start=\"3996\" data-end=\"4004\">2021<\/strong> et en <strong data-start=\"4011\" data-end=\"4034\">\u00e9tat quasiment neuf<\/strong>, est une <strong data-start=\"4044\" data-end=\"4105\">pi\u00e8ce \u00e9l\u00e9gante, fonctionnelle et r\u00e9solument contemporaine<\/strong>. Un <strong data-start=\"4110\" data-end=\"4131\">choix d\u2019exception<\/strong> pour les amateurs de <strong data-start=\"4153\" data-end=\"4169\">luxe discret<\/strong> et de <strong data-start=\"4176\" data-end=\"4199\">savoir-faire Herm\u00e8s<\/strong>.<\/p>\n<p>Suivez &#8211; nous sur <a href=\"https:\/\/www.facebook.com\/TheVintageTravelerFR\">Facebook<\/a> et <a href=\"https:\/\/www.instagram.com\/the_vintagetraveler\/?igsh=aXdsbDJkdnpwZjcx#\">Instagram<\/a><\/p>\n","protected":false},"excerpt":{"rendered":"<p>Herm\u00e8s Kelly D\u00e9p\u00eache 25 en cuir Epsom noir, finitions palladium, dat\u00e9 de 2021. \u00c9tat quasiment neuf, avec dragonne. Chic et fonctionnel.<\/p>\n","protected":false},"featured_media":7425,"template":"","meta":[],"product_brand":[],"product_cat":[115,140,152,326,112],"product_tag":[136,148],"class_list":{"0":"post-7417","1":"product","2":"type-product","3":"status-publish","4":"has-post-thumbnail","6":"product_cat-hermes","7":"product_cat-nouveautes","8":"product_cat-sac-a-main","9":"product_cat-sac-homme","10":"product_cat-sacs","11":"product_tag-hermes","12":"product_tag-hermeskelly","14":"first","15":"instock","16":"sold-individually","17":"shipping-taxable","18":"purchasable","19":"product-type-simple"},"yoast_head":"<!-- This site is optimized with the Yoast SEO plugin v27.1.1 - https:\/\/yoast.com\/product\/yoast-seo-wordpress\/ -->\n<title>Herm\u00e8s Kelly D\u00e9p\u00eache 25 Epsom Noir Palladium<\/title>\n<meta name=\"description\" content=\"Herm\u00e8s Kelly D\u00e9p\u00eache 25 en cuir Epsom noir, finitions palladium, 2021. \u00c9tat quasiment neuf, avec dragonne. \u00c9l\u00e9gant et pratique.\" \/>\n<meta name=\"robots\" content=\"index, follow, max-snippet:-1, max-image-preview:large, max-video-preview:-1\" \/>\n<link rel=\"canonical\" href=\"https:\/\/thevintagetraveler.com\/en\/produit\/hermes-kelly-depeche-25-epsom-noir-palladium-2021\/\" \/>\n<meta property=\"og:locale\" content=\"en_US\" \/>\n<meta property=\"og:type\" content=\"article\" \/>\n<meta property=\"og:title\" content=\"Herm\u00e8s Kelly D\u00e9p\u00eache 25 Epsom Noir Palladium\" \/>\n<meta property=\"og:description\" content=\"Herm\u00e8s Kelly D\u00e9p\u00eache 25 en cuir Epsom noir, finitions palladium, 2021. \u00c9tat quasiment neuf, avec dragonne. \u00c9l\u00e9gant et pratique.\" \/>\n<meta property=\"og:url\" content=\"https:\/\/thevintagetraveler.com\/en\/produit\/hermes-kelly-depeche-25-epsom-noir-palladium-2021\/\" \/>\n<meta property=\"og:site_name\" content=\"TheVintageTraveler\" \/>\n<meta property=\"article:publisher\" content=\"https:\/\/www.facebook.com\/TheVintageTravelerFR\/\" \/>\n<meta property=\"article:modified_time\" content=\"2026-01-26T12:26:51+00:00\" \/>\n<meta property=\"og:image\" content=\"https:\/\/thevintagetraveler.com\/wp-content\/uploads\/2026\/01\/image00008-1.jpeg\" \/>\n\t<meta property=\"og:image:width\" content=\"1800\" \/>\n\t<meta property=\"og:image:height\" content=\"2400\" \/>\n\t<meta property=\"og:image:type\" content=\"image\/jpeg\" \/>\n<meta name=\"twitter:card\" content=\"summary_large_image\" \/>\n<meta name=\"twitter:label1\" content=\"Est. reading time\" \/>\n\t<meta name=\"twitter:data1\" content=\"3 minutes\" \/>\n<script type=\"application\/ld+json\" class=\"yoast-schema-graph\">{\"@context\":\"https:\/\/schema.org\",\"@graph\":[{\"@type\":\"WebPage\",\"@id\":\"https:\/\/thevintagetraveler.com\/en\/produit\/hermes-kelly-depeche-25-epsom-noir-palladium-2021\/\",\"url\":\"https:\/\/thevintagetraveler.com\/en\/produit\/hermes-kelly-depeche-25-epsom-noir-palladium-2021\/\",\"name\":\"Herm\u00e8s Kelly D\u00e9p\u00eache 25 Epsom Noir Palladium\",\"isPartOf\":{\"@id\":\"https:\/\/thevintagetraveler.com\/en\/#website\"},\"primaryImageOfPage\":{\"@id\":\"https:\/\/thevintagetraveler.com\/en\/produit\/hermes-kelly-depeche-25-epsom-noir-palladium-2021\/#primaryimage\"},\"image\":{\"@id\":\"https:\/\/thevintagetraveler.com\/en\/produit\/hermes-kelly-depeche-25-epsom-noir-palladium-2021\/#primaryimage\"},\"thumbnailUrl\":\"https:\/\/thevintagetraveler.com\/wp-content\/uploads\/2026\/01\/image00008-1.jpeg\",\"datePublished\":\"2026-01-26T12:14:21+00:00\",\"dateModified\":\"2026-01-26T12:26:51+00:00\",\"description\":\"Herm\u00e8s Kelly D\u00e9p\u00eache 25 en cuir Epsom noir, finitions palladium, 2021. \u00c9tat quasiment neuf, avec dragonne. \u00c9l\u00e9gant et pratique.\",\"breadcrumb\":{\"@id\":\"https:\/\/thevintagetraveler.com\/en\/produit\/hermes-kelly-depeche-25-epsom-noir-palladium-2021\/#breadcrumb\"},\"inLanguage\":\"en-US\",\"potentialAction\":[{\"@type\":\"ReadAction\",\"target\":[\"https:\/\/thevintagetraveler.com\/en\/produit\/hermes-kelly-depeche-25-epsom-noir-palladium-2021\/\"]}]},{\"@type\":\"ImageObject\",\"inLanguage\":\"en-US\",\"@id\":\"https:\/\/thevintagetraveler.com\/en\/produit\/hermes-kelly-depeche-25-epsom-noir-palladium-2021\/#primaryimage\",\"url\":\"https:\/\/thevintagetraveler.com\/wp-content\/uploads\/2026\/01\/image00008-1.jpeg\",\"contentUrl\":\"https:\/\/thevintagetraveler.com\/wp-content\/uploads\/2026\/01\/image00008-1.jpeg\",\"width\":1800,\"height\":2400,\"caption\":\"sac Herm\u00e8s Kelly D\u00e9p\u00eache 25 cuir Epsom noir palladium 2021\"},{\"@type\":\"BreadcrumbList\",\"@id\":\"https:\/\/thevintagetraveler.com\/en\/produit\/hermes-kelly-depeche-25-epsom-noir-palladium-2021\/#breadcrumb\",\"itemListElement\":[{\"@type\":\"ListItem\",\"position\":1,\"name\":\"Accueil\",\"item\":\"https:\/\/thevintagetraveler.com\/en\/\"},{\"@type\":\"ListItem\",\"position\":2,\"name\":\"Shop\",\"item\":\"https:\/\/thevintagetraveler.com\/shop\/\"},{\"@type\":\"ListItem\",\"position\":3,\"name\":\"Sac Herm\u00e8s Kelly D\u00e9p\u00eache 25 Epsom Noir\"}]},{\"@type\":\"WebSite\",\"@id\":\"https:\/\/thevintagetraveler.com\/en\/#website\",\"url\":\"https:\/\/thevintagetraveler.com\/en\/\",\"name\":\"TheVintageTraveler\",\"description\":\"Luxury experts in Louis Vuitton, Chanel &amp; Herm\u00e8s\",\"publisher\":{\"@id\":\"https:\/\/thevintagetraveler.com\/en\/#organization\"},\"potentialAction\":[{\"@type\":\"SearchAction\",\"target\":{\"@type\":\"EntryPoint\",\"urlTemplate\":\"https:\/\/thevintagetraveler.com\/en\/?s={search_term_string}\"},\"query-input\":{\"@type\":\"PropertyValueSpecification\",\"valueRequired\":true,\"valueName\":\"search_term_string\"}}],\"inLanguage\":\"en-US\"},{\"@type\":\"Organization\",\"@id\":\"https:\/\/thevintagetraveler.com\/en\/#organization\",\"name\":\"TheVintageTraveler\",\"url\":\"https:\/\/thevintagetraveler.com\/en\/\",\"logo\":{\"@type\":\"ImageObject\",\"inLanguage\":\"en-US\",\"@id\":\"https:\/\/thevintagetraveler.com\/en\/#\/schema\/logo\/image\/\",\"url\":\"https:\/\/thevintagetraveler.com\/wp-content\/uploads\/2025\/04\/LOGO-THE-VINTAGE-TRAVELER-FINAL-e1745392697678.png\",\"contentUrl\":\"https:\/\/thevintagetraveler.com\/wp-content\/uploads\/2025\/04\/LOGO-THE-VINTAGE-TRAVELER-FINAL-e1745392697678.png\",\"width\":798,\"height\":318,\"caption\":\"TheVintageTraveler\"},\"image\":{\"@id\":\"https:\/\/thevintagetraveler.com\/en\/#\/schema\/logo\/image\/\"},\"sameAs\":[\"https:\/\/www.facebook.com\/TheVintageTravelerFR\/\",\"https:\/\/www.instagram.com\/the_vintagetraveler\"]}]}<\/script>\n<!-- \/ Yoast SEO plugin. -->","yoast_head_json":{"title":"Herm\u00e8s Kelly D\u00e9p\u00eache 25 Epsom Noir Palladium","description":"Herm\u00e8s Kelly D\u00e9p\u00eache 25 en cuir Epsom noir, finitions palladium, 2021. \u00c9tat quasiment neuf, avec dragonne. \u00c9l\u00e9gant et pratique.","robots":{"index":"index","follow":"follow","max-snippet":"max-snippet:-1","max-image-preview":"max-image-preview:large","max-video-preview":"max-video-preview:-1"},"canonical":"https:\/\/thevintagetraveler.com\/en\/produit\/hermes-kelly-depeche-25-epsom-noir-palladium-2021\/","og_locale":"en_US","og_type":"article","og_title":"Herm\u00e8s Kelly D\u00e9p\u00eache 25 Epsom Noir Palladium","og_description":"Herm\u00e8s Kelly D\u00e9p\u00eache 25 en cuir Epsom noir, finitions palladium, 2021. \u00c9tat quasiment neuf, avec dragonne. \u00c9l\u00e9gant et pratique.","og_url":"https:\/\/thevintagetraveler.com\/en\/produit\/hermes-kelly-depeche-25-epsom-noir-palladium-2021\/","og_site_name":"TheVintageTraveler","article_publisher":"https:\/\/www.facebook.com\/TheVintageTravelerFR\/","article_modified_time":"2026-01-26T12:26:51+00:00","og_image":[{"width":1800,"height":2400,"url":"https:\/\/thevintagetraveler.com\/wp-content\/uploads\/2026\/01\/image00008-1.jpeg","type":"image\/jpeg"}],"twitter_card":"summary_large_image","twitter_misc":{"Est. reading time":"3 minutes"},"schema":{"@context":"https:\/\/schema.org","@graph":[{"@type":"WebPage","@id":"https:\/\/thevintagetraveler.com\/en\/produit\/hermes-kelly-depeche-25-epsom-noir-palladium-2021\/","url":"https:\/\/thevintagetraveler.com\/en\/produit\/hermes-kelly-depeche-25-epsom-noir-palladium-2021\/","name":"Herm\u00e8s Kelly D\u00e9p\u00eache 25 Epsom Noir Palladium","isPartOf":{"@id":"https:\/\/thevintagetraveler.com\/en\/#website"},"primaryImageOfPage":{"@id":"https:\/\/thevintagetraveler.com\/en\/produit\/hermes-kelly-depeche-25-epsom-noir-palladium-2021\/#primaryimage"},"image":{"@id":"https:\/\/thevintagetraveler.com\/en\/produit\/hermes-kelly-depeche-25-epsom-noir-palladium-2021\/#primaryimage"},"thumbnailUrl":"https:\/\/thevintagetraveler.com\/wp-content\/uploads\/2026\/01\/image00008-1.jpeg","datePublished":"2026-01-26T12:14:21+00:00","dateModified":"2026-01-26T12:26:51+00:00","description":"Herm\u00e8s Kelly D\u00e9p\u00eache 25 en cuir Epsom noir, finitions palladium, 2021. \u00c9tat quasiment neuf, avec dragonne. \u00c9l\u00e9gant et pratique.","breadcrumb":{"@id":"https:\/\/thevintagetraveler.com\/en\/produit\/hermes-kelly-depeche-25-epsom-noir-palladium-2021\/#breadcrumb"},"inLanguage":"en-US","potentialAction":[{"@type":"ReadAction","target":["https:\/\/thevintagetraveler.com\/en\/produit\/hermes-kelly-depeche-25-epsom-noir-palladium-2021\/"]}]},{"@type":"ImageObject","inLanguage":"en-US","@id":"https:\/\/thevintagetraveler.com\/en\/produit\/hermes-kelly-depeche-25-epsom-noir-palladium-2021\/#primaryimage","url":"https:\/\/thevintagetraveler.com\/wp-content\/uploads\/2026\/01\/image00008-1.jpeg","contentUrl":"https:\/\/thevintagetraveler.com\/wp-content\/uploads\/2026\/01\/image00008-1.jpeg","width":1800,"height":2400,"caption":"sac Herm\u00e8s Kelly D\u00e9p\u00eache 25 cuir Epsom noir palladium 2021"},{"@type":"BreadcrumbList","@id":"https:\/\/thevintagetraveler.com\/en\/produit\/hermes-kelly-depeche-25-epsom-noir-palladium-2021\/#breadcrumb","itemListElement":[{"@type":"ListItem","position":1,"name":"Accueil","item":"https:\/\/thevintagetraveler.com\/en\/"},{"@type":"ListItem","position":2,"name":"Shop","item":"https:\/\/thevintagetraveler.com\/shop\/"},{"@type":"ListItem","position":3,"name":"Sac Herm\u00e8s Kelly D\u00e9p\u00eache 25 Epsom Noir"}]},{"@type":"WebSite","@id":"https:\/\/thevintagetraveler.com\/en\/#website","url":"https:\/\/thevintagetraveler.com\/en\/","name":"TheVintageTraveler","description":"Luxury experts in Louis Vuitton, Chanel &amp; Herm\u00e8s","publisher":{"@id":"https:\/\/thevintagetraveler.com\/en\/#organization"},"potentialAction":[{"@type":"SearchAction","target":{"@type":"EntryPoint","urlTemplate":"https:\/\/thevintagetraveler.com\/en\/?s={search_term_string}"},"query-input":{"@type":"PropertyValueSpecification","valueRequired":true,"valueName":"search_term_string"}}],"inLanguage":"en-US"},{"@type":"Organization","@id":"https:\/\/thevintagetraveler.com\/en\/#organization","name":"TheVintageTraveler","url":"https:\/\/thevintagetraveler.com\/en\/","logo":{"@type":"ImageObject","inLanguage":"en-US","@id":"https:\/\/thevintagetraveler.com\/en\/#\/schema\/logo\/image\/","url":"https:\/\/thevintagetraveler.com\/wp-content\/uploads\/2025\/04\/LOGO-THE-VINTAGE-TRAVELER-FINAL-e1745392697678.png","contentUrl":"https:\/\/thevintagetraveler.com\/wp-content\/uploads\/2025\/04\/LOGO-THE-VINTAGE-TRAVELER-FINAL-e1745392697678.png","width":798,"height":318,"caption":"TheVintageTraveler"},"image":{"@id":"https:\/\/thevintagetraveler.com\/en\/#\/schema\/logo\/image\/"},"sameAs":["https:\/\/www.facebook.com\/TheVintageTravelerFR\/","https:\/\/www.instagram.com\/the_vintagetraveler"]}]}},"_links":{"self":[{"href":"https:\/\/thevintagetraveler.com\/en\/wp-json\/wp\/v2\/product\/7417","targetHints":{"allow":["GET"]}}],"collection":[{"href":"https:\/\/thevintagetraveler.com\/en\/wp-json\/wp\/v2\/product"}],"about":[{"href":"https:\/\/thevintagetraveler.com\/en\/wp-json\/wp\/v2\/types\/product"}],"wp:featuredmedia":[{"embeddable":true,"href":"https:\/\/thevintagetraveler.com\/en\/wp-json\/wp\/v2\/media\/7425"}],"wp:attachment":[{"href":"https:\/\/thevintagetraveler.com\/en\/wp-json\/wp\/v2\/media?parent=7417"}],"wp:term":[{"taxonomy":"product_brand","embeddable":true,"href":"https:\/\/thevintagetraveler.com\/en\/wp-json\/wp\/v2\/product_brand?post=7417"},{"taxonomy":"product_cat","embeddable":true,"href":"https:\/\/thevintagetraveler.com\/en\/wp-json\/wp\/v2\/product_cat?post=7417"},{"taxonomy":"product_tag","embeddable":true,"href":"https:\/\/thevintagetraveler.com\/en\/wp-json\/wp\/v2\/product_tag?post=7417"}],"curies":[{"name":"wp","href":"https:\/\/api.w.org\/{rel}","templated":true}]}}