{"id":7445,"date":"2025-01-26T14:26:30","date_gmt":"2025-01-26T13:26:30","guid":{"rendered":"https:\/\/thevintagetraveler.com\/?post_type=product&#038;p=7445"},"modified":"2026-04-14T10:39:38","modified_gmt":"2026-04-14T08:39:38","slug":"boite-a-bijoux-louis-vuitton-vintage-annees-60-monogram","status":"publish","type":"product","link":"https:\/\/thevintagetraveler.com\/en\/produit\/boite-a-bijoux-louis-vuitton-vintage-annees-60-monogram\/","title":{"rendered":"Boite \u00e0 Bijoux Louis Vuitton Vintage"},"content":{"rendered":"<h3 data-start=\"1144\" data-end=\"1214\">Bo\u00eete \u00e0 Bijoux Louis Vuitton Vintage \u2013 Toile Monogram, Ann\u00e9es 1960<\/h3>\n<p data-start=\"1216\" data-end=\"1565\">Cette <strong data-start=\"1222\" data-end=\"1262\">bo\u00eete \u00e0 bijoux Louis Vuitton vintage<\/strong>, r\u00e9alis\u00e9e en <strong data-start=\"1276\" data-end=\"1294\">toile Monogram<\/strong> et dat\u00e9e des <strong data-start=\"1308\" data-end=\"1323\">ann\u00e9es 1960<\/strong>, est un <strong data-start=\"1332\" data-end=\"1386\">objet embl\u00e9matique de l\u2019art de vivre Louis Vuitton<\/strong>. Propos\u00e9e en <strong data-start=\"1400\" data-end=\"1417\">tr\u00e8s bon \u00e9tat<\/strong>, elle se distingue par sa <strong data-start=\"1444\" data-end=\"1482\">configuration \u00e0 deux compartiments<\/strong>, dont <strong data-start=\"1489\" data-end=\"1512\">un plateau amovible<\/strong>, offrant une organisation \u00e9l\u00e9gante et fonctionnelle.<\/p>\n<p data-start=\"1567\" data-end=\"1778\">V\u00e9ritable t\u00e9moin du savoir-faire de <strong data-start=\"1603\" data-end=\"1644\"><span class=\"hover:entity-accent entity-underline inline cursor-pointer align-baseline\"><span class=\"whitespace-normal\">Louis Vuitton<\/span><\/span><\/strong>, cette pi\u00e8ce ancienne est aujourd\u2019hui <strong data-start=\"1683\" data-end=\"1705\">rare sur le march\u00e9<\/strong>, tr\u00e8s recherch\u00e9e par les collectionneurs et amateurs d\u2019objets iconiques.<\/p>\n<hr data-start=\"1780\" data-end=\"1783\" \/>\n<h3 data-start=\"1785\" data-end=\"1831\">Un objet Louis Vuitton rare et authentique<\/h3>\n<ul data-start=\"1833\" data-end=\"2116\">\n<li data-start=\"1833\" data-end=\"1942\">\n<p data-start=\"1835\" data-end=\"1942\">Production <strong data-start=\"1846\" data-end=\"1859\">ann\u00e9es 60<\/strong>, p\u00e9riode particuli\u00e8rement pris\u00e9e pour la qualit\u00e9 des mat\u00e9riaux et des finitions.<\/p>\n<\/li>\n<li data-start=\"1943\" data-end=\"1998\">\n<p data-start=\"1945\" data-end=\"1998\"><strong data-start=\"1945\" data-end=\"1972\">Toile Monogram d\u2019\u00e9poque<\/strong>, patin\u00e9e avec \u00e9l\u00e9gance.<\/p>\n<\/li>\n<li data-start=\"1999\" data-end=\"2055\">\n<p data-start=\"2001\" data-end=\"2055\">Conception robuste, pens\u00e9e pour durer dans le temps.<\/p>\n<\/li>\n<li data-start=\"2056\" data-end=\"2116\">\n<p data-start=\"2058\" data-end=\"2116\">Objet \u00e0 la fois <strong data-start=\"2074\" data-end=\"2115\">fonctionnel, d\u00e9coratif et patrimonial<\/strong>.<\/p>\n<\/li>\n<\/ul>\n<hr data-start=\"2118\" data-end=\"2121\" \/>\n<h3 data-start=\"2123\" data-end=\"2186\">Deux compartiments dont un amovible : praticit\u00e9 et \u00e9l\u00e9gance<\/h3>\n<ul data-start=\"2188\" data-end=\"2466\">\n<li data-start=\"2188\" data-end=\"2255\">\n<p data-start=\"2190\" data-end=\"2255\"><strong data-start=\"2190\" data-end=\"2216\">Compartiment principal<\/strong> spacieux pour bijoux et accessoires.<\/p>\n<\/li>\n<li data-start=\"2256\" data-end=\"2319\">\n<p data-start=\"2258\" data-end=\"2319\"><strong data-start=\"2258\" data-end=\"2278\">Plateau amovible<\/strong> permettant une organisation modulable.<\/p>\n<\/li>\n<li data-start=\"2320\" data-end=\"2384\">\n<p data-start=\"2322\" data-end=\"2384\">Id\u00e9al pour ranger <strong data-start=\"2340\" data-end=\"2381\">bijoux, montres, accessoires pr\u00e9cieux<\/strong>.<\/p>\n<\/li>\n<li data-start=\"2385\" data-end=\"2466\">\n<p data-start=\"2387\" data-end=\"2466\">Solution de rangement haut de gamme, bien sup\u00e9rieure aux bo\u00eetes contemporaines.<\/p>\n<\/li>\n<\/ul>\n<hr data-start=\"2468\" data-end=\"2471\" \/>\n<h3 data-start=\"2473\" data-end=\"2504\">Caract\u00e9ristiques du produit<\/h3>\n<ul data-start=\"2506\" data-end=\"2897\">\n<li data-start=\"2506\" data-end=\"2536\">\n<p data-start=\"2508\" data-end=\"2536\"><strong data-start=\"2508\" data-end=\"2520\">Marque :<\/strong> <a href=\"https:\/\/thevintagetraveler.com\/achat-malle-louis-vuitton\/\">Louis Vuitton<\/a><\/p>\n<\/li>\n<li data-start=\"2537\" data-end=\"2568\">\n<p data-start=\"2539\" data-end=\"2568\"><strong data-start=\"2539\" data-end=\"2551\">Mod\u00e8le :<\/strong> Bo\u00eete \u00e0 bijoux<\/p>\n<\/li>\n<li data-start=\"2569\" data-end=\"2597\">\n<p data-start=\"2571\" data-end=\"2597\"><strong data-start=\"2571\" data-end=\"2583\">\u00c9poque :<\/strong> Ann\u00e9es 1960<\/p>\n<\/li>\n<li data-start=\"2598\" data-end=\"2630\">\n<p data-start=\"2600\" data-end=\"2630\"><strong data-start=\"2600\" data-end=\"2613\">Mati\u00e8re :<\/strong> Toile Monogram<\/p>\n<\/li>\n<li data-start=\"2631\" data-end=\"2677\">\n<p data-start=\"2633\" data-end=\"2677\"><strong data-start=\"2633\" data-end=\"2652\">Compartiments :<\/strong> Deux, dont un amovible<\/p>\n<\/li>\n<li data-start=\"2678\" data-end=\"2781\">\n<p data-start=\"2680\" data-end=\"2698\"><strong data-start=\"2680\" data-end=\"2696\">Dimensions :<\/strong><\/p>\n<ul data-start=\"2701\" data-end=\"2781\">\n<li data-start=\"2701\" data-end=\"2726\">\n<p data-start=\"2703\" data-end=\"2726\">Largeur : <strong data-start=\"2713\" data-end=\"2724\">31,5 cm<\/strong><\/p>\n<\/li>\n<li data-start=\"2729\" data-end=\"2752\">\n<p data-start=\"2731\" data-end=\"2752\">Hauteur : <strong data-start=\"2741\" data-end=\"2750\">10 cm<\/strong><\/p>\n<\/li>\n<li data-start=\"2755\" data-end=\"2781\">\n<p data-start=\"2757\" data-end=\"2781\">Profondeur : <strong data-start=\"2770\" data-end=\"2779\">22 cm<\/strong><\/p>\n<\/li>\n<\/ul>\n<\/li>\n<li data-start=\"2782\" data-end=\"2818\">\n<p data-start=\"2784\" data-end=\"2818\"><strong data-start=\"2784\" data-end=\"2794\">\u00c9tat :<\/strong> Tr\u00e8s bon \u00e9tat vintage<\/p>\n<\/li>\n<li data-start=\"2819\" data-end=\"2897\">\n<p data-start=\"2821\" data-end=\"2897\"><strong data-start=\"2821\" data-end=\"2843\">Authentification :<\/strong> Certifi\u00e9e \u2013 livr\u00e9e avec certificat TheVintageTraveler<\/p>\n<\/li>\n<\/ul>\n<hr data-start=\"2899\" data-end=\"2902\" \/>\n<h3 data-start=\"2904\" data-end=\"2946\">Un objet polyvalent et collectionnable<\/h3>\n<p data-start=\"2948\" data-end=\"3008\">Cette bo\u00eete \u00e0 bijoux Louis Vuitton vintage est id\u00e9ale pour :<\/p>\n<ul data-start=\"3010\" data-end=\"3253\">\n<li data-start=\"3010\" data-end=\"3061\">\n<p data-start=\"3012\" data-end=\"3061\">organiser et prot\u00e9ger des <strong data-start=\"3038\" data-end=\"3058\">bijoux de valeur<\/strong>,<\/p>\n<\/li>\n<li data-start=\"3062\" data-end=\"3142\">\n<p data-start=\"3064\" data-end=\"3142\">servir d\u2019<strong data-start=\"3073\" data-end=\"3092\">objet d\u00e9coratif<\/strong> dans un dressing ou un int\u00e9rieur haut de gamme,<\/p>\n<\/li>\n<li data-start=\"3143\" data-end=\"3199\">\n<p data-start=\"3145\" data-end=\"3199\">compl\u00e9ter une <strong data-start=\"3159\" data-end=\"3196\">collection Louis Vuitton ancienne<\/strong>,<\/p>\n<\/li>\n<li data-start=\"3200\" data-end=\"3253\">\n<p data-start=\"3202\" data-end=\"3253\">offrir un <strong data-start=\"3212\" data-end=\"3234\">cadeau d\u2019exception<\/strong> charg\u00e9 d\u2019histoire.<\/p>\n<\/li>\n<\/ul>\n<p data-start=\"3255\" data-end=\"3370\">Son format \u00e9quilibr\u00e9 et son esth\u00e9tique intemporelle en font une pi\u00e8ce facile \u00e0 int\u00e9grer dans tout type d\u2019int\u00e9rieur.<\/p>\n<hr data-start=\"3372\" data-end=\"3375\" \/>\n<h3 data-start=\"3377\" data-end=\"3432\">Pourquoi cette bo\u00eete \u00e0 bijoux est tr\u00e8s recherch\u00e9e ?<\/h3>\n<ul data-start=\"3434\" data-end=\"3740\">\n<li data-start=\"3434\" data-end=\"3479\">\n<p data-start=\"3436\" data-end=\"3479\">Datation <strong data-start=\"3445\" data-end=\"3458\">ann\u00e9es 60<\/strong>, aujourd\u2019hui rare.<\/p>\n<\/li>\n<li data-start=\"3480\" data-end=\"3544\">\n<p data-start=\"3482\" data-end=\"3544\">Toile Monogram ancienne, tr\u00e8s appr\u00e9ci\u00e9e des collectionneurs.<\/p>\n<\/li>\n<li data-start=\"3545\" data-end=\"3621\">\n<p data-start=\"3547\" data-end=\"3621\"><strong data-start=\"3547\" data-end=\"3567\">Plateau amovible<\/strong>, \u00e9l\u00e9ment souvent manquant sur le march\u00e9 secondaire.<\/p>\n<\/li>\n<li data-start=\"3622\" data-end=\"3681\">\n<p data-start=\"3624\" data-end=\"3681\">Tr\u00e8s bon \u00e9tat g\u00e9n\u00e9ral pour une pi\u00e8ce de plus de 60 ans.<\/p>\n<\/li>\n<li data-start=\"3682\" data-end=\"3740\">\n<p data-start=\"3684\" data-end=\"3740\">Forte demande pour les <strong data-start=\"3707\" data-end=\"3739\">objets Louis Vuitton vintage<\/strong>.<\/p>\n<\/li>\n<\/ul>\n<hr data-start=\"3742\" data-end=\"3745\" \/>\n<h3 data-start=\"3747\" data-end=\"3800\">Un excellent investissement Louis Vuitton vintage<\/h3>\n<ul data-start=\"3802\" data-end=\"4052\">\n<li data-start=\"3802\" data-end=\"3884\">\n<p data-start=\"3804\" data-end=\"3884\">Les objets Louis Vuitton anciens conservent une <strong data-start=\"3852\" data-end=\"3881\">forte valeur patrimoniale<\/strong>.<\/p>\n<\/li>\n<li data-start=\"3885\" data-end=\"3969\">\n<p data-start=\"3887\" data-end=\"3969\">Les bo\u00eetes \u00e0 bijoux vintage sont de plus en plus difficiles \u00e0 trouver compl\u00e8tes.<\/p>\n<\/li>\n<li data-start=\"3970\" data-end=\"4052\">\n<p data-start=\"3972\" data-end=\"4052\">Une pi\u00e8ce d\u00e9corative et fonctionnelle, au <strong data-start=\"4014\" data-end=\"4051\">potentiel de valorisation durable<\/strong>.<\/p>\n<\/li>\n<\/ul>\n<hr data-start=\"4054\" data-end=\"4057\" \/>\n<h3 data-start=\"4059\" data-end=\"4105\">Pourquoi acheter chez TheVintageTraveler ?<\/h3>\n<p data-start=\"4107\" data-end=\"4168\">Chez <strong data-start=\"4112\" data-end=\"4134\">TheVintageTraveler<\/strong>, chaque pi\u00e8ce Louis Vuitton est :<\/p>\n<ul data-start=\"4170\" data-end=\"4448\">\n<li data-start=\"4170\" data-end=\"4218\">\n<p data-start=\"4172\" data-end=\"4218\"><strong data-start=\"4172\" data-end=\"4202\">Expertis\u00e9e et authentifi\u00e9e<\/strong> avec rigueur,<\/p>\n<\/li>\n<li data-start=\"4219\" data-end=\"4291\">\n<p data-start=\"4221\" data-end=\"4291\">s\u00e9lectionn\u00e9e pour sa <strong data-start=\"4242\" data-end=\"4288\">raret\u00e9, son \u00e9tat et son int\u00e9r\u00eat historique<\/strong>,<\/p>\n<\/li>\n<li data-start=\"4292\" data-end=\"4338\">\n<p data-start=\"4294\" data-end=\"4338\">livr\u00e9e avec <strong data-start=\"4306\" data-end=\"4335\">certificat d\u2019authenticit\u00e9<\/strong>,<\/p>\n<\/li>\n<li data-start=\"4339\" data-end=\"4390\">\n<p data-start=\"4341\" data-end=\"4390\">disponible au <strong data-start=\"4355\" data-end=\"4387\">March\u00e9 Serpette \u2013 Saint-Ouen<\/strong>,<\/p>\n<\/li>\n<li data-start=\"4391\" data-end=\"4448\">\n<p data-start=\"4393\" data-end=\"4448\">ou exp\u00e9di\u00e9e via <strong data-start=\"4409\" data-end=\"4447\">livraison internationale s\u00e9curis\u00e9e<\/strong>.<\/p>\n<\/li>\n<\/ul>\n<hr data-start=\"4450\" data-end=\"4453\" \/>\n<h3 data-start=\"4455\" data-end=\"4469\">Conclusion<\/h3>\n<p data-start=\"4471\" data-end=\"4794\">Cette <strong data-start=\"4477\" data-end=\"4531\">bo\u00eete \u00e0 bijoux Louis Vuitton vintage des ann\u00e9es 60<\/strong>, en <strong data-start=\"4536\" data-end=\"4554\">toile Monogram<\/strong>, en <strong data-start=\"4559\" data-end=\"4576\">tr\u00e8s bon \u00e9tat<\/strong>, avec <strong data-start=\"4583\" data-end=\"4622\">deux compartiments dont un amovible<\/strong>, est une <strong data-start=\"4632\" data-end=\"4685\">pi\u00e8ce rare, \u00e9l\u00e9gante et hautement collectionnable<\/strong>. Un <strong data-start=\"4690\" data-end=\"4711\">choix d\u2019exception<\/strong> pour les amateurs de <strong data-start=\"4733\" data-end=\"4757\">Louis Vuitton ancien<\/strong> et d\u2019<strong data-start=\"4763\" data-end=\"4793\">objets de luxe intemporels<\/strong>.<\/p>\n<p>Suivez &#8211; nous sur <a href=\"https:\/\/www.facebook.com\/TheVintageTravelerFR\">Facebook<\/a> et <a href=\"https:\/\/www.instagram.com\/the_vintagetraveler\/?igsh=aXdsbDJkdnpwZjcx#\">Instagram<\/a><\/p>\n","protected":false},"excerpt":{"rendered":"<p>Bo\u00eete \u00e0 bijoux Louis Vuitton vintage des ann\u00e9es 60 en toile Monogram. Tr\u00e8s bon \u00e9tat, deux compartiments dont un amovible. Dimensions 31,5 \u00d7 10 \u00d7 22 cm.<\/p>\n","protected":false},"featured_media":7447,"template":"","meta":[],"product_brand":[],"product_cat":[126,127,113,140,194,120],"product_tag":[146,195],"class_list":{"0":"post-7445","1":"product","2":"type-product","3":"status-publish","4":"has-post-thumbnail","6":"product_cat-accessoires-de-luxe-vintage","7":"product_cat-decorations","8":"product_cat-louis-vuitton","9":"product_cat-nouveautes","10":"product_cat-petite-malle","11":"product_cat-valises-boites-vanity-louis-vuitton","12":"product_tag-louisvuitton","13":"product_tag-valiselouisvuitton","15":"first","16":"outofstock","17":"sold-individually","18":"shipping-taxable","19":"product-type-simple"},"yoast_head":"<!-- This site is optimized with the Yoast SEO plugin v27.1.1 - https:\/\/yoast.com\/product\/yoast-seo-wordpress\/ -->\n<title>Bo\u00eete \u00e0 Bijoux Vintage Louis Vuitton Monogram Ann\u00e9es 60<\/title>\n<meta name=\"description\" content=\"Bo\u00eete \u00e0 bijoux Louis Vuitton vintage ann\u00e9es 60 en toile Monogram. Tr\u00e8s bon \u00e9tat, 2 compartiments dont 1 amovible. Dimensions 31,5\u00d710\u00d722 cm.\" \/>\n<meta name=\"robots\" content=\"index, follow, max-snippet:-1, max-image-preview:large, max-video-preview:-1\" \/>\n<link rel=\"canonical\" href=\"https:\/\/thevintagetraveler.com\/en\/produit\/boite-a-bijoux-louis-vuitton-vintage-annees-60-monogram\/\" \/>\n<meta property=\"og:locale\" content=\"en_US\" \/>\n<meta property=\"og:type\" content=\"article\" \/>\n<meta property=\"og:title\" content=\"Bo\u00eete \u00e0 Bijoux Vintage Louis Vuitton Monogram Ann\u00e9es 60\" \/>\n<meta property=\"og:description\" content=\"Bo\u00eete \u00e0 bijoux Louis Vuitton vintage ann\u00e9es 60 en toile Monogram. Tr\u00e8s bon \u00e9tat, 2 compartiments dont 1 amovible. Dimensions 31,5\u00d710\u00d722 cm.\" \/>\n<meta property=\"og:url\" content=\"https:\/\/thevintagetraveler.com\/en\/produit\/boite-a-bijoux-louis-vuitton-vintage-annees-60-monogram\/\" \/>\n<meta property=\"og:site_name\" content=\"TheVintageTraveler\" \/>\n<meta property=\"article:publisher\" content=\"https:\/\/www.facebook.com\/TheVintageTravelerFR\/\" \/>\n<meta property=\"article:modified_time\" content=\"2026-04-14T08:39:38+00:00\" \/>\n<meta property=\"og:image\" content=\"https:\/\/thevintagetraveler.com\/wp-content\/uploads\/2026\/01\/20260126_134405.jpg\" \/>\n\t<meta property=\"og:image:width\" content=\"1920\" \/>\n\t<meta property=\"og:image:height\" content=\"2560\" \/>\n\t<meta property=\"og:image:type\" content=\"image\/jpeg\" \/>\n<meta name=\"twitter:card\" content=\"summary_large_image\" \/>\n<meta name=\"twitter:label1\" content=\"Est. reading time\" \/>\n\t<meta name=\"twitter:data1\" content=\"3 minutes\" \/>\n<script type=\"application\/ld+json\" class=\"yoast-schema-graph\">{\"@context\":\"https:\/\/schema.org\",\"@graph\":[{\"@type\":\"WebPage\",\"@id\":\"https:\/\/thevintagetraveler.com\/en\/produit\/boite-a-bijoux-louis-vuitton-vintage-annees-60-monogram\/\",\"url\":\"https:\/\/thevintagetraveler.com\/en\/produit\/boite-a-bijoux-louis-vuitton-vintage-annees-60-monogram\/\",\"name\":\"Bo\u00eete \u00e0 Bijoux Vintage Louis Vuitton Monogram Ann\u00e9es 60\",\"isPartOf\":{\"@id\":\"https:\/\/thevintagetraveler.com\/en\/#website\"},\"primaryImageOfPage\":{\"@id\":\"https:\/\/thevintagetraveler.com\/en\/produit\/boite-a-bijoux-louis-vuitton-vintage-annees-60-monogram\/#primaryimage\"},\"image\":{\"@id\":\"https:\/\/thevintagetraveler.com\/en\/produit\/boite-a-bijoux-louis-vuitton-vintage-annees-60-monogram\/#primaryimage\"},\"thumbnailUrl\":\"https:\/\/thevintagetraveler.com\/wp-content\/uploads\/2026\/01\/20260126_134405.jpg\",\"datePublished\":\"2025-01-26T13:26:30+00:00\",\"dateModified\":\"2026-04-14T08:39:38+00:00\",\"description\":\"Bo\u00eete \u00e0 bijoux Louis Vuitton vintage ann\u00e9es 60 en toile Monogram. Tr\u00e8s bon \u00e9tat, 2 compartiments dont 1 amovible. Dimensions 31,5\u00d710\u00d722 cm.\",\"breadcrumb\":{\"@id\":\"https:\/\/thevintagetraveler.com\/en\/produit\/boite-a-bijoux-louis-vuitton-vintage-annees-60-monogram\/#breadcrumb\"},\"inLanguage\":\"en-US\",\"potentialAction\":[{\"@type\":\"ReadAction\",\"target\":[\"https:\/\/thevintagetraveler.com\/en\/produit\/boite-a-bijoux-louis-vuitton-vintage-annees-60-monogram\/\"]}]},{\"@type\":\"ImageObject\",\"inLanguage\":\"en-US\",\"@id\":\"https:\/\/thevintagetraveler.com\/en\/produit\/boite-a-bijoux-louis-vuitton-vintage-annees-60-monogram\/#primaryimage\",\"url\":\"https:\/\/thevintagetraveler.com\/wp-content\/uploads\/2026\/01\/20260126_134405.jpg\",\"contentUrl\":\"https:\/\/thevintagetraveler.com\/wp-content\/uploads\/2026\/01\/20260126_134405.jpg\",\"width\":1920,\"height\":2560,\"caption\":\"bo\u00eete \u00e0 bijoux Louis Vuitton vintage monogram ann\u00e9es 60\"},{\"@type\":\"BreadcrumbList\",\"@id\":\"https:\/\/thevintagetraveler.com\/en\/produit\/boite-a-bijoux-louis-vuitton-vintage-annees-60-monogram\/#breadcrumb\",\"itemListElement\":[{\"@type\":\"ListItem\",\"position\":1,\"name\":\"Accueil\",\"item\":\"https:\/\/thevintagetraveler.com\/en\/\"},{\"@type\":\"ListItem\",\"position\":2,\"name\":\"Shop\",\"item\":\"https:\/\/thevintagetraveler.com\/shop\/\"},{\"@type\":\"ListItem\",\"position\":3,\"name\":\"Boite \u00e0 Bijoux Louis Vuitton Vintage\"}]},{\"@type\":\"WebSite\",\"@id\":\"https:\/\/thevintagetraveler.com\/en\/#website\",\"url\":\"https:\/\/thevintagetraveler.com\/en\/\",\"name\":\"TheVintageTraveler\",\"description\":\"Luxury experts in Louis Vuitton, Chanel &amp; Herm\u00e8s\",\"publisher\":{\"@id\":\"https:\/\/thevintagetraveler.com\/en\/#organization\"},\"potentialAction\":[{\"@type\":\"SearchAction\",\"target\":{\"@type\":\"EntryPoint\",\"urlTemplate\":\"https:\/\/thevintagetraveler.com\/en\/?s={search_term_string}\"},\"query-input\":{\"@type\":\"PropertyValueSpecification\",\"valueRequired\":true,\"valueName\":\"search_term_string\"}}],\"inLanguage\":\"en-US\"},{\"@type\":\"Organization\",\"@id\":\"https:\/\/thevintagetraveler.com\/en\/#organization\",\"name\":\"TheVintageTraveler\",\"url\":\"https:\/\/thevintagetraveler.com\/en\/\",\"logo\":{\"@type\":\"ImageObject\",\"inLanguage\":\"en-US\",\"@id\":\"https:\/\/thevintagetraveler.com\/en\/#\/schema\/logo\/image\/\",\"url\":\"https:\/\/thevintagetraveler.com\/wp-content\/uploads\/2025\/04\/LOGO-THE-VINTAGE-TRAVELER-FINAL-e1745392697678.png\",\"contentUrl\":\"https:\/\/thevintagetraveler.com\/wp-content\/uploads\/2025\/04\/LOGO-THE-VINTAGE-TRAVELER-FINAL-e1745392697678.png\",\"width\":798,\"height\":318,\"caption\":\"TheVintageTraveler\"},\"image\":{\"@id\":\"https:\/\/thevintagetraveler.com\/en\/#\/schema\/logo\/image\/\"},\"sameAs\":[\"https:\/\/www.facebook.com\/TheVintageTravelerFR\/\",\"https:\/\/www.instagram.com\/the_vintagetraveler\"]}]}<\/script>\n<!-- \/ Yoast SEO plugin. -->","yoast_head_json":{"title":"Bo\u00eete \u00e0 Bijoux Vintage Louis Vuitton Monogram Ann\u00e9es 60","description":"Bo\u00eete \u00e0 bijoux Louis Vuitton vintage ann\u00e9es 60 en toile Monogram. Tr\u00e8s bon \u00e9tat, 2 compartiments dont 1 amovible. Dimensions 31,5\u00d710\u00d722 cm.","robots":{"index":"index","follow":"follow","max-snippet":"max-snippet:-1","max-image-preview":"max-image-preview:large","max-video-preview":"max-video-preview:-1"},"canonical":"https:\/\/thevintagetraveler.com\/en\/produit\/boite-a-bijoux-louis-vuitton-vintage-annees-60-monogram\/","og_locale":"en_US","og_type":"article","og_title":"Bo\u00eete \u00e0 Bijoux Vintage Louis Vuitton Monogram Ann\u00e9es 60","og_description":"Bo\u00eete \u00e0 bijoux Louis Vuitton vintage ann\u00e9es 60 en toile Monogram. Tr\u00e8s bon \u00e9tat, 2 compartiments dont 1 amovible. Dimensions 31,5\u00d710\u00d722 cm.","og_url":"https:\/\/thevintagetraveler.com\/en\/produit\/boite-a-bijoux-louis-vuitton-vintage-annees-60-monogram\/","og_site_name":"TheVintageTraveler","article_publisher":"https:\/\/www.facebook.com\/TheVintageTravelerFR\/","article_modified_time":"2026-04-14T08:39:38+00:00","og_image":[{"width":1920,"height":2560,"url":"https:\/\/thevintagetraveler.com\/wp-content\/uploads\/2026\/01\/20260126_134405.jpg","type":"image\/jpeg"}],"twitter_card":"summary_large_image","twitter_misc":{"Est. reading time":"3 minutes"},"schema":{"@context":"https:\/\/schema.org","@graph":[{"@type":"WebPage","@id":"https:\/\/thevintagetraveler.com\/en\/produit\/boite-a-bijoux-louis-vuitton-vintage-annees-60-monogram\/","url":"https:\/\/thevintagetraveler.com\/en\/produit\/boite-a-bijoux-louis-vuitton-vintage-annees-60-monogram\/","name":"Bo\u00eete \u00e0 Bijoux Vintage Louis Vuitton Monogram Ann\u00e9es 60","isPartOf":{"@id":"https:\/\/thevintagetraveler.com\/en\/#website"},"primaryImageOfPage":{"@id":"https:\/\/thevintagetraveler.com\/en\/produit\/boite-a-bijoux-louis-vuitton-vintage-annees-60-monogram\/#primaryimage"},"image":{"@id":"https:\/\/thevintagetraveler.com\/en\/produit\/boite-a-bijoux-louis-vuitton-vintage-annees-60-monogram\/#primaryimage"},"thumbnailUrl":"https:\/\/thevintagetraveler.com\/wp-content\/uploads\/2026\/01\/20260126_134405.jpg","datePublished":"2025-01-26T13:26:30+00:00","dateModified":"2026-04-14T08:39:38+00:00","description":"Bo\u00eete \u00e0 bijoux Louis Vuitton vintage ann\u00e9es 60 en toile Monogram. Tr\u00e8s bon \u00e9tat, 2 compartiments dont 1 amovible. Dimensions 31,5\u00d710\u00d722 cm.","breadcrumb":{"@id":"https:\/\/thevintagetraveler.com\/en\/produit\/boite-a-bijoux-louis-vuitton-vintage-annees-60-monogram\/#breadcrumb"},"inLanguage":"en-US","potentialAction":[{"@type":"ReadAction","target":["https:\/\/thevintagetraveler.com\/en\/produit\/boite-a-bijoux-louis-vuitton-vintage-annees-60-monogram\/"]}]},{"@type":"ImageObject","inLanguage":"en-US","@id":"https:\/\/thevintagetraveler.com\/en\/produit\/boite-a-bijoux-louis-vuitton-vintage-annees-60-monogram\/#primaryimage","url":"https:\/\/thevintagetraveler.com\/wp-content\/uploads\/2026\/01\/20260126_134405.jpg","contentUrl":"https:\/\/thevintagetraveler.com\/wp-content\/uploads\/2026\/01\/20260126_134405.jpg","width":1920,"height":2560,"caption":"bo\u00eete \u00e0 bijoux Louis Vuitton vintage monogram ann\u00e9es 60"},{"@type":"BreadcrumbList","@id":"https:\/\/thevintagetraveler.com\/en\/produit\/boite-a-bijoux-louis-vuitton-vintage-annees-60-monogram\/#breadcrumb","itemListElement":[{"@type":"ListItem","position":1,"name":"Accueil","item":"https:\/\/thevintagetraveler.com\/en\/"},{"@type":"ListItem","position":2,"name":"Shop","item":"https:\/\/thevintagetraveler.com\/shop\/"},{"@type":"ListItem","position":3,"name":"Boite \u00e0 Bijoux Louis Vuitton Vintage"}]},{"@type":"WebSite","@id":"https:\/\/thevintagetraveler.com\/en\/#website","url":"https:\/\/thevintagetraveler.com\/en\/","name":"TheVintageTraveler","description":"Luxury experts in Louis Vuitton, Chanel &amp; Herm\u00e8s","publisher":{"@id":"https:\/\/thevintagetraveler.com\/en\/#organization"},"potentialAction":[{"@type":"SearchAction","target":{"@type":"EntryPoint","urlTemplate":"https:\/\/thevintagetraveler.com\/en\/?s={search_term_string}"},"query-input":{"@type":"PropertyValueSpecification","valueRequired":true,"valueName":"search_term_string"}}],"inLanguage":"en-US"},{"@type":"Organization","@id":"https:\/\/thevintagetraveler.com\/en\/#organization","name":"TheVintageTraveler","url":"https:\/\/thevintagetraveler.com\/en\/","logo":{"@type":"ImageObject","inLanguage":"en-US","@id":"https:\/\/thevintagetraveler.com\/en\/#\/schema\/logo\/image\/","url":"https:\/\/thevintagetraveler.com\/wp-content\/uploads\/2025\/04\/LOGO-THE-VINTAGE-TRAVELER-FINAL-e1745392697678.png","contentUrl":"https:\/\/thevintagetraveler.com\/wp-content\/uploads\/2025\/04\/LOGO-THE-VINTAGE-TRAVELER-FINAL-e1745392697678.png","width":798,"height":318,"caption":"TheVintageTraveler"},"image":{"@id":"https:\/\/thevintagetraveler.com\/en\/#\/schema\/logo\/image\/"},"sameAs":["https:\/\/www.facebook.com\/TheVintageTravelerFR\/","https:\/\/www.instagram.com\/the_vintagetraveler"]}]}},"_links":{"self":[{"href":"https:\/\/thevintagetraveler.com\/en\/wp-json\/wp\/v2\/product\/7445","targetHints":{"allow":["GET"]}}],"collection":[{"href":"https:\/\/thevintagetraveler.com\/en\/wp-json\/wp\/v2\/product"}],"about":[{"href":"https:\/\/thevintagetraveler.com\/en\/wp-json\/wp\/v2\/types\/product"}],"wp:featuredmedia":[{"embeddable":true,"href":"https:\/\/thevintagetraveler.com\/en\/wp-json\/wp\/v2\/media\/7447"}],"wp:attachment":[{"href":"https:\/\/thevintagetraveler.com\/en\/wp-json\/wp\/v2\/media?parent=7445"}],"wp:term":[{"taxonomy":"product_brand","embeddable":true,"href":"https:\/\/thevintagetraveler.com\/en\/wp-json\/wp\/v2\/product_brand?post=7445"},{"taxonomy":"product_cat","embeddable":true,"href":"https:\/\/thevintagetraveler.com\/en\/wp-json\/wp\/v2\/product_cat?post=7445"},{"taxonomy":"product_tag","embeddable":true,"href":"https:\/\/thevintagetraveler.com\/en\/wp-json\/wp\/v2\/product_tag?post=7445"}],"curies":[{"name":"wp","href":"https:\/\/api.w.org\/{rel}","templated":true}]}}