{"id":7900,"date":"2026-02-19T16:50:28","date_gmt":"2026-02-19T15:50:28","guid":{"rendered":"https:\/\/thevintagetraveler.com\/?post_type=product&#038;p=7900"},"modified":"2026-02-19T16:58:02","modified_gmt":"2026-02-19T15:58:02","slug":"hermes-plume-45-taurillon-gold-finitions-or","status":"publish","type":"product","link":"https:\/\/thevintagetraveler.com\/en\/produit\/hermes-plume-45-taurillon-gold-finitions-or\/","title":{"rendered":"Sac Herm\u00e8s Plume 45 Gold"},"content":{"rendered":"<h3 data-start=\"997\" data-end=\"1058\">Sac Herm\u00e8s Plume 45 \u2013 Cuir Taurillon Gold, Finitions Or<\/h3>\n<p data-start=\"1060\" data-end=\"1275\">Ce <strong data-start=\"1063\" data-end=\"1116\">Plume 45 de <span class=\"hover:entity-accent entity-underline inline cursor-pointer align-baseline\"><span class=\"whitespace-normal\">Herm\u00e8s<\/span><\/span><\/strong>, r\u00e9alis\u00e9 en <strong data-start=\"1129\" data-end=\"1152\">cuir taurillon gold<\/strong> avec <strong data-start=\"1158\" data-end=\"1174\">finitions or<\/strong>, incarne parfaitement l\u2019\u00e9l\u00e9gance minimaliste et la fonctionnalit\u00e9 chic propres \u00e0 la maison <a href=\"https:\/\/thevintagetraveler.com\/rachat-sac-hermes\/\">Herm\u00e8s<\/a>.<\/p>\n<p data-start=\"1277\" data-end=\"1424\">Propos\u00e9 en <strong data-start=\"1288\" data-end=\"1305\">tr\u00e8s bon \u00e9tat<\/strong>, avec <strong data-start=\"1312\" data-end=\"1349\">quelques petites traces discr\u00e8tes<\/strong>, il conserve une tr\u00e8s belle allure g\u00e9n\u00e9rale et tout son potentiel d\u2019usage.<\/p>\n<p data-start=\"1426\" data-end=\"1542\">Le <strong data-start=\"1429\" data-end=\"1445\">format 45 cm<\/strong> en fait un compagnon id\u00e9al pour le <strong data-start=\"1481\" data-end=\"1491\">voyage<\/strong>, les week-ends ou les d\u00e9placements professionnels.<\/p>\n<hr data-start=\"1544\" data-end=\"1547\" \/>\n<h3 data-start=\"1549\" data-end=\"1594\">Le mod\u00e8le Plume : sobri\u00e9t\u00e9 et raffinement<\/h3>\n<ul data-start=\"1596\" data-end=\"1755\">\n<li data-start=\"1596\" data-end=\"1634\">\n<p data-start=\"1598\" data-end=\"1634\">Silhouette \u00e9pur\u00e9e et intemporelle.<\/p>\n<\/li>\n<li data-start=\"1635\" data-end=\"1666\">\n<p data-start=\"1637\" data-end=\"1666\">Fermeture zipp\u00e9e s\u00e9curis\u00e9e.<\/p>\n<\/li>\n<li data-start=\"1667\" data-end=\"1696\">\n<p data-start=\"1669\" data-end=\"1696\">Ligne l\u00e9g\u00e8re et pratique.<\/p>\n<\/li>\n<li data-start=\"1697\" data-end=\"1755\">\n<p data-start=\"1699\" data-end=\"1755\">Alternative \u00e9l\u00e9gante aux sacs de voyage plus structur\u00e9s.<\/p>\n<\/li>\n<\/ul>\n<p data-start=\"1757\" data-end=\"1906\">Le Plume s\u00e9duit par son style discret et sophistiqu\u00e9, moins courant que d\u2019autres mod\u00e8les Herm\u00e8s, ce qui renforce son attrait aupr\u00e8s des connaisseurs.<\/p>\n<hr data-start=\"1908\" data-end=\"1911\" \/>\n<h3 data-start=\"1913\" data-end=\"1951\">Cuir taurillon gold &amp; finitions or<\/h3>\n<ul data-start=\"1953\" data-end=\"2241\">\n<li data-start=\"1953\" data-end=\"2036\">\n<p data-start=\"1955\" data-end=\"2036\"><strong data-start=\"1955\" data-end=\"1973\">Cuir taurillon<\/strong> : grain\u00e9, souple et r\u00e9sistant, id\u00e9al pour un usage r\u00e9gulier.<\/p>\n<\/li>\n<li data-start=\"2037\" data-end=\"2112\">\n<p data-start=\"2039\" data-end=\"2112\"><strong data-start=\"2039\" data-end=\"2055\">Couleur gold<\/strong> : teinte iconique Herm\u00e8s, chaleureuse et intemporelle.<\/p>\n<\/li>\n<li data-start=\"2113\" data-end=\"2183\">\n<p data-start=\"2115\" data-end=\"2183\"><strong data-start=\"2115\" data-end=\"2135\">Finitions dor\u00e9es<\/strong> : \u00e9l\u00e9gance classique et contraste harmonieux.<\/p>\n<\/li>\n<li data-start=\"2184\" data-end=\"2241\">\n<p data-start=\"2186\" data-end=\"2241\">L\u00e9g\u00e8res traces coh\u00e9rentes avec une utilisation soign\u00e9e.<\/p>\n<\/li>\n<\/ul>\n<hr data-start=\"2243\" data-end=\"2246\" \/>\n<h3 data-start=\"2248\" data-end=\"2279\">Caract\u00e9ristiques du produit<\/h3>\n<ul data-start=\"2281\" data-end=\"2622\">\n<li data-start=\"2281\" data-end=\"2304\">\n<p data-start=\"2283\" data-end=\"2304\"><strong data-start=\"2283\" data-end=\"2295\">Marque :<\/strong> Herm\u00e8s<\/p>\n<\/li>\n<li data-start=\"2305\" data-end=\"2327\">\n<p data-start=\"2307\" data-end=\"2327\"><strong data-start=\"2307\" data-end=\"2319\">Mod\u00e8le :<\/strong> Plume<\/p>\n<\/li>\n<li data-start=\"2328\" data-end=\"2350\">\n<p data-start=\"2330\" data-end=\"2350\"><strong data-start=\"2330\" data-end=\"2342\">Taille :<\/strong> 45 cm<\/p>\n<\/li>\n<li data-start=\"2351\" data-end=\"2383\">\n<p data-start=\"2353\" data-end=\"2383\"><strong data-start=\"2353\" data-end=\"2366\">Mati\u00e8re :<\/strong> Cuir taurillon<\/p>\n<\/li>\n<li data-start=\"2384\" data-end=\"2406\">\n<p data-start=\"2386\" data-end=\"2406\"><strong data-start=\"2386\" data-end=\"2399\">Couleur :<\/strong> Gold<\/p>\n<\/li>\n<li data-start=\"2407\" data-end=\"2429\">\n<p data-start=\"2409\" data-end=\"2429\"><strong data-start=\"2409\" data-end=\"2424\">Finitions :<\/strong> Or<\/p>\n<\/li>\n<li data-start=\"2430\" data-end=\"2450\">\n<p data-start=\"2432\" data-end=\"2450\"><strong data-start=\"2432\" data-end=\"2443\">Port\u00e9 :<\/strong> Main<\/p>\n<\/li>\n<li data-start=\"2451\" data-end=\"2496\">\n<p data-start=\"2453\" data-end=\"2496\"><strong data-start=\"2453\" data-end=\"2463\">\u00c9tat :<\/strong> Tr\u00e8s bon \u00e9tat \u2013 l\u00e9g\u00e8res traces<\/p>\n<\/li>\n<li data-start=\"2497\" data-end=\"2543\">\n<p data-start=\"2499\" data-end=\"2543\"><strong data-start=\"2499\" data-end=\"2510\">Usage :<\/strong> Voyage \/ week-end \/ collection<\/p>\n<\/li>\n<li data-start=\"2544\" data-end=\"2622\">\n<p data-start=\"2546\" data-end=\"2622\"><strong data-start=\"2546\" data-end=\"2568\">Authentification :<\/strong> Certifi\u00e9 \u2013 livr\u00e9 avec certificat TheVintageTraveler<\/p>\n<\/li>\n<\/ul>\n<hr data-start=\"2624\" data-end=\"2627\" \/>\n<h3 data-start=\"2629\" data-end=\"2669\">Pourquoi ce Plume 45 est recherch\u00e9 ?<\/h3>\n<p data-start=\"2671\" data-end=\"2832\">\u2714 Format id\u00e9al pour voyager<br data-start=\"2698\" data-end=\"2701\" \/>\u2714 Couleur gold iconique<br data-start=\"2724\" data-end=\"2727\" \/>\u2714 Cuir taurillon durable<br data-start=\"2751\" data-end=\"2754\" \/>\u2714 Mod\u00e8le plus confidentiel qu\u2019un Bolide ou Keepall<br data-start=\"2804\" data-end=\"2807\" \/>\u2714 Tr\u00e8s bon \u00e9tat g\u00e9n\u00e9ral<\/p>\n<hr data-start=\"2834\" data-end=\"2837\" \/>\n<h3 data-start=\"2839\" data-end=\"2883\">Un excellent choix Herm\u00e8s pour le voyage<\/h3>\n<p data-start=\"2885\" data-end=\"2910\">Le <strong data-start=\"2888\" data-end=\"2900\">Plume 45<\/strong> combine :<\/p>\n<ul data-start=\"2912\" data-end=\"3018\">\n<li data-start=\"2912\" data-end=\"2933\">\n<p data-start=\"2914\" data-end=\"2933\">L\u2019\u00e9l\u00e9gance Herm\u00e8s<\/p>\n<\/li>\n<li data-start=\"2934\" data-end=\"2962\">\n<p data-start=\"2936\" data-end=\"2962\">Une vraie fonctionnalit\u00e9<\/p>\n<\/li>\n<li data-start=\"2963\" data-end=\"2989\">\n<p data-start=\"2965\" data-end=\"2989\">Une ligne intemporelle<\/p>\n<\/li>\n<li data-start=\"2990\" data-end=\"3018\">\n<p data-start=\"2992\" data-end=\"3018\">Une capacit\u00e9 confortable<\/p>\n<\/li>\n<\/ul>\n<p data-start=\"3020\" data-end=\"3125\">C\u2019est un mod\u00e8le parfait pour ceux qui recherchent un <strong data-start=\"3073\" data-end=\"3106\">sac de voyage de luxe discret<\/strong>, sans ostentation.<\/p>\n<hr data-start=\"3127\" data-end=\"3130\" \/>\n<h3 data-start=\"3132\" data-end=\"3178\">Pourquoi acheter chez TheVintageTraveler ?<\/h3>\n<p data-start=\"3180\" data-end=\"3232\">Chez <strong data-start=\"3185\" data-end=\"3207\">TheVintageTraveler<\/strong>, chaque sac Herm\u00e8s est :<\/p>\n<ul data-start=\"3234\" data-end=\"3437\">\n<li data-start=\"3234\" data-end=\"3260\">\n<p data-start=\"3236\" data-end=\"3260\">Expertis\u00e9 avec rigueur<\/p>\n<\/li>\n<li data-start=\"3261\" data-end=\"3317\">\n<p data-start=\"3263\" data-end=\"3317\">S\u00e9lectionn\u00e9 pour son \u00e9tat et son int\u00e9r\u00eat patrimonial<\/p>\n<\/li>\n<li data-start=\"3318\" data-end=\"3358\">\n<p data-start=\"3320\" data-end=\"3358\">Livr\u00e9 avec certificat d\u2019authenticit\u00e9<\/p>\n<\/li>\n<li data-start=\"3359\" data-end=\"3402\">\n<p data-start=\"3361\" data-end=\"3402\">Visible au March\u00e9 Serpette \u2013 Saint-Ouen<\/p>\n<\/li>\n<li data-start=\"3403\" data-end=\"3437\">\n<p data-start=\"3405\" data-end=\"3437\">Exp\u00e9di\u00e9 via transport s\u00e9curis\u00e9<\/p>\n<\/li>\n<\/ul>\n<hr data-start=\"3439\" data-end=\"3442\" \/>\n<h3 data-start=\"3444\" data-end=\"3458\">Conclusion<\/h3>\n<p data-start=\"3460\" data-end=\"3677\">Ce <strong data-start=\"3463\" data-end=\"3505\">Herm\u00e8s Plume 45 en cuir taurillon gold<\/strong>, avec <strong data-start=\"3512\" data-end=\"3528\">finitions or<\/strong>, en <strong data-start=\"3533\" data-end=\"3550\">tr\u00e8s bon \u00e9tat<\/strong>, est une <strong data-start=\"3560\" data-end=\"3604\">pi\u00e8ce \u00e9l\u00e9gante, pratique et intemporelle<\/strong>, id\u00e9ale pour voyager avec distinction ou enrichir une collection Herm\u00e8s.<\/p>\n<p>Suivez &#8211; nous sur <a href=\"https:\/\/www.facebook.com\/TheVintageTravelerFR\">Facebook<\/a> et <a href=\"https:\/\/www.instagram.com\/the_vintagetraveler\/?igsh=aXdsbDJkdnpwZjcx#\">Instagram<\/a><\/p>\n","protected":false},"excerpt":{"rendered":"<p>Herm\u00e8s Plume 45 en cuir taurillon gold, finitions or. Tr\u00e8s bon \u00e9tat avec quelques traces. Format id\u00e9al pour voyager avec \u00e9l\u00e9gance.<\/p>\n","protected":false},"featured_media":7912,"template":"","meta":[],"product_brand":[],"product_cat":[115,140,149,326,112],"product_tag":[136,327],"class_list":{"0":"post-7900","1":"product","2":"type-product","3":"status-publish","4":"has-post-thumbnail","6":"product_cat-hermes","7":"product_cat-nouveautes","8":"product_cat-sac-de-voyage","9":"product_cat-sac-homme","10":"product_cat-sacs","11":"product_tag-hermes","12":"product_tag-hermesbolide","14":"first","15":"instock","16":"sold-individually","17":"shipping-taxable","18":"purchasable","19":"product-type-simple"},"yoast_head":"<!-- This site is optimized with the Yoast SEO plugin v27.1.1 - https:\/\/yoast.com\/product\/yoast-seo-wordpress\/ -->\n<title>Herm\u00e8s Plume 45 Taurillon Gold Or<\/title>\n<meta name=\"description\" content=\"Herm\u00e8s Plume 45 en cuir taurillon gold, finitions or. Tr\u00e8s bon \u00e9tat avec l\u00e9g\u00e8res traces. Sac de voyage iconique et \u00e9l\u00e9gant.\" \/>\n<meta name=\"robots\" content=\"index, follow, max-snippet:-1, max-image-preview:large, max-video-preview:-1\" \/>\n<link rel=\"canonical\" href=\"https:\/\/thevintagetraveler.com\/en\/produit\/hermes-plume-45-taurillon-gold-finitions-or\/\" \/>\n<meta property=\"og:locale\" content=\"en_US\" \/>\n<meta property=\"og:type\" content=\"article\" \/>\n<meta property=\"og:title\" content=\"Herm\u00e8s Plume 45 Taurillon Gold Or\" \/>\n<meta property=\"og:description\" content=\"Herm\u00e8s Plume 45 en cuir taurillon gold, finitions or. Tr\u00e8s bon \u00e9tat avec l\u00e9g\u00e8res traces. Sac de voyage iconique et \u00e9l\u00e9gant.\" \/>\n<meta property=\"og:url\" content=\"https:\/\/thevintagetraveler.com\/en\/produit\/hermes-plume-45-taurillon-gold-finitions-or\/\" \/>\n<meta property=\"og:site_name\" content=\"TheVintageTraveler\" \/>\n<meta property=\"article:publisher\" content=\"https:\/\/www.facebook.com\/TheVintageTravelerFR\/\" \/>\n<meta property=\"article:modified_time\" content=\"2026-02-19T15:58:02+00:00\" \/>\n<meta property=\"og:image\" content=\"https:\/\/thevintagetraveler.com\/wp-content\/uploads\/2026\/02\/image00023-1.jpeg\" \/>\n\t<meta property=\"og:image:width\" content=\"1800\" \/>\n\t<meta property=\"og:image:height\" content=\"2400\" \/>\n\t<meta property=\"og:image:type\" content=\"image\/jpeg\" \/>\n<meta name=\"twitter:card\" content=\"summary_large_image\" \/>\n<meta name=\"twitter:label1\" content=\"Est. reading time\" \/>\n\t<meta name=\"twitter:data1\" content=\"2 minutes\" \/>\n<script type=\"application\/ld+json\" class=\"yoast-schema-graph\">{\"@context\":\"https:\/\/schema.org\",\"@graph\":[{\"@type\":\"WebPage\",\"@id\":\"https:\/\/thevintagetraveler.com\/en\/produit\/hermes-plume-45-taurillon-gold-finitions-or\/\",\"url\":\"https:\/\/thevintagetraveler.com\/en\/produit\/hermes-plume-45-taurillon-gold-finitions-or\/\",\"name\":\"Herm\u00e8s Plume 45 Taurillon Gold Or\",\"isPartOf\":{\"@id\":\"https:\/\/thevintagetraveler.com\/en\/#website\"},\"primaryImageOfPage\":{\"@id\":\"https:\/\/thevintagetraveler.com\/en\/produit\/hermes-plume-45-taurillon-gold-finitions-or\/#primaryimage\"},\"image\":{\"@id\":\"https:\/\/thevintagetraveler.com\/en\/produit\/hermes-plume-45-taurillon-gold-finitions-or\/#primaryimage\"},\"thumbnailUrl\":\"https:\/\/thevintagetraveler.com\/wp-content\/uploads\/2026\/02\/image00023-1.jpeg\",\"datePublished\":\"2026-02-19T15:50:28+00:00\",\"dateModified\":\"2026-02-19T15:58:02+00:00\",\"description\":\"Herm\u00e8s Plume 45 en cuir taurillon gold, finitions or. Tr\u00e8s bon \u00e9tat avec l\u00e9g\u00e8res traces. Sac de voyage iconique et \u00e9l\u00e9gant.\",\"breadcrumb\":{\"@id\":\"https:\/\/thevintagetraveler.com\/en\/produit\/hermes-plume-45-taurillon-gold-finitions-or\/#breadcrumb\"},\"inLanguage\":\"en-US\",\"potentialAction\":[{\"@type\":\"ReadAction\",\"target\":[\"https:\/\/thevintagetraveler.com\/en\/produit\/hermes-plume-45-taurillon-gold-finitions-or\/\"]}]},{\"@type\":\"ImageObject\",\"inLanguage\":\"en-US\",\"@id\":\"https:\/\/thevintagetraveler.com\/en\/produit\/hermes-plume-45-taurillon-gold-finitions-or\/#primaryimage\",\"url\":\"https:\/\/thevintagetraveler.com\/wp-content\/uploads\/2026\/02\/image00023-1.jpeg\",\"contentUrl\":\"https:\/\/thevintagetraveler.com\/wp-content\/uploads\/2026\/02\/image00023-1.jpeg\",\"width\":1800,\"height\":2400,\"caption\":\"sac Herm\u00e8s Plume 45 cuir taurillon gold finitions or\"},{\"@type\":\"BreadcrumbList\",\"@id\":\"https:\/\/thevintagetraveler.com\/en\/produit\/hermes-plume-45-taurillon-gold-finitions-or\/#breadcrumb\",\"itemListElement\":[{\"@type\":\"ListItem\",\"position\":1,\"name\":\"Accueil\",\"item\":\"https:\/\/thevintagetraveler.com\/en\/\"},{\"@type\":\"ListItem\",\"position\":2,\"name\":\"Shop\",\"item\":\"https:\/\/thevintagetraveler.com\/shop\/\"},{\"@type\":\"ListItem\",\"position\":3,\"name\":\"Sac Herm\u00e8s Plume 45 Gold\"}]},{\"@type\":\"WebSite\",\"@id\":\"https:\/\/thevintagetraveler.com\/en\/#website\",\"url\":\"https:\/\/thevintagetraveler.com\/en\/\",\"name\":\"TheVintageTraveler\",\"description\":\"Luxury experts in Louis Vuitton, Chanel &amp; Herm\u00e8s\",\"publisher\":{\"@id\":\"https:\/\/thevintagetraveler.com\/en\/#organization\"},\"potentialAction\":[{\"@type\":\"SearchAction\",\"target\":{\"@type\":\"EntryPoint\",\"urlTemplate\":\"https:\/\/thevintagetraveler.com\/en\/?s={search_term_string}\"},\"query-input\":{\"@type\":\"PropertyValueSpecification\",\"valueRequired\":true,\"valueName\":\"search_term_string\"}}],\"inLanguage\":\"en-US\"},{\"@type\":\"Organization\",\"@id\":\"https:\/\/thevintagetraveler.com\/en\/#organization\",\"name\":\"TheVintageTraveler\",\"url\":\"https:\/\/thevintagetraveler.com\/en\/\",\"logo\":{\"@type\":\"ImageObject\",\"inLanguage\":\"en-US\",\"@id\":\"https:\/\/thevintagetraveler.com\/en\/#\/schema\/logo\/image\/\",\"url\":\"https:\/\/thevintagetraveler.com\/wp-content\/uploads\/2025\/04\/LOGO-THE-VINTAGE-TRAVELER-FINAL-e1745392697678.png\",\"contentUrl\":\"https:\/\/thevintagetraveler.com\/wp-content\/uploads\/2025\/04\/LOGO-THE-VINTAGE-TRAVELER-FINAL-e1745392697678.png\",\"width\":798,\"height\":318,\"caption\":\"TheVintageTraveler\"},\"image\":{\"@id\":\"https:\/\/thevintagetraveler.com\/en\/#\/schema\/logo\/image\/\"},\"sameAs\":[\"https:\/\/www.facebook.com\/TheVintageTravelerFR\/\",\"https:\/\/www.instagram.com\/the_vintagetraveler\"]}]}<\/script>\n<!-- \/ Yoast SEO plugin. -->","yoast_head_json":{"title":"Herm\u00e8s Plume 45 Taurillon Gold Or","description":"Herm\u00e8s Plume 45 en cuir taurillon gold, finitions or. Tr\u00e8s bon \u00e9tat avec l\u00e9g\u00e8res traces. Sac de voyage iconique et \u00e9l\u00e9gant.","robots":{"index":"index","follow":"follow","max-snippet":"max-snippet:-1","max-image-preview":"max-image-preview:large","max-video-preview":"max-video-preview:-1"},"canonical":"https:\/\/thevintagetraveler.com\/en\/produit\/hermes-plume-45-taurillon-gold-finitions-or\/","og_locale":"en_US","og_type":"article","og_title":"Herm\u00e8s Plume 45 Taurillon Gold Or","og_description":"Herm\u00e8s Plume 45 en cuir taurillon gold, finitions or. Tr\u00e8s bon \u00e9tat avec l\u00e9g\u00e8res traces. Sac de voyage iconique et \u00e9l\u00e9gant.","og_url":"https:\/\/thevintagetraveler.com\/en\/produit\/hermes-plume-45-taurillon-gold-finitions-or\/","og_site_name":"TheVintageTraveler","article_publisher":"https:\/\/www.facebook.com\/TheVintageTravelerFR\/","article_modified_time":"2026-02-19T15:58:02+00:00","og_image":[{"width":1800,"height":2400,"url":"https:\/\/thevintagetraveler.com\/wp-content\/uploads\/2026\/02\/image00023-1.jpeg","type":"image\/jpeg"}],"twitter_card":"summary_large_image","twitter_misc":{"Est. reading time":"2 minutes"},"schema":{"@context":"https:\/\/schema.org","@graph":[{"@type":"WebPage","@id":"https:\/\/thevintagetraveler.com\/en\/produit\/hermes-plume-45-taurillon-gold-finitions-or\/","url":"https:\/\/thevintagetraveler.com\/en\/produit\/hermes-plume-45-taurillon-gold-finitions-or\/","name":"Herm\u00e8s Plume 45 Taurillon Gold Or","isPartOf":{"@id":"https:\/\/thevintagetraveler.com\/en\/#website"},"primaryImageOfPage":{"@id":"https:\/\/thevintagetraveler.com\/en\/produit\/hermes-plume-45-taurillon-gold-finitions-or\/#primaryimage"},"image":{"@id":"https:\/\/thevintagetraveler.com\/en\/produit\/hermes-plume-45-taurillon-gold-finitions-or\/#primaryimage"},"thumbnailUrl":"https:\/\/thevintagetraveler.com\/wp-content\/uploads\/2026\/02\/image00023-1.jpeg","datePublished":"2026-02-19T15:50:28+00:00","dateModified":"2026-02-19T15:58:02+00:00","description":"Herm\u00e8s Plume 45 en cuir taurillon gold, finitions or. Tr\u00e8s bon \u00e9tat avec l\u00e9g\u00e8res traces. Sac de voyage iconique et \u00e9l\u00e9gant.","breadcrumb":{"@id":"https:\/\/thevintagetraveler.com\/en\/produit\/hermes-plume-45-taurillon-gold-finitions-or\/#breadcrumb"},"inLanguage":"en-US","potentialAction":[{"@type":"ReadAction","target":["https:\/\/thevintagetraveler.com\/en\/produit\/hermes-plume-45-taurillon-gold-finitions-or\/"]}]},{"@type":"ImageObject","inLanguage":"en-US","@id":"https:\/\/thevintagetraveler.com\/en\/produit\/hermes-plume-45-taurillon-gold-finitions-or\/#primaryimage","url":"https:\/\/thevintagetraveler.com\/wp-content\/uploads\/2026\/02\/image00023-1.jpeg","contentUrl":"https:\/\/thevintagetraveler.com\/wp-content\/uploads\/2026\/02\/image00023-1.jpeg","width":1800,"height":2400,"caption":"sac Herm\u00e8s Plume 45 cuir taurillon gold finitions or"},{"@type":"BreadcrumbList","@id":"https:\/\/thevintagetraveler.com\/en\/produit\/hermes-plume-45-taurillon-gold-finitions-or\/#breadcrumb","itemListElement":[{"@type":"ListItem","position":1,"name":"Accueil","item":"https:\/\/thevintagetraveler.com\/en\/"},{"@type":"ListItem","position":2,"name":"Shop","item":"https:\/\/thevintagetraveler.com\/shop\/"},{"@type":"ListItem","position":3,"name":"Sac Herm\u00e8s Plume 45 Gold"}]},{"@type":"WebSite","@id":"https:\/\/thevintagetraveler.com\/en\/#website","url":"https:\/\/thevintagetraveler.com\/en\/","name":"TheVintageTraveler","description":"Luxury experts in Louis Vuitton, Chanel &amp; Herm\u00e8s","publisher":{"@id":"https:\/\/thevintagetraveler.com\/en\/#organization"},"potentialAction":[{"@type":"SearchAction","target":{"@type":"EntryPoint","urlTemplate":"https:\/\/thevintagetraveler.com\/en\/?s={search_term_string}"},"query-input":{"@type":"PropertyValueSpecification","valueRequired":true,"valueName":"search_term_string"}}],"inLanguage":"en-US"},{"@type":"Organization","@id":"https:\/\/thevintagetraveler.com\/en\/#organization","name":"TheVintageTraveler","url":"https:\/\/thevintagetraveler.com\/en\/","logo":{"@type":"ImageObject","inLanguage":"en-US","@id":"https:\/\/thevintagetraveler.com\/en\/#\/schema\/logo\/image\/","url":"https:\/\/thevintagetraveler.com\/wp-content\/uploads\/2025\/04\/LOGO-THE-VINTAGE-TRAVELER-FINAL-e1745392697678.png","contentUrl":"https:\/\/thevintagetraveler.com\/wp-content\/uploads\/2025\/04\/LOGO-THE-VINTAGE-TRAVELER-FINAL-e1745392697678.png","width":798,"height":318,"caption":"TheVintageTraveler"},"image":{"@id":"https:\/\/thevintagetraveler.com\/en\/#\/schema\/logo\/image\/"},"sameAs":["https:\/\/www.facebook.com\/TheVintageTravelerFR\/","https:\/\/www.instagram.com\/the_vintagetraveler"]}]}},"_links":{"self":[{"href":"https:\/\/thevintagetraveler.com\/en\/wp-json\/wp\/v2\/product\/7900","targetHints":{"allow":["GET"]}}],"collection":[{"href":"https:\/\/thevintagetraveler.com\/en\/wp-json\/wp\/v2\/product"}],"about":[{"href":"https:\/\/thevintagetraveler.com\/en\/wp-json\/wp\/v2\/types\/product"}],"wp:featuredmedia":[{"embeddable":true,"href":"https:\/\/thevintagetraveler.com\/en\/wp-json\/wp\/v2\/media\/7912"}],"wp:attachment":[{"href":"https:\/\/thevintagetraveler.com\/en\/wp-json\/wp\/v2\/media?parent=7900"}],"wp:term":[{"taxonomy":"product_brand","embeddable":true,"href":"https:\/\/thevintagetraveler.com\/en\/wp-json\/wp\/v2\/product_brand?post=7900"},{"taxonomy":"product_cat","embeddable":true,"href":"https:\/\/thevintagetraveler.com\/en\/wp-json\/wp\/v2\/product_cat?post=7900"},{"taxonomy":"product_tag","embeddable":true,"href":"https:\/\/thevintagetraveler.com\/en\/wp-json\/wp\/v2\/product_tag?post=7900"}],"curies":[{"name":"wp","href":"https:\/\/api.w.org\/{rel}","templated":true}]}}