{"id":7917,"date":"2026-02-19T16:58:37","date_gmt":"2026-02-19T15:58:37","guid":{"rendered":"https:\/\/thevintagetraveler.com\/?post_type=product&#038;p=7917"},"modified":"2026-02-19T17:25:24","modified_gmt":"2026-02-19T16:25:24","slug":"chanel-timeless-small-agneau-noir-24k-1991","status":"publish","type":"product","link":"https:\/\/thevintagetraveler.com\/en\/produit\/chanel-timeless-small-agneau-noir-24k-1991\/","title":{"rendered":"Sac Chanel Classique Small Noir"},"content":{"rendered":"<hr data-start=\"986\" data-end=\"989\" \/>\n<h3 data-start=\"1112\" data-end=\"1197\">Sac Chanel Timeless Classique Small \u2013 Cuir Agneau Noir, Plaqu\u00e9 Or 24K, Ann\u00e9e 1991<\/h3>\n<p data-start=\"1199\" data-end=\"1421\">Ce <strong data-start=\"1202\" data-end=\"1271\">Timeless Classique Small de <span class=\"hover:entity-accent entity-underline inline cursor-pointer align-baseline\"><span class=\"whitespace-normal\">Chanel<\/span><\/span><\/strong>, r\u00e9alis\u00e9 en <strong data-start=\"1284\" data-end=\"1306\">cuir d\u2019agneau noir<\/strong> avec <strong data-start=\"1312\" data-end=\"1341\">finitions plaqu\u00e9es or 24k<\/strong>, date de <strong data-start=\"1351\" data-end=\"1359\">1991<\/strong>, p\u00e9riode particuli\u00e8rement recherch\u00e9e par les collectionneurs.<\/p>\n<p data-start=\"1423\" data-end=\"1591\">Propos\u00e9 en <strong data-start=\"1434\" data-end=\"1459\">tr\u00e8s bon \u00e9tat vintage<\/strong>, il incarne parfaitement l\u2019\u00e9l\u00e9gance intemporelle de la maison <a href=\"https:\/\/thevintagetraveler.com\/vendre-sac-chanel-vintage\/\">Chanel<\/a> et la qualit\u00e9 exceptionnelle des productions des ann\u00e9es 80\u201390.<\/p>\n<hr data-start=\"1593\" data-end=\"1596\" \/>\n<h3 data-start=\"1598\" data-end=\"1647\">Le Timeless Small : un format ultra recherch\u00e9<\/h3>\n<ul data-start=\"1649\" data-end=\"1846\">\n<li data-start=\"1649\" data-end=\"1681\">\n<p data-start=\"1651\" data-end=\"1681\">Taille compacte et \u00e9l\u00e9gante.<\/p>\n<\/li>\n<li data-start=\"1682\" data-end=\"1746\">\n<p data-start=\"1684\" data-end=\"1746\">Port\u00e9 \u00e9paule ou crossbody gr\u00e2ce \u00e0 sa cha\u00eene entrelac\u00e9e cuir.<\/p>\n<\/li>\n<li data-start=\"1747\" data-end=\"1800\">\n<p data-start=\"1749\" data-end=\"1800\">Proportions id\u00e9ales pour un usage chic quotidien.<\/p>\n<\/li>\n<li data-start=\"1801\" data-end=\"1846\">\n<p data-start=\"1803\" data-end=\"1846\">Format tr\u00e8s pris\u00e9 sur le march\u00e9 secondaire.<\/p>\n<\/li>\n<\/ul>\n<p data-start=\"1848\" data-end=\"1938\">Le <strong data-start=\"1851\" data-end=\"1877\">Timeless Small vintage<\/strong> est devenu une pi\u00e8ce phare, notamment dans ses versions 24k.<\/p>\n<hr data-start=\"1940\" data-end=\"1943\" \/>\n<h3 data-start=\"1945\" data-end=\"1995\">Cuir d\u2019agneau noir &amp; bijouterie plaqu\u00e9e or 24K<\/h3>\n<ul data-start=\"1997\" data-end=\"2281\">\n<li data-start=\"1997\" data-end=\"2049\">\n<p data-start=\"1999\" data-end=\"2049\"><strong data-start=\"1999\" data-end=\"2016\">Cuir d\u2019agneau<\/strong> : souple, brillant et luxueux.<\/p>\n<\/li>\n<li data-start=\"2050\" data-end=\"2106\">\n<p data-start=\"2052\" data-end=\"2106\"><strong data-start=\"2052\" data-end=\"2070\">Noir classique<\/strong>, intemporel et facile \u00e0 associer.<\/p>\n<\/li>\n<li data-start=\"2107\" data-end=\"2211\">\n<p data-start=\"2109\" data-end=\"2211\"><strong data-start=\"2109\" data-end=\"2144\">Bijouterie plaqu\u00e9e or 24 carats<\/strong>, signature des productions vintage jusqu\u2019au d\u00e9but des ann\u00e9es 90.<\/p>\n<\/li>\n<li data-start=\"2212\" data-end=\"2281\">\n<p data-start=\"2214\" data-end=\"2281\">D\u00e9tail recherch\u00e9 car la dorure 24k n\u2019est plus utilis\u00e9e aujourd\u2019hui.<\/p>\n<\/li>\n<\/ul>\n<p data-start=\"2283\" data-end=\"2368\">L\u2019association <strong data-start=\"2297\" data-end=\"2318\">agneau noir + 24k<\/strong> est l\u2019une des configurations les plus d\u00e9sirables.<\/p>\n<hr data-start=\"2370\" data-end=\"2373\" \/>\n<h3 data-start=\"2375\" data-end=\"2406\">Caract\u00e9ristiques du produit<\/h3>\n<ul data-start=\"2408\" data-end=\"2734\">\n<li data-start=\"2408\" data-end=\"2431\">\n<p data-start=\"2410\" data-end=\"2431\"><strong data-start=\"2410\" data-end=\"2422\">Marque :<\/strong> Chanel<\/p>\n<\/li>\n<li data-start=\"2432\" data-end=\"2473\">\n<p data-start=\"2434\" data-end=\"2473\"><strong data-start=\"2434\" data-end=\"2446\">Mod\u00e8le :<\/strong> Timeless Classique Small<\/p>\n<\/li>\n<li data-start=\"2474\" data-end=\"2494\">\n<p data-start=\"2476\" data-end=\"2494\"><strong data-start=\"2476\" data-end=\"2487\">Ann\u00e9e :<\/strong> 1991<\/p>\n<\/li>\n<li data-start=\"2495\" data-end=\"2526\">\n<p data-start=\"2497\" data-end=\"2526\"><strong data-start=\"2497\" data-end=\"2510\">Mati\u00e8re :<\/strong> Cuir d\u2019agneau<\/p>\n<\/li>\n<li data-start=\"2527\" data-end=\"2549\">\n<p data-start=\"2529\" data-end=\"2549\"><strong data-start=\"2529\" data-end=\"2542\">Couleur :<\/strong> Noir<\/p>\n<\/li>\n<li data-start=\"2550\" data-end=\"2583\">\n<p data-start=\"2552\" data-end=\"2583\"><strong data-start=\"2552\" data-end=\"2567\">Finitions :<\/strong> Plaqu\u00e9 or 24K<\/p>\n<\/li>\n<li data-start=\"2584\" data-end=\"2618\">\n<p data-start=\"2586\" data-end=\"2618\"><strong data-start=\"2586\" data-end=\"2597\">Port\u00e9 :<\/strong> \u00c9paule \/ Crossbody ( selon taille )<\/p>\n<\/li>\n<li data-start=\"2619\" data-end=\"2655\">\n<p data-start=\"2621\" data-end=\"2655\"><strong data-start=\"2621\" data-end=\"2631\">\u00c9tat :<\/strong> Tr\u00e8s bon \u00e9tat vintage<\/p>\n<\/li>\n<li data-start=\"2656\" data-end=\"2734\">\n<p data-start=\"2658\" data-end=\"2734\"><strong data-start=\"2658\" data-end=\"2680\">Authentification :<\/strong> Certifi\u00e9 \u2013 livr\u00e9 avec certificat TheVintageTraveler<\/p>\n<\/li>\n<\/ul>\n<hr data-start=\"2736\" data-end=\"2739\" \/>\n<h3 data-start=\"2741\" data-end=\"2801\">Pourquoi ce Chanel 1991 est particuli\u00e8rement recherch\u00e9 ?<\/h3>\n<p data-start=\"2803\" data-end=\"2973\">\u2714 Production avec <strong data-start=\"2821\" data-end=\"2841\">vraie dorure 24k<\/strong><br data-start=\"2841\" data-end=\"2844\" \/>\u2714 Ann\u00e9es 90 = \u00e2ge d\u2019or Chanel vintage<br data-start=\"2881\" data-end=\"2884\" \/>\u2714 Format small tr\u00e8s demand\u00e9<br data-start=\"2911\" data-end=\"2914\" \/>\u2714 Cuir agneau iconique<br data-start=\"2936\" data-end=\"2939\" \/>\u2714 Forte liquidit\u00e9 internationale<\/p>\n<hr data-start=\"2975\" data-end=\"2978\" \/>\n<h3 data-start=\"2980\" data-end=\"3026\">Un excellent investissement Chanel vintage<\/h3>\n<p data-start=\"3028\" data-end=\"3088\">Les <strong data-start=\"3032\" data-end=\"3059\">Timeless vintage en 24k<\/strong> figurent parmi les mod\u00e8les :<\/p>\n<ul data-start=\"3090\" data-end=\"3215\">\n<li data-start=\"3090\" data-end=\"3120\">\n<p data-start=\"3092\" data-end=\"3120\">Les plus stables en valeur<\/p>\n<\/li>\n<li data-start=\"3121\" data-end=\"3168\">\n<p data-start=\"3123\" data-end=\"3168\">Les plus recherch\u00e9s par les collectionneurs<\/p>\n<\/li>\n<li data-start=\"3169\" data-end=\"3215\">\n<p data-start=\"3171\" data-end=\"3215\">Les plus liquides sur le march\u00e9 secondaire<\/p>\n<\/li>\n<\/ul>\n<p data-start=\"3217\" data-end=\"3303\">La combinaison <strong data-start=\"3232\" data-end=\"3260\">ann\u00e9e 1991 + 24k + small<\/strong> en fait une <strong data-start=\"3273\" data-end=\"3302\">pi\u00e8ce patrimoniale solide<\/strong>.<\/p>\n<hr data-start=\"3305\" data-end=\"3308\" \/>\n<h3 data-start=\"3310\" data-end=\"3356\">Pourquoi acheter chez TheVintageTraveler ?<\/h3>\n<p data-start=\"3358\" data-end=\"3412\">Chez <strong data-start=\"3363\" data-end=\"3385\">TheVintageTraveler<\/strong>, chaque pi\u00e8ce Chanel est :<\/p>\n<ul data-start=\"3414\" data-end=\"3640\">\n<li data-start=\"3414\" data-end=\"3443\">\n<p data-start=\"3416\" data-end=\"3443\">Expertis\u00e9e avec pr\u00e9cision<\/p>\n<\/li>\n<li data-start=\"3444\" data-end=\"3500\">\n<p data-start=\"3446\" data-end=\"3500\">S\u00e9lectionn\u00e9e pour son \u00e9tat et sa valeur patrimoniale<\/p>\n<\/li>\n<li data-start=\"3501\" data-end=\"3542\">\n<p data-start=\"3503\" data-end=\"3542\">Livr\u00e9e avec certificat d\u2019authenticit\u00e9<\/p>\n<\/li>\n<li data-start=\"3543\" data-end=\"3589\">\n<p data-start=\"3545\" data-end=\"3589\">Disponible au March\u00e9 Serpette \u2013 Saint-Ouen<\/p>\n<\/li>\n<li data-start=\"3590\" data-end=\"3640\">\n<p data-start=\"3592\" data-end=\"3640\">Exp\u00e9di\u00e9e en livraison s\u00e9curis\u00e9e internationale<\/p>\n<\/li>\n<\/ul>\n<hr data-start=\"3642\" data-end=\"3645\" \/>\n<h3 data-start=\"3647\" data-end=\"3661\">Conclusion<\/h3>\n<p data-start=\"3663\" data-end=\"3884\">Ce <strong data-start=\"3666\" data-end=\"3759\">Chanel Timeless Classique Small 1991 en cuir d\u2019agneau noir avec bijouterie plaqu\u00e9e or 24k<\/strong>, en <strong data-start=\"3764\" data-end=\"3789\">tr\u00e8s bon \u00e9tat vintage<\/strong>, est une <strong data-start=\"3799\" data-end=\"3831\">pi\u00e8ce iconique des ann\u00e9es 90<\/strong>, \u00e0 la fois \u00e9l\u00e9gante et excellente en investissement.<\/p>\n<p data-start=\"3886\" data-end=\"3963\">Un mod\u00e8le incontournable pour les amateurs de <strong data-start=\"3932\" data-end=\"3962\">Chanel vintage authentique<\/strong>.<\/p>\n<p>Suivez &#8211; nous sur <a href=\"https:\/\/www.facebook.com\/TheVintageTravelerFR\">Facebook<\/a> et <a href=\"https:\/\/www.instagram.com\/the_vintagetraveler\/?igsh=aXdsbDJkdnpwZjcx#\">Instagram<\/a><\/p>\n","protected":false},"excerpt":{"rendered":"<p>Chanel Timeless classique small en cuir d\u2019agneau noir, bijouterie plaqu\u00e9e or 24k. Dat\u00e9 de 1991, tr\u00e8s bon \u00e9tat vintage. Ic\u00f4ne intemporelle.<\/p>\n","protected":false},"featured_media":7923,"template":"","meta":[],"product_brand":[],"product_cat":[114,140,155,112],"product_tag":[137,156],"class_list":{"0":"post-7917","1":"product","2":"type-product","3":"status-publish","4":"has-post-thumbnail","6":"product_cat-chanel","7":"product_cat-nouveautes","8":"product_cat-sac-a-main-chanel","9":"product_cat-sacs","10":"product_tag-chanel","11":"product_tag-chanelclassique","13":"first","14":"instock","15":"sold-individually","16":"shipping-taxable","17":"purchasable","18":"product-type-simple"},"yoast_head":"<!-- This site is optimized with the Yoast SEO plugin v27.1.1 - https:\/\/yoast.com\/product\/yoast-seo-wordpress\/ -->\n<title>Chanel Timeless Small 24K Noir 1991<\/title>\n<meta name=\"description\" content=\"Chanel Timeless Small 1991 en cuir d\u2019agneau noir, finitions plaqu\u00e9es or 24k. Tr\u00e8s bon \u00e9tat vintage. Pi\u00e8ce iconique et investissement s\u00fbr.\" \/>\n<meta name=\"robots\" content=\"index, follow, max-snippet:-1, max-image-preview:large, max-video-preview:-1\" \/>\n<link rel=\"canonical\" href=\"https:\/\/thevintagetraveler.com\/en\/produit\/chanel-timeless-small-agneau-noir-24k-1991\/\" \/>\n<meta property=\"og:locale\" content=\"en_US\" \/>\n<meta property=\"og:type\" content=\"article\" \/>\n<meta property=\"og:title\" content=\"Chanel Timeless Small 24K Noir 1991\" \/>\n<meta property=\"og:description\" content=\"Chanel Timeless Small 1991 en cuir d\u2019agneau noir, finitions plaqu\u00e9es or 24k. Tr\u00e8s bon \u00e9tat vintage. Pi\u00e8ce iconique et investissement s\u00fbr.\" \/>\n<meta property=\"og:url\" content=\"https:\/\/thevintagetraveler.com\/en\/produit\/chanel-timeless-small-agneau-noir-24k-1991\/\" \/>\n<meta property=\"og:site_name\" content=\"TheVintageTraveler\" \/>\n<meta property=\"article:publisher\" content=\"https:\/\/www.facebook.com\/TheVintageTravelerFR\/\" \/>\n<meta property=\"article:modified_time\" content=\"2026-02-19T16:25:24+00:00\" \/>\n<meta property=\"og:image\" content=\"https:\/\/thevintagetraveler.com\/wp-content\/uploads\/2026\/02\/image00009-1.jpeg\" \/>\n\t<meta property=\"og:image:width\" content=\"1800\" \/>\n\t<meta property=\"og:image:height\" content=\"2400\" \/>\n\t<meta property=\"og:image:type\" content=\"image\/jpeg\" \/>\n<meta name=\"twitter:card\" content=\"summary_large_image\" \/>\n<meta name=\"twitter:label1\" content=\"Est. reading time\" \/>\n\t<meta name=\"twitter:data1\" content=\"3 minutes\" \/>\n<script type=\"application\/ld+json\" class=\"yoast-schema-graph\">{\"@context\":\"https:\/\/schema.org\",\"@graph\":[{\"@type\":\"WebPage\",\"@id\":\"https:\/\/thevintagetraveler.com\/en\/produit\/chanel-timeless-small-agneau-noir-24k-1991\/\",\"url\":\"https:\/\/thevintagetraveler.com\/en\/produit\/chanel-timeless-small-agneau-noir-24k-1991\/\",\"name\":\"Chanel Timeless Small 24K Noir 1991\",\"isPartOf\":{\"@id\":\"https:\/\/thevintagetraveler.com\/en\/#website\"},\"primaryImageOfPage\":{\"@id\":\"https:\/\/thevintagetraveler.com\/en\/produit\/chanel-timeless-small-agneau-noir-24k-1991\/#primaryimage\"},\"image\":{\"@id\":\"https:\/\/thevintagetraveler.com\/en\/produit\/chanel-timeless-small-agneau-noir-24k-1991\/#primaryimage\"},\"thumbnailUrl\":\"https:\/\/thevintagetraveler.com\/wp-content\/uploads\/2026\/02\/image00009-1.jpeg\",\"datePublished\":\"2026-02-19T15:58:37+00:00\",\"dateModified\":\"2026-02-19T16:25:24+00:00\",\"description\":\"Chanel Timeless Small 1991 en cuir d\u2019agneau noir, finitions plaqu\u00e9es or 24k. Tr\u00e8s bon \u00e9tat vintage. Pi\u00e8ce iconique et investissement s\u00fbr.\",\"breadcrumb\":{\"@id\":\"https:\/\/thevintagetraveler.com\/en\/produit\/chanel-timeless-small-agneau-noir-24k-1991\/#breadcrumb\"},\"inLanguage\":\"en-US\",\"potentialAction\":[{\"@type\":\"ReadAction\",\"target\":[\"https:\/\/thevintagetraveler.com\/en\/produit\/chanel-timeless-small-agneau-noir-24k-1991\/\"]}]},{\"@type\":\"ImageObject\",\"inLanguage\":\"en-US\",\"@id\":\"https:\/\/thevintagetraveler.com\/en\/produit\/chanel-timeless-small-agneau-noir-24k-1991\/#primaryimage\",\"url\":\"https:\/\/thevintagetraveler.com\/wp-content\/uploads\/2026\/02\/image00009-1.jpeg\",\"contentUrl\":\"https:\/\/thevintagetraveler.com\/wp-content\/uploads\/2026\/02\/image00009-1.jpeg\",\"width\":1800,\"height\":2400,\"caption\":\"sac Chanel Timeless classique small cuir agneau noir 24k 1991\"},{\"@type\":\"BreadcrumbList\",\"@id\":\"https:\/\/thevintagetraveler.com\/en\/produit\/chanel-timeless-small-agneau-noir-24k-1991\/#breadcrumb\",\"itemListElement\":[{\"@type\":\"ListItem\",\"position\":1,\"name\":\"Accueil\",\"item\":\"https:\/\/thevintagetraveler.com\/en\/\"},{\"@type\":\"ListItem\",\"position\":2,\"name\":\"Shop\",\"item\":\"https:\/\/thevintagetraveler.com\/shop\/\"},{\"@type\":\"ListItem\",\"position\":3,\"name\":\"Sac Chanel Classique Small Noir\"}]},{\"@type\":\"WebSite\",\"@id\":\"https:\/\/thevintagetraveler.com\/en\/#website\",\"url\":\"https:\/\/thevintagetraveler.com\/en\/\",\"name\":\"TheVintageTraveler\",\"description\":\"Luxury experts in Louis Vuitton, Chanel &amp; Herm\u00e8s\",\"publisher\":{\"@id\":\"https:\/\/thevintagetraveler.com\/en\/#organization\"},\"potentialAction\":[{\"@type\":\"SearchAction\",\"target\":{\"@type\":\"EntryPoint\",\"urlTemplate\":\"https:\/\/thevintagetraveler.com\/en\/?s={search_term_string}\"},\"query-input\":{\"@type\":\"PropertyValueSpecification\",\"valueRequired\":true,\"valueName\":\"search_term_string\"}}],\"inLanguage\":\"en-US\"},{\"@type\":\"Organization\",\"@id\":\"https:\/\/thevintagetraveler.com\/en\/#organization\",\"name\":\"TheVintageTraveler\",\"url\":\"https:\/\/thevintagetraveler.com\/en\/\",\"logo\":{\"@type\":\"ImageObject\",\"inLanguage\":\"en-US\",\"@id\":\"https:\/\/thevintagetraveler.com\/en\/#\/schema\/logo\/image\/\",\"url\":\"https:\/\/thevintagetraveler.com\/wp-content\/uploads\/2025\/04\/LOGO-THE-VINTAGE-TRAVELER-FINAL-e1745392697678.png\",\"contentUrl\":\"https:\/\/thevintagetraveler.com\/wp-content\/uploads\/2025\/04\/LOGO-THE-VINTAGE-TRAVELER-FINAL-e1745392697678.png\",\"width\":798,\"height\":318,\"caption\":\"TheVintageTraveler\"},\"image\":{\"@id\":\"https:\/\/thevintagetraveler.com\/en\/#\/schema\/logo\/image\/\"},\"sameAs\":[\"https:\/\/www.facebook.com\/TheVintageTravelerFR\/\",\"https:\/\/www.instagram.com\/the_vintagetraveler\"]}]}<\/script>\n<!-- \/ Yoast SEO plugin. -->","yoast_head_json":{"title":"Chanel Timeless Small 24K Noir 1991","description":"Chanel Timeless Small 1991 en cuir d\u2019agneau noir, finitions plaqu\u00e9es or 24k. Tr\u00e8s bon \u00e9tat vintage. Pi\u00e8ce iconique et investissement s\u00fbr.","robots":{"index":"index","follow":"follow","max-snippet":"max-snippet:-1","max-image-preview":"max-image-preview:large","max-video-preview":"max-video-preview:-1"},"canonical":"https:\/\/thevintagetraveler.com\/en\/produit\/chanel-timeless-small-agneau-noir-24k-1991\/","og_locale":"en_US","og_type":"article","og_title":"Chanel Timeless Small 24K Noir 1991","og_description":"Chanel Timeless Small 1991 en cuir d\u2019agneau noir, finitions plaqu\u00e9es or 24k. Tr\u00e8s bon \u00e9tat vintage. Pi\u00e8ce iconique et investissement s\u00fbr.","og_url":"https:\/\/thevintagetraveler.com\/en\/produit\/chanel-timeless-small-agneau-noir-24k-1991\/","og_site_name":"TheVintageTraveler","article_publisher":"https:\/\/www.facebook.com\/TheVintageTravelerFR\/","article_modified_time":"2026-02-19T16:25:24+00:00","og_image":[{"width":1800,"height":2400,"url":"https:\/\/thevintagetraveler.com\/wp-content\/uploads\/2026\/02\/image00009-1.jpeg","type":"image\/jpeg"}],"twitter_card":"summary_large_image","twitter_misc":{"Est. reading time":"3 minutes"},"schema":{"@context":"https:\/\/schema.org","@graph":[{"@type":"WebPage","@id":"https:\/\/thevintagetraveler.com\/en\/produit\/chanel-timeless-small-agneau-noir-24k-1991\/","url":"https:\/\/thevintagetraveler.com\/en\/produit\/chanel-timeless-small-agneau-noir-24k-1991\/","name":"Chanel Timeless Small 24K Noir 1991","isPartOf":{"@id":"https:\/\/thevintagetraveler.com\/en\/#website"},"primaryImageOfPage":{"@id":"https:\/\/thevintagetraveler.com\/en\/produit\/chanel-timeless-small-agneau-noir-24k-1991\/#primaryimage"},"image":{"@id":"https:\/\/thevintagetraveler.com\/en\/produit\/chanel-timeless-small-agneau-noir-24k-1991\/#primaryimage"},"thumbnailUrl":"https:\/\/thevintagetraveler.com\/wp-content\/uploads\/2026\/02\/image00009-1.jpeg","datePublished":"2026-02-19T15:58:37+00:00","dateModified":"2026-02-19T16:25:24+00:00","description":"Chanel Timeless Small 1991 en cuir d\u2019agneau noir, finitions plaqu\u00e9es or 24k. Tr\u00e8s bon \u00e9tat vintage. Pi\u00e8ce iconique et investissement s\u00fbr.","breadcrumb":{"@id":"https:\/\/thevintagetraveler.com\/en\/produit\/chanel-timeless-small-agneau-noir-24k-1991\/#breadcrumb"},"inLanguage":"en-US","potentialAction":[{"@type":"ReadAction","target":["https:\/\/thevintagetraveler.com\/en\/produit\/chanel-timeless-small-agneau-noir-24k-1991\/"]}]},{"@type":"ImageObject","inLanguage":"en-US","@id":"https:\/\/thevintagetraveler.com\/en\/produit\/chanel-timeless-small-agneau-noir-24k-1991\/#primaryimage","url":"https:\/\/thevintagetraveler.com\/wp-content\/uploads\/2026\/02\/image00009-1.jpeg","contentUrl":"https:\/\/thevintagetraveler.com\/wp-content\/uploads\/2026\/02\/image00009-1.jpeg","width":1800,"height":2400,"caption":"sac Chanel Timeless classique small cuir agneau noir 24k 1991"},{"@type":"BreadcrumbList","@id":"https:\/\/thevintagetraveler.com\/en\/produit\/chanel-timeless-small-agneau-noir-24k-1991\/#breadcrumb","itemListElement":[{"@type":"ListItem","position":1,"name":"Accueil","item":"https:\/\/thevintagetraveler.com\/en\/"},{"@type":"ListItem","position":2,"name":"Shop","item":"https:\/\/thevintagetraveler.com\/shop\/"},{"@type":"ListItem","position":3,"name":"Sac Chanel Classique Small Noir"}]},{"@type":"WebSite","@id":"https:\/\/thevintagetraveler.com\/en\/#website","url":"https:\/\/thevintagetraveler.com\/en\/","name":"TheVintageTraveler","description":"Luxury experts in Louis Vuitton, Chanel &amp; Herm\u00e8s","publisher":{"@id":"https:\/\/thevintagetraveler.com\/en\/#organization"},"potentialAction":[{"@type":"SearchAction","target":{"@type":"EntryPoint","urlTemplate":"https:\/\/thevintagetraveler.com\/en\/?s={search_term_string}"},"query-input":{"@type":"PropertyValueSpecification","valueRequired":true,"valueName":"search_term_string"}}],"inLanguage":"en-US"},{"@type":"Organization","@id":"https:\/\/thevintagetraveler.com\/en\/#organization","name":"TheVintageTraveler","url":"https:\/\/thevintagetraveler.com\/en\/","logo":{"@type":"ImageObject","inLanguage":"en-US","@id":"https:\/\/thevintagetraveler.com\/en\/#\/schema\/logo\/image\/","url":"https:\/\/thevintagetraveler.com\/wp-content\/uploads\/2025\/04\/LOGO-THE-VINTAGE-TRAVELER-FINAL-e1745392697678.png","contentUrl":"https:\/\/thevintagetraveler.com\/wp-content\/uploads\/2025\/04\/LOGO-THE-VINTAGE-TRAVELER-FINAL-e1745392697678.png","width":798,"height":318,"caption":"TheVintageTraveler"},"image":{"@id":"https:\/\/thevintagetraveler.com\/en\/#\/schema\/logo\/image\/"},"sameAs":["https:\/\/www.facebook.com\/TheVintageTravelerFR\/","https:\/\/www.instagram.com\/the_vintagetraveler"]}]}},"_links":{"self":[{"href":"https:\/\/thevintagetraveler.com\/en\/wp-json\/wp\/v2\/product\/7917","targetHints":{"allow":["GET"]}}],"collection":[{"href":"https:\/\/thevintagetraveler.com\/en\/wp-json\/wp\/v2\/product"}],"about":[{"href":"https:\/\/thevintagetraveler.com\/en\/wp-json\/wp\/v2\/types\/product"}],"wp:featuredmedia":[{"embeddable":true,"href":"https:\/\/thevintagetraveler.com\/en\/wp-json\/wp\/v2\/media\/7923"}],"wp:attachment":[{"href":"https:\/\/thevintagetraveler.com\/en\/wp-json\/wp\/v2\/media?parent=7917"}],"wp:term":[{"taxonomy":"product_brand","embeddable":true,"href":"https:\/\/thevintagetraveler.com\/en\/wp-json\/wp\/v2\/product_brand?post=7917"},{"taxonomy":"product_cat","embeddable":true,"href":"https:\/\/thevintagetraveler.com\/en\/wp-json\/wp\/v2\/product_cat?post=7917"},{"taxonomy":"product_tag","embeddable":true,"href":"https:\/\/thevintagetraveler.com\/en\/wp-json\/wp\/v2\/product_tag?post=7917"}],"curies":[{"name":"wp","href":"https:\/\/api.w.org\/{rel}","templated":true}]}}