{"id":7983,"date":"2026-02-23T13:25:00","date_gmt":"2026-02-23T12:25:00","guid":{"rendered":"https:\/\/thevintagetraveler.com\/?post_type=product&#038;p=7983"},"modified":"2026-02-28T10:20:44","modified_gmt":"2026-02-28T09:20:44","slug":"chaise-hermes-pippa-pliant-x","status":"publish","type":"product","link":"https:\/\/thevintagetraveler.com\/en\/produit\/chaise-hermes-pippa-pliant-x\/","title":{"rendered":"Chaise Herm\u00e8s Pippa Pliant X"},"content":{"rendered":"<h2 data-start=\"936\" data-end=\"1028\">Chaise Herm\u00e8s Pippa \u2013 Mod\u00e8le Pliable en X, Poirier \u00c9tuv\u00e9 &amp; Cuir Gold Clair (Ann\u00e9es 80\u201390)<\/h2>\n<p data-start=\"1030\" data-end=\"1224\">Cette <strong data-start=\"1036\" data-end=\"1059\">chaise Herm\u00e8s Pippa<\/strong>, mod\u00e8le pliant en X, r\u00e9alis\u00e9e en <strong data-start=\"1093\" data-end=\"1110\">poirier \u00e9tuv\u00e9<\/strong> et habill\u00e9e d\u2019un <strong data-start=\"1128\" data-end=\"1147\">cuir gold clair<\/strong>, est une <strong data-start=\"1157\" data-end=\"1190\">pi\u00e8ce rare du mobilier Herm\u00e8s<\/strong>, datant des <strong data-start=\"1203\" data-end=\"1223\">ann\u00e9es 1980\u20131990<\/strong>.<\/p>\n<p data-start=\"1226\" data-end=\"1410\">Produite par la maison <strong data-start=\"1249\" data-end=\"1290\"><span class=\"hover:entity-accent entity-underline inline cursor-pointer align-baseline\"><span class=\"whitespace-normal\">Herm\u00e8s<\/span><\/span><\/strong>, la <strong data-start=\"1295\" data-end=\"1304\">Pippa<\/strong> incarne parfaitement l\u2019art de vivre <a href=\"https:\/\/thevintagetraveler.com\/rachat-sac-hermes\/\">Herm\u00e8s<\/a> : \u00e9l\u00e9gance sobre, mat\u00e9riaux nobles et fonctionnalit\u00e9 raffin\u00e9e.<\/p>\n<hr data-start=\"1412\" data-end=\"1415\" \/>\n<h2 data-start=\"1417\" data-end=\"1466\">Le mod\u00e8le Pippa : une ic\u00f4ne du mobilier Herm\u00e8s<\/h2>\n<p data-start=\"1468\" data-end=\"1567\">La chaise <strong data-start=\"1478\" data-end=\"1494\">Herm\u00e8s Pippa<\/strong> est l\u2019un des mod\u00e8les les plus reconnaissables du mobilier de la maison :<\/p>\n<ul data-start=\"1569\" data-end=\"1778\">\n<li data-start=\"1569\" data-end=\"1625\">\n<p data-start=\"1571\" data-end=\"1625\">Structure <strong data-start=\"1581\" data-end=\"1597\">pliante en X<\/strong>, signature visuelle forte<\/p>\n<\/li>\n<li data-start=\"1626\" data-end=\"1682\">\n<p data-start=\"1628\" data-end=\"1682\">Bois noble en <strong data-start=\"1642\" data-end=\"1659\">poirier \u00e9tuv\u00e9<\/strong>, aux tons chaleureux<\/p>\n<\/li>\n<li data-start=\"1683\" data-end=\"1740\">\n<p data-start=\"1685\" data-end=\"1740\">Assise en <strong data-start=\"1695\" data-end=\"1714\">cuir gold clair<\/strong>, teinte iconique Herm\u00e8s<\/p>\n<\/li>\n<li data-start=\"1741\" data-end=\"1778\">\n<p data-start=\"1743\" data-end=\"1778\">Ligne minimaliste et intemporelle<\/p>\n<\/li>\n<\/ul>\n<p data-start=\"1780\" data-end=\"1874\">Les meubles Herm\u00e8s, et en particulier le mod\u00e8le Pippa, restent rares sur le march\u00e9 secondaire.<\/p>\n<hr data-start=\"1876\" data-end=\"1879\" \/>\n<h2 data-start=\"1881\" data-end=\"1894\">Dimensions<\/h2>\n<p data-start=\"1896\" data-end=\"1900\">\ud83d\udcd0<\/p>\n<ul data-start=\"1901\" data-end=\"1973\">\n<li data-start=\"1901\" data-end=\"1924\">\n<p data-start=\"1903\" data-end=\"1924\">Largeur : <strong data-start=\"1913\" data-end=\"1922\">50 cm<\/strong><\/p>\n<\/li>\n<li data-start=\"1925\" data-end=\"1948\">\n<p data-start=\"1927\" data-end=\"1948\">Hauteur : <strong data-start=\"1937\" data-end=\"1946\">47 cm<\/strong><\/p>\n<\/li>\n<li data-start=\"1949\" data-end=\"1973\">\n<p data-start=\"1951\" data-end=\"1973\">Profondeur : <strong data-start=\"1964\" data-end=\"1973\">40 cm<\/strong><\/p>\n<\/li>\n<\/ul>\n<p data-start=\"1975\" data-end=\"1994\">Format id\u00e9al pour :<\/p>\n<ul data-start=\"1996\" data-end=\"2142\">\n<li data-start=\"1996\" data-end=\"2014\">\n<p data-start=\"1998\" data-end=\"2014\">Bout de canap\u00e9<\/p>\n<\/li>\n<li data-start=\"2015\" data-end=\"2063\">\n<p data-start=\"2017\" data-end=\"2063\">Pi\u00e8ce d\u2019appoint dans un salon ou un dressing<\/p>\n<\/li>\n<li data-start=\"2064\" data-end=\"2099\">\n<p data-start=\"2066\" data-end=\"2099\">\u00c9l\u00e9ment d\u00e9coratif haut de gamme<\/p>\n<\/li>\n<li data-start=\"2100\" data-end=\"2142\">\n<p data-start=\"2102\" data-end=\"2142\">Int\u00e9rieur contemporain ou haussmannien<\/p>\n<\/li>\n<\/ul>\n<hr data-start=\"2144\" data-end=\"2147\" \/>\n<h2 data-start=\"2149\" data-end=\"2171\">\u00c9tat &amp; authenticit\u00e9<\/h2>\n<ul data-start=\"2173\" data-end=\"2329\">\n<li data-start=\"2173\" data-end=\"2202\">\n<p data-start=\"2175\" data-end=\"2202\"><strong data-start=\"2175\" data-end=\"2200\">Tr\u00e8s bon \u00e9tat g\u00e9n\u00e9ral<\/strong><\/p>\n<\/li>\n<li data-start=\"2203\" data-end=\"2271\">\n<p data-start=\"2205\" data-end=\"2271\">Quelques <strong data-start=\"2214\" data-end=\"2244\">l\u00e9g\u00e8res taches sur le cuir<\/strong>, coh\u00e9rentes avec son \u00e2ge<\/p>\n<\/li>\n<li data-start=\"2272\" data-end=\"2302\">\n<p data-start=\"2274\" data-end=\"2302\">Structure stable et solide<\/p>\n<\/li>\n<li data-start=\"2303\" data-end=\"2329\">\n<p data-start=\"2305\" data-end=\"2329\">Belle patine naturelle<\/p>\n<\/li>\n<\/ul>\n<p data-start=\"2331\" data-end=\"2401\">Ces traces renforcent son caract\u00e8re authentique et son charme vintage.<\/p>\n<hr data-start=\"2403\" data-end=\"2406\" \/>\n<h2 data-start=\"2408\" data-end=\"2438\">Caract\u00e9ristiques du produit<\/h2>\n<ul data-start=\"2440\" data-end=\"2779\">\n<li data-start=\"2440\" data-end=\"2463\">\n<p data-start=\"2442\" data-end=\"2463\"><strong data-start=\"2442\" data-end=\"2454\">Maison :<\/strong> Herm\u00e8s<\/p>\n<\/li>\n<li data-start=\"2464\" data-end=\"2486\">\n<p data-start=\"2466\" data-end=\"2486\"><strong data-start=\"2466\" data-end=\"2478\">Mod\u00e8le :<\/strong> Pippa<\/p>\n<\/li>\n<li data-start=\"2487\" data-end=\"2521\">\n<p data-start=\"2489\" data-end=\"2521\"><strong data-start=\"2489\" data-end=\"2499\">Type :<\/strong> Chaise pliante en X<\/p>\n<\/li>\n<li data-start=\"2522\" data-end=\"2556\">\n<p data-start=\"2524\" data-end=\"2556\"><strong data-start=\"2524\" data-end=\"2537\">P\u00e9riode :<\/strong> Ann\u00e9es 1980\u20131990<\/p>\n<\/li>\n<li data-start=\"2557\" data-end=\"2590\">\n<p data-start=\"2559\" data-end=\"2590\"><strong data-start=\"2559\" data-end=\"2574\">Structure :<\/strong> Poirier \u00e9tuv\u00e9<\/p>\n<\/li>\n<li data-start=\"2591\" data-end=\"2623\">\n<p data-start=\"2593\" data-end=\"2623\"><strong data-start=\"2593\" data-end=\"2605\">Assise :<\/strong> Cuir gold clair<\/p>\n<\/li>\n<li data-start=\"2624\" data-end=\"2660\">\n<p data-start=\"2626\" data-end=\"2660\"><strong data-start=\"2626\" data-end=\"2636\">\u00c9tat :<\/strong> Tr\u00e8s bon \u00e9tat vintage<\/p>\n<\/li>\n<li data-start=\"2661\" data-end=\"2719\">\n<p data-start=\"2663\" data-end=\"2719\"><strong data-start=\"2663\" data-end=\"2674\">Usage :<\/strong> D\u00e9coration \u00b7 Collection \u00b7 Assise d\u2019appoint<\/p>\n<\/li>\n<li data-start=\"2720\" data-end=\"2779\">\n<p data-start=\"2722\" data-end=\"2779\"><strong data-start=\"2722\" data-end=\"2744\">Authentification :<\/strong> Certifi\u00e9e par TheVintageTraveler<\/p>\n<\/li>\n<\/ul>\n<hr data-start=\"2781\" data-end=\"2784\" \/>\n<h2 data-start=\"2786\" data-end=\"2837\">Pourquoi la chaise Herm\u00e8s Pippa est recherch\u00e9e ?<\/h2>\n<p data-start=\"2839\" data-end=\"3004\">\u2714 Mod\u00e8le Pippa identifiable<br data-start=\"2866\" data-end=\"2869\" \/>\u2714 Mobilier Herm\u00e8s rare<br data-start=\"2891\" data-end=\"2894\" \/>\u2714 Cuir gold embl\u00e9matique<br data-start=\"2918\" data-end=\"2921\" \/>\u2714 Ann\u00e9es 80\u201390 tr\u00e8s recherch\u00e9es<br data-start=\"2952\" data-end=\"2955\" \/>\u2714 Forte d\u00e9sirabilit\u00e9 aupr\u00e8s des collectionneurs<\/p>\n<p data-start=\"3006\" data-end=\"3138\">Le mobilier Herm\u00e8s vintage conna\u00eet une <strong data-start=\"3045\" data-end=\"3067\">demande croissante<\/strong>, notamment aupr\u00e8s des amateurs d\u2019art de vivre et d\u2019int\u00e9rieurs de luxe.<\/p>\n<hr data-start=\"3140\" data-end=\"3143\" \/>\n<h2 data-start=\"3145\" data-end=\"3200\">Un objet de collection et d\u2019investissement d\u00e9coratif<\/h2>\n<p data-start=\"3202\" data-end=\"3263\">La <strong data-start=\"3205\" data-end=\"3221\">Herm\u00e8s Pippa<\/strong> ne se limite pas \u00e0 sa fonction d\u2019assise :<\/p>\n<ul data-start=\"3265\" data-end=\"3467\">\n<li data-start=\"3265\" data-end=\"3319\">\n<p data-start=\"3267\" data-end=\"3319\">Elle repr\u00e9sente un <strong data-start=\"3286\" data-end=\"3317\">objet d\u2019art de vivre Herm\u00e8s<\/strong><\/p>\n<\/li>\n<li data-start=\"3320\" data-end=\"3380\">\n<p data-start=\"3322\" data-end=\"3380\">Elle constitue une <strong data-start=\"3341\" data-end=\"3378\">pi\u00e8ce signature dans un int\u00e9rieur<\/strong><\/p>\n<\/li>\n<li data-start=\"3381\" data-end=\"3467\">\n<p data-start=\"3383\" data-end=\"3467\">Elle offre un potentiel patrimonial int\u00e9ressant dans le segment du mobilier Herm\u00e8s<\/p>\n<\/li>\n<\/ul>\n<p data-start=\"3469\" data-end=\"3592\">Les pi\u00e8ces de mobilier sign\u00e9es Herm\u00e8s sont produites en quantit\u00e9s limit\u00e9es, ce qui renforce leur attractivit\u00e9 \u00e0 long terme.<\/p>\n<hr data-start=\"3594\" data-end=\"3597\" \/>\n<h2 data-start=\"3599\" data-end=\"3644\">Pourquoi acheter chez TheVintageTraveler ?<\/h2>\n<p data-start=\"3646\" data-end=\"3693\">Chez <strong data-start=\"3651\" data-end=\"3673\">TheVintageTraveler<\/strong>, chaque pi\u00e8ce est :<\/p>\n<ul data-start=\"3695\" data-end=\"3919\">\n<li data-start=\"3695\" data-end=\"3724\">\n<p data-start=\"3697\" data-end=\"3724\">Expertis\u00e9e avec pr\u00e9cision<\/p>\n<\/li>\n<li data-start=\"3725\" data-end=\"3783\">\n<p data-start=\"3727\" data-end=\"3783\">S\u00e9lectionn\u00e9e pour sa raret\u00e9 et son int\u00e9r\u00eat patrimonial<\/p>\n<\/li>\n<li data-start=\"3784\" data-end=\"3825\">\n<p data-start=\"3786\" data-end=\"3825\">Livr\u00e9e avec certificat d\u2019authenticit\u00e9<\/p>\n<\/li>\n<li data-start=\"3826\" data-end=\"3872\">\n<p data-start=\"3828\" data-end=\"3872\">Disponible au March\u00e9 Serpette \u2013 Saint-Ouen<\/p>\n<\/li>\n<li data-start=\"3873\" data-end=\"3919\">\n<p data-start=\"3875\" data-end=\"3919\">Exp\u00e9di\u00e9e via transport s\u00e9curis\u00e9 sp\u00e9cialis\u00e9<\/p>\n<\/li>\n<\/ul>\n<hr data-start=\"3921\" data-end=\"3924\" \/>\n<h2 data-start=\"3926\" data-end=\"3939\">Conclusion<\/h2>\n<p data-start=\"3941\" data-end=\"4118\">Cette <strong data-start=\"3947\" data-end=\"4019\">chaise Herm\u00e8s Pippa pliante en X en poirier \u00e9tuv\u00e9 et cuir gold clair<\/strong>, datant des <strong data-start=\"4032\" data-end=\"4048\">ann\u00e9es 80\u201390<\/strong>, est une <strong data-start=\"4058\" data-end=\"4117\">pi\u00e8ce rare, \u00e9l\u00e9gante et embl\u00e9matique du mobilier Herm\u00e8s<\/strong>.<\/p>\n<p data-start=\"4120\" data-end=\"4262\">Un choix id\u00e9al pour les amateurs d\u2019<strong data-start=\"4155\" data-end=\"4186\">objets Herm\u00e8s de collection<\/strong>, d\u2019<strong data-start=\"4190\" data-end=\"4213\">int\u00e9rieurs raffin\u00e9s<\/strong> et d\u2019<strong data-start=\"4219\" data-end=\"4261\">investissement d\u00e9coratif haut de gamme<\/strong>.<\/p>\n<p>Suivez &#8211; nous sur <a href=\"https:\/\/www.facebook.com\/TheVintageTravelerFR\">Facebook<\/a> et <a href=\"https:\/\/www.instagram.com\/the_vintagetraveler\/?igsh=aXdsbDJkdnpwZjcx#\">Instagram<\/a><\/p>\n","protected":false},"excerpt":{"rendered":"<p>Chaise Herm\u00e8s Pippa pliante en X en poirier \u00e9tuv\u00e9 et cuir gold clair. Ann\u00e9es 80\u201390. Tr\u00e8s bon \u00e9tat. Mobilier Herm\u00e8s rare.<\/p>\n","protected":false},"featured_media":7984,"template":"","meta":[],"product_brand":[],"product_cat":[126,280,128,175,274,279],"product_tag":[281,327],"class_list":{"0":"post-7983","1":"product","2":"type-product","3":"status-publish","4":"has-post-thumbnail","6":"product_cat-accessoires-de-luxe-vintage","7":"product_cat-hermes","8":"product_cat-lifestyle-maison","9":"product_cat-lifestyle-maison-hermes","10":"product_cat-news","11":"product_cat-bags","12":"product_tag-hermes","13":"product_tag-hermesbolide","15":"first","16":"instock","17":"sold-individually","18":"shipping-taxable","19":"purchasable","20":"product-type-simple"},"yoast_head":"<!-- This site is optimized with the Yoast SEO plugin v27.1.1 - https:\/\/yoast.com\/product\/yoast-seo-wordpress\/ -->\n<title>Chaise Herm\u00e8s Pippa Vintage Cuir Gold<\/title>\n<meta name=\"description\" content=\"Chaise Herm\u00e8s Pippa pliante en X en poirier \u00e9tuv\u00e9 et cuir gold clair. Ann\u00e9es 80\u201390. Tr\u00e8s bon \u00e9tat. Mobilier Herm\u00e8s rare.\" \/>\n<meta name=\"robots\" content=\"index, follow, max-snippet:-1, max-image-preview:large, max-video-preview:-1\" \/>\n<link rel=\"canonical\" href=\"https:\/\/thevintagetraveler.com\/en\/produit\/chaise-hermes-pippa-pliant-x\/\" \/>\n<meta property=\"og:locale\" content=\"en_US\" \/>\n<meta property=\"og:type\" content=\"article\" \/>\n<meta property=\"og:title\" content=\"Chaise Herm\u00e8s Pippa Vintage Cuir Gold\" \/>\n<meta property=\"og:description\" content=\"Chaise Herm\u00e8s Pippa pliante en X en poirier \u00e9tuv\u00e9 et cuir gold clair. Ann\u00e9es 80\u201390. Tr\u00e8s bon \u00e9tat. Mobilier Herm\u00e8s rare.\" \/>\n<meta property=\"og:url\" content=\"https:\/\/thevintagetraveler.com\/en\/produit\/chaise-hermes-pippa-pliant-x\/\" \/>\n<meta property=\"og:site_name\" content=\"TheVintageTraveler\" \/>\n<meta property=\"article:publisher\" content=\"https:\/\/www.facebook.com\/TheVintageTravelerFR\/\" \/>\n<meta property=\"article:modified_time\" content=\"2026-02-28T09:20:44+00:00\" \/>\n<meta property=\"og:image\" content=\"https:\/\/thevintagetraveler.com\/wp-content\/uploads\/2026\/02\/20260223_113449.jpg\" \/>\n\t<meta property=\"og:image:width\" content=\"1920\" \/>\n\t<meta property=\"og:image:height\" content=\"2560\" \/>\n\t<meta property=\"og:image:type\" content=\"image\/jpeg\" \/>\n<meta name=\"twitter:card\" content=\"summary_large_image\" \/>\n<meta name=\"twitter:label1\" content=\"Est. reading time\" \/>\n\t<meta name=\"twitter:data1\" content=\"3 minutes\" \/>\n<script type=\"application\/ld+json\" class=\"yoast-schema-graph\">{\"@context\":\"https:\/\/schema.org\",\"@graph\":[{\"@type\":\"WebPage\",\"@id\":\"https:\/\/thevintagetraveler.com\/en\/produit\/chaise-hermes-pippa-pliant-x\/\",\"url\":\"https:\/\/thevintagetraveler.com\/en\/produit\/chaise-hermes-pippa-pliant-x\/\",\"name\":\"Chaise Herm\u00e8s Pippa Vintage Cuir Gold\",\"isPartOf\":{\"@id\":\"https:\/\/thevintagetraveler.com\/en\/#website\"},\"primaryImageOfPage\":{\"@id\":\"https:\/\/thevintagetraveler.com\/en\/produit\/chaise-hermes-pippa-pliant-x\/#primaryimage\"},\"image\":{\"@id\":\"https:\/\/thevintagetraveler.com\/en\/produit\/chaise-hermes-pippa-pliant-x\/#primaryimage\"},\"thumbnailUrl\":\"https:\/\/thevintagetraveler.com\/wp-content\/uploads\/2026\/02\/20260223_113449.jpg\",\"datePublished\":\"2026-02-23T12:25:00+00:00\",\"dateModified\":\"2026-02-28T09:20:44+00:00\",\"description\":\"Chaise Herm\u00e8s Pippa pliante en X en poirier \u00e9tuv\u00e9 et cuir gold clair. Ann\u00e9es 80\u201390. Tr\u00e8s bon \u00e9tat. Mobilier Herm\u00e8s rare.\",\"breadcrumb\":{\"@id\":\"https:\/\/thevintagetraveler.com\/en\/produit\/chaise-hermes-pippa-pliant-x\/#breadcrumb\"},\"inLanguage\":\"en-US\",\"potentialAction\":[{\"@type\":\"ReadAction\",\"target\":[\"https:\/\/thevintagetraveler.com\/en\/produit\/chaise-hermes-pippa-pliant-x\/\"]}]},{\"@type\":\"ImageObject\",\"inLanguage\":\"en-US\",\"@id\":\"https:\/\/thevintagetraveler.com\/en\/produit\/chaise-hermes-pippa-pliant-x\/#primaryimage\",\"url\":\"https:\/\/thevintagetraveler.com\/wp-content\/uploads\/2026\/02\/20260223_113449.jpg\",\"contentUrl\":\"https:\/\/thevintagetraveler.com\/wp-content\/uploads\/2026\/02\/20260223_113449.jpg\",\"width\":1920,\"height\":2560,\"caption\":\"chaise Herm\u00e8s pliante X poirier \u00e9tuv\u00e9 cuir gold vintage\"},{\"@type\":\"BreadcrumbList\",\"@id\":\"https:\/\/thevintagetraveler.com\/en\/produit\/chaise-hermes-pippa-pliant-x\/#breadcrumb\",\"itemListElement\":[{\"@type\":\"ListItem\",\"position\":1,\"name\":\"Accueil\",\"item\":\"https:\/\/thevintagetraveler.com\/en\/\"},{\"@type\":\"ListItem\",\"position\":2,\"name\":\"Shop\",\"item\":\"https:\/\/thevintagetraveler.com\/shop\/\"},{\"@type\":\"ListItem\",\"position\":3,\"name\":\"Chaise Herm\u00e8s Pippa Pliant X\"}]},{\"@type\":\"WebSite\",\"@id\":\"https:\/\/thevintagetraveler.com\/en\/#website\",\"url\":\"https:\/\/thevintagetraveler.com\/en\/\",\"name\":\"TheVintageTraveler\",\"description\":\"Luxury experts in Louis Vuitton, Chanel &amp; Herm\u00e8s\",\"publisher\":{\"@id\":\"https:\/\/thevintagetraveler.com\/en\/#organization\"},\"potentialAction\":[{\"@type\":\"SearchAction\",\"target\":{\"@type\":\"EntryPoint\",\"urlTemplate\":\"https:\/\/thevintagetraveler.com\/en\/?s={search_term_string}\"},\"query-input\":{\"@type\":\"PropertyValueSpecification\",\"valueRequired\":true,\"valueName\":\"search_term_string\"}}],\"inLanguage\":\"en-US\"},{\"@type\":\"Organization\",\"@id\":\"https:\/\/thevintagetraveler.com\/en\/#organization\",\"name\":\"TheVintageTraveler\",\"url\":\"https:\/\/thevintagetraveler.com\/en\/\",\"logo\":{\"@type\":\"ImageObject\",\"inLanguage\":\"en-US\",\"@id\":\"https:\/\/thevintagetraveler.com\/en\/#\/schema\/logo\/image\/\",\"url\":\"https:\/\/thevintagetraveler.com\/wp-content\/uploads\/2025\/04\/LOGO-THE-VINTAGE-TRAVELER-FINAL-e1745392697678.png\",\"contentUrl\":\"https:\/\/thevintagetraveler.com\/wp-content\/uploads\/2025\/04\/LOGO-THE-VINTAGE-TRAVELER-FINAL-e1745392697678.png\",\"width\":798,\"height\":318,\"caption\":\"TheVintageTraveler\"},\"image\":{\"@id\":\"https:\/\/thevintagetraveler.com\/en\/#\/schema\/logo\/image\/\"},\"sameAs\":[\"https:\/\/www.facebook.com\/TheVintageTravelerFR\/\",\"https:\/\/www.instagram.com\/the_vintagetraveler\"]}]}<\/script>\n<!-- \/ Yoast SEO plugin. -->","yoast_head_json":{"title":"Chaise Herm\u00e8s Pippa Vintage Cuir Gold","description":"Chaise Herm\u00e8s Pippa pliante en X en poirier \u00e9tuv\u00e9 et cuir gold clair. Ann\u00e9es 80\u201390. Tr\u00e8s bon \u00e9tat. Mobilier Herm\u00e8s rare.","robots":{"index":"index","follow":"follow","max-snippet":"max-snippet:-1","max-image-preview":"max-image-preview:large","max-video-preview":"max-video-preview:-1"},"canonical":"https:\/\/thevintagetraveler.com\/en\/produit\/chaise-hermes-pippa-pliant-x\/","og_locale":"en_US","og_type":"article","og_title":"Chaise Herm\u00e8s Pippa Vintage Cuir Gold","og_description":"Chaise Herm\u00e8s Pippa pliante en X en poirier \u00e9tuv\u00e9 et cuir gold clair. Ann\u00e9es 80\u201390. Tr\u00e8s bon \u00e9tat. Mobilier Herm\u00e8s rare.","og_url":"https:\/\/thevintagetraveler.com\/en\/produit\/chaise-hermes-pippa-pliant-x\/","og_site_name":"TheVintageTraveler","article_publisher":"https:\/\/www.facebook.com\/TheVintageTravelerFR\/","article_modified_time":"2026-02-28T09:20:44+00:00","og_image":[{"width":1920,"height":2560,"url":"https:\/\/thevintagetraveler.com\/wp-content\/uploads\/2026\/02\/20260223_113449.jpg","type":"image\/jpeg"}],"twitter_card":"summary_large_image","twitter_misc":{"Est. reading time":"3 minutes"},"schema":{"@context":"https:\/\/schema.org","@graph":[{"@type":"WebPage","@id":"https:\/\/thevintagetraveler.com\/en\/produit\/chaise-hermes-pippa-pliant-x\/","url":"https:\/\/thevintagetraveler.com\/en\/produit\/chaise-hermes-pippa-pliant-x\/","name":"Chaise Herm\u00e8s Pippa Vintage Cuir Gold","isPartOf":{"@id":"https:\/\/thevintagetraveler.com\/en\/#website"},"primaryImageOfPage":{"@id":"https:\/\/thevintagetraveler.com\/en\/produit\/chaise-hermes-pippa-pliant-x\/#primaryimage"},"image":{"@id":"https:\/\/thevintagetraveler.com\/en\/produit\/chaise-hermes-pippa-pliant-x\/#primaryimage"},"thumbnailUrl":"https:\/\/thevintagetraveler.com\/wp-content\/uploads\/2026\/02\/20260223_113449.jpg","datePublished":"2026-02-23T12:25:00+00:00","dateModified":"2026-02-28T09:20:44+00:00","description":"Chaise Herm\u00e8s Pippa pliante en X en poirier \u00e9tuv\u00e9 et cuir gold clair. Ann\u00e9es 80\u201390. Tr\u00e8s bon \u00e9tat. Mobilier Herm\u00e8s rare.","breadcrumb":{"@id":"https:\/\/thevintagetraveler.com\/en\/produit\/chaise-hermes-pippa-pliant-x\/#breadcrumb"},"inLanguage":"en-US","potentialAction":[{"@type":"ReadAction","target":["https:\/\/thevintagetraveler.com\/en\/produit\/chaise-hermes-pippa-pliant-x\/"]}]},{"@type":"ImageObject","inLanguage":"en-US","@id":"https:\/\/thevintagetraveler.com\/en\/produit\/chaise-hermes-pippa-pliant-x\/#primaryimage","url":"https:\/\/thevintagetraveler.com\/wp-content\/uploads\/2026\/02\/20260223_113449.jpg","contentUrl":"https:\/\/thevintagetraveler.com\/wp-content\/uploads\/2026\/02\/20260223_113449.jpg","width":1920,"height":2560,"caption":"chaise Herm\u00e8s pliante X poirier \u00e9tuv\u00e9 cuir gold vintage"},{"@type":"BreadcrumbList","@id":"https:\/\/thevintagetraveler.com\/en\/produit\/chaise-hermes-pippa-pliant-x\/#breadcrumb","itemListElement":[{"@type":"ListItem","position":1,"name":"Accueil","item":"https:\/\/thevintagetraveler.com\/en\/"},{"@type":"ListItem","position":2,"name":"Shop","item":"https:\/\/thevintagetraveler.com\/shop\/"},{"@type":"ListItem","position":3,"name":"Chaise Herm\u00e8s Pippa Pliant X"}]},{"@type":"WebSite","@id":"https:\/\/thevintagetraveler.com\/en\/#website","url":"https:\/\/thevintagetraveler.com\/en\/","name":"TheVintageTraveler","description":"Luxury experts in Louis Vuitton, Chanel &amp; Herm\u00e8s","publisher":{"@id":"https:\/\/thevintagetraveler.com\/en\/#organization"},"potentialAction":[{"@type":"SearchAction","target":{"@type":"EntryPoint","urlTemplate":"https:\/\/thevintagetraveler.com\/en\/?s={search_term_string}"},"query-input":{"@type":"PropertyValueSpecification","valueRequired":true,"valueName":"search_term_string"}}],"inLanguage":"en-US"},{"@type":"Organization","@id":"https:\/\/thevintagetraveler.com\/en\/#organization","name":"TheVintageTraveler","url":"https:\/\/thevintagetraveler.com\/en\/","logo":{"@type":"ImageObject","inLanguage":"en-US","@id":"https:\/\/thevintagetraveler.com\/en\/#\/schema\/logo\/image\/","url":"https:\/\/thevintagetraveler.com\/wp-content\/uploads\/2025\/04\/LOGO-THE-VINTAGE-TRAVELER-FINAL-e1745392697678.png","contentUrl":"https:\/\/thevintagetraveler.com\/wp-content\/uploads\/2025\/04\/LOGO-THE-VINTAGE-TRAVELER-FINAL-e1745392697678.png","width":798,"height":318,"caption":"TheVintageTraveler"},"image":{"@id":"https:\/\/thevintagetraveler.com\/en\/#\/schema\/logo\/image\/"},"sameAs":["https:\/\/www.facebook.com\/TheVintageTravelerFR\/","https:\/\/www.instagram.com\/the_vintagetraveler"]}]}},"_links":{"self":[{"href":"https:\/\/thevintagetraveler.com\/en\/wp-json\/wp\/v2\/product\/7983","targetHints":{"allow":["GET"]}}],"collection":[{"href":"https:\/\/thevintagetraveler.com\/en\/wp-json\/wp\/v2\/product"}],"about":[{"href":"https:\/\/thevintagetraveler.com\/en\/wp-json\/wp\/v2\/types\/product"}],"wp:featuredmedia":[{"embeddable":true,"href":"https:\/\/thevintagetraveler.com\/en\/wp-json\/wp\/v2\/media\/7984"}],"wp:attachment":[{"href":"https:\/\/thevintagetraveler.com\/en\/wp-json\/wp\/v2\/media?parent=7983"}],"wp:term":[{"taxonomy":"product_brand","embeddable":true,"href":"https:\/\/thevintagetraveler.com\/en\/wp-json\/wp\/v2\/product_brand?post=7983"},{"taxonomy":"product_cat","embeddable":true,"href":"https:\/\/thevintagetraveler.com\/en\/wp-json\/wp\/v2\/product_cat?post=7983"},{"taxonomy":"product_tag","embeddable":true,"href":"https:\/\/thevintagetraveler.com\/en\/wp-json\/wp\/v2\/product_tag?post=7983"}],"curies":[{"name":"wp","href":"https:\/\/api.w.org\/{rel}","templated":true}]}}