{"id":8059,"date":"2026-03-02T13:14:55","date_gmt":"2026-03-02T12:14:55","guid":{"rendered":"https:\/\/thevintagetraveler.com\/?post_type=product&#038;p=8059"},"modified":"2026-03-02T13:21:50","modified_gmt":"2026-03-02T12:21:50","slug":"decapsuleur-hermes-metal-argente-cordage-vintage","status":"publish","type":"product","link":"https:\/\/thevintagetraveler.com\/en\/produit\/decapsuleur-hermes-metal-argente-cordage-vintage\/","title":{"rendered":"D\u00e9capsuleur Herm\u00e8s Cordage"},"content":{"rendered":"<h2 data-start=\"947\" data-end=\"1001\">D\u00e9capsuleur Herm\u00e8s en M\u00e9tal Argent\u00e9 \u2013 Motif Cordage<\/h2>\n<p data-start=\"1003\" data-end=\"1187\">Ce <strong data-start=\"1006\" data-end=\"1045\">d\u00e9capsuleur Herm\u00e8s en m\u00e9tal argent\u00e9<\/strong>, orn\u00e9 d\u2019un \u00e9l\u00e9gant <strong data-start=\"1065\" data-end=\"1082\">motif cordage<\/strong>, incarne parfaitement l\u2019univers <strong data-start=\"1115\" data-end=\"1131\">art de vivre<\/strong> de la maison <strong data-start=\"1145\" data-end=\"1186\"><span class=\"hover:entity-accent entity-underline inline cursor-pointer align-baseline\"><span class=\"whitespace-normal\">Herm\u00e8s<\/span><\/span><\/strong>.<\/p>\n<p data-start=\"1189\" data-end=\"1346\">\u00c0 la fois fonctionnel et d\u00e9coratif, il refl\u00e8te l\u2019attention port\u00e9e aux d\u00e9tails et \u00e0 la qualit\u00e9 qui caract\u00e9risent les objets <a href=\"https:\/\/thevintagetraveler.com\/rachat-sac-hermes\/\">Herm\u00e8s<\/a>, m\u00eame les plus utilitaires.<\/p>\n<hr data-start=\"1348\" data-end=\"1351\" \/>\n<h2 data-start=\"1353\" data-end=\"1366\">Dimensions<\/h2>\n<p data-start=\"1368\" data-end=\"1393\">\ud83d\udcd0 <strong data-start=\"1371\" data-end=\"1393\">Longueur : 14,5 cm<\/strong><\/p>\n<p data-start=\"1395\" data-end=\"1414\">Format id\u00e9al pour :<\/p>\n<ul data-start=\"1416\" data-end=\"1559\">\n<li data-start=\"1416\" data-end=\"1445\">\n<p data-start=\"1418\" data-end=\"1445\">Accessoire de bar de luxe<\/p>\n<\/li>\n<li data-start=\"1446\" data-end=\"1493\">\n<p data-start=\"1448\" data-end=\"1493\">Objet d\u00e9coratif sur une table ou un plateau<\/p>\n<\/li>\n<li data-start=\"1494\" data-end=\"1520\">\n<p data-start=\"1496\" data-end=\"1520\">Cadeau Herm\u00e8s original<\/p>\n<\/li>\n<li data-start=\"1521\" data-end=\"1559\">\n<p data-start=\"1523\" data-end=\"1559\">Collection d\u2019objets Herm\u00e8s vintage<\/p>\n<\/li>\n<\/ul>\n<hr data-start=\"1561\" data-end=\"1564\" \/>\n<h2 data-start=\"1566\" data-end=\"1606\">Un objet Herm\u00e8s raffin\u00e9 et intemporel<\/h2>\n<ul data-start=\"1608\" data-end=\"1768\">\n<li data-start=\"1608\" data-end=\"1633\">\n<p data-start=\"1610\" data-end=\"1633\">M\u00e9tal argent\u00e9 \u00e9l\u00e9gant<\/p>\n<\/li>\n<li data-start=\"1634\" data-end=\"1688\">\n<p data-start=\"1636\" data-end=\"1688\">Motif cordage \u00e9voquant l\u2019univers marin et \u00e9questre<\/p>\n<\/li>\n<li data-start=\"1689\" data-end=\"1717\">\n<p data-start=\"1691\" data-end=\"1717\">Ligne fine et \u00e9quilibr\u00e9e<\/p>\n<\/li>\n<li data-start=\"1718\" data-end=\"1768\">\n<p data-start=\"1720\" data-end=\"1768\">Design discret mais imm\u00e9diatement identifiable<\/p>\n<\/li>\n<\/ul>\n<p data-start=\"1770\" data-end=\"1904\">Les accessoires Herm\u00e8s en m\u00e9tal argent\u00e9 sont particuli\u00e8rement recherch\u00e9s par les amateurs d\u2019objets de collection et d\u2019art de la table.<\/p>\n<hr data-start=\"1906\" data-end=\"1909\" \/>\n<h2 data-start=\"1911\" data-end=\"1933\">\u00c9tat &amp; authenticit\u00e9<\/h2>\n<ul data-start=\"1935\" data-end=\"2042\">\n<li data-start=\"1935\" data-end=\"1978\">\n<p data-start=\"1937\" data-end=\"1978\"><strong data-start=\"1937\" data-end=\"1953\">\u00c9tat d\u2019usage<\/strong>, coh\u00e9rent avec son \u00e2ge<\/p>\n<\/li>\n<li data-start=\"1979\" data-end=\"2014\">\n<p data-start=\"1981\" data-end=\"2014\">Belle patine naturelle du m\u00e9tal<\/p>\n<\/li>\n<li data-start=\"2015\" data-end=\"2042\">\n<p data-start=\"2017\" data-end=\"2042\">Charme vintage conserv\u00e9<\/p>\n<\/li>\n<\/ul>\n<p data-start=\"2044\" data-end=\"2118\">Ces marques d\u2019usage renforcent l\u2019authenticit\u00e9 et le caract\u00e8re de la pi\u00e8ce.<\/p>\n<hr data-start=\"2120\" data-end=\"2123\" \/>\n<h2 data-start=\"2125\" data-end=\"2155\">Caract\u00e9ristiques du produit<\/h2>\n<ul data-start=\"2157\" data-end=\"2444\">\n<li data-start=\"2157\" data-end=\"2180\">\n<p data-start=\"2159\" data-end=\"2180\"><strong data-start=\"2159\" data-end=\"2171\">Maison :<\/strong> Herm\u00e8s<\/p>\n<\/li>\n<li data-start=\"2181\" data-end=\"2207\">\n<p data-start=\"2183\" data-end=\"2207\"><strong data-start=\"2183\" data-end=\"2193\">Type :<\/strong> D\u00e9capsuleur<\/p>\n<\/li>\n<li data-start=\"2208\" data-end=\"2239\">\n<p data-start=\"2210\" data-end=\"2239\"><strong data-start=\"2210\" data-end=\"2223\">Mati\u00e8re :<\/strong> M\u00e9tal argent\u00e9<\/p>\n<\/li>\n<li data-start=\"2240\" data-end=\"2263\">\n<p data-start=\"2242\" data-end=\"2263\"><strong data-start=\"2242\" data-end=\"2253\">Motif :<\/strong> Cordage<\/p>\n<\/li>\n<li data-start=\"2264\" data-end=\"2292\">\n<p data-start=\"2266\" data-end=\"2292\"><strong data-start=\"2266\" data-end=\"2282\">Dimensions :<\/strong> 14,5 cm<\/p>\n<\/li>\n<li data-start=\"2293\" data-end=\"2320\">\n<p data-start=\"2295\" data-end=\"2320\"><strong data-start=\"2295\" data-end=\"2305\">\u00c9tat :<\/strong> \u00c9tat d\u2019usage<\/p>\n<\/li>\n<li data-start=\"2321\" data-end=\"2385\">\n<p data-start=\"2323\" data-end=\"2385\"><strong data-start=\"2323\" data-end=\"2334\">Usage :<\/strong> Accessoire de bar \u00b7 Objet d\u00e9coratif \u00b7 Collection<\/p>\n<\/li>\n<li data-start=\"2386\" data-end=\"2444\">\n<p data-start=\"2388\" data-end=\"2444\"><strong data-start=\"2388\" data-end=\"2410\">Authentification :<\/strong> Certifi\u00e9 par TheVintageTraveler<\/p>\n<\/li>\n<\/ul>\n<hr data-start=\"2446\" data-end=\"2449\" \/>\n<h2 data-start=\"2451\" data-end=\"2500\">Pourquoi ce d\u00e9capsuleur Herm\u00e8s est recherch\u00e9 ?<\/h2>\n<p data-start=\"2502\" data-end=\"2672\">\u2714 Objet Herm\u00e8s hors maroquinerie<br data-start=\"2534\" data-end=\"2537\" \/>\u2714 Accessoire art de vivre vintage<br data-start=\"2570\" data-end=\"2573\" \/>\u2714 M\u00e9tal argent\u00e9 \u00e9l\u00e9gant<br data-start=\"2596\" data-end=\"2599\" \/>\u2714 Pi\u00e8ce discr\u00e8te mais embl\u00e9matique<br data-start=\"2633\" data-end=\"2636\" \/>\u2714 Id\u00e9al pour collectionneur Herm\u00e8s<\/p>\n<p data-start=\"2674\" data-end=\"2817\">Les objets Herm\u00e8s vintage connaissent une <strong data-start=\"2716\" data-end=\"2738\">demande croissante<\/strong>, notamment dans le segment des accessoires rares et des pi\u00e8ces d\u2019art de vivre.<\/p>\n<hr data-start=\"2819\" data-end=\"2822\" \/>\n<h2 data-start=\"2824\" data-end=\"2866\">Un objet de collection et de d\u00e9coration<\/h2>\n<p data-start=\"2868\" data-end=\"2924\">Ce <strong data-start=\"2871\" data-end=\"2918\">d\u00e9capsuleur Herm\u00e8s vintage en m\u00e9tal argent\u00e9<\/strong> est :<\/p>\n<ul data-start=\"2926\" data-end=\"3075\">\n<li data-start=\"2926\" data-end=\"2964\">\n<p data-start=\"2928\" data-end=\"2964\">Une pi\u00e8ce de collection accessible<\/p>\n<\/li>\n<li data-start=\"2965\" data-end=\"3003\">\n<p data-start=\"2967\" data-end=\"3003\">Un accessoire de bar haut de gamme<\/p>\n<\/li>\n<li data-start=\"3004\" data-end=\"3034\">\n<p data-start=\"3006\" data-end=\"3034\">Un cadeau de luxe original<\/p>\n<\/li>\n<li data-start=\"3035\" data-end=\"3075\">\n<p data-start=\"3037\" data-end=\"3075\">Un objet raffin\u00e9 pour amateur Herm\u00e8s<\/p>\n<\/li>\n<\/ul>\n<hr data-start=\"3077\" data-end=\"3080\" \/>\n<h2 data-start=\"3082\" data-end=\"3127\">Pourquoi acheter chez TheVintageTraveler ?<\/h2>\n<p data-start=\"3129\" data-end=\"3183\">Chez <strong data-start=\"3134\" data-end=\"3156\">TheVintageTraveler<\/strong>, chaque pi\u00e8ce Herm\u00e8s est :<\/p>\n<ul data-start=\"3185\" data-end=\"3363\">\n<li data-start=\"3185\" data-end=\"3214\">\n<p data-start=\"3187\" data-end=\"3214\">Expertis\u00e9e avec pr\u00e9cision<\/p>\n<\/li>\n<li data-start=\"3215\" data-end=\"3253\">\n<p data-start=\"3217\" data-end=\"3253\">S\u00e9lectionn\u00e9e pour son authenticit\u00e9<\/p>\n<\/li>\n<li data-start=\"3254\" data-end=\"3280\">\n<p data-start=\"3256\" data-end=\"3280\">Livr\u00e9e avec certificat<\/p>\n<\/li>\n<li data-start=\"3281\" data-end=\"3327\">\n<p data-start=\"3283\" data-end=\"3327\">Disponible au March\u00e9 Serpette \u2013 Saint-Ouen<\/p>\n<\/li>\n<li data-start=\"3328\" data-end=\"3363\">\n<p data-start=\"3330\" data-end=\"3363\">Exp\u00e9di\u00e9e via transport s\u00e9curis\u00e9<\/p>\n<\/li>\n<\/ul>\n<hr data-start=\"3365\" data-end=\"3368\" \/>\n<h2 data-start=\"3370\" data-end=\"3383\">Conclusion<\/h2>\n<p data-start=\"3385\" data-end=\"3600\">Ce <strong data-start=\"3388\" data-end=\"3444\">d\u00e9capsuleur Herm\u00e8s en m\u00e9tal argent\u00e9 au motif cordage<\/strong>, en <strong data-start=\"3449\" data-end=\"3465\">\u00e9tat d\u2019usage<\/strong>, est un <strong data-start=\"3474\" data-end=\"3520\">objet d\u2019art de vivre \u00e9l\u00e9gant et intemporel<\/strong>, parfait pour enrichir une collection Herm\u00e8s ou sublimer un espace bar raffin\u00e9.<\/p>\n<p>Suivez &#8211; nous sur <a href=\"https:\/\/www.facebook.com\/TheVintageTravelerFR\">Facebook<\/a> et <a href=\"https:\/\/www.instagram.com\/the_vintagetraveler\/?igsh=aXdsbDJkdnpwZjcx#\">Instagram<\/a><\/p>\n","protected":false},"excerpt":{"rendered":"<p>D\u00e9capsuleur Herm\u00e8s en m\u00e9tal argent\u00e9 au motif cordage. Longueur 14,5 cm. Objet vintage en \u00e9tat d\u2019usage, \u00e9l\u00e9gant et rare.<\/p>\n","protected":false},"featured_media":8062,"template":"","meta":[],"product_brand":[],"product_cat":[126,115,175,128,140,112],"product_tag":[136],"class_list":{"0":"post-8059","1":"product","2":"type-product","3":"status-publish","4":"has-post-thumbnail","6":"product_cat-accessoires-de-luxe-vintage","7":"product_cat-hermes","8":"product_cat-lifestyle-maison-hermes","9":"product_cat-lifestyle-maison","10":"product_cat-nouveautes","11":"product_cat-sacs","12":"product_tag-hermes","14":"first","15":"instock","16":"sold-individually","17":"shipping-taxable","18":"purchasable","19":"product-type-simple"},"yoast_head":"<!-- This site is optimized with the Yoast SEO plugin v27.1.1 - https:\/\/yoast.com\/product\/yoast-seo-wordpress\/ -->\n<title>D\u00e9capsuleur Vintage | Herm\u00e8s M\u00e9tal Argent\u00e9<\/title>\n<meta name=\"description\" content=\"D\u00e9capsuleur Herm\u00e8s en m\u00e9tal argent\u00e9 avec motif cordage. 14,5 cm. Objet vintage en \u00e9tat d\u2019usage, art de vivre Herm\u00e8s.\" \/>\n<meta name=\"robots\" content=\"index, follow, max-snippet:-1, max-image-preview:large, max-video-preview:-1\" \/>\n<link rel=\"canonical\" href=\"https:\/\/thevintagetraveler.com\/en\/produit\/decapsuleur-hermes-metal-argente-cordage-vintage\/\" \/>\n<meta property=\"og:locale\" content=\"en_US\" \/>\n<meta property=\"og:type\" content=\"article\" \/>\n<meta property=\"og:title\" content=\"D\u00e9capsuleur Vintage | Herm\u00e8s M\u00e9tal Argent\u00e9\" \/>\n<meta property=\"og:description\" content=\"D\u00e9capsuleur Herm\u00e8s en m\u00e9tal argent\u00e9 avec motif cordage. 14,5 cm. Objet vintage en \u00e9tat d\u2019usage, art de vivre Herm\u00e8s.\" \/>\n<meta property=\"og:url\" content=\"https:\/\/thevintagetraveler.com\/en\/produit\/decapsuleur-hermes-metal-argente-cordage-vintage\/\" \/>\n<meta property=\"og:site_name\" content=\"TheVintageTraveler\" \/>\n<meta property=\"article:publisher\" content=\"https:\/\/www.facebook.com\/TheVintageTravelerFR\/\" \/>\n<meta property=\"article:modified_time\" content=\"2026-03-02T12:21:50+00:00\" \/>\n<meta property=\"og:image\" content=\"https:\/\/thevintagetraveler.com\/wp-content\/uploads\/2026\/03\/20260302_115843.jpg\" \/>\n\t<meta property=\"og:image:width\" content=\"1920\" \/>\n\t<meta property=\"og:image:height\" content=\"2560\" \/>\n\t<meta property=\"og:image:type\" content=\"image\/jpeg\" \/>\n<meta name=\"twitter:card\" content=\"summary_large_image\" \/>\n<meta name=\"twitter:label1\" content=\"Est. reading time\" \/>\n\t<meta name=\"twitter:data1\" content=\"2 minutes\" \/>\n<script type=\"application\/ld+json\" class=\"yoast-schema-graph\">{\"@context\":\"https:\/\/schema.org\",\"@graph\":[{\"@type\":\"WebPage\",\"@id\":\"https:\/\/thevintagetraveler.com\/en\/produit\/decapsuleur-hermes-metal-argente-cordage-vintage\/\",\"url\":\"https:\/\/thevintagetraveler.com\/en\/produit\/decapsuleur-hermes-metal-argente-cordage-vintage\/\",\"name\":\"D\u00e9capsuleur Vintage | Herm\u00e8s M\u00e9tal Argent\u00e9\",\"isPartOf\":{\"@id\":\"https:\/\/thevintagetraveler.com\/en\/#website\"},\"primaryImageOfPage\":{\"@id\":\"https:\/\/thevintagetraveler.com\/en\/produit\/decapsuleur-hermes-metal-argente-cordage-vintage\/#primaryimage\"},\"image\":{\"@id\":\"https:\/\/thevintagetraveler.com\/en\/produit\/decapsuleur-hermes-metal-argente-cordage-vintage\/#primaryimage\"},\"thumbnailUrl\":\"https:\/\/thevintagetraveler.com\/wp-content\/uploads\/2026\/03\/20260302_115843.jpg\",\"datePublished\":\"2026-03-02T12:14:55+00:00\",\"dateModified\":\"2026-03-02T12:21:50+00:00\",\"description\":\"D\u00e9capsuleur Herm\u00e8s en m\u00e9tal argent\u00e9 avec motif cordage. 14,5 cm. Objet vintage en \u00e9tat d\u2019usage, art de vivre Herm\u00e8s.\",\"breadcrumb\":{\"@id\":\"https:\/\/thevintagetraveler.com\/en\/produit\/decapsuleur-hermes-metal-argente-cordage-vintage\/#breadcrumb\"},\"inLanguage\":\"en-US\",\"potentialAction\":[{\"@type\":\"ReadAction\",\"target\":[\"https:\/\/thevintagetraveler.com\/en\/produit\/decapsuleur-hermes-metal-argente-cordage-vintage\/\"]}]},{\"@type\":\"ImageObject\",\"inLanguage\":\"en-US\",\"@id\":\"https:\/\/thevintagetraveler.com\/en\/produit\/decapsuleur-hermes-metal-argente-cordage-vintage\/#primaryimage\",\"url\":\"https:\/\/thevintagetraveler.com\/wp-content\/uploads\/2026\/03\/20260302_115843.jpg\",\"contentUrl\":\"https:\/\/thevintagetraveler.com\/wp-content\/uploads\/2026\/03\/20260302_115843.jpg\",\"width\":1920,\"height\":2560,\"caption\":\"d\u00e9capsuleur Herm\u00e8s m\u00e9tal argent\u00e9 cordage vintage\"},{\"@type\":\"BreadcrumbList\",\"@id\":\"https:\/\/thevintagetraveler.com\/en\/produit\/decapsuleur-hermes-metal-argente-cordage-vintage\/#breadcrumb\",\"itemListElement\":[{\"@type\":\"ListItem\",\"position\":1,\"name\":\"Accueil\",\"item\":\"https:\/\/thevintagetraveler.com\/en\/\"},{\"@type\":\"ListItem\",\"position\":2,\"name\":\"Shop\",\"item\":\"https:\/\/thevintagetraveler.com\/shop\/\"},{\"@type\":\"ListItem\",\"position\":3,\"name\":\"D\u00e9capsuleur Herm\u00e8s Cordage\"}]},{\"@type\":\"WebSite\",\"@id\":\"https:\/\/thevintagetraveler.com\/en\/#website\",\"url\":\"https:\/\/thevintagetraveler.com\/en\/\",\"name\":\"TheVintageTraveler\",\"description\":\"Luxury experts in Louis Vuitton, Chanel &amp; Herm\u00e8s\",\"publisher\":{\"@id\":\"https:\/\/thevintagetraveler.com\/en\/#organization\"},\"potentialAction\":[{\"@type\":\"SearchAction\",\"target\":{\"@type\":\"EntryPoint\",\"urlTemplate\":\"https:\/\/thevintagetraveler.com\/en\/?s={search_term_string}\"},\"query-input\":{\"@type\":\"PropertyValueSpecification\",\"valueRequired\":true,\"valueName\":\"search_term_string\"}}],\"inLanguage\":\"en-US\"},{\"@type\":\"Organization\",\"@id\":\"https:\/\/thevintagetraveler.com\/en\/#organization\",\"name\":\"TheVintageTraveler\",\"url\":\"https:\/\/thevintagetraveler.com\/en\/\",\"logo\":{\"@type\":\"ImageObject\",\"inLanguage\":\"en-US\",\"@id\":\"https:\/\/thevintagetraveler.com\/en\/#\/schema\/logo\/image\/\",\"url\":\"https:\/\/thevintagetraveler.com\/wp-content\/uploads\/2025\/04\/LOGO-THE-VINTAGE-TRAVELER-FINAL-e1745392697678.png\",\"contentUrl\":\"https:\/\/thevintagetraveler.com\/wp-content\/uploads\/2025\/04\/LOGO-THE-VINTAGE-TRAVELER-FINAL-e1745392697678.png\",\"width\":798,\"height\":318,\"caption\":\"TheVintageTraveler\"},\"image\":{\"@id\":\"https:\/\/thevintagetraveler.com\/en\/#\/schema\/logo\/image\/\"},\"sameAs\":[\"https:\/\/www.facebook.com\/TheVintageTravelerFR\/\",\"https:\/\/www.instagram.com\/the_vintagetraveler\"]}]}<\/script>\n<!-- \/ Yoast SEO plugin. -->","yoast_head_json":{"title":"D\u00e9capsuleur Vintage | Herm\u00e8s M\u00e9tal Argent\u00e9","description":"D\u00e9capsuleur Herm\u00e8s en m\u00e9tal argent\u00e9 avec motif cordage. 14,5 cm. Objet vintage en \u00e9tat d\u2019usage, art de vivre Herm\u00e8s.","robots":{"index":"index","follow":"follow","max-snippet":"max-snippet:-1","max-image-preview":"max-image-preview:large","max-video-preview":"max-video-preview:-1"},"canonical":"https:\/\/thevintagetraveler.com\/en\/produit\/decapsuleur-hermes-metal-argente-cordage-vintage\/","og_locale":"en_US","og_type":"article","og_title":"D\u00e9capsuleur Vintage | Herm\u00e8s M\u00e9tal Argent\u00e9","og_description":"D\u00e9capsuleur Herm\u00e8s en m\u00e9tal argent\u00e9 avec motif cordage. 14,5 cm. Objet vintage en \u00e9tat d\u2019usage, art de vivre Herm\u00e8s.","og_url":"https:\/\/thevintagetraveler.com\/en\/produit\/decapsuleur-hermes-metal-argente-cordage-vintage\/","og_site_name":"TheVintageTraveler","article_publisher":"https:\/\/www.facebook.com\/TheVintageTravelerFR\/","article_modified_time":"2026-03-02T12:21:50+00:00","og_image":[{"width":1920,"height":2560,"url":"https:\/\/thevintagetraveler.com\/wp-content\/uploads\/2026\/03\/20260302_115843.jpg","type":"image\/jpeg"}],"twitter_card":"summary_large_image","twitter_misc":{"Est. reading time":"2 minutes"},"schema":{"@context":"https:\/\/schema.org","@graph":[{"@type":"WebPage","@id":"https:\/\/thevintagetraveler.com\/en\/produit\/decapsuleur-hermes-metal-argente-cordage-vintage\/","url":"https:\/\/thevintagetraveler.com\/en\/produit\/decapsuleur-hermes-metal-argente-cordage-vintage\/","name":"D\u00e9capsuleur Vintage | Herm\u00e8s M\u00e9tal Argent\u00e9","isPartOf":{"@id":"https:\/\/thevintagetraveler.com\/en\/#website"},"primaryImageOfPage":{"@id":"https:\/\/thevintagetraveler.com\/en\/produit\/decapsuleur-hermes-metal-argente-cordage-vintage\/#primaryimage"},"image":{"@id":"https:\/\/thevintagetraveler.com\/en\/produit\/decapsuleur-hermes-metal-argente-cordage-vintage\/#primaryimage"},"thumbnailUrl":"https:\/\/thevintagetraveler.com\/wp-content\/uploads\/2026\/03\/20260302_115843.jpg","datePublished":"2026-03-02T12:14:55+00:00","dateModified":"2026-03-02T12:21:50+00:00","description":"D\u00e9capsuleur Herm\u00e8s en m\u00e9tal argent\u00e9 avec motif cordage. 14,5 cm. Objet vintage en \u00e9tat d\u2019usage, art de vivre Herm\u00e8s.","breadcrumb":{"@id":"https:\/\/thevintagetraveler.com\/en\/produit\/decapsuleur-hermes-metal-argente-cordage-vintage\/#breadcrumb"},"inLanguage":"en-US","potentialAction":[{"@type":"ReadAction","target":["https:\/\/thevintagetraveler.com\/en\/produit\/decapsuleur-hermes-metal-argente-cordage-vintage\/"]}]},{"@type":"ImageObject","inLanguage":"en-US","@id":"https:\/\/thevintagetraveler.com\/en\/produit\/decapsuleur-hermes-metal-argente-cordage-vintage\/#primaryimage","url":"https:\/\/thevintagetraveler.com\/wp-content\/uploads\/2026\/03\/20260302_115843.jpg","contentUrl":"https:\/\/thevintagetraveler.com\/wp-content\/uploads\/2026\/03\/20260302_115843.jpg","width":1920,"height":2560,"caption":"d\u00e9capsuleur Herm\u00e8s m\u00e9tal argent\u00e9 cordage vintage"},{"@type":"BreadcrumbList","@id":"https:\/\/thevintagetraveler.com\/en\/produit\/decapsuleur-hermes-metal-argente-cordage-vintage\/#breadcrumb","itemListElement":[{"@type":"ListItem","position":1,"name":"Accueil","item":"https:\/\/thevintagetraveler.com\/en\/"},{"@type":"ListItem","position":2,"name":"Shop","item":"https:\/\/thevintagetraveler.com\/shop\/"},{"@type":"ListItem","position":3,"name":"D\u00e9capsuleur Herm\u00e8s Cordage"}]},{"@type":"WebSite","@id":"https:\/\/thevintagetraveler.com\/en\/#website","url":"https:\/\/thevintagetraveler.com\/en\/","name":"TheVintageTraveler","description":"Luxury experts in Louis Vuitton, Chanel &amp; Herm\u00e8s","publisher":{"@id":"https:\/\/thevintagetraveler.com\/en\/#organization"},"potentialAction":[{"@type":"SearchAction","target":{"@type":"EntryPoint","urlTemplate":"https:\/\/thevintagetraveler.com\/en\/?s={search_term_string}"},"query-input":{"@type":"PropertyValueSpecification","valueRequired":true,"valueName":"search_term_string"}}],"inLanguage":"en-US"},{"@type":"Organization","@id":"https:\/\/thevintagetraveler.com\/en\/#organization","name":"TheVintageTraveler","url":"https:\/\/thevintagetraveler.com\/en\/","logo":{"@type":"ImageObject","inLanguage":"en-US","@id":"https:\/\/thevintagetraveler.com\/en\/#\/schema\/logo\/image\/","url":"https:\/\/thevintagetraveler.com\/wp-content\/uploads\/2025\/04\/LOGO-THE-VINTAGE-TRAVELER-FINAL-e1745392697678.png","contentUrl":"https:\/\/thevintagetraveler.com\/wp-content\/uploads\/2025\/04\/LOGO-THE-VINTAGE-TRAVELER-FINAL-e1745392697678.png","width":798,"height":318,"caption":"TheVintageTraveler"},"image":{"@id":"https:\/\/thevintagetraveler.com\/en\/#\/schema\/logo\/image\/"},"sameAs":["https:\/\/www.facebook.com\/TheVintageTravelerFR\/","https:\/\/www.instagram.com\/the_vintagetraveler"]}]}},"_links":{"self":[{"href":"https:\/\/thevintagetraveler.com\/en\/wp-json\/wp\/v2\/product\/8059","targetHints":{"allow":["GET"]}}],"collection":[{"href":"https:\/\/thevintagetraveler.com\/en\/wp-json\/wp\/v2\/product"}],"about":[{"href":"https:\/\/thevintagetraveler.com\/en\/wp-json\/wp\/v2\/types\/product"}],"wp:featuredmedia":[{"embeddable":true,"href":"https:\/\/thevintagetraveler.com\/en\/wp-json\/wp\/v2\/media\/8062"}],"wp:attachment":[{"href":"https:\/\/thevintagetraveler.com\/en\/wp-json\/wp\/v2\/media?parent=8059"}],"wp:term":[{"taxonomy":"product_brand","embeddable":true,"href":"https:\/\/thevintagetraveler.com\/en\/wp-json\/wp\/v2\/product_brand?post=8059"},{"taxonomy":"product_cat","embeddable":true,"href":"https:\/\/thevintagetraveler.com\/en\/wp-json\/wp\/v2\/product_cat?post=8059"},{"taxonomy":"product_tag","embeddable":true,"href":"https:\/\/thevintagetraveler.com\/en\/wp-json\/wp\/v2\/product_tag?post=8059"}],"curies":[{"name":"wp","href":"https:\/\/api.w.org\/{rel}","templated":true}]}}