{"id":8064,"date":"2026-03-02T13:22:20","date_gmt":"2026-03-02T12:22:20","guid":{"rendered":"https:\/\/thevintagetraveler.com\/?post_type=product&#038;p=8064"},"modified":"2026-03-02T13:34:47","modified_gmt":"2026-03-02T12:34:47","slug":"hermes-vespa-courchevel-gold-1998","status":"publish","type":"product","link":"https:\/\/thevintagetraveler.com\/en\/produit\/hermes-vespa-courchevel-gold-1998\/","title":{"rendered":"Sac Herm\u00e8s Vespa Courchevel"},"content":{"rendered":"<h2 data-start=\"331\" data-end=\"385\">Sac Herm\u00e8s Vespa \u2013 Cuir Courchevel Gold Clair, 1998<\/h2>\n<p data-start=\"387\" data-end=\"679\">Ce <strong data-start=\"390\" data-end=\"410\">sac Herm\u00e8s Vespa<\/strong>, r\u00e9alis\u00e9 en <strong data-start=\"423\" data-end=\"453\">cuir Courchevel gold clair<\/strong> avec <strong data-start=\"459\" data-end=\"475\">finitions or<\/strong>, date de <strong data-start=\"485\" data-end=\"493\">1998<\/strong>. Mod\u00e8le embl\u00e9matique des ann\u00e9es 90, il s\u00e9duit par sa silhouette \u00e9pur\u00e9e, son minimalisme chic et son \u00e9l\u00e9gance fonctionnelle propres \u00e0 la maison <strong data-start=\"637\" data-end=\"678\"><span class=\"hover:entity-accent entity-underline inline cursor-pointer align-baseline\"><span class=\"whitespace-normal\">Herm\u00e8s<\/span><\/span><\/strong>.<\/p>\n<p data-start=\"681\" data-end=\"886\">\ud83d\udcd0 <strong data-start=\"684\" data-end=\"758\">Dimensions : 28 cm de largeur x 25 cm de hauteur x 7 cm de profondeur.<\/strong><br data-start=\"758\" data-end=\"761\" \/>Un format id\u00e9al pour un usage quotidien, offrant une capacit\u00e9 confortable tout en conservant une allure l\u00e9g\u00e8re et structur\u00e9e.<\/p>\n<hr data-start=\"888\" data-end=\"891\" \/>\n<h2 data-start=\"893\" data-end=\"938\">Le mod\u00e8le Vespa : simplicit\u00e9 et efficacit\u00e9<\/h2>\n<p data-start=\"940\" data-end=\"979\">Le <strong data-start=\"943\" data-end=\"959\">Herm\u00e8s Vespa<\/strong> est appr\u00e9ci\u00e9 pour :<\/p>\n<ul data-start=\"981\" data-end=\"1134\">\n<li data-start=\"981\" data-end=\"1027\">\n<p data-start=\"983\" data-end=\"1027\">Sa fermeture minimaliste sans rabat rigide<\/p>\n<\/li>\n<li data-start=\"1028\" data-end=\"1065\">\n<p data-start=\"1030\" data-end=\"1065\">Son port\u00e9 bandouli\u00e8re confortable<\/p>\n<\/li>\n<li data-start=\"1066\" data-end=\"1101\">\n<p data-start=\"1068\" data-end=\"1101\">Sa ligne souple et intemporelle<\/p>\n<\/li>\n<li data-start=\"1102\" data-end=\"1134\">\n<p data-start=\"1104\" data-end=\"1134\">Son style discret et \u00e9l\u00e9gant<\/p>\n<\/li>\n<\/ul>\n<p data-start=\"1136\" data-end=\"1266\">Moins courant que les mod\u00e8les<a href=\"https:\/\/thevintagetraveler.com\/histoire-sac-kelly-hermes\/\"> Kelly<\/a> ou <a href=\"https:\/\/thevintagetraveler.com\/histoire-sac-hermes-birkin\/\">Birkin<\/a>, le Vespa vintage conna\u00eet un <strong data-start=\"1211\" data-end=\"1241\">regain d\u2019int\u00e9r\u00eat important<\/strong> aupr\u00e8s des connaisseurs.<\/p>\n<hr data-start=\"1268\" data-end=\"1271\" \/>\n<h2 data-start=\"1273\" data-end=\"1317\">Cuir Courchevel gold clair &amp; finitions or<\/h2>\n<ul data-start=\"1319\" data-end=\"1539\">\n<li data-start=\"1319\" data-end=\"1382\">\n<p data-start=\"1321\" data-end=\"1382\"><strong data-start=\"1321\" data-end=\"1340\">Cuir Courchevel<\/strong>, reconnu pour sa r\u00e9sistance et sa tenue<\/p>\n<\/li>\n<li data-start=\"1383\" data-end=\"1437\">\n<p data-start=\"1385\" data-end=\"1437\">Teinte <strong data-start=\"1392\" data-end=\"1406\">gold clair<\/strong>, couleur embl\u00e9matique Herm\u00e8s<\/p>\n<\/li>\n<li data-start=\"1438\" data-end=\"1490\">\n<p data-start=\"1440\" data-end=\"1490\"><strong data-start=\"1440\" data-end=\"1460\">Finitions dor\u00e9es<\/strong>, \u00e9l\u00e9gantes et intemporelles<\/p>\n<\/li>\n<li data-start=\"1491\" data-end=\"1539\">\n<p data-start=\"1493\" data-end=\"1539\">Excellente conservation, en <strong data-start=\"1521\" data-end=\"1539\">excellent \u00e9tat<\/strong><\/p>\n<\/li>\n<\/ul>\n<p data-start=\"1541\" data-end=\"1640\">Le cuir Courchevel des ann\u00e9es 90 est particuli\u00e8rement appr\u00e9ci\u00e9 pour sa durabilit\u00e9 et son caract\u00e8re.<\/p>\n<hr data-start=\"1642\" data-end=\"1645\" \/>\n<h2 data-start=\"1647\" data-end=\"1677\">Caract\u00e9ristiques du produit<\/h2>\n<ul data-start=\"1679\" data-end=\"1985\">\n<li data-start=\"1679\" data-end=\"1702\">\n<p data-start=\"1681\" data-end=\"1702\"><strong data-start=\"1681\" data-end=\"1693\">Maison :<\/strong> Herm\u00e8s<\/p>\n<\/li>\n<li data-start=\"1703\" data-end=\"1725\">\n<p data-start=\"1705\" data-end=\"1725\"><strong data-start=\"1705\" data-end=\"1717\">Mod\u00e8le :<\/strong> Vespa<\/p>\n<\/li>\n<li data-start=\"1726\" data-end=\"1746\">\n<p data-start=\"1728\" data-end=\"1746\"><strong data-start=\"1728\" data-end=\"1739\">Ann\u00e9e :<\/strong> 1998<\/p>\n<\/li>\n<li data-start=\"1747\" data-end=\"1780\">\n<p data-start=\"1749\" data-end=\"1780\"><strong data-start=\"1749\" data-end=\"1762\">Mati\u00e8re :<\/strong> Cuir Courchevel<\/p>\n<\/li>\n<li data-start=\"1781\" data-end=\"1809\">\n<p data-start=\"1783\" data-end=\"1809\"><strong data-start=\"1783\" data-end=\"1796\">Couleur :<\/strong> Gold clair<\/p>\n<\/li>\n<li data-start=\"1810\" data-end=\"1832\">\n<p data-start=\"1812\" data-end=\"1832\"><strong data-start=\"1812\" data-end=\"1827\">Finitions :<\/strong> Or<\/p>\n<\/li>\n<li data-start=\"1833\" data-end=\"1868\">\n<p data-start=\"1835\" data-end=\"1868\"><strong data-start=\"1835\" data-end=\"1851\">Dimensions :<\/strong> 28 \u00d7 25 \u00d7 7 cm<\/p>\n<\/li>\n<li data-start=\"1869\" data-end=\"1896\">\n<p data-start=\"1871\" data-end=\"1896\"><strong data-start=\"1871\" data-end=\"1882\">Port\u00e9 :<\/strong> Bandouli\u00e8re<\/p>\n<\/li>\n<li data-start=\"1897\" data-end=\"1926\">\n<p data-start=\"1899\" data-end=\"1926\"><strong data-start=\"1899\" data-end=\"1909\">\u00c9tat :<\/strong> Excellent \u00e9tat<\/p>\n<\/li>\n<li data-start=\"1927\" data-end=\"1985\">\n<p data-start=\"1929\" data-end=\"1985\"><strong data-start=\"1929\" data-end=\"1951\">Authentification :<\/strong> Certifi\u00e9 par TheVintageTraveler<\/p>\n<\/li>\n<\/ul>\n<hr data-start=\"1987\" data-end=\"1990\" \/>\n<h2 data-start=\"1992\" data-end=\"2033\">Pourquoi ce Vespa 1998 est recherch\u00e9 ?<\/h2>\n<p data-start=\"2035\" data-end=\"2190\">\u2714 Mod\u00e8le vintage moins commun<br data-start=\"2064\" data-end=\"2067\" \/>\u2714 Ann\u00e9es 90 recherch\u00e9es<br data-start=\"2090\" data-end=\"2093\" \/>\u2714 Couleur gold iconique<br data-start=\"2116\" data-end=\"2119\" \/>\u2714 Excellent \u00e9tat<br data-start=\"2135\" data-end=\"2138\" \/>\u2714 Alternative \u00e9l\u00e9gante aux mod\u00e8les plus structur\u00e9s<\/p>\n<hr data-start=\"2192\" data-end=\"2195\" \/>\n<h2 data-start=\"2197\" data-end=\"2241\">Un Herm\u00e8s vintage intelligent et portable<\/h2>\n<p data-start=\"2243\" data-end=\"2296\">Ce <strong data-start=\"2246\" data-end=\"2283\">Herm\u00e8s Vespa Courchevel gold 1998<\/strong> repr\u00e9sente :<\/p>\n<ul data-start=\"2298\" data-end=\"2485\">\n<li data-start=\"2298\" data-end=\"2335\">\n<p data-start=\"2300\" data-end=\"2335\">Un sac Herm\u00e8s vintage authentique<\/p>\n<\/li>\n<li data-start=\"2336\" data-end=\"2375\">\n<p data-start=\"2338\" data-end=\"2375\">Un mod\u00e8le fonctionnel et intemporel<\/p>\n<\/li>\n<li data-start=\"2376\" data-end=\"2419\">\n<p data-start=\"2378\" data-end=\"2419\">Une alternative chic au sac plus formel<\/p>\n<\/li>\n<li data-start=\"2420\" data-end=\"2485\">\n<p data-start=\"2422\" data-end=\"2485\">Un investissement plaisir dans l\u2019univers Herm\u00e8s des ann\u00e9es 90<\/p>\n<\/li>\n<\/ul>\n<p>Suivez &#8211; nous sur <a href=\"https:\/\/www.facebook.com\/TheVintageTravelerFR\">Facebook<\/a> et <a href=\"https:\/\/www.instagram.com\/the_vintagetraveler\/?igsh=aXdsbDJkdnpwZjcx#\">Instagram<\/a><\/p>\n","protected":false},"excerpt":{"rendered":"<p>Herm\u00e8s Vespa en cuir Courchevel gold clair, finitions or. Dat\u00e9 de 1998, excellent \u00e9tat. Format pratique et vintage recherch\u00e9.<\/p>\n","protected":false},"featured_media":8065,"template":"","meta":[],"product_brand":[],"product_cat":[115,140,152,112],"product_tag":[136,148],"class_list":{"0":"post-8064","1":"product","2":"type-product","3":"status-publish","4":"has-post-thumbnail","6":"product_cat-hermes","7":"product_cat-nouveautes","8":"product_cat-sac-a-main","9":"product_cat-sacs","10":"product_tag-hermes","11":"product_tag-hermeskelly","13":"first","14":"instock","15":"sold-individually","16":"shipping-taxable","17":"purchasable","18":"product-type-simple"},"yoast_head":"<!-- This site is optimized with the Yoast SEO plugin v27.1.1 - https:\/\/yoast.com\/product\/yoast-seo-wordpress\/ -->\n<title>sac Herm\u00e8s Vespa courchevel gold 1998<\/title>\n<meta name=\"description\" content=\"Sac Herm\u00e8s Vespa 1998 en cuir Courchevel gold clair, finitions or. Excellent \u00e9tat. Format 28 cm, mod\u00e8le vintage recherch\u00e9.\" \/>\n<meta name=\"robots\" content=\"index, follow, max-snippet:-1, max-image-preview:large, max-video-preview:-1\" \/>\n<link rel=\"canonical\" href=\"https:\/\/thevintagetraveler.com\/en\/produit\/hermes-vespa-courchevel-gold-1998\/\" \/>\n<meta property=\"og:locale\" content=\"en_US\" \/>\n<meta property=\"og:type\" content=\"article\" \/>\n<meta property=\"og:title\" content=\"sac Herm\u00e8s Vespa courchevel gold 1998\" \/>\n<meta property=\"og:description\" content=\"Sac Herm\u00e8s Vespa 1998 en cuir Courchevel gold clair, finitions or. Excellent \u00e9tat. Format 28 cm, mod\u00e8le vintage recherch\u00e9.\" \/>\n<meta property=\"og:url\" content=\"https:\/\/thevintagetraveler.com\/en\/produit\/hermes-vespa-courchevel-gold-1998\/\" \/>\n<meta property=\"og:site_name\" content=\"TheVintageTraveler\" \/>\n<meta property=\"article:publisher\" content=\"https:\/\/www.facebook.com\/TheVintageTravelerFR\/\" \/>\n<meta property=\"article:modified_time\" content=\"2026-03-02T12:34:47+00:00\" \/>\n<meta property=\"og:image\" content=\"https:\/\/thevintagetraveler.com\/wp-content\/uploads\/2026\/03\/20260302_115127.jpg\" \/>\n\t<meta property=\"og:image:width\" content=\"1920\" \/>\n\t<meta property=\"og:image:height\" content=\"2560\" \/>\n\t<meta property=\"og:image:type\" content=\"image\/jpeg\" \/>\n<meta name=\"twitter:card\" content=\"summary_large_image\" \/>\n<meta name=\"twitter:label1\" content=\"Est. reading time\" \/>\n\t<meta name=\"twitter:data1\" content=\"2 minutes\" \/>\n<script type=\"application\/ld+json\" class=\"yoast-schema-graph\">{\"@context\":\"https:\/\/schema.org\",\"@graph\":[{\"@type\":\"WebPage\",\"@id\":\"https:\/\/thevintagetraveler.com\/en\/produit\/hermes-vespa-courchevel-gold-1998\/\",\"url\":\"https:\/\/thevintagetraveler.com\/en\/produit\/hermes-vespa-courchevel-gold-1998\/\",\"name\":\"sac Herm\u00e8s Vespa courchevel gold 1998\",\"isPartOf\":{\"@id\":\"https:\/\/thevintagetraveler.com\/en\/#website\"},\"primaryImageOfPage\":{\"@id\":\"https:\/\/thevintagetraveler.com\/en\/produit\/hermes-vespa-courchevel-gold-1998\/#primaryimage\"},\"image\":{\"@id\":\"https:\/\/thevintagetraveler.com\/en\/produit\/hermes-vespa-courchevel-gold-1998\/#primaryimage\"},\"thumbnailUrl\":\"https:\/\/thevintagetraveler.com\/wp-content\/uploads\/2026\/03\/20260302_115127.jpg\",\"datePublished\":\"2026-03-02T12:22:20+00:00\",\"dateModified\":\"2026-03-02T12:34:47+00:00\",\"description\":\"Sac Herm\u00e8s Vespa 1998 en cuir Courchevel gold clair, finitions or. Excellent \u00e9tat. Format 28 cm, mod\u00e8le vintage recherch\u00e9.\",\"breadcrumb\":{\"@id\":\"https:\/\/thevintagetraveler.com\/en\/produit\/hermes-vespa-courchevel-gold-1998\/#breadcrumb\"},\"inLanguage\":\"en-US\",\"potentialAction\":[{\"@type\":\"ReadAction\",\"target\":[\"https:\/\/thevintagetraveler.com\/en\/produit\/hermes-vespa-courchevel-gold-1998\/\"]}]},{\"@type\":\"ImageObject\",\"inLanguage\":\"en-US\",\"@id\":\"https:\/\/thevintagetraveler.com\/en\/produit\/hermes-vespa-courchevel-gold-1998\/#primaryimage\",\"url\":\"https:\/\/thevintagetraveler.com\/wp-content\/uploads\/2026\/03\/20260302_115127.jpg\",\"contentUrl\":\"https:\/\/thevintagetraveler.com\/wp-content\/uploads\/2026\/03\/20260302_115127.jpg\",\"width\":1920,\"height\":2560,\"caption\":\"sac Herm\u00e8s Vespa courchevel gold 1998\"},{\"@type\":\"BreadcrumbList\",\"@id\":\"https:\/\/thevintagetraveler.com\/en\/produit\/hermes-vespa-courchevel-gold-1998\/#breadcrumb\",\"itemListElement\":[{\"@type\":\"ListItem\",\"position\":1,\"name\":\"Accueil\",\"item\":\"https:\/\/thevintagetraveler.com\/en\/\"},{\"@type\":\"ListItem\",\"position\":2,\"name\":\"Shop\",\"item\":\"https:\/\/thevintagetraveler.com\/shop\/\"},{\"@type\":\"ListItem\",\"position\":3,\"name\":\"Sac Herm\u00e8s Vespa Courchevel\"}]},{\"@type\":\"WebSite\",\"@id\":\"https:\/\/thevintagetraveler.com\/en\/#website\",\"url\":\"https:\/\/thevintagetraveler.com\/en\/\",\"name\":\"TheVintageTraveler\",\"description\":\"Luxury experts in Louis Vuitton, Chanel &amp; Herm\u00e8s\",\"publisher\":{\"@id\":\"https:\/\/thevintagetraveler.com\/en\/#organization\"},\"potentialAction\":[{\"@type\":\"SearchAction\",\"target\":{\"@type\":\"EntryPoint\",\"urlTemplate\":\"https:\/\/thevintagetraveler.com\/en\/?s={search_term_string}\"},\"query-input\":{\"@type\":\"PropertyValueSpecification\",\"valueRequired\":true,\"valueName\":\"search_term_string\"}}],\"inLanguage\":\"en-US\"},{\"@type\":\"Organization\",\"@id\":\"https:\/\/thevintagetraveler.com\/en\/#organization\",\"name\":\"TheVintageTraveler\",\"url\":\"https:\/\/thevintagetraveler.com\/en\/\",\"logo\":{\"@type\":\"ImageObject\",\"inLanguage\":\"en-US\",\"@id\":\"https:\/\/thevintagetraveler.com\/en\/#\/schema\/logo\/image\/\",\"url\":\"https:\/\/thevintagetraveler.com\/wp-content\/uploads\/2025\/04\/LOGO-THE-VINTAGE-TRAVELER-FINAL-e1745392697678.png\",\"contentUrl\":\"https:\/\/thevintagetraveler.com\/wp-content\/uploads\/2025\/04\/LOGO-THE-VINTAGE-TRAVELER-FINAL-e1745392697678.png\",\"width\":798,\"height\":318,\"caption\":\"TheVintageTraveler\"},\"image\":{\"@id\":\"https:\/\/thevintagetraveler.com\/en\/#\/schema\/logo\/image\/\"},\"sameAs\":[\"https:\/\/www.facebook.com\/TheVintageTravelerFR\/\",\"https:\/\/www.instagram.com\/the_vintagetraveler\"]}]}<\/script>\n<!-- \/ Yoast SEO plugin. -->","yoast_head_json":{"title":"sac Herm\u00e8s Vespa courchevel gold 1998","description":"Sac Herm\u00e8s Vespa 1998 en cuir Courchevel gold clair, finitions or. Excellent \u00e9tat. Format 28 cm, mod\u00e8le vintage recherch\u00e9.","robots":{"index":"index","follow":"follow","max-snippet":"max-snippet:-1","max-image-preview":"max-image-preview:large","max-video-preview":"max-video-preview:-1"},"canonical":"https:\/\/thevintagetraveler.com\/en\/produit\/hermes-vespa-courchevel-gold-1998\/","og_locale":"en_US","og_type":"article","og_title":"sac Herm\u00e8s Vespa courchevel gold 1998","og_description":"Sac Herm\u00e8s Vespa 1998 en cuir Courchevel gold clair, finitions or. Excellent \u00e9tat. Format 28 cm, mod\u00e8le vintage recherch\u00e9.","og_url":"https:\/\/thevintagetraveler.com\/en\/produit\/hermes-vespa-courchevel-gold-1998\/","og_site_name":"TheVintageTraveler","article_publisher":"https:\/\/www.facebook.com\/TheVintageTravelerFR\/","article_modified_time":"2026-03-02T12:34:47+00:00","og_image":[{"width":1920,"height":2560,"url":"https:\/\/thevintagetraveler.com\/wp-content\/uploads\/2026\/03\/20260302_115127.jpg","type":"image\/jpeg"}],"twitter_card":"summary_large_image","twitter_misc":{"Est. reading time":"2 minutes"},"schema":{"@context":"https:\/\/schema.org","@graph":[{"@type":"WebPage","@id":"https:\/\/thevintagetraveler.com\/en\/produit\/hermes-vespa-courchevel-gold-1998\/","url":"https:\/\/thevintagetraveler.com\/en\/produit\/hermes-vespa-courchevel-gold-1998\/","name":"sac Herm\u00e8s Vespa courchevel gold 1998","isPartOf":{"@id":"https:\/\/thevintagetraveler.com\/en\/#website"},"primaryImageOfPage":{"@id":"https:\/\/thevintagetraveler.com\/en\/produit\/hermes-vespa-courchevel-gold-1998\/#primaryimage"},"image":{"@id":"https:\/\/thevintagetraveler.com\/en\/produit\/hermes-vespa-courchevel-gold-1998\/#primaryimage"},"thumbnailUrl":"https:\/\/thevintagetraveler.com\/wp-content\/uploads\/2026\/03\/20260302_115127.jpg","datePublished":"2026-03-02T12:22:20+00:00","dateModified":"2026-03-02T12:34:47+00:00","description":"Sac Herm\u00e8s Vespa 1998 en cuir Courchevel gold clair, finitions or. Excellent \u00e9tat. Format 28 cm, mod\u00e8le vintage recherch\u00e9.","breadcrumb":{"@id":"https:\/\/thevintagetraveler.com\/en\/produit\/hermes-vespa-courchevel-gold-1998\/#breadcrumb"},"inLanguage":"en-US","potentialAction":[{"@type":"ReadAction","target":["https:\/\/thevintagetraveler.com\/en\/produit\/hermes-vespa-courchevel-gold-1998\/"]}]},{"@type":"ImageObject","inLanguage":"en-US","@id":"https:\/\/thevintagetraveler.com\/en\/produit\/hermes-vespa-courchevel-gold-1998\/#primaryimage","url":"https:\/\/thevintagetraveler.com\/wp-content\/uploads\/2026\/03\/20260302_115127.jpg","contentUrl":"https:\/\/thevintagetraveler.com\/wp-content\/uploads\/2026\/03\/20260302_115127.jpg","width":1920,"height":2560,"caption":"sac Herm\u00e8s Vespa courchevel gold 1998"},{"@type":"BreadcrumbList","@id":"https:\/\/thevintagetraveler.com\/en\/produit\/hermes-vespa-courchevel-gold-1998\/#breadcrumb","itemListElement":[{"@type":"ListItem","position":1,"name":"Accueil","item":"https:\/\/thevintagetraveler.com\/en\/"},{"@type":"ListItem","position":2,"name":"Shop","item":"https:\/\/thevintagetraveler.com\/shop\/"},{"@type":"ListItem","position":3,"name":"Sac Herm\u00e8s Vespa Courchevel"}]},{"@type":"WebSite","@id":"https:\/\/thevintagetraveler.com\/en\/#website","url":"https:\/\/thevintagetraveler.com\/en\/","name":"TheVintageTraveler","description":"Luxury experts in Louis Vuitton, Chanel &amp; Herm\u00e8s","publisher":{"@id":"https:\/\/thevintagetraveler.com\/en\/#organization"},"potentialAction":[{"@type":"SearchAction","target":{"@type":"EntryPoint","urlTemplate":"https:\/\/thevintagetraveler.com\/en\/?s={search_term_string}"},"query-input":{"@type":"PropertyValueSpecification","valueRequired":true,"valueName":"search_term_string"}}],"inLanguage":"en-US"},{"@type":"Organization","@id":"https:\/\/thevintagetraveler.com\/en\/#organization","name":"TheVintageTraveler","url":"https:\/\/thevintagetraveler.com\/en\/","logo":{"@type":"ImageObject","inLanguage":"en-US","@id":"https:\/\/thevintagetraveler.com\/en\/#\/schema\/logo\/image\/","url":"https:\/\/thevintagetraveler.com\/wp-content\/uploads\/2025\/04\/LOGO-THE-VINTAGE-TRAVELER-FINAL-e1745392697678.png","contentUrl":"https:\/\/thevintagetraveler.com\/wp-content\/uploads\/2025\/04\/LOGO-THE-VINTAGE-TRAVELER-FINAL-e1745392697678.png","width":798,"height":318,"caption":"TheVintageTraveler"},"image":{"@id":"https:\/\/thevintagetraveler.com\/en\/#\/schema\/logo\/image\/"},"sameAs":["https:\/\/www.facebook.com\/TheVintageTravelerFR\/","https:\/\/www.instagram.com\/the_vintagetraveler"]}]}},"_links":{"self":[{"href":"https:\/\/thevintagetraveler.com\/en\/wp-json\/wp\/v2\/product\/8064","targetHints":{"allow":["GET"]}}],"collection":[{"href":"https:\/\/thevintagetraveler.com\/en\/wp-json\/wp\/v2\/product"}],"about":[{"href":"https:\/\/thevintagetraveler.com\/en\/wp-json\/wp\/v2\/types\/product"}],"wp:featuredmedia":[{"embeddable":true,"href":"https:\/\/thevintagetraveler.com\/en\/wp-json\/wp\/v2\/media\/8065"}],"wp:attachment":[{"href":"https:\/\/thevintagetraveler.com\/en\/wp-json\/wp\/v2\/media?parent=8064"}],"wp:term":[{"taxonomy":"product_brand","embeddable":true,"href":"https:\/\/thevintagetraveler.com\/en\/wp-json\/wp\/v2\/product_brand?post=8064"},{"taxonomy":"product_cat","embeddable":true,"href":"https:\/\/thevintagetraveler.com\/en\/wp-json\/wp\/v2\/product_cat?post=8064"},{"taxonomy":"product_tag","embeddable":true,"href":"https:\/\/thevintagetraveler.com\/en\/wp-json\/wp\/v2\/product_tag?post=8064"}],"curies":[{"name":"wp","href":"https:\/\/api.w.org\/{rel}","templated":true}]}}