{"id":8079,"date":"2024-03-02T13:43:45","date_gmt":"2024-03-02T12:43:45","guid":{"rendered":"https:\/\/thevintagetraveler.com\/?post_type=product&#038;p=8079"},"modified":"2026-04-14T10:41:31","modified_gmt":"2026-04-14T08:41:31","slug":"cadenas-hermes-hippopotame-or-annee-des-fleuves","status":"publish","type":"product","link":"https:\/\/thevintagetraveler.com\/en\/produit\/cadenas-hermes-hippopotame-or-annee-des-fleuves\/","title":{"rendered":"Bijou de sac Herm\u00e8s Hippopotame Dor\u00e9"},"content":{"rendered":"<h2 data-start=\"855\" data-end=\"911\">Cadenas Herm\u00e8s Hippopotame Dor\u00e9 \u2013 \u201cAnn\u00e9e des Fleuves\u201d<\/h2>\n<p data-start=\"913\" data-end=\"1089\">Ce <strong data-start=\"916\" data-end=\"952\">cadenas de sac Herm\u00e8s couleur or<\/strong>, en forme d\u2019<strong data-start=\"965\" data-end=\"980\">hippopotame<\/strong>, est une pi\u00e8ce embl\u00e9matique des \u00e9ditions sp\u00e9ciales de la maison <strong data-start=\"1045\" data-end=\"1086\"><span class=\"hover:entity-accent entity-underline inline cursor-pointer align-baseline\"><span class=\"whitespace-normal\">Herm\u00e8s<\/span><\/span><\/strong>.<\/p>\n<p data-start=\"1091\" data-end=\"1245\">Orn\u00e9 de l\u2019inscription lat\u00e9rale <strong data-start=\"1122\" data-end=\"1145\">\u201cAnn\u00e9e des Fleuves\u201d<\/strong>, il s\u2019inscrit dans la tradition des th\u00e8mes annuels <a href=\"https:\/\/thevintagetraveler.com\/estimation-sac-de-luxe-hermes-chanel\/\">Herm\u00e8s<\/a>, tr\u00e8s recherch\u00e9s par les collectionneurs.<\/p>\n<p data-start=\"1247\" data-end=\"1387\">\ud83d\udcd0 <strong data-start=\"1250\" data-end=\"1283\">Dimensions : 3 cm de largeur.<\/strong><br data-start=\"1283\" data-end=\"1286\" \/>Un format compact parfait comme <strong data-start=\"1318\" data-end=\"1341\">bijou de sac Herm\u00e8s<\/strong>, accessoire d\u00e9coratif ou pi\u00e8ce de collection datant de 2005<\/p>\n<hr data-start=\"1389\" data-end=\"1392\" \/>\n<h2 data-start=\"1394\" data-end=\"1431\">Un bijou de sac Herm\u00e8s collectible<\/h2>\n<p data-start=\"1433\" data-end=\"1566\">Les cadenas Herm\u00e8s \u00e0 motif animalier sont particuli\u00e8rement pris\u00e9s, notamment lorsqu\u2019ils sont associ\u00e9s \u00e0 un th\u00e8me annuel identifiable.<\/p>\n<ul data-start=\"1568\" data-end=\"1698\">\n<li data-start=\"1568\" data-end=\"1595\">\n<p data-start=\"1570\" data-end=\"1595\">Finition dor\u00e9e \u00e9l\u00e9gante<\/p>\n<\/li>\n<li data-start=\"1596\" data-end=\"1629\">\n<p data-start=\"1598\" data-end=\"1629\">Forme hippopotame sculpturale<\/p>\n<\/li>\n<li data-start=\"1630\" data-end=\"1663\">\n<p data-start=\"1632\" data-end=\"1663\">Inscription th\u00e9matique grav\u00e9e<\/p>\n<\/li>\n<li data-start=\"1664\" data-end=\"1698\">\n<p data-start=\"1666\" data-end=\"1698\">Pi\u00e8ce originale et distinctive<\/p>\n<\/li>\n<\/ul>\n<p data-start=\"1700\" data-end=\"1782\">Ces petits accessoires Herm\u00e8s sont devenus de v\u00e9ritables <strong data-start=\"1757\" data-end=\"1781\">objets de collection<\/strong>.<\/p>\n<hr data-start=\"1784\" data-end=\"1787\" \/>\n<h2 data-start=\"1789\" data-end=\"1811\">\u00c9tat &amp; authenticit\u00e9<\/h2>\n<ul data-start=\"1813\" data-end=\"1892\">\n<li data-start=\"1813\" data-end=\"1842\">\n<p data-start=\"1815\" data-end=\"1842\"><strong data-start=\"1815\" data-end=\"1840\">Tr\u00e8s bon \u00e9tat g\u00e9n\u00e9ral<\/strong><\/p>\n<\/li>\n<li data-start=\"1843\" data-end=\"1863\">\n<p data-start=\"1845\" data-end=\"1863\">Dorure lumineuse<\/p>\n<\/li>\n<li data-start=\"1864\" data-end=\"1892\">\n<p data-start=\"1866\" data-end=\"1892\">D\u00e9tails nets et lisibles<\/p>\n<\/li>\n<\/ul>\n<p data-start=\"1894\" data-end=\"1980\">L\u2019\u00e9tat de conservation renforce son attrait pour les amateurs d\u2019objets Herm\u00e8s vintage.<\/p>\n<hr data-start=\"1982\" data-end=\"1985\" \/>\n<h2 data-start=\"1987\" data-end=\"2017\">Caract\u00e9ristiques du produit<\/h2>\n<ul data-start=\"2019\" data-end=\"2357\">\n<li data-start=\"2019\" data-end=\"2042\">\n<p data-start=\"2021\" data-end=\"2042\"><strong data-start=\"2021\" data-end=\"2033\">Maison :<\/strong> Herm\u00e8s<\/p>\n<\/li>\n<li data-start=\"2043\" data-end=\"2078\">\n<p data-start=\"2045\" data-end=\"2078\"><strong data-start=\"2045\" data-end=\"2055\">Type :<\/strong> Cadenas bijou de sac<\/p>\n<\/li>\n<li data-start=\"2079\" data-end=\"2106\">\n<p data-start=\"2081\" data-end=\"2106\"><strong data-start=\"2081\" data-end=\"2092\">Motif :<\/strong> Hippopotame<\/p>\n<\/li>\n<li data-start=\"2107\" data-end=\"2148\">\n<p data-start=\"2109\" data-end=\"2148\"><strong data-start=\"2109\" data-end=\"2126\">Inscription :<\/strong> \u201cAnn\u00e9e des Fleuves\u201d<\/p>\n<\/li>\n<li data-start=\"2149\" data-end=\"2169\">\n<p data-start=\"2151\" data-end=\"2169\"><strong data-start=\"2151\" data-end=\"2164\">Couleur :<\/strong> Or<\/p>\n<\/li>\n<li data-start=\"2170\" data-end=\"2204\">\n<p data-start=\"2172\" data-end=\"2204\"><strong data-start=\"2172\" data-end=\"2188\">Dimensions :<\/strong> 3 cm de large<\/p>\n<\/li>\n<li data-start=\"2205\" data-end=\"2233\">\n<p data-start=\"2207\" data-end=\"2233\"><strong data-start=\"2207\" data-end=\"2217\">\u00c9tat :<\/strong> Tr\u00e8s bon \u00e9tat<\/p>\n<\/li>\n<li data-start=\"2234\" data-end=\"2298\">\n<p data-start=\"2236\" data-end=\"2298\"><strong data-start=\"2236\" data-end=\"2247\">Usage :<\/strong> Bijou de sac \u00b7 Collection \u00b7 Accessoire d\u00e9coratif<\/p>\n<\/li>\n<li data-start=\"2299\" data-end=\"2357\">\n<p data-start=\"2301\" data-end=\"2357\"><strong data-start=\"2301\" data-end=\"2323\">Authentification :<\/strong> Certifi\u00e9 par TheVintageTraveler<\/p>\n<\/li>\n<\/ul>\n<hr data-start=\"2359\" data-end=\"2362\" \/>\n<h2 data-start=\"2364\" data-end=\"2409\">Pourquoi ce cadenas Herm\u00e8s est recherch\u00e9 ?<\/h2>\n<p data-start=\"2411\" data-end=\"2570\">\u2714 Th\u00e8me annuel identifiable<br data-start=\"2438\" data-end=\"2441\" \/>\u2714 Motif animalier iconique<br data-start=\"2467\" data-end=\"2470\" \/>\u2714 Format collectible<br data-start=\"2490\" data-end=\"2493\" \/>\u2714 Pi\u00e8ce Herm\u00e8s hors maroquinerie<br data-start=\"2525\" data-end=\"2528\" \/>\u2714 Forte demande chez les collectionneurs<\/p>\n<p data-start=\"2572\" data-end=\"2696\">Les <strong data-start=\"2576\" data-end=\"2608\">bijoux de sac Herm\u00e8s vintage<\/strong> connaissent une demande croissante, notamment pour les mod\u00e8les li\u00e9s aux th\u00e8mes annuels.<\/p>\n<hr data-start=\"2698\" data-end=\"2701\" \/>\n<h2 data-start=\"2703\" data-end=\"2745\">Un objet Herm\u00e8s \u00e0 fort pouvoir de d\u00e9sir<\/h2>\n<p data-start=\"2747\" data-end=\"2810\">Ce <strong data-start=\"2750\" data-end=\"2798\">cadenas hippopotame dor\u00e9 \u201cAnn\u00e9e des Fleuves\u201d<\/strong> constitue :<\/p>\n<ul data-start=\"2812\" data-end=\"2994\">\n<li data-start=\"2812\" data-end=\"2849\">\n<p data-start=\"2814\" data-end=\"2849\">Une pi\u00e8ce de collection originale<\/p>\n<\/li>\n<li data-start=\"2850\" data-end=\"2903\">\n<p data-start=\"2852\" data-end=\"2903\">Un accessoire distinctif pour sac Kelly ou Birkin<\/p>\n<\/li>\n<li data-start=\"2904\" data-end=\"2942\">\n<p data-start=\"2906\" data-end=\"2942\">Un objet Herm\u00e8s rare et symbolique<\/p>\n<\/li>\n<li data-start=\"2943\" data-end=\"2994\">\n<p data-start=\"2945\" data-end=\"2994\">Un investissement plaisir dans l\u2019univers Herm\u00e8s<\/p>\n<\/li>\n<\/ul>\n<p>Suivez &#8211; nous sur <a href=\"https:\/\/www.facebook.com\/TheVintageTravelerFR\">Facebook<\/a> et <a href=\"https:\/\/www.instagram.com\/the_vintagetraveler\/?igsh=aXdsbDJkdnpwZjcx#\">Instagram<\/a><\/p>\n","protected":false},"excerpt":{"rendered":"<p>Cadenas Herm\u00e8s dor\u00e9 en forme d\u2019hippopotame, inscription \u201cAnn\u00e9e des Fleuves\u201d. 3 cm de large. Tr\u00e8s bon \u00e9tat. Pi\u00e8ce rare.<\/p>\n","protected":false},"featured_media":8080,"template":"","meta":[],"product_brand":[],"product_cat":[123,115,125,175,140],"product_tag":[136],"class_list":{"0":"post-8079","1":"product","2":"type-product","3":"status-publish","4":"has-post-thumbnail","6":"product_cat-bijoux-de-luxe-vintage","7":"product_cat-hermes","8":"product_cat-hermes-bijoux","9":"product_cat-lifestyle-maison-hermes","10":"product_cat-nouveautes","11":"product_tag-hermes","13":"first","14":"outofstock","15":"sold-individually","16":"shipping-taxable","17":"product-type-simple"},"yoast_head":"<!-- This site is optimized with the Yoast SEO plugin v27.1.1 - https:\/\/yoast.com\/product\/yoast-seo-wordpress\/ -->\n<title>Cadenas Hippopotame Or | Herm\u00e8s<\/title>\n<meta name=\"description\" content=\"Cadenas Herm\u00e8s dor\u00e9 hippopotame \u201cAnn\u00e9e des Fleuves\u201d. 3 cm. Tr\u00e8s bon \u00e9tat. Bijou de sac rare et collectible.\" \/>\n<meta name=\"robots\" content=\"index, follow, max-snippet:-1, max-image-preview:large, max-video-preview:-1\" \/>\n<link rel=\"canonical\" href=\"https:\/\/thevintagetraveler.com\/en\/produit\/cadenas-hermes-hippopotame-or-annee-des-fleuves\/\" \/>\n<meta property=\"og:locale\" content=\"en_US\" \/>\n<meta property=\"og:type\" content=\"article\" \/>\n<meta property=\"og:title\" content=\"Cadenas Hippopotame Or | Herm\u00e8s\" \/>\n<meta property=\"og:description\" content=\"Cadenas Herm\u00e8s dor\u00e9 hippopotame \u201cAnn\u00e9e des Fleuves\u201d. 3 cm. Tr\u00e8s bon \u00e9tat. Bijou de sac rare et collectible.\" \/>\n<meta property=\"og:url\" content=\"https:\/\/thevintagetraveler.com\/en\/produit\/cadenas-hermes-hippopotame-or-annee-des-fleuves\/\" \/>\n<meta property=\"og:site_name\" content=\"TheVintageTraveler\" \/>\n<meta property=\"article:publisher\" content=\"https:\/\/www.facebook.com\/TheVintageTravelerFR\/\" \/>\n<meta property=\"article:modified_time\" content=\"2026-04-14T08:41:31+00:00\" \/>\n<meta property=\"og:image\" content=\"https:\/\/thevintagetraveler.com\/wp-content\/uploads\/2026\/03\/20260302_120126.jpg\" \/>\n\t<meta property=\"og:image:width\" content=\"1920\" \/>\n\t<meta property=\"og:image:height\" content=\"2560\" \/>\n\t<meta property=\"og:image:type\" content=\"image\/jpeg\" \/>\n<meta name=\"twitter:card\" content=\"summary_large_image\" \/>\n<meta name=\"twitter:label1\" content=\"Est. reading time\" \/>\n\t<meta name=\"twitter:data1\" content=\"2 minutes\" \/>\n<script type=\"application\/ld+json\" class=\"yoast-schema-graph\">{\"@context\":\"https:\/\/schema.org\",\"@graph\":[{\"@type\":\"WebPage\",\"@id\":\"https:\/\/thevintagetraveler.com\/en\/produit\/cadenas-hermes-hippopotame-or-annee-des-fleuves\/\",\"url\":\"https:\/\/thevintagetraveler.com\/en\/produit\/cadenas-hermes-hippopotame-or-annee-des-fleuves\/\",\"name\":\"Cadenas Hippopotame Or | Herm\u00e8s\",\"isPartOf\":{\"@id\":\"https:\/\/thevintagetraveler.com\/en\/#website\"},\"primaryImageOfPage\":{\"@id\":\"https:\/\/thevintagetraveler.com\/en\/produit\/cadenas-hermes-hippopotame-or-annee-des-fleuves\/#primaryimage\"},\"image\":{\"@id\":\"https:\/\/thevintagetraveler.com\/en\/produit\/cadenas-hermes-hippopotame-or-annee-des-fleuves\/#primaryimage\"},\"thumbnailUrl\":\"https:\/\/thevintagetraveler.com\/wp-content\/uploads\/2026\/03\/20260302_120126.jpg\",\"datePublished\":\"2024-03-02T12:43:45+00:00\",\"dateModified\":\"2026-04-14T08:41:31+00:00\",\"description\":\"Cadenas Herm\u00e8s dor\u00e9 hippopotame \u201cAnn\u00e9e des Fleuves\u201d. 3 cm. Tr\u00e8s bon \u00e9tat. Bijou de sac rare et collectible.\",\"breadcrumb\":{\"@id\":\"https:\/\/thevintagetraveler.com\/en\/produit\/cadenas-hermes-hippopotame-or-annee-des-fleuves\/#breadcrumb\"},\"inLanguage\":\"en-US\",\"potentialAction\":[{\"@type\":\"ReadAction\",\"target\":[\"https:\/\/thevintagetraveler.com\/en\/produit\/cadenas-hermes-hippopotame-or-annee-des-fleuves\/\"]}]},{\"@type\":\"ImageObject\",\"inLanguage\":\"en-US\",\"@id\":\"https:\/\/thevintagetraveler.com\/en\/produit\/cadenas-hermes-hippopotame-or-annee-des-fleuves\/#primaryimage\",\"url\":\"https:\/\/thevintagetraveler.com\/wp-content\/uploads\/2026\/03\/20260302_120126.jpg\",\"contentUrl\":\"https:\/\/thevintagetraveler.com\/wp-content\/uploads\/2026\/03\/20260302_120126.jpg\",\"width\":1920,\"height\":2560,\"caption\":\"cadenas Herm\u00e8s hippopotame or ann\u00e9e des fleuves\"},{\"@type\":\"BreadcrumbList\",\"@id\":\"https:\/\/thevintagetraveler.com\/en\/produit\/cadenas-hermes-hippopotame-or-annee-des-fleuves\/#breadcrumb\",\"itemListElement\":[{\"@type\":\"ListItem\",\"position\":1,\"name\":\"Accueil\",\"item\":\"https:\/\/thevintagetraveler.com\/en\/\"},{\"@type\":\"ListItem\",\"position\":2,\"name\":\"Shop\",\"item\":\"https:\/\/thevintagetraveler.com\/shop\/\"},{\"@type\":\"ListItem\",\"position\":3,\"name\":\"Bijou de sac Herm\u00e8s Hippopotame Dor\u00e9\"}]},{\"@type\":\"WebSite\",\"@id\":\"https:\/\/thevintagetraveler.com\/en\/#website\",\"url\":\"https:\/\/thevintagetraveler.com\/en\/\",\"name\":\"TheVintageTraveler\",\"description\":\"Luxury experts in Louis Vuitton, Chanel &amp; Herm\u00e8s\",\"publisher\":{\"@id\":\"https:\/\/thevintagetraveler.com\/en\/#organization\"},\"potentialAction\":[{\"@type\":\"SearchAction\",\"target\":{\"@type\":\"EntryPoint\",\"urlTemplate\":\"https:\/\/thevintagetraveler.com\/en\/?s={search_term_string}\"},\"query-input\":{\"@type\":\"PropertyValueSpecification\",\"valueRequired\":true,\"valueName\":\"search_term_string\"}}],\"inLanguage\":\"en-US\"},{\"@type\":\"Organization\",\"@id\":\"https:\/\/thevintagetraveler.com\/en\/#organization\",\"name\":\"TheVintageTraveler\",\"url\":\"https:\/\/thevintagetraveler.com\/en\/\",\"logo\":{\"@type\":\"ImageObject\",\"inLanguage\":\"en-US\",\"@id\":\"https:\/\/thevintagetraveler.com\/en\/#\/schema\/logo\/image\/\",\"url\":\"https:\/\/thevintagetraveler.com\/wp-content\/uploads\/2025\/04\/LOGO-THE-VINTAGE-TRAVELER-FINAL-e1745392697678.png\",\"contentUrl\":\"https:\/\/thevintagetraveler.com\/wp-content\/uploads\/2025\/04\/LOGO-THE-VINTAGE-TRAVELER-FINAL-e1745392697678.png\",\"width\":798,\"height\":318,\"caption\":\"TheVintageTraveler\"},\"image\":{\"@id\":\"https:\/\/thevintagetraveler.com\/en\/#\/schema\/logo\/image\/\"},\"sameAs\":[\"https:\/\/www.facebook.com\/TheVintageTravelerFR\/\",\"https:\/\/www.instagram.com\/the_vintagetraveler\"]}]}<\/script>\n<!-- \/ Yoast SEO plugin. -->","yoast_head_json":{"title":"Cadenas Hippopotame Or | Herm\u00e8s","description":"Cadenas Herm\u00e8s dor\u00e9 hippopotame \u201cAnn\u00e9e des Fleuves\u201d. 3 cm. Tr\u00e8s bon \u00e9tat. Bijou de sac rare et collectible.","robots":{"index":"index","follow":"follow","max-snippet":"max-snippet:-1","max-image-preview":"max-image-preview:large","max-video-preview":"max-video-preview:-1"},"canonical":"https:\/\/thevintagetraveler.com\/en\/produit\/cadenas-hermes-hippopotame-or-annee-des-fleuves\/","og_locale":"en_US","og_type":"article","og_title":"Cadenas Hippopotame Or | Herm\u00e8s","og_description":"Cadenas Herm\u00e8s dor\u00e9 hippopotame \u201cAnn\u00e9e des Fleuves\u201d. 3 cm. Tr\u00e8s bon \u00e9tat. Bijou de sac rare et collectible.","og_url":"https:\/\/thevintagetraveler.com\/en\/produit\/cadenas-hermes-hippopotame-or-annee-des-fleuves\/","og_site_name":"TheVintageTraveler","article_publisher":"https:\/\/www.facebook.com\/TheVintageTravelerFR\/","article_modified_time":"2026-04-14T08:41:31+00:00","og_image":[{"width":1920,"height":2560,"url":"https:\/\/thevintagetraveler.com\/wp-content\/uploads\/2026\/03\/20260302_120126.jpg","type":"image\/jpeg"}],"twitter_card":"summary_large_image","twitter_misc":{"Est. reading time":"2 minutes"},"schema":{"@context":"https:\/\/schema.org","@graph":[{"@type":"WebPage","@id":"https:\/\/thevintagetraveler.com\/en\/produit\/cadenas-hermes-hippopotame-or-annee-des-fleuves\/","url":"https:\/\/thevintagetraveler.com\/en\/produit\/cadenas-hermes-hippopotame-or-annee-des-fleuves\/","name":"Cadenas Hippopotame Or | Herm\u00e8s","isPartOf":{"@id":"https:\/\/thevintagetraveler.com\/en\/#website"},"primaryImageOfPage":{"@id":"https:\/\/thevintagetraveler.com\/en\/produit\/cadenas-hermes-hippopotame-or-annee-des-fleuves\/#primaryimage"},"image":{"@id":"https:\/\/thevintagetraveler.com\/en\/produit\/cadenas-hermes-hippopotame-or-annee-des-fleuves\/#primaryimage"},"thumbnailUrl":"https:\/\/thevintagetraveler.com\/wp-content\/uploads\/2026\/03\/20260302_120126.jpg","datePublished":"2024-03-02T12:43:45+00:00","dateModified":"2026-04-14T08:41:31+00:00","description":"Cadenas Herm\u00e8s dor\u00e9 hippopotame \u201cAnn\u00e9e des Fleuves\u201d. 3 cm. Tr\u00e8s bon \u00e9tat. Bijou de sac rare et collectible.","breadcrumb":{"@id":"https:\/\/thevintagetraveler.com\/en\/produit\/cadenas-hermes-hippopotame-or-annee-des-fleuves\/#breadcrumb"},"inLanguage":"en-US","potentialAction":[{"@type":"ReadAction","target":["https:\/\/thevintagetraveler.com\/en\/produit\/cadenas-hermes-hippopotame-or-annee-des-fleuves\/"]}]},{"@type":"ImageObject","inLanguage":"en-US","@id":"https:\/\/thevintagetraveler.com\/en\/produit\/cadenas-hermes-hippopotame-or-annee-des-fleuves\/#primaryimage","url":"https:\/\/thevintagetraveler.com\/wp-content\/uploads\/2026\/03\/20260302_120126.jpg","contentUrl":"https:\/\/thevintagetraveler.com\/wp-content\/uploads\/2026\/03\/20260302_120126.jpg","width":1920,"height":2560,"caption":"cadenas Herm\u00e8s hippopotame or ann\u00e9e des fleuves"},{"@type":"BreadcrumbList","@id":"https:\/\/thevintagetraveler.com\/en\/produit\/cadenas-hermes-hippopotame-or-annee-des-fleuves\/#breadcrumb","itemListElement":[{"@type":"ListItem","position":1,"name":"Accueil","item":"https:\/\/thevintagetraveler.com\/en\/"},{"@type":"ListItem","position":2,"name":"Shop","item":"https:\/\/thevintagetraveler.com\/shop\/"},{"@type":"ListItem","position":3,"name":"Bijou de sac Herm\u00e8s Hippopotame Dor\u00e9"}]},{"@type":"WebSite","@id":"https:\/\/thevintagetraveler.com\/en\/#website","url":"https:\/\/thevintagetraveler.com\/en\/","name":"TheVintageTraveler","description":"Luxury experts in Louis Vuitton, Chanel &amp; Herm\u00e8s","publisher":{"@id":"https:\/\/thevintagetraveler.com\/en\/#organization"},"potentialAction":[{"@type":"SearchAction","target":{"@type":"EntryPoint","urlTemplate":"https:\/\/thevintagetraveler.com\/en\/?s={search_term_string}"},"query-input":{"@type":"PropertyValueSpecification","valueRequired":true,"valueName":"search_term_string"}}],"inLanguage":"en-US"},{"@type":"Organization","@id":"https:\/\/thevintagetraveler.com\/en\/#organization","name":"TheVintageTraveler","url":"https:\/\/thevintagetraveler.com\/en\/","logo":{"@type":"ImageObject","inLanguage":"en-US","@id":"https:\/\/thevintagetraveler.com\/en\/#\/schema\/logo\/image\/","url":"https:\/\/thevintagetraveler.com\/wp-content\/uploads\/2025\/04\/LOGO-THE-VINTAGE-TRAVELER-FINAL-e1745392697678.png","contentUrl":"https:\/\/thevintagetraveler.com\/wp-content\/uploads\/2025\/04\/LOGO-THE-VINTAGE-TRAVELER-FINAL-e1745392697678.png","width":798,"height":318,"caption":"TheVintageTraveler"},"image":{"@id":"https:\/\/thevintagetraveler.com\/en\/#\/schema\/logo\/image\/"},"sameAs":["https:\/\/www.facebook.com\/TheVintageTravelerFR\/","https:\/\/www.instagram.com\/the_vintagetraveler"]}]}},"_links":{"self":[{"href":"https:\/\/thevintagetraveler.com\/en\/wp-json\/wp\/v2\/product\/8079","targetHints":{"allow":["GET"]}}],"collection":[{"href":"https:\/\/thevintagetraveler.com\/en\/wp-json\/wp\/v2\/product"}],"about":[{"href":"https:\/\/thevintagetraveler.com\/en\/wp-json\/wp\/v2\/types\/product"}],"wp:featuredmedia":[{"embeddable":true,"href":"https:\/\/thevintagetraveler.com\/en\/wp-json\/wp\/v2\/media\/8080"}],"wp:attachment":[{"href":"https:\/\/thevintagetraveler.com\/en\/wp-json\/wp\/v2\/media?parent=8079"}],"wp:term":[{"taxonomy":"product_brand","embeddable":true,"href":"https:\/\/thevintagetraveler.com\/en\/wp-json\/wp\/v2\/product_brand?post=8079"},{"taxonomy":"product_cat","embeddable":true,"href":"https:\/\/thevintagetraveler.com\/en\/wp-json\/wp\/v2\/product_cat?post=8079"},{"taxonomy":"product_tag","embeddable":true,"href":"https:\/\/thevintagetraveler.com\/en\/wp-json\/wp\/v2\/product_tag?post=8079"}],"curies":[{"name":"wp","href":"https:\/\/api.w.org\/{rel}","templated":true}]}}