{"id":8165,"date":"2026-03-09T13:16:18","date_gmt":"2026-03-09T12:16:18","guid":{"rendered":"https:\/\/thevintagetraveler.com\/?post_type=product&#038;p=8165"},"modified":"2026-03-09T13:23:36","modified_gmt":"2026-03-09T12:23:36","slug":"bracelet-hermes-medor-gris-metallise","status":"publish","type":"product","link":"https:\/\/thevintagetraveler.com\/en\/produit\/bracelet-hermes-medor-gris-metallise\/","title":{"rendered":"Bracelet Herm\u00e8s M\u00e9dor Gris"},"content":{"rendered":"<ul data-start=\"2812\" data-end=\"2994\">\n<li data-start=\"2943\" data-end=\"2994\">\n<h2 data-section-id=\"76urgl\" data-start=\"854\" data-end=\"895\">Bracelet Herm\u00e8s M\u00e9dor \u2013 Gris M\u00e9tallis\u00e9<\/h2>\n<p data-start=\"897\" data-end=\"1055\">Ce <strong data-start=\"900\" data-end=\"940\">bracelet Herm\u00e8s M\u00e9dor gris m\u00e9tallis\u00e9<\/strong> incarne parfaitement l\u2019esth\u00e9tique audacieuse et \u00e9l\u00e9gante de la maison <strong data-start=\"1011\" data-end=\"1052\"><span class=\"hover:entity-accent entity-underline inline cursor-pointer align-baseline\"><span class=\"whitespace-normal\">Herm\u00e8s<\/span><\/span><\/strong>.<\/p>\n<p data-start=\"1057\" data-end=\"1229\">Inspir\u00e9 du c\u00e9l\u00e8bre collier pour chien <a href=\"https:\/\/thevintagetraveler.com\/rachat-sac-hermes\/\">Herm\u00e8s<\/a>, le bracelet M\u00e9dor est devenu une pi\u00e8ce iconique du vestiaire de la maison, m\u00ealant caract\u00e8re rock et sophistication parisienne.<\/p>\n<p data-start=\"1231\" data-end=\"1421\">\ud83d\udcd0 <strong data-start=\"1234\" data-end=\"1306\">Dimensions : largeur du bracelet 6 cm \u2013 largeur de l\u2019ouverture 3 cm.<\/strong><br data-start=\"1306\" data-end=\"1309\" \/>Son format large apporte une pr\u00e9sence forte au poignet tout en conservant une silhouette \u00e9l\u00e9gante et \u00e9quilibr\u00e9e.<\/p>\n<hr data-start=\"1423\" data-end=\"1426\" \/>\n<h2 data-section-id=\"1fj5t0y\" data-start=\"1428\" data-end=\"1471\">Le bracelet M\u00e9dor : une signature Herm\u00e8s<\/h2>\n<p data-start=\"1473\" data-end=\"1511\">Le mod\u00e8le <strong data-start=\"1483\" data-end=\"1492\">M\u00e9dor<\/strong> se distingue par :<\/p>\n<ul data-start=\"1513\" data-end=\"1651\">\n<li data-section-id=\"18347hl\" data-start=\"1513\" data-end=\"1563\">\n<p data-start=\"1515\" data-end=\"1563\">Son design inspir\u00e9 du <strong data-start=\"1537\" data-end=\"1561\">collier M\u00e9dor Herm\u00e8s<\/strong><\/p>\n<\/li>\n<li data-section-id=\"vk7xxs\" data-start=\"1564\" data-end=\"1603\">\n<p data-start=\"1566\" data-end=\"1603\">Son style structur\u00e9 et contemporain<\/p>\n<\/li>\n<li data-section-id=\"pt1ou6\" data-start=\"1604\" data-end=\"1651\">\n<p data-start=\"1606\" data-end=\"1651\">Son allure \u00e0 la fois \u00e9l\u00e9gante et audacieuse<\/p>\n<\/li>\n<\/ul>\n<p data-start=\"1653\" data-end=\"1745\">Ce bracelet est devenu un classique des <strong data-start=\"1693\" data-end=\"1710\">bijoux Herm\u00e8s<\/strong>, appr\u00e9ci\u00e9 pour son identit\u00e9 forte.<\/p>\n<hr data-start=\"1747\" data-end=\"1750\" \/>\n<h2 data-section-id=\"141sfw2\" data-start=\"1752\" data-end=\"1786\">Une couleur \u00e9l\u00e9gante et moderne<\/h2>\n<p data-start=\"1788\" data-end=\"1819\">Le <strong data-start=\"1791\" data-end=\"1809\">gris m\u00e9tallis\u00e9<\/strong> apporte :<\/p>\n<ul data-start=\"1821\" data-end=\"1927\">\n<li data-section-id=\"11z2818\" data-start=\"1821\" data-end=\"1843\">\n<p data-start=\"1823\" data-end=\"1843\">Une touche moderne<\/p>\n<\/li>\n<li data-section-id=\"157364c\" data-start=\"1844\" data-end=\"1881\">\n<p data-start=\"1846\" data-end=\"1881\">Une grande facilit\u00e9 d\u2019association<\/p>\n<\/li>\n<li data-section-id=\"1i2gryz\" data-start=\"1882\" data-end=\"1927\">\n<p data-start=\"1884\" data-end=\"1927\">Un style \u00e0 la fois discret et sophistiqu\u00e9<\/p>\n<\/li>\n<\/ul>\n<p data-start=\"1929\" data-end=\"2025\">Cette teinte souligne parfaitement les lignes du bracelet et lui donne une allure contemporaine.<\/p>\n<hr data-start=\"2027\" data-end=\"2030\" \/>\n<h2 data-section-id=\"1p0kmn6\" data-start=\"2032\" data-end=\"2054\">\u00c9tat &amp; authenticit\u00e9<\/h2>\n<ul data-start=\"2056\" data-end=\"2132\">\n<li data-section-id=\"wvqnuh\" data-start=\"2056\" data-end=\"2076\">\n<p data-start=\"2058\" data-end=\"2076\"><strong data-start=\"2058\" data-end=\"2074\">Parfait \u00e9tat<\/strong><\/p>\n<\/li>\n<li data-section-id=\"vn9ne\" data-start=\"2077\" data-end=\"2104\">\n<p data-start=\"2079\" data-end=\"2104\">Tr\u00e8s belle conservation<\/p>\n<\/li>\n<li data-section-id=\"1ywtm09\" data-start=\"2105\" data-end=\"2132\">\n<p data-start=\"2107\" data-end=\"2132\">Pr\u00e9sentation impeccable<\/p>\n<\/li>\n<\/ul>\n<hr data-start=\"2134\" data-end=\"2137\" \/>\n<h2 data-section-id=\"jzf6bh\" data-start=\"2139\" data-end=\"2169\">Caract\u00e9ristiques du produit<\/h2>\n<ul data-start=\"2171\" data-end=\"2479\">\n<li data-section-id=\"bphnkc\" data-start=\"2171\" data-end=\"2194\">\n<p data-start=\"2173\" data-end=\"2194\"><strong data-start=\"2173\" data-end=\"2185\">Maison :<\/strong> Herm\u00e8s<\/p>\n<\/li>\n<li data-section-id=\"1o224p4\" data-start=\"2195\" data-end=\"2217\">\n<p data-start=\"2197\" data-end=\"2217\"><strong data-start=\"2197\" data-end=\"2209\">Mod\u00e8le :<\/strong> M\u00e9dor<\/p>\n<\/li>\n<li data-section-id=\"1wv7uvd\" data-start=\"2218\" data-end=\"2251\">\n<p data-start=\"2220\" data-end=\"2251\"><strong data-start=\"2220\" data-end=\"2230\">Type :<\/strong> Bracelet manchette<\/p>\n<\/li>\n<li data-section-id=\"iczzmw\" data-start=\"2252\" data-end=\"2284\">\n<p data-start=\"2254\" data-end=\"2284\"><strong data-start=\"2254\" data-end=\"2267\">Couleur :<\/strong> Gris m\u00e9tallis\u00e9<\/p>\n<\/li>\n<li data-section-id=\"1592ueo\" data-start=\"2285\" data-end=\"2335\">\n<p data-start=\"2287\" data-end=\"2335\"><strong data-start=\"2287\" data-end=\"2303\">Dimensions :<\/strong> largeur 6 cm \u2013 ouverture 3 cm<\/p>\n<\/li>\n<li data-section-id=\"xv5zl7\" data-start=\"2336\" data-end=\"2363\">\n<p data-start=\"2338\" data-end=\"2363\"><strong data-start=\"2338\" data-end=\"2348\">\u00c9tat :<\/strong> Parfait \u00e9tat<\/p>\n<\/li>\n<li data-section-id=\"1wkl8uz\" data-start=\"2364\" data-end=\"2420\">\n<p data-start=\"2366\" data-end=\"2420\"><strong data-start=\"2366\" data-end=\"2377\">Usage :<\/strong> Bijou de collection \u00b7 Accessoire de mode<\/p>\n<\/li>\n<li data-section-id=\"1vltg8x\" data-start=\"2421\" data-end=\"2479\">\n<p data-start=\"2423\" data-end=\"2479\"><strong data-start=\"2423\" data-end=\"2445\">Authentification :<\/strong> Certifi\u00e9 par TheVintageTraveler<\/p>\n<\/li>\n<\/ul>\n<hr data-start=\"2481\" data-end=\"2484\" \/>\n<h2 data-section-id=\"q3qj8z\" data-start=\"2486\" data-end=\"2538\">Pourquoi ce bracelet Herm\u00e8s M\u00e9dor est recherch\u00e9 ?<\/h2>\n<p data-start=\"2540\" data-end=\"2671\">\u2714 Mod\u00e8le iconique Herm\u00e8s<br data-start=\"2564\" data-end=\"2567\" \/>\u2714 Design audacieux et identifiable<br data-start=\"2601\" data-end=\"2604\" \/>\u2714 Couleur \u00e9l\u00e9gante et facile \u00e0 porter<br data-start=\"2641\" data-end=\"2644\" \/>\u2714 Bijou Herm\u00e8s intemporel<\/p>\n<p data-start=\"2673\" data-end=\"2792\">Le bracelet M\u00e9dor est l\u2019un des <strong data-start=\"2704\" data-end=\"2746\">bijoux Herm\u00e8s les plus reconnaissables<\/strong>, tr\u00e8s appr\u00e9ci\u00e9 des amateurs de pi\u00e8ces fortes.<\/p>\n<hr data-start=\"2794\" data-end=\"2797\" \/>\n<h2 data-section-id=\"17bsq0j\" data-start=\"2799\" data-end=\"2828\">Un bijou Herm\u00e8s intemporel<\/h2>\n<p data-start=\"2830\" data-end=\"2885\">Ce <strong data-start=\"2833\" data-end=\"2873\">bracelet Herm\u00e8s M\u00e9dor gris m\u00e9tallis\u00e9<\/strong> constitue :<\/p>\n<ul data-start=\"2887\" data-end=\"3001\">\n<li data-section-id=\"eijzvi\" data-start=\"2887\" data-end=\"2926\">\n<p data-start=\"2889\" data-end=\"2926\">Un accessoire iconique de la maison<\/p>\n<\/li>\n<li data-section-id=\"647uvt\" data-start=\"2927\" data-end=\"2970\">\n<p data-start=\"2929\" data-end=\"2970\">Une pi\u00e8ce forte pour sublimer une tenue<\/p>\n<\/li>\n<li data-section-id=\"1553nr2\" data-start=\"2971\" data-end=\"3001\">\n<p data-start=\"2973\" data-end=\"3001\">Un bijou Herm\u00e8s intemporel<\/p>\n<\/li>\n<\/ul>\n<\/li>\n<\/ul>\n<p>Suivez &#8211; nous sur <a href=\"https:\/\/www.facebook.com\/TheVintageTravelerFR\">Facebook<\/a> et <a href=\"https:\/\/www.instagram.com\/the_vintagetraveler\/?igsh=aXdsbDJkdnpwZjcx#\">Instagram<\/a><\/p>\n","protected":false},"excerpt":{"rendered":"<p>Bracelet Herm\u00e8s M\u00e9dor gris m\u00e9tallis\u00e9 en parfait \u00e9tat. Largeur 6 cm. Bijou iconique Herm\u00e8s.<\/p>\n","protected":false},"featured_media":8166,"template":"","meta":[],"product_brand":[],"product_cat":[302,303,274],"product_tag":[281],"class_list":{"0":"post-8165","1":"product","2":"type-product","3":"status-publish","4":"has-post-thumbnail","6":"product_cat-jewelry","7":"product_cat-hermes-2","8":"product_cat-news","9":"product_tag-hermes","11":"first","12":"instock","13":"sold-individually","14":"shipping-taxable","15":"purchasable","16":"product-type-simple"},"yoast_head":"<!-- This site is optimized with the Yoast SEO plugin v27.1.1 - https:\/\/yoast.com\/product\/yoast-seo-wordpress\/ -->\n<title>Bracelet M\u00e9dor Gris M\u00e9tallis\u00e9 | Herm\u00e8s<\/title>\n<meta name=\"description\" content=\"Bracelet Herm\u00e8s M\u00e9dor gris m\u00e9tallis\u00e9 en parfait \u00e9tat. Largeur 6 cm. Bijou iconique Herm\u00e8s au style rock chic.\" \/>\n<meta name=\"robots\" content=\"index, follow, max-snippet:-1, max-image-preview:large, max-video-preview:-1\" \/>\n<link rel=\"canonical\" href=\"https:\/\/thevintagetraveler.com\/en\/produit\/bracelet-hermes-medor-gris-metallise\/\" \/>\n<meta property=\"og:locale\" content=\"en_US\" \/>\n<meta property=\"og:type\" content=\"article\" \/>\n<meta property=\"og:title\" content=\"Bracelet M\u00e9dor Gris M\u00e9tallis\u00e9 | Herm\u00e8s\" \/>\n<meta property=\"og:description\" content=\"Bracelet Herm\u00e8s M\u00e9dor gris m\u00e9tallis\u00e9 en parfait \u00e9tat. Largeur 6 cm. Bijou iconique Herm\u00e8s au style rock chic.\" \/>\n<meta property=\"og:url\" content=\"https:\/\/thevintagetraveler.com\/en\/produit\/bracelet-hermes-medor-gris-metallise\/\" \/>\n<meta property=\"og:site_name\" content=\"TheVintageTraveler\" \/>\n<meta property=\"article:publisher\" content=\"https:\/\/www.facebook.com\/TheVintageTravelerFR\/\" \/>\n<meta property=\"article:modified_time\" content=\"2026-03-09T12:23:36+00:00\" \/>\n<meta property=\"og:image\" content=\"https:\/\/thevintagetraveler.com\/wp-content\/uploads\/2026\/03\/20260309_112833.jpg\" \/>\n\t<meta property=\"og:image:width\" content=\"1920\" \/>\n\t<meta property=\"og:image:height\" content=\"2560\" \/>\n\t<meta property=\"og:image:type\" content=\"image\/jpeg\" \/>\n<meta name=\"twitter:card\" content=\"summary_large_image\" \/>\n<meta name=\"twitter:label1\" content=\"Est. reading time\" \/>\n\t<meta name=\"twitter:data1\" content=\"2 minutes\" \/>\n<script type=\"application\/ld+json\" class=\"yoast-schema-graph\">{\"@context\":\"https:\/\/schema.org\",\"@graph\":[{\"@type\":\"WebPage\",\"@id\":\"https:\/\/thevintagetraveler.com\/en\/produit\/bracelet-hermes-medor-gris-metallise\/\",\"url\":\"https:\/\/thevintagetraveler.com\/en\/produit\/bracelet-hermes-medor-gris-metallise\/\",\"name\":\"Bracelet M\u00e9dor Gris M\u00e9tallis\u00e9 | Herm\u00e8s\",\"isPartOf\":{\"@id\":\"https:\/\/thevintagetraveler.com\/en\/#website\"},\"primaryImageOfPage\":{\"@id\":\"https:\/\/thevintagetraveler.com\/en\/produit\/bracelet-hermes-medor-gris-metallise\/#primaryimage\"},\"image\":{\"@id\":\"https:\/\/thevintagetraveler.com\/en\/produit\/bracelet-hermes-medor-gris-metallise\/#primaryimage\"},\"thumbnailUrl\":\"https:\/\/thevintagetraveler.com\/wp-content\/uploads\/2026\/03\/20260309_112833.jpg\",\"datePublished\":\"2026-03-09T12:16:18+00:00\",\"dateModified\":\"2026-03-09T12:23:36+00:00\",\"description\":\"Bracelet Herm\u00e8s M\u00e9dor gris m\u00e9tallis\u00e9 en parfait \u00e9tat. Largeur 6 cm. Bijou iconique Herm\u00e8s au style rock chic.\",\"breadcrumb\":{\"@id\":\"https:\/\/thevintagetraveler.com\/en\/produit\/bracelet-hermes-medor-gris-metallise\/#breadcrumb\"},\"inLanguage\":\"en-US\",\"potentialAction\":[{\"@type\":\"ReadAction\",\"target\":[\"https:\/\/thevintagetraveler.com\/en\/produit\/bracelet-hermes-medor-gris-metallise\/\"]}]},{\"@type\":\"ImageObject\",\"inLanguage\":\"en-US\",\"@id\":\"https:\/\/thevintagetraveler.com\/en\/produit\/bracelet-hermes-medor-gris-metallise\/#primaryimage\",\"url\":\"https:\/\/thevintagetraveler.com\/wp-content\/uploads\/2026\/03\/20260309_112833.jpg\",\"contentUrl\":\"https:\/\/thevintagetraveler.com\/wp-content\/uploads\/2026\/03\/20260309_112833.jpg\",\"width\":1920,\"height\":2560,\"caption\":\"bracelet Herm\u00e8s M\u00e9dor gris m\u00e9tallis\u00e9\"},{\"@type\":\"BreadcrumbList\",\"@id\":\"https:\/\/thevintagetraveler.com\/en\/produit\/bracelet-hermes-medor-gris-metallise\/#breadcrumb\",\"itemListElement\":[{\"@type\":\"ListItem\",\"position\":1,\"name\":\"Accueil\",\"item\":\"https:\/\/thevintagetraveler.com\/en\/\"},{\"@type\":\"ListItem\",\"position\":2,\"name\":\"Shop\",\"item\":\"https:\/\/thevintagetraveler.com\/shop\/\"},{\"@type\":\"ListItem\",\"position\":3,\"name\":\"Bracelet Herm\u00e8s M\u00e9dor Gris\"}]},{\"@type\":\"WebSite\",\"@id\":\"https:\/\/thevintagetraveler.com\/en\/#website\",\"url\":\"https:\/\/thevintagetraveler.com\/en\/\",\"name\":\"TheVintageTraveler\",\"description\":\"Luxury experts in Louis Vuitton, Chanel &amp; Herm\u00e8s\",\"publisher\":{\"@id\":\"https:\/\/thevintagetraveler.com\/en\/#organization\"},\"potentialAction\":[{\"@type\":\"SearchAction\",\"target\":{\"@type\":\"EntryPoint\",\"urlTemplate\":\"https:\/\/thevintagetraveler.com\/en\/?s={search_term_string}\"},\"query-input\":{\"@type\":\"PropertyValueSpecification\",\"valueRequired\":true,\"valueName\":\"search_term_string\"}}],\"inLanguage\":\"en-US\"},{\"@type\":\"Organization\",\"@id\":\"https:\/\/thevintagetraveler.com\/en\/#organization\",\"name\":\"TheVintageTraveler\",\"url\":\"https:\/\/thevintagetraveler.com\/en\/\",\"logo\":{\"@type\":\"ImageObject\",\"inLanguage\":\"en-US\",\"@id\":\"https:\/\/thevintagetraveler.com\/en\/#\/schema\/logo\/image\/\",\"url\":\"https:\/\/thevintagetraveler.com\/wp-content\/uploads\/2025\/04\/LOGO-THE-VINTAGE-TRAVELER-FINAL-e1745392697678.png\",\"contentUrl\":\"https:\/\/thevintagetraveler.com\/wp-content\/uploads\/2025\/04\/LOGO-THE-VINTAGE-TRAVELER-FINAL-e1745392697678.png\",\"width\":798,\"height\":318,\"caption\":\"TheVintageTraveler\"},\"image\":{\"@id\":\"https:\/\/thevintagetraveler.com\/en\/#\/schema\/logo\/image\/\"},\"sameAs\":[\"https:\/\/www.facebook.com\/TheVintageTravelerFR\/\",\"https:\/\/www.instagram.com\/the_vintagetraveler\"]}]}<\/script>\n<!-- \/ Yoast SEO plugin. -->","yoast_head_json":{"title":"Bracelet M\u00e9dor Gris M\u00e9tallis\u00e9 | Herm\u00e8s","description":"Bracelet Herm\u00e8s M\u00e9dor gris m\u00e9tallis\u00e9 en parfait \u00e9tat. Largeur 6 cm. Bijou iconique Herm\u00e8s au style rock chic.","robots":{"index":"index","follow":"follow","max-snippet":"max-snippet:-1","max-image-preview":"max-image-preview:large","max-video-preview":"max-video-preview:-1"},"canonical":"https:\/\/thevintagetraveler.com\/en\/produit\/bracelet-hermes-medor-gris-metallise\/","og_locale":"en_US","og_type":"article","og_title":"Bracelet M\u00e9dor Gris M\u00e9tallis\u00e9 | Herm\u00e8s","og_description":"Bracelet Herm\u00e8s M\u00e9dor gris m\u00e9tallis\u00e9 en parfait \u00e9tat. Largeur 6 cm. Bijou iconique Herm\u00e8s au style rock chic.","og_url":"https:\/\/thevintagetraveler.com\/en\/produit\/bracelet-hermes-medor-gris-metallise\/","og_site_name":"TheVintageTraveler","article_publisher":"https:\/\/www.facebook.com\/TheVintageTravelerFR\/","article_modified_time":"2026-03-09T12:23:36+00:00","og_image":[{"width":1920,"height":2560,"url":"https:\/\/thevintagetraveler.com\/wp-content\/uploads\/2026\/03\/20260309_112833.jpg","type":"image\/jpeg"}],"twitter_card":"summary_large_image","twitter_misc":{"Est. reading time":"2 minutes"},"schema":{"@context":"https:\/\/schema.org","@graph":[{"@type":"WebPage","@id":"https:\/\/thevintagetraveler.com\/en\/produit\/bracelet-hermes-medor-gris-metallise\/","url":"https:\/\/thevintagetraveler.com\/en\/produit\/bracelet-hermes-medor-gris-metallise\/","name":"Bracelet M\u00e9dor Gris M\u00e9tallis\u00e9 | Herm\u00e8s","isPartOf":{"@id":"https:\/\/thevintagetraveler.com\/en\/#website"},"primaryImageOfPage":{"@id":"https:\/\/thevintagetraveler.com\/en\/produit\/bracelet-hermes-medor-gris-metallise\/#primaryimage"},"image":{"@id":"https:\/\/thevintagetraveler.com\/en\/produit\/bracelet-hermes-medor-gris-metallise\/#primaryimage"},"thumbnailUrl":"https:\/\/thevintagetraveler.com\/wp-content\/uploads\/2026\/03\/20260309_112833.jpg","datePublished":"2026-03-09T12:16:18+00:00","dateModified":"2026-03-09T12:23:36+00:00","description":"Bracelet Herm\u00e8s M\u00e9dor gris m\u00e9tallis\u00e9 en parfait \u00e9tat. Largeur 6 cm. Bijou iconique Herm\u00e8s au style rock chic.","breadcrumb":{"@id":"https:\/\/thevintagetraveler.com\/en\/produit\/bracelet-hermes-medor-gris-metallise\/#breadcrumb"},"inLanguage":"en-US","potentialAction":[{"@type":"ReadAction","target":["https:\/\/thevintagetraveler.com\/en\/produit\/bracelet-hermes-medor-gris-metallise\/"]}]},{"@type":"ImageObject","inLanguage":"en-US","@id":"https:\/\/thevintagetraveler.com\/en\/produit\/bracelet-hermes-medor-gris-metallise\/#primaryimage","url":"https:\/\/thevintagetraveler.com\/wp-content\/uploads\/2026\/03\/20260309_112833.jpg","contentUrl":"https:\/\/thevintagetraveler.com\/wp-content\/uploads\/2026\/03\/20260309_112833.jpg","width":1920,"height":2560,"caption":"bracelet Herm\u00e8s M\u00e9dor gris m\u00e9tallis\u00e9"},{"@type":"BreadcrumbList","@id":"https:\/\/thevintagetraveler.com\/en\/produit\/bracelet-hermes-medor-gris-metallise\/#breadcrumb","itemListElement":[{"@type":"ListItem","position":1,"name":"Accueil","item":"https:\/\/thevintagetraveler.com\/en\/"},{"@type":"ListItem","position":2,"name":"Shop","item":"https:\/\/thevintagetraveler.com\/shop\/"},{"@type":"ListItem","position":3,"name":"Bracelet Herm\u00e8s M\u00e9dor Gris"}]},{"@type":"WebSite","@id":"https:\/\/thevintagetraveler.com\/en\/#website","url":"https:\/\/thevintagetraveler.com\/en\/","name":"TheVintageTraveler","description":"Luxury experts in Louis Vuitton, Chanel &amp; Herm\u00e8s","publisher":{"@id":"https:\/\/thevintagetraveler.com\/en\/#organization"},"potentialAction":[{"@type":"SearchAction","target":{"@type":"EntryPoint","urlTemplate":"https:\/\/thevintagetraveler.com\/en\/?s={search_term_string}"},"query-input":{"@type":"PropertyValueSpecification","valueRequired":true,"valueName":"search_term_string"}}],"inLanguage":"en-US"},{"@type":"Organization","@id":"https:\/\/thevintagetraveler.com\/en\/#organization","name":"TheVintageTraveler","url":"https:\/\/thevintagetraveler.com\/en\/","logo":{"@type":"ImageObject","inLanguage":"en-US","@id":"https:\/\/thevintagetraveler.com\/en\/#\/schema\/logo\/image\/","url":"https:\/\/thevintagetraveler.com\/wp-content\/uploads\/2025\/04\/LOGO-THE-VINTAGE-TRAVELER-FINAL-e1745392697678.png","contentUrl":"https:\/\/thevintagetraveler.com\/wp-content\/uploads\/2025\/04\/LOGO-THE-VINTAGE-TRAVELER-FINAL-e1745392697678.png","width":798,"height":318,"caption":"TheVintageTraveler"},"image":{"@id":"https:\/\/thevintagetraveler.com\/en\/#\/schema\/logo\/image\/"},"sameAs":["https:\/\/www.facebook.com\/TheVintageTravelerFR\/","https:\/\/www.instagram.com\/the_vintagetraveler"]}]}},"_links":{"self":[{"href":"https:\/\/thevintagetraveler.com\/en\/wp-json\/wp\/v2\/product\/8165","targetHints":{"allow":["GET"]}}],"collection":[{"href":"https:\/\/thevintagetraveler.com\/en\/wp-json\/wp\/v2\/product"}],"about":[{"href":"https:\/\/thevintagetraveler.com\/en\/wp-json\/wp\/v2\/types\/product"}],"wp:featuredmedia":[{"embeddable":true,"href":"https:\/\/thevintagetraveler.com\/en\/wp-json\/wp\/v2\/media\/8166"}],"wp:attachment":[{"href":"https:\/\/thevintagetraveler.com\/en\/wp-json\/wp\/v2\/media?parent=8165"}],"wp:term":[{"taxonomy":"product_brand","embeddable":true,"href":"https:\/\/thevintagetraveler.com\/en\/wp-json\/wp\/v2\/product_brand?post=8165"},{"taxonomy":"product_cat","embeddable":true,"href":"https:\/\/thevintagetraveler.com\/en\/wp-json\/wp\/v2\/product_cat?post=8165"},{"taxonomy":"product_tag","embeddable":true,"href":"https:\/\/thevintagetraveler.com\/en\/wp-json\/wp\/v2\/product_tag?post=8165"}],"curies":[{"name":"wp","href":"https:\/\/api.w.org\/{rel}","templated":true}]}}