{"id":8251,"date":"2024-03-13T17:47:44","date_gmt":"2024-03-13T16:47:44","guid":{"rendered":"https:\/\/thevintagetraveler.com\/?post_type=product&#038;p=8251"},"modified":"2026-04-27T13:31:01","modified_gmt":"2026-04-27T11:31:01","slug":"boucles-doreilles-dorees-chanel-strass","status":"publish","type":"product","link":"https:\/\/thevintagetraveler.com\/en\/produit\/boucles-doreilles-dorees-chanel-strass\/","title":{"rendered":"Boucles d&#8217;oreilles Chanel M\u00e9tal Dor\u00e9 Strass"},"content":{"rendered":"<h2 data-section-id=\"1nh2kbq\" data-start=\"950\" data-end=\"1007\">Boucles d\u2019Oreilles Chanel \u2013 M\u00e9tal Dor\u00e9 &amp; Pierre Strass<\/h2>\n<p data-start=\"1009\" data-end=\"1212\">Ces <strong data-start=\"1013\" data-end=\"1056\">boucles d\u2019oreilles Chanel en m\u00e9tal dor\u00e9<\/strong>, orn\u00e9es d\u2019une <strong data-start=\"1071\" data-end=\"1103\">pierre strass en leur centre<\/strong>, refl\u00e8tent l\u2019\u00e9l\u00e9gance intemporelle et le raffinement de la maison <strong data-start=\"1170\" data-end=\"1211\"><span class=\"hover:entity-accent entity-underline inline cursor-pointer align-baseline\"><span class=\"whitespace-normal\">Chanel<\/span><\/span><\/strong>.<\/p>\n<p data-start=\"1214\" data-end=\"1394\">Ce mod\u00e8le moderne datant de <strong data-start=\"1242\" data-end=\"1250\">2023<\/strong> illustre parfaitement l\u2019esth\u00e9tique embl\u00e9matique de <a href=\"https:\/\/thevintagetraveler.com\/authentification-sac-chanel\/\">Chanel<\/a> : des bijoux sophistiqu\u00e9s, lumineux et faciles \u00e0 porter au quotidien comme en soir\u00e9e.<\/p>\n<hr data-start=\"1396\" data-end=\"1399\" \/>\n<h2 data-section-id=\"174v6du\" data-start=\"1401\" data-end=\"1439\">Un bijou Chanel \u00e9l\u00e9gant et lumineux<\/h2>\n<p data-start=\"1441\" data-end=\"1546\">Le contraste entre le <strong data-start=\"1463\" data-end=\"1477\">m\u00e9tal dor\u00e9<\/strong> et la <strong data-start=\"1484\" data-end=\"1510\">pierre strass centrale<\/strong> apporte une touche d\u2019\u00e9clat subtile.<\/p>\n<p data-start=\"1548\" data-end=\"1580\">Ces boucles d\u2019oreilles offrent :<\/p>\n<ul data-start=\"1582\" data-end=\"1766\">\n<li data-section-id=\"r9mefz\" data-start=\"1582\" data-end=\"1617\">\n<p data-start=\"1584\" data-end=\"1617\">Un design \u00e9l\u00e9gant et intemporel<\/p>\n<\/li>\n<li data-section-id=\"k5xkzw\" data-start=\"1618\" data-end=\"1668\">\n<p data-start=\"1620\" data-end=\"1668\">Une brillance raffin\u00e9e gr\u00e2ce au strass central<\/p>\n<\/li>\n<li data-section-id=\"x8g4me\" data-start=\"1669\" data-end=\"1708\">\n<p data-start=\"1671\" data-end=\"1708\">Une signature Chanel reconnaissable<\/p>\n<\/li>\n<li data-section-id=\"1n5oq4z\" data-start=\"1709\" data-end=\"1766\">\n<p data-start=\"1711\" data-end=\"1766\">Une pi\u00e8ce facile \u00e0 associer avec de nombreuses tenues<\/p>\n<\/li>\n<\/ul>\n<p data-start=\"1768\" data-end=\"1880\">Les bijoux Chanel contemporains restent tr\u00e8s recherch\u00e9s pour leur style iconique et leur qualit\u00e9 de fabrication.<\/p>\n<hr data-start=\"1882\" data-end=\"1885\" \/>\n<h2 data-section-id=\"1p0kmn6\" data-start=\"1887\" data-end=\"1909\">\u00c9tat &amp; authenticit\u00e9<\/h2>\n<ul data-start=\"1911\" data-end=\"2000\">\n<li data-section-id=\"1cns14\" data-start=\"1911\" data-end=\"1940\">\n<p data-start=\"1913\" data-end=\"1940\"><strong data-start=\"1913\" data-end=\"1938\">Tr\u00e8s bon \u00e9tat g\u00e9n\u00e9ral<\/strong><\/p>\n<\/li>\n<li data-section-id=\"mmskcm\" data-start=\"1941\" data-end=\"1974\">\n<p data-start=\"1943\" data-end=\"1974\">Belle brillance du m\u00e9tal dor\u00e9<\/p>\n<\/li>\n<li data-section-id=\"10xy8ed\" data-start=\"1975\" data-end=\"2000\">\n<p data-start=\"1977\" data-end=\"2000\">Pierre strass intacte<\/p>\n<\/li>\n<\/ul>\n<hr data-start=\"2002\" data-end=\"2005\" \/>\n<h2 data-section-id=\"jzf6bh\" data-start=\"2007\" data-end=\"2037\">Caract\u00e9ristiques du produit<\/h2>\n<ul data-start=\"2039\" data-end=\"2324\">\n<li data-section-id=\"18ru1m0\" data-start=\"2039\" data-end=\"2062\">\n<p data-start=\"2041\" data-end=\"2062\"><strong data-start=\"2041\" data-end=\"2053\">Maison :<\/strong> Chanel<\/p>\n<\/li>\n<li data-section-id=\"c8gy9\" data-start=\"2063\" data-end=\"2096\">\n<p data-start=\"2065\" data-end=\"2096\"><strong data-start=\"2065\" data-end=\"2075\">Type :<\/strong> Boucles d\u2019oreilles<\/p>\n<\/li>\n<li data-section-id=\"z92kcx\" data-start=\"2097\" data-end=\"2125\">\n<p data-start=\"2099\" data-end=\"2125\"><strong data-start=\"2099\" data-end=\"2112\">Mati\u00e8re :<\/strong> M\u00e9tal dor\u00e9<\/p>\n<\/li>\n<li data-section-id=\"1nyixze\" data-start=\"2126\" data-end=\"2164\">\n<p data-start=\"2128\" data-end=\"2164\"><strong data-start=\"2128\" data-end=\"2139\">D\u00e9cor :<\/strong> Pierre strass centrale<\/p>\n<\/li>\n<li data-section-id=\"59qtjw\" data-start=\"2165\" data-end=\"2185\">\n<p data-start=\"2167\" data-end=\"2185\"><strong data-start=\"2167\" data-end=\"2178\">Ann\u00e9e :<\/strong> 2023<\/p>\n<\/li>\n<li data-section-id=\"13gdavg\" data-start=\"2186\" data-end=\"2214\">\n<p data-start=\"2188\" data-end=\"2214\"><strong data-start=\"2188\" data-end=\"2198\">\u00c9tat :<\/strong> Tr\u00e8s bon \u00e9tat<\/p>\n<\/li>\n<li data-section-id=\"6m5m70\" data-start=\"2215\" data-end=\"2265\">\n<p data-start=\"2217\" data-end=\"2265\"><strong data-start=\"2217\" data-end=\"2228\">Usage :<\/strong> Bijou de mode \u00b7 Accessoire \u00e9l\u00e9gant<\/p>\n<\/li>\n<li data-section-id=\"1vltg8x\" data-start=\"2266\" data-end=\"2324\">\n<p data-start=\"2268\" data-end=\"2324\"><strong data-start=\"2268\" data-end=\"2290\">Authentification :<\/strong> Certifi\u00e9 par TheVintageTraveler<\/p>\n<\/li>\n<\/ul>\n<hr data-start=\"2326\" data-end=\"2329\" \/>\n<h2 data-section-id=\"1thbo1m\" data-start=\"2331\" data-end=\"2391\">Pourquoi ces boucles d\u2019oreilles Chanel sont recherch\u00e9es ?<\/h2>\n<p data-start=\"2393\" data-end=\"2489\">\u2714 Bijou Chanel moderne<br data-start=\"2415\" data-end=\"2418\" \/>\u2714 M\u00e9tal dor\u00e9 \u00e9l\u00e9gant<br data-start=\"2438\" data-end=\"2441\" \/>\u2714 Pierre strass lumineuse<br data-start=\"2466\" data-end=\"2469\" \/>\u2714 Style intemporel<\/p>\n<p data-start=\"2491\" data-end=\"2597\">Les <strong data-start=\"2495\" data-end=\"2512\">bijoux Chanel<\/strong> continuent d\u2019\u00eatre des accessoires incontournables pour compl\u00e9ter une tenue \u00e9l\u00e9gante.<\/p>\n<hr data-start=\"2599\" data-end=\"2602\" \/>\n<h2 data-section-id=\"xss2le\" data-start=\"2604\" data-end=\"2638\">Un bijou Chanel facile \u00e0 porter<\/h2>\n<p data-start=\"2640\" data-end=\"2699\">Ces <strong data-start=\"2644\" data-end=\"2692\">boucles d\u2019oreilles Chanel dor\u00e9es avec strass<\/strong> sont :<\/p>\n<ul data-start=\"2701\" data-end=\"2836\">\n<li data-section-id=\"1yb51u5\" data-start=\"2701\" data-end=\"2735\">\n<p data-start=\"2703\" data-end=\"2735\">Un accessoire chic et lumineux<\/p>\n<\/li>\n<li data-section-id=\"wnvmre\" data-start=\"2736\" data-end=\"2778\">\n<p data-start=\"2738\" data-end=\"2778\">Un bijou signature de la maison Chanel<\/p>\n<\/li>\n<li data-section-id=\"1sk95us\" data-start=\"2779\" data-end=\"2836\">\n<p data-start=\"2781\" data-end=\"2836\">Une pi\u00e8ce \u00e9l\u00e9gante \u00e0 porter au quotidien ou en soir\u00e9e<\/p>\n<\/li>\n<\/ul>\n<p>Suivez &#8211; nous sur <a href=\"https:\/\/www.facebook.com\/TheVintageTravelerFR\">Facebook<\/a> et <a href=\"https:\/\/www.instagram.com\/the_vintagetraveler\/?igsh=aXdsbDJkdnpwZjcx#\">Instagram<\/a><\/p>\n","protected":false},"excerpt":{"rendered":"<p data-start=\"785\" data-end=\"974\">Boucles d\u2019oreilles Chanel en m\u00e9tal dor\u00e9 avec pierre strass centrale. Mod\u00e8le \u00e9l\u00e9gant datant de 2023.<\/p>\n","protected":false},"featured_media":8254,"template":"","meta":[],"product_brand":[],"product_cat":[302,124,274],"product_tag":[166,287],"class_list":{"0":"post-8251","1":"product","2":"type-product","3":"status-publish","4":"has-post-thumbnail","6":"product_cat-jewelry","7":"product_cat-chanel-bijoux","8":"product_cat-news","9":"product_tag-bijouxchanel","10":"product_tag-chanel","12":"first","13":"outofstock","14":"sold-individually","15":"shipping-taxable","16":"product-type-simple"},"yoast_head":"<!-- This site is optimized with the Yoast SEO plugin v27.1.1 - https:\/\/yoast.com\/product\/yoast-seo-wordpress\/ -->\n<title>Boucles d\u2019Oreilles Dor\u00e9es | Chanel Strass<\/title>\n<meta name=\"description\" content=\"Boucles d\u2019oreilles Chanel en m\u00e9tal dor\u00e9 avec pierre strass centrale. Mod\u00e8le r\u00e9cent 2023.\" \/>\n<meta name=\"robots\" content=\"index, follow, max-snippet:-1, max-image-preview:large, max-video-preview:-1\" \/>\n<link rel=\"canonical\" href=\"https:\/\/thevintagetraveler.com\/en\/produit\/boucles-doreilles-dorees-chanel-strass\/\" \/>\n<meta property=\"og:locale\" content=\"en_US\" \/>\n<meta property=\"og:type\" content=\"article\" \/>\n<meta property=\"og:title\" content=\"Boucles d\u2019Oreilles Dor\u00e9es | Chanel Strass\" \/>\n<meta property=\"og:description\" content=\"Boucles d\u2019oreilles Chanel en m\u00e9tal dor\u00e9 avec pierre strass centrale. Mod\u00e8le r\u00e9cent 2023.\" \/>\n<meta property=\"og:url\" content=\"https:\/\/thevintagetraveler.com\/en\/produit\/boucles-doreilles-dorees-chanel-strass\/\" \/>\n<meta property=\"og:site_name\" content=\"TheVintageTraveler\" \/>\n<meta property=\"article:publisher\" content=\"https:\/\/www.facebook.com\/TheVintageTravelerFR\/\" \/>\n<meta property=\"article:modified_time\" content=\"2026-04-27T11:31:01+00:00\" \/>\n<meta property=\"og:image\" content=\"https:\/\/thevintagetraveler.com\/wp-content\/uploads\/2026\/03\/image00020.jpeg\" \/>\n\t<meta property=\"og:image:width\" content=\"1800\" \/>\n\t<meta property=\"og:image:height\" content=\"2400\" \/>\n\t<meta property=\"og:image:type\" content=\"image\/jpeg\" \/>\n<meta name=\"twitter:card\" content=\"summary_large_image\" \/>\n<meta name=\"twitter:label1\" content=\"Est. reading time\" \/>\n\t<meta name=\"twitter:data1\" content=\"2 minutes\" \/>\n<script type=\"application\/ld+json\" class=\"yoast-schema-graph\">{\"@context\":\"https:\/\/schema.org\",\"@graph\":[{\"@type\":\"WebPage\",\"@id\":\"https:\/\/thevintagetraveler.com\/en\/produit\/boucles-doreilles-dorees-chanel-strass\/\",\"url\":\"https:\/\/thevintagetraveler.com\/en\/produit\/boucles-doreilles-dorees-chanel-strass\/\",\"name\":\"Boucles d\u2019Oreilles Dor\u00e9es | Chanel Strass\",\"isPartOf\":{\"@id\":\"https:\/\/thevintagetraveler.com\/en\/#website\"},\"primaryImageOfPage\":{\"@id\":\"https:\/\/thevintagetraveler.com\/en\/produit\/boucles-doreilles-dorees-chanel-strass\/#primaryimage\"},\"image\":{\"@id\":\"https:\/\/thevintagetraveler.com\/en\/produit\/boucles-doreilles-dorees-chanel-strass\/#primaryimage\"},\"thumbnailUrl\":\"https:\/\/thevintagetraveler.com\/wp-content\/uploads\/2026\/03\/image00020.jpeg\",\"datePublished\":\"2024-03-13T16:47:44+00:00\",\"dateModified\":\"2026-04-27T11:31:01+00:00\",\"description\":\"Boucles d\u2019oreilles Chanel en m\u00e9tal dor\u00e9 avec pierre strass centrale. Mod\u00e8le r\u00e9cent 2023.\",\"breadcrumb\":{\"@id\":\"https:\/\/thevintagetraveler.com\/en\/produit\/boucles-doreilles-dorees-chanel-strass\/#breadcrumb\"},\"inLanguage\":\"en-US\",\"potentialAction\":[{\"@type\":\"ReadAction\",\"target\":[\"https:\/\/thevintagetraveler.com\/en\/produit\/boucles-doreilles-dorees-chanel-strass\/\"]}]},{\"@type\":\"ImageObject\",\"inLanguage\":\"en-US\",\"@id\":\"https:\/\/thevintagetraveler.com\/en\/produit\/boucles-doreilles-dorees-chanel-strass\/#primaryimage\",\"url\":\"https:\/\/thevintagetraveler.com\/wp-content\/uploads\/2026\/03\/image00020.jpeg\",\"contentUrl\":\"https:\/\/thevintagetraveler.com\/wp-content\/uploads\/2026\/03\/image00020.jpeg\",\"width\":1800,\"height\":2400,\"caption\":\"boucles d\u2019oreilles Chanel dor\u00e9es strass\"},{\"@type\":\"BreadcrumbList\",\"@id\":\"https:\/\/thevintagetraveler.com\/en\/produit\/boucles-doreilles-dorees-chanel-strass\/#breadcrumb\",\"itemListElement\":[{\"@type\":\"ListItem\",\"position\":1,\"name\":\"Accueil\",\"item\":\"https:\/\/thevintagetraveler.com\/en\/\"},{\"@type\":\"ListItem\",\"position\":2,\"name\":\"Shop\",\"item\":\"https:\/\/thevintagetraveler.com\/shop\/\"},{\"@type\":\"ListItem\",\"position\":3,\"name\":\"Boucles d&rsquo;oreilles Chanel M\u00e9tal Dor\u00e9 Strass\"}]},{\"@type\":\"WebSite\",\"@id\":\"https:\/\/thevintagetraveler.com\/en\/#website\",\"url\":\"https:\/\/thevintagetraveler.com\/en\/\",\"name\":\"TheVintageTraveler\",\"description\":\"Luxury experts in Louis Vuitton, Chanel &amp; Herm\u00e8s\",\"publisher\":{\"@id\":\"https:\/\/thevintagetraveler.com\/en\/#organization\"},\"potentialAction\":[{\"@type\":\"SearchAction\",\"target\":{\"@type\":\"EntryPoint\",\"urlTemplate\":\"https:\/\/thevintagetraveler.com\/en\/?s={search_term_string}\"},\"query-input\":{\"@type\":\"PropertyValueSpecification\",\"valueRequired\":true,\"valueName\":\"search_term_string\"}}],\"inLanguage\":\"en-US\"},{\"@type\":\"Organization\",\"@id\":\"https:\/\/thevintagetraveler.com\/en\/#organization\",\"name\":\"TheVintageTraveler\",\"url\":\"https:\/\/thevintagetraveler.com\/en\/\",\"logo\":{\"@type\":\"ImageObject\",\"inLanguage\":\"en-US\",\"@id\":\"https:\/\/thevintagetraveler.com\/en\/#\/schema\/logo\/image\/\",\"url\":\"https:\/\/thevintagetraveler.com\/wp-content\/uploads\/2025\/04\/LOGO-THE-VINTAGE-TRAVELER-FINAL-e1745392697678.png\",\"contentUrl\":\"https:\/\/thevintagetraveler.com\/wp-content\/uploads\/2025\/04\/LOGO-THE-VINTAGE-TRAVELER-FINAL-e1745392697678.png\",\"width\":798,\"height\":318,\"caption\":\"TheVintageTraveler\"},\"image\":{\"@id\":\"https:\/\/thevintagetraveler.com\/en\/#\/schema\/logo\/image\/\"},\"sameAs\":[\"https:\/\/www.facebook.com\/TheVintageTravelerFR\/\",\"https:\/\/www.instagram.com\/the_vintagetraveler\"]}]}<\/script>\n<!-- \/ Yoast SEO plugin. -->","yoast_head_json":{"title":"Boucles d\u2019Oreilles Dor\u00e9es | Chanel Strass","description":"Boucles d\u2019oreilles Chanel en m\u00e9tal dor\u00e9 avec pierre strass centrale. Mod\u00e8le r\u00e9cent 2023.","robots":{"index":"index","follow":"follow","max-snippet":"max-snippet:-1","max-image-preview":"max-image-preview:large","max-video-preview":"max-video-preview:-1"},"canonical":"https:\/\/thevintagetraveler.com\/en\/produit\/boucles-doreilles-dorees-chanel-strass\/","og_locale":"en_US","og_type":"article","og_title":"Boucles d\u2019Oreilles Dor\u00e9es | Chanel Strass","og_description":"Boucles d\u2019oreilles Chanel en m\u00e9tal dor\u00e9 avec pierre strass centrale. Mod\u00e8le r\u00e9cent 2023.","og_url":"https:\/\/thevintagetraveler.com\/en\/produit\/boucles-doreilles-dorees-chanel-strass\/","og_site_name":"TheVintageTraveler","article_publisher":"https:\/\/www.facebook.com\/TheVintageTravelerFR\/","article_modified_time":"2026-04-27T11:31:01+00:00","og_image":[{"width":1800,"height":2400,"url":"https:\/\/thevintagetraveler.com\/wp-content\/uploads\/2026\/03\/image00020.jpeg","type":"image\/jpeg"}],"twitter_card":"summary_large_image","twitter_misc":{"Est. reading time":"2 minutes"},"schema":{"@context":"https:\/\/schema.org","@graph":[{"@type":"WebPage","@id":"https:\/\/thevintagetraveler.com\/en\/produit\/boucles-doreilles-dorees-chanel-strass\/","url":"https:\/\/thevintagetraveler.com\/en\/produit\/boucles-doreilles-dorees-chanel-strass\/","name":"Boucles d\u2019Oreilles Dor\u00e9es | Chanel Strass","isPartOf":{"@id":"https:\/\/thevintagetraveler.com\/en\/#website"},"primaryImageOfPage":{"@id":"https:\/\/thevintagetraveler.com\/en\/produit\/boucles-doreilles-dorees-chanel-strass\/#primaryimage"},"image":{"@id":"https:\/\/thevintagetraveler.com\/en\/produit\/boucles-doreilles-dorees-chanel-strass\/#primaryimage"},"thumbnailUrl":"https:\/\/thevintagetraveler.com\/wp-content\/uploads\/2026\/03\/image00020.jpeg","datePublished":"2024-03-13T16:47:44+00:00","dateModified":"2026-04-27T11:31:01+00:00","description":"Boucles d\u2019oreilles Chanel en m\u00e9tal dor\u00e9 avec pierre strass centrale. Mod\u00e8le r\u00e9cent 2023.","breadcrumb":{"@id":"https:\/\/thevintagetraveler.com\/en\/produit\/boucles-doreilles-dorees-chanel-strass\/#breadcrumb"},"inLanguage":"en-US","potentialAction":[{"@type":"ReadAction","target":["https:\/\/thevintagetraveler.com\/en\/produit\/boucles-doreilles-dorees-chanel-strass\/"]}]},{"@type":"ImageObject","inLanguage":"en-US","@id":"https:\/\/thevintagetraveler.com\/en\/produit\/boucles-doreilles-dorees-chanel-strass\/#primaryimage","url":"https:\/\/thevintagetraveler.com\/wp-content\/uploads\/2026\/03\/image00020.jpeg","contentUrl":"https:\/\/thevintagetraveler.com\/wp-content\/uploads\/2026\/03\/image00020.jpeg","width":1800,"height":2400,"caption":"boucles d\u2019oreilles Chanel dor\u00e9es strass"},{"@type":"BreadcrumbList","@id":"https:\/\/thevintagetraveler.com\/en\/produit\/boucles-doreilles-dorees-chanel-strass\/#breadcrumb","itemListElement":[{"@type":"ListItem","position":1,"name":"Accueil","item":"https:\/\/thevintagetraveler.com\/en\/"},{"@type":"ListItem","position":2,"name":"Shop","item":"https:\/\/thevintagetraveler.com\/shop\/"},{"@type":"ListItem","position":3,"name":"Boucles d&rsquo;oreilles Chanel M\u00e9tal Dor\u00e9 Strass"}]},{"@type":"WebSite","@id":"https:\/\/thevintagetraveler.com\/en\/#website","url":"https:\/\/thevintagetraveler.com\/en\/","name":"TheVintageTraveler","description":"Luxury experts in Louis Vuitton, Chanel &amp; Herm\u00e8s","publisher":{"@id":"https:\/\/thevintagetraveler.com\/en\/#organization"},"potentialAction":[{"@type":"SearchAction","target":{"@type":"EntryPoint","urlTemplate":"https:\/\/thevintagetraveler.com\/en\/?s={search_term_string}"},"query-input":{"@type":"PropertyValueSpecification","valueRequired":true,"valueName":"search_term_string"}}],"inLanguage":"en-US"},{"@type":"Organization","@id":"https:\/\/thevintagetraveler.com\/en\/#organization","name":"TheVintageTraveler","url":"https:\/\/thevintagetraveler.com\/en\/","logo":{"@type":"ImageObject","inLanguage":"en-US","@id":"https:\/\/thevintagetraveler.com\/en\/#\/schema\/logo\/image\/","url":"https:\/\/thevintagetraveler.com\/wp-content\/uploads\/2025\/04\/LOGO-THE-VINTAGE-TRAVELER-FINAL-e1745392697678.png","contentUrl":"https:\/\/thevintagetraveler.com\/wp-content\/uploads\/2025\/04\/LOGO-THE-VINTAGE-TRAVELER-FINAL-e1745392697678.png","width":798,"height":318,"caption":"TheVintageTraveler"},"image":{"@id":"https:\/\/thevintagetraveler.com\/en\/#\/schema\/logo\/image\/"},"sameAs":["https:\/\/www.facebook.com\/TheVintageTravelerFR\/","https:\/\/www.instagram.com\/the_vintagetraveler"]}]}},"_links":{"self":[{"href":"https:\/\/thevintagetraveler.com\/en\/wp-json\/wp\/v2\/product\/8251","targetHints":{"allow":["GET"]}}],"collection":[{"href":"https:\/\/thevintagetraveler.com\/en\/wp-json\/wp\/v2\/product"}],"about":[{"href":"https:\/\/thevintagetraveler.com\/en\/wp-json\/wp\/v2\/types\/product"}],"wp:featuredmedia":[{"embeddable":true,"href":"https:\/\/thevintagetraveler.com\/en\/wp-json\/wp\/v2\/media\/8254"}],"wp:attachment":[{"href":"https:\/\/thevintagetraveler.com\/en\/wp-json\/wp\/v2\/media?parent=8251"}],"wp:term":[{"taxonomy":"product_brand","embeddable":true,"href":"https:\/\/thevintagetraveler.com\/en\/wp-json\/wp\/v2\/product_brand?post=8251"},{"taxonomy":"product_cat","embeddable":true,"href":"https:\/\/thevintagetraveler.com\/en\/wp-json\/wp\/v2\/product_cat?post=8251"},{"taxonomy":"product_tag","embeddable":true,"href":"https:\/\/thevintagetraveler.com\/en\/wp-json\/wp\/v2\/product_tag?post=8251"}],"curies":[{"name":"wp","href":"https:\/\/api.w.org\/{rel}","templated":true}]}}