{"id":8257,"date":"2026-03-13T18:00:36","date_gmt":"2026-03-13T17:00:36","guid":{"rendered":"https:\/\/thevintagetraveler.com\/?post_type=product&#038;p=8257"},"modified":"2026-03-13T18:10:32","modified_gmt":"2026-03-13T17:10:32","slug":"boucles-oreilles-chanel-etoile-comete-dore-2024","status":"publish","type":"product","link":"https:\/\/thevintagetraveler.com\/en\/produit\/boucles-oreilles-chanel-etoile-comete-dore-2024\/","title":{"rendered":"Boucles d&#8217;oreilles Chanel Etoile &#038; Com\u00e8te"},"content":{"rendered":"<h2 data-section-id=\"1jxq95t\" data-start=\"910\" data-end=\"967\">Boucles d\u2019Oreilles Chanel \u2013 M\u00e9tal Dor\u00e9 \u00c9toile &amp; Com\u00e8te<\/h2>\n<p data-start=\"969\" data-end=\"1172\">Ces <strong data-start=\"973\" data-end=\"1016\">boucles d\u2019oreilles Chanel en m\u00e9tal dor\u00e9<\/strong>, au design <strong data-start=\"1028\" data-end=\"1046\">bomb\u00e9 et sigl\u00e9<\/strong>, sont orn\u00e9es d\u2019un d\u00e9cor <strong data-start=\"1071\" data-end=\"1091\">\u00e9toile et com\u00e8te<\/strong>, motifs embl\u00e9matiques de l\u2019univers de <strong data-start=\"1130\" data-end=\"1171\"><span class=\"hover:entity-accent entity-underline inline cursor-pointer align-baseline\"><span class=\"whitespace-normal\">Chanel<\/span><\/span><\/strong>.<\/p>\n<p data-start=\"1174\" data-end=\"1370\">Datant de <strong data-start=\"1184\" data-end=\"1192\">2024<\/strong>, ce mod\u00e8le illustre parfaitement l\u2019esth\u00e9tique \u00e9l\u00e9gante et c\u00e9leste souvent utilis\u00e9e dans les collections <a href=\"https:\/\/thevintagetraveler.com\/prix-des-sacs-de-luxe-en-2026-hermes-chanel-et-louis-vuitton\/\">Chanel<\/a>, inspir\u00e9e par la fascination de Gabrielle Chanel pour les \u00e9toiles.<\/p>\n<hr data-start=\"1372\" data-end=\"1375\" \/>\n<h2 data-section-id=\"16yzwfi\" data-start=\"1377\" data-end=\"1421\">Un motif embl\u00e9matique de la maison Chanel<\/h2>\n<p data-start=\"1423\" data-end=\"1500\">Le th\u00e8me <strong data-start=\"1432\" data-end=\"1452\">\u00e9toile et com\u00e8te<\/strong> est profond\u00e9ment li\u00e9 \u00e0 l\u2019histoire de la maison.<\/p>\n<p data-start=\"1502\" data-end=\"1537\">Ces boucles d\u2019oreilles pr\u00e9sentent :<\/p>\n<ul data-start=\"1539\" data-end=\"1704\">\n<li data-section-id=\"qq2aou\" data-start=\"1539\" data-end=\"1572\">\n<p data-start=\"1541\" data-end=\"1572\">Une <strong data-start=\"1545\" data-end=\"1570\">forme bomb\u00e9e \u00e9l\u00e9gante<\/strong><\/p>\n<\/li>\n<li data-section-id=\"1eir572\" data-start=\"1573\" data-end=\"1617\">\n<p data-start=\"1575\" data-end=\"1617\">Un <strong data-start=\"1578\" data-end=\"1615\">d\u00e9cor \u00e9toile et com\u00e8te distinctif<\/strong><\/p>\n<\/li>\n<li data-section-id=\"1br5db2\" data-start=\"1618\" data-end=\"1667\">\n<p data-start=\"1620\" data-end=\"1667\">Une <strong data-start=\"1624\" data-end=\"1665\">signature Chanel subtilement int\u00e9gr\u00e9e<\/strong><\/p>\n<\/li>\n<li data-section-id=\"6uf9l0\" data-start=\"1668\" data-end=\"1704\">\n<p data-start=\"1670\" data-end=\"1704\">Un design moderne et sophistiqu\u00e9<\/p>\n<\/li>\n<\/ul>\n<p data-start=\"1706\" data-end=\"1829\">Les bijoux Chanel inspir\u00e9s des <strong data-start=\"1737\" data-end=\"1756\">motifs c\u00e9lestes<\/strong> sont particuli\u00e8rement appr\u00e9ci\u00e9s pour leur symbolique et leur esth\u00e9tique.<\/p>\n<hr data-start=\"1831\" data-end=\"1834\" \/>\n<h2 data-section-id=\"100b51h\" data-start=\"1836\" data-end=\"1881\">M\u00e9tal dor\u00e9 lumineux et design contemporain<\/h2>\n<p data-start=\"1883\" data-end=\"1910\">Le <strong data-start=\"1886\" data-end=\"1900\">m\u00e9tal dor\u00e9<\/strong> apporte :<\/p>\n<ul data-start=\"1912\" data-end=\"2000\">\n<li data-section-id=\"sol7oz\" data-start=\"1912\" data-end=\"1938\">\n<p data-start=\"1914\" data-end=\"1938\">Une brillance \u00e9l\u00e9gante<\/p>\n<\/li>\n<li data-section-id=\"157364c\" data-start=\"1939\" data-end=\"1976\">\n<p data-start=\"1941\" data-end=\"1976\">Une grande facilit\u00e9 d\u2019association<\/p>\n<\/li>\n<li data-section-id=\"1q7wa6z\" data-start=\"1977\" data-end=\"2000\">\n<p data-start=\"1979\" data-end=\"2000\">Un style intemporel<\/p>\n<\/li>\n<\/ul>\n<p data-start=\"2002\" data-end=\"2077\">La forme bomb\u00e9e donne du relief au bijou et capte la lumi\u00e8re avec \u00e9l\u00e9gance.<\/p>\n<hr data-start=\"2079\" data-end=\"2082\" \/>\n<h2 data-section-id=\"1p0kmn6\" data-start=\"2084\" data-end=\"2106\">\u00c9tat &amp; authenticit\u00e9<\/h2>\n<ul data-start=\"2108\" data-end=\"2193\">\n<li data-section-id=\"1cns14\" data-start=\"2108\" data-end=\"2137\">\n<p data-start=\"2110\" data-end=\"2137\"><strong data-start=\"2110\" data-end=\"2135\">Tr\u00e8s bon \u00e9tat g\u00e9n\u00e9ral<\/strong><\/p>\n<\/li>\n<li data-section-id=\"dbk06\" data-start=\"2138\" data-end=\"2158\">\n<p data-start=\"2140\" data-end=\"2158\">Dorure lumineuse<\/p>\n<\/li>\n<li data-section-id=\"1h1rqsi\" data-start=\"2159\" data-end=\"2193\">\n<p data-start=\"2161\" data-end=\"2193\">D\u00e9tails parfaitement conserv\u00e9s<\/p>\n<\/li>\n<\/ul>\n<hr data-start=\"2195\" data-end=\"2198\" \/>\n<h2 data-section-id=\"jzf6bh\" data-start=\"2200\" data-end=\"2230\">Caract\u00e9ristiques du produit<\/h2>\n<ul data-start=\"2232\" data-end=\"2511\">\n<li data-section-id=\"18ru1m0\" data-start=\"2232\" data-end=\"2255\">\n<p data-start=\"2234\" data-end=\"2255\"><strong data-start=\"2234\" data-end=\"2246\">Maison :<\/strong> Chanel<\/p>\n<\/li>\n<li data-section-id=\"c8gy9\" data-start=\"2256\" data-end=\"2289\">\n<p data-start=\"2258\" data-end=\"2289\"><strong data-start=\"2258\" data-end=\"2268\">Type :<\/strong> Boucles d\u2019oreilles<\/p>\n<\/li>\n<li data-section-id=\"z92kcx\" data-start=\"2290\" data-end=\"2318\">\n<p data-start=\"2292\" data-end=\"2318\"><strong data-start=\"2292\" data-end=\"2305\">Mati\u00e8re :<\/strong> M\u00e9tal dor\u00e9<\/p>\n<\/li>\n<li data-section-id=\"18sehp6\" data-start=\"2319\" data-end=\"2351\">\n<p data-start=\"2321\" data-end=\"2351\"><strong data-start=\"2321\" data-end=\"2332\">D\u00e9cor :<\/strong> \u00c9toile et com\u00e8te<\/p>\n<\/li>\n<li data-section-id=\"59qr2z\" data-start=\"2352\" data-end=\"2372\">\n<p data-start=\"2354\" data-end=\"2372\"><strong data-start=\"2354\" data-end=\"2365\">Ann\u00e9e :<\/strong> 2024<\/p>\n<\/li>\n<li data-section-id=\"13gdavg\" data-start=\"2373\" data-end=\"2401\">\n<p data-start=\"2375\" data-end=\"2401\"><strong data-start=\"2375\" data-end=\"2385\">\u00c9tat :<\/strong> Tr\u00e8s bon \u00e9tat<\/p>\n<\/li>\n<li data-section-id=\"6m5m70\" data-start=\"2402\" data-end=\"2452\">\n<p data-start=\"2404\" data-end=\"2452\"><strong data-start=\"2404\" data-end=\"2415\">Usage :<\/strong> Bijou de mode \u00b7 Accessoire \u00e9l\u00e9gant<\/p>\n<\/li>\n<li data-section-id=\"1vltg8x\" data-start=\"2453\" data-end=\"2511\">\n<p data-start=\"2455\" data-end=\"2511\"><strong data-start=\"2455\" data-end=\"2477\">Authentification :<\/strong> Certifi\u00e9 par TheVintageTraveler<\/p>\n<\/li>\n<\/ul>\n<hr data-start=\"2513\" data-end=\"2516\" \/>\n<h2 data-section-id=\"1thbo1m\" data-start=\"2518\" data-end=\"2578\">Pourquoi ces boucles d\u2019oreilles Chanel sont recherch\u00e9es ?<\/h2>\n<p data-start=\"2580\" data-end=\"2679\">\u2714 Motif c\u00e9leste iconique<br data-start=\"2604\" data-end=\"2607\" \/>\u2714 M\u00e9tal dor\u00e9 \u00e9l\u00e9gant<br data-start=\"2627\" data-end=\"2630\" \/>\u2714 Design bomb\u00e9 moderne<br data-start=\"2652\" data-end=\"2655\" \/>\u2714 Pi\u00e8ce Chanel r\u00e9cente<\/p>\n<p data-start=\"2681\" data-end=\"2819\">Les <strong data-start=\"2685\" data-end=\"2734\">bijoux Chanel inspir\u00e9s des \u00e9toiles et com\u00e8tes<\/strong> sont r\u00e9guli\u00e8rement recherch\u00e9s par les amateurs de pi\u00e8ces embl\u00e9matiques de la maison.<\/p>\n<hr data-start=\"2821\" data-end=\"2824\" \/>\n<h2 data-section-id=\"1x6ih7r\" data-start=\"2826\" data-end=\"2866\">Un bijou Chanel \u00e9l\u00e9gant et symbolique<\/h2>\n<p data-start=\"2868\" data-end=\"2936\">Ces <strong data-start=\"2872\" data-end=\"2922\">boucles d\u2019oreilles Chanel \u00e9toile com\u00e8te dor\u00e9es<\/strong> constituent :<\/p>\n<ul data-start=\"2938\" data-end=\"3056\">\n<li data-section-id=\"11gegdz\" data-start=\"2938\" data-end=\"2973\">\n<p data-start=\"2940\" data-end=\"2973\">Un bijou signature de la maison<\/p>\n<\/li>\n<li data-section-id=\"1cwjej4\" data-start=\"2974\" data-end=\"3009\">\n<p data-start=\"2976\" data-end=\"3009\">Une pi\u00e8ce \u00e9l\u00e9gante et lumineuse<\/p>\n<\/li>\n<li data-section-id=\"1uvgec5\" data-start=\"3010\" data-end=\"3056\">\n<p data-start=\"3012\" data-end=\"3056\">Un accessoire chic pour sublimer une tenue<\/p>\n<\/li>\n<\/ul>\n<p>Suivez &#8211; nous sur <a href=\"https:\/\/www.facebook.com\/TheVintageTravelerFR\">Facebook<\/a> et <a href=\"https:\/\/www.instagram.com\/the_vintagetraveler\/?igsh=aXdsbDJkdnpwZjcx#\">Instagram<\/a><\/p>\n","protected":false},"excerpt":{"rendered":"<p data-start=\"785\" data-end=\"974\">Boucles d\u2019oreilles Chanel bomb\u00e9es en m\u00e9tal dor\u00e9 avec d\u00e9cor \u00e9toile et com\u00e8te. Mod\u00e8le signature datant de 2024.<\/p>\n","protected":false},"featured_media":8260,"template":"","meta":[],"product_brand":[],"product_cat":[302,124,274],"product_tag":[166,287],"class_list":{"0":"post-8257","1":"product","2":"type-product","3":"status-publish","4":"has-post-thumbnail","6":"product_cat-jewelry","7":"product_cat-chanel-bijoux","8":"product_cat-news","9":"product_tag-bijouxchanel","10":"product_tag-chanel","12":"first","13":"instock","14":"sold-individually","15":"shipping-taxable","16":"purchasable","17":"product-type-simple"},"yoast_head":"<!-- This site is optimized with the Yoast SEO plugin v27.1.1 - https:\/\/yoast.com\/product\/yoast-seo-wordpress\/ -->\n<title>Boucles d\u2019Oreilles \u00c9toile Com\u00e8te | Chanel<\/title>\n<meta name=\"description\" content=\"Boucles d\u2019oreilles Chanel bomb\u00e9es en m\u00e9tal dor\u00e9 avec d\u00e9cor \u00e9toile et com\u00e8te. Mod\u00e8le \u00e9l\u00e9gant de 2024.\" \/>\n<meta name=\"robots\" content=\"index, follow, max-snippet:-1, max-image-preview:large, max-video-preview:-1\" \/>\n<link rel=\"canonical\" href=\"https:\/\/thevintagetraveler.com\/en\/produit\/boucles-oreilles-chanel-etoile-comete-dore-2024\/\" \/>\n<meta property=\"og:locale\" content=\"en_US\" \/>\n<meta property=\"og:type\" content=\"article\" \/>\n<meta property=\"og:title\" content=\"Boucles d\u2019Oreilles \u00c9toile Com\u00e8te | Chanel\" \/>\n<meta property=\"og:description\" content=\"Boucles d\u2019oreilles Chanel bomb\u00e9es en m\u00e9tal dor\u00e9 avec d\u00e9cor \u00e9toile et com\u00e8te. Mod\u00e8le \u00e9l\u00e9gant de 2024.\" \/>\n<meta property=\"og:url\" content=\"https:\/\/thevintagetraveler.com\/en\/produit\/boucles-oreilles-chanel-etoile-comete-dore-2024\/\" \/>\n<meta property=\"og:site_name\" content=\"TheVintageTraveler\" \/>\n<meta property=\"article:publisher\" content=\"https:\/\/www.facebook.com\/TheVintageTravelerFR\/\" \/>\n<meta property=\"article:modified_time\" content=\"2026-03-13T17:10:32+00:00\" \/>\n<meta property=\"og:image\" content=\"https:\/\/thevintagetraveler.com\/wp-content\/uploads\/2026\/03\/image00014.jpeg\" \/>\n\t<meta property=\"og:image:width\" content=\"1800\" \/>\n\t<meta property=\"og:image:height\" content=\"2400\" \/>\n\t<meta property=\"og:image:type\" content=\"image\/jpeg\" \/>\n<meta name=\"twitter:card\" content=\"summary_large_image\" \/>\n<meta name=\"twitter:label1\" content=\"Est. reading time\" \/>\n\t<meta name=\"twitter:data1\" content=\"2 minutes\" \/>\n<script type=\"application\/ld+json\" class=\"yoast-schema-graph\">{\"@context\":\"https:\/\/schema.org\",\"@graph\":[{\"@type\":\"WebPage\",\"@id\":\"https:\/\/thevintagetraveler.com\/en\/produit\/boucles-oreilles-chanel-etoile-comete-dore-2024\/\",\"url\":\"https:\/\/thevintagetraveler.com\/en\/produit\/boucles-oreilles-chanel-etoile-comete-dore-2024\/\",\"name\":\"Boucles d\u2019Oreilles \u00c9toile Com\u00e8te | Chanel\",\"isPartOf\":{\"@id\":\"https:\/\/thevintagetraveler.com\/en\/#website\"},\"primaryImageOfPage\":{\"@id\":\"https:\/\/thevintagetraveler.com\/en\/produit\/boucles-oreilles-chanel-etoile-comete-dore-2024\/#primaryimage\"},\"image\":{\"@id\":\"https:\/\/thevintagetraveler.com\/en\/produit\/boucles-oreilles-chanel-etoile-comete-dore-2024\/#primaryimage\"},\"thumbnailUrl\":\"https:\/\/thevintagetraveler.com\/wp-content\/uploads\/2026\/03\/image00014.jpeg\",\"datePublished\":\"2026-03-13T17:00:36+00:00\",\"dateModified\":\"2026-03-13T17:10:32+00:00\",\"description\":\"Boucles d\u2019oreilles Chanel bomb\u00e9es en m\u00e9tal dor\u00e9 avec d\u00e9cor \u00e9toile et com\u00e8te. Mod\u00e8le \u00e9l\u00e9gant de 2024.\",\"breadcrumb\":{\"@id\":\"https:\/\/thevintagetraveler.com\/en\/produit\/boucles-oreilles-chanel-etoile-comete-dore-2024\/#breadcrumb\"},\"inLanguage\":\"en-US\",\"potentialAction\":[{\"@type\":\"ReadAction\",\"target\":[\"https:\/\/thevintagetraveler.com\/en\/produit\/boucles-oreilles-chanel-etoile-comete-dore-2024\/\"]}]},{\"@type\":\"ImageObject\",\"inLanguage\":\"en-US\",\"@id\":\"https:\/\/thevintagetraveler.com\/en\/produit\/boucles-oreilles-chanel-etoile-comete-dore-2024\/#primaryimage\",\"url\":\"https:\/\/thevintagetraveler.com\/wp-content\/uploads\/2026\/03\/image00014.jpeg\",\"contentUrl\":\"https:\/\/thevintagetraveler.com\/wp-content\/uploads\/2026\/03\/image00014.jpeg\",\"width\":1800,\"height\":2400,\"caption\":\"boucles d\u2019oreilles Chanel \u00e9toile com\u00e8te dor\u00e9es\"},{\"@type\":\"BreadcrumbList\",\"@id\":\"https:\/\/thevintagetraveler.com\/en\/produit\/boucles-oreilles-chanel-etoile-comete-dore-2024\/#breadcrumb\",\"itemListElement\":[{\"@type\":\"ListItem\",\"position\":1,\"name\":\"Accueil\",\"item\":\"https:\/\/thevintagetraveler.com\/en\/\"},{\"@type\":\"ListItem\",\"position\":2,\"name\":\"Shop\",\"item\":\"https:\/\/thevintagetraveler.com\/shop\/\"},{\"@type\":\"ListItem\",\"position\":3,\"name\":\"Boucles d&rsquo;oreilles Chanel Etoile &#038; Com\u00e8te\"}]},{\"@type\":\"WebSite\",\"@id\":\"https:\/\/thevintagetraveler.com\/en\/#website\",\"url\":\"https:\/\/thevintagetraveler.com\/en\/\",\"name\":\"TheVintageTraveler\",\"description\":\"Luxury experts in Louis Vuitton, Chanel &amp; Herm\u00e8s\",\"publisher\":{\"@id\":\"https:\/\/thevintagetraveler.com\/en\/#organization\"},\"potentialAction\":[{\"@type\":\"SearchAction\",\"target\":{\"@type\":\"EntryPoint\",\"urlTemplate\":\"https:\/\/thevintagetraveler.com\/en\/?s={search_term_string}\"},\"query-input\":{\"@type\":\"PropertyValueSpecification\",\"valueRequired\":true,\"valueName\":\"search_term_string\"}}],\"inLanguage\":\"en-US\"},{\"@type\":\"Organization\",\"@id\":\"https:\/\/thevintagetraveler.com\/en\/#organization\",\"name\":\"TheVintageTraveler\",\"url\":\"https:\/\/thevintagetraveler.com\/en\/\",\"logo\":{\"@type\":\"ImageObject\",\"inLanguage\":\"en-US\",\"@id\":\"https:\/\/thevintagetraveler.com\/en\/#\/schema\/logo\/image\/\",\"url\":\"https:\/\/thevintagetraveler.com\/wp-content\/uploads\/2025\/04\/LOGO-THE-VINTAGE-TRAVELER-FINAL-e1745392697678.png\",\"contentUrl\":\"https:\/\/thevintagetraveler.com\/wp-content\/uploads\/2025\/04\/LOGO-THE-VINTAGE-TRAVELER-FINAL-e1745392697678.png\",\"width\":798,\"height\":318,\"caption\":\"TheVintageTraveler\"},\"image\":{\"@id\":\"https:\/\/thevintagetraveler.com\/en\/#\/schema\/logo\/image\/\"},\"sameAs\":[\"https:\/\/www.facebook.com\/TheVintageTravelerFR\/\",\"https:\/\/www.instagram.com\/the_vintagetraveler\"]}]}<\/script>\n<!-- \/ Yoast SEO plugin. -->","yoast_head_json":{"title":"Boucles d\u2019Oreilles \u00c9toile Com\u00e8te | Chanel","description":"Boucles d\u2019oreilles Chanel bomb\u00e9es en m\u00e9tal dor\u00e9 avec d\u00e9cor \u00e9toile et com\u00e8te. Mod\u00e8le \u00e9l\u00e9gant de 2024.","robots":{"index":"index","follow":"follow","max-snippet":"max-snippet:-1","max-image-preview":"max-image-preview:large","max-video-preview":"max-video-preview:-1"},"canonical":"https:\/\/thevintagetraveler.com\/en\/produit\/boucles-oreilles-chanel-etoile-comete-dore-2024\/","og_locale":"en_US","og_type":"article","og_title":"Boucles d\u2019Oreilles \u00c9toile Com\u00e8te | Chanel","og_description":"Boucles d\u2019oreilles Chanel bomb\u00e9es en m\u00e9tal dor\u00e9 avec d\u00e9cor \u00e9toile et com\u00e8te. Mod\u00e8le \u00e9l\u00e9gant de 2024.","og_url":"https:\/\/thevintagetraveler.com\/en\/produit\/boucles-oreilles-chanel-etoile-comete-dore-2024\/","og_site_name":"TheVintageTraveler","article_publisher":"https:\/\/www.facebook.com\/TheVintageTravelerFR\/","article_modified_time":"2026-03-13T17:10:32+00:00","og_image":[{"width":1800,"height":2400,"url":"https:\/\/thevintagetraveler.com\/wp-content\/uploads\/2026\/03\/image00014.jpeg","type":"image\/jpeg"}],"twitter_card":"summary_large_image","twitter_misc":{"Est. reading time":"2 minutes"},"schema":{"@context":"https:\/\/schema.org","@graph":[{"@type":"WebPage","@id":"https:\/\/thevintagetraveler.com\/en\/produit\/boucles-oreilles-chanel-etoile-comete-dore-2024\/","url":"https:\/\/thevintagetraveler.com\/en\/produit\/boucles-oreilles-chanel-etoile-comete-dore-2024\/","name":"Boucles d\u2019Oreilles \u00c9toile Com\u00e8te | Chanel","isPartOf":{"@id":"https:\/\/thevintagetraveler.com\/en\/#website"},"primaryImageOfPage":{"@id":"https:\/\/thevintagetraveler.com\/en\/produit\/boucles-oreilles-chanel-etoile-comete-dore-2024\/#primaryimage"},"image":{"@id":"https:\/\/thevintagetraveler.com\/en\/produit\/boucles-oreilles-chanel-etoile-comete-dore-2024\/#primaryimage"},"thumbnailUrl":"https:\/\/thevintagetraveler.com\/wp-content\/uploads\/2026\/03\/image00014.jpeg","datePublished":"2026-03-13T17:00:36+00:00","dateModified":"2026-03-13T17:10:32+00:00","description":"Boucles d\u2019oreilles Chanel bomb\u00e9es en m\u00e9tal dor\u00e9 avec d\u00e9cor \u00e9toile et com\u00e8te. Mod\u00e8le \u00e9l\u00e9gant de 2024.","breadcrumb":{"@id":"https:\/\/thevintagetraveler.com\/en\/produit\/boucles-oreilles-chanel-etoile-comete-dore-2024\/#breadcrumb"},"inLanguage":"en-US","potentialAction":[{"@type":"ReadAction","target":["https:\/\/thevintagetraveler.com\/en\/produit\/boucles-oreilles-chanel-etoile-comete-dore-2024\/"]}]},{"@type":"ImageObject","inLanguage":"en-US","@id":"https:\/\/thevintagetraveler.com\/en\/produit\/boucles-oreilles-chanel-etoile-comete-dore-2024\/#primaryimage","url":"https:\/\/thevintagetraveler.com\/wp-content\/uploads\/2026\/03\/image00014.jpeg","contentUrl":"https:\/\/thevintagetraveler.com\/wp-content\/uploads\/2026\/03\/image00014.jpeg","width":1800,"height":2400,"caption":"boucles d\u2019oreilles Chanel \u00e9toile com\u00e8te dor\u00e9es"},{"@type":"BreadcrumbList","@id":"https:\/\/thevintagetraveler.com\/en\/produit\/boucles-oreilles-chanel-etoile-comete-dore-2024\/#breadcrumb","itemListElement":[{"@type":"ListItem","position":1,"name":"Accueil","item":"https:\/\/thevintagetraveler.com\/en\/"},{"@type":"ListItem","position":2,"name":"Shop","item":"https:\/\/thevintagetraveler.com\/shop\/"},{"@type":"ListItem","position":3,"name":"Boucles d&rsquo;oreilles Chanel Etoile &#038; Com\u00e8te"}]},{"@type":"WebSite","@id":"https:\/\/thevintagetraveler.com\/en\/#website","url":"https:\/\/thevintagetraveler.com\/en\/","name":"TheVintageTraveler","description":"Luxury experts in Louis Vuitton, Chanel &amp; Herm\u00e8s","publisher":{"@id":"https:\/\/thevintagetraveler.com\/en\/#organization"},"potentialAction":[{"@type":"SearchAction","target":{"@type":"EntryPoint","urlTemplate":"https:\/\/thevintagetraveler.com\/en\/?s={search_term_string}"},"query-input":{"@type":"PropertyValueSpecification","valueRequired":true,"valueName":"search_term_string"}}],"inLanguage":"en-US"},{"@type":"Organization","@id":"https:\/\/thevintagetraveler.com\/en\/#organization","name":"TheVintageTraveler","url":"https:\/\/thevintagetraveler.com\/en\/","logo":{"@type":"ImageObject","inLanguage":"en-US","@id":"https:\/\/thevintagetraveler.com\/en\/#\/schema\/logo\/image\/","url":"https:\/\/thevintagetraveler.com\/wp-content\/uploads\/2025\/04\/LOGO-THE-VINTAGE-TRAVELER-FINAL-e1745392697678.png","contentUrl":"https:\/\/thevintagetraveler.com\/wp-content\/uploads\/2025\/04\/LOGO-THE-VINTAGE-TRAVELER-FINAL-e1745392697678.png","width":798,"height":318,"caption":"TheVintageTraveler"},"image":{"@id":"https:\/\/thevintagetraveler.com\/en\/#\/schema\/logo\/image\/"},"sameAs":["https:\/\/www.facebook.com\/TheVintageTravelerFR\/","https:\/\/www.instagram.com\/the_vintagetraveler"]}]}},"_links":{"self":[{"href":"https:\/\/thevintagetraveler.com\/en\/wp-json\/wp\/v2\/product\/8257","targetHints":{"allow":["GET"]}}],"collection":[{"href":"https:\/\/thevintagetraveler.com\/en\/wp-json\/wp\/v2\/product"}],"about":[{"href":"https:\/\/thevintagetraveler.com\/en\/wp-json\/wp\/v2\/types\/product"}],"wp:featuredmedia":[{"embeddable":true,"href":"https:\/\/thevintagetraveler.com\/en\/wp-json\/wp\/v2\/media\/8260"}],"wp:attachment":[{"href":"https:\/\/thevintagetraveler.com\/en\/wp-json\/wp\/v2\/media?parent=8257"}],"wp:term":[{"taxonomy":"product_brand","embeddable":true,"href":"https:\/\/thevintagetraveler.com\/en\/wp-json\/wp\/v2\/product_brand?post=8257"},{"taxonomy":"product_cat","embeddable":true,"href":"https:\/\/thevintagetraveler.com\/en\/wp-json\/wp\/v2\/product_cat?post=8257"},{"taxonomy":"product_tag","embeddable":true,"href":"https:\/\/thevintagetraveler.com\/en\/wp-json\/wp\/v2\/product_tag?post=8257"}],"curies":[{"name":"wp","href":"https:\/\/api.w.org\/{rel}","templated":true}]}}