{"id":8274,"date":"2026-03-13T18:19:46","date_gmt":"2026-03-13T17:19:46","guid":{"rendered":"https:\/\/thevintagetraveler.com\/?post_type=product&#038;p=8274"},"modified":"2026-03-13T18:24:17","modified_gmt":"2026-03-13T17:24:17","slug":"boucles-oreilles-chanel-perle-metal-argente-2013","status":"publish","type":"product","link":"https:\/\/thevintagetraveler.com\/en\/produit\/boucles-oreilles-chanel-perle-metal-argente-2013\/","title":{"rendered":"Boucles d&#8217;oreilles Chanel M\u00e9tal Argent\u00e9 &#038; Perle"},"content":{"rendered":"<h2 data-section-id=\"1qqxok7\" data-start=\"906\" data-end=\"958\">Boucles d\u2019Oreilles Chanel \u2013 M\u00e9tal Argent\u00e9 &amp; Perle<\/h2>\n<p data-start=\"960\" data-end=\"1171\">Ces <strong data-start=\"964\" data-end=\"1018\">boucles d\u2019oreilles Chanel sigl\u00e9es en m\u00e9tal argent\u00e9<\/strong>, orn\u00e9es d\u2019une <strong data-start=\"1033\" data-end=\"1059\">petite perle suspendue<\/strong>, incarnent l\u2019\u00e9l\u00e9gance intemporelle et la sophistication de la maison <strong data-start=\"1129\" data-end=\"1170\"><span class=\"hover:entity-accent entity-underline inline cursor-pointer align-baseline\"><span class=\"whitespace-normal\">Chanel<\/span><\/span><\/strong>.<\/p>\n<p data-start=\"1173\" data-end=\"1326\">Datant de <strong data-start=\"1183\" data-end=\"1191\">2013<\/strong>, ce mod\u00e8le associe subtilement la brillance du m\u00e9tal argent\u00e9 \u00e0 la d\u00e9licatesse d\u2019une perle, signature embl\u00e9matique de l\u2019univers <a href=\"https:\/\/thevintagetraveler.com\/prix-des-sacs-de-luxe-en-2026-hermes-chanel-et-louis-vuitton\/\">Chanel<\/a>.<\/p>\n<hr data-start=\"1328\" data-end=\"1331\" \/>\n<h2 data-section-id=\"1vlyfgf\" data-start=\"1333\" data-end=\"1378\">La perle : un symbole de l\u2019\u00e9l\u00e9gance Chanel<\/h2>\n<p data-start=\"1380\" data-end=\"1534\">Les <strong data-start=\"1384\" data-end=\"1450\">perles occupent une place centrale dans l\u2019esth\u00e9tique de Chanel<\/strong>, inspir\u00e9e directement par Gabrielle Chanel qui aimait les int\u00e9grer \u00e0 ses cr\u00e9ations.<\/p>\n<p data-start=\"1536\" data-end=\"1571\">Ces boucles d\u2019oreilles pr\u00e9sentent :<\/p>\n<ul data-start=\"1573\" data-end=\"1729\">\n<li data-section-id=\"1j2kx56\" data-start=\"1573\" data-end=\"1610\">\n<p data-start=\"1575\" data-end=\"1610\">Une <strong data-start=\"1579\" data-end=\"1608\">signature Chanel \u00e9l\u00e9gante<\/strong><\/p>\n<\/li>\n<li data-section-id=\"2h3j5s\" data-start=\"1611\" data-end=\"1654\">\n<p data-start=\"1613\" data-end=\"1654\">Une <strong data-start=\"1617\" data-end=\"1652\">petite perle d\u00e9licate suspendue<\/strong><\/p>\n<\/li>\n<li data-section-id=\"1dsxo6m\" data-start=\"1655\" data-end=\"1687\">\n<p data-start=\"1657\" data-end=\"1687\">Un design chic et intemporel<\/p>\n<\/li>\n<li data-section-id=\"1ke9dye\" data-start=\"1688\" data-end=\"1729\">\n<p data-start=\"1690\" data-end=\"1729\">Un bijou facile \u00e0 porter au quotidien<\/p>\n<\/li>\n<\/ul>\n<p data-start=\"1731\" data-end=\"1839\">Les <strong data-start=\"1735\" data-end=\"1764\">bijoux Chanel avec perles<\/strong> sont particuli\u00e8rement recherch\u00e9s pour leur style classique et sophistiqu\u00e9.<\/p>\n<hr data-start=\"1841\" data-end=\"1844\" \/>\n<h2 data-section-id=\"1bik8dq\" data-start=\"1846\" data-end=\"1884\">Un bijou \u00e9l\u00e9gant et facile \u00e0 porter<\/h2>\n<p data-start=\"1886\" data-end=\"1947\">Le <strong data-start=\"1889\" data-end=\"1906\">m\u00e9tal argent\u00e9<\/strong> apporte une touche moderne et lumineuse.<\/p>\n<p data-start=\"1949\" data-end=\"1976\">Ce bijou se distingue par :<\/p>\n<ul data-start=\"1978\" data-end=\"2073\">\n<li data-section-id=\"hto9hd\" data-start=\"1978\" data-end=\"2008\">\n<p data-start=\"1980\" data-end=\"2008\">Une esth\u00e9tique minimaliste<\/p>\n<\/li>\n<li data-section-id=\"orq7gi\" data-start=\"2009\" data-end=\"2034\">\n<p data-start=\"2011\" data-end=\"2034\">Une \u00e9l\u00e9gance discr\u00e8te<\/p>\n<\/li>\n<li data-section-id=\"1ropshx\" data-start=\"2035\" data-end=\"2073\">\n<p data-start=\"2037\" data-end=\"2073\">Une grande polyvalence stylistique<\/p>\n<\/li>\n<\/ul>\n<p data-start=\"2075\" data-end=\"2178\">Ces boucles d\u2019oreilles peuvent aussi bien accompagner une tenue quotidienne qu\u2019une tenue plus habill\u00e9e.<\/p>\n<hr data-start=\"2180\" data-end=\"2183\" \/>\n<h2 data-section-id=\"1p0kmn6\" data-start=\"2185\" data-end=\"2207\">\u00c9tat &amp; authenticit\u00e9<\/h2>\n<ul data-start=\"2209\" data-end=\"2300\">\n<li data-section-id=\"1cns14\" data-start=\"2209\" data-end=\"2238\">\n<p data-start=\"2211\" data-end=\"2238\"><strong data-start=\"2211\" data-end=\"2236\">Tr\u00e8s bon \u00e9tat g\u00e9n\u00e9ral<\/strong><\/p>\n<\/li>\n<li data-section-id=\"cfoaly\" data-start=\"2239\" data-end=\"2267\">\n<p data-start=\"2241\" data-end=\"2267\">Belle brillance du m\u00e9tal<\/p>\n<\/li>\n<li data-section-id=\"18wlqfo\" data-start=\"2268\" data-end=\"2300\">\n<p data-start=\"2270\" data-end=\"2300\">Perle parfaitement conserv\u00e9e<\/p>\n<\/li>\n<\/ul>\n<hr data-start=\"2302\" data-end=\"2305\" \/>\n<h2 data-section-id=\"jzf6bh\" data-start=\"2307\" data-end=\"2337\">Caract\u00e9ristiques du produit<\/h2>\n<ul data-start=\"2339\" data-end=\"2617\">\n<li data-section-id=\"18ru1m0\" data-start=\"2339\" data-end=\"2362\">\n<p data-start=\"2341\" data-end=\"2362\"><strong data-start=\"2341\" data-end=\"2353\">Maison :<\/strong> Chanel<\/p>\n<\/li>\n<li data-section-id=\"c8gy9\" data-start=\"2363\" data-end=\"2396\">\n<p data-start=\"2365\" data-end=\"2396\"><strong data-start=\"2365\" data-end=\"2375\">Type :<\/strong> Boucles d\u2019oreilles<\/p>\n<\/li>\n<li data-section-id=\"n4k28z\" data-start=\"2397\" data-end=\"2428\">\n<p data-start=\"2399\" data-end=\"2428\"><strong data-start=\"2399\" data-end=\"2412\">Mati\u00e8re :<\/strong> M\u00e9tal argent\u00e9<\/p>\n<\/li>\n<li data-section-id=\"esecqe\" data-start=\"2429\" data-end=\"2457\">\n<p data-start=\"2431\" data-end=\"2457\"><strong data-start=\"2431\" data-end=\"2442\">D\u00e9cor :<\/strong> Petite perle<\/p>\n<\/li>\n<li data-section-id=\"59q58f\" data-start=\"2458\" data-end=\"2478\">\n<p data-start=\"2460\" data-end=\"2478\"><strong data-start=\"2460\" data-end=\"2471\">Ann\u00e9e :<\/strong> 2013<\/p>\n<\/li>\n<li data-section-id=\"13gdavg\" data-start=\"2479\" data-end=\"2507\">\n<p data-start=\"2481\" data-end=\"2507\"><strong data-start=\"2481\" data-end=\"2491\">\u00c9tat :<\/strong> Tr\u00e8s bon \u00e9tat<\/p>\n<\/li>\n<li data-section-id=\"6m5m70\" data-start=\"2508\" data-end=\"2558\">\n<p data-start=\"2510\" data-end=\"2558\"><strong data-start=\"2510\" data-end=\"2521\">Usage :<\/strong> Bijou de mode \u00b7 Accessoire \u00e9l\u00e9gant<\/p>\n<\/li>\n<li data-section-id=\"1vltg8x\" data-start=\"2559\" data-end=\"2617\">\n<p data-start=\"2561\" data-end=\"2617\"><strong data-start=\"2561\" data-end=\"2583\">Authentification :<\/strong> Certifi\u00e9 par TheVintageTraveler<\/p>\n<\/li>\n<\/ul>\n<hr data-start=\"2619\" data-end=\"2622\" \/>\n<h2 data-section-id=\"1thbo1m\" data-start=\"2624\" data-end=\"2684\">Pourquoi ces boucles d\u2019oreilles Chanel sont recherch\u00e9es ?<\/h2>\n<p data-start=\"2686\" data-end=\"2810\">\u2714 Bijou Chanel signature<br data-start=\"2710\" data-end=\"2713\" \/>\u2714 Association m\u00e9tal argent\u00e9 et perle<br data-start=\"2749\" data-end=\"2752\" \/>\u2714 Design \u00e9l\u00e9gant et intemporel<br data-start=\"2782\" data-end=\"2785\" \/>\u2714 Pi\u00e8ce facile \u00e0 porter<\/p>\n<p data-start=\"2812\" data-end=\"2908\">Les <strong data-start=\"2816\" data-end=\"2845\">bijoux Chanel avec perles<\/strong> restent parmi les mod\u00e8les les plus embl\u00e9matiques de la maison.<\/p>\n<hr data-start=\"2910\" data-end=\"2913\" \/>\n<h2 data-section-id=\"1xaj9z\" data-start=\"2915\" data-end=\"2944\">Un bijou Chanel intemporel<\/h2>\n<p data-start=\"2946\" data-end=\"3014\">Ces <strong data-start=\"2950\" data-end=\"3000\">boucles d\u2019oreilles Chanel argent\u00e9es avec perle<\/strong> constituent :<\/p>\n<ul data-start=\"3016\" data-end=\"3132\">\n<li data-section-id=\"1v85emj\" data-start=\"3016\" data-end=\"3049\">\n<p data-start=\"3018\" data-end=\"3049\">Un accessoire chic et raffin\u00e9<\/p>\n<\/li>\n<li data-section-id=\"174a00\" data-start=\"3050\" data-end=\"3082\">\n<p data-start=\"3052\" data-end=\"3082\">Un bijou signature de Chanel<\/p>\n<\/li>\n<li data-section-id=\"o0pg2j\" data-start=\"3083\" data-end=\"3132\">\n<p data-start=\"3085\" data-end=\"3132\">Une pi\u00e8ce \u00e9l\u00e9gante \u00e0 porter en toute occasion<\/p>\n<\/li>\n<\/ul>\n<p>Suivez &#8211; nous sur <a href=\"https:\/\/www.facebook.com\/TheVintageTravelerFR\">Facebook<\/a> et <a href=\"https:\/\/www.instagram.com\/the_vintagetraveler\/?igsh=aXdsbDJkdnpwZjcx#\">Instagram<\/a><\/p>\n","protected":false},"excerpt":{"rendered":"<p data-start=\"785\" data-end=\"974\">Boucles d\u2019oreilles Chanel sigl\u00e9es en m\u00e9tal argent\u00e9 retenant une petite perle. Mod\u00e8le \u00e9l\u00e9gant de 2013.<\/p>\n","protected":false},"featured_media":8275,"template":"","meta":[],"product_brand":[],"product_cat":[123,124,140],"product_tag":[166,137],"class_list":{"0":"post-8274","1":"product","2":"type-product","3":"status-publish","4":"has-post-thumbnail","6":"product_cat-bijoux-de-luxe-vintage","7":"product_cat-chanel-bijoux","8":"product_cat-nouveautes","9":"product_tag-bijouxchanel","10":"product_tag-chanel","12":"first","13":"instock","14":"sold-individually","15":"shipping-taxable","16":"purchasable","17":"product-type-simple"},"yoast_head":"<!-- This site is optimized with the Yoast SEO plugin v27.1.1 - https:\/\/yoast.com\/product\/yoast-seo-wordpress\/ -->\n<title>Boucles d\u2019Oreilles Perle Argent | Chanel<\/title>\n<meta name=\"description\" content=\"Boucles d\u2019oreilles Chanel sigl\u00e9es en m\u00e9tal argent\u00e9 avec petite perle. Mod\u00e8le \u00e9l\u00e9gant datant de 2013.\" \/>\n<meta name=\"robots\" content=\"index, follow, max-snippet:-1, max-image-preview:large, max-video-preview:-1\" \/>\n<link rel=\"canonical\" href=\"https:\/\/thevintagetraveler.com\/en\/produit\/boucles-oreilles-chanel-perle-metal-argente-2013\/\" \/>\n<meta property=\"og:locale\" content=\"en_US\" \/>\n<meta property=\"og:type\" content=\"article\" \/>\n<meta property=\"og:title\" content=\"Boucles d\u2019Oreilles Perle Argent | Chanel\" \/>\n<meta property=\"og:description\" content=\"Boucles d\u2019oreilles Chanel sigl\u00e9es en m\u00e9tal argent\u00e9 avec petite perle. Mod\u00e8le \u00e9l\u00e9gant datant de 2013.\" \/>\n<meta property=\"og:url\" content=\"https:\/\/thevintagetraveler.com\/en\/produit\/boucles-oreilles-chanel-perle-metal-argente-2013\/\" \/>\n<meta property=\"og:site_name\" content=\"TheVintageTraveler\" \/>\n<meta property=\"article:publisher\" content=\"https:\/\/www.facebook.com\/TheVintageTravelerFR\/\" \/>\n<meta property=\"article:modified_time\" content=\"2026-03-13T17:24:17+00:00\" \/>\n<meta property=\"og:image\" content=\"https:\/\/thevintagetraveler.com\/wp-content\/uploads\/2026\/03\/image00015.jpeg\" \/>\n\t<meta property=\"og:image:width\" content=\"1800\" \/>\n\t<meta property=\"og:image:height\" content=\"2400\" \/>\n\t<meta property=\"og:image:type\" content=\"image\/jpeg\" \/>\n<meta name=\"twitter:card\" content=\"summary_large_image\" \/>\n<meta name=\"twitter:label1\" content=\"Est. reading time\" \/>\n\t<meta name=\"twitter:data1\" content=\"2 minutes\" \/>\n<script type=\"application\/ld+json\" class=\"yoast-schema-graph\">{\"@context\":\"https:\/\/schema.org\",\"@graph\":[{\"@type\":\"WebPage\",\"@id\":\"https:\/\/thevintagetraveler.com\/en\/produit\/boucles-oreilles-chanel-perle-metal-argente-2013\/\",\"url\":\"https:\/\/thevintagetraveler.com\/en\/produit\/boucles-oreilles-chanel-perle-metal-argente-2013\/\",\"name\":\"Boucles d\u2019Oreilles Perle Argent | Chanel\",\"isPartOf\":{\"@id\":\"https:\/\/thevintagetraveler.com\/en\/#website\"},\"primaryImageOfPage\":{\"@id\":\"https:\/\/thevintagetraveler.com\/en\/produit\/boucles-oreilles-chanel-perle-metal-argente-2013\/#primaryimage\"},\"image\":{\"@id\":\"https:\/\/thevintagetraveler.com\/en\/produit\/boucles-oreilles-chanel-perle-metal-argente-2013\/#primaryimage\"},\"thumbnailUrl\":\"https:\/\/thevintagetraveler.com\/wp-content\/uploads\/2026\/03\/image00015.jpeg\",\"datePublished\":\"2026-03-13T17:19:46+00:00\",\"dateModified\":\"2026-03-13T17:24:17+00:00\",\"description\":\"Boucles d\u2019oreilles Chanel sigl\u00e9es en m\u00e9tal argent\u00e9 avec petite perle. Mod\u00e8le \u00e9l\u00e9gant datant de 2013.\",\"breadcrumb\":{\"@id\":\"https:\/\/thevintagetraveler.com\/en\/produit\/boucles-oreilles-chanel-perle-metal-argente-2013\/#breadcrumb\"},\"inLanguage\":\"en-US\",\"potentialAction\":[{\"@type\":\"ReadAction\",\"target\":[\"https:\/\/thevintagetraveler.com\/en\/produit\/boucles-oreilles-chanel-perle-metal-argente-2013\/\"]}]},{\"@type\":\"ImageObject\",\"inLanguage\":\"en-US\",\"@id\":\"https:\/\/thevintagetraveler.com\/en\/produit\/boucles-oreilles-chanel-perle-metal-argente-2013\/#primaryimage\",\"url\":\"https:\/\/thevintagetraveler.com\/wp-content\/uploads\/2026\/03\/image00015.jpeg\",\"contentUrl\":\"https:\/\/thevintagetraveler.com\/wp-content\/uploads\/2026\/03\/image00015.jpeg\",\"width\":1800,\"height\":2400,\"caption\":\"boucles d\u2019oreilles Chanel perle argent\"},{\"@type\":\"BreadcrumbList\",\"@id\":\"https:\/\/thevintagetraveler.com\/en\/produit\/boucles-oreilles-chanel-perle-metal-argente-2013\/#breadcrumb\",\"itemListElement\":[{\"@type\":\"ListItem\",\"position\":1,\"name\":\"Accueil\",\"item\":\"https:\/\/thevintagetraveler.com\/en\/\"},{\"@type\":\"ListItem\",\"position\":2,\"name\":\"Shop\",\"item\":\"https:\/\/thevintagetraveler.com\/shop\/\"},{\"@type\":\"ListItem\",\"position\":3,\"name\":\"Boucles d&rsquo;oreilles Chanel M\u00e9tal Argent\u00e9 &#038; Perle\"}]},{\"@type\":\"WebSite\",\"@id\":\"https:\/\/thevintagetraveler.com\/en\/#website\",\"url\":\"https:\/\/thevintagetraveler.com\/en\/\",\"name\":\"TheVintageTraveler\",\"description\":\"Luxury experts in Louis Vuitton, Chanel &amp; Herm\u00e8s\",\"publisher\":{\"@id\":\"https:\/\/thevintagetraveler.com\/en\/#organization\"},\"potentialAction\":[{\"@type\":\"SearchAction\",\"target\":{\"@type\":\"EntryPoint\",\"urlTemplate\":\"https:\/\/thevintagetraveler.com\/en\/?s={search_term_string}\"},\"query-input\":{\"@type\":\"PropertyValueSpecification\",\"valueRequired\":true,\"valueName\":\"search_term_string\"}}],\"inLanguage\":\"en-US\"},{\"@type\":\"Organization\",\"@id\":\"https:\/\/thevintagetraveler.com\/en\/#organization\",\"name\":\"TheVintageTraveler\",\"url\":\"https:\/\/thevintagetraveler.com\/en\/\",\"logo\":{\"@type\":\"ImageObject\",\"inLanguage\":\"en-US\",\"@id\":\"https:\/\/thevintagetraveler.com\/en\/#\/schema\/logo\/image\/\",\"url\":\"https:\/\/thevintagetraveler.com\/wp-content\/uploads\/2025\/04\/LOGO-THE-VINTAGE-TRAVELER-FINAL-e1745392697678.png\",\"contentUrl\":\"https:\/\/thevintagetraveler.com\/wp-content\/uploads\/2025\/04\/LOGO-THE-VINTAGE-TRAVELER-FINAL-e1745392697678.png\",\"width\":798,\"height\":318,\"caption\":\"TheVintageTraveler\"},\"image\":{\"@id\":\"https:\/\/thevintagetraveler.com\/en\/#\/schema\/logo\/image\/\"},\"sameAs\":[\"https:\/\/www.facebook.com\/TheVintageTravelerFR\/\",\"https:\/\/www.instagram.com\/the_vintagetraveler\"]}]}<\/script>\n<!-- \/ Yoast SEO plugin. -->","yoast_head_json":{"title":"Boucles d\u2019Oreilles Perle Argent | Chanel","description":"Boucles d\u2019oreilles Chanel sigl\u00e9es en m\u00e9tal argent\u00e9 avec petite perle. Mod\u00e8le \u00e9l\u00e9gant datant de 2013.","robots":{"index":"index","follow":"follow","max-snippet":"max-snippet:-1","max-image-preview":"max-image-preview:large","max-video-preview":"max-video-preview:-1"},"canonical":"https:\/\/thevintagetraveler.com\/en\/produit\/boucles-oreilles-chanel-perle-metal-argente-2013\/","og_locale":"en_US","og_type":"article","og_title":"Boucles d\u2019Oreilles Perle Argent | Chanel","og_description":"Boucles d\u2019oreilles Chanel sigl\u00e9es en m\u00e9tal argent\u00e9 avec petite perle. Mod\u00e8le \u00e9l\u00e9gant datant de 2013.","og_url":"https:\/\/thevintagetraveler.com\/en\/produit\/boucles-oreilles-chanel-perle-metal-argente-2013\/","og_site_name":"TheVintageTraveler","article_publisher":"https:\/\/www.facebook.com\/TheVintageTravelerFR\/","article_modified_time":"2026-03-13T17:24:17+00:00","og_image":[{"width":1800,"height":2400,"url":"https:\/\/thevintagetraveler.com\/wp-content\/uploads\/2026\/03\/image00015.jpeg","type":"image\/jpeg"}],"twitter_card":"summary_large_image","twitter_misc":{"Est. reading time":"2 minutes"},"schema":{"@context":"https:\/\/schema.org","@graph":[{"@type":"WebPage","@id":"https:\/\/thevintagetraveler.com\/en\/produit\/boucles-oreilles-chanel-perle-metal-argente-2013\/","url":"https:\/\/thevintagetraveler.com\/en\/produit\/boucles-oreilles-chanel-perle-metal-argente-2013\/","name":"Boucles d\u2019Oreilles Perle Argent | Chanel","isPartOf":{"@id":"https:\/\/thevintagetraveler.com\/en\/#website"},"primaryImageOfPage":{"@id":"https:\/\/thevintagetraveler.com\/en\/produit\/boucles-oreilles-chanel-perle-metal-argente-2013\/#primaryimage"},"image":{"@id":"https:\/\/thevintagetraveler.com\/en\/produit\/boucles-oreilles-chanel-perle-metal-argente-2013\/#primaryimage"},"thumbnailUrl":"https:\/\/thevintagetraveler.com\/wp-content\/uploads\/2026\/03\/image00015.jpeg","datePublished":"2026-03-13T17:19:46+00:00","dateModified":"2026-03-13T17:24:17+00:00","description":"Boucles d\u2019oreilles Chanel sigl\u00e9es en m\u00e9tal argent\u00e9 avec petite perle. Mod\u00e8le \u00e9l\u00e9gant datant de 2013.","breadcrumb":{"@id":"https:\/\/thevintagetraveler.com\/en\/produit\/boucles-oreilles-chanel-perle-metal-argente-2013\/#breadcrumb"},"inLanguage":"en-US","potentialAction":[{"@type":"ReadAction","target":["https:\/\/thevintagetraveler.com\/en\/produit\/boucles-oreilles-chanel-perle-metal-argente-2013\/"]}]},{"@type":"ImageObject","inLanguage":"en-US","@id":"https:\/\/thevintagetraveler.com\/en\/produit\/boucles-oreilles-chanel-perle-metal-argente-2013\/#primaryimage","url":"https:\/\/thevintagetraveler.com\/wp-content\/uploads\/2026\/03\/image00015.jpeg","contentUrl":"https:\/\/thevintagetraveler.com\/wp-content\/uploads\/2026\/03\/image00015.jpeg","width":1800,"height":2400,"caption":"boucles d\u2019oreilles Chanel perle argent"},{"@type":"BreadcrumbList","@id":"https:\/\/thevintagetraveler.com\/en\/produit\/boucles-oreilles-chanel-perle-metal-argente-2013\/#breadcrumb","itemListElement":[{"@type":"ListItem","position":1,"name":"Accueil","item":"https:\/\/thevintagetraveler.com\/en\/"},{"@type":"ListItem","position":2,"name":"Shop","item":"https:\/\/thevintagetraveler.com\/shop\/"},{"@type":"ListItem","position":3,"name":"Boucles d&rsquo;oreilles Chanel M\u00e9tal Argent\u00e9 &#038; Perle"}]},{"@type":"WebSite","@id":"https:\/\/thevintagetraveler.com\/en\/#website","url":"https:\/\/thevintagetraveler.com\/en\/","name":"TheVintageTraveler","description":"Luxury experts in Louis Vuitton, Chanel &amp; Herm\u00e8s","publisher":{"@id":"https:\/\/thevintagetraveler.com\/en\/#organization"},"potentialAction":[{"@type":"SearchAction","target":{"@type":"EntryPoint","urlTemplate":"https:\/\/thevintagetraveler.com\/en\/?s={search_term_string}"},"query-input":{"@type":"PropertyValueSpecification","valueRequired":true,"valueName":"search_term_string"}}],"inLanguage":"en-US"},{"@type":"Organization","@id":"https:\/\/thevintagetraveler.com\/en\/#organization","name":"TheVintageTraveler","url":"https:\/\/thevintagetraveler.com\/en\/","logo":{"@type":"ImageObject","inLanguage":"en-US","@id":"https:\/\/thevintagetraveler.com\/en\/#\/schema\/logo\/image\/","url":"https:\/\/thevintagetraveler.com\/wp-content\/uploads\/2025\/04\/LOGO-THE-VINTAGE-TRAVELER-FINAL-e1745392697678.png","contentUrl":"https:\/\/thevintagetraveler.com\/wp-content\/uploads\/2025\/04\/LOGO-THE-VINTAGE-TRAVELER-FINAL-e1745392697678.png","width":798,"height":318,"caption":"TheVintageTraveler"},"image":{"@id":"https:\/\/thevintagetraveler.com\/en\/#\/schema\/logo\/image\/"},"sameAs":["https:\/\/www.facebook.com\/TheVintageTravelerFR\/","https:\/\/www.instagram.com\/the_vintagetraveler"]}]}},"_links":{"self":[{"href":"https:\/\/thevintagetraveler.com\/en\/wp-json\/wp\/v2\/product\/8274","targetHints":{"allow":["GET"]}}],"collection":[{"href":"https:\/\/thevintagetraveler.com\/en\/wp-json\/wp\/v2\/product"}],"about":[{"href":"https:\/\/thevintagetraveler.com\/en\/wp-json\/wp\/v2\/types\/product"}],"wp:featuredmedia":[{"embeddable":true,"href":"https:\/\/thevintagetraveler.com\/en\/wp-json\/wp\/v2\/media\/8275"}],"wp:attachment":[{"href":"https:\/\/thevintagetraveler.com\/en\/wp-json\/wp\/v2\/media?parent=8274"}],"wp:term":[{"taxonomy":"product_brand","embeddable":true,"href":"https:\/\/thevintagetraveler.com\/en\/wp-json\/wp\/v2\/product_brand?post=8274"},{"taxonomy":"product_cat","embeddable":true,"href":"https:\/\/thevintagetraveler.com\/en\/wp-json\/wp\/v2\/product_cat?post=8274"},{"taxonomy":"product_tag","embeddable":true,"href":"https:\/\/thevintagetraveler.com\/en\/wp-json\/wp\/v2\/product_tag?post=8274"}],"curies":[{"name":"wp","href":"https:\/\/api.w.org\/{rel}","templated":true}]}}