{"id":8350,"date":"2025-03-23T13:12:23","date_gmt":"2025-03-23T12:12:23","guid":{"rendered":"https:\/\/thevintagetraveler.com\/?post_type=product&#038;p=8350"},"modified":"2026-04-14T10:39:18","modified_gmt":"2026-04-14T08:39:18","slug":"collier-van-cleef-magic-alhambra-malachite-or-18k","status":"publish","type":"product","link":"https:\/\/thevintagetraveler.com\/en\/produit\/collier-van-cleef-magic-alhambra-malachite-or-18k\/","title":{"rendered":"Collier Van Cleef &#038; Arpels Magic Alhambra Malachite"},"content":{"rendered":"<h2 data-section-id=\"1kv0121\" data-start=\"1004\" data-end=\"1069\">Collier Van Cleef &amp; Arpels Magic Alhambra \u2013 Or 18K &amp; Malachite<\/h2>\n<p data-start=\"1071\" data-end=\"1283\">Ce <strong data-start=\"1074\" data-end=\"1141\">collier Magic Alhambra de <span class=\"hover:entity-accent entity-underline inline cursor-pointer align-baseline\"><span class=\"whitespace-normal\">Van Cleef &amp; Arpels<\/span><\/span><\/strong>, r\u00e9alis\u00e9 en <strong data-start=\"1154\" data-end=\"1170\">or 18 carats<\/strong> et orn\u00e9 de <strong data-start=\"1182\" data-end=\"1205\">motifs en malachite<\/strong>, incarne l\u2019\u00e9l\u00e9gance intemporelle et le savoir-faire d\u2019exception de la maison.<\/p>\n<p data-start=\"1285\" data-end=\"1414\">Le motif <strong data-start=\"1294\" data-end=\"1306\">Alhambra<\/strong>, symbole de chance et d\u2019harmonie, est l\u2019une des signatures les plus embl\u00e9matiques de la joaillerie de <a href=\"https:\/\/thevintagetraveler.com\/rachat-de-sac-de-luxe\/\">luxe<\/a>.<\/p>\n<hr data-start=\"1416\" data-end=\"1419\" \/>\n<h2 data-section-id=\"ydal0l\" data-start=\"1421\" data-end=\"1467\">Un mod\u00e8le iconique de la joaillerie de luxe<\/h2>\n<p data-start=\"1469\" data-end=\"1509\">Le <strong data-start=\"1472\" data-end=\"1490\">Magic Alhambra<\/strong> se distingue par :<\/p>\n<ul data-start=\"1511\" data-end=\"1660\">\n<li data-section-id=\"e9xx0z\" data-start=\"1511\" data-end=\"1558\">Ses motifs embl\u00e9matiques en forme de tr\u00e8fle<\/li>\n<li data-section-id=\"ppksth\" data-start=\"1559\" data-end=\"1596\">Son design asym\u00e9trique et raffin\u00e9<\/li>\n<li data-section-id=\"13bg2ho\" data-start=\"1597\" data-end=\"1627\">Sa forte pr\u00e9sence visuelle<\/li>\n<li data-section-id=\"sdvy70\" data-start=\"1628\" data-end=\"1660\">Son statut de pi\u00e8ce iconique<\/li>\n<\/ul>\n<p data-start=\"1662\" data-end=\"1766\">Il repr\u00e9sente l\u2019\u00e9volution du motif Alhambra classique vers une version plus audacieuse et contemporaine.<\/p>\n<hr data-start=\"1768\" data-end=\"1771\" \/>\n<h2 data-section-id=\"18tukqo\" data-start=\"1773\" data-end=\"1823\">La malachite : une pierre pr\u00e9cieuse distinctive<\/h2>\n<p data-start=\"1825\" data-end=\"1879\">La <strong data-start=\"1828\" data-end=\"1841\">malachite<\/strong> est particuli\u00e8rement appr\u00e9ci\u00e9e pour :<\/p>\n<ul data-start=\"1881\" data-end=\"1996\">\n<li data-section-id=\"13eks1i\" data-start=\"1881\" data-end=\"1922\">Sa couleur verte profonde et vibrante<\/li>\n<li data-section-id=\"1q068bk\" data-start=\"1923\" data-end=\"1956\">Ses veines naturelles uniques<\/li>\n<li data-section-id=\"1hq8n5e\" data-start=\"1957\" data-end=\"1996\">Son caract\u00e8re pr\u00e9cieux et d\u00e9coratif<\/li>\n<\/ul>\n<p data-start=\"1998\" data-end=\"2066\">Chaque collier est unique gr\u00e2ce aux nuances naturelles de la pierre.<\/p>\n<hr data-start=\"2068\" data-end=\"2071\" \/>\n<h2 data-section-id=\"522nxb\" data-start=\"2073\" data-end=\"2113\">Or 18 carats : \u00e9l\u00e9gance et durabilit\u00e9<\/h2>\n<ul data-start=\"2115\" data-end=\"2252\">\n<li data-section-id=\"zu0mhj\" data-start=\"2115\" data-end=\"2162\"><strong data-start=\"2117\" data-end=\"2127\">Or 18k<\/strong>, standard de la haute joaillerie<\/li>\n<li data-section-id=\"1k5n3d5\" data-start=\"2163\" data-end=\"2200\">Finition luxueuse et intemporelle<\/li>\n<li data-section-id=\"1pb4ywm\" data-start=\"2201\" data-end=\"2252\">Parfait \u00e9quilibre entre solidit\u00e9 et raffinement<\/li>\n<\/ul>\n<hr data-start=\"2254\" data-end=\"2257\" \/>\n<h2 data-section-id=\"1p0kmn6\" data-start=\"2259\" data-end=\"2281\">\u00c9tat &amp; authenticit\u00e9<\/h2>\n<ul data-start=\"2283\" data-end=\"2361\">\n<li data-section-id=\"wvqnuh\" data-start=\"2283\" data-end=\"2303\"><strong data-start=\"2285\" data-end=\"2301\">Parfait \u00e9tat<\/strong><\/li>\n<li data-section-id=\"1wko61u\" data-start=\"2304\" data-end=\"2329\">Conservation optimale<\/li>\n<li data-section-id=\"yrisgb\" data-start=\"2330\" data-end=\"2361\">Pr\u00e9sentation exceptionnelle<\/li>\n<\/ul>\n<hr data-start=\"2363\" data-end=\"2366\" \/>\n<h2 data-section-id=\"jzf6bh\" data-start=\"2368\" data-end=\"2398\">Caract\u00e9ristiques du produit<\/h2>\n<ul data-start=\"2400\" data-end=\"2669\">\n<li data-section-id=\"r1h4ve\" data-start=\"2400\" data-end=\"2435\"><strong data-start=\"2402\" data-end=\"2414\">Maison :<\/strong> Van Cleef &amp; Arpels<\/li>\n<li data-section-id=\"1yu4r4c\" data-start=\"2436\" data-end=\"2467\"><strong data-start=\"2438\" data-end=\"2450\">Mod\u00e8le :<\/strong> Magic Alhambra<\/li>\n<li data-section-id=\"31614u\" data-start=\"2468\" data-end=\"2498\"><strong data-start=\"2470\" data-end=\"2483\">Mati\u00e8re :<\/strong> Or 18 carats<\/li>\n<li data-section-id=\"59fkt5\" data-start=\"2499\" data-end=\"2525\"><strong data-start=\"2501\" data-end=\"2513\">Pierre :<\/strong> Malachite<\/li>\n<li data-section-id=\"xv5zl7\" data-start=\"2526\" data-end=\"2553\"><strong data-start=\"2528\" data-end=\"2538\">\u00c9tat :<\/strong> Parfait \u00e9tat, sautoir 80 90cm long<\/li>\n<li data-section-id=\"e4e10a\" data-start=\"2554\" data-end=\"2610\"><strong data-start=\"2556\" data-end=\"2567\">Usage :<\/strong> Joaillerie \u00b7 Collection \u00b7 Investissement<\/li>\n<li data-section-id=\"1vltg8x\" data-start=\"2611\" data-end=\"2669\"><strong data-start=\"2613\" data-end=\"2635\">Authentification :<\/strong> Certifi\u00e9 par TheVintageTraveler<\/li>\n<\/ul>\n<hr data-start=\"2671\" data-end=\"2674\" \/>\n<h2 data-section-id=\"3lkxlb\" data-start=\"2676\" data-end=\"2724\">Pourquoi ce collier Van Cleef est recherch\u00e9 ?<\/h2>\n<p data-start=\"2726\" data-end=\"2890\">\u2714 Mod\u00e8le Magic Alhambra iconique<br data-start=\"2758\" data-end=\"2761\" \/>\u2714 Malachite tr\u00e8s recherch\u00e9e<br data-start=\"2788\" data-end=\"2791\" \/>\u2714 Joaillerie de luxe intemporelle<br data-start=\"2824\" data-end=\"2827\" \/>\u2714 Forte demande internationale<br data-start=\"2857\" data-end=\"2860\" \/>\u2714 Valeur patrimoniale \u00e9lev\u00e9e<\/p>\n<p data-start=\"2892\" data-end=\"2988\">Les pi\u00e8ces <strong data-start=\"2903\" data-end=\"2915\">Alhambra<\/strong> figurent parmi les cr\u00e9ations les plus recherch\u00e9es de Van Cleef &amp; Arpels.<\/p>\n<hr data-start=\"2990\" data-end=\"2993\" \/>\n<h2 data-section-id=\"yqoyv7\" data-start=\"2995\" data-end=\"3042\">Un investissement joaillerie de premier plan<\/h2>\n<p data-start=\"3044\" data-end=\"3106\">Ce <strong data-start=\"3047\" data-end=\"3093\">collier Magic Alhambra malachite en or 18k<\/strong> repr\u00e9sente :<\/p>\n<ul data-start=\"3108\" data-end=\"3236\">\n<li data-section-id=\"zevjje\" data-start=\"3108\" data-end=\"3144\">Une valeur s\u00fbre de la joaillerie<\/li>\n<li data-section-id=\"1fmekzu\" data-start=\"3145\" data-end=\"3193\">Une forte liquidit\u00e9 sur le march\u00e9 secondaire<\/li>\n<li data-section-id=\"lli1g9\" data-start=\"3194\" data-end=\"3236\">Une pi\u00e8ce embl\u00e9matique et intemporelle<\/li>\n<\/ul>\n<hr data-start=\"3238\" data-end=\"3241\" \/>\n<h2 data-section-id=\"8dtpi\" data-start=\"3243\" data-end=\"3256\">Conclusion<\/h2>\n<p data-start=\"3258\" data-end=\"3450\">Ce <strong data-start=\"3261\" data-end=\"3329\">collier Van Cleef &amp; Arpels Magic Alhambra en or 18k et malachite<\/strong>, en <strong data-start=\"3334\" data-end=\"3350\">parfait \u00e9tat<\/strong>, est une <strong data-start=\"3360\" data-end=\"3392\">pi\u00e8ce iconique de joaillerie<\/strong>, id\u00e9ale pour les amateurs de luxe et les collectionneurs<\/p>\n<p>Suivez &#8211; nous sur <a href=\"https:\/\/www.facebook.com\/TheVintageTravelerFR\">Facebook<\/a> et <a href=\"https:\/\/www.instagram.com\/the_vintagetraveler\/?igsh=aXdsbDJkdnpwZjcx#\">Instagram<\/a><\/p>\n","protected":false},"excerpt":{"rendered":"<p data-start=\"785\" data-end=\"974\">Collier Van Cleef &amp; Arpels Magic Alhambra en or 18k et malachite. Parfait \u00e9tat. Pi\u00e8ce iconique de joaillerie.<\/p>\n","protected":false},"featured_media":8358,"template":"","meta":[],"product_brand":[],"product_cat":[123,197,140],"product_tag":[330],"class_list":{"0":"post-8350","1":"product","2":"type-product","3":"status-publish","4":"has-post-thumbnail","6":"product_cat-bijoux-de-luxe-vintage","7":"product_cat-bijoux-de-luxe","8":"product_cat-nouveautes","9":"product_tag-vancleef","11":"first","12":"outofstock","13":"sold-individually","14":"shipping-taxable","15":"product-type-simple"},"yoast_head":"<!-- This site is optimized with the Yoast SEO plugin v27.1.1 - https:\/\/yoast.com\/product\/yoast-seo-wordpress\/ -->\n<title>Magic Alhambra Malachite Or 18K | Van Cleef &amp; Arpels<\/title>\n<meta name=\"description\" content=\"Collier Van Cleef &amp; Arpels Magic Alhambra en or 18k et malachite. Parfait \u00e9tat. Joaillerie iconique et pi\u00e8ce de collection.\" \/>\n<meta name=\"robots\" content=\"index, follow, max-snippet:-1, max-image-preview:large, max-video-preview:-1\" \/>\n<link rel=\"canonical\" href=\"https:\/\/thevintagetraveler.com\/en\/produit\/collier-van-cleef-magic-alhambra-malachite-or-18k\/\" \/>\n<meta property=\"og:locale\" content=\"en_US\" \/>\n<meta property=\"og:type\" content=\"article\" \/>\n<meta property=\"og:title\" content=\"Magic Alhambra Malachite Or 18K | Van Cleef &amp; Arpels\" \/>\n<meta property=\"og:description\" content=\"Collier Van Cleef &amp; Arpels Magic Alhambra en or 18k et malachite. Parfait \u00e9tat. Joaillerie iconique et pi\u00e8ce de collection.\" \/>\n<meta property=\"og:url\" content=\"https:\/\/thevintagetraveler.com\/en\/produit\/collier-van-cleef-magic-alhambra-malachite-or-18k\/\" \/>\n<meta property=\"og:site_name\" content=\"TheVintageTraveler\" \/>\n<meta property=\"article:publisher\" content=\"https:\/\/www.facebook.com\/TheVintageTravelerFR\/\" \/>\n<meta property=\"article:modified_time\" content=\"2026-04-14T08:39:18+00:00\" \/>\n<meta property=\"og:image\" content=\"https:\/\/thevintagetraveler.com\/wp-content\/uploads\/2026\/03\/IMG-20260323-WA0007.jpg\" \/>\n\t<meta property=\"og:image:width\" content=\"1536\" \/>\n\t<meta property=\"og:image:height\" content=\"2048\" \/>\n\t<meta property=\"og:image:type\" content=\"image\/jpeg\" \/>\n<meta name=\"twitter:card\" content=\"summary_large_image\" \/>\n<meta name=\"twitter:label1\" content=\"Est. reading time\" \/>\n\t<meta name=\"twitter:data1\" content=\"2 minutes\" \/>\n<script type=\"application\/ld+json\" class=\"yoast-schema-graph\">{\"@context\":\"https:\/\/schema.org\",\"@graph\":[{\"@type\":\"WebPage\",\"@id\":\"https:\/\/thevintagetraveler.com\/en\/produit\/collier-van-cleef-magic-alhambra-malachite-or-18k\/\",\"url\":\"https:\/\/thevintagetraveler.com\/en\/produit\/collier-van-cleef-magic-alhambra-malachite-or-18k\/\",\"name\":\"Magic Alhambra Malachite Or 18K | Van Cleef & Arpels\",\"isPartOf\":{\"@id\":\"https:\/\/thevintagetraveler.com\/en\/#website\"},\"primaryImageOfPage\":{\"@id\":\"https:\/\/thevintagetraveler.com\/en\/produit\/collier-van-cleef-magic-alhambra-malachite-or-18k\/#primaryimage\"},\"image\":{\"@id\":\"https:\/\/thevintagetraveler.com\/en\/produit\/collier-van-cleef-magic-alhambra-malachite-or-18k\/#primaryimage\"},\"thumbnailUrl\":\"https:\/\/thevintagetraveler.com\/wp-content\/uploads\/2026\/03\/IMG-20260323-WA0007.jpg\",\"datePublished\":\"2025-03-23T12:12:23+00:00\",\"dateModified\":\"2026-04-14T08:39:18+00:00\",\"description\":\"Collier Van Cleef & Arpels Magic Alhambra en or 18k et malachite. Parfait \u00e9tat. Joaillerie iconique et pi\u00e8ce de collection.\",\"breadcrumb\":{\"@id\":\"https:\/\/thevintagetraveler.com\/en\/produit\/collier-van-cleef-magic-alhambra-malachite-or-18k\/#breadcrumb\"},\"inLanguage\":\"en-US\",\"potentialAction\":[{\"@type\":\"ReadAction\",\"target\":[\"https:\/\/thevintagetraveler.com\/en\/produit\/collier-van-cleef-magic-alhambra-malachite-or-18k\/\"]}]},{\"@type\":\"ImageObject\",\"inLanguage\":\"en-US\",\"@id\":\"https:\/\/thevintagetraveler.com\/en\/produit\/collier-van-cleef-magic-alhambra-malachite-or-18k\/#primaryimage\",\"url\":\"https:\/\/thevintagetraveler.com\/wp-content\/uploads\/2026\/03\/IMG-20260323-WA0007.jpg\",\"contentUrl\":\"https:\/\/thevintagetraveler.com\/wp-content\/uploads\/2026\/03\/IMG-20260323-WA0007.jpg\",\"width\":1536,\"height\":2048,\"caption\":\"collier Van Cleef Arpels Magic Alhambra malachite or 18k\"},{\"@type\":\"BreadcrumbList\",\"@id\":\"https:\/\/thevintagetraveler.com\/en\/produit\/collier-van-cleef-magic-alhambra-malachite-or-18k\/#breadcrumb\",\"itemListElement\":[{\"@type\":\"ListItem\",\"position\":1,\"name\":\"Accueil\",\"item\":\"https:\/\/thevintagetraveler.com\/en\/\"},{\"@type\":\"ListItem\",\"position\":2,\"name\":\"Shop\",\"item\":\"https:\/\/thevintagetraveler.com\/shop\/\"},{\"@type\":\"ListItem\",\"position\":3,\"name\":\"Collier Van Cleef &#038; Arpels Magic Alhambra Malachite\"}]},{\"@type\":\"WebSite\",\"@id\":\"https:\/\/thevintagetraveler.com\/en\/#website\",\"url\":\"https:\/\/thevintagetraveler.com\/en\/\",\"name\":\"TheVintageTraveler\",\"description\":\"Luxury experts in Louis Vuitton, Chanel &amp; Herm\u00e8s\",\"publisher\":{\"@id\":\"https:\/\/thevintagetraveler.com\/en\/#organization\"},\"potentialAction\":[{\"@type\":\"SearchAction\",\"target\":{\"@type\":\"EntryPoint\",\"urlTemplate\":\"https:\/\/thevintagetraveler.com\/en\/?s={search_term_string}\"},\"query-input\":{\"@type\":\"PropertyValueSpecification\",\"valueRequired\":true,\"valueName\":\"search_term_string\"}}],\"inLanguage\":\"en-US\"},{\"@type\":\"Organization\",\"@id\":\"https:\/\/thevintagetraveler.com\/en\/#organization\",\"name\":\"TheVintageTraveler\",\"url\":\"https:\/\/thevintagetraveler.com\/en\/\",\"logo\":{\"@type\":\"ImageObject\",\"inLanguage\":\"en-US\",\"@id\":\"https:\/\/thevintagetraveler.com\/en\/#\/schema\/logo\/image\/\",\"url\":\"https:\/\/thevintagetraveler.com\/wp-content\/uploads\/2025\/04\/LOGO-THE-VINTAGE-TRAVELER-FINAL-e1745392697678.png\",\"contentUrl\":\"https:\/\/thevintagetraveler.com\/wp-content\/uploads\/2025\/04\/LOGO-THE-VINTAGE-TRAVELER-FINAL-e1745392697678.png\",\"width\":798,\"height\":318,\"caption\":\"TheVintageTraveler\"},\"image\":{\"@id\":\"https:\/\/thevintagetraveler.com\/en\/#\/schema\/logo\/image\/\"},\"sameAs\":[\"https:\/\/www.facebook.com\/TheVintageTravelerFR\/\",\"https:\/\/www.instagram.com\/the_vintagetraveler\"]}]}<\/script>\n<!-- \/ Yoast SEO plugin. -->","yoast_head_json":{"title":"Magic Alhambra Malachite Or 18K | Van Cleef & Arpels","description":"Collier Van Cleef & Arpels Magic Alhambra en or 18k et malachite. Parfait \u00e9tat. Joaillerie iconique et pi\u00e8ce de collection.","robots":{"index":"index","follow":"follow","max-snippet":"max-snippet:-1","max-image-preview":"max-image-preview:large","max-video-preview":"max-video-preview:-1"},"canonical":"https:\/\/thevintagetraveler.com\/en\/produit\/collier-van-cleef-magic-alhambra-malachite-or-18k\/","og_locale":"en_US","og_type":"article","og_title":"Magic Alhambra Malachite Or 18K | Van Cleef & Arpels","og_description":"Collier Van Cleef & Arpels Magic Alhambra en or 18k et malachite. Parfait \u00e9tat. Joaillerie iconique et pi\u00e8ce de collection.","og_url":"https:\/\/thevintagetraveler.com\/en\/produit\/collier-van-cleef-magic-alhambra-malachite-or-18k\/","og_site_name":"TheVintageTraveler","article_publisher":"https:\/\/www.facebook.com\/TheVintageTravelerFR\/","article_modified_time":"2026-04-14T08:39:18+00:00","og_image":[{"width":1536,"height":2048,"url":"https:\/\/thevintagetraveler.com\/wp-content\/uploads\/2026\/03\/IMG-20260323-WA0007.jpg","type":"image\/jpeg"}],"twitter_card":"summary_large_image","twitter_misc":{"Est. reading time":"2 minutes"},"schema":{"@context":"https:\/\/schema.org","@graph":[{"@type":"WebPage","@id":"https:\/\/thevintagetraveler.com\/en\/produit\/collier-van-cleef-magic-alhambra-malachite-or-18k\/","url":"https:\/\/thevintagetraveler.com\/en\/produit\/collier-van-cleef-magic-alhambra-malachite-or-18k\/","name":"Magic Alhambra Malachite Or 18K | Van Cleef & Arpels","isPartOf":{"@id":"https:\/\/thevintagetraveler.com\/en\/#website"},"primaryImageOfPage":{"@id":"https:\/\/thevintagetraveler.com\/en\/produit\/collier-van-cleef-magic-alhambra-malachite-or-18k\/#primaryimage"},"image":{"@id":"https:\/\/thevintagetraveler.com\/en\/produit\/collier-van-cleef-magic-alhambra-malachite-or-18k\/#primaryimage"},"thumbnailUrl":"https:\/\/thevintagetraveler.com\/wp-content\/uploads\/2026\/03\/IMG-20260323-WA0007.jpg","datePublished":"2025-03-23T12:12:23+00:00","dateModified":"2026-04-14T08:39:18+00:00","description":"Collier Van Cleef & Arpels Magic Alhambra en or 18k et malachite. Parfait \u00e9tat. Joaillerie iconique et pi\u00e8ce de collection.","breadcrumb":{"@id":"https:\/\/thevintagetraveler.com\/en\/produit\/collier-van-cleef-magic-alhambra-malachite-or-18k\/#breadcrumb"},"inLanguage":"en-US","potentialAction":[{"@type":"ReadAction","target":["https:\/\/thevintagetraveler.com\/en\/produit\/collier-van-cleef-magic-alhambra-malachite-or-18k\/"]}]},{"@type":"ImageObject","inLanguage":"en-US","@id":"https:\/\/thevintagetraveler.com\/en\/produit\/collier-van-cleef-magic-alhambra-malachite-or-18k\/#primaryimage","url":"https:\/\/thevintagetraveler.com\/wp-content\/uploads\/2026\/03\/IMG-20260323-WA0007.jpg","contentUrl":"https:\/\/thevintagetraveler.com\/wp-content\/uploads\/2026\/03\/IMG-20260323-WA0007.jpg","width":1536,"height":2048,"caption":"collier Van Cleef Arpels Magic Alhambra malachite or 18k"},{"@type":"BreadcrumbList","@id":"https:\/\/thevintagetraveler.com\/en\/produit\/collier-van-cleef-magic-alhambra-malachite-or-18k\/#breadcrumb","itemListElement":[{"@type":"ListItem","position":1,"name":"Accueil","item":"https:\/\/thevintagetraveler.com\/en\/"},{"@type":"ListItem","position":2,"name":"Shop","item":"https:\/\/thevintagetraveler.com\/shop\/"},{"@type":"ListItem","position":3,"name":"Collier Van Cleef &#038; Arpels Magic Alhambra Malachite"}]},{"@type":"WebSite","@id":"https:\/\/thevintagetraveler.com\/en\/#website","url":"https:\/\/thevintagetraveler.com\/en\/","name":"TheVintageTraveler","description":"Luxury experts in Louis Vuitton, Chanel &amp; Herm\u00e8s","publisher":{"@id":"https:\/\/thevintagetraveler.com\/en\/#organization"},"potentialAction":[{"@type":"SearchAction","target":{"@type":"EntryPoint","urlTemplate":"https:\/\/thevintagetraveler.com\/en\/?s={search_term_string}"},"query-input":{"@type":"PropertyValueSpecification","valueRequired":true,"valueName":"search_term_string"}}],"inLanguage":"en-US"},{"@type":"Organization","@id":"https:\/\/thevintagetraveler.com\/en\/#organization","name":"TheVintageTraveler","url":"https:\/\/thevintagetraveler.com\/en\/","logo":{"@type":"ImageObject","inLanguage":"en-US","@id":"https:\/\/thevintagetraveler.com\/en\/#\/schema\/logo\/image\/","url":"https:\/\/thevintagetraveler.com\/wp-content\/uploads\/2025\/04\/LOGO-THE-VINTAGE-TRAVELER-FINAL-e1745392697678.png","contentUrl":"https:\/\/thevintagetraveler.com\/wp-content\/uploads\/2025\/04\/LOGO-THE-VINTAGE-TRAVELER-FINAL-e1745392697678.png","width":798,"height":318,"caption":"TheVintageTraveler"},"image":{"@id":"https:\/\/thevintagetraveler.com\/en\/#\/schema\/logo\/image\/"},"sameAs":["https:\/\/www.facebook.com\/TheVintageTravelerFR\/","https:\/\/www.instagram.com\/the_vintagetraveler"]}]}},"_links":{"self":[{"href":"https:\/\/thevintagetraveler.com\/en\/wp-json\/wp\/v2\/product\/8350","targetHints":{"allow":["GET"]}}],"collection":[{"href":"https:\/\/thevintagetraveler.com\/en\/wp-json\/wp\/v2\/product"}],"about":[{"href":"https:\/\/thevintagetraveler.com\/en\/wp-json\/wp\/v2\/types\/product"}],"wp:featuredmedia":[{"embeddable":true,"href":"https:\/\/thevintagetraveler.com\/en\/wp-json\/wp\/v2\/media\/8358"}],"wp:attachment":[{"href":"https:\/\/thevintagetraveler.com\/en\/wp-json\/wp\/v2\/media?parent=8350"}],"wp:term":[{"taxonomy":"product_brand","embeddable":true,"href":"https:\/\/thevintagetraveler.com\/en\/wp-json\/wp\/v2\/product_brand?post=8350"},{"taxonomy":"product_cat","embeddable":true,"href":"https:\/\/thevintagetraveler.com\/en\/wp-json\/wp\/v2\/product_cat?post=8350"},{"taxonomy":"product_tag","embeddable":true,"href":"https:\/\/thevintagetraveler.com\/en\/wp-json\/wp\/v2\/product_tag?post=8350"}],"curies":[{"name":"wp","href":"https:\/\/api.w.org\/{rel}","templated":true}]}}