{"id":8874,"date":"2026-04-20T13:07:52","date_gmt":"2026-04-20T11:07:52","guid":{"rendered":"https:\/\/thevintagetraveler.com\/?post_type=product&#038;p=8874"},"modified":"2026-04-20T13:15:41","modified_gmt":"2026-04-20T11:15:41","slug":"bijou-sac-hermes-coeur-2004-vive-lidee","status":"publish","type":"product","link":"https:\/\/thevintagetraveler.com\/en\/produit\/bijou-sac-hermes-coeur-2004-vive-lidee\/","title":{"rendered":"Bijou de sac Herm\u00e8s C\u0153ur Dor\u00e9"},"content":{"rendered":"<h2 data-section-id=\"16yazpo\" data-start=\"814\" data-end=\"867\">Bijou de Sac Herm\u00e8s \u2013 C\u0153ur Dor\u00e9 \u201cVive l\u2019Id\u00e9e\u201d 2004<\/h2>\n<p data-start=\"869\" data-end=\"1061\">Ce <strong data-start=\"872\" data-end=\"917\">bijou de sac Herm\u00e8s dor\u00e9 en forme de c\u0153ur<\/strong>, issu du th\u00e8me <strong data-start=\"933\" data-end=\"955\">\u201cVive l\u2019Id\u00e9e\u201d 2004<\/strong>, incarne parfaitement la cr\u00e9ativit\u00e9 et l\u2019\u00e9l\u00e9gance de la maison <strong data-start=\"1019\" data-end=\"1060\"><span class=\"hover:entity-accent entity-underline inline cursor-pointer align-baseline\"><span class=\"whitespace-normal\">Herm\u00e8s<\/span><\/span><\/strong>.<\/p>\n<p data-start=\"1063\" data-end=\"1216\">\u00c0 la fois accessoire et objet de collection, il refl\u00e8te l\u2019univers unique des <strong data-start=\"1140\" data-end=\"1165\">th\u00e8mes annuels Herm\u00e8s<\/strong>, tr\u00e8s recherch\u00e9s par les amateurs de pi\u00e8ces rares.<\/p>\n<hr data-start=\"1218\" data-end=\"1221\" \/>\n<h2 data-section-id=\"1q4hi9v\" data-start=\"1223\" data-end=\"1262\">Un accessoire issu des th\u00e8mes Herm\u00e8s<\/h2>\n<p data-start=\"1264\" data-end=\"1372\">Chaque ann\u00e9e, <a href=\"https:\/\/thevintagetraveler.com\/faux-sac-hermes-reconnaitre\/\">Herm\u00e8s<\/a> d\u00e9veloppe une th\u00e9matique artistique.<br data-start=\"1321\" data-end=\"1324\" \/>Le th\u00e8me <strong data-start=\"1333\" data-end=\"1357\">\u201cVive l\u2019Id\u00e9e\u201d (2004)<\/strong> met en avant :<\/p>\n<ul data-start=\"1374\" data-end=\"1441\">\n<li data-section-id=\"1ps70ub\" data-start=\"1374\" data-end=\"1391\">La cr\u00e9ativit\u00e9<\/li>\n<li data-section-id=\"1uxyq85\" data-start=\"1392\" data-end=\"1409\">L\u2019imagination<\/li>\n<li data-section-id=\"fdhi2n\" data-start=\"1410\" data-end=\"1441\">L\u2019esprit libre de la maison<\/li>\n<\/ul>\n<p data-start=\"1443\" data-end=\"1513\">Ce bijou de sac devient ainsi une <strong data-start=\"1477\" data-end=\"1512\">pi\u00e8ce symbolique et collectible<\/strong>.<\/p>\n<hr data-start=\"1515\" data-end=\"1518\" \/>\n<h2 data-section-id=\"1re4in5\" data-start=\"1520\" data-end=\"1558\">Un design en forme de c\u0153ur iconique<\/h2>\n<ul data-start=\"1560\" data-end=\"1718\">\n<li data-section-id=\"1yskgwu\" data-start=\"1560\" data-end=\"1603\"><strong data-start=\"1562\" data-end=\"1601\">Forme c\u0153ur \u00e9l\u00e9gante et intemporelle<\/strong><\/li>\n<li data-section-id=\"1ut7gfw\" data-start=\"1604\" data-end=\"1636\">Finition <strong data-start=\"1615\" data-end=\"1634\">dor\u00e9e lumineuse<\/strong><\/li>\n<li data-section-id=\"s8kl7o\" data-start=\"1637\" data-end=\"1673\">Accessoire distinctif et raffin\u00e9<\/li>\n<li data-section-id=\"1eqxro1\" data-start=\"1674\" data-end=\"1718\">Parfait pour personnaliser un sac Herm\u00e8s<\/li>\n<\/ul>\n<p data-start=\"1720\" data-end=\"1784\">Il apporte une touche unique \u00e0 un Birkin, Kelly ou autre mod\u00e8le.<\/p>\n<hr data-start=\"1786\" data-end=\"1789\" \/>\n<h2 data-section-id=\"5r7msm\" data-start=\"1791\" data-end=\"1813\">\u00c9tat &amp; conservation<\/h2>\n<ul data-start=\"1815\" data-end=\"1913\">\n<li data-section-id=\"1cns14\" data-start=\"1815\" data-end=\"1844\"><strong data-start=\"1817\" data-end=\"1842\">Tr\u00e8s bon \u00e9tat g\u00e9n\u00e9ral<\/strong><\/li>\n<li data-section-id=\"mmskcm\" data-start=\"1845\" data-end=\"1878\">Belle brillance du m\u00e9tal dor\u00e9<\/li>\n<li data-section-id=\"1h1rqsi\" data-start=\"1879\" data-end=\"1913\">D\u00e9tails parfaitement conserv\u00e9s<\/li>\n<\/ul>\n<hr data-start=\"1915\" data-end=\"1918\" \/>\n<h2 data-section-id=\"jzf6bh\" data-start=\"1920\" data-end=\"1950\">Caract\u00e9ristiques du produit<\/h2>\n<ul data-start=\"1952\" data-end=\"2224\">\n<li data-section-id=\"bphnkc\" data-start=\"1952\" data-end=\"1975\"><strong data-start=\"1954\" data-end=\"1966\">Maison :<\/strong> Herm\u00e8s<\/li>\n<li data-section-id=\"1ofh3gh\" data-start=\"1976\" data-end=\"2003\"><strong data-start=\"1978\" data-end=\"1988\">Type :<\/strong> Bijou de sac<\/li>\n<li data-section-id=\"9hzvna\" data-start=\"2004\" data-end=\"2031\"><strong data-start=\"2006\" data-end=\"2017\">Th\u00e8me :<\/strong> Vive l\u2019Id\u00e9e<\/li>\n<li data-section-id=\"59p7mh\" data-start=\"2032\" data-end=\"2052\"><strong data-start=\"2034\" data-end=\"2045\">Ann\u00e9e :<\/strong> 2004<\/li>\n<li data-section-id=\"1wxoq9i\" data-start=\"2053\" data-end=\"2073\"><strong data-start=\"2055\" data-end=\"2066\">Forme :<\/strong> C\u0153ur<\/li>\n<li data-section-id=\"1tsk4et\" data-start=\"2074\" data-end=\"2096\"><strong data-start=\"2076\" data-end=\"2089\">Couleur :<\/strong> Dor\u00e9<\/li>\n<li data-section-id=\"13gdavg\" data-start=\"2097\" data-end=\"2125\"><strong data-start=\"2099\" data-end=\"2109\">\u00c9tat :<\/strong> Tr\u00e8s bon \u00e9tat<\/li>\n<li data-section-id=\"7fvvsz\" data-start=\"2126\" data-end=\"2165\"><strong data-start=\"2128\" data-end=\"2139\">Usage :<\/strong> Accessoire \u00b7 Collection<\/li>\n<li data-section-id=\"1vltg8x\" data-start=\"2166\" data-end=\"2224\"><strong data-start=\"2168\" data-end=\"2190\">Authentification :<\/strong> Certifi\u00e9 par TheVintageTraveler<\/li>\n<\/ul>\n<hr data-start=\"2226\" data-end=\"2229\" \/>\n<h2 data-section-id=\"1ykdfnz\" data-start=\"2231\" data-end=\"2281\">Pourquoi ce bijou de sac Herm\u00e8s est recherch\u00e9 ?<\/h2>\n<p data-start=\"2283\" data-end=\"2411\">\u2714 Th\u00e8me annuel identifiable<br data-start=\"2310\" data-end=\"2313\" \/>\u2714 Ann\u00e9e 2004 recherch\u00e9e<br data-start=\"2336\" data-end=\"2339\" \/>\u2714 Forme c\u0153ur iconique<br data-start=\"2360\" data-end=\"2363\" \/>\u2714 Accessoire Herm\u00e8s collectible<br data-start=\"2394\" data-end=\"2397\" \/>\u2714 Pi\u00e8ce rare<\/p>\n<p data-start=\"2413\" data-end=\"2502\">Les accessoires Herm\u00e8s issus des th\u00e8mes annuels sont tr\u00e8s pris\u00e9s par les collectionneurs.<\/p>\n<hr data-start=\"2504\" data-end=\"2507\" \/>\n<h2 data-section-id=\"243cdx\" data-start=\"2509\" data-end=\"2546\">Un accessoire Herm\u00e8s de collection<\/h2>\n<p data-start=\"2548\" data-end=\"2590\">Ce <strong data-start=\"2551\" data-end=\"2584\">bijou de sac Herm\u00e8s c\u0153ur 2004<\/strong> est :<\/p>\n<ul data-start=\"2592\" data-end=\"2701\">\n<li data-section-id=\"17emro2\" data-start=\"2592\" data-end=\"2631\">Un accessoire \u00e9l\u00e9gant et distinctif<\/li>\n<li data-section-id=\"a69inz\" data-start=\"2632\" data-end=\"2666\">Une pi\u00e8ce de collection Herm\u00e8s<\/li>\n<li data-section-id=\"1wz8vh4\" data-start=\"2667\" data-end=\"2701\">Un objet symbolique et cr\u00e9atif<\/li>\n<\/ul>\n<hr data-start=\"2703\" data-end=\"2706\" \/>\n<h2 data-section-id=\"8dtpi\" data-start=\"2708\" data-end=\"2721\">Conclusion<\/h2>\n<p data-start=\"2723\" data-end=\"2922\">Ce <strong data-start=\"2726\" data-end=\"2790\">bijou de sac Herm\u00e8s dor\u00e9 \u201cVive l\u2019Id\u00e9e\u201d 2004 en forme de c\u0153ur<\/strong>, en <strong data-start=\"2795\" data-end=\"2812\">tr\u00e8s bon \u00e9tat<\/strong>, est une <strong data-start=\"2822\" data-end=\"2849\">pi\u00e8ce rare et originale<\/strong>, parfaite pour enrichir une collection ou personnaliser un sac iconique.<\/p>\n<p>Suivez &#8211; nous sur <a href=\"https:\/\/www.facebook.com\/TheVintageTravelerFR\">Facebook<\/a> et <a href=\"https:\/\/www.instagram.com\/the_vintagetraveler\/?igsh=aXdsbDJkdnpwZjcx#\">Instagram<\/a><\/p>\n","protected":false},"excerpt":{"rendered":"<p>Bijou de sac Herm\u00e8s dor\u00e9 en forme de c\u0153ur \u201cVive l\u2019id\u00e9e\u201d 2004. Tr\u00e8s bon \u00e9tat.<\/p>\n","protected":false},"featured_media":8877,"template":"","meta":[],"product_brand":[],"product_cat":[123,115,125,175,140],"product_tag":[136],"class_list":{"0":"post-8874","1":"product","2":"type-product","3":"status-publish","4":"has-post-thumbnail","6":"product_cat-bijoux-de-luxe-vintage","7":"product_cat-hermes","8":"product_cat-hermes-bijoux","9":"product_cat-lifestyle-maison-hermes","10":"product_cat-nouveautes","11":"product_tag-hermes","13":"first","14":"instock","15":"sold-individually","16":"shipping-taxable","17":"purchasable","18":"product-type-simple"},"yoast_head":"<!-- This site is optimized with the Yoast SEO plugin v27.1.1 - https:\/\/yoast.com\/product\/yoast-seo-wordpress\/ -->\n<title>Bijou Sac C\u0153ur 2004 | Herm\u00e8s<\/title>\n<meta name=\"description\" content=\"Bijou de sac Herm\u00e8s dor\u00e9 c\u0153ur \u201cVive l\u2019id\u00e9e\u201d 2004. Accessoire rare issu des th\u00e8mes annuels Herm\u00e8s.\" \/>\n<meta name=\"robots\" content=\"index, follow, max-snippet:-1, max-image-preview:large, max-video-preview:-1\" \/>\n<link rel=\"canonical\" href=\"https:\/\/thevintagetraveler.com\/en\/produit\/bijou-sac-hermes-coeur-2004-vive-lidee\/\" \/>\n<meta property=\"og:locale\" content=\"en_US\" \/>\n<meta property=\"og:type\" content=\"article\" \/>\n<meta property=\"og:title\" content=\"Bijou Sac C\u0153ur 2004 | Herm\u00e8s\" \/>\n<meta property=\"og:description\" content=\"Bijou de sac Herm\u00e8s dor\u00e9 c\u0153ur \u201cVive l\u2019id\u00e9e\u201d 2004. Accessoire rare issu des th\u00e8mes annuels Herm\u00e8s.\" \/>\n<meta property=\"og:url\" content=\"https:\/\/thevintagetraveler.com\/en\/produit\/bijou-sac-hermes-coeur-2004-vive-lidee\/\" \/>\n<meta property=\"og:site_name\" content=\"TheVintageTraveler\" \/>\n<meta property=\"article:publisher\" content=\"https:\/\/www.facebook.com\/TheVintageTravelerFR\/\" \/>\n<meta property=\"article:modified_time\" content=\"2026-04-20T11:15:41+00:00\" \/>\n<meta property=\"og:image\" content=\"https:\/\/thevintagetraveler.com\/wp-content\/uploads\/2026\/04\/image00052-1.jpeg\" \/>\n\t<meta property=\"og:image:width\" content=\"1800\" \/>\n\t<meta property=\"og:image:height\" content=\"2400\" \/>\n\t<meta property=\"og:image:type\" content=\"image\/jpeg\" \/>\n<meta name=\"twitter:card\" content=\"summary_large_image\" \/>\n<meta name=\"twitter:label1\" content=\"Est. reading time\" \/>\n\t<meta name=\"twitter:data1\" content=\"2 minutes\" \/>\n<script type=\"application\/ld+json\" class=\"yoast-schema-graph\">{\"@context\":\"https:\/\/schema.org\",\"@graph\":[{\"@type\":\"WebPage\",\"@id\":\"https:\/\/thevintagetraveler.com\/en\/produit\/bijou-sac-hermes-coeur-2004-vive-lidee\/\",\"url\":\"https:\/\/thevintagetraveler.com\/en\/produit\/bijou-sac-hermes-coeur-2004-vive-lidee\/\",\"name\":\"Bijou Sac C\u0153ur 2004 | Herm\u00e8s\",\"isPartOf\":{\"@id\":\"https:\/\/thevintagetraveler.com\/en\/#website\"},\"primaryImageOfPage\":{\"@id\":\"https:\/\/thevintagetraveler.com\/en\/produit\/bijou-sac-hermes-coeur-2004-vive-lidee\/#primaryimage\"},\"image\":{\"@id\":\"https:\/\/thevintagetraveler.com\/en\/produit\/bijou-sac-hermes-coeur-2004-vive-lidee\/#primaryimage\"},\"thumbnailUrl\":\"https:\/\/thevintagetraveler.com\/wp-content\/uploads\/2026\/04\/image00052-1.jpeg\",\"datePublished\":\"2026-04-20T11:07:52+00:00\",\"dateModified\":\"2026-04-20T11:15:41+00:00\",\"description\":\"Bijou de sac Herm\u00e8s dor\u00e9 c\u0153ur \u201cVive l\u2019id\u00e9e\u201d 2004. Accessoire rare issu des th\u00e8mes annuels Herm\u00e8s.\",\"breadcrumb\":{\"@id\":\"https:\/\/thevintagetraveler.com\/en\/produit\/bijou-sac-hermes-coeur-2004-vive-lidee\/#breadcrumb\"},\"inLanguage\":\"en-US\",\"potentialAction\":[{\"@type\":\"ReadAction\",\"target\":[\"https:\/\/thevintagetraveler.com\/en\/produit\/bijou-sac-hermes-coeur-2004-vive-lidee\/\"]}]},{\"@type\":\"ImageObject\",\"inLanguage\":\"en-US\",\"@id\":\"https:\/\/thevintagetraveler.com\/en\/produit\/bijou-sac-hermes-coeur-2004-vive-lidee\/#primaryimage\",\"url\":\"https:\/\/thevintagetraveler.com\/wp-content\/uploads\/2026\/04\/image00052-1.jpeg\",\"contentUrl\":\"https:\/\/thevintagetraveler.com\/wp-content\/uploads\/2026\/04\/image00052-1.jpeg\",\"width\":1800,\"height\":2400,\"caption\":\"bijou de sac Herm\u00e8s c\u0153ur 2004 vive l\u2019id\u00e9e\"},{\"@type\":\"BreadcrumbList\",\"@id\":\"https:\/\/thevintagetraveler.com\/en\/produit\/bijou-sac-hermes-coeur-2004-vive-lidee\/#breadcrumb\",\"itemListElement\":[{\"@type\":\"ListItem\",\"position\":1,\"name\":\"Accueil\",\"item\":\"https:\/\/thevintagetraveler.com\/en\/\"},{\"@type\":\"ListItem\",\"position\":2,\"name\":\"Shop\",\"item\":\"https:\/\/thevintagetraveler.com\/shop\/\"},{\"@type\":\"ListItem\",\"position\":3,\"name\":\"Bijou de sac Herm\u00e8s C\u0153ur Dor\u00e9\"}]},{\"@type\":\"WebSite\",\"@id\":\"https:\/\/thevintagetraveler.com\/en\/#website\",\"url\":\"https:\/\/thevintagetraveler.com\/en\/\",\"name\":\"TheVintageTraveler\",\"description\":\"Luxury experts in Louis Vuitton, Chanel &amp; Herm\u00e8s\",\"publisher\":{\"@id\":\"https:\/\/thevintagetraveler.com\/en\/#organization\"},\"potentialAction\":[{\"@type\":\"SearchAction\",\"target\":{\"@type\":\"EntryPoint\",\"urlTemplate\":\"https:\/\/thevintagetraveler.com\/en\/?s={search_term_string}\"},\"query-input\":{\"@type\":\"PropertyValueSpecification\",\"valueRequired\":true,\"valueName\":\"search_term_string\"}}],\"inLanguage\":\"en-US\"},{\"@type\":\"Organization\",\"@id\":\"https:\/\/thevintagetraveler.com\/en\/#organization\",\"name\":\"TheVintageTraveler\",\"url\":\"https:\/\/thevintagetraveler.com\/en\/\",\"logo\":{\"@type\":\"ImageObject\",\"inLanguage\":\"en-US\",\"@id\":\"https:\/\/thevintagetraveler.com\/en\/#\/schema\/logo\/image\/\",\"url\":\"https:\/\/thevintagetraveler.com\/wp-content\/uploads\/2025\/04\/LOGO-THE-VINTAGE-TRAVELER-FINAL-e1745392697678.png\",\"contentUrl\":\"https:\/\/thevintagetraveler.com\/wp-content\/uploads\/2025\/04\/LOGO-THE-VINTAGE-TRAVELER-FINAL-e1745392697678.png\",\"width\":798,\"height\":318,\"caption\":\"TheVintageTraveler\"},\"image\":{\"@id\":\"https:\/\/thevintagetraveler.com\/en\/#\/schema\/logo\/image\/\"},\"sameAs\":[\"https:\/\/www.facebook.com\/TheVintageTravelerFR\/\",\"https:\/\/www.instagram.com\/the_vintagetraveler\"]}]}<\/script>\n<!-- \/ Yoast SEO plugin. -->","yoast_head_json":{"title":"Bijou Sac C\u0153ur 2004 | Herm\u00e8s","description":"Bijou de sac Herm\u00e8s dor\u00e9 c\u0153ur \u201cVive l\u2019id\u00e9e\u201d 2004. Accessoire rare issu des th\u00e8mes annuels Herm\u00e8s.","robots":{"index":"index","follow":"follow","max-snippet":"max-snippet:-1","max-image-preview":"max-image-preview:large","max-video-preview":"max-video-preview:-1"},"canonical":"https:\/\/thevintagetraveler.com\/en\/produit\/bijou-sac-hermes-coeur-2004-vive-lidee\/","og_locale":"en_US","og_type":"article","og_title":"Bijou Sac C\u0153ur 2004 | Herm\u00e8s","og_description":"Bijou de sac Herm\u00e8s dor\u00e9 c\u0153ur \u201cVive l\u2019id\u00e9e\u201d 2004. Accessoire rare issu des th\u00e8mes annuels Herm\u00e8s.","og_url":"https:\/\/thevintagetraveler.com\/en\/produit\/bijou-sac-hermes-coeur-2004-vive-lidee\/","og_site_name":"TheVintageTraveler","article_publisher":"https:\/\/www.facebook.com\/TheVintageTravelerFR\/","article_modified_time":"2026-04-20T11:15:41+00:00","og_image":[{"width":1800,"height":2400,"url":"https:\/\/thevintagetraveler.com\/wp-content\/uploads\/2026\/04\/image00052-1.jpeg","type":"image\/jpeg"}],"twitter_card":"summary_large_image","twitter_misc":{"Est. reading time":"2 minutes"},"schema":{"@context":"https:\/\/schema.org","@graph":[{"@type":"WebPage","@id":"https:\/\/thevintagetraveler.com\/en\/produit\/bijou-sac-hermes-coeur-2004-vive-lidee\/","url":"https:\/\/thevintagetraveler.com\/en\/produit\/bijou-sac-hermes-coeur-2004-vive-lidee\/","name":"Bijou Sac C\u0153ur 2004 | Herm\u00e8s","isPartOf":{"@id":"https:\/\/thevintagetraveler.com\/en\/#website"},"primaryImageOfPage":{"@id":"https:\/\/thevintagetraveler.com\/en\/produit\/bijou-sac-hermes-coeur-2004-vive-lidee\/#primaryimage"},"image":{"@id":"https:\/\/thevintagetraveler.com\/en\/produit\/bijou-sac-hermes-coeur-2004-vive-lidee\/#primaryimage"},"thumbnailUrl":"https:\/\/thevintagetraveler.com\/wp-content\/uploads\/2026\/04\/image00052-1.jpeg","datePublished":"2026-04-20T11:07:52+00:00","dateModified":"2026-04-20T11:15:41+00:00","description":"Bijou de sac Herm\u00e8s dor\u00e9 c\u0153ur \u201cVive l\u2019id\u00e9e\u201d 2004. Accessoire rare issu des th\u00e8mes annuels Herm\u00e8s.","breadcrumb":{"@id":"https:\/\/thevintagetraveler.com\/en\/produit\/bijou-sac-hermes-coeur-2004-vive-lidee\/#breadcrumb"},"inLanguage":"en-US","potentialAction":[{"@type":"ReadAction","target":["https:\/\/thevintagetraveler.com\/en\/produit\/bijou-sac-hermes-coeur-2004-vive-lidee\/"]}]},{"@type":"ImageObject","inLanguage":"en-US","@id":"https:\/\/thevintagetraveler.com\/en\/produit\/bijou-sac-hermes-coeur-2004-vive-lidee\/#primaryimage","url":"https:\/\/thevintagetraveler.com\/wp-content\/uploads\/2026\/04\/image00052-1.jpeg","contentUrl":"https:\/\/thevintagetraveler.com\/wp-content\/uploads\/2026\/04\/image00052-1.jpeg","width":1800,"height":2400,"caption":"bijou de sac Herm\u00e8s c\u0153ur 2004 vive l\u2019id\u00e9e"},{"@type":"BreadcrumbList","@id":"https:\/\/thevintagetraveler.com\/en\/produit\/bijou-sac-hermes-coeur-2004-vive-lidee\/#breadcrumb","itemListElement":[{"@type":"ListItem","position":1,"name":"Accueil","item":"https:\/\/thevintagetraveler.com\/en\/"},{"@type":"ListItem","position":2,"name":"Shop","item":"https:\/\/thevintagetraveler.com\/shop\/"},{"@type":"ListItem","position":3,"name":"Bijou de sac Herm\u00e8s C\u0153ur Dor\u00e9"}]},{"@type":"WebSite","@id":"https:\/\/thevintagetraveler.com\/en\/#website","url":"https:\/\/thevintagetraveler.com\/en\/","name":"TheVintageTraveler","description":"Luxury experts in Louis Vuitton, Chanel &amp; Herm\u00e8s","publisher":{"@id":"https:\/\/thevintagetraveler.com\/en\/#organization"},"potentialAction":[{"@type":"SearchAction","target":{"@type":"EntryPoint","urlTemplate":"https:\/\/thevintagetraveler.com\/en\/?s={search_term_string}"},"query-input":{"@type":"PropertyValueSpecification","valueRequired":true,"valueName":"search_term_string"}}],"inLanguage":"en-US"},{"@type":"Organization","@id":"https:\/\/thevintagetraveler.com\/en\/#organization","name":"TheVintageTraveler","url":"https:\/\/thevintagetraveler.com\/en\/","logo":{"@type":"ImageObject","inLanguage":"en-US","@id":"https:\/\/thevintagetraveler.com\/en\/#\/schema\/logo\/image\/","url":"https:\/\/thevintagetraveler.com\/wp-content\/uploads\/2025\/04\/LOGO-THE-VINTAGE-TRAVELER-FINAL-e1745392697678.png","contentUrl":"https:\/\/thevintagetraveler.com\/wp-content\/uploads\/2025\/04\/LOGO-THE-VINTAGE-TRAVELER-FINAL-e1745392697678.png","width":798,"height":318,"caption":"TheVintageTraveler"},"image":{"@id":"https:\/\/thevintagetraveler.com\/en\/#\/schema\/logo\/image\/"},"sameAs":["https:\/\/www.facebook.com\/TheVintageTravelerFR\/","https:\/\/www.instagram.com\/the_vintagetraveler"]}]}},"_links":{"self":[{"href":"https:\/\/thevintagetraveler.com\/en\/wp-json\/wp\/v2\/product\/8874","targetHints":{"allow":["GET"]}}],"collection":[{"href":"https:\/\/thevintagetraveler.com\/en\/wp-json\/wp\/v2\/product"}],"about":[{"href":"https:\/\/thevintagetraveler.com\/en\/wp-json\/wp\/v2\/types\/product"}],"wp:featuredmedia":[{"embeddable":true,"href":"https:\/\/thevintagetraveler.com\/en\/wp-json\/wp\/v2\/media\/8877"}],"wp:attachment":[{"href":"https:\/\/thevintagetraveler.com\/en\/wp-json\/wp\/v2\/media?parent=8874"}],"wp:term":[{"taxonomy":"product_brand","embeddable":true,"href":"https:\/\/thevintagetraveler.com\/en\/wp-json\/wp\/v2\/product_brand?post=8874"},{"taxonomy":"product_cat","embeddable":true,"href":"https:\/\/thevintagetraveler.com\/en\/wp-json\/wp\/v2\/product_cat?post=8874"},{"taxonomy":"product_tag","embeddable":true,"href":"https:\/\/thevintagetraveler.com\/en\/wp-json\/wp\/v2\/product_tag?post=8874"}],"curies":[{"name":"wp","href":"https:\/\/api.w.org\/{rel}","templated":true}]}}