{"id":9099,"date":"2026-05-10T15:40:18","date_gmt":"2026-05-10T13:40:18","guid":{"rendered":"https:\/\/thevintagetraveler.com\/?post_type=product&#038;p=9099"},"modified":"2026-05-10T15:48:36","modified_gmt":"2026-05-10T13:48:36","slug":"sac-chanel-mini-square-vintage-noir-1991","status":"publish","type":"product","link":"https:\/\/thevintagetraveler.com\/en\/produit\/sac-chanel-mini-square-vintage-noir-1991\/","title":{"rendered":"Sac Chanel Mini Square Vintage"},"content":{"rendered":"<hr data-start=\"986\" data-end=\"989\" \/>\n<h2 data-section-id=\"hu8g9j\" data-start=\"685\" data-end=\"762\">Sac Chanel Mini Square Vintage \u2013 Cuir d\u2019Agneau Noir, Finitions Gold (1991)<\/h2>\n<p data-start=\"764\" data-end=\"1014\">Ce <strong data-start=\"767\" data-end=\"801\">sac Chanel Mini Square vintage<\/strong>, r\u00e9alis\u00e9 en <strong data-start=\"814\" data-end=\"836\">cuir d\u2019agneau noir<\/strong> avec <strong data-start=\"842\" data-end=\"860\">finitions gold<\/strong>, date de <strong data-start=\"870\" data-end=\"878\">1991<\/strong>. Il incarne parfaitement l\u2019\u00e9l\u00e9gance intemporelle et le raffinement embl\u00e9matique de la maison <strong data-start=\"972\" data-end=\"1013\"><span class=\"hover:entity-accent entity-underline inline cursor-pointer align-baseline\"><span class=\"whitespace-normal\">Chanel<\/span><\/span><\/strong>.<\/p>\n<p data-start=\"1016\" data-end=\"1193\">Tr\u00e8s recherch\u00e9 par les collectionneurs, le <strong data-start=\"1059\" data-end=\"1074\">Mini Square<\/strong> est aujourd\u2019hui l\u2019un des formats vintage les plus d\u00e9sirables de <a href=\"https:\/\/thevintagetraveler.com\/rachat-sac-chanel\/\">Chanel<\/a> gr\u00e2ce \u00e0 sa silhouette compacte et sophistiqu\u00e9e.<\/p>\n<p data-start=\"1195\" data-end=\"1383\">\ud83d\udcd0 <strong data-start=\"1198\" data-end=\"1251\">Dimensions : 19 cm de largeur x 15 cm de hauteur.<\/strong><br data-start=\"1251\" data-end=\"1254\" \/>Un format mini \u00e9l\u00e9gant et pratique, parfait pour un port\u00e9 \u00e9paule ou crossbody tout en conservant l\u2019esprit chic intemporel Chanel.<\/p>\n<hr data-start=\"1385\" data-end=\"1388\" \/>\n<h2 data-section-id=\"wdx7ie\" data-start=\"1390\" data-end=\"1435\">Le Mini Square : un mod\u00e8le iconique Chanel<\/h2>\n<p data-start=\"1437\" data-end=\"1482\">Le <strong data-start=\"1440\" data-end=\"1462\">Mini Square Chanel<\/strong> est appr\u00e9ci\u00e9 pour :<\/p>\n<ul data-start=\"1484\" data-end=\"1646\">\n<li data-section-id=\"1v1mhgy\" data-start=\"1484\" data-end=\"1517\">Son format compact et raffin\u00e9<\/li>\n<li data-section-id=\"1ukax7h\" data-start=\"1518\" data-end=\"1559\">Sa silhouette structur\u00e9e embl\u00e9matique<\/li>\n<li data-section-id=\"1rdzkv0\" data-start=\"1560\" data-end=\"1605\">Son usage aussi bien de jour qu\u2019en soir\u00e9e<\/li>\n<li data-section-id=\"10dbn20\" data-start=\"1606\" data-end=\"1646\">Sa forte d\u00e9sirabilit\u00e9 internationale<\/li>\n<\/ul>\n<p data-start=\"1648\" data-end=\"1724\">Les mod\u00e8les vintage du d\u00e9but des ann\u00e9es 90 sont particuli\u00e8rement recherch\u00e9s.<\/p>\n<hr data-start=\"1726\" data-end=\"1729\" \/>\n<h2 data-section-id=\"3khr4n\" data-start=\"1731\" data-end=\"1769\">Cuir d\u2019agneau noir &amp; finitions gold<\/h2>\n<ul data-start=\"1771\" data-end=\"1950\">\n<li data-section-id=\"yewlww\" data-start=\"1771\" data-end=\"1811\"><strong data-start=\"1773\" data-end=\"1790\">Cuir d\u2019agneau<\/strong>, souple et luxueux<\/li>\n<li data-section-id=\"15a8mw8\" data-start=\"1812\" data-end=\"1853\"><strong data-start=\"1814\" data-end=\"1833\">Noir intemporel<\/strong>, signature Chanel<\/li>\n<li data-section-id=\"1l68e8m\" data-start=\"1854\" data-end=\"1902\"><strong data-start=\"1856\" data-end=\"1875\">Bijouterie gold<\/strong>, \u00e9l\u00e9gante et chaleureuse<\/li>\n<li data-section-id=\"138bq2y\" data-start=\"1903\" data-end=\"1950\">Superbe rendu vintage avec patine naturelle<\/li>\n<\/ul>\n<p data-start=\"1952\" data-end=\"2013\">Cette combinaison fait partie des plus iconiques chez Chanel.<\/p>\n<hr data-start=\"2015\" data-end=\"2018\" \/>\n<h2 data-section-id=\"5r7msm\" data-start=\"2020\" data-end=\"2042\">\u00c9tat &amp; conservation<\/h2>\n<ul data-start=\"2044\" data-end=\"2167\">\n<li data-section-id=\"vi89n4\" data-start=\"2044\" data-end=\"2073\"><strong data-start=\"2046\" data-end=\"2071\">Tr\u00e8s bel \u00e9tat vintage<\/strong><\/li>\n<li data-section-id=\"azz8e3\" data-start=\"2074\" data-end=\"2104\">Belle conservation du cuir<\/li>\n<li data-section-id=\"1w09nk9\" data-start=\"2105\" data-end=\"2134\">Finitions gold lumineuses<\/li>\n<li data-section-id=\"nap9yh\" data-start=\"2135\" data-end=\"2167\">Structure \u00e9l\u00e9gante et souple<\/li>\n<\/ul>\n<hr data-start=\"2169\" data-end=\"2172\" \/>\n<h2 data-section-id=\"jzf6bh\" data-start=\"2174\" data-end=\"2204\">Caract\u00e9ristiques du produit<\/h2>\n<ul data-start=\"2206\" data-end=\"2535\">\n<li data-section-id=\"18ru1m0\" data-start=\"2206\" data-end=\"2229\"><strong data-start=\"2208\" data-end=\"2220\">Maison :<\/strong> Chanel<\/li>\n<li data-section-id=\"1t8barb\" data-start=\"2230\" data-end=\"2258\"><strong data-start=\"2232\" data-end=\"2244\">Mod\u00e8le :<\/strong> Mini Square<\/li>\n<li data-section-id=\"72ro7z\" data-start=\"2259\" data-end=\"2279\"><strong data-start=\"2261\" data-end=\"2272\">Ann\u00e9e :<\/strong> 1991<\/li>\n<li data-section-id=\"1y90kb9\" data-start=\"2280\" data-end=\"2311\"><strong data-start=\"2282\" data-end=\"2295\">Mati\u00e8re :<\/strong> Cuir d\u2019agneau<\/li>\n<li data-section-id=\"3cnlmn\" data-start=\"2312\" data-end=\"2334\"><strong data-start=\"2314\" data-end=\"2327\">Couleur :<\/strong> Noir<\/li>\n<li data-section-id=\"2agzth\" data-start=\"2335\" data-end=\"2359\"><strong data-start=\"2337\" data-end=\"2352\">Finitions :<\/strong> Gold<\/li>\n<li data-section-id=\"1e8goec\" data-start=\"2360\" data-end=\"2391\"><strong data-start=\"2362\" data-end=\"2378\">Dimensions :<\/strong> 19 \u00d7 15 cm<\/li>\n<li data-section-id=\"fo80ei\" data-start=\"2392\" data-end=\"2428\"><strong data-start=\"2394\" data-end=\"2404\">\u00c9tat :<\/strong> Tr\u00e8s bon \u00e9tat vintage<\/li>\n<li data-section-id=\"1ycmn16\" data-start=\"2429\" data-end=\"2476\"><strong data-start=\"2431\" data-end=\"2442\">Usage :<\/strong> Quotidien \u00b7 Soir\u00e9e \u00b7 Collection<\/li>\n<li data-section-id=\"1vltg8x\" data-start=\"2477\" data-end=\"2535\"><strong data-start=\"2479\" data-end=\"2501\">Authentification :<\/strong> Certifi\u00e9 par TheVintageTraveler<\/li>\n<\/ul>\n<hr data-start=\"2537\" data-end=\"2540\" \/>\n<h2 data-section-id=\"1te71ky\" data-start=\"2542\" data-end=\"2591\">Pourquoi ce Chanel Mini Square est recherch\u00e9 ?<\/h2>\n<p data-start=\"2593\" data-end=\"2736\">\u2714 Format Mini Square iconique<br data-start=\"2622\" data-end=\"2625\" \/>\u2714 Ann\u00e9e 1991 recherch\u00e9e<br data-start=\"2648\" data-end=\"2651\" \/>\u2714 Cuir d\u2019agneau luxueux<br data-start=\"2674\" data-end=\"2677\" \/>\u2714 Finitions gold vintage<br data-start=\"2701\" data-end=\"2704\" \/>\u2714 Forte demande collectionneur<\/p>\n<p data-start=\"2738\" data-end=\"2839\">Les <strong data-start=\"2742\" data-end=\"2765\">Mini Chanel vintage<\/strong> sont aujourd\u2019hui parmi les sacs les plus recherch\u00e9s du march\u00e9 secondaire.<\/p>\n<hr data-start=\"2841\" data-end=\"2844\" \/>\n<h2 data-section-id=\"162fkxt\" data-start=\"2846\" data-end=\"2884\">Un investissement Chanel intemporel<\/h2>\n<p data-start=\"2886\" data-end=\"2929\">Ce <strong data-start=\"2889\" data-end=\"2916\">Mini Square Chanel 1991<\/strong> repr\u00e9sente :<\/p>\n<ul data-start=\"2931\" data-end=\"3085\">\n<li data-section-id=\"w38y8o\" data-start=\"2931\" data-end=\"2971\">Une pi\u00e8ce iconique du vintage Chanel<\/li>\n<li data-section-id=\"1mc0xln\" data-start=\"2972\" data-end=\"3010\">Une forte liquidit\u00e9 internationale<\/li>\n<li data-section-id=\"iq60eg\" data-start=\"3011\" data-end=\"3042\">Un mod\u00e8le rare et recherch\u00e9<\/li>\n<li data-section-id=\"g3girx\" data-start=\"3043\" data-end=\"3085\">Un investissement dans le luxe vintage<\/li>\n<\/ul>\n<hr data-start=\"3087\" data-end=\"3090\" \/>\n<h2 data-section-id=\"8dtpi\" data-start=\"3092\" data-end=\"3105\">Conclusion<\/h2>\n<p data-start=\"3107\" data-end=\"3317\" data-is-last-node=\"\" data-is-only-node=\"\">Ce <strong data-start=\"3110\" data-end=\"3186\">sac Chanel Mini Square vintage en cuir d\u2019agneau noir avec finitions gold<\/strong>, datant de <strong data-start=\"3198\" data-end=\"3206\">1991<\/strong>, est une <strong data-start=\"3216\" data-end=\"3254\">pi\u00e8ce embl\u00e9matique et intemporelle<\/strong>, id\u00e9ale pour les amateurs de <strong data-start=\"3284\" data-end=\"3316\">Chanel vintage de collection<\/strong>.<\/p>\n<p>Suivez &#8211; nous sur <a href=\"https:\/\/www.facebook.com\/TheVintageTravelerFR\">Facebook<\/a> et <a href=\"https:\/\/www.instagram.com\/the_vintagetraveler\/?igsh=aXdsbDJkdnpwZjcx#\">Instagram<\/a><\/p>\n","protected":false},"excerpt":{"rendered":"<p>Sac Chanel Mini Square vintage 1991 en cuir d\u2019agneau noir avec finitions gold. Pi\u00e8ce iconique.<\/p>\n","protected":false},"featured_media":9106,"template":"","meta":[],"product_brand":[],"product_cat":[285,274,295,279],"product_tag":[287,332],"class_list":{"0":"post-9099","1":"product","2":"type-product","3":"status-publish","4":"has-post-thumbnail","6":"product_cat-chanel","7":"product_cat-news","8":"product_cat-handbag-2","9":"product_cat-bags","10":"product_tag-chanel","11":"product_tag-chanelmini","13":"first","14":"instock","15":"sold-individually","16":"shipping-taxable","17":"purchasable","18":"product-type-simple"},"yoast_head":"<!-- This site is optimized with the Yoast SEO plugin v27.1.1 - https:\/\/yoast.com\/product\/yoast-seo-wordpress\/ -->\n<title>Mini Square Chanel 1991 Gold | Chanel<\/title>\n<meta name=\"description\" content=\"Sac Chanel Mini Square vintage 1991 en cuir d\u2019agneau noir avec finitions gold. Mod\u00e8le iconique et recherch\u00e9.\" \/>\n<meta name=\"robots\" content=\"index, follow, max-snippet:-1, max-image-preview:large, max-video-preview:-1\" \/>\n<link rel=\"canonical\" href=\"https:\/\/thevintagetraveler.com\/en\/produit\/sac-chanel-mini-square-vintage-noir-1991\/\" \/>\n<meta property=\"og:locale\" content=\"en_US\" \/>\n<meta property=\"og:type\" content=\"article\" \/>\n<meta property=\"og:title\" content=\"Mini Square Chanel 1991 Gold | Chanel\" \/>\n<meta property=\"og:description\" content=\"Sac Chanel Mini Square vintage 1991 en cuir d\u2019agneau noir avec finitions gold. Mod\u00e8le iconique et recherch\u00e9.\" \/>\n<meta property=\"og:url\" content=\"https:\/\/thevintagetraveler.com\/en\/produit\/sac-chanel-mini-square-vintage-noir-1991\/\" \/>\n<meta property=\"og:site_name\" content=\"TheVintageTraveler\" \/>\n<meta property=\"article:publisher\" content=\"https:\/\/www.facebook.com\/TheVintageTravelerFR\/\" \/>\n<meta property=\"article:modified_time\" content=\"2026-05-10T13:48:36+00:00\" \/>\n<meta property=\"og:image\" content=\"https:\/\/thevintagetraveler.com\/wp-content\/uploads\/2026\/05\/image00016.jpeg\" \/>\n\t<meta property=\"og:image:width\" content=\"1800\" \/>\n\t<meta property=\"og:image:height\" content=\"2400\" \/>\n\t<meta property=\"og:image:type\" content=\"image\/jpeg\" \/>\n<meta name=\"twitter:card\" content=\"summary_large_image\" \/>\n<meta name=\"twitter:label1\" content=\"Est. reading time\" \/>\n\t<meta name=\"twitter:data1\" content=\"2 minutes\" \/>\n<script type=\"application\/ld+json\" class=\"yoast-schema-graph\">{\"@context\":\"https:\/\/schema.org\",\"@graph\":[{\"@type\":\"WebPage\",\"@id\":\"https:\/\/thevintagetraveler.com\/en\/produit\/sac-chanel-mini-square-vintage-noir-1991\/\",\"url\":\"https:\/\/thevintagetraveler.com\/en\/produit\/sac-chanel-mini-square-vintage-noir-1991\/\",\"name\":\"Mini Square Chanel 1991 Gold | Chanel\",\"isPartOf\":{\"@id\":\"https:\/\/thevintagetraveler.com\/en\/#website\"},\"primaryImageOfPage\":{\"@id\":\"https:\/\/thevintagetraveler.com\/en\/produit\/sac-chanel-mini-square-vintage-noir-1991\/#primaryimage\"},\"image\":{\"@id\":\"https:\/\/thevintagetraveler.com\/en\/produit\/sac-chanel-mini-square-vintage-noir-1991\/#primaryimage\"},\"thumbnailUrl\":\"https:\/\/thevintagetraveler.com\/wp-content\/uploads\/2026\/05\/image00016.jpeg\",\"datePublished\":\"2026-05-10T13:40:18+00:00\",\"dateModified\":\"2026-05-10T13:48:36+00:00\",\"description\":\"Sac Chanel Mini Square vintage 1991 en cuir d\u2019agneau noir avec finitions gold. Mod\u00e8le iconique et recherch\u00e9.\",\"breadcrumb\":{\"@id\":\"https:\/\/thevintagetraveler.com\/en\/produit\/sac-chanel-mini-square-vintage-noir-1991\/#breadcrumb\"},\"inLanguage\":\"en-US\",\"potentialAction\":[{\"@type\":\"ReadAction\",\"target\":[\"https:\/\/thevintagetraveler.com\/en\/produit\/sac-chanel-mini-square-vintage-noir-1991\/\"]}]},{\"@type\":\"ImageObject\",\"inLanguage\":\"en-US\",\"@id\":\"https:\/\/thevintagetraveler.com\/en\/produit\/sac-chanel-mini-square-vintage-noir-1991\/#primaryimage\",\"url\":\"https:\/\/thevintagetraveler.com\/wp-content\/uploads\/2026\/05\/image00016.jpeg\",\"contentUrl\":\"https:\/\/thevintagetraveler.com\/wp-content\/uploads\/2026\/05\/image00016.jpeg\",\"width\":1800,\"height\":2400,\"caption\":\"sac Chanel mini square vintage noir 1991\"},{\"@type\":\"BreadcrumbList\",\"@id\":\"https:\/\/thevintagetraveler.com\/en\/produit\/sac-chanel-mini-square-vintage-noir-1991\/#breadcrumb\",\"itemListElement\":[{\"@type\":\"ListItem\",\"position\":1,\"name\":\"Accueil\",\"item\":\"https:\/\/thevintagetraveler.com\/en\/\"},{\"@type\":\"ListItem\",\"position\":2,\"name\":\"Shop\",\"item\":\"https:\/\/thevintagetraveler.com\/shop\/\"},{\"@type\":\"ListItem\",\"position\":3,\"name\":\"Sac Chanel Mini Square Vintage\"}]},{\"@type\":\"WebSite\",\"@id\":\"https:\/\/thevintagetraveler.com\/en\/#website\",\"url\":\"https:\/\/thevintagetraveler.com\/en\/\",\"name\":\"TheVintageTraveler\",\"description\":\"Luxury experts in Louis Vuitton, Chanel &amp; Herm\u00e8s\",\"publisher\":{\"@id\":\"https:\/\/thevintagetraveler.com\/en\/#organization\"},\"potentialAction\":[{\"@type\":\"SearchAction\",\"target\":{\"@type\":\"EntryPoint\",\"urlTemplate\":\"https:\/\/thevintagetraveler.com\/en\/?s={search_term_string}\"},\"query-input\":{\"@type\":\"PropertyValueSpecification\",\"valueRequired\":true,\"valueName\":\"search_term_string\"}}],\"inLanguage\":\"en-US\"},{\"@type\":\"Organization\",\"@id\":\"https:\/\/thevintagetraveler.com\/en\/#organization\",\"name\":\"TheVintageTraveler\",\"url\":\"https:\/\/thevintagetraveler.com\/en\/\",\"logo\":{\"@type\":\"ImageObject\",\"inLanguage\":\"en-US\",\"@id\":\"https:\/\/thevintagetraveler.com\/en\/#\/schema\/logo\/image\/\",\"url\":\"https:\/\/thevintagetraveler.com\/wp-content\/uploads\/2025\/04\/LOGO-THE-VINTAGE-TRAVELER-FINAL-e1745392697678.png\",\"contentUrl\":\"https:\/\/thevintagetraveler.com\/wp-content\/uploads\/2025\/04\/LOGO-THE-VINTAGE-TRAVELER-FINAL-e1745392697678.png\",\"width\":798,\"height\":318,\"caption\":\"TheVintageTraveler\"},\"image\":{\"@id\":\"https:\/\/thevintagetraveler.com\/en\/#\/schema\/logo\/image\/\"},\"sameAs\":[\"https:\/\/www.facebook.com\/TheVintageTravelerFR\/\",\"https:\/\/www.instagram.com\/the_vintagetraveler\"]}]}<\/script>\n<!-- \/ Yoast SEO plugin. -->","yoast_head_json":{"title":"Mini Square Chanel 1991 Gold | Chanel","description":"Sac Chanel Mini Square vintage 1991 en cuir d\u2019agneau noir avec finitions gold. Mod\u00e8le iconique et recherch\u00e9.","robots":{"index":"index","follow":"follow","max-snippet":"max-snippet:-1","max-image-preview":"max-image-preview:large","max-video-preview":"max-video-preview:-1"},"canonical":"https:\/\/thevintagetraveler.com\/en\/produit\/sac-chanel-mini-square-vintage-noir-1991\/","og_locale":"en_US","og_type":"article","og_title":"Mini Square Chanel 1991 Gold | Chanel","og_description":"Sac Chanel Mini Square vintage 1991 en cuir d\u2019agneau noir avec finitions gold. Mod\u00e8le iconique et recherch\u00e9.","og_url":"https:\/\/thevintagetraveler.com\/en\/produit\/sac-chanel-mini-square-vintage-noir-1991\/","og_site_name":"TheVintageTraveler","article_publisher":"https:\/\/www.facebook.com\/TheVintageTravelerFR\/","article_modified_time":"2026-05-10T13:48:36+00:00","og_image":[{"width":1800,"height":2400,"url":"https:\/\/thevintagetraveler.com\/wp-content\/uploads\/2026\/05\/image00016.jpeg","type":"image\/jpeg"}],"twitter_card":"summary_large_image","twitter_misc":{"Est. reading time":"2 minutes"},"schema":{"@context":"https:\/\/schema.org","@graph":[{"@type":"WebPage","@id":"https:\/\/thevintagetraveler.com\/en\/produit\/sac-chanel-mini-square-vintage-noir-1991\/","url":"https:\/\/thevintagetraveler.com\/en\/produit\/sac-chanel-mini-square-vintage-noir-1991\/","name":"Mini Square Chanel 1991 Gold | Chanel","isPartOf":{"@id":"https:\/\/thevintagetraveler.com\/en\/#website"},"primaryImageOfPage":{"@id":"https:\/\/thevintagetraveler.com\/en\/produit\/sac-chanel-mini-square-vintage-noir-1991\/#primaryimage"},"image":{"@id":"https:\/\/thevintagetraveler.com\/en\/produit\/sac-chanel-mini-square-vintage-noir-1991\/#primaryimage"},"thumbnailUrl":"https:\/\/thevintagetraveler.com\/wp-content\/uploads\/2026\/05\/image00016.jpeg","datePublished":"2026-05-10T13:40:18+00:00","dateModified":"2026-05-10T13:48:36+00:00","description":"Sac Chanel Mini Square vintage 1991 en cuir d\u2019agneau noir avec finitions gold. Mod\u00e8le iconique et recherch\u00e9.","breadcrumb":{"@id":"https:\/\/thevintagetraveler.com\/en\/produit\/sac-chanel-mini-square-vintage-noir-1991\/#breadcrumb"},"inLanguage":"en-US","potentialAction":[{"@type":"ReadAction","target":["https:\/\/thevintagetraveler.com\/en\/produit\/sac-chanel-mini-square-vintage-noir-1991\/"]}]},{"@type":"ImageObject","inLanguage":"en-US","@id":"https:\/\/thevintagetraveler.com\/en\/produit\/sac-chanel-mini-square-vintage-noir-1991\/#primaryimage","url":"https:\/\/thevintagetraveler.com\/wp-content\/uploads\/2026\/05\/image00016.jpeg","contentUrl":"https:\/\/thevintagetraveler.com\/wp-content\/uploads\/2026\/05\/image00016.jpeg","width":1800,"height":2400,"caption":"sac Chanel mini square vintage noir 1991"},{"@type":"BreadcrumbList","@id":"https:\/\/thevintagetraveler.com\/en\/produit\/sac-chanel-mini-square-vintage-noir-1991\/#breadcrumb","itemListElement":[{"@type":"ListItem","position":1,"name":"Accueil","item":"https:\/\/thevintagetraveler.com\/en\/"},{"@type":"ListItem","position":2,"name":"Shop","item":"https:\/\/thevintagetraveler.com\/shop\/"},{"@type":"ListItem","position":3,"name":"Sac Chanel Mini Square Vintage"}]},{"@type":"WebSite","@id":"https:\/\/thevintagetraveler.com\/en\/#website","url":"https:\/\/thevintagetraveler.com\/en\/","name":"TheVintageTraveler","description":"Luxury experts in Louis Vuitton, Chanel &amp; Herm\u00e8s","publisher":{"@id":"https:\/\/thevintagetraveler.com\/en\/#organization"},"potentialAction":[{"@type":"SearchAction","target":{"@type":"EntryPoint","urlTemplate":"https:\/\/thevintagetraveler.com\/en\/?s={search_term_string}"},"query-input":{"@type":"PropertyValueSpecification","valueRequired":true,"valueName":"search_term_string"}}],"inLanguage":"en-US"},{"@type":"Organization","@id":"https:\/\/thevintagetraveler.com\/en\/#organization","name":"TheVintageTraveler","url":"https:\/\/thevintagetraveler.com\/en\/","logo":{"@type":"ImageObject","inLanguage":"en-US","@id":"https:\/\/thevintagetraveler.com\/en\/#\/schema\/logo\/image\/","url":"https:\/\/thevintagetraveler.com\/wp-content\/uploads\/2025\/04\/LOGO-THE-VINTAGE-TRAVELER-FINAL-e1745392697678.png","contentUrl":"https:\/\/thevintagetraveler.com\/wp-content\/uploads\/2025\/04\/LOGO-THE-VINTAGE-TRAVELER-FINAL-e1745392697678.png","width":798,"height":318,"caption":"TheVintageTraveler"},"image":{"@id":"https:\/\/thevintagetraveler.com\/en\/#\/schema\/logo\/image\/"},"sameAs":["https:\/\/www.facebook.com\/TheVintageTravelerFR\/","https:\/\/www.instagram.com\/the_vintagetraveler"]}]}},"_links":{"self":[{"href":"https:\/\/thevintagetraveler.com\/en\/wp-json\/wp\/v2\/product\/9099","targetHints":{"allow":["GET"]}}],"collection":[{"href":"https:\/\/thevintagetraveler.com\/en\/wp-json\/wp\/v2\/product"}],"about":[{"href":"https:\/\/thevintagetraveler.com\/en\/wp-json\/wp\/v2\/types\/product"}],"wp:featuredmedia":[{"embeddable":true,"href":"https:\/\/thevintagetraveler.com\/en\/wp-json\/wp\/v2\/media\/9106"}],"wp:attachment":[{"href":"https:\/\/thevintagetraveler.com\/en\/wp-json\/wp\/v2\/media?parent=9099"}],"wp:term":[{"taxonomy":"product_brand","embeddable":true,"href":"https:\/\/thevintagetraveler.com\/en\/wp-json\/wp\/v2\/product_brand?post=9099"},{"taxonomy":"product_cat","embeddable":true,"href":"https:\/\/thevintagetraveler.com\/en\/wp-json\/wp\/v2\/product_cat?post=9099"},{"taxonomy":"product_tag","embeddable":true,"href":"https:\/\/thevintagetraveler.com\/en\/wp-json\/wp\/v2\/product_tag?post=9099"}],"curies":[{"name":"wp","href":"https:\/\/api.w.org\/{rel}","templated":true}]}}