{"id":9110,"date":"2026-05-10T15:50:04","date_gmt":"2026-05-10T13:50:04","guid":{"rendered":"https:\/\/thevintagetraveler.com\/?post_type=product&#038;p=9110"},"modified":"2026-05-10T15:56:09","modified_gmt":"2026-05-10T13:56:09","slug":"bijou-sac-hermes-cadenas-coeur-2004-argente","status":"publish","type":"product","link":"https:\/\/thevintagetraveler.com\/en\/produit\/bijou-sac-hermes-cadenas-coeur-2004-argente\/","title":{"rendered":"Bijou de sac Herm\u00e8s C\u0153ur Argent\u00e9"},"content":{"rendered":"<h2 data-section-id=\"199bstd\" data-start=\"651\" data-end=\"715\">Bijou de Sac Herm\u00e8s \u2013 Cadenas C\u0153ur Argent\u00e9 \u201cVive l\u2019Id\u00e9e\u201d 2004<\/h2>\n<p data-start=\"717\" data-end=\"919\">Ce <strong data-start=\"720\" data-end=\"764\">bijou de sac Herm\u00e8s cadenas c\u0153ur argent\u00e9<\/strong>, issu du th\u00e8me annuel <strong data-start=\"787\" data-end=\"809\">\u201cVive l\u2019Id\u00e9e\u201d 2004<\/strong>, incarne parfaitement la cr\u00e9ativit\u00e9 et le raffinement de la maison <strong data-start=\"877\" data-end=\"918\"><span class=\"hover:entity-accent entity-underline inline cursor-pointer align-baseline\"><span class=\"whitespace-normal\">Herm\u00e8s<\/span><\/span><\/strong>.<\/p>\n<p data-start=\"921\" data-end=\"1090\">\u00c0 la fois accessoire de luxe et objet de collection, cette pi\u00e8ce rare est particuli\u00e8rement recherch\u00e9e par les amateurs d\u2019accessoires <a href=\"https:\/\/thevintagetraveler.com\/rachat-sac-hermes\/\">Herm\u00e8s<\/a> vintage et de th\u00e8mes annuels.<\/p>\n<hr data-start=\"1092\" data-end=\"1095\" \/>\n<h2 data-section-id=\"etyxt9\" data-start=\"1097\" data-end=\"1144\">Un accessoire issu des th\u00e8mes annuels Herm\u00e8s<\/h2>\n<p data-start=\"1146\" data-end=\"1207\">Chaque ann\u00e9e, Herm\u00e8s d\u00e9veloppe un univers cr\u00e9atif sp\u00e9cifique.<\/p>\n<p data-start=\"1209\" data-end=\"1252\">Le th\u00e8me <strong data-start=\"1218\" data-end=\"1242\">\u201cVive l\u2019Id\u00e9e\u201d (2004)<\/strong> c\u00e9l\u00e8bre :<\/p>\n<ul data-start=\"1254\" data-end=\"1328\">\n<li data-section-id=\"1uxyq85\" data-start=\"1254\" data-end=\"1271\">L\u2019imagination<\/li>\n<li data-section-id=\"1ps70ub\" data-start=\"1272\" data-end=\"1289\">La cr\u00e9ativit\u00e9<\/li>\n<li data-section-id=\"1mddafq\" data-start=\"1290\" data-end=\"1328\">L\u2019esprit libre de la maison Herm\u00e8s<\/li>\n<\/ul>\n<p data-start=\"1330\" data-end=\"1409\">Ce cadenas c\u0153ur devient ainsi un v\u00e9ritable <strong data-start=\"1373\" data-end=\"1408\">objet symbolique et collectible<\/strong>.<\/p>\n<hr data-start=\"1411\" data-end=\"1414\" \/>\n<h2 data-section-id=\"s9awh1\" data-start=\"1416\" data-end=\"1455\">Un design c\u0153ur \u00e9l\u00e9gant et intemporel<\/h2>\n<ul data-start=\"1457\" data-end=\"1630\">\n<li data-section-id=\"glsj73\" data-start=\"1457\" data-end=\"1484\"><strong data-start=\"1459\" data-end=\"1482\">Forme c\u0153ur iconique<\/strong><\/li>\n<li data-section-id=\"16p8xmt\" data-start=\"1485\" data-end=\"1530\">Finition <strong data-start=\"1496\" data-end=\"1528\">argent\u00e9e \u00e9l\u00e9gante et moderne<\/strong><\/li>\n<li data-section-id=\"txr4g0\" data-start=\"1531\" data-end=\"1566\">Format id\u00e9al comme bijou de sac<\/li>\n<li data-section-id=\"1w3rtcr\" data-start=\"1567\" data-end=\"1630\">Accessoire raffin\u00e9 pour personnaliser un Kelly ou un Birkin<\/li>\n<\/ul>\n<p data-start=\"1632\" data-end=\"1738\">Les accessoires Herm\u00e8s en forme de c\u0153ur sont particuli\u00e8rement appr\u00e9ci\u00e9s pour leur esth\u00e9tique intemporelle.<\/p>\n<hr data-start=\"1740\" data-end=\"1743\" \/>\n<h2 data-section-id=\"5r7msm\" data-start=\"1745\" data-end=\"1767\">\u00c9tat &amp; conservation<\/h2>\n<ul data-start=\"1769\" data-end=\"1870\">\n<li data-section-id=\"1cns14\" data-start=\"1769\" data-end=\"1798\"><strong data-start=\"1771\" data-end=\"1796\">Tr\u00e8s bon \u00e9tat g\u00e9n\u00e9ral<\/strong><\/li>\n<li data-section-id=\"1mhmqhg\" data-start=\"1799\" data-end=\"1835\">Belle brillance du m\u00e9tal argent\u00e9<\/li>\n<li data-section-id=\"ffnxu9\" data-start=\"1836\" data-end=\"1870\">D\u00e9tails nets et bien conserv\u00e9s<\/li>\n<\/ul>\n<hr data-start=\"1872\" data-end=\"1875\" \/>\n<h2 data-section-id=\"jzf6bh\" data-start=\"1877\" data-end=\"1907\">Caract\u00e9ristiques du produit<\/h2>\n<ul data-start=\"1909\" data-end=\"2209\">\n<li data-section-id=\"bphnkc\" data-start=\"1909\" data-end=\"1932\"><strong data-start=\"1911\" data-end=\"1923\">Maison :<\/strong> Herm\u00e8s<\/li>\n<li data-section-id=\"fr6i41\" data-start=\"1933\" data-end=\"1970\"><strong data-start=\"1935\" data-end=\"1945\">Type :<\/strong> Bijou de sac \/ cadenas<\/li>\n<li data-section-id=\"9hzvna\" data-start=\"1971\" data-end=\"1998\"><strong data-start=\"1973\" data-end=\"1984\">Th\u00e8me :<\/strong> Vive l\u2019Id\u00e9e<\/li>\n<li data-section-id=\"59p7mh\" data-start=\"1999\" data-end=\"2019\"><strong data-start=\"2001\" data-end=\"2012\">Ann\u00e9e :<\/strong> 2004<\/li>\n<li data-section-id=\"1wxoq9i\" data-start=\"2020\" data-end=\"2040\"><strong data-start=\"2022\" data-end=\"2033\">Forme :<\/strong> C\u0153ur<\/li>\n<li data-section-id=\"woawiv\" data-start=\"2041\" data-end=\"2066\"><strong data-start=\"2043\" data-end=\"2056\">Couleur :<\/strong> Argent\u00e9<\/li>\n<li data-section-id=\"13gdavg\" data-start=\"2067\" data-end=\"2095\"><strong data-start=\"2069\" data-end=\"2079\">\u00c9tat :<\/strong> Tr\u00e8s bon \u00e9tat<\/li>\n<li data-section-id=\"181iokf\" data-start=\"2096\" data-end=\"2150\"><strong data-start=\"2098\" data-end=\"2109\">Usage :<\/strong> Accessoire \u00b7 Collection \u00b7 Bijou de sac<\/li>\n<li data-section-id=\"1vltg8x\" data-start=\"2151\" data-end=\"2209\"><strong data-start=\"2153\" data-end=\"2175\">Authentification :<\/strong> Certifi\u00e9 par TheVintageTraveler<\/li>\n<\/ul>\n<hr data-start=\"2211\" data-end=\"2214\" \/>\n<h2 data-section-id=\"1ykdfnz\" data-start=\"2216\" data-end=\"2266\">Pourquoi ce bijou de sac Herm\u00e8s est recherch\u00e9 ?<\/h2>\n<p data-start=\"2268\" data-end=\"2407\">\u2714 Th\u00e8me annuel identifiable<br data-start=\"2295\" data-end=\"2298\" \/>\u2714 Ann\u00e9e 2004 recherch\u00e9e<br data-start=\"2321\" data-end=\"2324\" \/>\u2714 Forme c\u0153ur iconique<br data-start=\"2345\" data-end=\"2348\" \/>\u2714 M\u00e9tal argent\u00e9 \u00e9l\u00e9gant<br data-start=\"2371\" data-end=\"2374\" \/>\u2714 Accessoire Herm\u00e8s collectible<\/p>\n<p data-start=\"2409\" data-end=\"2504\">Les accessoires Herm\u00e8s issus des th\u00e8mes annuels sont tr\u00e8s pris\u00e9s sur le march\u00e9 du luxe vintage.<\/p>\n<hr data-start=\"2506\" data-end=\"2509\" \/>\n<h2 data-section-id=\"10cqg42\" data-start=\"2511\" data-end=\"2544\">Une pi\u00e8ce Herm\u00e8s de collection<\/h2>\n<p data-start=\"2546\" data-end=\"2603\">Ce <strong data-start=\"2549\" data-end=\"2590\">bijou de sac Herm\u00e8s cadenas c\u0153ur 2004<\/strong> repr\u00e9sente :<\/p>\n<ul data-start=\"2605\" data-end=\"2720\">\n<li data-section-id=\"s90bt4\" data-start=\"2605\" data-end=\"2636\">Une pi\u00e8ce originale et rare<\/li>\n<li data-section-id=\"jksv6e\" data-start=\"2637\" data-end=\"2678\">Un accessoire \u00e9l\u00e9gant pour sac Herm\u00e8s<\/li>\n<li data-section-id=\"vmdmvx\" data-start=\"2679\" data-end=\"2720\">Un objet de collection Herm\u00e8s vintage<\/li>\n<\/ul>\n<hr data-start=\"2722\" data-end=\"2725\" \/>\n<h2 data-section-id=\"8dtpi\" data-start=\"2727\" data-end=\"2740\">Conclusion<\/h2>\n<p data-start=\"2742\" data-end=\"2946\" data-is-last-node=\"\" data-is-only-node=\"\">Ce <strong data-start=\"2745\" data-end=\"2808\">bijou de sac Herm\u00e8s cadenas c\u0153ur argent\u00e9 \u201cVive l\u2019Id\u00e9e\u201d 2004<\/strong>, en <strong data-start=\"2813\" data-end=\"2830\">tr\u00e8s bon \u00e9tat<\/strong>, est une <strong data-start=\"2840\" data-end=\"2866\">pi\u00e8ce rare et \u00e9l\u00e9gante<\/strong>, parfaite pour enrichir une collection ou personnaliser un sac iconique Herm\u00e8s.<\/p>\n<p>Suivez &#8211; nous sur <a href=\"https:\/\/www.facebook.com\/TheVintageTravelerFR\">Facebook<\/a> et <a href=\"https:\/\/www.instagram.com\/the_vintagetraveler\/?igsh=aXdsbDJkdnpwZjcx#\">Instagram<\/a><\/p>\n","protected":false},"excerpt":{"rendered":"<p>Bijou de sac Herm\u00e8s cadenas c\u0153ur argent\u00e9 \u201cVive l\u2019Id\u00e9e\u201d 2004. Tr\u00e8s bon \u00e9tat.<\/p>\n","protected":false},"featured_media":9114,"template":"","meta":[],"product_brand":[],"product_cat":[123,125,115,175,140],"product_tag":[136],"class_list":{"0":"post-9110","1":"product","2":"type-product","3":"status-publish","4":"has-post-thumbnail","6":"product_cat-bijoux-de-luxe-vintage","7":"product_cat-hermes-bijoux","8":"product_cat-hermes","9":"product_cat-lifestyle-maison-hermes","10":"product_cat-nouveautes","11":"product_tag-hermes","13":"first","14":"instock","15":"sold-individually","16":"shipping-taxable","17":"purchasable","18":"product-type-simple"},"yoast_head":"<!-- This site is optimized with the Yoast SEO plugin v27.1.1 - https:\/\/yoast.com\/product\/yoast-seo-wordpress\/ -->\n<title>Cadenas C\u0153ur 2004 Argent\u00e9 | Herm\u00e8s<\/title>\n<meta name=\"description\" content=\"Bijou de sac Herm\u00e8s cadenas c\u0153ur argent\u00e9 \u201cVive l\u2019Id\u00e9e\u201d 2004. Accessoire rare en tr\u00e8s bon \u00e9tat.\" \/>\n<meta name=\"robots\" content=\"index, follow, max-snippet:-1, max-image-preview:large, max-video-preview:-1\" \/>\n<link rel=\"canonical\" href=\"https:\/\/thevintagetraveler.com\/en\/produit\/bijou-sac-hermes-cadenas-coeur-2004-argente\/\" \/>\n<meta property=\"og:locale\" content=\"en_US\" \/>\n<meta property=\"og:type\" content=\"article\" \/>\n<meta property=\"og:title\" content=\"Cadenas C\u0153ur 2004 Argent\u00e9 | Herm\u00e8s\" \/>\n<meta property=\"og:description\" content=\"Bijou de sac Herm\u00e8s cadenas c\u0153ur argent\u00e9 \u201cVive l\u2019Id\u00e9e\u201d 2004. Accessoire rare en tr\u00e8s bon \u00e9tat.\" \/>\n<meta property=\"og:url\" content=\"https:\/\/thevintagetraveler.com\/en\/produit\/bijou-sac-hermes-cadenas-coeur-2004-argente\/\" \/>\n<meta property=\"og:site_name\" content=\"TheVintageTraveler\" \/>\n<meta property=\"article:publisher\" content=\"https:\/\/www.facebook.com\/TheVintageTravelerFR\/\" \/>\n<meta property=\"article:modified_time\" content=\"2026-05-10T13:56:09+00:00\" \/>\n<meta property=\"og:image\" content=\"https:\/\/thevintagetraveler.com\/wp-content\/uploads\/2026\/05\/image00038.jpeg\" \/>\n\t<meta property=\"og:image:width\" content=\"1800\" \/>\n\t<meta property=\"og:image:height\" content=\"2400\" \/>\n\t<meta property=\"og:image:type\" content=\"image\/jpeg\" \/>\n<meta name=\"twitter:card\" content=\"summary_large_image\" \/>\n<meta name=\"twitter:label1\" content=\"Est. reading time\" \/>\n\t<meta name=\"twitter:data1\" content=\"2 minutes\" \/>\n<script type=\"application\/ld+json\" class=\"yoast-schema-graph\">{\"@context\":\"https:\/\/schema.org\",\"@graph\":[{\"@type\":\"WebPage\",\"@id\":\"https:\/\/thevintagetraveler.com\/en\/produit\/bijou-sac-hermes-cadenas-coeur-2004-argente\/\",\"url\":\"https:\/\/thevintagetraveler.com\/en\/produit\/bijou-sac-hermes-cadenas-coeur-2004-argente\/\",\"name\":\"Cadenas C\u0153ur 2004 Argent\u00e9 | Herm\u00e8s\",\"isPartOf\":{\"@id\":\"https:\/\/thevintagetraveler.com\/en\/#website\"},\"primaryImageOfPage\":{\"@id\":\"https:\/\/thevintagetraveler.com\/en\/produit\/bijou-sac-hermes-cadenas-coeur-2004-argente\/#primaryimage\"},\"image\":{\"@id\":\"https:\/\/thevintagetraveler.com\/en\/produit\/bijou-sac-hermes-cadenas-coeur-2004-argente\/#primaryimage\"},\"thumbnailUrl\":\"https:\/\/thevintagetraveler.com\/wp-content\/uploads\/2026\/05\/image00038.jpeg\",\"datePublished\":\"2026-05-10T13:50:04+00:00\",\"dateModified\":\"2026-05-10T13:56:09+00:00\",\"description\":\"Bijou de sac Herm\u00e8s cadenas c\u0153ur argent\u00e9 \u201cVive l\u2019Id\u00e9e\u201d 2004. Accessoire rare en tr\u00e8s bon \u00e9tat.\",\"breadcrumb\":{\"@id\":\"https:\/\/thevintagetraveler.com\/en\/produit\/bijou-sac-hermes-cadenas-coeur-2004-argente\/#breadcrumb\"},\"inLanguage\":\"en-US\",\"potentialAction\":[{\"@type\":\"ReadAction\",\"target\":[\"https:\/\/thevintagetraveler.com\/en\/produit\/bijou-sac-hermes-cadenas-coeur-2004-argente\/\"]}]},{\"@type\":\"ImageObject\",\"inLanguage\":\"en-US\",\"@id\":\"https:\/\/thevintagetraveler.com\/en\/produit\/bijou-sac-hermes-cadenas-coeur-2004-argente\/#primaryimage\",\"url\":\"https:\/\/thevintagetraveler.com\/wp-content\/uploads\/2026\/05\/image00038.jpeg\",\"contentUrl\":\"https:\/\/thevintagetraveler.com\/wp-content\/uploads\/2026\/05\/image00038.jpeg\",\"width\":1800,\"height\":2400,\"caption\":\"bijou de sac Herm\u00e8s cadenas c\u0153ur 2004\"},{\"@type\":\"BreadcrumbList\",\"@id\":\"https:\/\/thevintagetraveler.com\/en\/produit\/bijou-sac-hermes-cadenas-coeur-2004-argente\/#breadcrumb\",\"itemListElement\":[{\"@type\":\"ListItem\",\"position\":1,\"name\":\"Accueil\",\"item\":\"https:\/\/thevintagetraveler.com\/en\/\"},{\"@type\":\"ListItem\",\"position\":2,\"name\":\"Shop\",\"item\":\"https:\/\/thevintagetraveler.com\/shop\/\"},{\"@type\":\"ListItem\",\"position\":3,\"name\":\"Bijou de sac Herm\u00e8s C\u0153ur Argent\u00e9\"}]},{\"@type\":\"WebSite\",\"@id\":\"https:\/\/thevintagetraveler.com\/en\/#website\",\"url\":\"https:\/\/thevintagetraveler.com\/en\/\",\"name\":\"TheVintageTraveler\",\"description\":\"Luxury experts in Louis Vuitton, Chanel &amp; Herm\u00e8s\",\"publisher\":{\"@id\":\"https:\/\/thevintagetraveler.com\/en\/#organization\"},\"potentialAction\":[{\"@type\":\"SearchAction\",\"target\":{\"@type\":\"EntryPoint\",\"urlTemplate\":\"https:\/\/thevintagetraveler.com\/en\/?s={search_term_string}\"},\"query-input\":{\"@type\":\"PropertyValueSpecification\",\"valueRequired\":true,\"valueName\":\"search_term_string\"}}],\"inLanguage\":\"en-US\"},{\"@type\":\"Organization\",\"@id\":\"https:\/\/thevintagetraveler.com\/en\/#organization\",\"name\":\"TheVintageTraveler\",\"url\":\"https:\/\/thevintagetraveler.com\/en\/\",\"logo\":{\"@type\":\"ImageObject\",\"inLanguage\":\"en-US\",\"@id\":\"https:\/\/thevintagetraveler.com\/en\/#\/schema\/logo\/image\/\",\"url\":\"https:\/\/thevintagetraveler.com\/wp-content\/uploads\/2025\/04\/LOGO-THE-VINTAGE-TRAVELER-FINAL-e1745392697678.png\",\"contentUrl\":\"https:\/\/thevintagetraveler.com\/wp-content\/uploads\/2025\/04\/LOGO-THE-VINTAGE-TRAVELER-FINAL-e1745392697678.png\",\"width\":798,\"height\":318,\"caption\":\"TheVintageTraveler\"},\"image\":{\"@id\":\"https:\/\/thevintagetraveler.com\/en\/#\/schema\/logo\/image\/\"},\"sameAs\":[\"https:\/\/www.facebook.com\/TheVintageTravelerFR\/\",\"https:\/\/www.instagram.com\/the_vintagetraveler\"]}]}<\/script>\n<!-- \/ Yoast SEO plugin. -->","yoast_head_json":{"title":"Cadenas C\u0153ur 2004 Argent\u00e9 | Herm\u00e8s","description":"Bijou de sac Herm\u00e8s cadenas c\u0153ur argent\u00e9 \u201cVive l\u2019Id\u00e9e\u201d 2004. Accessoire rare en tr\u00e8s bon \u00e9tat.","robots":{"index":"index","follow":"follow","max-snippet":"max-snippet:-1","max-image-preview":"max-image-preview:large","max-video-preview":"max-video-preview:-1"},"canonical":"https:\/\/thevintagetraveler.com\/en\/produit\/bijou-sac-hermes-cadenas-coeur-2004-argente\/","og_locale":"en_US","og_type":"article","og_title":"Cadenas C\u0153ur 2004 Argent\u00e9 | Herm\u00e8s","og_description":"Bijou de sac Herm\u00e8s cadenas c\u0153ur argent\u00e9 \u201cVive l\u2019Id\u00e9e\u201d 2004. Accessoire rare en tr\u00e8s bon \u00e9tat.","og_url":"https:\/\/thevintagetraveler.com\/en\/produit\/bijou-sac-hermes-cadenas-coeur-2004-argente\/","og_site_name":"TheVintageTraveler","article_publisher":"https:\/\/www.facebook.com\/TheVintageTravelerFR\/","article_modified_time":"2026-05-10T13:56:09+00:00","og_image":[{"width":1800,"height":2400,"url":"https:\/\/thevintagetraveler.com\/wp-content\/uploads\/2026\/05\/image00038.jpeg","type":"image\/jpeg"}],"twitter_card":"summary_large_image","twitter_misc":{"Est. reading time":"2 minutes"},"schema":{"@context":"https:\/\/schema.org","@graph":[{"@type":"WebPage","@id":"https:\/\/thevintagetraveler.com\/en\/produit\/bijou-sac-hermes-cadenas-coeur-2004-argente\/","url":"https:\/\/thevintagetraveler.com\/en\/produit\/bijou-sac-hermes-cadenas-coeur-2004-argente\/","name":"Cadenas C\u0153ur 2004 Argent\u00e9 | Herm\u00e8s","isPartOf":{"@id":"https:\/\/thevintagetraveler.com\/en\/#website"},"primaryImageOfPage":{"@id":"https:\/\/thevintagetraveler.com\/en\/produit\/bijou-sac-hermes-cadenas-coeur-2004-argente\/#primaryimage"},"image":{"@id":"https:\/\/thevintagetraveler.com\/en\/produit\/bijou-sac-hermes-cadenas-coeur-2004-argente\/#primaryimage"},"thumbnailUrl":"https:\/\/thevintagetraveler.com\/wp-content\/uploads\/2026\/05\/image00038.jpeg","datePublished":"2026-05-10T13:50:04+00:00","dateModified":"2026-05-10T13:56:09+00:00","description":"Bijou de sac Herm\u00e8s cadenas c\u0153ur argent\u00e9 \u201cVive l\u2019Id\u00e9e\u201d 2004. Accessoire rare en tr\u00e8s bon \u00e9tat.","breadcrumb":{"@id":"https:\/\/thevintagetraveler.com\/en\/produit\/bijou-sac-hermes-cadenas-coeur-2004-argente\/#breadcrumb"},"inLanguage":"en-US","potentialAction":[{"@type":"ReadAction","target":["https:\/\/thevintagetraveler.com\/en\/produit\/bijou-sac-hermes-cadenas-coeur-2004-argente\/"]}]},{"@type":"ImageObject","inLanguage":"en-US","@id":"https:\/\/thevintagetraveler.com\/en\/produit\/bijou-sac-hermes-cadenas-coeur-2004-argente\/#primaryimage","url":"https:\/\/thevintagetraveler.com\/wp-content\/uploads\/2026\/05\/image00038.jpeg","contentUrl":"https:\/\/thevintagetraveler.com\/wp-content\/uploads\/2026\/05\/image00038.jpeg","width":1800,"height":2400,"caption":"bijou de sac Herm\u00e8s cadenas c\u0153ur 2004"},{"@type":"BreadcrumbList","@id":"https:\/\/thevintagetraveler.com\/en\/produit\/bijou-sac-hermes-cadenas-coeur-2004-argente\/#breadcrumb","itemListElement":[{"@type":"ListItem","position":1,"name":"Accueil","item":"https:\/\/thevintagetraveler.com\/en\/"},{"@type":"ListItem","position":2,"name":"Shop","item":"https:\/\/thevintagetraveler.com\/shop\/"},{"@type":"ListItem","position":3,"name":"Bijou de sac Herm\u00e8s C\u0153ur Argent\u00e9"}]},{"@type":"WebSite","@id":"https:\/\/thevintagetraveler.com\/en\/#website","url":"https:\/\/thevintagetraveler.com\/en\/","name":"TheVintageTraveler","description":"Luxury experts in Louis Vuitton, Chanel &amp; Herm\u00e8s","publisher":{"@id":"https:\/\/thevintagetraveler.com\/en\/#organization"},"potentialAction":[{"@type":"SearchAction","target":{"@type":"EntryPoint","urlTemplate":"https:\/\/thevintagetraveler.com\/en\/?s={search_term_string}"},"query-input":{"@type":"PropertyValueSpecification","valueRequired":true,"valueName":"search_term_string"}}],"inLanguage":"en-US"},{"@type":"Organization","@id":"https:\/\/thevintagetraveler.com\/en\/#organization","name":"TheVintageTraveler","url":"https:\/\/thevintagetraveler.com\/en\/","logo":{"@type":"ImageObject","inLanguage":"en-US","@id":"https:\/\/thevintagetraveler.com\/en\/#\/schema\/logo\/image\/","url":"https:\/\/thevintagetraveler.com\/wp-content\/uploads\/2025\/04\/LOGO-THE-VINTAGE-TRAVELER-FINAL-e1745392697678.png","contentUrl":"https:\/\/thevintagetraveler.com\/wp-content\/uploads\/2025\/04\/LOGO-THE-VINTAGE-TRAVELER-FINAL-e1745392697678.png","width":798,"height":318,"caption":"TheVintageTraveler"},"image":{"@id":"https:\/\/thevintagetraveler.com\/en\/#\/schema\/logo\/image\/"},"sameAs":["https:\/\/www.facebook.com\/TheVintageTravelerFR\/","https:\/\/www.instagram.com\/the_vintagetraveler"]}]}},"_links":{"self":[{"href":"https:\/\/thevintagetraveler.com\/en\/wp-json\/wp\/v2\/product\/9110","targetHints":{"allow":["GET"]}}],"collection":[{"href":"https:\/\/thevintagetraveler.com\/en\/wp-json\/wp\/v2\/product"}],"about":[{"href":"https:\/\/thevintagetraveler.com\/en\/wp-json\/wp\/v2\/types\/product"}],"wp:featuredmedia":[{"embeddable":true,"href":"https:\/\/thevintagetraveler.com\/en\/wp-json\/wp\/v2\/media\/9114"}],"wp:attachment":[{"href":"https:\/\/thevintagetraveler.com\/en\/wp-json\/wp\/v2\/media?parent=9110"}],"wp:term":[{"taxonomy":"product_brand","embeddable":true,"href":"https:\/\/thevintagetraveler.com\/en\/wp-json\/wp\/v2\/product_brand?post=9110"},{"taxonomy":"product_cat","embeddable":true,"href":"https:\/\/thevintagetraveler.com\/en\/wp-json\/wp\/v2\/product_cat?post=9110"},{"taxonomy":"product_tag","embeddable":true,"href":"https:\/\/thevintagetraveler.com\/en\/wp-json\/wp\/v2\/product_tag?post=9110"}],"curies":[{"name":"wp","href":"https:\/\/api.w.org\/{rel}","templated":true}]}}