{"id":9133,"date":"2026-05-10T16:43:29","date_gmt":"2026-05-10T14:43:29","guid":{"rendered":"https:\/\/thevintagetraveler.com\/?post_type=product&#038;p=9133"},"modified":"2026-05-10T16:52:04","modified_gmt":"2026-05-10T14:52:04","slug":"sac-chanel-timeless-small-vintage-24k","status":"publish","type":"product","link":"https:\/\/thevintagetraveler.com\/en\/produit\/sac-chanel-timeless-small-vintage-24k\/","title":{"rendered":"Sac Chanel Small Classique Timeless"},"content":{"rendered":"<hr data-start=\"986\" data-end=\"989\" \/>\n<h2 data-section-id=\"8s0yc1\" data-start=\"682\" data-end=\"762\">Sac Chanel Timeless Small Vintage \u2013 Cuir d\u2019Agneau &amp; Finitions Plaqu\u00e9es Or 24K<\/h2>\n<p data-start=\"764\" data-end=\"986\">Ce <strong data-start=\"767\" data-end=\"804\">sac Chanel Timeless Small vintage<\/strong>, r\u00e9alis\u00e9 en <strong data-start=\"817\" data-end=\"834\">cuir d\u2019agneau<\/strong> avec <strong data-start=\"840\" data-end=\"869\">finitions plaqu\u00e9es or 24k<\/strong>, incarne parfaitement l\u2019\u00e9l\u00e9gance intemporelle et le prestige de la maison <strong data-start=\"944\" data-end=\"985\"><span class=\"hover:entity-accent entity-underline inline cursor-pointer align-baseline\"><span class=\"whitespace-normal\">Chanel<\/span><\/span><\/strong>.<\/p>\n<p data-start=\"988\" data-end=\"1160\">V\u00e9ritable ic\u00f4ne du luxe, le Timeless classique fait partie des sacs les plus recherch\u00e9s au monde, particuli\u00e8rement dans ses versions vintage avec bijouterie plaqu\u00e9e or 24k.<\/p>\n<hr data-start=\"1162\" data-end=\"1165\" \/>\n<h2 data-section-id=\"1vrr8r5\" data-start=\"1167\" data-end=\"1209\">Le Timeless Small : une taille iconique<\/h2>\n<p data-start=\"1211\" data-end=\"1267\">Le format <strong data-start=\"1221\" data-end=\"1230\">Small<\/strong> est particuli\u00e8rement appr\u00e9ci\u00e9 pour :<\/p>\n<ul data-start=\"1269\" data-end=\"1399\">\n<li data-section-id=\"zl46ey\" data-start=\"1269\" data-end=\"1294\">Son \u00e9l\u00e9gance compacte<\/li>\n<li data-section-id=\"dv1fgo\" data-start=\"1295\" data-end=\"1325\">Sa silhouette intemporelle<\/li>\n<li data-section-id=\"uzbkt0\" data-start=\"1326\" data-end=\"1358\">Son port\u00e9 chic et polyvalent<\/li>\n<li data-section-id=\"10dbn20\" data-start=\"1359\" data-end=\"1399\">Sa forte d\u00e9sirabilit\u00e9 internationale<\/li>\n<\/ul>\n<p data-start=\"1401\" data-end=\"1474\">C\u2019est l\u2019un des formats les plus recherch\u00e9s dans l\u2019univers <a href=\"https:\/\/thevintagetraveler.com\/chanel-vs-hermes-investissement-vintage\/\">Chanel<\/a> vintage.<\/p>\n<hr data-start=\"1476\" data-end=\"1479\" \/>\n<h2 data-section-id=\"99wwj\" data-start=\"1481\" data-end=\"1514\">Cuir d\u2019agneau &amp; bijouterie 24k<\/h2>\n<ul data-start=\"1516\" data-end=\"1705\">\n<li data-section-id=\"yewlww\" data-start=\"1516\" data-end=\"1556\"><strong data-start=\"1518\" data-end=\"1535\">Cuir d\u2019agneau<\/strong>, souple et luxueux<\/li>\n<li data-section-id=\"1xcloly\" data-start=\"1557\" data-end=\"1587\">Aspect raffin\u00e9 et brillant<\/li>\n<li data-section-id=\"1g2nr8r\" data-start=\"1588\" data-end=\"1666\"><strong data-start=\"1590\" data-end=\"1619\">Finitions plaqu\u00e9es or 24k<\/strong>, caract\u00e9ristiques des anciens mod\u00e8les Chanel<\/li>\n<li data-section-id=\"7smvuq\" data-start=\"1667\" data-end=\"1705\">Cha\u00eene iconique entrelac\u00e9e de cuir<\/li>\n<\/ul>\n<p data-start=\"1707\" data-end=\"1798\">Les mod\u00e8les avec plaquage 24k sont aujourd\u2019hui particuli\u00e8rement pris\u00e9s des collectionneurs.<\/p>\n<hr data-start=\"1800\" data-end=\"1803\" \/>\n<h2 data-section-id=\"5r7msm\" data-start=\"1805\" data-end=\"1827\">\u00c9tat &amp; conservation<\/h2>\n<ul data-start=\"1829\" data-end=\"1948\">\n<li data-section-id=\"1ulo03p\" data-start=\"1829\" data-end=\"1853\"><strong data-start=\"1831\" data-end=\"1851\">Bon \u00e9tat vintage<\/strong><\/li>\n<li data-section-id=\"mm0swh\" data-start=\"1854\" data-end=\"1880\">Belle patine naturelle<\/li>\n<li data-section-id=\"20f078\" data-start=\"1881\" data-end=\"1918\">Conservation coh\u00e9rente avec l\u2019\u00e2ge<\/li>\n<li data-section-id=\"1hjegv8\" data-start=\"1919\" data-end=\"1948\">Sac parfaitement portable<\/li>\n<\/ul>\n<hr data-start=\"1950\" data-end=\"1953\" \/>\n<h2 data-section-id=\"jzf6bh\" data-start=\"1955\" data-end=\"1985\">Caract\u00e9ristiques du produit<\/h2>\n<ul data-start=\"1987\" data-end=\"2300\">\n<li data-section-id=\"18ru1m0\" data-start=\"1987\" data-end=\"2010\"><strong data-start=\"1989\" data-end=\"2001\">Maison :<\/strong> Chanel<\/li>\n<li data-section-id=\"1xg2nk\" data-start=\"2011\" data-end=\"2052\"><strong data-start=\"2013\" data-end=\"2025\">Mod\u00e8le :<\/strong> Timeless Small classique<\/li>\n<li data-section-id=\"i67h1f\" data-start=\"2053\" data-end=\"2076\"><strong data-start=\"2055\" data-end=\"2066\">Style :<\/strong> Vintage<\/li>\n<li data-section-id=\"1y90kb9\" data-start=\"2077\" data-end=\"2108\"><strong data-start=\"2079\" data-end=\"2092\">Mati\u00e8re :<\/strong> Cuir d\u2019agneau<\/li>\n<li data-section-id=\"1c7kmxv\" data-start=\"2109\" data-end=\"2144\"><strong data-start=\"2111\" data-end=\"2126\">Finitions :<\/strong> Plaqu\u00e9es or 24k<\/li>\n<li data-section-id=\"182v5jr\" data-start=\"2145\" data-end=\"2176\"><strong data-start=\"2147\" data-end=\"2157\">\u00c9tat :<\/strong> Bon \u00e9tat vintage<\/li>\n<li data-section-id=\"40bw3k\" data-start=\"2177\" data-end=\"2241\"><strong data-start=\"2179\" data-end=\"2190\">Usage :<\/strong> Quotidien \u00b7 Soir\u00e9e \u00b7 Collection \u00b7 Investissement<\/li>\n<li data-section-id=\"1vltg8x\" data-start=\"2242\" data-end=\"2300\"><strong data-start=\"2244\" data-end=\"2266\">Authentification :<\/strong> Certifi\u00e9 par TheVintageTraveler<\/li>\n<\/ul>\n<hr data-start=\"2302\" data-end=\"2305\" \/>\n<h2 data-section-id=\"94cqca\" data-start=\"2307\" data-end=\"2361\">Pourquoi ce Chanel Timeless vintage est recherch\u00e9 ?<\/h2>\n<p data-start=\"2363\" data-end=\"2509\">\u2714 Mod\u00e8le iconique Chanel<br data-start=\"2387\" data-end=\"2390\" \/>\u2714 Taille Small tr\u00e8s demand\u00e9e<br data-start=\"2418\" data-end=\"2421\" \/>\u2714 Cuir d\u2019agneau luxueux<br data-start=\"2444\" data-end=\"2447\" \/>\u2714 Bijouterie plaqu\u00e9e or 24k<br data-start=\"2474\" data-end=\"2477\" \/>\u2714 Forte demande collectionneur<\/p>\n<p data-start=\"2511\" data-end=\"2618\">Les anciens Timeless Chanel avec plaquage 24k sont parmi les mod\u00e8les les plus recherch\u00e9s du march\u00e9 vintage.<\/p>\n<hr data-start=\"2620\" data-end=\"2623\" \/>\n<h2 data-section-id=\"162fkxt\" data-start=\"2625\" data-end=\"2663\">Un investissement Chanel intemporel<\/h2>\n<p data-start=\"2665\" data-end=\"2714\">Ce <strong data-start=\"2668\" data-end=\"2701\">Chanel Timeless Small vintage<\/strong> repr\u00e9sente :<\/p>\n<ul data-start=\"2716\" data-end=\"2876\">\n<li data-section-id=\"1d38ld7\" data-start=\"2716\" data-end=\"2750\">Une pi\u00e8ce embl\u00e9matique du luxe<\/li>\n<li data-section-id=\"1mc0xln\" data-start=\"2751\" data-end=\"2789\">Une forte liquidit\u00e9 internationale<\/li>\n<li data-section-id=\"1kryzkk\" data-start=\"2790\" data-end=\"2831\">Un mod\u00e8le \u00e0 forte valeur patrimoniale<\/li>\n<li data-section-id=\"ppi1xg\" data-start=\"2832\" data-end=\"2876\">Un investissement dans le Chanel vintage<\/li>\n<\/ul>\n<hr data-start=\"2878\" data-end=\"2881\" \/>\n<h2 data-section-id=\"8dtpi\" data-start=\"2883\" data-end=\"2896\">Conclusion<\/h2>\n<p data-start=\"2898\" data-end=\"3130\" data-is-last-node=\"\" data-is-only-node=\"\">Ce <strong data-start=\"2901\" data-end=\"2986\">sac Chanel Timeless Small vintage en cuir d\u2019agneau avec finitions plaqu\u00e9es or 24k<\/strong>, en <strong data-start=\"2991\" data-end=\"3011\">bon \u00e9tat vintage<\/strong>, est une <strong data-start=\"3021\" data-end=\"3055\">pi\u00e8ce iconique et intemporelle<\/strong>, id\u00e9ale pour les amateurs de <strong data-start=\"3085\" data-end=\"3129\">Chanel de collection et d\u2019investissement<\/strong>.<\/p>\n<p>Suivez &#8211; nous sur <a href=\"https:\/\/www.facebook.com\/TheVintageTravelerFR\">Facebook<\/a> et <a href=\"https:\/\/www.instagram.com\/the_vintagetraveler\/?igsh=aXdsbDJkdnpwZjcx#\">Instagram<\/a><\/p>\n","protected":false},"excerpt":{"rendered":"<p>Sac Chanel Timeless Small vintage en cuir d\u2019agneau avec finitions plaqu\u00e9es or 24k. Bon \u00e9tat vintage.<\/p>\n","protected":false},"featured_media":9134,"template":"","meta":[],"product_brand":[],"product_cat":[285,274,295,279],"product_tag":[287,332],"class_list":{"0":"post-9133","1":"product","2":"type-product","3":"status-publish","4":"has-post-thumbnail","6":"product_cat-chanel","7":"product_cat-news","8":"product_cat-handbag-2","9":"product_cat-bags","10":"product_tag-chanel","11":"product_tag-chanelmini","13":"first","14":"instock","15":"sold-individually","16":"shipping-taxable","17":"purchasable","18":"product-type-simple"},"yoast_head":"<!-- This site is optimized with the Yoast SEO plugin v27.1.1 - https:\/\/yoast.com\/product\/yoast-seo-wordpress\/ -->\n<title>Timeless Small Vintage 24K | Chanel<\/title>\n<meta name=\"description\" content=\"Sac Chanel Timeless Small vintage en cuir d\u2019agneau avec finitions plaqu\u00e9es or 24k. Ic\u00f4ne Chanel vintage.\" \/>\n<meta name=\"robots\" content=\"index, follow, max-snippet:-1, max-image-preview:large, max-video-preview:-1\" \/>\n<link rel=\"canonical\" href=\"https:\/\/thevintagetraveler.com\/en\/produit\/sac-chanel-timeless-small-vintage-24k\/\" \/>\n<meta property=\"og:locale\" content=\"en_US\" \/>\n<meta property=\"og:type\" content=\"article\" \/>\n<meta property=\"og:title\" content=\"Timeless Small Vintage 24K | Chanel\" \/>\n<meta property=\"og:description\" content=\"Sac Chanel Timeless Small vintage en cuir d\u2019agneau avec finitions plaqu\u00e9es or 24k. Ic\u00f4ne Chanel vintage.\" \/>\n<meta property=\"og:url\" content=\"https:\/\/thevintagetraveler.com\/en\/produit\/sac-chanel-timeless-small-vintage-24k\/\" \/>\n<meta property=\"og:site_name\" content=\"TheVintageTraveler\" \/>\n<meta property=\"article:publisher\" content=\"https:\/\/www.facebook.com\/TheVintageTravelerFR\/\" \/>\n<meta property=\"article:modified_time\" content=\"2026-05-10T14:52:04+00:00\" \/>\n<meta property=\"og:image\" content=\"https:\/\/thevintagetraveler.com\/wp-content\/uploads\/2026\/05\/image00026.jpeg\" \/>\n\t<meta property=\"og:image:width\" content=\"1800\" \/>\n\t<meta property=\"og:image:height\" content=\"2400\" \/>\n\t<meta property=\"og:image:type\" content=\"image\/jpeg\" \/>\n<meta name=\"twitter:card\" content=\"summary_large_image\" \/>\n<meta name=\"twitter:label1\" content=\"Est. reading time\" \/>\n\t<meta name=\"twitter:data1\" content=\"2 minutes\" \/>\n<script type=\"application\/ld+json\" class=\"yoast-schema-graph\">{\"@context\":\"https:\/\/schema.org\",\"@graph\":[{\"@type\":\"WebPage\",\"@id\":\"https:\/\/thevintagetraveler.com\/en\/produit\/sac-chanel-timeless-small-vintage-24k\/\",\"url\":\"https:\/\/thevintagetraveler.com\/en\/produit\/sac-chanel-timeless-small-vintage-24k\/\",\"name\":\"Timeless Small Vintage 24K | Chanel\",\"isPartOf\":{\"@id\":\"https:\/\/thevintagetraveler.com\/en\/#website\"},\"primaryImageOfPage\":{\"@id\":\"https:\/\/thevintagetraveler.com\/en\/produit\/sac-chanel-timeless-small-vintage-24k\/#primaryimage\"},\"image\":{\"@id\":\"https:\/\/thevintagetraveler.com\/en\/produit\/sac-chanel-timeless-small-vintage-24k\/#primaryimage\"},\"thumbnailUrl\":\"https:\/\/thevintagetraveler.com\/wp-content\/uploads\/2026\/05\/image00026.jpeg\",\"datePublished\":\"2026-05-10T14:43:29+00:00\",\"dateModified\":\"2026-05-10T14:52:04+00:00\",\"description\":\"Sac Chanel Timeless Small vintage en cuir d\u2019agneau avec finitions plaqu\u00e9es or 24k. Ic\u00f4ne Chanel vintage.\",\"breadcrumb\":{\"@id\":\"https:\/\/thevintagetraveler.com\/en\/produit\/sac-chanel-timeless-small-vintage-24k\/#breadcrumb\"},\"inLanguage\":\"en-US\",\"potentialAction\":[{\"@type\":\"ReadAction\",\"target\":[\"https:\/\/thevintagetraveler.com\/en\/produit\/sac-chanel-timeless-small-vintage-24k\/\"]}]},{\"@type\":\"ImageObject\",\"inLanguage\":\"en-US\",\"@id\":\"https:\/\/thevintagetraveler.com\/en\/produit\/sac-chanel-timeless-small-vintage-24k\/#primaryimage\",\"url\":\"https:\/\/thevintagetraveler.com\/wp-content\/uploads\/2026\/05\/image00026.jpeg\",\"contentUrl\":\"https:\/\/thevintagetraveler.com\/wp-content\/uploads\/2026\/05\/image00026.jpeg\",\"width\":1800,\"height\":2400,\"caption\":\"sac Chanel Timeless vintage cuir agneau 24k\"},{\"@type\":\"BreadcrumbList\",\"@id\":\"https:\/\/thevintagetraveler.com\/en\/produit\/sac-chanel-timeless-small-vintage-24k\/#breadcrumb\",\"itemListElement\":[{\"@type\":\"ListItem\",\"position\":1,\"name\":\"Accueil\",\"item\":\"https:\/\/thevintagetraveler.com\/en\/\"},{\"@type\":\"ListItem\",\"position\":2,\"name\":\"Shop\",\"item\":\"https:\/\/thevintagetraveler.com\/shop\/\"},{\"@type\":\"ListItem\",\"position\":3,\"name\":\"Sac Chanel Small Classique Timeless\"}]},{\"@type\":\"WebSite\",\"@id\":\"https:\/\/thevintagetraveler.com\/en\/#website\",\"url\":\"https:\/\/thevintagetraveler.com\/en\/\",\"name\":\"TheVintageTraveler\",\"description\":\"Luxury experts in Louis Vuitton, Chanel &amp; Herm\u00e8s\",\"publisher\":{\"@id\":\"https:\/\/thevintagetraveler.com\/en\/#organization\"},\"potentialAction\":[{\"@type\":\"SearchAction\",\"target\":{\"@type\":\"EntryPoint\",\"urlTemplate\":\"https:\/\/thevintagetraveler.com\/en\/?s={search_term_string}\"},\"query-input\":{\"@type\":\"PropertyValueSpecification\",\"valueRequired\":true,\"valueName\":\"search_term_string\"}}],\"inLanguage\":\"en-US\"},{\"@type\":\"Organization\",\"@id\":\"https:\/\/thevintagetraveler.com\/en\/#organization\",\"name\":\"TheVintageTraveler\",\"url\":\"https:\/\/thevintagetraveler.com\/en\/\",\"logo\":{\"@type\":\"ImageObject\",\"inLanguage\":\"en-US\",\"@id\":\"https:\/\/thevintagetraveler.com\/en\/#\/schema\/logo\/image\/\",\"url\":\"https:\/\/thevintagetraveler.com\/wp-content\/uploads\/2025\/04\/LOGO-THE-VINTAGE-TRAVELER-FINAL-e1745392697678.png\",\"contentUrl\":\"https:\/\/thevintagetraveler.com\/wp-content\/uploads\/2025\/04\/LOGO-THE-VINTAGE-TRAVELER-FINAL-e1745392697678.png\",\"width\":798,\"height\":318,\"caption\":\"TheVintageTraveler\"},\"image\":{\"@id\":\"https:\/\/thevintagetraveler.com\/en\/#\/schema\/logo\/image\/\"},\"sameAs\":[\"https:\/\/www.facebook.com\/TheVintageTravelerFR\/\",\"https:\/\/www.instagram.com\/the_vintagetraveler\"]}]}<\/script>\n<!-- \/ Yoast SEO plugin. -->","yoast_head_json":{"title":"Timeless Small Vintage 24K | Chanel","description":"Sac Chanel Timeless Small vintage en cuir d\u2019agneau avec finitions plaqu\u00e9es or 24k. Ic\u00f4ne Chanel vintage.","robots":{"index":"index","follow":"follow","max-snippet":"max-snippet:-1","max-image-preview":"max-image-preview:large","max-video-preview":"max-video-preview:-1"},"canonical":"https:\/\/thevintagetraveler.com\/en\/produit\/sac-chanel-timeless-small-vintage-24k\/","og_locale":"en_US","og_type":"article","og_title":"Timeless Small Vintage 24K | Chanel","og_description":"Sac Chanel Timeless Small vintage en cuir d\u2019agneau avec finitions plaqu\u00e9es or 24k. Ic\u00f4ne Chanel vintage.","og_url":"https:\/\/thevintagetraveler.com\/en\/produit\/sac-chanel-timeless-small-vintage-24k\/","og_site_name":"TheVintageTraveler","article_publisher":"https:\/\/www.facebook.com\/TheVintageTravelerFR\/","article_modified_time":"2026-05-10T14:52:04+00:00","og_image":[{"width":1800,"height":2400,"url":"https:\/\/thevintagetraveler.com\/wp-content\/uploads\/2026\/05\/image00026.jpeg","type":"image\/jpeg"}],"twitter_card":"summary_large_image","twitter_misc":{"Est. reading time":"2 minutes"},"schema":{"@context":"https:\/\/schema.org","@graph":[{"@type":"WebPage","@id":"https:\/\/thevintagetraveler.com\/en\/produit\/sac-chanel-timeless-small-vintage-24k\/","url":"https:\/\/thevintagetraveler.com\/en\/produit\/sac-chanel-timeless-small-vintage-24k\/","name":"Timeless Small Vintage 24K | Chanel","isPartOf":{"@id":"https:\/\/thevintagetraveler.com\/en\/#website"},"primaryImageOfPage":{"@id":"https:\/\/thevintagetraveler.com\/en\/produit\/sac-chanel-timeless-small-vintage-24k\/#primaryimage"},"image":{"@id":"https:\/\/thevintagetraveler.com\/en\/produit\/sac-chanel-timeless-small-vintage-24k\/#primaryimage"},"thumbnailUrl":"https:\/\/thevintagetraveler.com\/wp-content\/uploads\/2026\/05\/image00026.jpeg","datePublished":"2026-05-10T14:43:29+00:00","dateModified":"2026-05-10T14:52:04+00:00","description":"Sac Chanel Timeless Small vintage en cuir d\u2019agneau avec finitions plaqu\u00e9es or 24k. Ic\u00f4ne Chanel vintage.","breadcrumb":{"@id":"https:\/\/thevintagetraveler.com\/en\/produit\/sac-chanel-timeless-small-vintage-24k\/#breadcrumb"},"inLanguage":"en-US","potentialAction":[{"@type":"ReadAction","target":["https:\/\/thevintagetraveler.com\/en\/produit\/sac-chanel-timeless-small-vintage-24k\/"]}]},{"@type":"ImageObject","inLanguage":"en-US","@id":"https:\/\/thevintagetraveler.com\/en\/produit\/sac-chanel-timeless-small-vintage-24k\/#primaryimage","url":"https:\/\/thevintagetraveler.com\/wp-content\/uploads\/2026\/05\/image00026.jpeg","contentUrl":"https:\/\/thevintagetraveler.com\/wp-content\/uploads\/2026\/05\/image00026.jpeg","width":1800,"height":2400,"caption":"sac Chanel Timeless vintage cuir agneau 24k"},{"@type":"BreadcrumbList","@id":"https:\/\/thevintagetraveler.com\/en\/produit\/sac-chanel-timeless-small-vintage-24k\/#breadcrumb","itemListElement":[{"@type":"ListItem","position":1,"name":"Accueil","item":"https:\/\/thevintagetraveler.com\/en\/"},{"@type":"ListItem","position":2,"name":"Shop","item":"https:\/\/thevintagetraveler.com\/shop\/"},{"@type":"ListItem","position":3,"name":"Sac Chanel Small Classique Timeless"}]},{"@type":"WebSite","@id":"https:\/\/thevintagetraveler.com\/en\/#website","url":"https:\/\/thevintagetraveler.com\/en\/","name":"TheVintageTraveler","description":"Luxury experts in Louis Vuitton, Chanel &amp; Herm\u00e8s","publisher":{"@id":"https:\/\/thevintagetraveler.com\/en\/#organization"},"potentialAction":[{"@type":"SearchAction","target":{"@type":"EntryPoint","urlTemplate":"https:\/\/thevintagetraveler.com\/en\/?s={search_term_string}"},"query-input":{"@type":"PropertyValueSpecification","valueRequired":true,"valueName":"search_term_string"}}],"inLanguage":"en-US"},{"@type":"Organization","@id":"https:\/\/thevintagetraveler.com\/en\/#organization","name":"TheVintageTraveler","url":"https:\/\/thevintagetraveler.com\/en\/","logo":{"@type":"ImageObject","inLanguage":"en-US","@id":"https:\/\/thevintagetraveler.com\/en\/#\/schema\/logo\/image\/","url":"https:\/\/thevintagetraveler.com\/wp-content\/uploads\/2025\/04\/LOGO-THE-VINTAGE-TRAVELER-FINAL-e1745392697678.png","contentUrl":"https:\/\/thevintagetraveler.com\/wp-content\/uploads\/2025\/04\/LOGO-THE-VINTAGE-TRAVELER-FINAL-e1745392697678.png","width":798,"height":318,"caption":"TheVintageTraveler"},"image":{"@id":"https:\/\/thevintagetraveler.com\/en\/#\/schema\/logo\/image\/"},"sameAs":["https:\/\/www.facebook.com\/TheVintageTravelerFR\/","https:\/\/www.instagram.com\/the_vintagetraveler"]}]}},"_links":{"self":[{"href":"https:\/\/thevintagetraveler.com\/en\/wp-json\/wp\/v2\/product\/9133","targetHints":{"allow":["GET"]}}],"collection":[{"href":"https:\/\/thevintagetraveler.com\/en\/wp-json\/wp\/v2\/product"}],"about":[{"href":"https:\/\/thevintagetraveler.com\/en\/wp-json\/wp\/v2\/types\/product"}],"wp:featuredmedia":[{"embeddable":true,"href":"https:\/\/thevintagetraveler.com\/en\/wp-json\/wp\/v2\/media\/9134"}],"wp:attachment":[{"href":"https:\/\/thevintagetraveler.com\/en\/wp-json\/wp\/v2\/media?parent=9133"}],"wp:term":[{"taxonomy":"product_brand","embeddable":true,"href":"https:\/\/thevintagetraveler.com\/en\/wp-json\/wp\/v2\/product_brand?post=9133"},{"taxonomy":"product_cat","embeddable":true,"href":"https:\/\/thevintagetraveler.com\/en\/wp-json\/wp\/v2\/product_cat?post=9133"},{"taxonomy":"product_tag","embeddable":true,"href":"https:\/\/thevintagetraveler.com\/en\/wp-json\/wp\/v2\/product_tag?post=9133"}],"curies":[{"name":"wp","href":"https:\/\/api.w.org\/{rel}","templated":true}]}}