{"id":9164,"date":"2026-05-11T13:53:49","date_gmt":"2026-05-11T11:53:49","guid":{"rendered":"https:\/\/thevintagetraveler.com\/?post_type=product&#038;p=9164"},"modified":"2026-05-11T14:05:54","modified_gmt":"2026-05-11T12:05:54","slug":"sac-chanel-jumbo-vintage-24k-1993","status":"publish","type":"product","link":"https:\/\/thevintagetraveler.com\/en\/produit\/sac-chanel-jumbo-vintage-24k-1993\/","title":{"rendered":"Sac Chanel Jumbo Vintage Noir"},"content":{"rendered":"<hr data-start=\"986\" data-end=\"989\" \/>\n<h2 data-section-id=\"tcmiac\" data-start=\"670\" data-end=\"753\">Sac Chanel Jumbo Vintage \u2013 Cuir d\u2019Agneau Noir &amp; Finitions Plaqu\u00e9es Or 24K (1993)<\/h2>\n<p data-start=\"755\" data-end=\"1007\">Ce <strong data-start=\"758\" data-end=\"786\">sac Chanel Jumbo vintage<\/strong>, r\u00e9alis\u00e9 en <strong data-start=\"799\" data-end=\"821\">cuir d\u2019agneau noir<\/strong> avec <strong data-start=\"827\" data-end=\"856\">finitions plaqu\u00e9es or 24k<\/strong>, date de <strong data-start=\"866\" data-end=\"874\">1993<\/strong>. Il incarne parfaitement l\u2019\u00e9l\u00e9gance intemporelle et le prestige embl\u00e9matique de la maison <strong data-start=\"965\" data-end=\"1006\"><span class=\"hover:entity-accent entity-underline inline cursor-pointer align-baseline\"><span class=\"whitespace-normal\">Chanel<\/span><\/span><\/strong>.<\/p>\n<p data-start=\"1009\" data-end=\"1150\">Le mod\u00e8le Jumbo fait partie des sacs <a href=\"https:\/\/thevintagetraveler.com\/rachat-sac-chanel\/\">Chanel<\/a> les plus iconiques et recherch\u00e9s, particuli\u00e8rement dans ses versions vintage avec bijouterie 24k.<\/p>\n<p data-start=\"1152\" data-end=\"1356\">\ud83d\udcd0 <strong data-start=\"1155\" data-end=\"1230\">Dimensions : 34 cm de largeur x 23 cm de hauteur x 10 cm de profondeur.<\/strong><br data-start=\"1230\" data-end=\"1233\" \/>Un format spacieux et \u00e9l\u00e9gant, id\u00e9al pour une utilisation quotidienne tout en conservant l\u2019allure chic intemporelle Chanel.<\/p>\n<hr data-start=\"1358\" data-end=\"1361\" \/>\n<h2 data-section-id=\"jwrh16\" data-start=\"1363\" data-end=\"1401\">Le Chanel Jumbo : une ic\u00f4ne du luxe<\/h2>\n<p data-start=\"1403\" data-end=\"1459\">Le <strong data-start=\"1406\" data-end=\"1422\">Jumbo Chanel<\/strong> est particuli\u00e8rement appr\u00e9ci\u00e9 pour :<\/p>\n<ul data-start=\"1461\" data-end=\"1581\">\n<li data-section-id=\"vw89z7\" data-start=\"1461\" data-end=\"1486\">Sa capacit\u00e9 g\u00e9n\u00e9reuse<\/li>\n<li data-section-id=\"18v3cvh\" data-start=\"1487\" data-end=\"1512\">Son port\u00e9 confortable<\/li>\n<li data-section-id=\"1686tqq\" data-start=\"1513\" data-end=\"1540\">Son allure sophistiqu\u00e9e<\/li>\n<li data-section-id=\"10dbn20\" data-start=\"1541\" data-end=\"1581\">Sa forte d\u00e9sirabilit\u00e9 internationale<\/li>\n<\/ul>\n<p data-start=\"1583\" data-end=\"1657\">Les mod\u00e8les vintage des ann\u00e9es 90 sont aujourd\u2019hui extr\u00eamement recherch\u00e9s.<\/p>\n<hr data-start=\"1659\" data-end=\"1662\" \/>\n<h2 data-section-id=\"17i8ivd\" data-start=\"1664\" data-end=\"1702\">Cuir d\u2019agneau noir &amp; bijouterie 24k<\/h2>\n<ul data-start=\"1704\" data-end=\"1897\">\n<li data-section-id=\"yewlww\" data-start=\"1704\" data-end=\"1744\"><strong data-start=\"1706\" data-end=\"1723\">Cuir d\u2019agneau<\/strong>, souple et luxueux<\/li>\n<li data-section-id=\"15a8mw8\" data-start=\"1745\" data-end=\"1786\"><strong data-start=\"1747\" data-end=\"1766\">Noir intemporel<\/strong>, signature Chanel<\/li>\n<li data-section-id=\"1lnyi86\" data-start=\"1787\" data-end=\"1858\"><strong data-start=\"1789\" data-end=\"1818\">Finitions plaqu\u00e9es or 24k<\/strong>, caract\u00e9ristiques des anciens mod\u00e8les<\/li>\n<li data-section-id=\"7smvuq\" data-start=\"1859\" data-end=\"1897\">Cha\u00eene iconique entrelac\u00e9e de cuir<\/li>\n<\/ul>\n<p data-start=\"1899\" data-end=\"1994\">Cette combinaison est consid\u00e9r\u00e9e comme l\u2019une des plus d\u00e9sirables dans l\u2019univers Chanel vintage.<\/p>\n<hr data-start=\"1996\" data-end=\"1999\" \/>\n<h2 data-section-id=\"5r7msm\" data-start=\"2001\" data-end=\"2023\">\u00c9tat &amp; conservation<\/h2>\n<ul data-start=\"2025\" data-end=\"2143\">\n<li data-section-id=\"1cns14\" data-start=\"2025\" data-end=\"2054\"><strong data-start=\"2027\" data-end=\"2052\">Tr\u00e8s bon \u00e9tat g\u00e9n\u00e9ral<\/strong><\/li>\n<li data-section-id=\"azz8e3\" data-start=\"2055\" data-end=\"2085\">Belle conservation du cuir<\/li>\n<li data-section-id=\"178kag9\" data-start=\"2086\" data-end=\"2110\">Bijouterie lumineuse<\/li>\n<li data-section-id=\"nap9yh\" data-start=\"2111\" data-end=\"2143\">Structure \u00e9l\u00e9gante et souple<\/li>\n<\/ul>\n<hr data-start=\"2145\" data-end=\"2148\" \/>\n<h2 data-section-id=\"jzf6bh\" data-start=\"2150\" data-end=\"2180\">Caract\u00e9ristiques du produit<\/h2>\n<ul data-start=\"2182\" data-end=\"2521\">\n<li data-section-id=\"18ru1m0\" data-start=\"2182\" data-end=\"2205\"><strong data-start=\"2184\" data-end=\"2196\">Maison :<\/strong> Chanel<\/li>\n<li data-section-id=\"edcnai\" data-start=\"2206\" data-end=\"2228\"><strong data-start=\"2208\" data-end=\"2220\">Mod\u00e8le :<\/strong> Jumbo<\/li>\n<li data-section-id=\"72rmjh\" data-start=\"2229\" data-end=\"2249\"><strong data-start=\"2231\" data-end=\"2242\">Ann\u00e9e :<\/strong> 1993<\/li>\n<li data-section-id=\"1y90kb9\" data-start=\"2250\" data-end=\"2281\"><strong data-start=\"2252\" data-end=\"2265\">Mati\u00e8re :<\/strong> Cuir d\u2019agneau<\/li>\n<li data-section-id=\"3cnlmn\" data-start=\"2282\" data-end=\"2304\"><strong data-start=\"2284\" data-end=\"2297\">Couleur :<\/strong> Noir<\/li>\n<li data-section-id=\"1c7kmxv\" data-start=\"2305\" data-end=\"2340\"><strong data-start=\"2307\" data-end=\"2322\">Finitions :<\/strong> Plaqu\u00e9es or 24k<\/li>\n<li data-section-id=\"1i64d08\" data-start=\"2341\" data-end=\"2377\"><strong data-start=\"2343\" data-end=\"2359\">Dimensions :<\/strong> 34 \u00d7 23 \u00d7 10 cm<\/li>\n<li data-section-id=\"13gdavg\" data-start=\"2378\" data-end=\"2406\"><strong data-start=\"2380\" data-end=\"2390\">\u00c9tat :<\/strong> Tr\u00e8s bon \u00e9tat<\/li>\n<li data-section-id=\"ul0i7w\" data-start=\"2407\" data-end=\"2462\"><strong data-start=\"2409\" data-end=\"2420\">Usage :<\/strong> Quotidien \u00b7 Collection \u00b7 Investissement<\/li>\n<li data-section-id=\"1vltg8x\" data-start=\"2463\" data-end=\"2521\"><strong data-start=\"2465\" data-end=\"2487\">Authentification :<\/strong> Certifi\u00e9 par TheVintageTraveler<\/li>\n<\/ul>\n<hr data-start=\"2523\" data-end=\"2526\" \/>\n<h2 data-section-id=\"ozlkt5\" data-start=\"2528\" data-end=\"2579\">Pourquoi ce Chanel Jumbo vintage est recherch\u00e9 ?<\/h2>\n<p data-start=\"2581\" data-end=\"2721\">\u2714 Mod\u00e8le Jumbo iconique<br data-start=\"2604\" data-end=\"2607\" \/>\u2714 Ann\u00e9e 1993 recherch\u00e9e<br data-start=\"2630\" data-end=\"2633\" \/>\u2714 Cuir d\u2019agneau luxueux<br data-start=\"2656\" data-end=\"2659\" \/>\u2714 Bijouterie plaqu\u00e9e or 24k<br data-start=\"2686\" data-end=\"2689\" \/>\u2714 Forte demande collectionneur<\/p>\n<p data-start=\"2723\" data-end=\"2836\">Les <strong data-start=\"2727\" data-end=\"2763\">Jumbo vintage avec finitions 24k<\/strong> figurent parmi les sacs Chanel les plus recherch\u00e9s du march\u00e9 secondaire.<\/p>\n<hr data-start=\"2838\" data-end=\"2841\" \/>\n<h2 data-section-id=\"162fkxt\" data-start=\"2843\" data-end=\"2881\">Un investissement Chanel intemporel<\/h2>\n<p data-start=\"2883\" data-end=\"2928\">Ce <strong data-start=\"2886\" data-end=\"2915\">Chanel Jumbo vintage 1993<\/strong> repr\u00e9sente :<\/p>\n<ul data-start=\"2930\" data-end=\"3095\">\n<li data-section-id=\"1995wtp\" data-start=\"2930\" data-end=\"2972\">Une pi\u00e8ce embl\u00e9matique du luxe vintage<\/li>\n<li data-section-id=\"1mc0xln\" data-start=\"2973\" data-end=\"3011\">Une forte liquidit\u00e9 internationale<\/li>\n<li data-section-id=\"1kryzkk\" data-start=\"3012\" data-end=\"3053\">Un mod\u00e8le \u00e0 forte valeur patrimoniale<\/li>\n<li data-section-id=\"1tbun7m\" data-start=\"3054\" data-end=\"3095\">Un investissement durable dans Chanel<\/li>\n<\/ul>\n<hr data-start=\"3097\" data-end=\"3100\" \/>\n<h2 data-section-id=\"8dtpi\" data-start=\"3102\" data-end=\"3115\">Conclusion<\/h2>\n<p data-start=\"3117\" data-end=\"3370\" data-is-last-node=\"\" data-is-only-node=\"\">Ce <strong data-start=\"3120\" data-end=\"3201\">sac Chanel Jumbo vintage en cuir d\u2019agneau noir avec finitions plaqu\u00e9es or 24k<\/strong>, datant de <strong data-start=\"3213\" data-end=\"3221\">1993<\/strong>, en <strong data-start=\"3226\" data-end=\"3243\">tr\u00e8s bon \u00e9tat<\/strong>, est une <strong data-start=\"3253\" data-end=\"3287\">pi\u00e8ce iconique et intemporelle<\/strong>, id\u00e9ale pour les amateurs de <strong data-start=\"3317\" data-end=\"3369\">Chanel vintage haut de gamme et d\u2019investissement<\/strong>.<\/p>\n<p>Suivez &#8211; nous sur <a href=\"https:\/\/www.facebook.com\/TheVintageTravelerFR\">Facebook<\/a> et <a href=\"https:\/\/www.instagram.com\/the_vintagetraveler\/?igsh=aXdsbDJkdnpwZjcx#\">Instagram<\/a><\/p>\n","protected":false},"excerpt":{"rendered":"<p>Sac Chanel Jumbo vintage 1993 en cuir d\u2019agneau noir avec finitions plaqu\u00e9es or 24k. Tr\u00e8s bon \u00e9tat.<\/p>\n","protected":false},"featured_media":9168,"template":"","meta":[],"product_brand":[],"product_cat":[114,140,155,112],"product_tag":[137,332],"class_list":{"0":"post-9164","1":"product","2":"type-product","3":"status-publish","4":"has-post-thumbnail","6":"product_cat-chanel","7":"product_cat-nouveautes","8":"product_cat-sac-a-main-chanel","9":"product_cat-sacs","10":"product_tag-chanel","11":"product_tag-chanelmini","13":"first","14":"instock","15":"sold-individually","16":"shipping-taxable","17":"purchasable","18":"product-type-simple"},"yoast_head":"<!-- This site is optimized with the Yoast SEO plugin v27.1.1 - https:\/\/yoast.com\/product\/yoast-seo-wordpress\/ -->\n<title>Jumbo Vintage 24K 1993 | Chanel<\/title>\n<meta name=\"description\" content=\"Sac Chanel Jumbo vintage 1993 en cuir d\u2019agneau noir avec finitions plaqu\u00e9es or 24k. Tr\u00e8s bon \u00e9tat.\" \/>\n<meta name=\"robots\" content=\"index, follow, max-snippet:-1, max-image-preview:large, max-video-preview:-1\" \/>\n<link rel=\"canonical\" href=\"https:\/\/thevintagetraveler.com\/en\/produit\/sac-chanel-jumbo-vintage-24k-1993\/\" \/>\n<meta property=\"og:locale\" content=\"en_US\" \/>\n<meta property=\"og:type\" content=\"article\" \/>\n<meta property=\"og:title\" content=\"Jumbo Vintage 24K 1993 | Chanel\" \/>\n<meta property=\"og:description\" content=\"Sac Chanel Jumbo vintage 1993 en cuir d\u2019agneau noir avec finitions plaqu\u00e9es or 24k. Tr\u00e8s bon \u00e9tat.\" \/>\n<meta property=\"og:url\" content=\"https:\/\/thevintagetraveler.com\/en\/produit\/sac-chanel-jumbo-vintage-24k-1993\/\" \/>\n<meta property=\"og:site_name\" content=\"TheVintageTraveler\" \/>\n<meta property=\"article:publisher\" content=\"https:\/\/www.facebook.com\/TheVintageTravelerFR\/\" \/>\n<meta property=\"article:modified_time\" content=\"2026-05-11T12:05:54+00:00\" \/>\n<meta property=\"og:image\" content=\"https:\/\/thevintagetraveler.com\/wp-content\/uploads\/2026\/05\/image00009.jpeg\" \/>\n\t<meta property=\"og:image:width\" content=\"1800\" \/>\n\t<meta property=\"og:image:height\" content=\"2400\" \/>\n\t<meta property=\"og:image:type\" content=\"image\/jpeg\" \/>\n<meta name=\"twitter:card\" content=\"summary_large_image\" \/>\n<meta name=\"twitter:label1\" content=\"Est. reading time\" \/>\n\t<meta name=\"twitter:data1\" content=\"2 minutes\" \/>\n<script type=\"application\/ld+json\" class=\"yoast-schema-graph\">{\"@context\":\"https:\/\/schema.org\",\"@graph\":[{\"@type\":\"WebPage\",\"@id\":\"https:\/\/thevintagetraveler.com\/en\/produit\/sac-chanel-jumbo-vintage-24k-1993\/\",\"url\":\"https:\/\/thevintagetraveler.com\/en\/produit\/sac-chanel-jumbo-vintage-24k-1993\/\",\"name\":\"Jumbo Vintage 24K 1993 | Chanel\",\"isPartOf\":{\"@id\":\"https:\/\/thevintagetraveler.com\/en\/#website\"},\"primaryImageOfPage\":{\"@id\":\"https:\/\/thevintagetraveler.com\/en\/produit\/sac-chanel-jumbo-vintage-24k-1993\/#primaryimage\"},\"image\":{\"@id\":\"https:\/\/thevintagetraveler.com\/en\/produit\/sac-chanel-jumbo-vintage-24k-1993\/#primaryimage\"},\"thumbnailUrl\":\"https:\/\/thevintagetraveler.com\/wp-content\/uploads\/2026\/05\/image00009.jpeg\",\"datePublished\":\"2026-05-11T11:53:49+00:00\",\"dateModified\":\"2026-05-11T12:05:54+00:00\",\"description\":\"Sac Chanel Jumbo vintage 1993 en cuir d\u2019agneau noir avec finitions plaqu\u00e9es or 24k. Tr\u00e8s bon \u00e9tat.\",\"breadcrumb\":{\"@id\":\"https:\/\/thevintagetraveler.com\/en\/produit\/sac-chanel-jumbo-vintage-24k-1993\/#breadcrumb\"},\"inLanguage\":\"en-US\",\"potentialAction\":[{\"@type\":\"ReadAction\",\"target\":[\"https:\/\/thevintagetraveler.com\/en\/produit\/sac-chanel-jumbo-vintage-24k-1993\/\"]}]},{\"@type\":\"ImageObject\",\"inLanguage\":\"en-US\",\"@id\":\"https:\/\/thevintagetraveler.com\/en\/produit\/sac-chanel-jumbo-vintage-24k-1993\/#primaryimage\",\"url\":\"https:\/\/thevintagetraveler.com\/wp-content\/uploads\/2026\/05\/image00009.jpeg\",\"contentUrl\":\"https:\/\/thevintagetraveler.com\/wp-content\/uploads\/2026\/05\/image00009.jpeg\",\"width\":1800,\"height\":2400,\"caption\":\"sac Chanel Jumbo vintage cuir agneau 24k 1993\"},{\"@type\":\"BreadcrumbList\",\"@id\":\"https:\/\/thevintagetraveler.com\/en\/produit\/sac-chanel-jumbo-vintage-24k-1993\/#breadcrumb\",\"itemListElement\":[{\"@type\":\"ListItem\",\"position\":1,\"name\":\"Accueil\",\"item\":\"https:\/\/thevintagetraveler.com\/en\/\"},{\"@type\":\"ListItem\",\"position\":2,\"name\":\"Shop\",\"item\":\"https:\/\/thevintagetraveler.com\/shop\/\"},{\"@type\":\"ListItem\",\"position\":3,\"name\":\"Sac Chanel Jumbo Vintage Noir\"}]},{\"@type\":\"WebSite\",\"@id\":\"https:\/\/thevintagetraveler.com\/en\/#website\",\"url\":\"https:\/\/thevintagetraveler.com\/en\/\",\"name\":\"TheVintageTraveler\",\"description\":\"Luxury experts in Louis Vuitton, Chanel &amp; Herm\u00e8s\",\"publisher\":{\"@id\":\"https:\/\/thevintagetraveler.com\/en\/#organization\"},\"potentialAction\":[{\"@type\":\"SearchAction\",\"target\":{\"@type\":\"EntryPoint\",\"urlTemplate\":\"https:\/\/thevintagetraveler.com\/en\/?s={search_term_string}\"},\"query-input\":{\"@type\":\"PropertyValueSpecification\",\"valueRequired\":true,\"valueName\":\"search_term_string\"}}],\"inLanguage\":\"en-US\"},{\"@type\":\"Organization\",\"@id\":\"https:\/\/thevintagetraveler.com\/en\/#organization\",\"name\":\"TheVintageTraveler\",\"url\":\"https:\/\/thevintagetraveler.com\/en\/\",\"logo\":{\"@type\":\"ImageObject\",\"inLanguage\":\"en-US\",\"@id\":\"https:\/\/thevintagetraveler.com\/en\/#\/schema\/logo\/image\/\",\"url\":\"https:\/\/thevintagetraveler.com\/wp-content\/uploads\/2025\/04\/LOGO-THE-VINTAGE-TRAVELER-FINAL-e1745392697678.png\",\"contentUrl\":\"https:\/\/thevintagetraveler.com\/wp-content\/uploads\/2025\/04\/LOGO-THE-VINTAGE-TRAVELER-FINAL-e1745392697678.png\",\"width\":798,\"height\":318,\"caption\":\"TheVintageTraveler\"},\"image\":{\"@id\":\"https:\/\/thevintagetraveler.com\/en\/#\/schema\/logo\/image\/\"},\"sameAs\":[\"https:\/\/www.facebook.com\/TheVintageTravelerFR\/\",\"https:\/\/www.instagram.com\/the_vintagetraveler\"]}]}<\/script>\n<!-- \/ Yoast SEO plugin. -->","yoast_head_json":{"title":"Jumbo Vintage 24K 1993 | Chanel","description":"Sac Chanel Jumbo vintage 1993 en cuir d\u2019agneau noir avec finitions plaqu\u00e9es or 24k. Tr\u00e8s bon \u00e9tat.","robots":{"index":"index","follow":"follow","max-snippet":"max-snippet:-1","max-image-preview":"max-image-preview:large","max-video-preview":"max-video-preview:-1"},"canonical":"https:\/\/thevintagetraveler.com\/en\/produit\/sac-chanel-jumbo-vintage-24k-1993\/","og_locale":"en_US","og_type":"article","og_title":"Jumbo Vintage 24K 1993 | Chanel","og_description":"Sac Chanel Jumbo vintage 1993 en cuir d\u2019agneau noir avec finitions plaqu\u00e9es or 24k. Tr\u00e8s bon \u00e9tat.","og_url":"https:\/\/thevintagetraveler.com\/en\/produit\/sac-chanel-jumbo-vintage-24k-1993\/","og_site_name":"TheVintageTraveler","article_publisher":"https:\/\/www.facebook.com\/TheVintageTravelerFR\/","article_modified_time":"2026-05-11T12:05:54+00:00","og_image":[{"width":1800,"height":2400,"url":"https:\/\/thevintagetraveler.com\/wp-content\/uploads\/2026\/05\/image00009.jpeg","type":"image\/jpeg"}],"twitter_card":"summary_large_image","twitter_misc":{"Est. reading time":"2 minutes"},"schema":{"@context":"https:\/\/schema.org","@graph":[{"@type":"WebPage","@id":"https:\/\/thevintagetraveler.com\/en\/produit\/sac-chanel-jumbo-vintage-24k-1993\/","url":"https:\/\/thevintagetraveler.com\/en\/produit\/sac-chanel-jumbo-vintage-24k-1993\/","name":"Jumbo Vintage 24K 1993 | Chanel","isPartOf":{"@id":"https:\/\/thevintagetraveler.com\/en\/#website"},"primaryImageOfPage":{"@id":"https:\/\/thevintagetraveler.com\/en\/produit\/sac-chanel-jumbo-vintage-24k-1993\/#primaryimage"},"image":{"@id":"https:\/\/thevintagetraveler.com\/en\/produit\/sac-chanel-jumbo-vintage-24k-1993\/#primaryimage"},"thumbnailUrl":"https:\/\/thevintagetraveler.com\/wp-content\/uploads\/2026\/05\/image00009.jpeg","datePublished":"2026-05-11T11:53:49+00:00","dateModified":"2026-05-11T12:05:54+00:00","description":"Sac Chanel Jumbo vintage 1993 en cuir d\u2019agneau noir avec finitions plaqu\u00e9es or 24k. Tr\u00e8s bon \u00e9tat.","breadcrumb":{"@id":"https:\/\/thevintagetraveler.com\/en\/produit\/sac-chanel-jumbo-vintage-24k-1993\/#breadcrumb"},"inLanguage":"en-US","potentialAction":[{"@type":"ReadAction","target":["https:\/\/thevintagetraveler.com\/en\/produit\/sac-chanel-jumbo-vintage-24k-1993\/"]}]},{"@type":"ImageObject","inLanguage":"en-US","@id":"https:\/\/thevintagetraveler.com\/en\/produit\/sac-chanel-jumbo-vintage-24k-1993\/#primaryimage","url":"https:\/\/thevintagetraveler.com\/wp-content\/uploads\/2026\/05\/image00009.jpeg","contentUrl":"https:\/\/thevintagetraveler.com\/wp-content\/uploads\/2026\/05\/image00009.jpeg","width":1800,"height":2400,"caption":"sac Chanel Jumbo vintage cuir agneau 24k 1993"},{"@type":"BreadcrumbList","@id":"https:\/\/thevintagetraveler.com\/en\/produit\/sac-chanel-jumbo-vintage-24k-1993\/#breadcrumb","itemListElement":[{"@type":"ListItem","position":1,"name":"Accueil","item":"https:\/\/thevintagetraveler.com\/en\/"},{"@type":"ListItem","position":2,"name":"Shop","item":"https:\/\/thevintagetraveler.com\/shop\/"},{"@type":"ListItem","position":3,"name":"Sac Chanel Jumbo Vintage Noir"}]},{"@type":"WebSite","@id":"https:\/\/thevintagetraveler.com\/en\/#website","url":"https:\/\/thevintagetraveler.com\/en\/","name":"TheVintageTraveler","description":"Luxury experts in Louis Vuitton, Chanel &amp; Herm\u00e8s","publisher":{"@id":"https:\/\/thevintagetraveler.com\/en\/#organization"},"potentialAction":[{"@type":"SearchAction","target":{"@type":"EntryPoint","urlTemplate":"https:\/\/thevintagetraveler.com\/en\/?s={search_term_string}"},"query-input":{"@type":"PropertyValueSpecification","valueRequired":true,"valueName":"search_term_string"}}],"inLanguage":"en-US"},{"@type":"Organization","@id":"https:\/\/thevintagetraveler.com\/en\/#organization","name":"TheVintageTraveler","url":"https:\/\/thevintagetraveler.com\/en\/","logo":{"@type":"ImageObject","inLanguage":"en-US","@id":"https:\/\/thevintagetraveler.com\/en\/#\/schema\/logo\/image\/","url":"https:\/\/thevintagetraveler.com\/wp-content\/uploads\/2025\/04\/LOGO-THE-VINTAGE-TRAVELER-FINAL-e1745392697678.png","contentUrl":"https:\/\/thevintagetraveler.com\/wp-content\/uploads\/2025\/04\/LOGO-THE-VINTAGE-TRAVELER-FINAL-e1745392697678.png","width":798,"height":318,"caption":"TheVintageTraveler"},"image":{"@id":"https:\/\/thevintagetraveler.com\/en\/#\/schema\/logo\/image\/"},"sameAs":["https:\/\/www.facebook.com\/TheVintageTravelerFR\/","https:\/\/www.instagram.com\/the_vintagetraveler"]}]}},"_links":{"self":[{"href":"https:\/\/thevintagetraveler.com\/en\/wp-json\/wp\/v2\/product\/9164","targetHints":{"allow":["GET"]}}],"collection":[{"href":"https:\/\/thevintagetraveler.com\/en\/wp-json\/wp\/v2\/product"}],"about":[{"href":"https:\/\/thevintagetraveler.com\/en\/wp-json\/wp\/v2\/types\/product"}],"wp:featuredmedia":[{"embeddable":true,"href":"https:\/\/thevintagetraveler.com\/en\/wp-json\/wp\/v2\/media\/9168"}],"wp:attachment":[{"href":"https:\/\/thevintagetraveler.com\/en\/wp-json\/wp\/v2\/media?parent=9164"}],"wp:term":[{"taxonomy":"product_brand","embeddable":true,"href":"https:\/\/thevintagetraveler.com\/en\/wp-json\/wp\/v2\/product_brand?post=9164"},{"taxonomy":"product_cat","embeddable":true,"href":"https:\/\/thevintagetraveler.com\/en\/wp-json\/wp\/v2\/product_cat?post=9164"},{"taxonomy":"product_tag","embeddable":true,"href":"https:\/\/thevintagetraveler.com\/en\/wp-json\/wp\/v2\/product_tag?post=9164"}],"curies":[{"name":"wp","href":"https:\/\/api.w.org\/{rel}","templated":true}]}}