{"id":9175,"date":"2026-05-11T14:09:28","date_gmt":"2026-05-11T12:09:28","guid":{"rendered":"https:\/\/thevintagetraveler.com\/?post_type=product&#038;p=9175"},"modified":"2026-05-11T14:18:51","modified_gmt":"2026-05-11T12:18:51","slug":"collier-van-cleef-or-blanc-nacre","status":"publish","type":"product","link":"https:\/\/thevintagetraveler.com\/en\/produit\/collier-van-cleef-or-blanc-nacre\/","title":{"rendered":"Collier Van Cleef &#038; Arpels Magic"},"content":{"rendered":"<h2 data-section-id=\"1xualvf\" data-start=\"656\" data-end=\"723\">Collier <span class=\"hover:entity-accent entity-underline inline cursor-pointer align-baseline\"><span class=\"whitespace-normal\">Van Cleef &amp; Arpels<\/span><\/span> Magic\u2013 Or Blanc &amp; Nacre<\/h2>\n<p data-start=\"725\" data-end=\"954\">Ce <strong data-start=\"728\" data-end=\"779\">collier Van Cleef &amp; Arpels en or blanc et nacre<\/strong>, propos\u00e9 en <strong data-start=\"792\" data-end=\"834\">excellent \u00e9tat avec sa bo\u00eete d\u2019origine<\/strong>, incarne parfaitement le raffinement et l\u2019\u00e9l\u00e9gance intemporelle de la maison <strong data-start=\"912\" data-end=\"953\"><span class=\"hover:entity-accent entity-underline inline cursor-pointer align-baseline\"><span class=\"whitespace-normal\">Van Cleef &amp; Arpels<\/span><\/span><\/strong>.<\/p>\n<p data-start=\"956\" data-end=\"1127\">D\u00e9licat et lumineux, ce bijou refl\u00e8te le savoir-faire joaillier embl\u00e9matique de Van Cleef &amp; Arpels, reconnu dans le monde entier pour ses cr\u00e9ations raffin\u00e9es et po\u00e9tiques.<\/p>\n<p data-start=\"1129\" data-end=\"1282\">\ud83d\udcd0 <strong data-start=\"1132\" data-end=\"1166\">Longueur de la cha\u00eene : 42 cm.<\/strong><br data-start=\"1166\" data-end=\"1169\" \/>Une longueur \u00e9l\u00e9gante et polyvalente, id\u00e9ale pour un port\u00e9 quotidien ou pour accompagner une tenue plus habill\u00e9e.<\/p>\n<hr data-start=\"1284\" data-end=\"1287\" \/>\n<h2 data-section-id=\"18k6slv\" data-start=\"1289\" data-end=\"1327\">L\u2019\u00e9l\u00e9gance intemporelle de la nacre<\/h2>\n<p data-start=\"1329\" data-end=\"1375\">La nacre est particuli\u00e8rement appr\u00e9ci\u00e9e pour :<\/p>\n<ul data-start=\"1377\" data-end=\"1486\">\n<li data-section-id=\"1a7n16x\" data-start=\"1377\" data-end=\"1405\">Son \u00e9clat naturel subtil<\/li>\n<li data-section-id=\"se377q\" data-start=\"1406\" data-end=\"1436\">Son raffinement intemporel<\/li>\n<li data-section-id=\"n8y3q4\" data-start=\"1437\" data-end=\"1460\">Sa douceur visuelle<\/li>\n<li data-section-id=\"1yrutbi\" data-start=\"1461\" data-end=\"1486\">Son \u00e9l\u00e9gance discr\u00e8te<\/li>\n<\/ul>\n<p data-start=\"1488\" data-end=\"1548\">Associ\u00e9e \u00e0 l\u2019or blanc, elle offre un rendu chic et lumineux.<\/p>\n<hr data-start=\"1550\" data-end=\"1553\" \/>\n<h2 data-section-id=\"6mro0z\" data-start=\"1555\" data-end=\"1583\">Un bijou de luxe iconique<\/h2>\n<ul data-start=\"1585\" data-end=\"1746\">\n<li data-section-id=\"m9uxrl\" data-start=\"1585\" data-end=\"1622\">Design \u00e9l\u00e9gant et facile \u00e0 porter<\/li>\n<li data-section-id=\"w0pprq\" data-start=\"1623\" data-end=\"1665\">Finitions joailli\u00e8res de haute qualit\u00e9<\/li>\n<li data-section-id=\"1v3l0v4\" data-start=\"1666\" data-end=\"1700\">Pi\u00e8ce intemporelle et raffin\u00e9e<\/li>\n<li data-section-id=\"pe51eq\" data-start=\"1701\" data-end=\"1746\">Signature prestigieuse Van Cleef &amp; Arpels<\/li>\n<\/ul>\n<p data-start=\"1748\" data-end=\"1848\">Les bijoux Van Cleef sont particuli\u00e8rement recherch\u00e9s pour leur finesse et leur valeur patrimoniale.<\/p>\n<hr data-start=\"1850\" data-end=\"1853\" \/>\n<h2 data-section-id=\"5r7msm\" data-start=\"1855\" data-end=\"1877\">\u00c9tat &amp; conservation<\/h2>\n<ul data-start=\"1879\" data-end=\"2005\">\n<li data-section-id=\"mnd2xe\" data-start=\"1879\" data-end=\"1909\"><strong data-start=\"1881\" data-end=\"1907\">Excellent \u00e9tat g\u00e9n\u00e9ral<\/strong><\/li>\n<li data-section-id=\"18nwrbr\" data-start=\"1910\" data-end=\"1966\">Tr\u00e8s belle conservation de l\u2019or blanc et de la nacre<\/li>\n<li data-section-id=\"1engvrj\" data-start=\"1967\" data-end=\"2005\">Pr\u00e9sence de la <strong data-start=\"1984\" data-end=\"2003\">bo\u00eete d\u2019origine<\/strong><\/li>\n<\/ul>\n<hr data-start=\"2007\" data-end=\"2010\" \/>\n<h2 data-section-id=\"jzf6bh\" data-start=\"2012\" data-end=\"2042\">Caract\u00e9ristiques du produit<\/h2>\n<ul data-start=\"2044\" data-end=\"2341\">\n<li data-section-id=\"r1h4ve\" data-start=\"2044\" data-end=\"2079\"><strong data-start=\"2046\" data-end=\"2058\">Maison :<\/strong> Van Cleef &amp; Arpels<\/li>\n<li data-section-id=\"6e69yw\" data-start=\"2080\" data-end=\"2102\"><strong data-start=\"2082\" data-end=\"2092\">Type :<\/strong> Collier Magic<\/li>\n<li data-section-id=\"qtr30e\" data-start=\"2103\" data-end=\"2137\"><strong data-start=\"2105\" data-end=\"2118\">Mati\u00e8re :<\/strong> Or blanc &amp; nacre<\/li>\n<li data-section-id=\"6ust5z\" data-start=\"2138\" data-end=\"2162\"><strong data-start=\"2140\" data-end=\"2154\">Longueur :<\/strong> 42 cm<\/li>\n<li data-section-id=\"vrp7xy\" data-start=\"2163\" data-end=\"2192\"><strong data-start=\"2165\" data-end=\"2175\">\u00c9tat :<\/strong> Excellent \u00e9tat<\/li>\n<li data-section-id=\"imu6cq\" data-start=\"2193\" data-end=\"2230\"><strong data-start=\"2195\" data-end=\"2212\">Accessoires :<\/strong> Bo\u00eete d\u2019origine<\/li>\n<li data-section-id=\"xiig7\" data-start=\"2231\" data-end=\"2282\"><strong data-start=\"2233\" data-end=\"2244\">Usage :<\/strong> Quotidien \u00b7 Joaillerie \u00b7 Collection<\/li>\n<li data-section-id=\"1vltg8x\" data-start=\"2283\" data-end=\"2341\"><strong data-start=\"2285\" data-end=\"2307\">Authentification :<\/strong> Certifi\u00e9 par TheVintageTraveler<\/li>\n<\/ul>\n<hr data-start=\"2343\" data-end=\"2346\" \/>\n<h2 data-section-id=\"3lkxlb\" data-start=\"2348\" data-end=\"2396\">Pourquoi ce collier Van Cleef est recherch\u00e9 ?<\/h2>\n<p data-start=\"2398\" data-end=\"2563\">\u2714 Association or blanc &amp; nacre<br data-start=\"2428\" data-end=\"2431\" \/>\u2714 \u00c9l\u00e9gance intemporelle<br data-start=\"2454\" data-end=\"2457\" \/>\u2714 Maison joailli\u00e8re prestigieuse<br data-start=\"2489\" data-end=\"2492\" \/>\u2714 Pr\u00e9sence de la bo\u00eete d\u2019origine<br data-start=\"2524\" data-end=\"2527\" \/>\u2714 Bijou raffin\u00e9 et facile \u00e0 porter<\/p>\n<p data-start=\"2565\" data-end=\"2667\">Les bijoux Van Cleef &amp; Arpels sont aujourd\u2019hui tr\u00e8s recherch\u00e9s sur le march\u00e9 de la joaillerie de luxe.<\/p>\n<hr data-start=\"2669\" data-end=\"2672\" \/>\n<h2 data-section-id=\"1ihdt1b\" data-start=\"2674\" data-end=\"2704\">Un bijou de luxe intemporel<\/h2>\n<p data-start=\"2706\" data-end=\"2764\">Ce <strong data-start=\"2709\" data-end=\"2751\">collier Van Cleef en or blanc et nacre<\/strong> repr\u00e9sente :<\/p>\n<ul data-start=\"2766\" data-end=\"2896\">\n<li data-section-id=\"13ky0v1\" data-start=\"2766\" data-end=\"2800\">Une pi\u00e8ce \u00e9l\u00e9gante et raffin\u00e9e<\/li>\n<li data-section-id=\"1ef2xm7\" data-start=\"2801\" data-end=\"2853\">Un bijou embl\u00e9matique de la joaillerie fran\u00e7aise<\/li>\n<li data-section-id=\"1eftdg7\" data-start=\"2854\" data-end=\"2896\">Un investissement plaisir dans le luxe<\/li>\n<\/ul>\n<hr data-start=\"2898\" data-end=\"2901\" \/>\n<h2 data-section-id=\"8dtpi\" data-start=\"2903\" data-end=\"2916\">Conclusion<\/h2>\n<p data-start=\"2918\" data-end=\"3125\" data-is-last-node=\"\" data-is-only-node=\"\">Ce <strong data-start=\"2921\" data-end=\"2972\">collier Van Cleef &amp; Arpels en or blanc et nacre<\/strong>, en <strong data-start=\"2977\" data-end=\"3019\">excellent \u00e9tat avec sa bo\u00eete d\u2019origine<\/strong>, est une <strong data-start=\"3029\" data-end=\"3063\">pi\u00e8ce intemporelle et \u00e9l\u00e9gante<\/strong>, id\u00e9ale pour les amateurs de <strong data-start=\"3093\" data-end=\"3124\">joaillerie de luxe raffin\u00e9e<\/strong>.<\/p>\n<p>Suivez &#8211; nous sur <a href=\"https:\/\/www.facebook.com\/TheVintageTravelerFR\">Facebook<\/a> et <a href=\"https:\/\/www.instagram.com\/the_vintagetraveler\/?igsh=aXdsbDJkdnpwZjcx#\">Instagram<\/a><\/p>\n","protected":false},"excerpt":{"rendered":"<p>Collier Van Cleef &amp; Arpels en or blanc et nacre, excellent \u00e9tat avec bo\u00eete d\u2019origine.<\/p>\n","protected":false},"featured_media":9180,"template":"","meta":[],"product_brand":[],"product_cat":[123,197,140],"product_tag":[330],"class_list":{"0":"post-9175","1":"product","2":"type-product","3":"status-publish","4":"has-post-thumbnail","6":"product_cat-bijoux-de-luxe-vintage","7":"product_cat-bijoux-de-luxe","8":"product_cat-nouveautes","9":"product_tag-vancleef","11":"first","12":"instock","13":"sold-individually","14":"shipping-taxable","15":"purchasable","16":"product-type-simple"},"yoast_head":"<!-- This site is optimized with the Yoast SEO plugin v27.1.1 - https:\/\/yoast.com\/product\/yoast-seo-wordpress\/ -->\n<title>Collier Nacre Or Blanc | Van Cleef &amp; Arpels<\/title>\n<meta name=\"description\" content=\"Collier Van Cleef &amp; Arpels en or blanc et nacre, excellent \u00e9tat avec bo\u00eete d\u2019origine. \u00c9l\u00e9gance intemporelle.\" \/>\n<meta name=\"robots\" content=\"index, follow, max-snippet:-1, max-image-preview:large, max-video-preview:-1\" \/>\n<link rel=\"canonical\" href=\"https:\/\/thevintagetraveler.com\/en\/produit\/collier-van-cleef-or-blanc-nacre\/\" \/>\n<meta property=\"og:locale\" content=\"en_US\" \/>\n<meta property=\"og:type\" content=\"article\" \/>\n<meta property=\"og:title\" content=\"Collier Nacre Or Blanc | Van Cleef &amp; Arpels\" \/>\n<meta property=\"og:description\" content=\"Collier Van Cleef &amp; Arpels en or blanc et nacre, excellent \u00e9tat avec bo\u00eete d\u2019origine. \u00c9l\u00e9gance intemporelle.\" \/>\n<meta property=\"og:url\" content=\"https:\/\/thevintagetraveler.com\/en\/produit\/collier-van-cleef-or-blanc-nacre\/\" \/>\n<meta property=\"og:site_name\" content=\"TheVintageTraveler\" \/>\n<meta property=\"article:publisher\" content=\"https:\/\/www.facebook.com\/TheVintageTravelerFR\/\" \/>\n<meta property=\"article:modified_time\" content=\"2026-05-11T12:18:51+00:00\" \/>\n<meta property=\"og:image\" content=\"https:\/\/thevintagetraveler.com\/wp-content\/uploads\/2026\/05\/image00005.jpeg\" \/>\n\t<meta property=\"og:image:width\" content=\"1800\" \/>\n\t<meta property=\"og:image:height\" content=\"2400\" \/>\n\t<meta property=\"og:image:type\" content=\"image\/jpeg\" \/>\n<meta name=\"twitter:card\" content=\"summary_large_image\" \/>\n<meta name=\"twitter:label1\" content=\"Est. reading time\" \/>\n\t<meta name=\"twitter:data1\" content=\"2 minutes\" \/>\n<script type=\"application\/ld+json\" class=\"yoast-schema-graph\">{\"@context\":\"https:\/\/schema.org\",\"@graph\":[{\"@type\":\"WebPage\",\"@id\":\"https:\/\/thevintagetraveler.com\/en\/produit\/collier-van-cleef-or-blanc-nacre\/\",\"url\":\"https:\/\/thevintagetraveler.com\/en\/produit\/collier-van-cleef-or-blanc-nacre\/\",\"name\":\"Collier Nacre Or Blanc | Van Cleef & Arpels\",\"isPartOf\":{\"@id\":\"https:\/\/thevintagetraveler.com\/en\/#website\"},\"primaryImageOfPage\":{\"@id\":\"https:\/\/thevintagetraveler.com\/en\/produit\/collier-van-cleef-or-blanc-nacre\/#primaryimage\"},\"image\":{\"@id\":\"https:\/\/thevintagetraveler.com\/en\/produit\/collier-van-cleef-or-blanc-nacre\/#primaryimage\"},\"thumbnailUrl\":\"https:\/\/thevintagetraveler.com\/wp-content\/uploads\/2026\/05\/image00005.jpeg\",\"datePublished\":\"2026-05-11T12:09:28+00:00\",\"dateModified\":\"2026-05-11T12:18:51+00:00\",\"description\":\"Collier Van Cleef & Arpels en or blanc et nacre, excellent \u00e9tat avec bo\u00eete d\u2019origine. \u00c9l\u00e9gance intemporelle.\",\"breadcrumb\":{\"@id\":\"https:\/\/thevintagetraveler.com\/en\/produit\/collier-van-cleef-or-blanc-nacre\/#breadcrumb\"},\"inLanguage\":\"en-US\",\"potentialAction\":[{\"@type\":\"ReadAction\",\"target\":[\"https:\/\/thevintagetraveler.com\/en\/produit\/collier-van-cleef-or-blanc-nacre\/\"]}]},{\"@type\":\"ImageObject\",\"inLanguage\":\"en-US\",\"@id\":\"https:\/\/thevintagetraveler.com\/en\/produit\/collier-van-cleef-or-blanc-nacre\/#primaryimage\",\"url\":\"https:\/\/thevintagetraveler.com\/wp-content\/uploads\/2026\/05\/image00005.jpeg\",\"contentUrl\":\"https:\/\/thevintagetraveler.com\/wp-content\/uploads\/2026\/05\/image00005.jpeg\",\"width\":1800,\"height\":2400,\"caption\":\"collier Van Cleef or blanc nacre\"},{\"@type\":\"BreadcrumbList\",\"@id\":\"https:\/\/thevintagetraveler.com\/en\/produit\/collier-van-cleef-or-blanc-nacre\/#breadcrumb\",\"itemListElement\":[{\"@type\":\"ListItem\",\"position\":1,\"name\":\"Accueil\",\"item\":\"https:\/\/thevintagetraveler.com\/en\/\"},{\"@type\":\"ListItem\",\"position\":2,\"name\":\"Shop\",\"item\":\"https:\/\/thevintagetraveler.com\/shop\/\"},{\"@type\":\"ListItem\",\"position\":3,\"name\":\"Collier Van Cleef &#038; Arpels Magic\"}]},{\"@type\":\"WebSite\",\"@id\":\"https:\/\/thevintagetraveler.com\/en\/#website\",\"url\":\"https:\/\/thevintagetraveler.com\/en\/\",\"name\":\"TheVintageTraveler\",\"description\":\"Luxury experts in Louis Vuitton, Chanel &amp; Herm\u00e8s\",\"publisher\":{\"@id\":\"https:\/\/thevintagetraveler.com\/en\/#organization\"},\"potentialAction\":[{\"@type\":\"SearchAction\",\"target\":{\"@type\":\"EntryPoint\",\"urlTemplate\":\"https:\/\/thevintagetraveler.com\/en\/?s={search_term_string}\"},\"query-input\":{\"@type\":\"PropertyValueSpecification\",\"valueRequired\":true,\"valueName\":\"search_term_string\"}}],\"inLanguage\":\"en-US\"},{\"@type\":\"Organization\",\"@id\":\"https:\/\/thevintagetraveler.com\/en\/#organization\",\"name\":\"TheVintageTraveler\",\"url\":\"https:\/\/thevintagetraveler.com\/en\/\",\"logo\":{\"@type\":\"ImageObject\",\"inLanguage\":\"en-US\",\"@id\":\"https:\/\/thevintagetraveler.com\/en\/#\/schema\/logo\/image\/\",\"url\":\"https:\/\/thevintagetraveler.com\/wp-content\/uploads\/2025\/04\/LOGO-THE-VINTAGE-TRAVELER-FINAL-e1745392697678.png\",\"contentUrl\":\"https:\/\/thevintagetraveler.com\/wp-content\/uploads\/2025\/04\/LOGO-THE-VINTAGE-TRAVELER-FINAL-e1745392697678.png\",\"width\":798,\"height\":318,\"caption\":\"TheVintageTraveler\"},\"image\":{\"@id\":\"https:\/\/thevintagetraveler.com\/en\/#\/schema\/logo\/image\/\"},\"sameAs\":[\"https:\/\/www.facebook.com\/TheVintageTravelerFR\/\",\"https:\/\/www.instagram.com\/the_vintagetraveler\"]}]}<\/script>\n<!-- \/ Yoast SEO plugin. -->","yoast_head_json":{"title":"Collier Nacre Or Blanc | Van Cleef & Arpels","description":"Collier Van Cleef & Arpels en or blanc et nacre, excellent \u00e9tat avec bo\u00eete d\u2019origine. \u00c9l\u00e9gance intemporelle.","robots":{"index":"index","follow":"follow","max-snippet":"max-snippet:-1","max-image-preview":"max-image-preview:large","max-video-preview":"max-video-preview:-1"},"canonical":"https:\/\/thevintagetraveler.com\/en\/produit\/collier-van-cleef-or-blanc-nacre\/","og_locale":"en_US","og_type":"article","og_title":"Collier Nacre Or Blanc | Van Cleef & Arpels","og_description":"Collier Van Cleef & Arpels en or blanc et nacre, excellent \u00e9tat avec bo\u00eete d\u2019origine. \u00c9l\u00e9gance intemporelle.","og_url":"https:\/\/thevintagetraveler.com\/en\/produit\/collier-van-cleef-or-blanc-nacre\/","og_site_name":"TheVintageTraveler","article_publisher":"https:\/\/www.facebook.com\/TheVintageTravelerFR\/","article_modified_time":"2026-05-11T12:18:51+00:00","og_image":[{"width":1800,"height":2400,"url":"https:\/\/thevintagetraveler.com\/wp-content\/uploads\/2026\/05\/image00005.jpeg","type":"image\/jpeg"}],"twitter_card":"summary_large_image","twitter_misc":{"Est. reading time":"2 minutes"},"schema":{"@context":"https:\/\/schema.org","@graph":[{"@type":"WebPage","@id":"https:\/\/thevintagetraveler.com\/en\/produit\/collier-van-cleef-or-blanc-nacre\/","url":"https:\/\/thevintagetraveler.com\/en\/produit\/collier-van-cleef-or-blanc-nacre\/","name":"Collier Nacre Or Blanc | Van Cleef & Arpels","isPartOf":{"@id":"https:\/\/thevintagetraveler.com\/en\/#website"},"primaryImageOfPage":{"@id":"https:\/\/thevintagetraveler.com\/en\/produit\/collier-van-cleef-or-blanc-nacre\/#primaryimage"},"image":{"@id":"https:\/\/thevintagetraveler.com\/en\/produit\/collier-van-cleef-or-blanc-nacre\/#primaryimage"},"thumbnailUrl":"https:\/\/thevintagetraveler.com\/wp-content\/uploads\/2026\/05\/image00005.jpeg","datePublished":"2026-05-11T12:09:28+00:00","dateModified":"2026-05-11T12:18:51+00:00","description":"Collier Van Cleef & Arpels en or blanc et nacre, excellent \u00e9tat avec bo\u00eete d\u2019origine. \u00c9l\u00e9gance intemporelle.","breadcrumb":{"@id":"https:\/\/thevintagetraveler.com\/en\/produit\/collier-van-cleef-or-blanc-nacre\/#breadcrumb"},"inLanguage":"en-US","potentialAction":[{"@type":"ReadAction","target":["https:\/\/thevintagetraveler.com\/en\/produit\/collier-van-cleef-or-blanc-nacre\/"]}]},{"@type":"ImageObject","inLanguage":"en-US","@id":"https:\/\/thevintagetraveler.com\/en\/produit\/collier-van-cleef-or-blanc-nacre\/#primaryimage","url":"https:\/\/thevintagetraveler.com\/wp-content\/uploads\/2026\/05\/image00005.jpeg","contentUrl":"https:\/\/thevintagetraveler.com\/wp-content\/uploads\/2026\/05\/image00005.jpeg","width":1800,"height":2400,"caption":"collier Van Cleef or blanc nacre"},{"@type":"BreadcrumbList","@id":"https:\/\/thevintagetraveler.com\/en\/produit\/collier-van-cleef-or-blanc-nacre\/#breadcrumb","itemListElement":[{"@type":"ListItem","position":1,"name":"Accueil","item":"https:\/\/thevintagetraveler.com\/en\/"},{"@type":"ListItem","position":2,"name":"Shop","item":"https:\/\/thevintagetraveler.com\/shop\/"},{"@type":"ListItem","position":3,"name":"Collier Van Cleef &#038; Arpels Magic"}]},{"@type":"WebSite","@id":"https:\/\/thevintagetraveler.com\/en\/#website","url":"https:\/\/thevintagetraveler.com\/en\/","name":"TheVintageTraveler","description":"Luxury experts in Louis Vuitton, Chanel &amp; Herm\u00e8s","publisher":{"@id":"https:\/\/thevintagetraveler.com\/en\/#organization"},"potentialAction":[{"@type":"SearchAction","target":{"@type":"EntryPoint","urlTemplate":"https:\/\/thevintagetraveler.com\/en\/?s={search_term_string}"},"query-input":{"@type":"PropertyValueSpecification","valueRequired":true,"valueName":"search_term_string"}}],"inLanguage":"en-US"},{"@type":"Organization","@id":"https:\/\/thevintagetraveler.com\/en\/#organization","name":"TheVintageTraveler","url":"https:\/\/thevintagetraveler.com\/en\/","logo":{"@type":"ImageObject","inLanguage":"en-US","@id":"https:\/\/thevintagetraveler.com\/en\/#\/schema\/logo\/image\/","url":"https:\/\/thevintagetraveler.com\/wp-content\/uploads\/2025\/04\/LOGO-THE-VINTAGE-TRAVELER-FINAL-e1745392697678.png","contentUrl":"https:\/\/thevintagetraveler.com\/wp-content\/uploads\/2025\/04\/LOGO-THE-VINTAGE-TRAVELER-FINAL-e1745392697678.png","width":798,"height":318,"caption":"TheVintageTraveler"},"image":{"@id":"https:\/\/thevintagetraveler.com\/en\/#\/schema\/logo\/image\/"},"sameAs":["https:\/\/www.facebook.com\/TheVintageTravelerFR\/","https:\/\/www.instagram.com\/the_vintagetraveler"]}]}},"_links":{"self":[{"href":"https:\/\/thevintagetraveler.com\/en\/wp-json\/wp\/v2\/product\/9175","targetHints":{"allow":["GET"]}}],"collection":[{"href":"https:\/\/thevintagetraveler.com\/en\/wp-json\/wp\/v2\/product"}],"about":[{"href":"https:\/\/thevintagetraveler.com\/en\/wp-json\/wp\/v2\/types\/product"}],"wp:featuredmedia":[{"embeddable":true,"href":"https:\/\/thevintagetraveler.com\/en\/wp-json\/wp\/v2\/media\/9180"}],"wp:attachment":[{"href":"https:\/\/thevintagetraveler.com\/en\/wp-json\/wp\/v2\/media?parent=9175"}],"wp:term":[{"taxonomy":"product_brand","embeddable":true,"href":"https:\/\/thevintagetraveler.com\/en\/wp-json\/wp\/v2\/product_brand?post=9175"},{"taxonomy":"product_cat","embeddable":true,"href":"https:\/\/thevintagetraveler.com\/en\/wp-json\/wp\/v2\/product_cat?post=9175"},{"taxonomy":"product_tag","embeddable":true,"href":"https:\/\/thevintagetraveler.com\/en\/wp-json\/wp\/v2\/product_tag?post=9175"}],"curies":[{"name":"wp","href":"https:\/\/api.w.org\/{rel}","templated":true}]}}