{"id":9225,"date":"2026-05-15T16:24:57","date_gmt":"2026-05-15T14:24:57","guid":{"rendered":"https:\/\/thevintagetraveler.com\/?post_type=product&#038;p=9225"},"modified":"2026-05-15T16:36:19","modified_gmt":"2026-05-15T14:36:19","slug":"collier-van-cleef-magic-alhambra-onyx-or-jaune","status":"publish","type":"product","link":"https:\/\/thevintagetraveler.com\/en\/produit\/collier-van-cleef-magic-alhambra-onyx-or-jaune\/","title":{"rendered":"Collier Van Cleef &#038; Arpels Magic Onyx &#038; Or Jaune"},"content":{"rendered":"<h2 data-section-id=\"12izhny\" data-start=\"688\" data-end=\"769\">Collier <span class=\"hover:entity-accent entity-underline inline cursor-pointer align-baseline\"><span class=\"whitespace-normal\">Van Cleef &amp; Arpels<\/span><\/span> Magic Alhambra \u2013 Or Jaune &amp; Onyx<\/h2>\n<p data-start=\"771\" data-end=\"980\">Ce <strong data-start=\"774\" data-end=\"839\">collier Van Cleef &amp; Arpels Magic Alhambra en or jaune et onyx<\/strong>, propos\u00e9 en <strong data-start=\"852\" data-end=\"870\">excellent \u00e9tat<\/strong>, incarne parfaitement l\u2019\u00e9l\u00e9gance intemporelle et le raffinement embl\u00e9matique de la maison Van Cleef &amp; Arpels.<\/p>\n<p data-start=\"982\" data-end=\"1141\">Le mod\u00e8le <strong data-start=\"992\" data-end=\"1010\">Magic Alhambra<\/strong> est l\u2019une des cr\u00e9ations les plus iconiques de la joaillerie contemporaine, reconnu pour son motif inspir\u00e9 du tr\u00e8fle porte-bonheur.<\/p>\n<p data-start=\"1143\" data-end=\"1300\">\ud83d\udcd0 <strong data-start=\"1146\" data-end=\"1180\">Longueur de la cha\u00eene : 90 cm.<\/strong><br data-start=\"1180\" data-end=\"1183\" \/>Une longueur g\u00e9n\u00e9reuse et \u00e9l\u00e9gante permettant un port\u00e9 long sophistiqu\u00e9, id\u00e9al pour sublimer le motif Magic <a href=\"https:\/\/thevintagetraveler.com\/produit\/collier-van-cleef-or-blanc-nacre\/\">Alhambra<\/a>.<\/p>\n<hr data-start=\"1302\" data-end=\"1305\" \/>\n<h2 data-section-id=\"32ezm4\" data-start=\"1307\" data-end=\"1367\">La collection Magic Alhambra : une ic\u00f4ne de la joaillerie<\/h2>\n<p data-start=\"1369\" data-end=\"1435\">La ligne <strong data-start=\"1378\" data-end=\"1396\">Magic Alhambra<\/strong> est particuli\u00e8rement recherch\u00e9e pour :<\/p>\n<ul data-start=\"1437\" data-end=\"1582\">\n<li data-section-id=\"j0k8jq\" data-start=\"1437\" data-end=\"1472\">Ses motifs g\u00e9n\u00e9reux et \u00e9l\u00e9gants<\/li>\n<li data-section-id=\"8zgvyv\" data-start=\"1473\" data-end=\"1498\">Son design intemporel<\/li>\n<li data-section-id=\"10dbn20\" data-start=\"1499\" data-end=\"1539\">Sa forte d\u00e9sirabilit\u00e9 internationale<\/li>\n<li data-section-id=\"11f2unv\" data-start=\"1540\" data-end=\"1582\">Son style imm\u00e9diatement reconnaissable<\/li>\n<\/ul>\n<p data-start=\"1584\" data-end=\"1650\">Elle repr\u00e9sente l\u2019un des plus grands succ\u00e8s de Van Cleef &amp; Arpels.<\/p>\n<hr data-start=\"1652\" data-end=\"1655\" \/>\n<h2 data-section-id=\"p985ft\" data-start=\"1657\" data-end=\"1700\">Or jaune &amp; onyx : contraste embl\u00e9matique<\/h2>\n<ul data-start=\"1702\" data-end=\"1855\">\n<li data-section-id=\"1g3plsa\" data-start=\"1702\" data-end=\"1742\"><strong data-start=\"1704\" data-end=\"1716\">Or jaune<\/strong>, chaleureux et lumineux<\/li>\n<li data-section-id=\"1w4z9i7\" data-start=\"1743\" data-end=\"1792\"><strong data-start=\"1745\" data-end=\"1766\">Onyx noir profond<\/strong>, \u00e9l\u00e9gant et sophistiqu\u00e9<\/li>\n<li data-section-id=\"1qbhhia\" data-start=\"1793\" data-end=\"1829\">Contraste iconique et intemporel<\/li>\n<li data-section-id=\"1ofx5zm\" data-start=\"1830\" data-end=\"1855\">Style chic et raffin\u00e9<\/li>\n<\/ul>\n<p data-start=\"1857\" data-end=\"1964\">L\u2019association onyx et or jaune fait partie des combinaisons les plus recherch\u00e9es de la collection Alhambra.<\/p>\n<hr data-start=\"1966\" data-end=\"1969\" \/>\n<h2 data-section-id=\"5r7msm\" data-start=\"1971\" data-end=\"1993\">\u00c9tat &amp; conservation<\/h2>\n<ul data-start=\"1995\" data-end=\"2111\">\n<li data-section-id=\"mnd2xe\" data-start=\"1995\" data-end=\"2025\"><strong data-start=\"1997\" data-end=\"2023\">Excellent \u00e9tat g\u00e9n\u00e9ral<\/strong><\/li>\n<li data-section-id=\"dwrxqu\" data-start=\"2026\" data-end=\"2074\">Tr\u00e8s belle conservation de l\u2019or et de l\u2019onyx<\/li>\n<li data-section-id=\"a0jfja\" data-start=\"2075\" data-end=\"2111\">Pr\u00e9sentation \u00e9l\u00e9gante et soign\u00e9e<\/li>\n<\/ul>\n<hr data-start=\"2113\" data-end=\"2116\" \/>\n<h2 data-section-id=\"jzf6bh\" data-start=\"2118\" data-end=\"2148\">Caract\u00e9ristiques du produit<\/h2>\n<ul data-start=\"2150\" data-end=\"2444\">\n<li data-section-id=\"r1h4ve\" data-start=\"2150\" data-end=\"2185\"><strong data-start=\"2152\" data-end=\"2164\">Maison :<\/strong> Van Cleef &amp; Arpels<\/li>\n<li data-section-id=\"p9pagt\" data-start=\"2186\" data-end=\"2221\"><strong data-start=\"2188\" data-end=\"2204\">Collection :<\/strong> Magic Alhambra<\/li>\n<li data-section-id=\"6e69yw\" data-start=\"2222\" data-end=\"2244\"><strong data-start=\"2224\" data-end=\"2234\">Type :<\/strong> Collier<\/li>\n<li data-section-id=\"1y12pua\" data-start=\"2245\" data-end=\"2278\"><strong data-start=\"2247\" data-end=\"2260\">Mati\u00e8re :<\/strong> Or jaune &amp; onyx<\/li>\n<li data-section-id=\"duisko\" data-start=\"2279\" data-end=\"2303\"><strong data-start=\"2281\" data-end=\"2295\">Longueur :<\/strong> 90 cm<\/li>\n<li data-section-id=\"vrp7xy\" data-start=\"2304\" data-end=\"2333\"><strong data-start=\"2306\" data-end=\"2316\">\u00c9tat :<\/strong> Excellent \u00e9tat<\/li>\n<li data-section-id=\"1oxs2av\" data-start=\"2334\" data-end=\"2385\"><strong data-start=\"2336\" data-end=\"2347\">Usage :<\/strong> Joaillerie \u00b7 Collection \u00b7 Quotidien<\/li>\n<li data-section-id=\"1vltg8x\" data-start=\"2386\" data-end=\"2444\"><strong data-start=\"2388\" data-end=\"2410\">Authentification :<\/strong> Certifi\u00e9 par TheVintageTraveler<\/li>\n<\/ul>\n<hr data-start=\"2446\" data-end=\"2449\" \/>\n<h2 data-section-id=\"w12752\" data-start=\"2451\" data-end=\"2504\">Pourquoi ce collier Magic Alhambra est recherch\u00e9 ?<\/h2>\n<p data-start=\"2506\" data-end=\"2679\">\u2714 Collection iconique Van Cleef<br data-start=\"2537\" data-end=\"2540\" \/>\u2714 Association onyx &amp; or jaune embl\u00e9matique<br data-start=\"2582\" data-end=\"2585\" \/>\u2714 Longueur 90 cm \u00e9l\u00e9gante<br data-start=\"2610\" data-end=\"2613\" \/>\u2714 Forte valeur patrimoniale<br data-start=\"2640\" data-end=\"2643\" \/>\u2714 Pi\u00e8ce intemporelle de joaillerie<\/p>\n<p data-start=\"2681\" data-end=\"2781\">Les colliers Magic Alhambra figurent parmi les cr\u00e9ations les plus recherch\u00e9es de Van Cleef &amp; Arpels.<\/p>\n<hr data-start=\"2783\" data-end=\"2786\" \/>\n<h2 data-section-id=\"u0gzzz\" data-start=\"2788\" data-end=\"2829\">Un investissement joaillier intemporel<\/h2>\n<p data-start=\"2831\" data-end=\"2890\">Ce <strong data-start=\"2834\" data-end=\"2877\">collier Magic Alhambra onyx et or jaune<\/strong> repr\u00e9sente :<\/p>\n<ul data-start=\"2892\" data-end=\"3061\">\n<li data-section-id=\"1vkv7op\" data-start=\"2892\" data-end=\"2941\">Une pi\u00e8ce embl\u00e9matique de la haute joaillerie<\/li>\n<li data-section-id=\"2zwak4\" data-start=\"2942\" data-end=\"2983\">Une forte d\u00e9sirabilit\u00e9 internationale<\/li>\n<li data-section-id=\"lindjv\" data-start=\"2984\" data-end=\"3018\">Un bijou intemporel et raffin\u00e9<\/li>\n<li data-section-id=\"1bire3m\" data-start=\"3019\" data-end=\"3061\">Un investissement durable dans le luxe<\/li>\n<\/ul>\n<hr data-start=\"3063\" data-end=\"3066\" \/>\n<h2 data-section-id=\"8dtpi\" data-start=\"3068\" data-end=\"3081\">Conclusion<\/h2>\n<p data-start=\"3083\" data-end=\"3297\" data-is-last-node=\"\" data-is-only-node=\"\">Ce <strong data-start=\"3086\" data-end=\"3151\">collier Van Cleef &amp; Arpels Magic Alhambra en or jaune et onyx<\/strong>, en <strong data-start=\"3156\" data-end=\"3174\">excellent \u00e9tat<\/strong>, est une <strong data-start=\"3184\" data-end=\"3214\">pi\u00e8ce iconique et \u00e9l\u00e9gante<\/strong>, id\u00e9ale pour les amateurs de <strong data-start=\"3244\" data-end=\"3296\">joaillerie de luxe intemporelle et de collection<\/strong>.<\/p>\n<p>Suivez &#8211; nous sur <a href=\"https:\/\/www.facebook.com\/TheVintageTravelerFR\">Facebook<\/a> et <a href=\"https:\/\/www.instagram.com\/the_vintagetraveler\/?igsh=aXdsbDJkdnpwZjcx#\">Instagram<\/a><\/p>\n","protected":false},"excerpt":{"rendered":"<p>Collier Van Cleef &amp; Arpels Magic Alhambra en or jaune et onyx. Excellent \u00e9tat.<\/p>\n","protected":false},"featured_media":9227,"template":"","meta":[],"product_brand":[],"product_cat":[123,197,140],"product_tag":[330],"class_list":{"0":"post-9225","1":"product","2":"type-product","3":"status-publish","4":"has-post-thumbnail","6":"product_cat-bijoux-de-luxe-vintage","7":"product_cat-bijoux-de-luxe","8":"product_cat-nouveautes","9":"product_tag-vancleef","11":"first","12":"instock","13":"sold-individually","14":"shipping-taxable","15":"purchasable","16":"product-type-simple"},"yoast_head":"<!-- This site is optimized with the Yoast SEO plugin v27.1.1 - https:\/\/yoast.com\/product\/yoast-seo-wordpress\/ -->\n<title>Magic Alhambra Onyx Or Jaune | Van Cleef &amp; Arpels<\/title>\n<meta name=\"description\" content=\"Collier Van Cleef &amp; Arpels Magic Alhambra en or jaune et onyx. Excellent \u00e9tat. Pi\u00e8ce iconique de joaillerie.\" \/>\n<meta name=\"robots\" content=\"index, follow, max-snippet:-1, max-image-preview:large, max-video-preview:-1\" \/>\n<link rel=\"canonical\" href=\"https:\/\/thevintagetraveler.com\/en\/produit\/collier-van-cleef-magic-alhambra-onyx-or-jaune\/\" \/>\n<meta property=\"og:locale\" content=\"en_US\" \/>\n<meta property=\"og:type\" content=\"article\" \/>\n<meta property=\"og:title\" content=\"Magic Alhambra Onyx Or Jaune | Van Cleef &amp; Arpels\" \/>\n<meta property=\"og:description\" content=\"Collier Van Cleef &amp; Arpels Magic Alhambra en or jaune et onyx. Excellent \u00e9tat. Pi\u00e8ce iconique de joaillerie.\" \/>\n<meta property=\"og:url\" content=\"https:\/\/thevintagetraveler.com\/en\/produit\/collier-van-cleef-magic-alhambra-onyx-or-jaune\/\" \/>\n<meta property=\"og:site_name\" content=\"TheVintageTraveler\" \/>\n<meta property=\"article:publisher\" content=\"https:\/\/www.facebook.com\/TheVintageTravelerFR\/\" \/>\n<meta property=\"article:modified_time\" content=\"2026-05-15T14:36:19+00:00\" \/>\n<meta property=\"og:image\" content=\"https:\/\/thevintagetraveler.com\/wp-content\/uploads\/2026\/05\/image00016-1.jpeg\" \/>\n\t<meta property=\"og:image:width\" content=\"1512\" \/>\n\t<meta property=\"og:image:height\" content=\"2016\" \/>\n\t<meta property=\"og:image:type\" content=\"image\/jpeg\" \/>\n<meta name=\"twitter:card\" content=\"summary_large_image\" \/>\n<meta name=\"twitter:label1\" content=\"Est. reading time\" \/>\n\t<meta name=\"twitter:data1\" content=\"2 minutes\" \/>\n<script type=\"application\/ld+json\" class=\"yoast-schema-graph\">{\"@context\":\"https:\/\/schema.org\",\"@graph\":[{\"@type\":\"WebPage\",\"@id\":\"https:\/\/thevintagetraveler.com\/en\/produit\/collier-van-cleef-magic-alhambra-onyx-or-jaune\/\",\"url\":\"https:\/\/thevintagetraveler.com\/en\/produit\/collier-van-cleef-magic-alhambra-onyx-or-jaune\/\",\"name\":\"Magic Alhambra Onyx Or Jaune | Van Cleef & Arpels\",\"isPartOf\":{\"@id\":\"https:\/\/thevintagetraveler.com\/en\/#website\"},\"primaryImageOfPage\":{\"@id\":\"https:\/\/thevintagetraveler.com\/en\/produit\/collier-van-cleef-magic-alhambra-onyx-or-jaune\/#primaryimage\"},\"image\":{\"@id\":\"https:\/\/thevintagetraveler.com\/en\/produit\/collier-van-cleef-magic-alhambra-onyx-or-jaune\/#primaryimage\"},\"thumbnailUrl\":\"https:\/\/thevintagetraveler.com\/wp-content\/uploads\/2026\/05\/image00016-1.jpeg\",\"datePublished\":\"2026-05-15T14:24:57+00:00\",\"dateModified\":\"2026-05-15T14:36:19+00:00\",\"description\":\"Collier Van Cleef & Arpels Magic Alhambra en or jaune et onyx. Excellent \u00e9tat. Pi\u00e8ce iconique de joaillerie.\",\"breadcrumb\":{\"@id\":\"https:\/\/thevintagetraveler.com\/en\/produit\/collier-van-cleef-magic-alhambra-onyx-or-jaune\/#breadcrumb\"},\"inLanguage\":\"en-US\",\"potentialAction\":[{\"@type\":\"ReadAction\",\"target\":[\"https:\/\/thevintagetraveler.com\/en\/produit\/collier-van-cleef-magic-alhambra-onyx-or-jaune\/\"]}]},{\"@type\":\"ImageObject\",\"inLanguage\":\"en-US\",\"@id\":\"https:\/\/thevintagetraveler.com\/en\/produit\/collier-van-cleef-magic-alhambra-onyx-or-jaune\/#primaryimage\",\"url\":\"https:\/\/thevintagetraveler.com\/wp-content\/uploads\/2026\/05\/image00016-1.jpeg\",\"contentUrl\":\"https:\/\/thevintagetraveler.com\/wp-content\/uploads\/2026\/05\/image00016-1.jpeg\",\"width\":1512,\"height\":2016,\"caption\":\"collier Van Cleef Magic Alhambra onyx or jaune\"},{\"@type\":\"BreadcrumbList\",\"@id\":\"https:\/\/thevintagetraveler.com\/en\/produit\/collier-van-cleef-magic-alhambra-onyx-or-jaune\/#breadcrumb\",\"itemListElement\":[{\"@type\":\"ListItem\",\"position\":1,\"name\":\"Accueil\",\"item\":\"https:\/\/thevintagetraveler.com\/en\/\"},{\"@type\":\"ListItem\",\"position\":2,\"name\":\"Shop\",\"item\":\"https:\/\/thevintagetraveler.com\/shop\/\"},{\"@type\":\"ListItem\",\"position\":3,\"name\":\"Collier Van Cleef &#038; Arpels Magic Onyx &#038; Or Jaune\"}]},{\"@type\":\"WebSite\",\"@id\":\"https:\/\/thevintagetraveler.com\/en\/#website\",\"url\":\"https:\/\/thevintagetraveler.com\/en\/\",\"name\":\"TheVintageTraveler\",\"description\":\"Luxury experts in Louis Vuitton, Chanel &amp; Herm\u00e8s\",\"publisher\":{\"@id\":\"https:\/\/thevintagetraveler.com\/en\/#organization\"},\"potentialAction\":[{\"@type\":\"SearchAction\",\"target\":{\"@type\":\"EntryPoint\",\"urlTemplate\":\"https:\/\/thevintagetraveler.com\/en\/?s={search_term_string}\"},\"query-input\":{\"@type\":\"PropertyValueSpecification\",\"valueRequired\":true,\"valueName\":\"search_term_string\"}}],\"inLanguage\":\"en-US\"},{\"@type\":\"Organization\",\"@id\":\"https:\/\/thevintagetraveler.com\/en\/#organization\",\"name\":\"TheVintageTraveler\",\"url\":\"https:\/\/thevintagetraveler.com\/en\/\",\"logo\":{\"@type\":\"ImageObject\",\"inLanguage\":\"en-US\",\"@id\":\"https:\/\/thevintagetraveler.com\/en\/#\/schema\/logo\/image\/\",\"url\":\"https:\/\/thevintagetraveler.com\/wp-content\/uploads\/2025\/04\/LOGO-THE-VINTAGE-TRAVELER-FINAL-e1745392697678.png\",\"contentUrl\":\"https:\/\/thevintagetraveler.com\/wp-content\/uploads\/2025\/04\/LOGO-THE-VINTAGE-TRAVELER-FINAL-e1745392697678.png\",\"width\":798,\"height\":318,\"caption\":\"TheVintageTraveler\"},\"image\":{\"@id\":\"https:\/\/thevintagetraveler.com\/en\/#\/schema\/logo\/image\/\"},\"sameAs\":[\"https:\/\/www.facebook.com\/TheVintageTravelerFR\/\",\"https:\/\/www.instagram.com\/the_vintagetraveler\"]}]}<\/script>\n<!-- \/ Yoast SEO plugin. -->","yoast_head_json":{"title":"Magic Alhambra Onyx Or Jaune | Van Cleef & Arpels","description":"Collier Van Cleef & Arpels Magic Alhambra en or jaune et onyx. Excellent \u00e9tat. Pi\u00e8ce iconique de joaillerie.","robots":{"index":"index","follow":"follow","max-snippet":"max-snippet:-1","max-image-preview":"max-image-preview:large","max-video-preview":"max-video-preview:-1"},"canonical":"https:\/\/thevintagetraveler.com\/en\/produit\/collier-van-cleef-magic-alhambra-onyx-or-jaune\/","og_locale":"en_US","og_type":"article","og_title":"Magic Alhambra Onyx Or Jaune | Van Cleef & Arpels","og_description":"Collier Van Cleef & Arpels Magic Alhambra en or jaune et onyx. Excellent \u00e9tat. Pi\u00e8ce iconique de joaillerie.","og_url":"https:\/\/thevintagetraveler.com\/en\/produit\/collier-van-cleef-magic-alhambra-onyx-or-jaune\/","og_site_name":"TheVintageTraveler","article_publisher":"https:\/\/www.facebook.com\/TheVintageTravelerFR\/","article_modified_time":"2026-05-15T14:36:19+00:00","og_image":[{"width":1512,"height":2016,"url":"https:\/\/thevintagetraveler.com\/wp-content\/uploads\/2026\/05\/image00016-1.jpeg","type":"image\/jpeg"}],"twitter_card":"summary_large_image","twitter_misc":{"Est. reading time":"2 minutes"},"schema":{"@context":"https:\/\/schema.org","@graph":[{"@type":"WebPage","@id":"https:\/\/thevintagetraveler.com\/en\/produit\/collier-van-cleef-magic-alhambra-onyx-or-jaune\/","url":"https:\/\/thevintagetraveler.com\/en\/produit\/collier-van-cleef-magic-alhambra-onyx-or-jaune\/","name":"Magic Alhambra Onyx Or Jaune | Van Cleef & Arpels","isPartOf":{"@id":"https:\/\/thevintagetraveler.com\/en\/#website"},"primaryImageOfPage":{"@id":"https:\/\/thevintagetraveler.com\/en\/produit\/collier-van-cleef-magic-alhambra-onyx-or-jaune\/#primaryimage"},"image":{"@id":"https:\/\/thevintagetraveler.com\/en\/produit\/collier-van-cleef-magic-alhambra-onyx-or-jaune\/#primaryimage"},"thumbnailUrl":"https:\/\/thevintagetraveler.com\/wp-content\/uploads\/2026\/05\/image00016-1.jpeg","datePublished":"2026-05-15T14:24:57+00:00","dateModified":"2026-05-15T14:36:19+00:00","description":"Collier Van Cleef & Arpels Magic Alhambra en or jaune et onyx. Excellent \u00e9tat. Pi\u00e8ce iconique de joaillerie.","breadcrumb":{"@id":"https:\/\/thevintagetraveler.com\/en\/produit\/collier-van-cleef-magic-alhambra-onyx-or-jaune\/#breadcrumb"},"inLanguage":"en-US","potentialAction":[{"@type":"ReadAction","target":["https:\/\/thevintagetraveler.com\/en\/produit\/collier-van-cleef-magic-alhambra-onyx-or-jaune\/"]}]},{"@type":"ImageObject","inLanguage":"en-US","@id":"https:\/\/thevintagetraveler.com\/en\/produit\/collier-van-cleef-magic-alhambra-onyx-or-jaune\/#primaryimage","url":"https:\/\/thevintagetraveler.com\/wp-content\/uploads\/2026\/05\/image00016-1.jpeg","contentUrl":"https:\/\/thevintagetraveler.com\/wp-content\/uploads\/2026\/05\/image00016-1.jpeg","width":1512,"height":2016,"caption":"collier Van Cleef Magic Alhambra onyx or jaune"},{"@type":"BreadcrumbList","@id":"https:\/\/thevintagetraveler.com\/en\/produit\/collier-van-cleef-magic-alhambra-onyx-or-jaune\/#breadcrumb","itemListElement":[{"@type":"ListItem","position":1,"name":"Accueil","item":"https:\/\/thevintagetraveler.com\/en\/"},{"@type":"ListItem","position":2,"name":"Shop","item":"https:\/\/thevintagetraveler.com\/shop\/"},{"@type":"ListItem","position":3,"name":"Collier Van Cleef &#038; Arpels Magic Onyx &#038; Or Jaune"}]},{"@type":"WebSite","@id":"https:\/\/thevintagetraveler.com\/en\/#website","url":"https:\/\/thevintagetraveler.com\/en\/","name":"TheVintageTraveler","description":"Luxury experts in Louis Vuitton, Chanel &amp; Herm\u00e8s","publisher":{"@id":"https:\/\/thevintagetraveler.com\/en\/#organization"},"potentialAction":[{"@type":"SearchAction","target":{"@type":"EntryPoint","urlTemplate":"https:\/\/thevintagetraveler.com\/en\/?s={search_term_string}"},"query-input":{"@type":"PropertyValueSpecification","valueRequired":true,"valueName":"search_term_string"}}],"inLanguage":"en-US"},{"@type":"Organization","@id":"https:\/\/thevintagetraveler.com\/en\/#organization","name":"TheVintageTraveler","url":"https:\/\/thevintagetraveler.com\/en\/","logo":{"@type":"ImageObject","inLanguage":"en-US","@id":"https:\/\/thevintagetraveler.com\/en\/#\/schema\/logo\/image\/","url":"https:\/\/thevintagetraveler.com\/wp-content\/uploads\/2025\/04\/LOGO-THE-VINTAGE-TRAVELER-FINAL-e1745392697678.png","contentUrl":"https:\/\/thevintagetraveler.com\/wp-content\/uploads\/2025\/04\/LOGO-THE-VINTAGE-TRAVELER-FINAL-e1745392697678.png","width":798,"height":318,"caption":"TheVintageTraveler"},"image":{"@id":"https:\/\/thevintagetraveler.com\/en\/#\/schema\/logo\/image\/"},"sameAs":["https:\/\/www.facebook.com\/TheVintageTravelerFR\/","https:\/\/www.instagram.com\/the_vintagetraveler"]}]}},"_links":{"self":[{"href":"https:\/\/thevintagetraveler.com\/en\/wp-json\/wp\/v2\/product\/9225","targetHints":{"allow":["GET"]}}],"collection":[{"href":"https:\/\/thevintagetraveler.com\/en\/wp-json\/wp\/v2\/product"}],"about":[{"href":"https:\/\/thevintagetraveler.com\/en\/wp-json\/wp\/v2\/types\/product"}],"wp:featuredmedia":[{"embeddable":true,"href":"https:\/\/thevintagetraveler.com\/en\/wp-json\/wp\/v2\/media\/9227"}],"wp:attachment":[{"href":"https:\/\/thevintagetraveler.com\/en\/wp-json\/wp\/v2\/media?parent=9225"}],"wp:term":[{"taxonomy":"product_brand","embeddable":true,"href":"https:\/\/thevintagetraveler.com\/en\/wp-json\/wp\/v2\/product_brand?post=9225"},{"taxonomy":"product_cat","embeddable":true,"href":"https:\/\/thevintagetraveler.com\/en\/wp-json\/wp\/v2\/product_cat?post=9225"},{"taxonomy":"product_tag","embeddable":true,"href":"https:\/\/thevintagetraveler.com\/en\/wp-json\/wp\/v2\/product_tag?post=9225"}],"curies":[{"name":"wp","href":"https:\/\/api.w.org\/{rel}","templated":true}]}}